{"id":1558,"date":"2023-09-30T17:06:09","date_gmt":"2023-09-30T14:06:09","guid":{"rendered":"https:\/\/santamonica.lv\/about-us\/"},"modified":"2025-04-10T18:11:44","modified_gmt":"2025-04-10T15:11:44","slug":"about-us","status":"publish","type":"page","link":"https:\/\/santamonica.lv\/en\/about-us\/","title":{"rendered":"About us"},"content":{"rendered":"\n<div class=\"wp-block-columns is-layout-flex wp-container-core-columns-is-layout-9d6595d7 wp-block-columns-is-layout-flex\">\n<div class=\"wp-block-column is-vertically-aligned-top is-layout-flow wp-block-column-is-layout-flow\">\n<p>Santa Monica was founded in Kamien Pomorski city, Poland, in 1989. Its founders included Dr. Donsbach from San Diego, Professor Lindahl from Link\u00f6ping University Hospital, and the Polish government.<\/p>\n\n\n\n<p>The initiative for establishing this clinic came from Per Rabe and G\u00f6ran Asp, who were both involved with Hela Pharma AB, one of the leading dietary supplement manufacturers in Sweden. Dr. Donsbach was a prominent figure in holistic medicine in the United States, while Professor Lindahl was a leading figure in integrative medicine in Sweden. Santa Monica had close collaboration with Professor Bj\u00f6rn Nordenstr\u00f6m from the Karolinska Hospital in Stockholm, who invented Electrochemical Treatment (ECT) for cancer, now widely used worldwide. In 2007, Santa Monica relocated to Falun, Sweden. The clinic had close cooperation with Professor \u00d6kerman and Dr. Henning Saupe, along with other leading specialists in Europe in this field. Professor \u00d6kerman is a prominent figure in integrative medicine in Sweden.\n<\/p>\n\n\n\n<p>Dr. Henning Saupe owns Arcadia clinic and is one of the leading figures in integrated cancer treatment in Europe. He is a partner of Santa Monica and successfully runs his clinic in Germany.<\/p>\n\n\n\n<p>On February 21, 2023, following G\u00f6ran Asp&#8217;s initiative, Santa Monica Clinic was relocated to a beautiful and serene location in the North of Latvia, in Nauks\u0113ni.<\/p>\n\n\n\n<p>Based on well-established experience and modern scientific discoveries, we have developed our treatment programs aimed at stimulating and restoring the body&#8217;s self-healing abilities.<\/p>\n\n\n\n<p>We employ integrative medicine methods, taking examples from leading clinics in Europe.<\/p>\n<\/div>\n\n\n\n<div class=\"wp-block-column is-layout-flow wp-block-column-is-layout-flow\">\n<figure class=\"wp-block-embed is-type-video is-provider-youtube wp-block-embed-youtube wp-embed-aspect-16-9 wp-has-aspect-ratio\"><div class=\"wp-block-embed__wrapper\">\n<iframe loading=\"lazy\" title=\"Private clinic &quot;Santa Monica&quot; - cancer treatment with innovative methods  in Latvia\" width=\"720\" height=\"405\" src=\"https:\/\/www.youtube.com\/embed\/tsvxjmlYRfc?feature=oembed\" frameborder=\"0\" allow=\"accelerometer; autoplay; clipboard-write; encrypted-media; gyroscope; picture-in-picture; web-share\" referrerpolicy=\"strict-origin-when-cross-origin\" allowfullscreen><\/iframe>\n<\/div><figcaption class=\"wp-element-caption\">ReTV plot about &#8220;Santa Monica&#8221; &#8211; a private clinic which is focusing on cancer treatment with integrative systems and methods.<\/figcaption><\/figure>\n\n\n\n<figure class=\"wp-block-embed is-type-video is-provider-youtube wp-block-embed-youtube wp-embed-aspect-16-9 wp-has-aspect-ratio\"><div class=\"wp-block-embed__wrapper\">\n<iframe loading=\"lazy\" title=\"Santa Monica kl\u012bnika\" width=\"720\" height=\"405\" src=\"https:\/\/www.youtube.com\/embed\/Lfc0OyD0Wh8?feature=oembed\" frameborder=\"0\" allow=\"accelerometer; autoplay; clipboard-write; encrypted-media; gyroscope; picture-in-picture; web-share\" referrerpolicy=\"strict-origin-when-cross-origin\" allowfullscreen><\/iframe>\n<\/div><\/figure>\n\n\n\n<figure class=\"wp-block-embed is-type-video is-provider-youtube wp-block-embed-youtube wp-embed-aspect-16-9 wp-has-aspect-ratio\"><div class=\"wp-block-embed__wrapper\">\n<iframe loading=\"lazy\" title=\"Kl\u012bnika &quot;Santa Monica&quot; - Nauk\u0161\u0113nu mui\u017ea un parks\" width=\"720\" height=\"405\" src=\"https:\/\/www.youtube.com\/embed\/gxEV2-SRNXY?feature=oembed\" frameborder=\"0\" allow=\"accelerometer; autoplay; clipboard-write; encrypted-media; gyroscope; picture-in-picture; web-share\" referrerpolicy=\"strict-origin-when-cross-origin\" allowfullscreen><\/iframe>\n<\/div><\/figure>\n<\/div>\n<\/div>\n","protected":false},"excerpt":{"rendered":"<p>Santa Monica was founded in Kamien Pomorski city, Poland, in 1989. Its founders included Dr. Donsbach from San Diego, Professor Lindahl from Link\u00f6ping University Hospital, and the Polish government. The initiative for establishing this clinic came from Per Rabe and G\u00f6ran Asp, who were both involved with Hela Pharma AB, one of the leading dietary&#8230;<\/p>\n","protected":false},"author":1,"featured_media":0,"parent":0,"menu_order":0,"comment_status":"closed","ping_status":"closed","template":"","meta":{"_acf_changed":false,"_uag_custom_page_level_css":"","_kadence_starter_templates_imported_post":false,"_kad_post_transparent":"","_kad_post_title":"","_kad_post_layout":"","_kad_post_sidebar_id":"","_kad_post_content_style":"","_kad_post_vertical_padding":"","_kad_post_feature":"","_kad_post_feature_position":"","_kad_post_header":false,"_kad_post_footer":false,"footnotes":""},"class_list":["post-1558","page","type-page","status-publish","hentry"],"acf":[],"yoast_head":"<!-- This site is optimized with the Yoast SEO plugin v26.4 - https:\/\/yoast.com\/wordpress\/plugins\/seo\/ -->\n<title>About us - Santa Monica<\/title>\n<meta name=\"robots\" content=\"index, follow, max-snippet:-1, max-image-preview:large, max-video-preview:-1\" \/>\n<link rel=\"canonical\" href=\"https:\/\/santamonica.lv\/en\/about-us\/\" \/>\n<meta property=\"og:locale\" content=\"en_US\" \/>\n<meta property=\"og:type\" content=\"article\" \/>\n<meta property=\"og:title\" content=\"About us - Santa Monica\" \/>\n<meta property=\"og:description\" content=\"Santa Monica was founded in Kamien Pomorski city, Poland, in 1989. Its founders included Dr. Donsbach from San Diego, Professor Lindahl from Link\u00f6ping University Hospital, and the Polish government. The initiative for establishing this clinic came from Per Rabe and G\u00f6ran Asp, who were both involved with Hela Pharma AB, one of the leading dietary...\" \/>\n<meta property=\"og:url\" content=\"https:\/\/santamonica.lv\/en\/about-us\/\" \/>\n<meta property=\"og:site_name\" content=\"Santa Monica\" \/>\n<meta property=\"article:publisher\" content=\"https:\/\/www.facebook.com\/klinikasantamonica\" \/>\n<meta property=\"article:modified_time\" content=\"2025-04-10T15:11:44+00:00\" \/>\n<meta name=\"twitter:card\" content=\"summary_large_image\" \/>\n<meta name=\"twitter:label1\" content=\"Est. reading time\" \/>\n\t<meta name=\"twitter:data1\" content=\"1 minute\" \/>\n<script type=\"application\/ld+json\" class=\"yoast-schema-graph\">{\"@context\":\"https:\/\/schema.org\",\"@graph\":[{\"@type\":\"WebPage\",\"@id\":\"https:\/\/santamonica.lv\/en\/about-us\/\",\"url\":\"https:\/\/santamonica.lv\/en\/about-us\/\",\"name\":\"About us - Santa Monica\",\"isPartOf\":{\"@id\":\"https:\/\/santamonica.lv\/en\/#website\"},\"datePublished\":\"2023-09-30T14:06:09+00:00\",\"dateModified\":\"2025-04-10T15:11:44+00:00\",\"breadcrumb\":{\"@id\":\"https:\/\/santamonica.lv\/en\/about-us\/#breadcrumb\"},\"inLanguage\":\"en-US\",\"potentialAction\":[{\"@type\":\"ReadAction\",\"target\":[\"https:\/\/santamonica.lv\/en\/about-us\/\"]}]},{\"@type\":\"BreadcrumbList\",\"@id\":\"https:\/\/santamonica.lv\/en\/about-us\/#breadcrumb\",\"itemListElement\":[{\"@type\":\"ListItem\",\"position\":1,\"name\":\"Home\",\"item\":\"https:\/\/santamonica.lv\/en\/home\/\"},{\"@type\":\"ListItem\",\"position\":2,\"name\":\"About us\"}]},{\"@type\":\"WebSite\",\"@id\":\"https:\/\/santamonica.lv\/en\/#website\",\"url\":\"https:\/\/santamonica.lv\/en\/\",\"name\":\"Santa Monica\",\"description\":\"\",\"publisher\":{\"@id\":\"https:\/\/santamonica.lv\/en\/#organization\"},\"potentialAction\":[{\"@type\":\"SearchAction\",\"target\":{\"@type\":\"EntryPoint\",\"urlTemplate\":\"https:\/\/santamonica.lv\/en\/?s={search_term_string}\"},\"query-input\":{\"@type\":\"PropertyValueSpecification\",\"valueRequired\":true,\"valueName\":\"search_term_string\"}}],\"inLanguage\":\"en-US\"},{\"@type\":\"Organization\",\"@id\":\"https:\/\/santamonica.lv\/en\/#organization\",\"name\":\"SIA Santa Monica\",\"url\":\"https:\/\/santamonica.lv\/en\/\",\"logo\":{\"@type\":\"ImageObject\",\"inLanguage\":\"en-US\",\"@id\":\"https:\/\/santamonica.lv\/en\/#\/schema\/logo\/image\/\",\"url\":\"https:\/\/santamonica.lv\/wp-content\/uploads\/2023\/07\/cropped-santa-monica-latvia.png\",\"contentUrl\":\"https:\/\/santamonica.lv\/wp-content\/uploads\/2023\/07\/cropped-santa-monica-latvia.png\",\"width\":280,\"height\":51,\"caption\":\"SIA Santa Monica\"},\"image\":{\"@id\":\"https:\/\/santamonica.lv\/en\/#\/schema\/logo\/image\/\"},\"sameAs\":[\"https:\/\/www.facebook.com\/klinikasantamonica\",\"https:\/\/www.instagram.com\/clinicsantamonica\/\",\"https:\/\/www.draugiem.lv\/santamonica\/\"]}]}<\/script>\n<!-- \/ Yoast SEO plugin. -->","yoast_head_json":{"title":"About us - Santa Monica","robots":{"index":"index","follow":"follow","max-snippet":"max-snippet:-1","max-image-preview":"max-image-preview:large","max-video-preview":"max-video-preview:-1"},"canonical":"https:\/\/santamonica.lv\/en\/about-us\/","og_locale":"en_US","og_type":"article","og_title":"About us - Santa Monica","og_description":"Santa Monica was founded in Kamien Pomorski city, Poland, in 1989. Its founders included Dr. Donsbach from San Diego, Professor Lindahl from Link\u00f6ping University Hospital, and the Polish government. The initiative for establishing this clinic came from Per Rabe and G\u00f6ran Asp, who were both involved with Hela Pharma AB, one of the leading dietary...","og_url":"https:\/\/santamonica.lv\/en\/about-us\/","og_site_name":"Santa Monica","article_publisher":"https:\/\/www.facebook.com\/klinikasantamonica","article_modified_time":"2025-04-10T15:11:44+00:00","twitter_card":"summary_large_image","twitter_misc":{"Est. reading time":"1 minute"},"schema":{"@context":"https:\/\/schema.org","@graph":[{"@type":"WebPage","@id":"https:\/\/santamonica.lv\/en\/about-us\/","url":"https:\/\/santamonica.lv\/en\/about-us\/","name":"About us - Santa Monica","isPartOf":{"@id":"https:\/\/santamonica.lv\/en\/#website"},"datePublished":"2023-09-30T14:06:09+00:00","dateModified":"2025-04-10T15:11:44+00:00","breadcrumb":{"@id":"https:\/\/santamonica.lv\/en\/about-us\/#breadcrumb"},"inLanguage":"en-US","potentialAction":[{"@type":"ReadAction","target":["https:\/\/santamonica.lv\/en\/about-us\/"]}]},{"@type":"BreadcrumbList","@id":"https:\/\/santamonica.lv\/en\/about-us\/#breadcrumb","itemListElement":[{"@type":"ListItem","position":1,"name":"Home","item":"https:\/\/santamonica.lv\/en\/home\/"},{"@type":"ListItem","position":2,"name":"About us"}]},{"@type":"WebSite","@id":"https:\/\/santamonica.lv\/en\/#website","url":"https:\/\/santamonica.lv\/en\/","name":"Santa Monica","description":"","publisher":{"@id":"https:\/\/santamonica.lv\/en\/#organization"},"potentialAction":[{"@type":"SearchAction","target":{"@type":"EntryPoint","urlTemplate":"https:\/\/santamonica.lv\/en\/?s={search_term_string}"},"query-input":{"@type":"PropertyValueSpecification","valueRequired":true,"valueName":"search_term_string"}}],"inLanguage":"en-US"},{"@type":"Organization","@id":"https:\/\/santamonica.lv\/en\/#organization","name":"SIA Santa Monica","url":"https:\/\/santamonica.lv\/en\/","logo":{"@type":"ImageObject","inLanguage":"en-US","@id":"https:\/\/santamonica.lv\/en\/#\/schema\/logo\/image\/","url":"https:\/\/santamonica.lv\/wp-content\/uploads\/2023\/07\/cropped-santa-monica-latvia.png","contentUrl":"https:\/\/santamonica.lv\/wp-content\/uploads\/2023\/07\/cropped-santa-monica-latvia.png","width":280,"height":51,"caption":"SIA Santa Monica"},"image":{"@id":"https:\/\/santamonica.lv\/en\/#\/schema\/logo\/image\/"},"sameAs":["https:\/\/www.facebook.com\/klinikasantamonica","https:\/\/www.instagram.com\/clinicsantamonica\/","https:\/\/www.draugiem.lv\/santamonica\/"]}]}},"uagb_featured_image_src":{"full":false,"thumbnail":false,"medium":false,"medium_large":false,"large":false,"1536x1536":false,"2048x2048":false,"woocommerce_thumbnail":false,"woocommerce_single":false,"woocommerce_gallery_thumbnail":false},"uagb_author_info":{"display_name":"admin","author_link":"https:\/\/santamonica.lv\/en\/author\/admin\/"},"uagb_comment_info":0,"uagb_excerpt":"Santa Monica was founded in Kamien Pomorski city, Poland, in 1989. Its founders included Dr. Donsbach from San Diego, Professor Lindahl from Link\u00f6ping University Hospital, and the Polish government. The initiative for establishing this clinic came from Per Rabe and G\u00f6ran Asp, who were both involved with Hela Pharma AB, one of the leading dietary...","_links":{"self":[{"href":"https:\/\/santamonica.lv\/en\/wp-json\/wp\/v2\/pages\/1558","targetHints":{"allow":["GET"]}}],"collection":[{"href":"https:\/\/santamonica.lv\/en\/wp-json\/wp\/v2\/pages"}],"about":[{"href":"https:\/\/santamonica.lv\/en\/wp-json\/wp\/v2\/types\/page"}],"author":[{"embeddable":true,"href":"https:\/\/santamonica.lv\/en\/wp-json\/wp\/v2\/users\/1"}],"replies":[{"embeddable":true,"href":"https:\/\/santamonica.lv\/en\/wp-json\/wp\/v2\/comments?post=1558"}],"version-history":[{"count":8,"href":"https:\/\/santamonica.lv\/en\/wp-json\/wp\/v2\/pages\/1558\/revisions"}],"predecessor-version":[{"id":4276,"href":"https:\/\/santamonica.lv\/en\/wp-json\/wp\/v2\/pages\/1558\/revisions\/4276"}],"wp:attachment":[{"href":"https:\/\/santamonica.lv\/en\/wp-json\/wp\/v2\/media?parent=1558"}],"curies":[{"name":"wp","href":"https:\/\/api.w.org\/{rel}","templated":true}]}}