{"id":3387,"date":"2025-03-10T21:03:20","date_gmt":"2025-03-10T19:03:20","guid":{"rendered":"https:\/\/santamonica.lv\/?page_id=3387"},"modified":"2025-03-10T22:37:07","modified_gmt":"2025-03-10T20:37:07","slug":"delivery","status":"publish","type":"page","link":"https:\/\/santamonica.lv\/en\/delivery\/","title":{"rendered":"Delivery"},"content":{"rendered":"\n<p>When placing an order in the Santa Monica Clinic online store, the standard delivery time for orders is 1-4 business days. Once the order is completed, you will receive an SMS and an email message with the estimated delivery time of the goods.<\/p>\n\n\n\n<p><strong>ATTENTION!<\/strong> Upon receiving the notification, please double-check and compare all information. If there are any discrepancies, please contact us by calling: +371 27337768, or by writing:\u00a0<a href=\"mailto:info@santamonica.lv?swcfpc=1\">info@santamonica.lv<\/a><\/p>\n\n\n\n<p class=\"has-medium-font-size\"><strong>Delivery to parcel machines<\/strong><\/p>\n\n\n\n<p>If you have chosen delivery to a parcel machine, the delivery time is 2-3 business days, unless otherwise specified for the specific product.<\/p>\n\n\n\n<p>Delivery fee to <strong>Omniva<\/strong> parcel machines \u2013 <strong>\u20ac2.99<\/strong>. This service is offered for orders that do not exceed <strong>39 x 38 x 64 cm and their weight is &lt; 30 kg.<\/strong><\/p>\n\n\n\n<p>Delivery fee to <strong>DPD<\/strong> parcel machines \u2013 <strong>\u20ac2.99<\/strong>. This service is offered for orders that do not exceed <strong>61 x 44 x 37 cm and their weight is &lt; 30 kg.<\/strong><\/p>\n\n\n\n<p>Once the order is placed in the parcel machine, you will receive a parcel machine opening code in a text message.<\/p>\n\n\n\n<p><strong>ATTENTION! <\/strong>The parcel must be removed from the parcel machine within 7 days, otherwise the parcel will be returned.<\/p>\n\n\n\n<p>For other shipments, the parcel machine fee is calculated based on the weight of the shopping cart and the delivery location.<\/p>\n\n\n\n<p class=\"has-medium-font-size\"><strong>Home delivery<\/strong><\/p>\n\n\n\n<p>Home delivery is available on weekdays from 09:00 to 18:00.<\/p>\n\n\n\n<p>Home delivery costs are calculated based on the weight of the shopping cart and the delivery location:<\/p>\n\n\n\n<figure class=\"wp-block-table\"><table class=\"has-fixed-layout\"><tbody><tr><td>Weight<\/td><td>\u2264 1kg<\/td><td>\u2264 5kg<\/td><td>\u2264 10kg<\/td><td>\u2264 15kg<\/td><td>\u2264 20kg<\/td><\/tr><tr><td>R\u012bga<\/td><td>3,99\u20ac<\/td><td>4,99\u20ac<\/td><td>5,99\u20ac<\/td><td>7,99\u20ac<\/td><td>8,99\u20ac<\/td><\/tr><tr><td>Latvia<\/td><td>4,99\u20ac<\/td><td>6,99\u20ac<\/td><td>10,99\u20ac<\/td><td>10,99\u20ac<\/td><td>10,99\u20ac<\/td><\/tr><\/tbody><\/table><\/figure>\n\n\n\n<p>* Standard delivery time is 2-3 business days, unless otherwise stated for a specific product.<\/p>\n\n\n\n<p>Once the order has been placed, the courier will contact you to arrange a delivery time.<\/p>\n\n\n\n<p><strong>ATTENTION! <\/strong>If delivery is not possible, the shipment will be sent to the nearest post office and you will be sent a notification of the arrival of the shipment, based on which you will be able to receive it at the post office indicated in the shipment notification.<\/p>\n\n\n\n<p class=\"has-medium-font-size\"><strong>You can pick up your package free of charge at the clinic<\/strong> <strong>\u201eSanta Monica\u201d<\/strong>\u00a0<a href=\"https:\/\/maps.app.goo.gl\/EDYPGnfz9hveaEcB7\" target=\"_blank\" rel=\"noreferrer noopener\">Nauk\u0161\u0113nu mui\u017ea, Nauk\u0161\u0113ni, Nauk\u0161\u0113nu pag., Valmieras nov., LV-4244<\/a>\u00a0Monday to Friday from 9:00 AM to 5:00 PM<\/p>\n\n\n\n<p>* Goods are not shipped and deliveries do not take place on weekends and holidays!<\/p>\n\n\n\n<p>If you have any additional questions, please contact us by calling: +371 27337768, or by writing: info@santamonica.lv and we will try to answer them as soon as possible.<\/p>\n","protected":false},"excerpt":{"rendered":"<p>When placing an order in the Santa Monica Clinic online store, the standard delivery time for orders is 1-4 business days. Once the order is completed, you will receive an SMS and an email message with the estimated delivery time of the goods. ATTENTION! Upon receiving the notification, please double-check and compare all information. If&#8230;<\/p>\n","protected":false},"author":1,"featured_media":0,"parent":0,"menu_order":0,"comment_status":"closed","ping_status":"closed","template":"","meta":{"_acf_changed":false,"_uag_custom_page_level_css":"","_kadence_starter_templates_imported_post":false,"_kad_post_transparent":"","_kad_post_title":"","_kad_post_layout":"","_kad_post_sidebar_id":"","_kad_post_content_style":"","_kad_post_vertical_padding":"","_kad_post_feature":"","_kad_post_feature_position":"","_kad_post_header":false,"_kad_post_footer":false,"footnotes":""},"class_list":["post-3387","page","type-page","status-publish","hentry"],"acf":[],"yoast_head":"<!-- This site is optimized with the Yoast SEO plugin v26.4 - https:\/\/yoast.com\/wordpress\/plugins\/seo\/ -->\n<title>Delivery - Santa Monica<\/title>\n<meta name=\"robots\" content=\"index, follow, max-snippet:-1, max-image-preview:large, max-video-preview:-1\" \/>\n<link rel=\"canonical\" href=\"https:\/\/santamonica.lv\/en\/delivery\/\" \/>\n<meta property=\"og:locale\" content=\"en_US\" \/>\n<meta property=\"og:type\" content=\"article\" \/>\n<meta property=\"og:title\" content=\"Delivery - Santa Monica\" \/>\n<meta property=\"og:description\" content=\"When placing an order in the Santa Monica Clinic online store, the standard delivery time for orders is 1-4 business days. Once the order is completed, you will receive an SMS and an email message with the estimated delivery time of the goods. ATTENTION! Upon receiving the notification, please double-check and compare all information. If...\" \/>\n<meta property=\"og:url\" content=\"https:\/\/santamonica.lv\/en\/delivery\/\" \/>\n<meta property=\"og:site_name\" content=\"Santa Monica\" \/>\n<meta property=\"article:publisher\" content=\"https:\/\/www.facebook.com\/klinikasantamonica\" \/>\n<meta property=\"article:modified_time\" content=\"2025-03-10T20:37:07+00:00\" \/>\n<meta name=\"twitter:card\" content=\"summary_large_image\" \/>\n<meta name=\"twitter:label1\" content=\"Est. reading time\" \/>\n\t<meta name=\"twitter:data1\" content=\"2 minutes\" \/>\n<script type=\"application\/ld+json\" class=\"yoast-schema-graph\">{\"@context\":\"https:\/\/schema.org\",\"@graph\":[{\"@type\":\"WebPage\",\"@id\":\"https:\/\/santamonica.lv\/en\/delivery\/\",\"url\":\"https:\/\/santamonica.lv\/en\/delivery\/\",\"name\":\"Delivery - Santa Monica\",\"isPartOf\":{\"@id\":\"https:\/\/santamonica.lv\/en\/#website\"},\"datePublished\":\"2025-03-10T19:03:20+00:00\",\"dateModified\":\"2025-03-10T20:37:07+00:00\",\"breadcrumb\":{\"@id\":\"https:\/\/santamonica.lv\/en\/delivery\/#breadcrumb\"},\"inLanguage\":\"en-US\",\"potentialAction\":[{\"@type\":\"ReadAction\",\"target\":[\"https:\/\/santamonica.lv\/en\/delivery\/\"]}]},{\"@type\":\"BreadcrumbList\",\"@id\":\"https:\/\/santamonica.lv\/en\/delivery\/#breadcrumb\",\"itemListElement\":[{\"@type\":\"ListItem\",\"position\":1,\"name\":\"Home\",\"item\":\"https:\/\/santamonica.lv\/en\/home\/\"},{\"@type\":\"ListItem\",\"position\":2,\"name\":\"Delivery\"}]},{\"@type\":\"WebSite\",\"@id\":\"https:\/\/santamonica.lv\/en\/#website\",\"url\":\"https:\/\/santamonica.lv\/en\/\",\"name\":\"Santa Monica\",\"description\":\"\",\"publisher\":{\"@id\":\"https:\/\/santamonica.lv\/en\/#organization\"},\"potentialAction\":[{\"@type\":\"SearchAction\",\"target\":{\"@type\":\"EntryPoint\",\"urlTemplate\":\"https:\/\/santamonica.lv\/en\/?s={search_term_string}\"},\"query-input\":{\"@type\":\"PropertyValueSpecification\",\"valueRequired\":true,\"valueName\":\"search_term_string\"}}],\"inLanguage\":\"en-US\"},{\"@type\":\"Organization\",\"@id\":\"https:\/\/santamonica.lv\/en\/#organization\",\"name\":\"SIA Santa Monica\",\"url\":\"https:\/\/santamonica.lv\/en\/\",\"logo\":{\"@type\":\"ImageObject\",\"inLanguage\":\"en-US\",\"@id\":\"https:\/\/santamonica.lv\/en\/#\/schema\/logo\/image\/\",\"url\":\"https:\/\/santamonica.lv\/wp-content\/uploads\/2023\/07\/cropped-santa-monica-latvia.png\",\"contentUrl\":\"https:\/\/santamonica.lv\/wp-content\/uploads\/2023\/07\/cropped-santa-monica-latvia.png\",\"width\":280,\"height\":51,\"caption\":\"SIA Santa Monica\"},\"image\":{\"@id\":\"https:\/\/santamonica.lv\/en\/#\/schema\/logo\/image\/\"},\"sameAs\":[\"https:\/\/www.facebook.com\/klinikasantamonica\",\"https:\/\/www.instagram.com\/clinicsantamonica\/\",\"https:\/\/www.draugiem.lv\/santamonica\/\"]}]}<\/script>\n<!-- \/ Yoast SEO plugin. -->","yoast_head_json":{"title":"Delivery - Santa Monica","robots":{"index":"index","follow":"follow","max-snippet":"max-snippet:-1","max-image-preview":"max-image-preview:large","max-video-preview":"max-video-preview:-1"},"canonical":"https:\/\/santamonica.lv\/en\/delivery\/","og_locale":"en_US","og_type":"article","og_title":"Delivery - Santa Monica","og_description":"When placing an order in the Santa Monica Clinic online store, the standard delivery time for orders is 1-4 business days. Once the order is completed, you will receive an SMS and an email message with the estimated delivery time of the goods. ATTENTION! Upon receiving the notification, please double-check and compare all information. If...","og_url":"https:\/\/santamonica.lv\/en\/delivery\/","og_site_name":"Santa Monica","article_publisher":"https:\/\/www.facebook.com\/klinikasantamonica","article_modified_time":"2025-03-10T20:37:07+00:00","twitter_card":"summary_large_image","twitter_misc":{"Est. reading time":"2 minutes"},"schema":{"@context":"https:\/\/schema.org","@graph":[{"@type":"WebPage","@id":"https:\/\/santamonica.lv\/en\/delivery\/","url":"https:\/\/santamonica.lv\/en\/delivery\/","name":"Delivery - Santa Monica","isPartOf":{"@id":"https:\/\/santamonica.lv\/en\/#website"},"datePublished":"2025-03-10T19:03:20+00:00","dateModified":"2025-03-10T20:37:07+00:00","breadcrumb":{"@id":"https:\/\/santamonica.lv\/en\/delivery\/#breadcrumb"},"inLanguage":"en-US","potentialAction":[{"@type":"ReadAction","target":["https:\/\/santamonica.lv\/en\/delivery\/"]}]},{"@type":"BreadcrumbList","@id":"https:\/\/santamonica.lv\/en\/delivery\/#breadcrumb","itemListElement":[{"@type":"ListItem","position":1,"name":"Home","item":"https:\/\/santamonica.lv\/en\/home\/"},{"@type":"ListItem","position":2,"name":"Delivery"}]},{"@type":"WebSite","@id":"https:\/\/santamonica.lv\/en\/#website","url":"https:\/\/santamonica.lv\/en\/","name":"Santa Monica","description":"","publisher":{"@id":"https:\/\/santamonica.lv\/en\/#organization"},"potentialAction":[{"@type":"SearchAction","target":{"@type":"EntryPoint","urlTemplate":"https:\/\/santamonica.lv\/en\/?s={search_term_string}"},"query-input":{"@type":"PropertyValueSpecification","valueRequired":true,"valueName":"search_term_string"}}],"inLanguage":"en-US"},{"@type":"Organization","@id":"https:\/\/santamonica.lv\/en\/#organization","name":"SIA Santa Monica","url":"https:\/\/santamonica.lv\/en\/","logo":{"@type":"ImageObject","inLanguage":"en-US","@id":"https:\/\/santamonica.lv\/en\/#\/schema\/logo\/image\/","url":"https:\/\/santamonica.lv\/wp-content\/uploads\/2023\/07\/cropped-santa-monica-latvia.png","contentUrl":"https:\/\/santamonica.lv\/wp-content\/uploads\/2023\/07\/cropped-santa-monica-latvia.png","width":280,"height":51,"caption":"SIA Santa Monica"},"image":{"@id":"https:\/\/santamonica.lv\/en\/#\/schema\/logo\/image\/"},"sameAs":["https:\/\/www.facebook.com\/klinikasantamonica","https:\/\/www.instagram.com\/clinicsantamonica\/","https:\/\/www.draugiem.lv\/santamonica\/"]}]}},"uagb_featured_image_src":{"full":false,"thumbnail":false,"medium":false,"medium_large":false,"large":false,"1536x1536":false,"2048x2048":false,"woocommerce_thumbnail":false,"woocommerce_single":false,"woocommerce_gallery_thumbnail":false},"uagb_author_info":{"display_name":"admin","author_link":"https:\/\/santamonica.lv\/en\/author\/admin\/"},"uagb_comment_info":0,"uagb_excerpt":"When placing an order in the Santa Monica Clinic online store, the standard delivery time for orders is 1-4 business days. Once the order is completed, you will receive an SMS and an email message with the estimated delivery time of the goods. ATTENTION! Upon receiving the notification, please double-check and compare all information. If...","_links":{"self":[{"href":"https:\/\/santamonica.lv\/en\/wp-json\/wp\/v2\/pages\/3387","targetHints":{"allow":["GET"]}}],"collection":[{"href":"https:\/\/santamonica.lv\/en\/wp-json\/wp\/v2\/pages"}],"about":[{"href":"https:\/\/santamonica.lv\/en\/wp-json\/wp\/v2\/types\/page"}],"author":[{"embeddable":true,"href":"https:\/\/santamonica.lv\/en\/wp-json\/wp\/v2\/users\/1"}],"replies":[{"embeddable":true,"href":"https:\/\/santamonica.lv\/en\/wp-json\/wp\/v2\/comments?post=3387"}],"version-history":[{"count":2,"href":"https:\/\/santamonica.lv\/en\/wp-json\/wp\/v2\/pages\/3387\/revisions"}],"predecessor-version":[{"id":3416,"href":"https:\/\/santamonica.lv\/en\/wp-json\/wp\/v2\/pages\/3387\/revisions\/3416"}],"wp:attachment":[{"href":"https:\/\/santamonica.lv\/en\/wp-json\/wp\/v2\/media?parent=3387"}],"curies":[{"name":"wp","href":"https:\/\/api.w.org\/{rel}","templated":true}]}}