{"id":3505,"date":"2025-03-11T20:36:36","date_gmt":"2025-03-11T18:36:36","guid":{"rendered":"https:\/\/santamonica.lv\/?page_id=3505"},"modified":"2025-03-11T22:43:12","modified_gmt":"2025-03-11T20:43:12","slug":"return-of-goods","status":"publish","type":"page","link":"https:\/\/santamonica.lv\/en\/return-of-goods\/","title":{"rendered":"Return of goods"},"content":{"rendered":"\n<p>We offer a 30-day money-back guarantee because we care that you always get exactly what you want. If the ordered product is not needed and has not been opened, you are free to choose a refund or exchange of the product.<\/p>\n\n\n\n<p>In case you wish to refuse the product, please fill out the <a href=\"https:\/\/santamonica.lv\/wp-content\/uploads\/2025\/03\/product-return-form_en.docx\" data-type=\"attachment\" data-id=\"3548\">cancellation form<\/a> indicating the reason for the return and send it to us electronically to <a href=\"mailto:info@santamonica.lv\">info@santamonica.lv<\/a> together with a proof of purchase document or deliver \/ send it to us at \u201cSanta Monica\u201d Nauk\u0161\u0113nu mui\u017ea, Nauk\u0161\u0113ni, Nauk\u0161\u0113nu pag., Valmieras nov., LV-4244. You will receive a return confirmation within two business days.<\/p>\n\n\n\n<p>Return postage is your responsibility and cost, but we can help arrange return shipping for the minimum possible shipping costs.<\/p>\n\n\n\n<p>Within fourteen (14) calendar days from the moment of receipt of the products, we will, at your choice, refund you the money to the bank account indicated in your Right of Withdrawal form or send you an exchange product.<\/p>\n\n\n\n<p>We apologize if you have received an incorrect or damaged product. In such a case, please contact us. We will resolve the situation as soon as possible, and you will receive the correct product at no additional cost.<\/p>\n\n\n\n<p>In case of any questions, please contact us by phone: +371 27337768, or by writing: <a href=\"mailto:info@santamonica.lv\">info@santamonica.lv<\/a> and we will try to respond as soon as possible.<\/p>\n\n\n\n<p><\/p>\n","protected":false},"excerpt":{"rendered":"<p>We offer a 30-day money-back guarantee because we care that you always get exactly what you want. If the ordered product is not needed and has not been opened, you are free to choose a refund or exchange of the product. In case you wish to refuse the product, please fill out the cancellation form&#8230;<\/p>\n","protected":false},"author":1,"featured_media":0,"parent":0,"menu_order":0,"comment_status":"closed","ping_status":"closed","template":"","meta":{"_acf_changed":false,"_uag_custom_page_level_css":"","_kadence_starter_templates_imported_post":false,"_kad_post_transparent":"","_kad_post_title":"","_kad_post_layout":"","_kad_post_sidebar_id":"","_kad_post_content_style":"","_kad_post_vertical_padding":"","_kad_post_feature":"","_kad_post_feature_position":"","_kad_post_header":false,"_kad_post_footer":false,"footnotes":""},"class_list":["post-3505","page","type-page","status-publish","hentry"],"acf":[],"yoast_head":"<!-- This site is optimized with the Yoast SEO plugin v26.4 - https:\/\/yoast.com\/wordpress\/plugins\/seo\/ -->\n<title>Return of goods - Santa Monica<\/title>\n<meta name=\"robots\" content=\"index, follow, max-snippet:-1, max-image-preview:large, max-video-preview:-1\" \/>\n<link rel=\"canonical\" href=\"https:\/\/santamonica.lv\/en\/return-of-goods\/\" \/>\n<meta property=\"og:locale\" content=\"en_US\" \/>\n<meta property=\"og:type\" content=\"article\" \/>\n<meta property=\"og:title\" content=\"Return of goods - Santa Monica\" \/>\n<meta property=\"og:description\" content=\"We offer a 30-day money-back guarantee because we care that you always get exactly what you want. If the ordered product is not needed and has not been opened, you are free to choose a refund or exchange of the product. In case you wish to refuse the product, please fill out the cancellation form...\" \/>\n<meta property=\"og:url\" content=\"https:\/\/santamonica.lv\/en\/return-of-goods\/\" \/>\n<meta property=\"og:site_name\" content=\"Santa Monica\" \/>\n<meta property=\"article:publisher\" content=\"https:\/\/www.facebook.com\/klinikasantamonica\" \/>\n<meta property=\"article:modified_time\" content=\"2025-03-11T20:43:12+00:00\" \/>\n<meta name=\"twitter:card\" content=\"summary_large_image\" \/>\n<meta name=\"twitter:label1\" content=\"Est. reading time\" \/>\n\t<meta name=\"twitter:data1\" content=\"1 minute\" \/>\n<script type=\"application\/ld+json\" class=\"yoast-schema-graph\">{\"@context\":\"https:\/\/schema.org\",\"@graph\":[{\"@type\":\"WebPage\",\"@id\":\"https:\/\/santamonica.lv\/en\/return-of-goods\/\",\"url\":\"https:\/\/santamonica.lv\/en\/return-of-goods\/\",\"name\":\"Return of goods - Santa Monica\",\"isPartOf\":{\"@id\":\"https:\/\/santamonica.lv\/en\/#website\"},\"datePublished\":\"2025-03-11T18:36:36+00:00\",\"dateModified\":\"2025-03-11T20:43:12+00:00\",\"breadcrumb\":{\"@id\":\"https:\/\/santamonica.lv\/en\/return-of-goods\/#breadcrumb\"},\"inLanguage\":\"en-US\",\"potentialAction\":[{\"@type\":\"ReadAction\",\"target\":[\"https:\/\/santamonica.lv\/en\/return-of-goods\/\"]}]},{\"@type\":\"BreadcrumbList\",\"@id\":\"https:\/\/santamonica.lv\/en\/return-of-goods\/#breadcrumb\",\"itemListElement\":[{\"@type\":\"ListItem\",\"position\":1,\"name\":\"Home\",\"item\":\"https:\/\/santamonica.lv\/en\/home\/\"},{\"@type\":\"ListItem\",\"position\":2,\"name\":\"Return of goods\"}]},{\"@type\":\"WebSite\",\"@id\":\"https:\/\/santamonica.lv\/en\/#website\",\"url\":\"https:\/\/santamonica.lv\/en\/\",\"name\":\"Santa Monica\",\"description\":\"\",\"publisher\":{\"@id\":\"https:\/\/santamonica.lv\/en\/#organization\"},\"potentialAction\":[{\"@type\":\"SearchAction\",\"target\":{\"@type\":\"EntryPoint\",\"urlTemplate\":\"https:\/\/santamonica.lv\/en\/?s={search_term_string}\"},\"query-input\":{\"@type\":\"PropertyValueSpecification\",\"valueRequired\":true,\"valueName\":\"search_term_string\"}}],\"inLanguage\":\"en-US\"},{\"@type\":\"Organization\",\"@id\":\"https:\/\/santamonica.lv\/en\/#organization\",\"name\":\"SIA Santa Monica\",\"url\":\"https:\/\/santamonica.lv\/en\/\",\"logo\":{\"@type\":\"ImageObject\",\"inLanguage\":\"en-US\",\"@id\":\"https:\/\/santamonica.lv\/en\/#\/schema\/logo\/image\/\",\"url\":\"https:\/\/santamonica.lv\/wp-content\/uploads\/2023\/07\/cropped-santa-monica-latvia.png\",\"contentUrl\":\"https:\/\/santamonica.lv\/wp-content\/uploads\/2023\/07\/cropped-santa-monica-latvia.png\",\"width\":280,\"height\":51,\"caption\":\"SIA Santa Monica\"},\"image\":{\"@id\":\"https:\/\/santamonica.lv\/en\/#\/schema\/logo\/image\/\"},\"sameAs\":[\"https:\/\/www.facebook.com\/klinikasantamonica\",\"https:\/\/www.instagram.com\/clinicsantamonica\/\",\"https:\/\/www.draugiem.lv\/santamonica\/\"]}]}<\/script>\n<!-- \/ Yoast SEO plugin. -->","yoast_head_json":{"title":"Return of goods - Santa Monica","robots":{"index":"index","follow":"follow","max-snippet":"max-snippet:-1","max-image-preview":"max-image-preview:large","max-video-preview":"max-video-preview:-1"},"canonical":"https:\/\/santamonica.lv\/en\/return-of-goods\/","og_locale":"en_US","og_type":"article","og_title":"Return of goods - Santa Monica","og_description":"We offer a 30-day money-back guarantee because we care that you always get exactly what you want. If the ordered product is not needed and has not been opened, you are free to choose a refund or exchange of the product. In case you wish to refuse the product, please fill out the cancellation form...","og_url":"https:\/\/santamonica.lv\/en\/return-of-goods\/","og_site_name":"Santa Monica","article_publisher":"https:\/\/www.facebook.com\/klinikasantamonica","article_modified_time":"2025-03-11T20:43:12+00:00","twitter_card":"summary_large_image","twitter_misc":{"Est. reading time":"1 minute"},"schema":{"@context":"https:\/\/schema.org","@graph":[{"@type":"WebPage","@id":"https:\/\/santamonica.lv\/en\/return-of-goods\/","url":"https:\/\/santamonica.lv\/en\/return-of-goods\/","name":"Return of goods - Santa Monica","isPartOf":{"@id":"https:\/\/santamonica.lv\/en\/#website"},"datePublished":"2025-03-11T18:36:36+00:00","dateModified":"2025-03-11T20:43:12+00:00","breadcrumb":{"@id":"https:\/\/santamonica.lv\/en\/return-of-goods\/#breadcrumb"},"inLanguage":"en-US","potentialAction":[{"@type":"ReadAction","target":["https:\/\/santamonica.lv\/en\/return-of-goods\/"]}]},{"@type":"BreadcrumbList","@id":"https:\/\/santamonica.lv\/en\/return-of-goods\/#breadcrumb","itemListElement":[{"@type":"ListItem","position":1,"name":"Home","item":"https:\/\/santamonica.lv\/en\/home\/"},{"@type":"ListItem","position":2,"name":"Return of goods"}]},{"@type":"WebSite","@id":"https:\/\/santamonica.lv\/en\/#website","url":"https:\/\/santamonica.lv\/en\/","name":"Santa Monica","description":"","publisher":{"@id":"https:\/\/santamonica.lv\/en\/#organization"},"potentialAction":[{"@type":"SearchAction","target":{"@type":"EntryPoint","urlTemplate":"https:\/\/santamonica.lv\/en\/?s={search_term_string}"},"query-input":{"@type":"PropertyValueSpecification","valueRequired":true,"valueName":"search_term_string"}}],"inLanguage":"en-US"},{"@type":"Organization","@id":"https:\/\/santamonica.lv\/en\/#organization","name":"SIA Santa Monica","url":"https:\/\/santamonica.lv\/en\/","logo":{"@type":"ImageObject","inLanguage":"en-US","@id":"https:\/\/santamonica.lv\/en\/#\/schema\/logo\/image\/","url":"https:\/\/santamonica.lv\/wp-content\/uploads\/2023\/07\/cropped-santa-monica-latvia.png","contentUrl":"https:\/\/santamonica.lv\/wp-content\/uploads\/2023\/07\/cropped-santa-monica-latvia.png","width":280,"height":51,"caption":"SIA Santa Monica"},"image":{"@id":"https:\/\/santamonica.lv\/en\/#\/schema\/logo\/image\/"},"sameAs":["https:\/\/www.facebook.com\/klinikasantamonica","https:\/\/www.instagram.com\/clinicsantamonica\/","https:\/\/www.draugiem.lv\/santamonica\/"]}]}},"uagb_featured_image_src":{"full":false,"thumbnail":false,"medium":false,"medium_large":false,"large":false,"1536x1536":false,"2048x2048":false,"woocommerce_thumbnail":false,"woocommerce_single":false,"woocommerce_gallery_thumbnail":false},"uagb_author_info":{"display_name":"admin","author_link":"https:\/\/santamonica.lv\/en\/author\/admin\/"},"uagb_comment_info":0,"uagb_excerpt":"We offer a 30-day money-back guarantee because we care that you always get exactly what you want. If the ordered product is not needed and has not been opened, you are free to choose a refund or exchange of the product. In case you wish to refuse the product, please fill out the cancellation form...","_links":{"self":[{"href":"https:\/\/santamonica.lv\/en\/wp-json\/wp\/v2\/pages\/3505","targetHints":{"allow":["GET"]}}],"collection":[{"href":"https:\/\/santamonica.lv\/en\/wp-json\/wp\/v2\/pages"}],"about":[{"href":"https:\/\/santamonica.lv\/en\/wp-json\/wp\/v2\/types\/page"}],"author":[{"embeddable":true,"href":"https:\/\/santamonica.lv\/en\/wp-json\/wp\/v2\/users\/1"}],"replies":[{"embeddable":true,"href":"https:\/\/santamonica.lv\/en\/wp-json\/wp\/v2\/comments?post=3505"}],"version-history":[{"count":3,"href":"https:\/\/santamonica.lv\/en\/wp-json\/wp\/v2\/pages\/3505\/revisions"}],"predecessor-version":[{"id":3553,"href":"https:\/\/santamonica.lv\/en\/wp-json\/wp\/v2\/pages\/3505\/revisions\/3553"}],"wp:attachment":[{"href":"https:\/\/santamonica.lv\/en\/wp-json\/wp\/v2\/media?parent=3505"}],"curies":[{"name":"wp","href":"https:\/\/api.w.org\/{rel}","templated":true}]}}