{"id":2058,"date":"2024-07-09T20:29:46","date_gmt":"2024-07-09T17:29:46","guid":{"rendered":"https:\/\/santamonica.lv\/mikrobioomi-test\/"},"modified":"2024-10-20T18:54:26","modified_gmt":"2024-10-20T15:54:26","slug":"mikrobioomi-test","status":"publish","type":"page","link":"https:\/\/santamonica.lv\/et\/mikrobioomi-test\/","title":{"rendered":"Mikrobioomi test"},"content":{"rendered":"\n<div style=\"height:90px\" aria-hidden=\"true\" class=\"wp-block-spacer\"><\/div>\n<style>.kb-row-layout-id1944_7424ee-64 > .kt-row-column-wrap{align-content:start;}:where(.kb-row-layout-id1944_7424ee-64 > .kt-row-column-wrap) > .wp-block-kadence-column{justify-content:start;}.kb-row-layout-id1944_7424ee-64 > .kt-row-column-wrap{column-gap:var(--global-kb-gap-md, 2rem);row-gap:var(--global-kb-gap-md, 2rem);max-width:var( --global-content-width, 1290px );padding-left:var(--global-content-edge-padding);padding-right:var(--global-content-edge-padding);padding-top:139px;padding-bottom:100px;grid-template-columns:minmax(0, 1fr);}.kb-row-layout-id1944_7424ee-64 > .kt-row-layout-overlay{opacity:0.28;background-color:#000000;background-image:url('https:\/\/santamonica.lv\/wp-content\/uploads\/2024\/07\/mikrobioms.jpg');background-size:cover;background-position:52% 51%;background-attachment:scroll;background-repeat:no-repeat;mix-blend-mode:darken;}@media all and (max-width: 1024px){.kb-row-layout-id1944_7424ee-64 > .kt-row-column-wrap{padding-top:80px;padding-bottom:80px;grid-template-columns:minmax(0, 1fr);}}@media all and (max-width: 767px){.kb-row-layout-id1944_7424ee-64 > .kt-row-column-wrap{padding-top:100px;padding-right:30px;padding-bottom:100px;padding-left:30px;grid-template-columns:minmax(0, 1fr);}}<\/style><div class=\"kb-row-layout-wrap kb-row-layout-id1944_7424ee-64 alignnone has-theme-palette8-background-color kt-row-has-bg wp-block-kadence-rowlayout\"><div class=\"kt-row-layout-overlay kt-row-overlay-normal\"><\/div><div class=\"kt-row-column-wrap kt-has-1-columns kt-row-layout-equal kt-tab-layout-inherit kt-mobile-layout-row kt-row-valign-top kb-theme-content-width\">\n<style>.kadence-column1944_3782f3-a3 > .kt-inside-inner-col,.kadence-column1944_3782f3-a3 > .kt-inside-inner-col:before{border-top-left-radius:0px;border-top-right-radius:0px;border-bottom-right-radius:0px;border-bottom-left-radius:0px;}.kadence-column1944_3782f3-a3 > .kt-inside-inner-col{column-gap:var(--global-kb-gap-sm, 1rem);}.kadence-column1944_3782f3-a3 > .kt-inside-inner-col{flex-direction:column;}.kadence-column1944_3782f3-a3 > .kt-inside-inner-col > .aligncenter{width:100%;}.kadence-column1944_3782f3-a3 > .kt-inside-inner-col:before{opacity:0.3;}.kadence-column1944_3782f3-a3{position:relative;}@media all and (max-width: 1024px){.kadence-column1944_3782f3-a3 > .kt-inside-inner-col{padding-top:0px;padding-right:0px;padding-bottom:0px;padding-left:0px;flex-direction:column;justify-content:center;}}@media all and (max-width: 767px){.kadence-column1944_3782f3-a3 > .kt-inside-inner-col{flex-direction:column;justify-content:center;}}<\/style>\n<div class=\"wp-block-kadence-column kadence-column1944_3782f3-a3 inner-column-1\"><div class=\"kt-inside-inner-col\"><style>.kb-row-layout-id1944_d62442-fa > .kt-row-column-wrap{align-content:start;}:where(.kb-row-layout-id1944_d62442-fa > .kt-row-column-wrap) > .wp-block-kadence-column{justify-content:start;}.kb-row-layout-id1944_d62442-fa > .kt-row-column-wrap{column-gap:var(--global-kb-gap-md, 2rem);row-gap:var(--global-kb-gap-md, 2rem);max-width:600px;margin-left:auto;margin-right:auto;padding-top:0px;padding-bottom:0px;grid-template-columns:minmax(0, 1fr);}.kb-row-layout-id1944_d62442-fa > .kt-row-layout-overlay{opacity:0.30;}@media all and (max-width: 1024px){.kb-row-layout-id1944_d62442-fa > .kt-row-column-wrap{padding-top:0px;padding-right:0px;padding-bottom:0px;padding-left:0px;grid-template-columns:minmax(0, 1fr);}}@media all and (max-width: 767px){.kb-row-layout-id1944_d62442-fa > .kt-row-column-wrap{grid-template-columns:minmax(0, 1fr);}}<\/style><div class=\"kb-row-layout-wrap kb-row-layout-id1944_d62442-fa alignnone wp-block-kadence-rowlayout\"><div class=\"kt-row-column-wrap kt-has-1-columns kt-row-layout-equal kt-tab-layout-inherit kt-mobile-layout-row kt-row-valign-top\">\n<style>.kadence-column1944_eb6991-f1 > .kt-inside-inner-col{padding-right:40px;padding-left:40px;}.kadence-column1944_eb6991-f1 > .kt-inside-inner-col,.kadence-column1944_eb6991-f1 > .kt-inside-inner-col:before{border-top-left-radius:0px;border-top-right-radius:0px;border-bottom-right-radius:0px;border-bottom-left-radius:0px;}.kadence-column1944_eb6991-f1 > .kt-inside-inner-col{column-gap:var(--global-kb-gap-sm, 1rem);}.kadence-column1944_eb6991-f1 > .kt-inside-inner-col{flex-direction:column;}.kadence-column1944_eb6991-f1 > .kt-inside-inner-col > .aligncenter{width:100%;}.kadence-column1944_eb6991-f1 > .kt-inside-inner-col:before{opacity:0.3;}.kadence-column1944_eb6991-f1{position:relative;}@media all and (max-width: 1024px){.kadence-column1944_eb6991-f1 > .kt-inside-inner-col{flex-direction:column;justify-content:center;}}@media all and (max-width: 767px){.kadence-column1944_eb6991-f1 > .kt-inside-inner-col{padding-right:0px;padding-left:0px;flex-direction:column;justify-content:center;}}<\/style>\n<div class=\"wp-block-kadence-column kadence-column1944_eb6991-f1 inner-column-1\"><div class=\"kt-inside-inner-col\"><style>.wp-block-kadence-advancedheading.kt-adv-heading1944_0a84c7-5c, .wp-block-kadence-advancedheading.kt-adv-heading1944_0a84c7-5c[data-kb-block=\"kb-adv-heading1944_0a84c7-5c\"]{padding-top:0px;padding-right:0px;padding-bottom:20px;padding-left:0px;margin-top:0px;margin-right:0px;margin-bottom:0px;margin-left:0px;text-align:center;font-style:normal;text-transform:capitalize;color:#000000;}.wp-block-kadence-advancedheading.kt-adv-heading1944_0a84c7-5c mark.kt-highlight, .wp-block-kadence-advancedheading.kt-adv-heading1944_0a84c7-5c[data-kb-block=\"kb-adv-heading1944_0a84c7-5c\"] mark.kt-highlight{font-style:normal;color:#f76a0c;-webkit-box-decoration-break:clone;box-decoration-break:clone;padding-top:0px;padding-right:0px;padding-bottom:0px;padding-left:0px;}@media all and (max-width: 767px){.wp-block-kadence-advancedheading.kt-adv-heading1944_0a84c7-5c, .wp-block-kadence-advancedheading.kt-adv-heading1944_0a84c7-5c[data-kb-block=\"kb-adv-heading1944_0a84c7-5c\"]{font-size:var(--global-kb-font-size-lg, 2rem);}}<\/style>\n<h1 class=\"kt-adv-heading1944_0a84c7-5c wp-block-kadence-advancedheading\" data-kb-block=\"kb-adv-heading1944_0a84c7-5c\">Mikrobioomi test<\/h1>\n<\/div><\/div>\n\n<\/div><\/div><\/div><\/div>\n\n<\/div><\/div><style>.kb-row-layout-id1944_ebe930-21 > .kt-row-column-wrap{align-content:start;}:where(.kb-row-layout-id1944_ebe930-21 > .kt-row-column-wrap) > .wp-block-kadence-column{justify-content:start;}.kb-row-layout-id1944_ebe930-21 > .kt-row-column-wrap{column-gap:var(--global-kb-gap-md, 2rem);row-gap:var(--global-kb-gap-md, 2rem);max-width:var( --global-content-width, 1290px );padding-left:var(--global-content-edge-padding);padding-right:var(--global-content-edge-padding);padding-top:var(--global-kb-spacing-lg, 3rem);padding-bottom:var(--global-kb-spacing-sm, 1.5rem);grid-template-columns:minmax(0, 1fr);}.kb-row-layout-id1944_ebe930-21 > .kt-row-layout-overlay{opacity:0.30;}@media all and (max-width: 1024px){.kb-row-layout-id1944_ebe930-21 > .kt-row-column-wrap{grid-template-columns:minmax(0, 1fr);}}@media all and (max-width: 767px){.kb-row-layout-id1944_ebe930-21 > .kt-row-column-wrap{grid-template-columns:minmax(0, 1fr);}}<\/style><div class=\"kb-row-layout-wrap kb-row-layout-id1944_ebe930-21 alignnone wp-block-kadence-rowlayout\"><div class=\"kt-row-column-wrap kt-has-1-columns kt-row-layout-equal kt-tab-layout-inherit kt-mobile-layout-row kt-row-valign-top kb-theme-content-width\">\n<style>.kadence-column1944_88c7cb-97 > .kt-inside-inner-col,.kadence-column1944_88c7cb-97 > .kt-inside-inner-col:before{border-top-left-radius:0px;border-top-right-radius:0px;border-bottom-right-radius:0px;border-bottom-left-radius:0px;}.kadence-column1944_88c7cb-97 > .kt-inside-inner-col{column-gap:var(--global-kb-gap-sm, 1rem);}.kadence-column1944_88c7cb-97 > .kt-inside-inner-col{flex-direction:column;}.kadence-column1944_88c7cb-97 > .kt-inside-inner-col > .aligncenter{width:100%;}.kadence-column1944_88c7cb-97 > .kt-inside-inner-col:before{opacity:0.3;}.kadence-column1944_88c7cb-97{position:relative;}@media all and (max-width: 1024px){.kadence-column1944_88c7cb-97 > .kt-inside-inner-col{flex-direction:column;justify-content:center;}}@media all and (max-width: 767px){.kadence-column1944_88c7cb-97 > .kt-inside-inner-col{flex-direction:column;justify-content:center;}}<\/style>\n<div class=\"wp-block-kadence-column kadence-column1944_88c7cb-97\"><div class=\"kt-inside-inner-col\">\n<h2 class=\"wp-block-heading\">&#8220;Santa Monica&#8221; kliinik pakub mikrobioomi testi<\/h2>\n\n\n\n<p>Inimese mikrobiom on k\u00f5ik mikroskoopilised elusolendid (bakterid, \u00fcherakulised, viirused, mikroskoopilised seened), mis elavad meie kehas nii seestpoolt &#8211; soolestikus, kuseteedes, suu\u00f5\u00f5nes, suguteedes &#8211; kui ka v\u00e4liselt &#8211; nahal. Mikroorganismid suhtlevad \u00fcksteisega ja kogu inimorganismiga tervikuna. Nende kogum tagab meie organismi tervise. Need mikroorganismid leiduvad nahal, limaskestadel, soolestikus jne. Mikroorganismide suurim mitmekesisus on just soolestikus..<\/p>\n\n\n\n<p>Iga inimese <strong>mikrobiom on ainulaadne<\/strong>. Soolebakterite mitmekesisuse sarnasus kahe inimese vahel on ainult 10-20%.<\/p>\n\n\n\n<p><strong>70-80% immuunsusest<\/strong> moodustub just soole mikrobiomis. Seedetraktis elab umbes 100 triljonit baktereid, am\u00f6\u00f6be, seeni, viiruseid ja muid mikroorganisme. Tervislikus mikrobiomis on head bakterid tasakaalus halbadest, ning <strong>nende vaheline tasakaal m\u00e4\u00e4rab meie immuuns\u00fcsteemi toimimise.<\/strong><\/p>\n\n\n\n<h2 class=\"wp-block-heading\">Mikrobioomi test mini<\/h2>\n\n\n\n<p class=\"has-theme-palette-8-background-color has-background\">Mikrobiomi test mini (bakterioms + mikrobioms) anal\u00fc\u00fcsib kolme peamise bakteri t\u00fc\u00fcpi, mis esinevad nii oma funktsionaalse t\u00e4htsuse kui ka struktuuri poolest seedetrakti limaskesta kihis. Siia kuulub ka A. muciniphila, mida peetakse heaks probiootikumiks ja mille teadaolev roll on toitainevahetuse tagamine ja immuunreaktsioonide kontrollimine peremeesorganismis. Samuti m\u00e4\u00e4ratakse F. prauznitzii \u2013 \u00fcks k\u00f5ige enam leiduvaid seedetrakti limaskesta baktereid, millel on samuti oluline roll tervise edendamisel. Nende bakterite arv v\u00e4heneb Crohni haiguse ja haavandilise koliidi patsientidel. Test h\u00f5lmab ka 7 tinglikult patogeense seeneniidistikku m\u00e4\u00e4ramist. Samuti anal\u00fc\u00fcsitakse soolebaktereid nende funktsionaalse t\u00e4htsuse j\u00e4rgi \u2013 but\u00fcraadi, histamiini, fenooli, indooli, ammoonia jms \u00fchendite s\u00fcntees sekundaarsetest sapihapetest.<\/p>\n\n\n\n<h2 class=\"wp-block-heading\">Mikrobioomi test midi<\/h2>\n\n\n\n<p class=\"has-theme-palette-8-background-color has-background\">Mikrobiomi midi test (bakterioms + mikobioms + parasiidid) \u2013 m\u00e4\u00e4rab peamised kolm t\u00fc\u00fcpi soolebakterit, anal\u00fc\u00fcsib ka 7 tinglikult patogeense seeneniidistiku olemasolu ning lisaks m\u00e4\u00e4rab ka \u00fcherakulised parasiidid. \u00dcks neist on blastots\u00fcsta \u2013 \u00fcherakulised mikroorganismid, mis on normaalselt esinevad seedetraktis, kuid teatud juhtudel v\u00f5ivad p\u00f5hjustada k\u00f5huvalu, k\u00f5hulahtisust v\u00f5i muid seedetrakti probleeme.<\/p>\n\n\n\n<h2 class=\"wp-block-heading\">Mikrobioomi test midi plus<\/h2>\n\n\n\n<p class=\"has-theme-palette-8-background-color has-background\">Mikrobiomi midi plus test (bakterioms + mikobioms + \u00fcherakulised parasiidid + ussid + mikrosporiidid). Selles testis m\u00e4\u00e4ratakse kolme peamise soolebakteri funktsionaalse grupi olemasolu, 7 tinglikult patogeense seeneniidistiku anal\u00fc\u00fcs, \u00fcherakuliste parasiitide, usside ja mikrosporiidide m\u00e4\u00e4ramine. Mikrosporiidid on spooride moodustavad \u00fcherakulised parasiidid, mis oma olemuselt sarnanevad v\u00e4ga seentele. N\u00f5rgenenud organismis v\u00f5ivad nad p\u00f5hjustada k\u00f5hulahtisust ja kaalulangust. Selles testis sisaldub ka blastots\u00fcstide m\u00e4\u00e4ramine.<\/p>\n\n\n\n<h2 class=\"wp-block-heading\">Mikrobioomi test maxi<\/h2>\n\n\n\n<p class=\"has-theme-palette-8-background-color has-background\">Mikrobiomi maxi test (bakterioms + mikobioms + parasiitide m\u00e4\u00e4ramine). See test h\u00f5lmab kolme peamise ja funktsionaalse grupi soolebakterite m\u00e4\u00e4ramist, anal\u00fc\u00fcsitakse ka 7 k\u00f5ige sagedamini esinevat seeneniidistikku, m\u00e4\u00e4ratakse \u00fcherakuliste v\u00f5i hulkraksete sooleparasiitide olemasolu ning erinevate blastots\u00fcstide olemasolu.<\/p>\n\n\n\n<h2 class=\"wp-block-heading\">Mikrobioomi test maxi plus<\/h2>\n\n\n\n<p class=\"has-theme-palette-8-background-color has-background\">Mikrobiomi maxi plus test (bakterioms + mikobioms + \u00fcherakulised ja hulkraksed parasiidid + mikrosporiidid) &#8211; m\u00e4\u00e4ratakse soolestikus kolme peamise ja funktsionaalse bakterigruppi, 7 tinglikult patogeenset seeneniidistikku, mikrosporiidid, blastots\u00fcstid ning \u00fcherakulised parasiidid.<\/p>\n\n\n\n<p>Mikrobiom on <strong>tihedalt seotud inimese tervisega<\/strong>. Mikroorganismid sadestavad kiudaineid olulistes \u00fchendos, mis osalevad ainevahetusprotsessides ja <strong>immuuns\u00fcsteemi t\u00f6\u00f6s<\/strong>. Mao ja soolte mikroorganismide populatsioon (mikrobiota) on suurim ja k\u00f5ige olulisem inimese tervise s\u00e4ilitamisel, sisaldades rohkem kui 1000 erinevat liiki. Tasub meeles pidada, et seedetrakt algab meie suust, mis on elupaik enam kui 700 mikroorganismi liigile.<\/p>\n\n\n\n<p><em><strong>&#8220;K\u00f5ik haigused algavad soolest,&#8221;<\/strong><\/em> <em>v\u00e4itis Hippokrates juba enne meie aega.<\/em><\/p>\n\n\n\n<p>Ebaterve soole mikrofloor m\u00f5jutab meie f\u00fc\u00fcsilist tervist, peaaegu iga\u00fchele on tuttavad s\u00fcmptomid nagu gaaside kogunemine, k\u00f5huvalu, k\u00f5hulahtisus ja\/v\u00f5i k\u00f5hukinnisus. Kuid inimese mikrobioomi muutused toovad kaasa ka riske selliste haiguste nagu diabeet, p\u00f5letikulised soolehaigused, \u00e4rritatud soole s\u00fcndroom. Selgub, et ebaterve mikrobioom v\u00f5ib soodustada ka s\u00fcdame-veresoonkonna haiguste, maksahaiguste, sclerosis multiplexi, autismi, Alzheimeri s\u00fcndroomi ja Parkinsoni haiguse teket. Ebaterve mikrofloor tekitab ainevahetuse probleeme, suurendab soole seinte l\u00e4bilaskvust, mis omakorda p\u00f5hjustab erinevaid allergiaid ja autoimmuunhaigusi.<\/p>\n\n\n\n<p>Sajandi jooksul on inimesed otsinud erinevaid viise, kuidas tasakaalustada soole mikrobioomi. K\u00f5ige t\u00f5husam on v\u00f5tta h\u00e4id baktereid ehk probiootikume, mis on looduslik soole mikrofloora komponent.<\/p>\n\n\n\n<p>V\u00e4ikese koguse probiootikume saab saada k\u00e4\u00e4ritatud, fermenteeritud toodetest, kuid nende heade bakterite kogused ei ole piisavad, et taastada tasakaalu soole mikrobioomis.<\/p>\n\n\n\n<p>Mikrobiomi testis <strong>anal\u00fc\u00fcsitakse<\/strong> soolestikus elavaid baktereid, et v\u00e4lja selgitada, kas sinu soole mikrobioom on kasulik v\u00f5i vastupidi \u2013 kahjulik tervisele. <strong>Testi tulemused<\/strong> on koondatud \u00fclevaatesse, mis sisaldab t\u00e4ielikku sinu soolestikus elavate mikroorganismide koostise ja suhete anal\u00fc\u00fcsi, samuti seletusi bakterite rollist ja olulisusest sinu organismi tervise parandamisel ning l\u00f5puks annab soovitusi toitumise ja elustiili kohandamiseks, et soole mikrobioom saaks tasakaalustatud ja tervislikuks. Need testid v\u00f5imaldavad samuti diagnoosida soolestikus leiduvaid patogeenseid mikroobe, \u00fcheraksetes parasiite ja tuvastada ka erinevat t\u00fc\u00fcpi levinud seened. Seedeprotsessi hindamiseks on v\u00f5imalik ka m\u00e4\u00e4rata erinevate ens\u00fc\u00fcmide (k\u00f5hun\u00e4\u00e4rme elastaasi, sapihappeid, alfa-1 antitripsiini, kalprotektiini) olemasolu.<\/p>\n\n\n\n<p>Test v\u00f5imaldab saada arusaama, kuidas koostada toitumine, et soolestikus elavad mikroorganismid oleksid tervisele kasulikud ja aitaksid v\u00f5idelda haigustega. Samuti aitab see leida lahendusi mikrofloora normaliseerimiseks, et parandada enesetunnet, v\u00e4hendada kaalu, aktiveerides ainevahetust ja parandada naha kvaliteeti.<\/p>\n<\/div><\/div>\n\n<\/div><\/div>\n<p><\/p>\n\n<div style=\"height:80px\" aria-hidden=\"true\" class=\"wp-block-spacer\"><\/div>\n","protected":false},"excerpt":{"rendered":"<p>Mikrobioomi test &#8220;Santa Monica&#8221; kliinik pakub mikrobioomi testi Inimese mikrobiom on k\u00f5ik mikroskoopilised elusolendid (bakterid, \u00fcherakulised, viirused, mikroskoopilised seened), mis elavad meie kehas nii seestpoolt &#8211; soolestikus, kuseteedes, suu\u00f5\u00f5nes, suguteedes &#8211; kui ka v\u00e4liselt &#8211; nahal. Mikroorganismid suhtlevad \u00fcksteisega ja kogu inimorganismiga tervikuna. Nende kogum tagab meie organismi tervise. Need mikroorganismid leiduvad nahal, limaskestadel, soolestikus&#8230;<\/p>\n","protected":false},"author":1,"featured_media":0,"parent":0,"menu_order":0,"comment_status":"closed","ping_status":"closed","template":"","meta":{"_acf_changed":false,"_uag_custom_page_level_css":"","_kadence_starter_templates_imported_post":false,"_kad_post_transparent":"","_kad_post_title":"hide","_kad_post_layout":"fullwidth","_kad_post_sidebar_id":"","_kad_post_content_style":"unboxed","_kad_post_vertical_padding":"hide","_kad_post_feature":"hide","_kad_post_feature_position":"","_kad_post_header":false,"_kad_post_footer":false,"footnotes":""},"class_list":["post-2058","page","type-page","status-publish","hentry"],"acf":[],"yoast_head":"<!-- This site is optimized with the Yoast SEO plugin v26.4 - https:\/\/yoast.com\/wordpress\/plugins\/seo\/ -->\n<title>Mikrobioomi test - Santa Monica<\/title>\n<meta name=\"robots\" content=\"index, follow, max-snippet:-1, max-image-preview:large, max-video-preview:-1\" \/>\n<link rel=\"canonical\" href=\"https:\/\/santamonica.lv\/et\/mikrobioomi-test\/\" \/>\n<meta property=\"og:locale\" content=\"et_EE\" \/>\n<meta property=\"og:type\" content=\"article\" \/>\n<meta property=\"og:title\" content=\"Mikrobioomi test - Santa Monica\" \/>\n<meta property=\"og:description\" content=\"Mikrobioomi test &#8220;Santa Monica&#8221; kliinik pakub mikrobioomi testi Inimese mikrobiom on k\u00f5ik mikroskoopilised elusolendid (bakterid, \u00fcherakulised, viirused, mikroskoopilised seened), mis elavad meie kehas nii seestpoolt &#8211; soolestikus, kuseteedes, suu\u00f5\u00f5nes, suguteedes &#8211; kui ka v\u00e4liselt &#8211; nahal. Mikroorganismid suhtlevad \u00fcksteisega ja kogu inimorganismiga tervikuna. Nende kogum tagab meie organismi tervise. Need mikroorganismid leiduvad nahal, limaskestadel, soolestikus...\" \/>\n<meta property=\"og:url\" content=\"https:\/\/santamonica.lv\/et\/mikrobioomi-test\/\" \/>\n<meta property=\"og:site_name\" content=\"Santa Monica\" \/>\n<meta property=\"article:publisher\" content=\"https:\/\/www.facebook.com\/klinikasantamonica\" \/>\n<meta property=\"article:modified_time\" content=\"2024-10-20T15:54:26+00:00\" \/>\n<meta name=\"twitter:card\" content=\"summary_large_image\" \/>\n<meta name=\"twitter:label1\" content=\"Est. reading time\" \/>\n\t<meta name=\"twitter:data1\" content=\"4 minutit\" \/>\n<script type=\"application\/ld+json\" class=\"yoast-schema-graph\">{\"@context\":\"https:\/\/schema.org\",\"@graph\":[{\"@type\":\"WebPage\",\"@id\":\"https:\/\/santamonica.lv\/et\/mikrobioomi-test\/\",\"url\":\"https:\/\/santamonica.lv\/et\/mikrobioomi-test\/\",\"name\":\"Mikrobioomi test - Santa Monica\",\"isPartOf\":{\"@id\":\"https:\/\/santamonica.lv\/et\/#website\"},\"datePublished\":\"2024-07-09T17:29:46+00:00\",\"dateModified\":\"2024-10-20T15:54:26+00:00\",\"breadcrumb\":{\"@id\":\"https:\/\/santamonica.lv\/et\/mikrobioomi-test\/#breadcrumb\"},\"inLanguage\":\"et\",\"potentialAction\":[{\"@type\":\"ReadAction\",\"target\":[\"https:\/\/santamonica.lv\/et\/mikrobioomi-test\/\"]}]},{\"@type\":\"BreadcrumbList\",\"@id\":\"https:\/\/santamonica.lv\/et\/mikrobioomi-test\/#breadcrumb\",\"itemListElement\":[{\"@type\":\"ListItem\",\"position\":1,\"name\":\"Home\",\"item\":\"https:\/\/santamonica.lv\/et\/sakums\/\"},{\"@type\":\"ListItem\",\"position\":2,\"name\":\"Mikrobioomi test\"}]},{\"@type\":\"WebSite\",\"@id\":\"https:\/\/santamonica.lv\/et\/#website\",\"url\":\"https:\/\/santamonica.lv\/et\/\",\"name\":\"Santa Monica\",\"description\":\"\",\"potentialAction\":[{\"@type\":\"SearchAction\",\"target\":{\"@type\":\"EntryPoint\",\"urlTemplate\":\"https:\/\/santamonica.lv\/et\/?s={search_term_string}\"},\"query-input\":{\"@type\":\"PropertyValueSpecification\",\"valueRequired\":true,\"valueName\":\"search_term_string\"}}],\"inLanguage\":\"et\"}]}<\/script>\n<!-- \/ Yoast SEO plugin. -->","yoast_head_json":{"title":"Mikrobioomi test - Santa Monica","robots":{"index":"index","follow":"follow","max-snippet":"max-snippet:-1","max-image-preview":"max-image-preview:large","max-video-preview":"max-video-preview:-1"},"canonical":"https:\/\/santamonica.lv\/et\/mikrobioomi-test\/","og_locale":"et_EE","og_type":"article","og_title":"Mikrobioomi test - Santa Monica","og_description":"Mikrobioomi test &#8220;Santa Monica&#8221; kliinik pakub mikrobioomi testi Inimese mikrobiom on k\u00f5ik mikroskoopilised elusolendid (bakterid, \u00fcherakulised, viirused, mikroskoopilised seened), mis elavad meie kehas nii seestpoolt &#8211; soolestikus, kuseteedes, suu\u00f5\u00f5nes, suguteedes &#8211; kui ka v\u00e4liselt &#8211; nahal. Mikroorganismid suhtlevad \u00fcksteisega ja kogu inimorganismiga tervikuna. Nende kogum tagab meie organismi tervise. Need mikroorganismid leiduvad nahal, limaskestadel, soolestikus...","og_url":"https:\/\/santamonica.lv\/et\/mikrobioomi-test\/","og_site_name":"Santa Monica","article_publisher":"https:\/\/www.facebook.com\/klinikasantamonica","article_modified_time":"2024-10-20T15:54:26+00:00","twitter_card":"summary_large_image","twitter_misc":{"Est. reading time":"4 minutit"},"schema":{"@context":"https:\/\/schema.org","@graph":[{"@type":"WebPage","@id":"https:\/\/santamonica.lv\/et\/mikrobioomi-test\/","url":"https:\/\/santamonica.lv\/et\/mikrobioomi-test\/","name":"Mikrobioomi test - Santa Monica","isPartOf":{"@id":"https:\/\/santamonica.lv\/et\/#website"},"datePublished":"2024-07-09T17:29:46+00:00","dateModified":"2024-10-20T15:54:26+00:00","breadcrumb":{"@id":"https:\/\/santamonica.lv\/et\/mikrobioomi-test\/#breadcrumb"},"inLanguage":"et","potentialAction":[{"@type":"ReadAction","target":["https:\/\/santamonica.lv\/et\/mikrobioomi-test\/"]}]},{"@type":"BreadcrumbList","@id":"https:\/\/santamonica.lv\/et\/mikrobioomi-test\/#breadcrumb","itemListElement":[{"@type":"ListItem","position":1,"name":"Home","item":"https:\/\/santamonica.lv\/et\/sakums\/"},{"@type":"ListItem","position":2,"name":"Mikrobioomi test"}]},{"@type":"WebSite","@id":"https:\/\/santamonica.lv\/et\/#website","url":"https:\/\/santamonica.lv\/et\/","name":"Santa Monica","description":"","potentialAction":[{"@type":"SearchAction","target":{"@type":"EntryPoint","urlTemplate":"https:\/\/santamonica.lv\/et\/?s={search_term_string}"},"query-input":{"@type":"PropertyValueSpecification","valueRequired":true,"valueName":"search_term_string"}}],"inLanguage":"et"}]}},"uagb_featured_image_src":{"full":false,"thumbnail":false,"medium":false,"medium_large":false,"large":false,"1536x1536":false,"2048x2048":false,"woocommerce_thumbnail":false,"woocommerce_single":false,"woocommerce_gallery_thumbnail":false},"uagb_author_info":{"display_name":"admin","author_link":"https:\/\/santamonica.lv\/et\/author\/admin\/"},"uagb_comment_info":0,"uagb_excerpt":"Mikrobioomi test &#8220;Santa Monica&#8221; kliinik pakub mikrobioomi testi Inimese mikrobiom on k\u00f5ik mikroskoopilised elusolendid (bakterid, \u00fcherakulised, viirused, mikroskoopilised seened), mis elavad meie kehas nii seestpoolt &#8211; soolestikus, kuseteedes, suu\u00f5\u00f5nes, suguteedes &#8211; kui ka v\u00e4liselt &#8211; nahal. Mikroorganismid suhtlevad \u00fcksteisega ja kogu inimorganismiga tervikuna. Nende kogum tagab meie organismi tervise. Need mikroorganismid leiduvad nahal, limaskestadel, soolestikus...","_links":{"self":[{"href":"https:\/\/santamonica.lv\/et\/wp-json\/wp\/v2\/pages\/2058","targetHints":{"allow":["GET"]}}],"collection":[{"href":"https:\/\/santamonica.lv\/et\/wp-json\/wp\/v2\/pages"}],"about":[{"href":"https:\/\/santamonica.lv\/et\/wp-json\/wp\/v2\/types\/page"}],"author":[{"embeddable":true,"href":"https:\/\/santamonica.lv\/et\/wp-json\/wp\/v2\/users\/1"}],"replies":[{"embeddable":true,"href":"https:\/\/santamonica.lv\/et\/wp-json\/wp\/v2\/comments?post=2058"}],"version-history":[{"count":2,"href":"https:\/\/santamonica.lv\/et\/wp-json\/wp\/v2\/pages\/2058\/revisions"}],"predecessor-version":[{"id":2241,"href":"https:\/\/santamonica.lv\/et\/wp-json\/wp\/v2\/pages\/2058\/revisions\/2241"}],"wp:attachment":[{"href":"https:\/\/santamonica.lv\/et\/wp-json\/wp\/v2\/media?parent=2058"}],"curies":[{"name":"wp","href":"https:\/\/api.w.org\/{rel}","templated":true}]}}