{"id":2062,"date":"2023-09-30T17:06:09","date_gmt":"2023-09-30T14:06:09","guid":{"rendered":"https:\/\/santamonica.lv\/meist\/"},"modified":"2025-04-10T18:12:30","modified_gmt":"2025-04-10T15:12:30","slug":"meist","status":"publish","type":"page","link":"https:\/\/santamonica.lv\/et\/meist\/","title":{"rendered":"Meist"},"content":{"rendered":"\n<div class=\"wp-block-columns is-layout-flex wp-container-core-columns-is-layout-9d6595d7 wp-block-columns-is-layout-flex\">\n<div class=\"wp-block-column is-vertically-aligned-top is-layout-flow wp-block-column-is-layout-flow\">\n<p>Santa Monica asutati Kamie\u0144 Pomorski linnas Poolas 1989. aastal. Asutajad olid Dr. Donsbach San Diegost, professor Lindahl Link\u00f6ping \u00dclikooli haiglast ja Poola riik.<\/p>\n\n\n\n<p>Selle kliiniku loomise algatajad olid Per Rabe ja G\u00f6ran Asp. M\u00f5lemad olid seotud Hela Pharma AB-ga, mis on \u00fcks juhtivaid toidulisandite tootjaid Rootsis. Dr. Donsbach oli \u00fcks juhtivaid arste holistilise meditsiini valdkonnas Ameerika \u00dchendriikides. Professor Lindahl oli juhtiv tegija integreeritud meditsiinis Rootsis. Santa Monical oli tihe koost\u00f6\u00f6 professor Bj\u00f6rn Nordenstr\u00f6miga Karolinska haiglas Stockholmis. Professor Nordenstr\u00f6m on leiutanud ECT (elektrokemoterapeutilise) v\u00e4hi ravi, mis on n\u00fc\u00fcdseks laialdaselt levinud kogu maailmas. 2007. aastal kolis Santa Monica Falk\u00f6ping Rootsis, Rootsi. Santa Monical on tihe koost\u00f6\u00f6 professor \u00d6kermani ja doktor Hening Saupi ning teiste juhtivate valdkonna spetsialistidega \u00fcle kogu Euroopa. Professor \u00d6kerman on juhtiv tegija integreeritud meditsiinis Rootsis.<\/p>\n\n\n\n<p>Arst Henings Saupe on kliiniku Arcadia omanik ja \u00fcks juhtivaid tegijaid integreeritud v\u00e4hi ravis Euroopas. Henings Saupe on Santa Monika koost\u00f6\u00f6partner, kes suure eduga juhib oma kliinikut Saksamaal.<\/p>\n\n\n\n<p>21. veebruaril 2023, G\u00f6ran Asp algatusel, on Santa Monika kliinik kolitud v\u00e4ga kaunisse ja rahulikku kohta L\u00e4ti p\u00f5hjas, Nauk\u0161\u0113ni. <\/p>\n\n\n\n<p>Tuginedes h\u00e4sti t\u00f5estatud kogemusele ja kaasaegsetele teaduslikele avastustele, oleme v\u00e4lja t\u00f6\u00f6tanud oma raviprogrammid, mille eesm\u00e4rk on stimuleerida ja taastada keha eneseparandusv\u00f5imet.<\/p>\n\n\n\n<p>Kasutame integreeritud meditsiini meetodeid, v\u00f5ttes eeskujuks juhtivad kliinikud Euroopas.<\/p>\n<\/div>\n\n\n\n<div class=\"wp-block-column is-layout-flow wp-block-column-is-layout-flow\">\n<figure class=\"wp-block-embed is-type-video is-provider-youtube wp-block-embed-youtube wp-embed-aspect-16-9 wp-has-aspect-ratio\"><div class=\"wp-block-embed__wrapper\">\n<iframe loading=\"lazy\" title=\"Private clinic &quot;Santa Monica&quot; - cancer treatment with innovative methods  in Latvia\" width=\"720\" height=\"405\" src=\"https:\/\/www.youtube.com\/embed\/tsvxjmlYRfc?feature=oembed\" frameborder=\"0\" allow=\"accelerometer; autoplay; clipboard-write; encrypted-media; gyroscope; picture-in-picture; web-share\" referrerpolicy=\"strict-origin-when-cross-origin\" allowfullscreen><\/iframe>\n<\/div><figcaption class=\"wp-element-caption\">ReTV s\u00fc\u017eee erakliinikust &#8220;Santa Monica&#8221; &#8211; v\u00e4hiravi integreerivate s\u00fcsteemide ja meetoditega<\/figcaption><\/figure>\n\n\n\n<figure class=\"wp-block-embed is-type-video is-provider-youtube wp-block-embed-youtube wp-embed-aspect-16-9 wp-has-aspect-ratio\"><div class=\"wp-block-embed__wrapper\">\n<iframe loading=\"lazy\" title=\"Santa Monica kl\u012bnika\" width=\"720\" height=\"405\" src=\"https:\/\/www.youtube.com\/embed\/Lfc0OyD0Wh8?feature=oembed\" frameborder=\"0\" allow=\"accelerometer; autoplay; clipboard-write; encrypted-media; gyroscope; picture-in-picture; web-share\" referrerpolicy=\"strict-origin-when-cross-origin\" allowfullscreen><\/iframe>\n<\/div><\/figure>\n\n\n\n<figure class=\"wp-block-embed is-type-video is-provider-youtube wp-block-embed-youtube wp-embed-aspect-16-9 wp-has-aspect-ratio\"><div class=\"wp-block-embed__wrapper\">\n<iframe loading=\"lazy\" title=\"Kl\u012bnika &quot;Santa Monica&quot; - Nauk\u0161\u0113nu mui\u017ea un parks\" width=\"720\" height=\"405\" src=\"https:\/\/www.youtube.com\/embed\/gxEV2-SRNXY?feature=oembed\" frameborder=\"0\" allow=\"accelerometer; autoplay; clipboard-write; encrypted-media; gyroscope; picture-in-picture; web-share\" referrerpolicy=\"strict-origin-when-cross-origin\" allowfullscreen><\/iframe>\n<\/div><\/figure>\n<\/div>\n<\/div>\n","protected":false},"excerpt":{"rendered":"<p>Santa Monica asutati Kamie\u0144 Pomorski linnas Poolas 1989. aastal. Asutajad olid Dr. Donsbach San Diegost, professor Lindahl Link\u00f6ping \u00dclikooli haiglast ja Poola riik. Selle kliiniku loomise algatajad olid Per Rabe ja G\u00f6ran Asp. M\u00f5lemad olid seotud Hela Pharma AB-ga, mis on \u00fcks juhtivaid toidulisandite tootjaid Rootsis. Dr. Donsbach oli \u00fcks juhtivaid arste holistilise meditsiini valdkonnas&#8230;<\/p>\n","protected":false},"author":1,"featured_media":0,"parent":0,"menu_order":0,"comment_status":"closed","ping_status":"closed","template":"","meta":{"_acf_changed":false,"_uag_custom_page_level_css":"","_kadence_starter_templates_imported_post":false,"_kad_post_transparent":"","_kad_post_title":"","_kad_post_layout":"","_kad_post_sidebar_id":"","_kad_post_content_style":"","_kad_post_vertical_padding":"","_kad_post_feature":"","_kad_post_feature_position":"","_kad_post_header":false,"_kad_post_footer":false,"footnotes":""},"class_list":["post-2062","page","type-page","status-publish","hentry"],"acf":[],"yoast_head":"<!-- This site is optimized with the Yoast SEO plugin v26.4 - https:\/\/yoast.com\/wordpress\/plugins\/seo\/ -->\n<title>Meist - Santa Monica<\/title>\n<meta name=\"robots\" content=\"index, follow, max-snippet:-1, max-image-preview:large, max-video-preview:-1\" \/>\n<link rel=\"canonical\" href=\"https:\/\/santamonica.lv\/et\/meist\/\" \/>\n<meta property=\"og:locale\" content=\"et_EE\" \/>\n<meta property=\"og:type\" content=\"article\" \/>\n<meta property=\"og:title\" content=\"Meist - Santa Monica\" \/>\n<meta property=\"og:description\" content=\"Santa Monica asutati Kamie\u0144 Pomorski linnas Poolas 1989. aastal. Asutajad olid Dr. Donsbach San Diegost, professor Lindahl Link\u00f6ping \u00dclikooli haiglast ja Poola riik. Selle kliiniku loomise algatajad olid Per Rabe ja G\u00f6ran Asp. M\u00f5lemad olid seotud Hela Pharma AB-ga, mis on \u00fcks juhtivaid toidulisandite tootjaid Rootsis. Dr. Donsbach oli \u00fcks juhtivaid arste holistilise meditsiini valdkonnas...\" \/>\n<meta property=\"og:url\" content=\"https:\/\/santamonica.lv\/et\/meist\/\" \/>\n<meta property=\"og:site_name\" content=\"Santa Monica\" \/>\n<meta property=\"article:publisher\" content=\"https:\/\/www.facebook.com\/klinikasantamonica\" \/>\n<meta property=\"article:modified_time\" content=\"2025-04-10T15:12:30+00:00\" \/>\n<meta name=\"twitter:card\" content=\"summary_large_image\" \/>\n<meta name=\"twitter:label1\" content=\"Est. reading time\" \/>\n\t<meta name=\"twitter:data1\" content=\"1 minut\" \/>\n<script type=\"application\/ld+json\" class=\"yoast-schema-graph\">{\"@context\":\"https:\/\/schema.org\",\"@graph\":[{\"@type\":\"WebPage\",\"@id\":\"https:\/\/santamonica.lv\/et\/meist\/\",\"url\":\"https:\/\/santamonica.lv\/et\/meist\/\",\"name\":\"Meist - Santa Monica\",\"isPartOf\":{\"@id\":\"https:\/\/santamonica.lv\/et\/#website\"},\"datePublished\":\"2023-09-30T14:06:09+00:00\",\"dateModified\":\"2025-04-10T15:12:30+00:00\",\"breadcrumb\":{\"@id\":\"https:\/\/santamonica.lv\/et\/meist\/#breadcrumb\"},\"inLanguage\":\"et\",\"potentialAction\":[{\"@type\":\"ReadAction\",\"target\":[\"https:\/\/santamonica.lv\/et\/meist\/\"]}]},{\"@type\":\"BreadcrumbList\",\"@id\":\"https:\/\/santamonica.lv\/et\/meist\/#breadcrumb\",\"itemListElement\":[{\"@type\":\"ListItem\",\"position\":1,\"name\":\"Home\",\"item\":\"https:\/\/santamonica.lv\/et\/sakums\/\"},{\"@type\":\"ListItem\",\"position\":2,\"name\":\"Meist\"}]},{\"@type\":\"WebSite\",\"@id\":\"https:\/\/santamonica.lv\/et\/#website\",\"url\":\"https:\/\/santamonica.lv\/et\/\",\"name\":\"Santa Monica\",\"description\":\"\",\"potentialAction\":[{\"@type\":\"SearchAction\",\"target\":{\"@type\":\"EntryPoint\",\"urlTemplate\":\"https:\/\/santamonica.lv\/et\/?s={search_term_string}\"},\"query-input\":{\"@type\":\"PropertyValueSpecification\",\"valueRequired\":true,\"valueName\":\"search_term_string\"}}],\"inLanguage\":\"et\"}]}<\/script>\n<!-- \/ Yoast SEO plugin. -->","yoast_head_json":{"title":"Meist - Santa Monica","robots":{"index":"index","follow":"follow","max-snippet":"max-snippet:-1","max-image-preview":"max-image-preview:large","max-video-preview":"max-video-preview:-1"},"canonical":"https:\/\/santamonica.lv\/et\/meist\/","og_locale":"et_EE","og_type":"article","og_title":"Meist - Santa Monica","og_description":"Santa Monica asutati Kamie\u0144 Pomorski linnas Poolas 1989. aastal. Asutajad olid Dr. Donsbach San Diegost, professor Lindahl Link\u00f6ping \u00dclikooli haiglast ja Poola riik. Selle kliiniku loomise algatajad olid Per Rabe ja G\u00f6ran Asp. M\u00f5lemad olid seotud Hela Pharma AB-ga, mis on \u00fcks juhtivaid toidulisandite tootjaid Rootsis. Dr. Donsbach oli \u00fcks juhtivaid arste holistilise meditsiini valdkonnas...","og_url":"https:\/\/santamonica.lv\/et\/meist\/","og_site_name":"Santa Monica","article_publisher":"https:\/\/www.facebook.com\/klinikasantamonica","article_modified_time":"2025-04-10T15:12:30+00:00","twitter_card":"summary_large_image","twitter_misc":{"Est. reading time":"1 minut"},"schema":{"@context":"https:\/\/schema.org","@graph":[{"@type":"WebPage","@id":"https:\/\/santamonica.lv\/et\/meist\/","url":"https:\/\/santamonica.lv\/et\/meist\/","name":"Meist - Santa Monica","isPartOf":{"@id":"https:\/\/santamonica.lv\/et\/#website"},"datePublished":"2023-09-30T14:06:09+00:00","dateModified":"2025-04-10T15:12:30+00:00","breadcrumb":{"@id":"https:\/\/santamonica.lv\/et\/meist\/#breadcrumb"},"inLanguage":"et","potentialAction":[{"@type":"ReadAction","target":["https:\/\/santamonica.lv\/et\/meist\/"]}]},{"@type":"BreadcrumbList","@id":"https:\/\/santamonica.lv\/et\/meist\/#breadcrumb","itemListElement":[{"@type":"ListItem","position":1,"name":"Home","item":"https:\/\/santamonica.lv\/et\/sakums\/"},{"@type":"ListItem","position":2,"name":"Meist"}]},{"@type":"WebSite","@id":"https:\/\/santamonica.lv\/et\/#website","url":"https:\/\/santamonica.lv\/et\/","name":"Santa Monica","description":"","potentialAction":[{"@type":"SearchAction","target":{"@type":"EntryPoint","urlTemplate":"https:\/\/santamonica.lv\/et\/?s={search_term_string}"},"query-input":{"@type":"PropertyValueSpecification","valueRequired":true,"valueName":"search_term_string"}}],"inLanguage":"et"}]}},"uagb_featured_image_src":{"full":false,"thumbnail":false,"medium":false,"medium_large":false,"large":false,"1536x1536":false,"2048x2048":false,"woocommerce_thumbnail":false,"woocommerce_single":false,"woocommerce_gallery_thumbnail":false},"uagb_author_info":{"display_name":"admin","author_link":"https:\/\/santamonica.lv\/et\/author\/admin\/"},"uagb_comment_info":0,"uagb_excerpt":"Santa Monica asutati Kamie\u0144 Pomorski linnas Poolas 1989. aastal. Asutajad olid Dr. Donsbach San Diegost, professor Lindahl Link\u00f6ping \u00dclikooli haiglast ja Poola riik. Selle kliiniku loomise algatajad olid Per Rabe ja G\u00f6ran Asp. M\u00f5lemad olid seotud Hela Pharma AB-ga, mis on \u00fcks juhtivaid toidulisandite tootjaid Rootsis. Dr. Donsbach oli \u00fcks juhtivaid arste holistilise meditsiini valdkonnas...","_links":{"self":[{"href":"https:\/\/santamonica.lv\/et\/wp-json\/wp\/v2\/pages\/2062","targetHints":{"allow":["GET"]}}],"collection":[{"href":"https:\/\/santamonica.lv\/et\/wp-json\/wp\/v2\/pages"}],"about":[{"href":"https:\/\/santamonica.lv\/et\/wp-json\/wp\/v2\/types\/page"}],"author":[{"embeddable":true,"href":"https:\/\/santamonica.lv\/et\/wp-json\/wp\/v2\/users\/1"}],"replies":[{"embeddable":true,"href":"https:\/\/santamonica.lv\/et\/wp-json\/wp\/v2\/comments?post=2062"}],"version-history":[{"count":5,"href":"https:\/\/santamonica.lv\/et\/wp-json\/wp\/v2\/pages\/2062\/revisions"}],"predecessor-version":[{"id":4278,"href":"https:\/\/santamonica.lv\/et\/wp-json\/wp\/v2\/pages\/2062\/revisions\/4278"}],"wp:attachment":[{"href":"https:\/\/santamonica.lv\/et\/wp-json\/wp\/v2\/media?parent=2062"}],"curies":[{"name":"wp","href":"https:\/\/api.w.org\/{rel}","templated":true}]}}