{"id":2085,"date":"2024-07-09T20:06:10","date_gmt":"2024-07-09T17:06:10","guid":{"rendered":"https:\/\/santamonica.lv\/raskmetallid\/"},"modified":"2024-10-20T18:52:57","modified_gmt":"2024-10-20T15:52:57","slug":"raskmetallid","status":"publish","type":"page","link":"https:\/\/santamonica.lv\/et\/raskmetallid\/","title":{"rendered":"Raskmetallid"},"content":{"rendered":"\n<div style=\"height:90px\" aria-hidden=\"true\" class=\"wp-block-spacer\"><\/div>\n<style>.kb-row-layout-id1939_1f4cb5-0d > .kt-row-column-wrap{align-content:start;}:where(.kb-row-layout-id1939_1f4cb5-0d > .kt-row-column-wrap) > .wp-block-kadence-column{justify-content:start;}.kb-row-layout-id1939_1f4cb5-0d > .kt-row-column-wrap{column-gap:var(--global-kb-gap-md, 2rem);row-gap:var(--global-kb-gap-md, 2rem);max-width:var( --global-content-width, 1290px );padding-left:var(--global-content-edge-padding);padding-right:var(--global-content-edge-padding);padding-top:139px;padding-bottom:100px;grid-template-columns:minmax(0, 1fr);}.kb-row-layout-id1939_1f4cb5-0d > .kt-row-layout-overlay{opacity:0.28;background-color:#000000;background-image:url('https:\/\/santamonica.lv\/wp-content\/uploads\/2024\/07\/smagie-metali.jpg');background-size:cover;background-position:47% 53%;background-attachment:scroll;background-repeat:no-repeat;mix-blend-mode:darken;}@media all and (max-width: 1024px){.kb-row-layout-id1939_1f4cb5-0d > .kt-row-column-wrap{padding-top:80px;padding-bottom:80px;grid-template-columns:minmax(0, 1fr);}}@media all and (max-width: 767px){.kb-row-layout-id1939_1f4cb5-0d > .kt-row-column-wrap{padding-top:100px;padding-right:30px;padding-bottom:100px;padding-left:30px;grid-template-columns:minmax(0, 1fr);}}<\/style><div class=\"kb-row-layout-wrap kb-row-layout-id1939_1f4cb5-0d alignnone has-theme-palette8-background-color kt-row-has-bg wp-block-kadence-rowlayout\"><div class=\"kt-row-layout-overlay kt-row-overlay-normal\"><\/div><div class=\"kt-row-column-wrap kt-has-1-columns kt-row-layout-equal kt-tab-layout-inherit kt-mobile-layout-row kt-row-valign-top kb-theme-content-width\">\n<style>.kadence-column1939_62f932-56 > .kt-inside-inner-col,.kadence-column1939_62f932-56 > .kt-inside-inner-col:before{border-top-left-radius:0px;border-top-right-radius:0px;border-bottom-right-radius:0px;border-bottom-left-radius:0px;}.kadence-column1939_62f932-56 > .kt-inside-inner-col{column-gap:var(--global-kb-gap-sm, 1rem);}.kadence-column1939_62f932-56 > .kt-inside-inner-col{flex-direction:column;}.kadence-column1939_62f932-56 > .kt-inside-inner-col > .aligncenter{width:100%;}.kadence-column1939_62f932-56 > .kt-inside-inner-col:before{opacity:0.3;}.kadence-column1939_62f932-56{position:relative;}@media all and (max-width: 1024px){.kadence-column1939_62f932-56 > .kt-inside-inner-col{padding-top:0px;padding-right:0px;padding-bottom:0px;padding-left:0px;flex-direction:column;justify-content:center;}}@media all and (max-width: 767px){.kadence-column1939_62f932-56 > .kt-inside-inner-col{flex-direction:column;justify-content:center;}}<\/style>\n<div class=\"wp-block-kadence-column kadence-column1939_62f932-56 inner-column-1\"><div class=\"kt-inside-inner-col\"><style>.kb-row-layout-id1939_9af37b-45 > .kt-row-column-wrap{align-content:start;}:where(.kb-row-layout-id1939_9af37b-45 > .kt-row-column-wrap) > .wp-block-kadence-column{justify-content:start;}.kb-row-layout-id1939_9af37b-45 > .kt-row-column-wrap{column-gap:var(--global-kb-gap-md, 2rem);row-gap:var(--global-kb-gap-md, 2rem);max-width:600px;margin-left:auto;margin-right:auto;padding-top:0px;padding-bottom:0px;grid-template-columns:minmax(0, 1fr);}.kb-row-layout-id1939_9af37b-45 > .kt-row-layout-overlay{opacity:0.30;}@media all and (max-width: 1024px){.kb-row-layout-id1939_9af37b-45 > .kt-row-column-wrap{padding-top:0px;padding-right:0px;padding-bottom:0px;padding-left:0px;grid-template-columns:minmax(0, 1fr);}}@media all and (max-width: 767px){.kb-row-layout-id1939_9af37b-45 > .kt-row-column-wrap{grid-template-columns:minmax(0, 1fr);}}<\/style><div class=\"kb-row-layout-wrap kb-row-layout-id1939_9af37b-45 alignnone wp-block-kadence-rowlayout\"><div class=\"kt-row-column-wrap kt-has-1-columns kt-row-layout-equal kt-tab-layout-inherit kt-mobile-layout-row kt-row-valign-top\">\n<style>.kadence-column1939_fb4f26-4c > .kt-inside-inner-col{padding-right:40px;padding-left:40px;}.kadence-column1939_fb4f26-4c > .kt-inside-inner-col,.kadence-column1939_fb4f26-4c > .kt-inside-inner-col:before{border-top-left-radius:0px;border-top-right-radius:0px;border-bottom-right-radius:0px;border-bottom-left-radius:0px;}.kadence-column1939_fb4f26-4c > .kt-inside-inner-col{column-gap:var(--global-kb-gap-sm, 1rem);}.kadence-column1939_fb4f26-4c > .kt-inside-inner-col{flex-direction:column;}.kadence-column1939_fb4f26-4c > .kt-inside-inner-col > .aligncenter{width:100%;}.kadence-column1939_fb4f26-4c > .kt-inside-inner-col:before{opacity:0.3;}.kadence-column1939_fb4f26-4c{position:relative;}@media all and (max-width: 1024px){.kadence-column1939_fb4f26-4c > .kt-inside-inner-col{flex-direction:column;justify-content:center;}}@media all and (max-width: 767px){.kadence-column1939_fb4f26-4c > .kt-inside-inner-col{padding-right:0px;padding-left:0px;flex-direction:column;justify-content:center;}}<\/style>\n<div class=\"wp-block-kadence-column kadence-column1939_fb4f26-4c inner-column-1\"><div class=\"kt-inside-inner-col\"><style>.wp-block-kadence-advancedheading.kt-adv-heading1939_82e830-74, .wp-block-kadence-advancedheading.kt-adv-heading1939_82e830-74[data-kb-block=\"kb-adv-heading1939_82e830-74\"]{padding-top:0px;padding-right:0px;padding-bottom:20px;padding-left:0px;margin-top:0px;margin-right:0px;margin-bottom:0px;margin-left:0px;text-align:center;font-style:normal;text-transform:capitalize;color:#000000;}.wp-block-kadence-advancedheading.kt-adv-heading1939_82e830-74 mark.kt-highlight, .wp-block-kadence-advancedheading.kt-adv-heading1939_82e830-74[data-kb-block=\"kb-adv-heading1939_82e830-74\"] mark.kt-highlight{font-style:normal;color:#f76a0c;-webkit-box-decoration-break:clone;box-decoration-break:clone;padding-top:0px;padding-right:0px;padding-bottom:0px;padding-left:0px;}@media all and (max-width: 767px){.wp-block-kadence-advancedheading.kt-adv-heading1939_82e830-74, .wp-block-kadence-advancedheading.kt-adv-heading1939_82e830-74[data-kb-block=\"kb-adv-heading1939_82e830-74\"]{font-size:var(--global-kb-font-size-lg, 2rem);}}<\/style>\n<h1 class=\"kt-adv-heading1939_82e830-74 wp-block-kadence-advancedheading\" data-kb-block=\"kb-adv-heading1939_82e830-74\">Raskmetallid<\/h1>\n<\/div><\/div>\n\n<\/div><\/div><\/div><\/div>\n\n<\/div><\/div><style>.kb-row-layout-id1939_981a57-f5 > .kt-row-column-wrap{align-content:start;}:where(.kb-row-layout-id1939_981a57-f5 > .kt-row-column-wrap) > .wp-block-kadence-column{justify-content:start;}.kb-row-layout-id1939_981a57-f5 > .kt-row-column-wrap{column-gap:var(--global-kb-gap-md, 2rem);row-gap:var(--global-kb-gap-md, 2rem);max-width:var( --global-content-width, 1290px );padding-left:var(--global-content-edge-padding);padding-right:var(--global-content-edge-padding);padding-top:var(--global-kb-spacing-lg, 3rem);padding-bottom:var(--global-kb-spacing-sm, 1.5rem);grid-template-columns:minmax(0, 1fr);}.kb-row-layout-id1939_981a57-f5 > .kt-row-layout-overlay{opacity:0.30;}@media all and (max-width: 1024px){.kb-row-layout-id1939_981a57-f5 > .kt-row-column-wrap{grid-template-columns:minmax(0, 1fr);}}@media all and (max-width: 767px){.kb-row-layout-id1939_981a57-f5 > .kt-row-column-wrap{grid-template-columns:minmax(0, 1fr);}}<\/style><div class=\"kb-row-layout-wrap kb-row-layout-id1939_981a57-f5 alignnone wp-block-kadence-rowlayout\"><div class=\"kt-row-column-wrap kt-has-1-columns kt-row-layout-equal kt-tab-layout-inherit kt-mobile-layout-row kt-row-valign-top kb-theme-content-width\">\n<style>.kadence-column1939_996a74-8b > .kt-inside-inner-col,.kadence-column1939_996a74-8b > .kt-inside-inner-col:before{border-top-left-radius:0px;border-top-right-radius:0px;border-bottom-right-radius:0px;border-bottom-left-radius:0px;}.kadence-column1939_996a74-8b > .kt-inside-inner-col{column-gap:var(--global-kb-gap-sm, 1rem);}.kadence-column1939_996a74-8b > .kt-inside-inner-col{flex-direction:column;}.kadence-column1939_996a74-8b > .kt-inside-inner-col > .aligncenter{width:100%;}.kadence-column1939_996a74-8b > .kt-inside-inner-col:before{opacity:0.3;}.kadence-column1939_996a74-8b{position:relative;}@media all and (max-width: 1024px){.kadence-column1939_996a74-8b > .kt-inside-inner-col{flex-direction:column;justify-content:center;}}@media all and (max-width: 767px){.kadence-column1939_996a74-8b > .kt-inside-inner-col{flex-direction:column;justify-content:center;}}<\/style>\n<div class=\"wp-block-kadence-column kadence-column1939_996a74-8b\"><div class=\"kt-inside-inner-col\">\n<p class=\"has-medium-font-size\">Kliinik &#8220;Santa Monica&#8221; pakub raskmetallide anal\u00fc\u00fcsi<\/p>\n\n\n\n<p>Rasked metallid, nagu plii, elavh\u00f5be, kaadmium ja arseen, on keskkonnas k\u00f5ikjal, mist\u00f5ttu puutub iga\u00fcks meist iga p\u00e4ev kokku teatud kogustes nende m\u00fcrkidega, mis j\u00f5uavad organismi. Kui need ained satuvad organismi suurtes kogustes, ilmnevad kohe m\u00fcrgistuse s\u00fcmptomid, nagu iiveldus, oksendamine, peavalu ja muud n\u00e4hud. Kuid t\u00e4nap\u00e4eval on t\u00e4heldatav aeglane ja j\u00e4rkj\u00e4rguline m\u00fcrgistusprotsess, mille k\u00e4igus satuvad m\u00fcrgised ained organismi v\u00e4ikestes kogustes ning tagaj\u00e4rjed on pikaajalised ja kliinilised s\u00fcmptomid ilmnevad j\u00e4rk-j\u00e4rgult.<\/p>\n\n\n\n<p>Raskemetallid v\u00f5ivad p\u00f5hjustada t\u00f5siseid haigusi isegi siis, kui neid sisse hingatakse v\u00e4ikestes kogustes. Esmalt hakkavad need n\u00f5rgestama immuuns\u00fcsteemi. Raskemetallid p\u00f5hjustavad ka geneetilisi muutusi. Inimorganismis kogunevad raskemetallid peamiselt maksa, neerudesse ja ajusse. Kui need elundid ei suuda enam seda koormust taluda, hakkavad raskemetallid levima kogu kehas, h\u00e4irides teiste elundite ja s\u00fcsteemide t\u00f6\u00f6d.<\/p>\n\n\n\n<p>Tavaliselt saab inimese organism ise \u00fcsna h\u00e4sti raskmetallidega hakkama, kuid kui nende kogus \u00fcletab meie v\u00f5ime neid organismist v\u00e4lja viia, hakkavad toksilised metallid kogunema. Rasketel juhtudel v\u00f5ib olla vajalik kelaatravi. Selle k\u00e4igus kasutatakse tavaliselt aminohappeid, mis seovad veres ja kudedes metalliioone, piiravad nende m\u00fcrgisust ja viivad need ained organismist v\u00e4lja. Kui raskmetallid satuvad organismi, hakkavad need kohe v\u00f5istlema oluliste mineraalidega, nagu tsink, vask, kaltsium ja magneesium. L\u00f5puks asendavad need mineraalid ja takistavad organitel korralikult t\u00f6\u00f6tamast.<\/p>\n\n\n\n<p>Kuid kelaatravi on organismile suur koormus ja seet\u00f5ttu tuleks seda kasutada vaid \u00fchekordse meetodina v\u00f5i viimase v\u00f5imalusena, kui on tekkinud krooniline m\u00fcrgistus raskmetallidega. Lisaks on olemas lihtsamaid ja ohutumaid viise, kuidas aidata organismil raskmetallidest vabaneda.<\/p>\n\n\n\n<blockquote class=\"wp-block-quote is-layout-flow wp-block-quote-is-layout-flow\">\n<p style=\"font-size:28px\">Parim on v\u00e4hendada kokkupuudet raskmetallidega.<\/p>\n<\/blockquote>\n\n\n\n<p>Raskmetallide organismi sattumist on edukalt v\u00f5imalik piirata, kui selgitate v\u00e4lja, kus te igap\u00e4evaselt nendega kokku puutute, ja seej\u00e4rel p\u00fc\u00fcdlete seda kokkupuudet v\u00e4ltida. Siin on m\u00f5ned tuntud faktid, mida tuleks arvesse v\u00f5tta:<\/p>\n\n\n\n<ul class=\"wp-block-list\">\n<li>M\u00f5elge sellele, kas peaksite kaaluma elavh\u00f5beda hambaproteeside vahetamist.<\/li>\n\n\n\n<li>Kui suitsetad, j\u00e4ta maha! Sigareti suitsetamine on peamine tee, mille kaudu kaadmium siseneb kehasse.<\/li>\n\n\n\n<li>V\u00e4ltige neid tooteid v\u00f5i piirake nende tarbimist toidus, milles on teadaolevalt palju plii, elavh\u00f5bedat ja kadmiiumi. K\u00f5ige sagedamini on need rannakarpide ja koorikloomade, magevee- ja mereloomade, s\u00fcvaveekalade, intensiivsete p\u00f5llumajandustingimuste all kasvatatud veiste liha ja koduloomade siseorganid, eriti maks ja neerud. Samuti tasub mainida pestitsiididega pritsitud k\u00f6\u00f6givilju ja puuvilju. Olge v\u00e4ga ettevaatlikud ka t\u00f6\u00f6stuslikult toodetud toidu, alkoholi ja kofeiini sisaldavate toodete puhul.<\/li>\n\n\n\n<li>V\u00e4ltige raskmetalle kodutoodetes ja proovige leida ohutum alternatiiv.<\/li>\n\n\n\n<li>Paigaldage koju hea vee filtreerimiss\u00fcsteem.<\/li>\n\n\n\n<li>Puhasta keha koriandriga ja v\u00f5ta seleeni<\/li>\n<\/ul>\n\n\n\n<p>Seda v\u00f5ib kasutada mitte ainult maitsva lisandina karri ja salatite juurde, sest koriander ehk kinza on ka t\u00f5hus vahend organismi puhastamiseks. Koriandri toidusse lisamine on samuti efektiivne \u2013 see aitab edukamalt eemaldada elavh\u00f5bedas\u00fcsteeme organismist, kui h\u00f5bedased t\u00e4idised on eemaldatud ja hambad on t\u00e4idetud teise materjaliga. Kaaluge oma dieeti toitude lisamist, mis sisaldavad palju seleeni, nagu Brasiilia p\u00e4hklid, munad, sibulad ja brokoli, v\u00f5i kasutage looduslikku seleeni preparaati, n\u00e4iteks p\u00e4rmi.<\/p>\n\n\n\n<p><strong>S\u00f6\u00f6dige vetikaid<\/strong>. \u00dcksikrakkulised magevee vetikad, nagu klorella (Chlorella pyrenoidosa), sisaldavad palju klorof\u00fclli, mis seondub raskemetallidega, nagu kadmium, plii ja elavh\u00f5be, aidates neid organismist eemaldada. Klorella sisaldab ka glutationi, mis on oluline element organismi loomulikus detoksikatsioonis\u00fcsteemis. Spirulina on veel \u00fcks magevee vetikate liik, mis v\u00f5ib samuti aidata organismil raskemetalle eemaldada. Kiudained on samuti vajalikud, et organism saaks seedetrakti kaudu toksiine v\u00e4lja viia.<\/p>\n\n\n\n<p><strong>Hoolitsege, et teie toitumine oleks tervislik ja tasakaalus<\/strong>, sest kui organism ei saa vajalikke toitaineid piisavas koguses, kogunevad raskemetallid kiiremini. Oluline on, et kiudainete kogus oleks piisav, kuna need suudavad seonduda toksiliste ainete k\u00fclge ja soodustada nende organismist v\u00e4ljav\u00f5tmist. Ristikheinale kuuluvad taimed, nagu brokoli, kapsas, lillkapsas ja lehtkapsas, on suurep\u00e4rane kiudainete allikas. Lisaks sisaldavad need palju olulisi \u00fchendeid, mis stimuleerivad organismi ens\u00fc\u00fcmide tootmist, mis on vajalikud detoksikatsiooniks, ja tugevdavad antioks\u00fcdantide toimet \u2013 see ei meeldi raskemetallidele.<\/p>\n\n\n\n<p><strong>Hoolitsege saunas<\/strong> &#8211; higistamine on \u00fcks peamisi viise, kuidas toksilised ained organismist eemaldatakse. Uuringud n\u00e4itavad, et higis leidub nii pliid, elavh\u00f5bedat, kadmiumi kui ka arseniiti, seega aitab saun v\u00f5i aurusaun keha neist ainetest puhastada. Ka spordiklubide saunad ja aurusaunad on head higistamiseks, kuid eriti soovitatav on infrapuna sauna, kuna infrapuna soojus m\u00f5jutab keha otseselt. Enamikule inimestele piisab iga teise p\u00e4eva jooksul 3\u20135-minutilisest seansist. Higi eritumise ajal on oluline juua piisavalt vedelikku, et kompenseerida v\u00e4ljutatud niiskust. Et kahjulikud ained, mida olete higistanud, ei satuks tagasi organismi, peske p\u00e4rast sauna v\u00f5i aurusauna alati du\u0161i all.<\/p>\n\n\n\n<p><strong>Treeni<\/strong>, et luua vajalikke ens\u00fc\u00fcme \u2013 f\u00fc\u00fcsilised tegevused aitavad organismil puhastuda mitte ainult seet\u00f5ttu, et panevad sind higistama. Isegi \u00fcks treening jalgrattas\u00f5idumasinal v\u00f5ib kahekordistada detoksikatsiooniks vajalike ens\u00fc\u00fcmide hulka, aidates organismil vabaneda toksilistest metallidest ja muudest kahjulikest ainetest. N\u00e4dalas on vajalik kolm kuni viis 20\u201330 minuti pikkust aeroobset treeningut, mis panevad sind veidi hingeldama. Samuti on p\u00e4rast treeningut alati oluline du\u0161i all k\u00e4ia.<\/p>\n\n\n\n<p>Raskemetalle saab laboratoorselt tuvastada vereanal\u00fc\u00fcsidega, kuid t\u00e4psemaid andmeid nende hulga ja kohaloleku kohta saab m\u00e4\u00e4rata ka muudes keskkondades \u2013 juustes, k\u00fc\u00fcntes, uriinis, v\u00e4ljaheites jne. Raskemetallide kohaloleku hindamisel anal\u00fc\u00fcsides on v\u00f5imalik m\u00e4\u00e4rata 38 keemilist elementi \u2013 h\u00f5bedat, alumiiniumi, arseniiki, boori, baariumi, ber\u00fclliumi, vismutit, kadmiumit, koobaltit, kr\u00fcptoni, tseesiumi, vaske, rauda, galliumi, elavh\u00f5bedat, liitiumit, mangaani, mol\u00fcbdeeni, nikkeli, plii, seleeni, tina, titaani, tsinki, indiumi, iiriumi, palladiumit, plaatinat, alumiiniumi, antimonit, strontsiumi, uraani, volframit, talliumi, tsirkoniumit jne.<\/p>\n\n\n\n<p>Kliinikus Santa Monica on v\u00e4lja t\u00f6\u00f6tatud protokoll, mille raames kasutatakse helaatravi, et eemaldada organismist raskemetallid ja nende \u00fchendid. Helaatravi on meditsiiniline protseduur, mis h\u00f5lmab helaatide moodustavate ainete manustamist, et eemaldada organismist raskemetallid. Selle k\u00e4igus manustatakse intravenoosselt ainet, mis seob raskemetallide \u00fchendeid, et seej\u00e4rel neerude kaudu nende eritumist soodustada.<\/p>\n<\/div><\/div>\n\n<\/div><\/div>\n<p><\/p>\n\n<div style=\"height:80px\" aria-hidden=\"true\" class=\"wp-block-spacer\"><\/div>\n","protected":false},"excerpt":{"rendered":"<p>Raskmetallid Kliinik &#8220;Santa Monica&#8221; pakub raskmetallide anal\u00fc\u00fcsi Rasked metallid, nagu plii, elavh\u00f5be, kaadmium ja arseen, on keskkonnas k\u00f5ikjal, mist\u00f5ttu puutub iga\u00fcks meist iga p\u00e4ev kokku teatud kogustes nende m\u00fcrkidega, mis j\u00f5uavad organismi. Kui need ained satuvad organismi suurtes kogustes, ilmnevad kohe m\u00fcrgistuse s\u00fcmptomid, nagu iiveldus, oksendamine, peavalu ja muud n\u00e4hud. Kuid t\u00e4nap\u00e4eval on t\u00e4heldatav aeglane&#8230;<\/p>\n","protected":false},"author":1,"featured_media":0,"parent":0,"menu_order":0,"comment_status":"closed","ping_status":"closed","template":"","meta":{"_acf_changed":false,"_uag_custom_page_level_css":"","_kadence_starter_templates_imported_post":false,"_kad_post_transparent":"","_kad_post_title":"hide","_kad_post_layout":"fullwidth","_kad_post_sidebar_id":"","_kad_post_content_style":"unboxed","_kad_post_vertical_padding":"hide","_kad_post_feature":"hide","_kad_post_feature_position":"","_kad_post_header":false,"_kad_post_footer":false,"footnotes":""},"class_list":["post-2085","page","type-page","status-publish","hentry"],"acf":[],"yoast_head":"<!-- This site is optimized with the Yoast SEO plugin v26.4 - https:\/\/yoast.com\/wordpress\/plugins\/seo\/ -->\n<title>Raskmetallid - Santa Monica<\/title>\n<meta name=\"robots\" content=\"index, follow, max-snippet:-1, max-image-preview:large, max-video-preview:-1\" \/>\n<link rel=\"canonical\" href=\"https:\/\/santamonica.lv\/et\/raskmetallid\/\" \/>\n<meta property=\"og:locale\" content=\"et_EE\" \/>\n<meta property=\"og:type\" content=\"article\" \/>\n<meta property=\"og:title\" content=\"Raskmetallid - Santa Monica\" \/>\n<meta property=\"og:description\" content=\"Raskmetallid Kliinik &#8220;Santa Monica&#8221; pakub raskmetallide anal\u00fc\u00fcsi Rasked metallid, nagu plii, elavh\u00f5be, kaadmium ja arseen, on keskkonnas k\u00f5ikjal, mist\u00f5ttu puutub iga\u00fcks meist iga p\u00e4ev kokku teatud kogustes nende m\u00fcrkidega, mis j\u00f5uavad organismi. Kui need ained satuvad organismi suurtes kogustes, ilmnevad kohe m\u00fcrgistuse s\u00fcmptomid, nagu iiveldus, oksendamine, peavalu ja muud n\u00e4hud. Kuid t\u00e4nap\u00e4eval on t\u00e4heldatav aeglane...\" \/>\n<meta property=\"og:url\" content=\"https:\/\/santamonica.lv\/et\/raskmetallid\/\" \/>\n<meta property=\"og:site_name\" content=\"Santa Monica\" \/>\n<meta property=\"article:publisher\" content=\"https:\/\/www.facebook.com\/klinikasantamonica\" \/>\n<meta property=\"article:modified_time\" content=\"2024-10-20T15:52:57+00:00\" \/>\n<meta name=\"twitter:card\" content=\"summary_large_image\" \/>\n<meta name=\"twitter:label1\" content=\"Est. reading time\" \/>\n\t<meta name=\"twitter:data1\" content=\"5 minutit\" \/>\n<script type=\"application\/ld+json\" class=\"yoast-schema-graph\">{\"@context\":\"https:\/\/schema.org\",\"@graph\":[{\"@type\":\"WebPage\",\"@id\":\"https:\/\/santamonica.lv\/et\/raskmetallid\/\",\"url\":\"https:\/\/santamonica.lv\/et\/raskmetallid\/\",\"name\":\"Raskmetallid - Santa Monica\",\"isPartOf\":{\"@id\":\"https:\/\/santamonica.lv\/et\/#website\"},\"datePublished\":\"2024-07-09T17:06:10+00:00\",\"dateModified\":\"2024-10-20T15:52:57+00:00\",\"breadcrumb\":{\"@id\":\"https:\/\/santamonica.lv\/et\/raskmetallid\/#breadcrumb\"},\"inLanguage\":\"et\",\"potentialAction\":[{\"@type\":\"ReadAction\",\"target\":[\"https:\/\/santamonica.lv\/et\/raskmetallid\/\"]}]},{\"@type\":\"BreadcrumbList\",\"@id\":\"https:\/\/santamonica.lv\/et\/raskmetallid\/#breadcrumb\",\"itemListElement\":[{\"@type\":\"ListItem\",\"position\":1,\"name\":\"Home\",\"item\":\"https:\/\/santamonica.lv\/et\/sakums\/\"},{\"@type\":\"ListItem\",\"position\":2,\"name\":\"Raskmetallid\"}]},{\"@type\":\"WebSite\",\"@id\":\"https:\/\/santamonica.lv\/et\/#website\",\"url\":\"https:\/\/santamonica.lv\/et\/\",\"name\":\"Santa Monica\",\"description\":\"\",\"potentialAction\":[{\"@type\":\"SearchAction\",\"target\":{\"@type\":\"EntryPoint\",\"urlTemplate\":\"https:\/\/santamonica.lv\/et\/?s={search_term_string}\"},\"query-input\":{\"@type\":\"PropertyValueSpecification\",\"valueRequired\":true,\"valueName\":\"search_term_string\"}}],\"inLanguage\":\"et\"}]}<\/script>\n<!-- \/ Yoast SEO plugin. -->","yoast_head_json":{"title":"Raskmetallid - Santa Monica","robots":{"index":"index","follow":"follow","max-snippet":"max-snippet:-1","max-image-preview":"max-image-preview:large","max-video-preview":"max-video-preview:-1"},"canonical":"https:\/\/santamonica.lv\/et\/raskmetallid\/","og_locale":"et_EE","og_type":"article","og_title":"Raskmetallid - Santa Monica","og_description":"Raskmetallid Kliinik &#8220;Santa Monica&#8221; pakub raskmetallide anal\u00fc\u00fcsi Rasked metallid, nagu plii, elavh\u00f5be, kaadmium ja arseen, on keskkonnas k\u00f5ikjal, mist\u00f5ttu puutub iga\u00fcks meist iga p\u00e4ev kokku teatud kogustes nende m\u00fcrkidega, mis j\u00f5uavad organismi. Kui need ained satuvad organismi suurtes kogustes, ilmnevad kohe m\u00fcrgistuse s\u00fcmptomid, nagu iiveldus, oksendamine, peavalu ja muud n\u00e4hud. Kuid t\u00e4nap\u00e4eval on t\u00e4heldatav aeglane...","og_url":"https:\/\/santamonica.lv\/et\/raskmetallid\/","og_site_name":"Santa Monica","article_publisher":"https:\/\/www.facebook.com\/klinikasantamonica","article_modified_time":"2024-10-20T15:52:57+00:00","twitter_card":"summary_large_image","twitter_misc":{"Est. reading time":"5 minutit"},"schema":{"@context":"https:\/\/schema.org","@graph":[{"@type":"WebPage","@id":"https:\/\/santamonica.lv\/et\/raskmetallid\/","url":"https:\/\/santamonica.lv\/et\/raskmetallid\/","name":"Raskmetallid - Santa Monica","isPartOf":{"@id":"https:\/\/santamonica.lv\/et\/#website"},"datePublished":"2024-07-09T17:06:10+00:00","dateModified":"2024-10-20T15:52:57+00:00","breadcrumb":{"@id":"https:\/\/santamonica.lv\/et\/raskmetallid\/#breadcrumb"},"inLanguage":"et","potentialAction":[{"@type":"ReadAction","target":["https:\/\/santamonica.lv\/et\/raskmetallid\/"]}]},{"@type":"BreadcrumbList","@id":"https:\/\/santamonica.lv\/et\/raskmetallid\/#breadcrumb","itemListElement":[{"@type":"ListItem","position":1,"name":"Home","item":"https:\/\/santamonica.lv\/et\/sakums\/"},{"@type":"ListItem","position":2,"name":"Raskmetallid"}]},{"@type":"WebSite","@id":"https:\/\/santamonica.lv\/et\/#website","url":"https:\/\/santamonica.lv\/et\/","name":"Santa Monica","description":"","potentialAction":[{"@type":"SearchAction","target":{"@type":"EntryPoint","urlTemplate":"https:\/\/santamonica.lv\/et\/?s={search_term_string}"},"query-input":{"@type":"PropertyValueSpecification","valueRequired":true,"valueName":"search_term_string"}}],"inLanguage":"et"}]}},"uagb_featured_image_src":{"full":false,"thumbnail":false,"medium":false,"medium_large":false,"large":false,"1536x1536":false,"2048x2048":false,"woocommerce_thumbnail":false,"woocommerce_single":false,"woocommerce_gallery_thumbnail":false},"uagb_author_info":{"display_name":"admin","author_link":"https:\/\/santamonica.lv\/et\/author\/admin\/"},"uagb_comment_info":0,"uagb_excerpt":"Raskmetallid Kliinik &#8220;Santa Monica&#8221; pakub raskmetallide anal\u00fc\u00fcsi Rasked metallid, nagu plii, elavh\u00f5be, kaadmium ja arseen, on keskkonnas k\u00f5ikjal, mist\u00f5ttu puutub iga\u00fcks meist iga p\u00e4ev kokku teatud kogustes nende m\u00fcrkidega, mis j\u00f5uavad organismi. Kui need ained satuvad organismi suurtes kogustes, ilmnevad kohe m\u00fcrgistuse s\u00fcmptomid, nagu iiveldus, oksendamine, peavalu ja muud n\u00e4hud. Kuid t\u00e4nap\u00e4eval on t\u00e4heldatav aeglane...","_links":{"self":[{"href":"https:\/\/santamonica.lv\/et\/wp-json\/wp\/v2\/pages\/2085","targetHints":{"allow":["GET"]}}],"collection":[{"href":"https:\/\/santamonica.lv\/et\/wp-json\/wp\/v2\/pages"}],"about":[{"href":"https:\/\/santamonica.lv\/et\/wp-json\/wp\/v2\/types\/page"}],"author":[{"embeddable":true,"href":"https:\/\/santamonica.lv\/et\/wp-json\/wp\/v2\/users\/1"}],"replies":[{"embeddable":true,"href":"https:\/\/santamonica.lv\/et\/wp-json\/wp\/v2\/comments?post=2085"}],"version-history":[{"count":2,"href":"https:\/\/santamonica.lv\/et\/wp-json\/wp\/v2\/pages\/2085\/revisions"}],"predecessor-version":[{"id":2239,"href":"https:\/\/santamonica.lv\/et\/wp-json\/wp\/v2\/pages\/2085\/revisions\/2239"}],"wp:attachment":[{"href":"https:\/\/santamonica.lv\/et\/wp-json\/wp\/v2\/media?parent=2085"}],"curies":[{"name":"wp","href":"https:\/\/api.w.org\/{rel}","templated":true}]}}