{"id":2088,"date":"2023-10-07T18:50:27","date_gmt":"2023-10-07T15:50:27","guid":{"rendered":"https:\/\/santamonica.lv\/looklained\/"},"modified":"2024-10-20T18:05:56","modified_gmt":"2024-10-20T15:05:56","slug":"looklained","status":"publish","type":"page","link":"https:\/\/santamonica.lv\/et\/looklained\/","title":{"rendered":"L\u00f6\u00f6klained"},"content":{"rendered":"<style>.kb-row-layout-id2088_bfb607-ad > .kt-row-column-wrap{align-content:start;}:where(.kb-row-layout-id2088_bfb607-ad > .kt-row-column-wrap) > .wp-block-kadence-column{justify-content:start;}.kb-row-layout-id2088_bfb607-ad > .kt-row-column-wrap{column-gap:var(--global-kb-gap-md, 2rem);row-gap:var(--global-kb-gap-md, 2rem);max-width:var( --global-content-width, 1290px );padding-left:var(--global-content-edge-padding);padding-right:var(--global-content-edge-padding);padding-top:140px;padding-bottom:100px;grid-template-columns:minmax(0, 1fr);}.kb-row-layout-id2088_bfb607-ad > .kt-row-layout-overlay{opacity:0.07;background-image:url('https:\/\/santamonica.lv\/wp-content\/uploads\/2023\/08\/blommor.jpg');background-size:cover;background-position:37% 16%;background-attachment:scroll;background-repeat:no-repeat;mix-blend-mode:normal;}@media all and (max-width: 1024px){.kb-row-layout-id2088_bfb607-ad > .kt-row-column-wrap{padding-top:80px;padding-bottom:80px;grid-template-columns:minmax(0, 1fr);}}@media all and (max-width: 767px){.kb-row-layout-id2088_bfb607-ad > .kt-row-column-wrap{padding-top:100px;padding-right:30px;padding-bottom:100px;padding-left:30px;grid-template-columns:minmax(0, 1fr);}}<\/style><div class=\"kb-row-layout-wrap kb-row-layout-id2088_bfb607-ad alignnone has-theme-palette8-background-color kt-row-has-bg wp-block-kadence-rowlayout\"><div class=\"kt-row-layout-overlay kt-row-overlay-normal\"><\/div><div class=\"kt-row-column-wrap kt-has-1-columns kt-row-layout-equal kt-tab-layout-inherit kt-mobile-layout-row kt-row-valign-top kb-theme-content-width\">\n<style>.kadence-column2088_ef4bd1-25 > .kt-inside-inner-col,.kadence-column2088_ef4bd1-25 > .kt-inside-inner-col:before{border-top-left-radius:0px;border-top-right-radius:0px;border-bottom-right-radius:0px;border-bottom-left-radius:0px;}.kadence-column2088_ef4bd1-25 > .kt-inside-inner-col{column-gap:var(--global-kb-gap-sm, 1rem);}.kadence-column2088_ef4bd1-25 > .kt-inside-inner-col{flex-direction:column;}.kadence-column2088_ef4bd1-25 > .kt-inside-inner-col > .aligncenter{width:100%;}.kadence-column2088_ef4bd1-25 > .kt-inside-inner-col:before{opacity:0.3;}.kadence-column2088_ef4bd1-25{position:relative;}@media all and (max-width: 1024px){.kadence-column2088_ef4bd1-25 > .kt-inside-inner-col{padding-top:0px;padding-right:0px;padding-bottom:0px;padding-left:0px;flex-direction:column;justify-content:center;}}@media all and (max-width: 767px){.kadence-column2088_ef4bd1-25 > .kt-inside-inner-col{flex-direction:column;justify-content:center;}}<\/style>\n<div class=\"wp-block-kadence-column kadence-column2088_ef4bd1-25 inner-column-1\"><div class=\"kt-inside-inner-col\"><style>.kb-row-layout-id2088_05fdbf-3c > .kt-row-column-wrap{align-content:start;}:where(.kb-row-layout-id2088_05fdbf-3c > .kt-row-column-wrap) > .wp-block-kadence-column{justify-content:start;}.kb-row-layout-id2088_05fdbf-3c > .kt-row-column-wrap{column-gap:var(--global-kb-gap-md, 2rem);row-gap:var(--global-kb-gap-md, 2rem);max-width:600px;margin-left:auto;margin-right:auto;padding-top:0px;padding-bottom:0px;grid-template-columns:minmax(0, 1fr);}.kb-row-layout-id2088_05fdbf-3c > .kt-row-layout-overlay{opacity:0.30;}@media all and (max-width: 1024px){.kb-row-layout-id2088_05fdbf-3c > .kt-row-column-wrap{padding-top:0px;padding-right:0px;padding-bottom:0px;padding-left:0px;grid-template-columns:minmax(0, 1fr);}}@media all and (max-width: 767px){.kb-row-layout-id2088_05fdbf-3c > .kt-row-column-wrap{grid-template-columns:minmax(0, 1fr);}}<\/style><div class=\"kb-row-layout-wrap kb-row-layout-id2088_05fdbf-3c alignnone wp-block-kadence-rowlayout\"><div class=\"kt-row-column-wrap kt-has-1-columns kt-row-layout-equal kt-tab-layout-inherit kt-mobile-layout-row kt-row-valign-top\">\n<style>.kadence-column2088_b44eae-fd > .kt-inside-inner-col{padding-right:40px;padding-left:40px;}.kadence-column2088_b44eae-fd > .kt-inside-inner-col,.kadence-column2088_b44eae-fd > .kt-inside-inner-col:before{border-top-left-radius:0px;border-top-right-radius:0px;border-bottom-right-radius:0px;border-bottom-left-radius:0px;}.kadence-column2088_b44eae-fd > .kt-inside-inner-col{column-gap:var(--global-kb-gap-sm, 1rem);}.kadence-column2088_b44eae-fd > .kt-inside-inner-col{flex-direction:column;}.kadence-column2088_b44eae-fd > .kt-inside-inner-col > .aligncenter{width:100%;}.kadence-column2088_b44eae-fd > .kt-inside-inner-col:before{opacity:0.3;}.kadence-column2088_b44eae-fd{position:relative;}@media all and (max-width: 1024px){.kadence-column2088_b44eae-fd > .kt-inside-inner-col{flex-direction:column;justify-content:center;}}@media all and (max-width: 767px){.kadence-column2088_b44eae-fd > .kt-inside-inner-col{padding-right:0px;padding-left:0px;flex-direction:column;justify-content:center;}}<\/style>\n<div class=\"wp-block-kadence-column kadence-column2088_b44eae-fd inner-column-1\"><div class=\"kt-inside-inner-col\"><style>.wp-block-kadence-advancedheading.kt-adv-heading2088_3dcab9-b4, .wp-block-kadence-advancedheading.kt-adv-heading2088_3dcab9-b4[data-kb-block=\"kb-adv-heading2088_3dcab9-b4\"]{padding-top:0px;padding-right:0px;padding-bottom:20px;padding-left:0px;margin-top:0px;margin-right:0px;margin-bottom:0px;margin-left:0px;text-align:center;font-style:normal;text-transform:capitalize;}.wp-block-kadence-advancedheading.kt-adv-heading2088_3dcab9-b4 mark.kt-highlight, .wp-block-kadence-advancedheading.kt-adv-heading2088_3dcab9-b4[data-kb-block=\"kb-adv-heading2088_3dcab9-b4\"] mark.kt-highlight{font-style:normal;color:#f76a0c;-webkit-box-decoration-break:clone;box-decoration-break:clone;padding-top:0px;padding-right:0px;padding-bottom:0px;padding-left:0px;}@media all and (max-width: 767px){.wp-block-kadence-advancedheading.kt-adv-heading2088_3dcab9-b4, .wp-block-kadence-advancedheading.kt-adv-heading2088_3dcab9-b4[data-kb-block=\"kb-adv-heading2088_3dcab9-b4\"]{font-size:var(--global-kb-font-size-lg, 2rem);}}<\/style>\n<h1 class=\"kt-adv-heading2088_3dcab9-b4 wp-block-kadence-advancedheading has-theme-palette-3-color has-text-color\" data-kb-block=\"kb-adv-heading2088_3dcab9-b4\">L\u00f6\u00f6klained<\/h1>\n<\/div><\/div>\n\n<\/div><\/div><\/div><\/div>\n\n<\/div><\/div>\n\n<style>.kb-row-layout-id2088_9e5103-76 > .kt-row-column-wrap{align-content:start;}:where(.kb-row-layout-id2088_9e5103-76 > .kt-row-column-wrap) > .wp-block-kadence-column{justify-content:start;}.kb-row-layout-id2088_9e5103-76 > .kt-row-column-wrap{column-gap:var(--global-kb-gap-md, 2rem);row-gap:var(--global-kb-gap-md, 2rem);max-width:var( --global-content-width, 1290px );padding-left:var(--global-content-edge-padding);padding-right:var(--global-content-edge-padding);padding-top:19px;padding-right:20px;padding-bottom:20px;padding-left:20px;grid-template-columns:minmax(0, 1fr);}.kb-row-layout-id2088_9e5103-76 > .kt-row-layout-overlay{opacity:0.30;}@media all and (max-width: 1024px){.kb-row-layout-id2088_9e5103-76 > .kt-row-column-wrap{padding-top:40px;padding-right:40px;padding-bottom:0px;padding-left:40px;grid-template-columns:minmax(0, 1fr);}}@media all and (max-width: 767px){.kb-row-layout-id2088_9e5103-76 > .kt-row-column-wrap{padding-top:40px;padding-right:40px;padding-bottom:0px;padding-left:40px;grid-template-columns:minmax(0, 1fr);}}<\/style><div class=\"kb-row-layout-wrap kb-row-layout-id2088_9e5103-76 alignnone wp-block-kadence-rowlayout\"><div class=\"kt-row-column-wrap kt-has-1-columns kt-row-layout-equal kt-tab-layout-inherit kt-mobile-layout-row kt-row-valign-top kb-theme-content-width\">\n<style>.kadence-column2088_05e03e-ba > .kt-inside-inner-col,.kadence-column2088_05e03e-ba > .kt-inside-inner-col:before{border-top-left-radius:0px;border-top-right-radius:0px;border-bottom-right-radius:0px;border-bottom-left-radius:0px;}.kadence-column2088_05e03e-ba > .kt-inside-inner-col{column-gap:var(--global-kb-gap-sm, 1rem);}.kadence-column2088_05e03e-ba > .kt-inside-inner-col{flex-direction:column;}.kadence-column2088_05e03e-ba > .kt-inside-inner-col > .aligncenter{width:100%;}.kadence-column2088_05e03e-ba > .kt-inside-inner-col:before{opacity:0.3;}.kadence-column2088_05e03e-ba{position:relative;}@media all and (max-width: 1024px){.kadence-column2088_05e03e-ba > .kt-inside-inner-col{flex-direction:column;justify-content:center;}}@media all and (max-width: 767px){.kadence-column2088_05e03e-ba > .kt-inside-inner-col{flex-direction:column;justify-content:center;}}<\/style>\n<div class=\"wp-block-kadence-column kadence-column2088_05e03e-ba\"><div class=\"kt-inside-inner-col\">\n<div style=\"height:20px\" aria-hidden=\"true\" class=\"wp-block-spacer\"><\/div>\n\n\n\n<div class=\"wp-block-columns is-layout-flex wp-container-core-columns-is-layout-9d6595d7 wp-block-columns-is-layout-flex\">\n<div class=\"wp-block-column is-layout-flow wp-block-column-is-layout-flow\" style=\"flex-basis:33.33%\">\n<figure class=\"wp-block-image size-full\"><img loading=\"lazy\" decoding=\"async\" width=\"402\" height=\"400\" src=\"https:\/\/santamonica.lv\/wp-content\/uploads\/2023\/07\/santa-monica-3.png\" alt=\"\" class=\"wp-image-745\" srcset=\"https:\/\/santamonica.lv\/wp-content\/uploads\/2023\/07\/santa-monica-3.png 402w, https:\/\/santamonica.lv\/wp-content\/uploads\/2023\/07\/santa-monica-3-300x300.png 300w, https:\/\/santamonica.lv\/wp-content\/uploads\/2023\/07\/santa-monica-3-100x100.png 100w, https:\/\/santamonica.lv\/wp-content\/uploads\/2023\/07\/santa-monica-3-150x150.png 150w\" sizes=\"auto, (max-width: 402px) 100vw, 402px\" \/><\/figure>\n<\/div>\n\n\n\n<div class=\"wp-block-column is-layout-flow wp-block-column-is-layout-flow\" style=\"flex-basis:66.66%\">\n<h2 class=\"wp-block-heading\"><strong>Kuidas l\u00f6\u00f6klained t\u00f6\u00f6tavad<\/strong><\/h2>\n\n\n\n<p>Mehaanilised l\u00f6\u00f6klaine impulsid kahjustatud kudedes aktiveerivad hulga positiivseid protsesse \u2013 kaltsiumisoolade ja p\u00f5letiku imendumist, l\u00f5dvestavad pinges lihasstruktuuri, tagavad kudede toitmise ja taastumise.<\/p>\n\n\n\n<p>See ei ole invasiivne meetod, ei ole vajalik tuimastamine. Ainult eraldi kohtades on minimaalne valu tunne, kuid see on normaalne. Protseduur tekitab tuimuse ja v\u00e4simuse tunnet.<\/p>\n\n\n\n<h2 class=\"wp-block-heading\"><strong>Millistel juhtudel on l\u00f6\u00f6klaineteraapia soovitatav?<\/strong><\/h2>\n\n\n\n<p>Seda f\u00fcsioteraapia protseduuri m\u00e4\u00e4ratakse siis, kui massaa\u017e ja \u00f5rnamad f\u00fcsioterapeutilised protseduurid ei aita. Seda meetodit saab kasutada v\u00e4ga laialdaselt, kuid k\u00f5ige sagedamini m\u00e4\u00e4ratakse see, kui esineb:<\/p>\n\n\n\n<ul class=\"wp-block-list\">\n<li>Kuna on p\u00f5letikke liigeste k\u00f5\u00f5lustes, mis p\u00f5hjustavad \u00e4gedaid v\u00f5i kroonilisi valusid, mille p\u00f5hjuseks on venitus, \u00fclekoormus, valud p\u00e4rast sportimis- v\u00f5i kodust traumas, nagu n\u00e4iteks tennisisti k\u00fc\u00fcnarnukk \u2013 valu k\u00fc\u00fcnarliigeses jne. \u2013 randmes, \u00f5lavarre liigeses,<\/li>\n\n\n\n<li>P\u00f5lve sidemete p\u00f5letik ehk \u201eh\u00fcppaja p\u00f5lv\u201d \u2013 see probleem esineb sageli just sportlastel ja tantsijatel,<\/li>\n\n\n\n<li>seljavalu,<\/li>\n\n\n\n<li>Achilleuse k\u00f5\u00f5luse p\u00f5letik, jala sidemete p\u00f5letik, kanna konnasilmad,<\/li>\n\n\n\n<li>Paljud lihaste kokkut\u00f5mbed ja p\u00f5letikud, nn triggerpunktid, mis on kaelas, \u00f5lapiirkonnas ja abaluude vahel, leitakse sageli palju arvuti taga viibivatel patsientidel, ka n\u00e4rimislihase p\u00f5letik jne.<\/li>\n\n\n\n<li>paksenenud armkude \u2013 teraapia muudab need pehmemaks;<\/li>\n\n\n\n<li>erektsioonih\u00e4ired meestel, \u2013 parandab peenise vereringet, moodustab uusi veresooni ja korrastab verevoolu positiivses suunas jne.<\/li>\n<\/ul>\n\n\n\n<p>See on mitteinvasiivne meetod, analgeesiat pole vaja. Ainult teatud kohtades on valu tunne minimaalselt, aga nii see peabki olema. Protseduur p\u00f5hjustab kipitus- ja v\u00e4simustunnet.<\/p>\n\n\n<style>.wp-block-kadence-advancedbtn.kb-btns2088_50d028-bf{gap:var(--global-kb-gap-xs, 0.5rem );justify-content:flex-start;align-items:center;}.kt-btns2088_50d028-bf .kt-button{font-weight:normal;font-style:normal;}.kt-btns2088_50d028-bf .kt-btn-wrap-0{margin-right:5px;}.wp-block-kadence-advancedbtn.kt-btns2088_50d028-bf .kt-btn-wrap-0 .kt-button{color:#555555;border-color:#555555;}.wp-block-kadence-advancedbtn.kt-btns2088_50d028-bf .kt-btn-wrap-0 .kt-button:hover, .wp-block-kadence-advancedbtn.kt-btns2088_50d028-bf .kt-btn-wrap-0 .kt-button:focus{color:#ffffff;border-color:#444444;}.wp-block-kadence-advancedbtn.kt-btns2088_50d028-bf .kt-btn-wrap-0 .kt-button::before{display:none;}.wp-block-kadence-advancedbtn.kt-btns2088_50d028-bf .kt-btn-wrap-0 .kt-button:hover, .wp-block-kadence-advancedbtn.kt-btns2088_50d028-bf .kt-btn-wrap-0 .kt-button:focus{background:#444444;}<\/style>\n<div class=\"wp-block-kadence-advancedbtn kb-buttons-wrap kb-btns2088_50d028-bf\"><style>ul.menu .wp-block-kadence-advancedbtn .kb-btn2088_2fa349-ca.kb-button{width:initial;}.wp-block-kadence-advancedbtn .kb-btn2088_2fa349-ca.kb-button{border-top-left-radius:100px;border-top-right-radius:100px;border-bottom-right-radius:100px;border-bottom-left-radius:100px;border-top:0px solid;border-right:0px solid;border-bottom:0px solid;border-left:0px solid;padding-top:var(--global-kb-spacing-xs, 1rem);padding-right:var(--global-kb-spacing-sm, 1.5rem);padding-bottom:var(--global-kb-spacing-xs, 1rem);padding-left:var(--global-kb-spacing-sm, 1.5rem);}.wp-block-kadence-advancedbtn .kb-btn2088_2fa349-ca.kb-button:hover, .wp-block-kadence-advancedbtn .kb-btn2088_2fa349-ca.kb-button:focus{background:#000000;}@media all and (max-width: 1024px){.wp-block-kadence-advancedbtn .kb-btn2088_2fa349-ca.kb-button{border-top:0px solid;border-right:0px solid;border-bottom:0px solid;border-left:0px solid;}}@media all and (max-width: 767px){.wp-block-kadence-advancedbtn .kb-btn2088_2fa349-ca.kb-button{border-top:0px solid;border-right:0px solid;border-bottom:0px solid;border-left:0px solid;}}<\/style><a class=\"kb-button kt-button button kb-btn2088_2fa349-ca kt-btn-size-large kt-btn-width-type-auto kb-btn-global-fill  kt-btn-has-text-true kt-btn-has-svg-false  wp-block-kadence-singlebtn\" href=\"https:\/\/santamonica.lv\/et\/taotle-kulastust\/\"><span class=\"kt-btn-inner-text\">Broneeri visiit<\/span><\/a><\/div>\n<\/div>\n<\/div>\n<\/div><\/div>\n\n<\/div><\/div>\n\n<style>.wp-block-kadence-spacer.kt-block-spacer-2088_8affe9-8d .kt-block-spacer{height:80px;}.wp-block-kadence-spacer.kt-block-spacer-2088_8affe9-8d .kt-divider{border-top-width:1px;height:1px;border-top-color:#eee;width:80%;border-top-style:solid;}<\/style>\n<div class=\"wp-block-kadence-spacer aligncenter kt-block-spacer-2088_8affe9-8d\"><div class=\"kt-block-spacer kt-block-spacer-halign-center\"><\/div><\/div>\n","protected":false},"excerpt":{"rendered":"<p>L\u00f6\u00f6klained Kuidas l\u00f6\u00f6klained t\u00f6\u00f6tavad Mehaanilised l\u00f6\u00f6klaine impulsid kahjustatud kudedes aktiveerivad hulga positiivseid protsesse \u2013 kaltsiumisoolade ja p\u00f5letiku imendumist, l\u00f5dvestavad pinges lihasstruktuuri, tagavad kudede toitmise ja taastumise. See ei ole invasiivne meetod, ei ole vajalik tuimastamine. Ainult eraldi kohtades on minimaalne valu tunne, kuid see on normaalne. Protseduur tekitab tuimuse ja v\u00e4simuse tunnet. Millistel juhtudel on&#8230;<\/p>\n","protected":false},"author":1,"featured_media":0,"parent":0,"menu_order":0,"comment_status":"closed","ping_status":"closed","template":"","meta":{"_acf_changed":false,"_uag_custom_page_level_css":"","_kadence_starter_templates_imported_post":false,"_kad_post_transparent":"","_kad_post_title":"hide","_kad_post_layout":"fullwidth","_kad_post_sidebar_id":"","_kad_post_content_style":"unboxed","_kad_post_vertical_padding":"hide","_kad_post_feature":"hide","_kad_post_feature_position":"","_kad_post_header":false,"_kad_post_footer":false,"footnotes":""},"class_list":["post-2088","page","type-page","status-publish","hentry"],"acf":[],"yoast_head":"<!-- This site is optimized with the Yoast SEO plugin v26.4 - https:\/\/yoast.com\/wordpress\/plugins\/seo\/ -->\n<title>L\u00f6\u00f6klained - Santa Monica<\/title>\n<meta name=\"robots\" content=\"index, follow, max-snippet:-1, max-image-preview:large, max-video-preview:-1\" \/>\n<link rel=\"canonical\" href=\"https:\/\/santamonica.lv\/et\/looklained\/\" \/>\n<meta property=\"og:locale\" content=\"et_EE\" \/>\n<meta property=\"og:type\" content=\"article\" \/>\n<meta property=\"og:title\" content=\"L\u00f6\u00f6klained - Santa Monica\" \/>\n<meta property=\"og:description\" content=\"L\u00f6\u00f6klained Kuidas l\u00f6\u00f6klained t\u00f6\u00f6tavad Mehaanilised l\u00f6\u00f6klaine impulsid kahjustatud kudedes aktiveerivad hulga positiivseid protsesse \u2013 kaltsiumisoolade ja p\u00f5letiku imendumist, l\u00f5dvestavad pinges lihasstruktuuri, tagavad kudede toitmise ja taastumise. See ei ole invasiivne meetod, ei ole vajalik tuimastamine. Ainult eraldi kohtades on minimaalne valu tunne, kuid see on normaalne. Protseduur tekitab tuimuse ja v\u00e4simuse tunnet. Millistel juhtudel on...\" \/>\n<meta property=\"og:url\" content=\"https:\/\/santamonica.lv\/et\/looklained\/\" \/>\n<meta property=\"og:site_name\" content=\"Santa Monica\" \/>\n<meta property=\"article:publisher\" content=\"https:\/\/www.facebook.com\/klinikasantamonica\" \/>\n<meta property=\"article:modified_time\" content=\"2024-10-20T15:05:56+00:00\" \/>\n<meta property=\"og:image\" content=\"https:\/\/santamonica.lv\/wp-content\/uploads\/2023\/07\/santa-monica-3.png\" \/>\n\t<meta property=\"og:image:width\" content=\"402\" \/>\n\t<meta property=\"og:image:height\" content=\"400\" \/>\n\t<meta property=\"og:image:type\" content=\"image\/png\" \/>\n<meta name=\"twitter:card\" content=\"summary_large_image\" \/>\n<meta name=\"twitter:label1\" content=\"Est. reading time\" \/>\n\t<meta name=\"twitter:data1\" content=\"1 minut\" \/>\n<script type=\"application\/ld+json\" class=\"yoast-schema-graph\">{\"@context\":\"https:\/\/schema.org\",\"@graph\":[{\"@type\":\"WebPage\",\"@id\":\"https:\/\/santamonica.lv\/et\/looklained\/\",\"url\":\"https:\/\/santamonica.lv\/et\/looklained\/\",\"name\":\"L\u00f6\u00f6klained - Santa Monica\",\"isPartOf\":{\"@id\":\"https:\/\/santamonica.lv\/et\/#website\"},\"primaryImageOfPage\":{\"@id\":\"https:\/\/santamonica.lv\/et\/looklained\/#primaryimage\"},\"image\":{\"@id\":\"https:\/\/santamonica.lv\/et\/looklained\/#primaryimage\"},\"thumbnailUrl\":\"https:\/\/santamonica.lv\/wp-content\/uploads\/2023\/07\/santa-monica-3.png\",\"datePublished\":\"2023-10-07T15:50:27+00:00\",\"dateModified\":\"2024-10-20T15:05:56+00:00\",\"breadcrumb\":{\"@id\":\"https:\/\/santamonica.lv\/et\/looklained\/#breadcrumb\"},\"inLanguage\":\"et\",\"potentialAction\":[{\"@type\":\"ReadAction\",\"target\":[\"https:\/\/santamonica.lv\/et\/looklained\/\"]}]},{\"@type\":\"ImageObject\",\"inLanguage\":\"et\",\"@id\":\"https:\/\/santamonica.lv\/et\/looklained\/#primaryimage\",\"url\":\"https:\/\/santamonica.lv\/wp-content\/uploads\/2023\/07\/santa-monica-3.png\",\"contentUrl\":\"https:\/\/santamonica.lv\/wp-content\/uploads\/2023\/07\/santa-monica-3.png\"},{\"@type\":\"BreadcrumbList\",\"@id\":\"https:\/\/santamonica.lv\/et\/looklained\/#breadcrumb\",\"itemListElement\":[{\"@type\":\"ListItem\",\"position\":1,\"name\":\"Home\",\"item\":\"https:\/\/santamonica.lv\/et\/sakums\/\"},{\"@type\":\"ListItem\",\"position\":2,\"name\":\"L\u00f6\u00f6klained\"}]},{\"@type\":\"WebSite\",\"@id\":\"https:\/\/santamonica.lv\/et\/#website\",\"url\":\"https:\/\/santamonica.lv\/et\/\",\"name\":\"Santa Monica\",\"description\":\"\",\"potentialAction\":[{\"@type\":\"SearchAction\",\"target\":{\"@type\":\"EntryPoint\",\"urlTemplate\":\"https:\/\/santamonica.lv\/et\/?s={search_term_string}\"},\"query-input\":{\"@type\":\"PropertyValueSpecification\",\"valueRequired\":true,\"valueName\":\"search_term_string\"}}],\"inLanguage\":\"et\"}]}<\/script>\n<!-- \/ Yoast SEO plugin. -->","yoast_head_json":{"title":"L\u00f6\u00f6klained - Santa Monica","robots":{"index":"index","follow":"follow","max-snippet":"max-snippet:-1","max-image-preview":"max-image-preview:large","max-video-preview":"max-video-preview:-1"},"canonical":"https:\/\/santamonica.lv\/et\/looklained\/","og_locale":"et_EE","og_type":"article","og_title":"L\u00f6\u00f6klained - Santa Monica","og_description":"L\u00f6\u00f6klained Kuidas l\u00f6\u00f6klained t\u00f6\u00f6tavad Mehaanilised l\u00f6\u00f6klaine impulsid kahjustatud kudedes aktiveerivad hulga positiivseid protsesse \u2013 kaltsiumisoolade ja p\u00f5letiku imendumist, l\u00f5dvestavad pinges lihasstruktuuri, tagavad kudede toitmise ja taastumise. See ei ole invasiivne meetod, ei ole vajalik tuimastamine. Ainult eraldi kohtades on minimaalne valu tunne, kuid see on normaalne. Protseduur tekitab tuimuse ja v\u00e4simuse tunnet. Millistel juhtudel on...","og_url":"https:\/\/santamonica.lv\/et\/looklained\/","og_site_name":"Santa Monica","article_publisher":"https:\/\/www.facebook.com\/klinikasantamonica","article_modified_time":"2024-10-20T15:05:56+00:00","og_image":[{"width":402,"height":400,"url":"https:\/\/santamonica.lv\/wp-content\/uploads\/2023\/07\/santa-monica-3.png","type":"image\/png"}],"twitter_card":"summary_large_image","twitter_misc":{"Est. reading time":"1 minut"},"schema":{"@context":"https:\/\/schema.org","@graph":[{"@type":"WebPage","@id":"https:\/\/santamonica.lv\/et\/looklained\/","url":"https:\/\/santamonica.lv\/et\/looklained\/","name":"L\u00f6\u00f6klained - Santa Monica","isPartOf":{"@id":"https:\/\/santamonica.lv\/et\/#website"},"primaryImageOfPage":{"@id":"https:\/\/santamonica.lv\/et\/looklained\/#primaryimage"},"image":{"@id":"https:\/\/santamonica.lv\/et\/looklained\/#primaryimage"},"thumbnailUrl":"https:\/\/santamonica.lv\/wp-content\/uploads\/2023\/07\/santa-monica-3.png","datePublished":"2023-10-07T15:50:27+00:00","dateModified":"2024-10-20T15:05:56+00:00","breadcrumb":{"@id":"https:\/\/santamonica.lv\/et\/looklained\/#breadcrumb"},"inLanguage":"et","potentialAction":[{"@type":"ReadAction","target":["https:\/\/santamonica.lv\/et\/looklained\/"]}]},{"@type":"ImageObject","inLanguage":"et","@id":"https:\/\/santamonica.lv\/et\/looklained\/#primaryimage","url":"https:\/\/santamonica.lv\/wp-content\/uploads\/2023\/07\/santa-monica-3.png","contentUrl":"https:\/\/santamonica.lv\/wp-content\/uploads\/2023\/07\/santa-monica-3.png"},{"@type":"BreadcrumbList","@id":"https:\/\/santamonica.lv\/et\/looklained\/#breadcrumb","itemListElement":[{"@type":"ListItem","position":1,"name":"Home","item":"https:\/\/santamonica.lv\/et\/sakums\/"},{"@type":"ListItem","position":2,"name":"L\u00f6\u00f6klained"}]},{"@type":"WebSite","@id":"https:\/\/santamonica.lv\/et\/#website","url":"https:\/\/santamonica.lv\/et\/","name":"Santa Monica","description":"","potentialAction":[{"@type":"SearchAction","target":{"@type":"EntryPoint","urlTemplate":"https:\/\/santamonica.lv\/et\/?s={search_term_string}"},"query-input":{"@type":"PropertyValueSpecification","valueRequired":true,"valueName":"search_term_string"}}],"inLanguage":"et"}]}},"uagb_featured_image_src":{"full":false,"thumbnail":false,"medium":false,"medium_large":false,"large":false,"1536x1536":false,"2048x2048":false,"woocommerce_thumbnail":false,"woocommerce_single":false,"woocommerce_gallery_thumbnail":false},"uagb_author_info":{"display_name":"admin","author_link":"https:\/\/santamonica.lv\/et\/author\/admin\/"},"uagb_comment_info":0,"uagb_excerpt":"L\u00f6\u00f6klained Kuidas l\u00f6\u00f6klained t\u00f6\u00f6tavad Mehaanilised l\u00f6\u00f6klaine impulsid kahjustatud kudedes aktiveerivad hulga positiivseid protsesse \u2013 kaltsiumisoolade ja p\u00f5letiku imendumist, l\u00f5dvestavad pinges lihasstruktuuri, tagavad kudede toitmise ja taastumise. See ei ole invasiivne meetod, ei ole vajalik tuimastamine. Ainult eraldi kohtades on minimaalne valu tunne, kuid see on normaalne. Protseduur tekitab tuimuse ja v\u00e4simuse tunnet. Millistel juhtudel on...","_links":{"self":[{"href":"https:\/\/santamonica.lv\/et\/wp-json\/wp\/v2\/pages\/2088","targetHints":{"allow":["GET"]}}],"collection":[{"href":"https:\/\/santamonica.lv\/et\/wp-json\/wp\/v2\/pages"}],"about":[{"href":"https:\/\/santamonica.lv\/et\/wp-json\/wp\/v2\/types\/page"}],"author":[{"embeddable":true,"href":"https:\/\/santamonica.lv\/et\/wp-json\/wp\/v2\/users\/1"}],"replies":[{"embeddable":true,"href":"https:\/\/santamonica.lv\/et\/wp-json\/wp\/v2\/comments?post=2088"}],"version-history":[{"count":3,"href":"https:\/\/santamonica.lv\/et\/wp-json\/wp\/v2\/pages\/2088\/revisions"}],"predecessor-version":[{"id":2226,"href":"https:\/\/santamonica.lv\/et\/wp-json\/wp\/v2\/pages\/2088\/revisions\/2226"}],"wp:attachment":[{"href":"https:\/\/santamonica.lv\/et\/wp-json\/wp\/v2\/media?parent=2088"}],"curies":[{"name":"wp","href":"https:\/\/api.w.org\/{rel}","templated":true}]}}