{"id":2090,"date":"2024-01-26T20:24:07","date_gmt":"2024-01-26T18:24:07","guid":{"rendered":"https:\/\/santamonica.lv\/tervisele\/"},"modified":"2025-03-06T01:00:37","modified_gmt":"2025-03-05T23:00:37","slug":"tervisele","status":"publish","type":"page","link":"https:\/\/santamonica.lv\/et\/tervisele\/","title":{"rendered":"Tervisele"},"content":{"rendered":"<style>\n.childpagescard_img_block26f5bd4aa64fdadf96152ca6e6408068 {\n  float: left;\n  padding: 10px;\n}\n.childpagescard_border26f5bd4aa64fdadf96152ca6e6408068 {\n  border-right: solid 5px #7db4e6;\n  padding: 0.25em 0.25em;\n  color: #494949;\n  background: transparent;\n}\n.childpagescard_title26f5bd4aa64fdadf96152ca6e6408068 {\n  line-height: 120%;\n  font-weight: bold;\n  display: block;\n}\n.childpagescard_description26f5bd4aa64fdadf96152ca6e6408068 {\n  line-height: 120%;\n  color: #333;\n}\n<\/style>\n<div class=\"childpagescard_wrap\">\n\t<a style=\"text-decoration: none;\" href=\"https:\/\/santamonica.lv\/et\/tervisele\/viiruk-voi-boswellia\/\">\n\t\t\t<figure class=\"childpagescard_img_block26f5bd4aa64fdadf96152ca6e6408068\">\n\t\t\t<img decoding=\"async\" style=\"border-radius: 5px; width: 300px; height: 300px;\" src=\"https:\/\/santamonica.lv\/wp-content\/uploads\/2024\/01\/bosvelijas-koka-sveki-viraks-300x300.jpg\" alt=\"Viiruk v\u00f5i boswellia - Santa Monica\" \/>\n\t\t<\/figure>\n\t\t<div class=\"childpagescard_inner\">\n\t\t<div class=\"childpagescard_border26f5bd4aa64fdadf96152ca6e6408068\">\n\t\t\t<div class=\"childpagescard_title26f5bd4aa64fdadf96152ca6e6408068\">\n\t\t\t\tViiruk v\u00f5i boswellia &#8211; Santa Monica\t\t\t<\/div>\n\t\t\t\t\t\t\t<div class=\"childpagescard_description26f5bd4aa64fdadf96152ca6e6408068\">\n\t\t\t\t\tL\u00f5hnav viiruk on boswellia puu vaik, mida on kasutatud religioossetel eesm\u00e4rkidel juba iidsetest aegadest, kuid n\u00fc\u00fcd on selle raviomaduste t\u00f5ttu \u00fcha enam mainitud. Boswelliat ehk viirukit on p\u00f5letike &#8230;\t\t\t\t<\/div>\n\t\t\t\t\t<\/div>\n\t<\/div>\n\t<div style=\"clear: both;\"><\/div>\n\t<\/a>\n<\/div>\n<div class=\"childpagescard_wrap\">\n\t<a style=\"text-decoration: none;\" href=\"https:\/\/santamonica.lv\/et\/tervisele\/adek-vitamiini-sustelahus\/\">\n\t\t\t<figure class=\"childpagescard_img_block26f5bd4aa64fdadf96152ca6e6408068\">\n\t\t\t<img decoding=\"async\" style=\"border-radius: 5px; width: 300px; height: 300px;\" src=\"https:\/\/santamonica.lv\/wp-content\/uploads\/2024\/01\/adek-vitaminu-infuzijas-300x300.jpg\" alt=\"ADEK vitamiini s\u00fcstelahus - Santa Monica\" \/>\n\t\t<\/figure>\n\t\t<div class=\"childpagescard_inner\">\n\t\t<div class=\"childpagescard_border26f5bd4aa64fdadf96152ca6e6408068\">\n\t\t\t<div class=\"childpagescard_title26f5bd4aa64fdadf96152ca6e6408068\">\n\t\t\t\tADEK vitamiini s\u00fcstelahus &#8211; Santa Monica\t\t\t<\/div>\n\t\t\t\t\t\t\t<div class=\"childpagescard_description26f5bd4aa64fdadf96152ca6e6408068\">\n\t\t\t\t\tA, D, E ja K-vitamiinid on k\u00f5ik rasvlahustuvad, mis p\u00fcsivad organismis suhteliselt kaua. Paljude haiguste puhul tekib organismis nende ainete defitsiit imendumish\u00e4irete t\u00f5ttu (haavandiline koliit, kro&#8230;\t\t\t\t<\/div>\n\t\t\t\t\t<\/div>\n\t<\/div>\n\t<div style=\"clear: both;\"><\/div>\n\t<\/a>\n<\/div>\n<div class=\"childpagescard_wrap\">\n\t<a style=\"text-decoration: none;\" href=\"https:\/\/santamonica.lv\/et\/tervisele\/alfa-lipoehape\/\">\n\t\t\t<figure class=\"childpagescard_img_block26f5bd4aa64fdadf96152ca6e6408068\">\n\t\t\t<img decoding=\"async\" style=\"border-radius: 5px; width: 300px; height: 300px;\" src=\"https:\/\/santamonica.lv\/wp-content\/uploads\/2024\/01\/alpha-lipoic-acid-300x300.jpg\" alt=\"Alfa lipoehape - Santa Monica\" \/>\n\t\t<\/figure>\n\t\t<div class=\"childpagescard_inner\">\n\t\t<div class=\"childpagescard_border26f5bd4aa64fdadf96152ca6e6408068\">\n\t\t\t<div class=\"childpagescard_title26f5bd4aa64fdadf96152ca6e6408068\">\n\t\t\t\tAlfa lipoehape &#8211; Santa Monica\t\t\t<\/div>\n\t\t\t\t\t\t\t<div class=\"childpagescard_description26f5bd4aa64fdadf96152ca6e6408068\">\n\t\t\t\t\tLipoehape, tuntud ka kui \u03b1-lipoehape, alfa-lipoehape v\u00f5i tiokthape, on v\u00e4\u00e4vlit sisaldav orgaaniline \u00fchend, mis on saadud kapr\u00fc\u00fclhappest. ALS-i toodetakse tavaliselt loomadel ja see on aeroobse ainevah&#8230;\t\t\t\t<\/div>\n\t\t\t\t\t<\/div>\n\t<\/div>\n\t<div style=\"clear: both;\"><\/div>\n\t<\/a>\n<\/div>\n<div class=\"childpagescard_wrap\">\n\t<a style=\"text-decoration: none;\" href=\"https:\/\/santamonica.lv\/et\/tervisele\/artesunate\/\">\n\t\t\t<figure class=\"childpagescard_img_block26f5bd4aa64fdadf96152ca6e6408068\">\n\t\t\t<img decoding=\"async\" style=\"border-radius: 5px; width: 300px; height: 300px;\" src=\"https:\/\/santamonica.lv\/wp-content\/uploads\/2024\/01\/artemisia-annua-300x300.jpg\" alt=\"Artesunate - Santa Monica\" \/>\n\t\t<\/figure>\n\t\t<div class=\"childpagescard_inner\">\n\t\t<div class=\"childpagescard_border26f5bd4aa64fdadf96152ca6e6408068\">\n\t\t\t<div class=\"childpagescard_title26f5bd4aa64fdadf96152ca6e6408068\">\n\t\t\t\tArtesunate &#8211; Santa Monica\t\t\t<\/div>\n\t\t\t\t\t\t\t<div class=\"childpagescard_description26f5bd4aa64fdadf96152ca6e6408068\">\n\t\t\t\t\tArtesunaat\u00a0on artemisiniini derivaat, mis on saadud Hiina taimest\u00a0Artemisia\u00a0annua ehk hiina koirohust. Seda on Aasia riikides kasutatud sajandeid traditsioonilise vahendina\u00a0infektsioonide raviks. \u00a0\n\n\n&#8230;\t\t\t\t<\/div>\n\t\t\t\t\t<\/div>\n\t<\/div>\n\t<div style=\"clear: both;\"><\/div>\n\t<\/a>\n<\/div>\n<div class=\"childpagescard_wrap\">\n\t<a style=\"text-decoration: none;\" href=\"https:\/\/santamonica.lv\/et\/tervisele\/c-vitamiin\/\">\n\t\t\t<figure class=\"childpagescard_img_block26f5bd4aa64fdadf96152ca6e6408068\">\n\t\t\t<img decoding=\"async\" style=\"border-radius: 5px; width: 300px; height: 300px;\" src=\"https:\/\/santamonica.lv\/wp-content\/uploads\/2024\/01\/vitamina-c-terapija-veza-arstesanai-300x300.jpg\" alt=\"C-vitamiin - Santa Monica\" \/>\n\t\t<\/figure>\n\t\t<div class=\"childpagescard_inner\">\n\t\t<div class=\"childpagescard_border26f5bd4aa64fdadf96152ca6e6408068\">\n\t\t\t<div class=\"childpagescard_title26f5bd4aa64fdadf96152ca6e6408068\">\n\t\t\t\tC-vitamiin &#8211; Santa Monica\t\t\t<\/div>\n\t\t\t\t\t\t\t<div class=\"childpagescard_description26f5bd4aa64fdadf96152ca6e6408068\">\n\t\t\t\t\tT\u00f5hus vahend erinevate haiguste ravis.\u00a0C-vitamiin toimib nii viiruste vastu kui ka seda saab kasutada bakteriaalsete infektsioonide korral. See t\u00f6\u00f6tab korraga erinevates suundades. Aktiveerides loodus&#8230;\t\t\t\t<\/div>\n\t\t\t\t\t<\/div>\n\t<\/div>\n\t<div style=\"clear: both;\"><\/div>\n\t<\/a>\n<\/div>\n<div class=\"childpagescard_wrap\">\n\t<a style=\"text-decoration: none;\" href=\"https:\/\/santamonica.lv\/et\/tervisele\/dikloroatsetaat\/\">\n\t\t\t<figure class=\"childpagescard_img_block26f5bd4aa64fdadf96152ca6e6408068\">\n\t\t\t<img decoding=\"async\" style=\"border-radius: 5px; width: 300px; height: 300px;\" src=\"https:\/\/santamonica.lv\/wp-content\/uploads\/2024\/01\/dihloroacetats-300x300.jpg\" alt=\"Dikloroatsetaat - Santa Monica\" \/>\n\t\t<\/figure>\n\t\t<div class=\"childpagescard_inner\">\n\t\t<div class=\"childpagescard_border26f5bd4aa64fdadf96152ca6e6408068\">\n\t\t\t<div class=\"childpagescard_title26f5bd4aa64fdadf96152ca6e6408068\">\n\t\t\t\tDikloroatsetaat &#8211; Santa Monica\t\t\t<\/div>\n\t\t\t\t\t\t\t<div class=\"childpagescard_description26f5bd4aa64fdadf96152ca6e6408068\">\n\t\t\t\t\tAlgusest peale kasutati ravimit nimega dikloroatsetaat suhteliselt haruldase ainevahetush\u00e4ire (laktatsidoosi) raviks lastel. Seej\u00e4rel sai Kanadast p\u00e4rit uurimisr\u00fchm teada, et seda ainet saab kasutada &#8230;\t\t\t\t<\/div>\n\t\t\t\t\t<\/div>\n\t<\/div>\n\t<div style=\"clear: both;\"><\/div>\n\t<\/a>\n<\/div>\n<div class=\"childpagescard_wrap\">\n\t<a style=\"text-decoration: none;\" href=\"https:\/\/santamonica.lv\/et\/tervisele\/fenuulalaniin\/\">\n\t\t\t<figure class=\"childpagescard_img_block26f5bd4aa64fdadf96152ca6e6408068\">\n\t\t\t<img decoding=\"async\" style=\"border-radius: 5px; width: 300px; height: 300px;\" src=\"https:\/\/santamonica.lv\/wp-content\/uploads\/2024\/01\/phenylalanine-300x300.jpg\" alt=\"Fen\u00fc\u00fclalaniin - Santa Monica\" \/>\n\t\t<\/figure>\n\t\t<div class=\"childpagescard_inner\">\n\t\t<div class=\"childpagescard_border26f5bd4aa64fdadf96152ca6e6408068\">\n\t\t\t<div class=\"childpagescard_title26f5bd4aa64fdadf96152ca6e6408068\">\n\t\t\t\tFen\u00fc\u00fclalaniin &#8211; Santa Monica\t\t\t<\/div>\n\t\t\t\t\t\t\t<div class=\"childpagescard_description26f5bd4aa64fdadf96152ca6e6408068\">\n\t\t\t\t\tFen\u00fc\u00fclalaniin on inimkehas asendamatu aminohape. Seda v\u00f5etakse toitumise abil. Sellest moodustuvad meie kehas ens\u00fc\u00fcmid nagu insuliin, papaiin ja melaniin. See aminohape aitab eemaldada organismist ain&#8230;\t\t\t\t<\/div>\n\t\t\t\t\t<\/div>\n\t<\/div>\n\t<div style=\"clear: both;\"><\/div>\n\t<\/a>\n<\/div>\n<div class=\"childpagescard_wrap\">\n\t<a style=\"text-decoration: none;\" href=\"https:\/\/santamonica.lv\/et\/tervisele\/glutatioon\/\">\n\t\t\t<figure class=\"childpagescard_img_block26f5bd4aa64fdadf96152ca6e6408068\">\n\t\t\t<img decoding=\"async\" style=\"border-radius: 5px; width: 300px; height: 300px;\" src=\"https:\/\/santamonica.lv\/wp-content\/uploads\/2024\/01\/glutathione-anti-aging-300x300.jpg\" alt=\"Glutatioon - Santa Monica\" \/>\n\t\t<\/figure>\n\t\t<div class=\"childpagescard_inner\">\n\t\t<div class=\"childpagescard_border26f5bd4aa64fdadf96152ca6e6408068\">\n\t\t\t<div class=\"childpagescard_title26f5bd4aa64fdadf96152ca6e6408068\">\n\t\t\t\tGlutatioon &#8211; Santa Monica\t\t\t<\/div>\n\t\t\t\t\t\t\t<div class=\"childpagescard_description26f5bd4aa64fdadf96152ca6e6408068\">\n\t\t\t\t\tGlutatioon on antioks\u00fcdant, mis koosneb mitmest aminohappest:\u00a0ts\u00fcsteiinist, glutamiinist ja gl\u00fctsiinist. Seda leidub puu- ja k\u00f6\u00f6giviljades ning seda s\u00fcnteesitakse looduslikult igas elusorganismis.\u00a0Int&#8230;\t\t\t\t<\/div>\n\t\t\t\t\t<\/div>\n\t<\/div>\n\t<div style=\"clear: both;\"><\/div>\n\t<\/a>\n<\/div>\n<div class=\"childpagescard_wrap\">\n\t<a style=\"text-decoration: none;\" href=\"https:\/\/santamonica.lv\/et\/tervisele\/hudroksuproliin\/\">\n\t\t\t<figure class=\"childpagescard_img_block26f5bd4aa64fdadf96152ca6e6408068\">\n\t\t\t<img decoding=\"async\" style=\"border-radius: 5px; width: 300px; height: 300px;\" src=\"https:\/\/santamonica.lv\/wp-content\/uploads\/2024\/01\/hydroxyproline-300x300.jpg\" alt=\"H\u00fcdroks\u00fcproliin - Santa Monica\" \/>\n\t\t<\/figure>\n\t\t<div class=\"childpagescard_inner\">\n\t\t<div class=\"childpagescard_border26f5bd4aa64fdadf96152ca6e6408068\">\n\t\t\t<div class=\"childpagescard_title26f5bd4aa64fdadf96152ca6e6408068\">\n\t\t\t\tH\u00fcdroks\u00fcproliin &#8211; Santa Monica\t\t\t<\/div>\n\t\t\t\t\t\t\t<div class=\"childpagescard_description26f5bd4aa64fdadf96152ca6e6408068\">\n\t\t\t\t\tH\u00fcdroks\u00fcproliin on k\u00f5igi kollageenikiudude p\u00f5hikomponent. Koos proliiniga stabiliseerib see kollageeni struktuuri kehas. Seet\u00f5ttu kasutatakse seda haiguste ravis, mida iseloomustavad sidekoe kahjustus&#8230;\t\t\t\t<\/div>\n\t\t\t\t\t<\/div>\n\t<\/div>\n\t<div style=\"clear: both;\"><\/div>\n\t<\/a>\n<\/div>\n<div class=\"childpagescard_wrap\">\n\t<a style=\"text-decoration: none;\" href=\"https:\/\/santamonica.lv\/et\/tervisele\/immuno-aminohapete-kokteil\/\">\n\t\t\t<figure class=\"childpagescard_img_block26f5bd4aa64fdadf96152ca6e6408068\">\n\t\t\t<img decoding=\"async\" style=\"border-radius: 5px; width: 300px; height: 300px;\" src=\"https:\/\/santamonica.lv\/wp-content\/uploads\/2024\/01\/immuno-300x300.jpg\" alt=\"IMMUNO \u2013 aminohapete kokteil - Santa Monica\" \/>\n\t\t<\/figure>\n\t\t<div class=\"childpagescard_inner\">\n\t\t<div class=\"childpagescard_border26f5bd4aa64fdadf96152ca6e6408068\">\n\t\t\t<div class=\"childpagescard_title26f5bd4aa64fdadf96152ca6e6408068\">\n\t\t\t\tIMMUNO \u2013 aminohapete kokteil &#8211; Santa Monica\t\t\t<\/div>\n\t\t\t\t\t\t\t<div class=\"childpagescard_description26f5bd4aa64fdadf96152ca6e6408068\">\n\t\t\t\t\tAminohapped on orgaanilised \u00fchendid, millel on hapete ja amiinide omadused. Nende koostis sisaldab nii karboks\u00fc\u00fclr\u00fchma kui ka aminor\u00fchma (l\u00e4mmastiku\u00fchendid). Paljud aminohapped \u00fchinevad valkudeks, mis&#8230;\t\t\t\t<\/div>\n\t\t\t\t\t<\/div>\n\t<\/div>\n\t<div style=\"clear: both;\"><\/div>\n\t<\/a>\n<\/div>\n<div class=\"childpagescard_wrap\">\n\t<a style=\"text-decoration: none;\" href=\"https:\/\/santamonica.lv\/et\/tervisele\/kurkumiin\/\">\n\t\t\t<figure class=\"childpagescard_img_block26f5bd4aa64fdadf96152ca6e6408068\">\n\t\t\t<img decoding=\"async\" style=\"border-radius: 5px; width: 300px; height: 300px;\" src=\"https:\/\/santamonica.lv\/wp-content\/uploads\/2024\/01\/kurkumins-300x300.jpg\" alt=\"Kurkumiin - Santa Monica\" \/>\n\t\t<\/figure>\n\t\t<div class=\"childpagescard_inner\">\n\t\t<div class=\"childpagescard_border26f5bd4aa64fdadf96152ca6e6408068\">\n\t\t\t<div class=\"childpagescard_title26f5bd4aa64fdadf96152ca6e6408068\">\n\t\t\t\tKurkumiin &#8211; Santa Monica\t\t\t<\/div>\n\t\t\t\t\t\t\t<div class=\"childpagescard_description26f5bd4aa64fdadf96152ca6e6408068\">\n\t\t\t\t\tKurkumiin on v\u00f5imas antioks\u00fcdant.\u00a0Kurkumiini on India traditsioonilises meditsiinis kasutatud juba mitu aastatuhandet. Kuigi meil tuntakse seda rohkem maitseainena, tuleb m\u00e4rkida, et ainel on palju ra&#8230;\t\t\t\t<\/div>\n\t\t\t\t\t<\/div>\n\t<\/div>\n\t<div style=\"clear: both;\"><\/div>\n\t<\/a>\n<\/div>\n<div class=\"childpagescard_wrap\">\n\t<a style=\"text-decoration: none;\" href=\"https:\/\/santamonica.lv\/et\/tervisele\/metuulsulfonuulmetaan-msm\/\">\n\t\t\t<figure class=\"childpagescard_img_block26f5bd4aa64fdadf96152ca6e6408068\">\n\t\t\t<img decoding=\"async\" style=\"border-radius: 5px; width: 300px; height: 300px;\" src=\"https:\/\/santamonica.lv\/wp-content\/uploads\/2024\/01\/MSM-300x300.jpg\" alt=\"Met\u00fc\u00fclsulfon\u00fc\u00fclmetaan (MSM) - Santa Monica\" \/>\n\t\t<\/figure>\n\t\t<div class=\"childpagescard_inner\">\n\t\t<div class=\"childpagescard_border26f5bd4aa64fdadf96152ca6e6408068\">\n\t\t\t<div class=\"childpagescard_title26f5bd4aa64fdadf96152ca6e6408068\">\n\t\t\t\tMet\u00fc\u00fclsulfon\u00fc\u00fclmetaan (MSM) &#8211; Santa Monica\t\t\t<\/div>\n\t\t\t\t\t\t\t<div class=\"childpagescard_description26f5bd4aa64fdadf96152ca6e6408068\">\n\t\t\t\t\tMet\u00fc\u00fclsulfanometaan on looduslik orgaaniline v\u00e4\u00e4vlit sisaldav \u00fchend, mida kasutatakse laialdaselt t\u00e4iend- ja alternatiivmeditsiinis. Looduslikult moodustub see inimorganismis, kuid v\u00e4hesel m\u00e4\u00e4ral leid&#8230;\t\t\t\t<\/div>\n\t\t\t\t\t<\/div>\n\t<\/div>\n\t<div style=\"clear: both;\"><\/div>\n\t<\/a>\n<\/div>\n<div class=\"childpagescard_wrap\">\n\t<a style=\"text-decoration: none;\" href=\"https:\/\/santamonica.lv\/et\/tervisele\/oliphenolia\/\">\n\t\t\t<figure class=\"childpagescard_img_block26f5bd4aa64fdadf96152ca6e6408068\">\n\t\t\t<img decoding=\"async\" style=\"border-radius: 5px; width: 300px; height: 300px;\" src=\"https:\/\/santamonica.lv\/wp-content\/uploads\/2024\/01\/OliPhenolia-300x300.jpg\" alt=\"Oliphenolia - Santa Monica\" \/>\n\t\t<\/figure>\n\t\t<div class=\"childpagescard_inner\">\n\t\t<div class=\"childpagescard_border26f5bd4aa64fdadf96152ca6e6408068\">\n\t\t\t<div class=\"childpagescard_title26f5bd4aa64fdadf96152ca6e6408068\">\n\t\t\t\tOliphenolia &#8211; Santa Monica\t\t\t<\/div>\n\t\t\t\t\t\t\t<div class=\"childpagescard_description26f5bd4aa64fdadf96152ca6e6408068\">\n\t\t\t\t\tOliphenolia on pol\u00fcfenoolide intravenoosne kokteil \u2013 s\u00fcstelahus, mis \u00fchendab Itaalias kasvatatud oliividest ilma kuumt\u00f6\u00f6tlemiseta saadud f\u00fctontsiide. V\u00e4rskelt saadud toote p\u00f5hikoostisosa on k\u00fclmpressi&#8230;\t\t\t\t<\/div>\n\t\t\t\t\t<\/div>\n\t<\/div>\n\t<div style=\"clear: both;\"><\/div>\n\t<\/a>\n<\/div>\n<div class=\"childpagescard_wrap\">\n\t<a style=\"text-decoration: none;\" href=\"https:\/\/santamonica.lv\/et\/tervisele\/onko-aminohapete-kokteil\/\">\n\t\t\t<figure class=\"childpagescard_img_block26f5bd4aa64fdadf96152ca6e6408068\">\n\t\t\t<img decoding=\"async\" style=\"border-radius: 5px; width: 300px; height: 300px;\" src=\"https:\/\/santamonica.lv\/wp-content\/uploads\/2024\/01\/onko-amino-acids-300x300.jpg\" alt=\"ONKO \u2013 aminohapete kokteil - Santa Monica\" \/>\n\t\t<\/figure>\n\t\t<div class=\"childpagescard_inner\">\n\t\t<div class=\"childpagescard_border26f5bd4aa64fdadf96152ca6e6408068\">\n\t\t\t<div class=\"childpagescard_title26f5bd4aa64fdadf96152ca6e6408068\">\n\t\t\t\tONKO \u2013 aminohapete kokteil &#8211; Santa Monica\t\t\t<\/div>\n\t\t\t\t\t\t\t<div class=\"childpagescard_description26f5bd4aa64fdadf96152ca6e6408068\">\n\t\t\t\t\tAminohapped on orgaanilised \u00fchendid, millel on hapete ja amiinide omadused. Nende koostis sisaldab nii karboks\u00fc\u00fclr\u00fchma kui ka aminor\u00fchma (l\u00e4mmastiku\u00fchendid). Paljud aminohapped \u00fchinevad valkudeks, mis&#8230;\t\t\t\t<\/div>\n\t\t\t\t\t<\/div>\n\t<\/div>\n\t<div style=\"clear: both;\"><\/div>\n\t<\/a>\n<\/div>\n<div class=\"childpagescard_wrap\">\n\t<a style=\"text-decoration: none;\" href=\"https:\/\/santamonica.lv\/et\/tervisele\/prokaiini-ja-vesinikkarbonaadi-infusioonid\/\">\n\t\t\t<figure class=\"childpagescard_img_block26f5bd4aa64fdadf96152ca6e6408068\">\n\t\t\t<img decoding=\"async\" style=\"border-radius: 5px; width: 300px; height: 300px;\" src=\"https:\/\/santamonica.lv\/wp-content\/uploads\/2024\/01\/procaine-infusions-300x300.jpeg\" alt=\"Prokaiini ja vesinikkarbonaadi infusioonid - Santa Monica\" \/>\n\t\t<\/figure>\n\t\t<div class=\"childpagescard_inner\">\n\t\t<div class=\"childpagescard_border26f5bd4aa64fdadf96152ca6e6408068\">\n\t\t\t<div class=\"childpagescard_title26f5bd4aa64fdadf96152ca6e6408068\">\n\t\t\t\tProkaiini ja vesinikkarbonaadi infusioonid &#8211; Santa Monica\t\t\t<\/div>\n\t\t\t\t\t\t\t<div class=\"childpagescard_description26f5bd4aa64fdadf96152ca6e6408068\">\n\t\t\t\t\tP\u00f5letik koos \u00fclihappesusega organismi sisekeskkonnas on \u00fcks levinumaid tegureid, mis p\u00f5hjustab paljusid haigusi. Prokaiin, millel on v\u00e4ljendunud p\u00f5letikuvastane toime, koos naatriumvesinikkarbonaadiga&#8230;\t\t\t\t<\/div>\n\t\t\t\t\t<\/div>\n\t<\/div>\n\t<div style=\"clear: both;\"><\/div>\n\t<\/a>\n<\/div>\n<div class=\"childpagescard_wrap\">\n\t<a style=\"text-decoration: none;\" href=\"https:\/\/santamonica.lv\/et\/tervisele\/6-shogaol\/\">\n\t\t\t<figure class=\"childpagescard_img_block26f5bd4aa64fdadf96152ca6e6408068\">\n\t\t\t<img decoding=\"async\" style=\"border-radius: 5px; width: 300px; height: 300px;\" src=\"https:\/\/santamonica.lv\/wp-content\/uploads\/2024\/01\/ginger-300x300.jpg\" alt=\"6 \u2013 shogaol - Santa Monica\" \/>\n\t\t<\/figure>\n\t\t<div class=\"childpagescard_inner\">\n\t\t<div class=\"childpagescard_border26f5bd4aa64fdadf96152ca6e6408068\">\n\t\t\t<div class=\"childpagescard_title26f5bd4aa64fdadf96152ca6e6408068\">\n\t\t\t\t6 \u2013 shogaol &#8211; Santa Monica\t\t\t<\/div>\n\t\t\t\t\t\t\t<div class=\"childpagescard_description26f5bd4aa64fdadf96152ca6e6408068\">\n\t\t\t\t\t6 \u2013 shogaol on ingveri ekstrakti aktiivne \u00fchend. Aasia piirkonna arstid on ingveris (Panax ginseng) sisalduvaid bioloogilisi aineid ja f\u00fctontsiide kasutanud erinevate haiguste ravis sajandeid ja isegi&#8230;\t\t\t\t<\/div>\n\t\t\t\t\t<\/div>\n\t<\/div>\n\t<div style=\"clear: both;\"><\/div>\n\t<\/a>\n<\/div>\n","protected":false},"excerpt":{"rendered":"","protected":false},"author":1,"featured_media":0,"parent":0,"menu_order":0,"comment_status":"closed","ping_status":"closed","template":"","meta":{"_acf_changed":false,"_uag_custom_page_level_css":"","_kadence_starter_templates_imported_post":false,"_kad_post_transparent":"","_kad_post_title":"","_kad_post_layout":"normal","_kad_post_sidebar_id":"","_kad_post_content_style":"unboxed","_kad_post_vertical_padding":"","_kad_post_feature":"","_kad_post_feature_position":"","_kad_post_header":false,"_kad_post_footer":false,"footnotes":""},"class_list":["post-2090","page","type-page","status-publish","hentry"],"acf":[],"yoast_head":"<!-- This site is optimized with the Yoast SEO plugin v26.4 - https:\/\/yoast.com\/wordpress\/plugins\/seo\/ -->\n<title>Tervisele - Santa Monica<\/title>\n<meta name=\"robots\" content=\"index, follow, max-snippet:-1, max-image-preview:large, max-video-preview:-1\" \/>\n<link rel=\"canonical\" href=\"https:\/\/santamonica.lv\/et\/tervisele\/\" \/>\n<meta property=\"og:locale\" content=\"et_EE\" \/>\n<meta property=\"og:type\" content=\"article\" \/>\n<meta property=\"og:title\" content=\"Tervisele - Santa Monica\" \/>\n<meta property=\"og:url\" content=\"https:\/\/santamonica.lv\/et\/tervisele\/\" \/>\n<meta property=\"og:site_name\" content=\"Santa Monica\" \/>\n<meta property=\"article:publisher\" content=\"https:\/\/www.facebook.com\/klinikasantamonica\" \/>\n<meta property=\"article:modified_time\" content=\"2025-03-05T23:00:37+00:00\" \/>\n<meta name=\"twitter:card\" content=\"summary_large_image\" \/>\n<script type=\"application\/ld+json\" class=\"yoast-schema-graph\">{\"@context\":\"https:\/\/schema.org\",\"@graph\":[{\"@type\":\"WebPage\",\"@id\":\"https:\/\/santamonica.lv\/et\/tervisele\/\",\"url\":\"https:\/\/santamonica.lv\/et\/tervisele\/\",\"name\":\"Tervisele - Santa Monica\",\"isPartOf\":{\"@id\":\"https:\/\/santamonica.lv\/et\/#website\"},\"datePublished\":\"2024-01-26T18:24:07+00:00\",\"dateModified\":\"2025-03-05T23:00:37+00:00\",\"breadcrumb\":{\"@id\":\"https:\/\/santamonica.lv\/et\/tervisele\/#breadcrumb\"},\"inLanguage\":\"et\",\"potentialAction\":[{\"@type\":\"ReadAction\",\"target\":[\"https:\/\/santamonica.lv\/et\/tervisele\/\"]}]},{\"@type\":\"BreadcrumbList\",\"@id\":\"https:\/\/santamonica.lv\/et\/tervisele\/#breadcrumb\",\"itemListElement\":[{\"@type\":\"ListItem\",\"position\":1,\"name\":\"Home\",\"item\":\"https:\/\/santamonica.lv\/et\/sakums\/\"},{\"@type\":\"ListItem\",\"position\":2,\"name\":\"Tervisele\"}]},{\"@type\":\"WebSite\",\"@id\":\"https:\/\/santamonica.lv\/et\/#website\",\"url\":\"https:\/\/santamonica.lv\/et\/\",\"name\":\"Santa Monica\",\"description\":\"\",\"potentialAction\":[{\"@type\":\"SearchAction\",\"target\":{\"@type\":\"EntryPoint\",\"urlTemplate\":\"https:\/\/santamonica.lv\/et\/?s={search_term_string}\"},\"query-input\":{\"@type\":\"PropertyValueSpecification\",\"valueRequired\":true,\"valueName\":\"search_term_string\"}}],\"inLanguage\":\"et\"}]}<\/script>\n<!-- \/ Yoast SEO plugin. -->","yoast_head_json":{"title":"Tervisele - Santa Monica","robots":{"index":"index","follow":"follow","max-snippet":"max-snippet:-1","max-image-preview":"max-image-preview:large","max-video-preview":"max-video-preview:-1"},"canonical":"https:\/\/santamonica.lv\/et\/tervisele\/","og_locale":"et_EE","og_type":"article","og_title":"Tervisele - Santa Monica","og_url":"https:\/\/santamonica.lv\/et\/tervisele\/","og_site_name":"Santa Monica","article_publisher":"https:\/\/www.facebook.com\/klinikasantamonica","article_modified_time":"2025-03-05T23:00:37+00:00","twitter_card":"summary_large_image","schema":{"@context":"https:\/\/schema.org","@graph":[{"@type":"WebPage","@id":"https:\/\/santamonica.lv\/et\/tervisele\/","url":"https:\/\/santamonica.lv\/et\/tervisele\/","name":"Tervisele - Santa Monica","isPartOf":{"@id":"https:\/\/santamonica.lv\/et\/#website"},"datePublished":"2024-01-26T18:24:07+00:00","dateModified":"2025-03-05T23:00:37+00:00","breadcrumb":{"@id":"https:\/\/santamonica.lv\/et\/tervisele\/#breadcrumb"},"inLanguage":"et","potentialAction":[{"@type":"ReadAction","target":["https:\/\/santamonica.lv\/et\/tervisele\/"]}]},{"@type":"BreadcrumbList","@id":"https:\/\/santamonica.lv\/et\/tervisele\/#breadcrumb","itemListElement":[{"@type":"ListItem","position":1,"name":"Home","item":"https:\/\/santamonica.lv\/et\/sakums\/"},{"@type":"ListItem","position":2,"name":"Tervisele"}]},{"@type":"WebSite","@id":"https:\/\/santamonica.lv\/et\/#website","url":"https:\/\/santamonica.lv\/et\/","name":"Santa Monica","description":"","potentialAction":[{"@type":"SearchAction","target":{"@type":"EntryPoint","urlTemplate":"https:\/\/santamonica.lv\/et\/?s={search_term_string}"},"query-input":{"@type":"PropertyValueSpecification","valueRequired":true,"valueName":"search_term_string"}}],"inLanguage":"et"}]}},"uagb_featured_image_src":{"full":false,"thumbnail":false,"medium":false,"medium_large":false,"large":false,"1536x1536":false,"2048x2048":false,"woocommerce_thumbnail":false,"woocommerce_single":false,"woocommerce_gallery_thumbnail":false},"uagb_author_info":{"display_name":"admin","author_link":"https:\/\/santamonica.lv\/et\/author\/admin\/"},"uagb_comment_info":0,"uagb_excerpt":null,"_links":{"self":[{"href":"https:\/\/santamonica.lv\/et\/wp-json\/wp\/v2\/pages\/2090","targetHints":{"allow":["GET"]}}],"collection":[{"href":"https:\/\/santamonica.lv\/et\/wp-json\/wp\/v2\/pages"}],"about":[{"href":"https:\/\/santamonica.lv\/et\/wp-json\/wp\/v2\/types\/page"}],"author":[{"embeddable":true,"href":"https:\/\/santamonica.lv\/et\/wp-json\/wp\/v2\/users\/1"}],"replies":[{"embeddable":true,"href":"https:\/\/santamonica.lv\/et\/wp-json\/wp\/v2\/comments?post=2090"}],"version-history":[{"count":2,"href":"https:\/\/santamonica.lv\/et\/wp-json\/wp\/v2\/pages\/2090\/revisions"}],"predecessor-version":[{"id":3225,"href":"https:\/\/santamonica.lv\/et\/wp-json\/wp\/v2\/pages\/2090\/revisions\/3225"}],"wp:attachment":[{"href":"https:\/\/santamonica.lv\/et\/wp-json\/wp\/v2\/media?parent=2090"}],"curies":[{"name":"wp","href":"https:\/\/api.w.org\/{rel}","templated":true}]}}