{"id":2234,"date":"2023-07-31T16:57:10","date_gmt":"2023-07-31T13:57:10","guid":{"rendered":"https:\/\/santamonica.lv\/privatuma-politika\/"},"modified":"2024-10-20T20:05:48","modified_gmt":"2024-10-20T17:05:48","slug":"privaatsuspoliitika","status":"publish","type":"page","link":"https:\/\/santamonica.lv\/et\/privaatsuspoliitika\/","title":{"rendered":"Privaatsuspoliitika"},"content":{"rendered":"\n<p>Teie privaatsus ja andmekaitse on SIA &#8220;Santa Monica&#8221; jaoks v\u00e4ga olulised. Isikuandmete seadusliku, ausa ja l\u00e4bipaistva t\u00f6\u00f6tlemise tagamiseks on allpool toodud teave SIA &#8220;Santa Monica&#8221; poolt teostatava isikuandmete t\u00f6\u00f6tlemise kohta. Pange t\u00e4hele, et esitatud teave ei ole ammendav ja seda v\u00f5ib muuta, t\u00e4psustada, t\u00e4iendada.<\/p>\n\n\n\n<div class=\"wp-block-columns has-theme-palette-8-background-color has-background is-layout-flex wp-container-core-columns-is-layout-a180a1d0 wp-block-columns-is-layout-flex\" style=\"padding-top:var(--wp--preset--spacing--60);padding-right:var(--wp--preset--spacing--60);padding-bottom:var(--wp--preset--spacing--60);padding-left:var(--wp--preset--spacing--60)\">\n<div class=\"wp-block-column is-layout-flow wp-block-column-is-layout-flow\">\n<h2 class=\"wp-block-heading\" style=\"font-size:25px\">Vastutav andmet\u00f6\u00f6tleja:<\/h2>\n\n\n\n<p style=\"font-size:16px\"><strong>SIA \u201cSanta Monica\u201d<\/strong><br><strong>Registreerimisnumber:<\/strong> 40203463875<br><strong>Aadress:<\/strong> Nauk\u0161\u0113nu mui\u017ea, Nauk\u0161\u0113ni, Nauk\u0161\u0113nu pag.,<br>Valmieras nov., LV-4244<br><strong>Telefon:<\/strong> <a href=\"tel:+37127337768\">+371 27337768<\/a><br><strong>Meil:<\/strong>&nbsp;<a href=\"mailto:info@santamonica.lv\"><\/a><a href=\"mailto:info@santamonica.lv\">info@santamonica.lv<\/a><\/p>\n<\/div>\n\n\n\n<div class=\"wp-block-column is-layout-flow wp-block-column-is-layout-flow\">\n<p style=\"font-size:14px\">SIA \u201cSanta Monica\u201d kontaktandmed isikuandmete t\u00f6\u00f6tlemisega seotud k\u00fcsimustes on:&nbsp;<a href=\"mailto:info@santamonica.lv\">info@santamonica.lv<\/a>. Seda kontaktteavet kasutades saate esitada k\u00fcsimusi isikuandmete t\u00f6\u00f6tlemise kohta.<\/p>\n\n\n\n<p style=\"font-size:14px\">SIA &#8220;Santa Monica&#8221; hoolitseb klientide privaatsuse ja isikuandmete kaitse eest, austades kliendi \u00f5igust isikuandmete t\u00f6\u00f6tlemise seaduslikkusele vastavalt kehtivale seadusandlusele &#8211; Euroopa Parlamendi ja n\u00f5ukogu 27. aprilli 2016. a m\u00e4\u00e4rus 2016\/679. f\u00fc\u00fcsiliste isikute kaitse seoses isikuandmete t\u00f6\u00f6tlemise ja selliste andmete vaba liikumisega (m\u00e4\u00e4rus) ning muud eraelu puutumatuse ja andmet\u00f6\u00f6tluse valdkonna kehtivad seadused.<\/p>\n<\/div>\n<\/div>\n\n\n\n<p>SIA &#8220;Santa Monica&#8221; t\u00f6\u00f6tleb kliendi isikuandmeid, vastavalt kliendi &#8211; andmesubjekti &#8211; n\u00f5usolekule.<\/p>\n\n\n\n<p>K\u00f5ik <strong>santamonica.lv<\/strong> veebilehe k\u00fclastajad saavad \u00fchendust v\u00f5tta SIA &#8220;Santa Monica&#8221; kontaktivormi kaudu jaotises &#8220;Kontaktid&#8221; v\u00f5i vormi &#8220;Taotlege k\u00fclastust&#8221;. Esitatud teavet koguvad SIA &#8220;Santa Monica&#8221; t\u00f6\u00f6tajad, et anda vastus saabunud s\u00f5numile. Kogutud andmete t\u00e4pne loend on saadaval allpool. Andmeid t\u00f6\u00f6deldakse vastavalt GDPR-ile. Samuti peab veebilehe k\u00fclastaja enne s\u00f5numi v\u00f5i k\u00fcsimustiku saatmist tutvuma Privaatsuspoliitikaga ning andma m\u00e4rku, et on n\u00f5us edasise andmet\u00f6\u00f6tlusega. Veebilehe k\u00fclastajal on igal ajal v\u00f5imalik andmete salvestamise luba t\u00fchistada.<\/p>\n\n\n\n<p>SIA &#8220;Santa Monica&#8221; s\u00e4ilitab veebilehe kontaktivormides m\u00e4rgitud andmeid seni, kuni veebilehe k\u00fclastaja taotleb nende kustutamist, v\u00f5tab tagasi n\u00f5usoleku nende s\u00e4ilitamiseks v\u00f5i on saavutatud nende s\u00e4ilitamise eesm\u00e4rk (n\u00e4iteks p\u00e4ringule on vastatud tingimusel). See s\u00e4te ei m\u00f5juta kohustuslikke regulatiivseid s\u00e4tteid, eriti neid, mis on seotud kohustuslike andmete s\u00e4ilitamise t\u00e4htaegadega.<\/p>\n\n\n\n<p class=\"has-medium-font-size\"><strong>SIA &#8220;Santa Monica&#8221; veebisaidi kontakt- ja taotlusvormide lt on kogutud j\u00e4rgmine teave:<\/strong><\/p>\n\n\n\n<p>K\u00fcsimustik <strong>\u201eTaotle visiidiks\u201c <\/strong>\u2013 kogutakse infot: eesnimi, perekonnanimi, telefoninumber, valitud teenuse liik, soovitud vastuv\u00f5tuaeg ja kommentaarid.<\/p>\n\n\n\n<p>SIA &#8220;Santa Monica&#8221; kaitseb klientide andmeid kasutades kaasaegseid tehnoloogilisi v\u00f5imalusi, arvestades olemasolevaid privaatsusriske, SIA &#8220;Santa Monica&#8221; kasutab turvalisuse tagamiseks m\u00f5istlikult olemasolevaid organisatsioonilisi, rahalisi ja tehnilisi ressursse, sh kasutab andmete edastamisel andmete kr\u00fcptimist (SSL kr\u00fcpteering ).<\/p>\n\n\n\n<p class=\"has-medium-font-size\"><strong>Klient saab teavet meie k\u00e4sutuses olevate isikuandmete kohta v\u00f5i teostada oma muid \u00f5igusi andmesubjektina j\u00e4rgmiselt:<\/strong><\/p>\n\n\n\n<ul class=\"wp-block-list\">\n<li><strong>esitades avalduse isiklikult<\/strong>&nbsp;SIA \u201cSanta Monica\u201d kliinikus (<a href=\"https:\/\/maps.app.goo.gl\/EDYPGnfz9hveaEcB7\" target=\"_blank\" rel=\"noreferrer noopener\">Nauk\u0161\u0113nu mui\u017ea, Nauk\u0161\u0113ni, Nauk\u0161\u0113nu pag.,<br>Valmieras nov., LV-4244<\/a>), igal t\u00f6\u00f6p\u00e4eval perioodil kl. 9:00 \u2013 17:00;<\/li>\n\n\n\n<li><strong>avalduse esitamine elektrooniliselt<\/strong>, saates selle e-posti aadressile <a href=\"mailto:info@santamonica.lv\">info@santamonica.lv<\/a>.<\/li>\n<\/ul>\n\n\n\n<p>Kliendi esildise saamisel hindab SIA &#8220;Santa Monica&#8221; selle sisu ja kliendi tuvastamisv\u00f5imalusi ning vajadusel palub kliendil esitada t\u00e4iendavaid andmeid, et tagada v\u00f5imalikult suur andmete edastamine vastavatele andmetele. alandada ja v\u00e4hendada kliendi andmete kuritahtliku kasutamise ohtu.<\/p>\n\n\n\n<p>SIA &#8220;Santa Monica&#8221; suhtleb kliendiga kasutades kliendi poolt antud kontaktandmeid (telefoninumber, e-posti aadress, postiaadress jne) kodulehel olevates kontaktivormides, e-kirjas, telefonis v\u00f5i muul viisil.<\/p>\n\n\n\n<div class=\"wp-block-columns has-theme-palette-8-background-color has-background is-layout-flex wp-container-core-columns-is-layout-a180a1d0 wp-block-columns-is-layout-flex\" style=\"padding-top:var(--wp--preset--spacing--60);padding-right:var(--wp--preset--spacing--60);padding-bottom:var(--wp--preset--spacing--60);padding-left:var(--wp--preset--spacing--60)\">\n<div class=\"wp-block-column is-layout-flow wp-block-column-is-layout-flow\">\n<h2 class=\"wp-block-heading\">K\u00fcpsiste poliitika<\/h2>\n\n\n\n<p>&#8220;Santa Monica&#8221; SIA veebisait https:\/\/santamonica.lv kasutab k\u00fcpsiseid (inglise keeles &#8220;k\u00fcpsised&#8221;).<\/p>\n\n\n\n<h3 class=\"wp-block-heading\"><strong>Mis on k\u00fcpsis?<\/strong><\/h3>\n\n\n\n<p>K\u00fcpsis on v\u00e4ike tekstifail, mis saadetakse teie arvutisse v\u00f5i mobiilseadmesse, kui k\u00fclastate veebisaiti, ja mille veebisait salvestab teie arvutisse v\u00f5i mobiilseadmesse, kui k\u00fclastate veebisaiti. Igal j\u00e4rgneval k\u00fclastusel saadetakse k\u00fcpsised tagasi algsele veebisaidile v\u00f5i teisele veebisaidile, mis k\u00fcpsise \u00e4ra tunneb. K\u00fcpsised toimivad konkreetse veebisaidi m\u00e4luna, v\u00f5imaldades sellel lehel teie arvutit j\u00e4rgmistel k\u00fclastustel meeles pidada, sealhulgas v\u00f5ivad k\u00fcpsised meeles pidada teie seadeid v\u00f5i parandada kasutaja mugavust. Lisateavet k\u00fcpsiste kohta, samuti nende haldamise v\u00f5i kustutamise kohta saate veebisaidilt www.aboutcookies.org.<\/p>\n\n\n\n<h3 class=\"wp-block-heading\"><strong>Kuidas me k\u00fcpsiseid kasutame?<\/strong><\/h3>\n\n\n\n<p>Santa Monica SIA veebisaidil <strong>santamonica.lv<\/strong> kasutatakse j\u00e4rgmisi k\u00fcpsiseid:<\/p>\n\n\n\n<ul class=\"wp-block-list\">\n<li><strong>Google Analytics<\/strong> \u2013 SIA &#8220;Santa Monica&#8221; veebisaidile on installitud &#8220;Google Inc&#8221; loodud programmi &#8220;Google Analytics&#8221; poolt loodud k\u00fcpsised. &#8220;Google Analytics&#8221; k\u00fcpsiste kasutamise eesm\u00e4rk on SIA &#8220;Santa Monica&#8221; veebilehe sisu kvaliteedi parandamine ja sisu kohandamine kasutajate vajadustega. Lisateavet Google Analyticsi teenusetingimuste kohta leiate aadressilt <a href=\"http:\/\/www.google.com\/analytics\/terms\/us.html\" target=\"_blank\" rel=\"noreferrer noopener nofollow\">http:\/\/www.google.com\/analytics\/terms\/us.html<\/a>. Nende k\u00fcpsiste \u00fcksikasjalikku kirjeldust saab lugeda siit: <a href=\"https:\/\/developers.google.com\/analytics\/devguides\/collection\/analyticsjs\/cookie-usage\" target=\"_blank\" rel=\"noreferrer noopener nofollow\">https:\/\/developers.google.com\/analytics\/devguides\/collection\/analyticsjs\/cookie-usage<\/a>. Kui soovite, et SIA &#8220;Santa Monica&#8221; ei saaks teavet teie tegevuse kohta SIA &#8220;Santa Monica&#8221; veebisaidil, peate lihtsalt keelduma k\u00fcpsiste kasutamisest meie veebisaidil.<\/li>\n<\/ul>\n<\/div>\n<\/div>\n\n\n\n<p><\/p>\n","protected":false},"excerpt":{"rendered":"<p>Teie privaatsus ja andmekaitse on SIA &#8220;Santa Monica&#8221; jaoks v\u00e4ga olulised. Isikuandmete seadusliku, ausa ja l\u00e4bipaistva t\u00f6\u00f6tlemise tagamiseks on allpool toodud teave SIA &#8220;Santa Monica&#8221; poolt teostatava isikuandmete t\u00f6\u00f6tlemise kohta. Pange t\u00e4hele, et esitatud teave ei ole ammendav ja seda v\u00f5ib muuta, t\u00e4psustada, t\u00e4iendada. Vastutav andmet\u00f6\u00f6tleja: SIA \u201cSanta Monica\u201dRegistreerimisnumber: 40203463875Aadress: Nauk\u0161\u0113nu mui\u017ea, Nauk\u0161\u0113ni, Nauk\u0161\u0113nu pag.,Valmieras&#8230;<\/p>\n","protected":false},"author":1,"featured_media":0,"parent":0,"menu_order":0,"comment_status":"closed","ping_status":"open","template":"","meta":{"_acf_changed":false,"_uag_custom_page_level_css":"","_kadence_starter_templates_imported_post":false,"_kad_post_transparent":"","_kad_post_title":"","_kad_post_layout":"","_kad_post_sidebar_id":"","_kad_post_content_style":"unboxed","_kad_post_vertical_padding":"","_kad_post_feature":"","_kad_post_feature_position":"","_kad_post_header":false,"_kad_post_footer":false,"footnotes":""},"class_list":["post-2234","page","type-page","status-publish","hentry"],"acf":[],"yoast_head":"<!-- This site is optimized with the Yoast SEO plugin v26.4 - https:\/\/yoast.com\/wordpress\/plugins\/seo\/ -->\n<title>Privaatsuspoliitika - Santa Monica<\/title>\n<meta name=\"robots\" content=\"index, follow, max-snippet:-1, max-image-preview:large, max-video-preview:-1\" \/>\n<link rel=\"canonical\" href=\"https:\/\/santamonica.lv\/et\/privaatsuspoliitika\/\" \/>\n<meta property=\"og:locale\" content=\"et_EE\" \/>\n<meta property=\"og:type\" content=\"article\" \/>\n<meta property=\"og:title\" content=\"Privaatsuspoliitika - Santa Monica\" \/>\n<meta property=\"og:description\" content=\"Teie privaatsus ja andmekaitse on SIA &#8220;Santa Monica&#8221; jaoks v\u00e4ga olulised. Isikuandmete seadusliku, ausa ja l\u00e4bipaistva t\u00f6\u00f6tlemise tagamiseks on allpool toodud teave SIA &#8220;Santa Monica&#8221; poolt teostatava isikuandmete t\u00f6\u00f6tlemise kohta. Pange t\u00e4hele, et esitatud teave ei ole ammendav ja seda v\u00f5ib muuta, t\u00e4psustada, t\u00e4iendada. Vastutav andmet\u00f6\u00f6tleja: SIA \u201cSanta Monica\u201dRegistreerimisnumber: 40203463875Aadress: Nauk\u0161\u0113nu mui\u017ea, Nauk\u0161\u0113ni, Nauk\u0161\u0113nu pag.,Valmieras...\" \/>\n<meta property=\"og:url\" content=\"https:\/\/santamonica.lv\/et\/privaatsuspoliitika\/\" \/>\n<meta property=\"og:site_name\" content=\"Santa Monica\" \/>\n<meta property=\"article:publisher\" content=\"https:\/\/www.facebook.com\/klinikasantamonica\" \/>\n<meta property=\"article:modified_time\" content=\"2024-10-20T17:05:48+00:00\" \/>\n<meta name=\"twitter:card\" content=\"summary_large_image\" \/>\n<meta name=\"twitter:label1\" content=\"Est. reading time\" \/>\n\t<meta name=\"twitter:data1\" content=\"4 minutit\" \/>\n<script type=\"application\/ld+json\" class=\"yoast-schema-graph\">{\"@context\":\"https:\/\/schema.org\",\"@graph\":[{\"@type\":\"WebPage\",\"@id\":\"https:\/\/santamonica.lv\/et\/privaatsuspoliitika\/\",\"url\":\"https:\/\/santamonica.lv\/et\/privaatsuspoliitika\/\",\"name\":\"Privaatsuspoliitika - Santa Monica\",\"isPartOf\":{\"@id\":\"https:\/\/santamonica.lv\/et\/#website\"},\"datePublished\":\"2023-07-31T13:57:10+00:00\",\"dateModified\":\"2024-10-20T17:05:48+00:00\",\"breadcrumb\":{\"@id\":\"https:\/\/santamonica.lv\/et\/privaatsuspoliitika\/#breadcrumb\"},\"inLanguage\":\"et\",\"potentialAction\":[{\"@type\":\"ReadAction\",\"target\":[\"https:\/\/santamonica.lv\/et\/privaatsuspoliitika\/\"]}]},{\"@type\":\"BreadcrumbList\",\"@id\":\"https:\/\/santamonica.lv\/et\/privaatsuspoliitika\/#breadcrumb\",\"itemListElement\":[{\"@type\":\"ListItem\",\"position\":1,\"name\":\"Home\",\"item\":\"https:\/\/santamonica.lv\/et\/sakums\/\"},{\"@type\":\"ListItem\",\"position\":2,\"name\":\"Privaatsuspoliitika\"}]},{\"@type\":\"WebSite\",\"@id\":\"https:\/\/santamonica.lv\/et\/#website\",\"url\":\"https:\/\/santamonica.lv\/et\/\",\"name\":\"Santa Monica\",\"description\":\"\",\"potentialAction\":[{\"@type\":\"SearchAction\",\"target\":{\"@type\":\"EntryPoint\",\"urlTemplate\":\"https:\/\/santamonica.lv\/et\/?s={search_term_string}\"},\"query-input\":{\"@type\":\"PropertyValueSpecification\",\"valueRequired\":true,\"valueName\":\"search_term_string\"}}],\"inLanguage\":\"et\"}]}<\/script>\n<!-- \/ Yoast SEO plugin. -->","yoast_head_json":{"title":"Privaatsuspoliitika - Santa Monica","robots":{"index":"index","follow":"follow","max-snippet":"max-snippet:-1","max-image-preview":"max-image-preview:large","max-video-preview":"max-video-preview:-1"},"canonical":"https:\/\/santamonica.lv\/et\/privaatsuspoliitika\/","og_locale":"et_EE","og_type":"article","og_title":"Privaatsuspoliitika - Santa Monica","og_description":"Teie privaatsus ja andmekaitse on SIA &#8220;Santa Monica&#8221; jaoks v\u00e4ga olulised. Isikuandmete seadusliku, ausa ja l\u00e4bipaistva t\u00f6\u00f6tlemise tagamiseks on allpool toodud teave SIA &#8220;Santa Monica&#8221; poolt teostatava isikuandmete t\u00f6\u00f6tlemise kohta. Pange t\u00e4hele, et esitatud teave ei ole ammendav ja seda v\u00f5ib muuta, t\u00e4psustada, t\u00e4iendada. Vastutav andmet\u00f6\u00f6tleja: SIA \u201cSanta Monica\u201dRegistreerimisnumber: 40203463875Aadress: Nauk\u0161\u0113nu mui\u017ea, Nauk\u0161\u0113ni, Nauk\u0161\u0113nu pag.,Valmieras...","og_url":"https:\/\/santamonica.lv\/et\/privaatsuspoliitika\/","og_site_name":"Santa Monica","article_publisher":"https:\/\/www.facebook.com\/klinikasantamonica","article_modified_time":"2024-10-20T17:05:48+00:00","twitter_card":"summary_large_image","twitter_misc":{"Est. reading time":"4 minutit"},"schema":{"@context":"https:\/\/schema.org","@graph":[{"@type":"WebPage","@id":"https:\/\/santamonica.lv\/et\/privaatsuspoliitika\/","url":"https:\/\/santamonica.lv\/et\/privaatsuspoliitika\/","name":"Privaatsuspoliitika - Santa Monica","isPartOf":{"@id":"https:\/\/santamonica.lv\/et\/#website"},"datePublished":"2023-07-31T13:57:10+00:00","dateModified":"2024-10-20T17:05:48+00:00","breadcrumb":{"@id":"https:\/\/santamonica.lv\/et\/privaatsuspoliitika\/#breadcrumb"},"inLanguage":"et","potentialAction":[{"@type":"ReadAction","target":["https:\/\/santamonica.lv\/et\/privaatsuspoliitika\/"]}]},{"@type":"BreadcrumbList","@id":"https:\/\/santamonica.lv\/et\/privaatsuspoliitika\/#breadcrumb","itemListElement":[{"@type":"ListItem","position":1,"name":"Home","item":"https:\/\/santamonica.lv\/et\/sakums\/"},{"@type":"ListItem","position":2,"name":"Privaatsuspoliitika"}]},{"@type":"WebSite","@id":"https:\/\/santamonica.lv\/et\/#website","url":"https:\/\/santamonica.lv\/et\/","name":"Santa Monica","description":"","potentialAction":[{"@type":"SearchAction","target":{"@type":"EntryPoint","urlTemplate":"https:\/\/santamonica.lv\/et\/?s={search_term_string}"},"query-input":{"@type":"PropertyValueSpecification","valueRequired":true,"valueName":"search_term_string"}}],"inLanguage":"et"}]}},"uagb_featured_image_src":{"full":false,"thumbnail":false,"medium":false,"medium_large":false,"large":false,"1536x1536":false,"2048x2048":false,"woocommerce_thumbnail":false,"woocommerce_single":false,"woocommerce_gallery_thumbnail":false},"uagb_author_info":{"display_name":"admin","author_link":"https:\/\/santamonica.lv\/et\/author\/admin\/"},"uagb_comment_info":0,"uagb_excerpt":"Teie privaatsus ja andmekaitse on SIA &#8220;Santa Monica&#8221; jaoks v\u00e4ga olulised. Isikuandmete seadusliku, ausa ja l\u00e4bipaistva t\u00f6\u00f6tlemise tagamiseks on allpool toodud teave SIA &#8220;Santa Monica&#8221; poolt teostatava isikuandmete t\u00f6\u00f6tlemise kohta. Pange t\u00e4hele, et esitatud teave ei ole ammendav ja seda v\u00f5ib muuta, t\u00e4psustada, t\u00e4iendada. Vastutav andmet\u00f6\u00f6tleja: SIA \u201cSanta Monica\u201dRegistreerimisnumber: 40203463875Aadress: Nauk\u0161\u0113nu mui\u017ea, Nauk\u0161\u0113ni, Nauk\u0161\u0113nu pag.,Valmieras...","_links":{"self":[{"href":"https:\/\/santamonica.lv\/et\/wp-json\/wp\/v2\/pages\/2234","targetHints":{"allow":["GET"]}}],"collection":[{"href":"https:\/\/santamonica.lv\/et\/wp-json\/wp\/v2\/pages"}],"about":[{"href":"https:\/\/santamonica.lv\/et\/wp-json\/wp\/v2\/types\/page"}],"author":[{"embeddable":true,"href":"https:\/\/santamonica.lv\/et\/wp-json\/wp\/v2\/users\/1"}],"replies":[{"embeddable":true,"href":"https:\/\/santamonica.lv\/et\/wp-json\/wp\/v2\/comments?post=2234"}],"version-history":[{"count":4,"href":"https:\/\/santamonica.lv\/et\/wp-json\/wp\/v2\/pages\/2234\/revisions"}],"predecessor-version":[{"id":2259,"href":"https:\/\/santamonica.lv\/et\/wp-json\/wp\/v2\/pages\/2234\/revisions\/2259"}],"wp:attachment":[{"href":"https:\/\/santamonica.lv\/et\/wp-json\/wp\/v2\/media?parent=2234"}],"curies":[{"name":"wp","href":"https:\/\/api.w.org\/{rel}","templated":true}]}}