{"id":3101,"date":"2025-03-01T22:01:03","date_gmt":"2025-03-01T20:01:03","guid":{"rendered":"https:\/\/santamonica.lv\/?page_id=3101"},"modified":"2025-03-05T22:46:11","modified_gmt":"2025-03-05T20:46:11","slug":"viiruk-voi-boswellia","status":"publish","type":"page","link":"https:\/\/santamonica.lv\/et\/tervisele\/viiruk-voi-boswellia\/","title":{"rendered":"Viiruk v\u00f5i boswellia"},"content":{"rendered":"\n<div class=\"wp-block-columns is-layout-flex wp-container-core-columns-is-layout-9d6595d7 wp-block-columns-is-layout-flex\">\n<div class=\"wp-block-column is-layout-flow wp-block-column-is-layout-flow\" style=\"flex-basis:33.33%\">\n<figure class=\"wp-block-image size-full\"><img loading=\"lazy\" decoding=\"async\" width=\"998\" height=\"666\" src=\"https:\/\/santamonica.lv\/wp-content\/uploads\/2024\/01\/bosvelijas-koka-sveki-viraks.jpg\" alt=\"\" class=\"wp-image-1067\" srcset=\"https:\/\/santamonica.lv\/wp-content\/uploads\/2024\/01\/bosvelijas-koka-sveki-viraks.jpg 998w, https:\/\/santamonica.lv\/wp-content\/uploads\/2024\/01\/bosvelijas-koka-sveki-viraks-300x200.jpg 300w, https:\/\/santamonica.lv\/wp-content\/uploads\/2024\/01\/bosvelijas-koka-sveki-viraks-768x513.jpg 768w, https:\/\/santamonica.lv\/wp-content\/uploads\/2024\/01\/bosvelijas-koka-sveki-viraks-600x400.jpg 600w\" sizes=\"auto, (max-width: 998px) 100vw, 998px\" \/><\/figure>\n<\/div>\n\n\n\n<div class=\"wp-block-column is-layout-flow wp-block-column-is-layout-flow\" style=\"flex-basis:66.66%\">\n<p>L\u00f5hnav viiruk on boswellia puu vaik, mida on kasutatud religioossetel eesm\u00e4rkidel juba iidsetest aegadest, kuid n\u00fc\u00fcd on selle raviomaduste t\u00f5ttu \u00fcha enam mainitud. Boswelliat ehk viirukit on p\u00f5letike raviks kasutatud juba m\u00f5nda aega. Vana-Egiptuses nimetati seda \u201cJumala parf\u00fc\u00fcmiks\u201d ja \u201cjumalikuks aineks\u201d.<\/p>\n<\/div>\n<\/div>\n\n\n\n<p>Saehambuline boswellia (Bosvelia serrata) on Sapindale perekonda kuuluv puu, mis toodab viirukit. K\u00f5ik boswellia perekonna taimed on keskmise suurusega \u00f5itsvad puud ja p\u00f5\u00f5sad. See on p\u00e4rit Indiast ja Punjabi piirkonnast, mis ulatub kuni Pakistanini. Just seda boswelliat on k\u00f5ige rohkem uuritud. Vaiku saadakse selle taime t\u00fcvest ja suurematest okstest sissel\u00f5igete abil.<\/p>\n\n\n\n<p>V\u00e4ga olulised on boswellhapped, mis oma keemilise struktuuri j\u00e4rgi on pentats\u00fckliliste terpenoidmolekulide jada, mida toodavad perekonna Boswellia taimed. Nagu paljud teised terpeenid, leidub bosveliinhappeid ka taime vaigus. Need moodustavad umbes 30% Boswellia serrata vaigust.<\/p>\n\n\n\n<p>Erilist t\u00e4helepanu p\u00f6\u00f6ratakse boswellia v\u00e4ljendunud p\u00f5letikuvastastele omadustele, t\u00e4nu millele kasutatakse teda erinevate p\u00f5letikuliste haiguste ravis. Supresseerides 5-lipoks\u00fcgenaasi aktiivsust organismis, v\u00e4heneb p\u00f5letikuline reaktsioon oluliselt.<\/p>\n\n\n\n<p>Boswellial ei ole mitte ainult p\u00f5letikuvastane toime, vaid seda kasutatakse kliiniliste uuringute kohaselt ka v\u00e4hiravis. On teada, et selles taimes sisalduvad ained soodustavad kasvajarakkude apoptoosi \u2013 loomulikku surma ning p\u00e4rsivad ka kasvajarakkudes esineva topoisomeraasi aktiivsust. Seet\u00f5ttu kasutatakse boveliat ajukasvaja ravis, et v\u00e4ltida kasvajat \u00fcmbritseva koe turset.<\/p>\n\n\n\n<p>Paljud kliinilised uuringud kinnitavad, et see ravimtaim on efektiivne Crohni t\u00f5ve ja haavandilise koliidi ravis. Seda kasutatakse ka reumatoidartriidi ja astma raviks.<\/p>\n\n\n\n<p>Boswellia preparaadid imenduvad seedetrakti kaudu v\u00e4he, seet\u00f5ttu on soovitatav kasutada parenteraalseid infusioone. Soovitud efekti saavutamiseks suukaudsel kasutamisel on vaja iga p\u00e4ev v\u00f5tta v\u00e4hemalt 1600 mg boswellia ekstrakti.<\/p>\n","protected":false},"excerpt":{"rendered":"<p>L\u00f5hnav viiruk on boswellia puu vaik, mida on kasutatud religioossetel eesm\u00e4rkidel juba iidsetest aegadest, kuid n\u00fc\u00fcd on selle raviomaduste t\u00f5ttu \u00fcha enam mainitud. Boswelliat ehk viirukit on p\u00f5letike raviks kasutatud juba m\u00f5nda aega. Vana-Egiptuses nimetati seda \u201cJumala parf\u00fc\u00fcmiks\u201d ja \u201cjumalikuks aineks\u201d. Saehambuline boswellia (Bosvelia serrata) on Sapindale perekonda kuuluv puu, mis toodab viirukit. K\u00f5ik boswellia&#8230;<\/p>\n","protected":false},"author":3,"featured_media":2133,"parent":2090,"menu_order":0,"comment_status":"closed","ping_status":"closed","template":"","meta":{"_acf_changed":false,"_uag_custom_page_level_css":"","_kadence_starter_templates_imported_post":false,"_kad_post_transparent":"","_kad_post_title":"","_kad_post_layout":"","_kad_post_sidebar_id":"","_kad_post_content_style":"","_kad_post_vertical_padding":"","_kad_post_feature":"","_kad_post_feature_position":"","_kad_post_header":false,"_kad_post_footer":false,"footnotes":""},"class_list":["post-3101","page","type-page","status-publish","has-post-thumbnail","hentry"],"acf":[],"yoast_head":"<!-- This site is optimized with the Yoast SEO plugin v26.4 - https:\/\/yoast.com\/wordpress\/plugins\/seo\/ -->\n<title>Viiruk v\u00f5i boswellia - Santa Monica<\/title>\n<meta name=\"robots\" content=\"index, follow, max-snippet:-1, max-image-preview:large, max-video-preview:-1\" \/>\n<link rel=\"canonical\" href=\"https:\/\/santamonica.lv\/et\/tervisele\/viiruk-voi-boswellia\/\" \/>\n<meta property=\"og:locale\" content=\"et_EE\" \/>\n<meta property=\"og:type\" content=\"article\" \/>\n<meta property=\"og:title\" content=\"Viiruk v\u00f5i boswellia - Santa Monica\" \/>\n<meta property=\"og:description\" content=\"L\u00f5hnav viiruk on boswellia puu vaik, mida on kasutatud religioossetel eesm\u00e4rkidel juba iidsetest aegadest, kuid n\u00fc\u00fcd on selle raviomaduste t\u00f5ttu \u00fcha enam mainitud. Boswelliat ehk viirukit on p\u00f5letike raviks kasutatud juba m\u00f5nda aega. Vana-Egiptuses nimetati seda \u201cJumala parf\u00fc\u00fcmiks\u201d ja \u201cjumalikuks aineks\u201d. Saehambuline boswellia (Bosvelia serrata) on Sapindale perekonda kuuluv puu, mis toodab viirukit. K\u00f5ik boswellia...\" \/>\n<meta property=\"og:url\" content=\"https:\/\/santamonica.lv\/et\/tervisele\/viiruk-voi-boswellia\/\" \/>\n<meta property=\"og:site_name\" content=\"Santa Monica\" \/>\n<meta property=\"article:publisher\" content=\"https:\/\/www.facebook.com\/klinikasantamonica\" \/>\n<meta property=\"article:modified_time\" content=\"2025-03-05T20:46:11+00:00\" \/>\n<meta property=\"og:image\" content=\"https:\/\/santamonica.lv\/wp-content\/uploads\/2024\/01\/bosvelijas-koka-sveki-viraks.jpg\" \/>\n\t<meta property=\"og:image:width\" content=\"998\" \/>\n\t<meta property=\"og:image:height\" content=\"666\" \/>\n\t<meta property=\"og:image:type\" content=\"image\/jpeg\" \/>\n<meta name=\"twitter:card\" content=\"summary_large_image\" \/>\n<meta name=\"twitter:label1\" content=\"Est. reading time\" \/>\n\t<meta name=\"twitter:data1\" content=\"1 minut\" \/>\n<script type=\"application\/ld+json\" class=\"yoast-schema-graph\">{\"@context\":\"https:\/\/schema.org\",\"@graph\":[{\"@type\":\"WebPage\",\"@id\":\"https:\/\/santamonica.lv\/et\/tervisele\/viiruk-voi-boswellia\/\",\"url\":\"https:\/\/santamonica.lv\/et\/tervisele\/viiruk-voi-boswellia\/\",\"name\":\"Viiruk v\u00f5i boswellia - Santa Monica\",\"isPartOf\":{\"@id\":\"https:\/\/santamonica.lv\/et\/#website\"},\"primaryImageOfPage\":{\"@id\":\"https:\/\/santamonica.lv\/et\/tervisele\/viiruk-voi-boswellia\/#primaryimage\"},\"image\":{\"@id\":\"https:\/\/santamonica.lv\/et\/tervisele\/viiruk-voi-boswellia\/#primaryimage\"},\"thumbnailUrl\":\"https:\/\/santamonica.lv\/wp-content\/uploads\/2024\/01\/bosvelijas-koka-sveki-viraks.jpg\",\"datePublished\":\"2025-03-01T20:01:03+00:00\",\"dateModified\":\"2025-03-05T20:46:11+00:00\",\"breadcrumb\":{\"@id\":\"https:\/\/santamonica.lv\/et\/tervisele\/viiruk-voi-boswellia\/#breadcrumb\"},\"inLanguage\":\"et\",\"potentialAction\":[{\"@type\":\"ReadAction\",\"target\":[\"https:\/\/santamonica.lv\/et\/tervisele\/viiruk-voi-boswellia\/\"]}]},{\"@type\":\"ImageObject\",\"inLanguage\":\"et\",\"@id\":\"https:\/\/santamonica.lv\/et\/tervisele\/viiruk-voi-boswellia\/#primaryimage\",\"url\":\"https:\/\/santamonica.lv\/wp-content\/uploads\/2024\/01\/bosvelijas-koka-sveki-viraks.jpg\",\"contentUrl\":\"https:\/\/santamonica.lv\/wp-content\/uploads\/2024\/01\/bosvelijas-koka-sveki-viraks.jpg\",\"width\":998,\"height\":666},{\"@type\":\"BreadcrumbList\",\"@id\":\"https:\/\/santamonica.lv\/et\/tervisele\/viiruk-voi-boswellia\/#breadcrumb\",\"itemListElement\":[{\"@type\":\"ListItem\",\"position\":1,\"name\":\"Home\",\"item\":\"https:\/\/santamonica.lv\/et\/sakums\/\"},{\"@type\":\"ListItem\",\"position\":2,\"name\":\"Tervisele\",\"item\":\"https:\/\/santamonica.lv\/et\/tervisele\/\"},{\"@type\":\"ListItem\",\"position\":3,\"name\":\"Viiruk v\u00f5i boswellia\"}]},{\"@type\":\"WebSite\",\"@id\":\"https:\/\/santamonica.lv\/et\/#website\",\"url\":\"https:\/\/santamonica.lv\/et\/\",\"name\":\"Santa Monica\",\"description\":\"\",\"potentialAction\":[{\"@type\":\"SearchAction\",\"target\":{\"@type\":\"EntryPoint\",\"urlTemplate\":\"https:\/\/santamonica.lv\/et\/?s={search_term_string}\"},\"query-input\":{\"@type\":\"PropertyValueSpecification\",\"valueRequired\":true,\"valueName\":\"search_term_string\"}}],\"inLanguage\":\"et\"}]}<\/script>\n<!-- \/ Yoast SEO plugin. -->","yoast_head_json":{"title":"Viiruk v\u00f5i boswellia - Santa Monica","robots":{"index":"index","follow":"follow","max-snippet":"max-snippet:-1","max-image-preview":"max-image-preview:large","max-video-preview":"max-video-preview:-1"},"canonical":"https:\/\/santamonica.lv\/et\/tervisele\/viiruk-voi-boswellia\/","og_locale":"et_EE","og_type":"article","og_title":"Viiruk v\u00f5i boswellia - Santa Monica","og_description":"L\u00f5hnav viiruk on boswellia puu vaik, mida on kasutatud religioossetel eesm\u00e4rkidel juba iidsetest aegadest, kuid n\u00fc\u00fcd on selle raviomaduste t\u00f5ttu \u00fcha enam mainitud. Boswelliat ehk viirukit on p\u00f5letike raviks kasutatud juba m\u00f5nda aega. Vana-Egiptuses nimetati seda \u201cJumala parf\u00fc\u00fcmiks\u201d ja \u201cjumalikuks aineks\u201d. Saehambuline boswellia (Bosvelia serrata) on Sapindale perekonda kuuluv puu, mis toodab viirukit. K\u00f5ik boswellia...","og_url":"https:\/\/santamonica.lv\/et\/tervisele\/viiruk-voi-boswellia\/","og_site_name":"Santa Monica","article_publisher":"https:\/\/www.facebook.com\/klinikasantamonica","article_modified_time":"2025-03-05T20:46:11+00:00","og_image":[{"width":998,"height":666,"url":"https:\/\/santamonica.lv\/wp-content\/uploads\/2024\/01\/bosvelijas-koka-sveki-viraks.jpg","type":"image\/jpeg"}],"twitter_card":"summary_large_image","twitter_misc":{"Est. reading time":"1 minut"},"schema":{"@context":"https:\/\/schema.org","@graph":[{"@type":"WebPage","@id":"https:\/\/santamonica.lv\/et\/tervisele\/viiruk-voi-boswellia\/","url":"https:\/\/santamonica.lv\/et\/tervisele\/viiruk-voi-boswellia\/","name":"Viiruk v\u00f5i boswellia - Santa Monica","isPartOf":{"@id":"https:\/\/santamonica.lv\/et\/#website"},"primaryImageOfPage":{"@id":"https:\/\/santamonica.lv\/et\/tervisele\/viiruk-voi-boswellia\/#primaryimage"},"image":{"@id":"https:\/\/santamonica.lv\/et\/tervisele\/viiruk-voi-boswellia\/#primaryimage"},"thumbnailUrl":"https:\/\/santamonica.lv\/wp-content\/uploads\/2024\/01\/bosvelijas-koka-sveki-viraks.jpg","datePublished":"2025-03-01T20:01:03+00:00","dateModified":"2025-03-05T20:46:11+00:00","breadcrumb":{"@id":"https:\/\/santamonica.lv\/et\/tervisele\/viiruk-voi-boswellia\/#breadcrumb"},"inLanguage":"et","potentialAction":[{"@type":"ReadAction","target":["https:\/\/santamonica.lv\/et\/tervisele\/viiruk-voi-boswellia\/"]}]},{"@type":"ImageObject","inLanguage":"et","@id":"https:\/\/santamonica.lv\/et\/tervisele\/viiruk-voi-boswellia\/#primaryimage","url":"https:\/\/santamonica.lv\/wp-content\/uploads\/2024\/01\/bosvelijas-koka-sveki-viraks.jpg","contentUrl":"https:\/\/santamonica.lv\/wp-content\/uploads\/2024\/01\/bosvelijas-koka-sveki-viraks.jpg","width":998,"height":666},{"@type":"BreadcrumbList","@id":"https:\/\/santamonica.lv\/et\/tervisele\/viiruk-voi-boswellia\/#breadcrumb","itemListElement":[{"@type":"ListItem","position":1,"name":"Home","item":"https:\/\/santamonica.lv\/et\/sakums\/"},{"@type":"ListItem","position":2,"name":"Tervisele","item":"https:\/\/santamonica.lv\/et\/tervisele\/"},{"@type":"ListItem","position":3,"name":"Viiruk v\u00f5i boswellia"}]},{"@type":"WebSite","@id":"https:\/\/santamonica.lv\/et\/#website","url":"https:\/\/santamonica.lv\/et\/","name":"Santa Monica","description":"","potentialAction":[{"@type":"SearchAction","target":{"@type":"EntryPoint","urlTemplate":"https:\/\/santamonica.lv\/et\/?s={search_term_string}"},"query-input":{"@type":"PropertyValueSpecification","valueRequired":true,"valueName":"search_term_string"}}],"inLanguage":"et"}]}},"uagb_featured_image_src":{"full":["https:\/\/santamonica.lv\/wp-content\/uploads\/2024\/01\/bosvelijas-koka-sveki-viraks.jpg",998,666,false],"thumbnail":["https:\/\/santamonica.lv\/wp-content\/uploads\/2024\/01\/bosvelijas-koka-sveki-viraks-150x150.jpg",150,150,true],"medium":["https:\/\/santamonica.lv\/wp-content\/uploads\/2024\/01\/bosvelijas-koka-sveki-viraks-300x200.jpg",300,200,true],"medium_large":["https:\/\/santamonica.lv\/wp-content\/uploads\/2024\/01\/bosvelijas-koka-sveki-viraks-768x513.jpg",768,513,true],"large":["https:\/\/santamonica.lv\/wp-content\/uploads\/2024\/01\/bosvelijas-koka-sveki-viraks.jpg",998,666,false],"1536x1536":["https:\/\/santamonica.lv\/wp-content\/uploads\/2024\/01\/bosvelijas-koka-sveki-viraks.jpg",998,666,false],"2048x2048":["https:\/\/santamonica.lv\/wp-content\/uploads\/2024\/01\/bosvelijas-koka-sveki-viraks.jpg",998,666,false],"woocommerce_thumbnail":["https:\/\/santamonica.lv\/wp-content\/uploads\/2024\/01\/bosvelijas-koka-sveki-viraks-300x300.jpg",300,300,true],"woocommerce_single":["https:\/\/santamonica.lv\/wp-content\/uploads\/2024\/01\/bosvelijas-koka-sveki-viraks-600x400.jpg",600,400,true],"woocommerce_gallery_thumbnail":["https:\/\/santamonica.lv\/wp-content\/uploads\/2024\/01\/bosvelijas-koka-sveki-viraks-100x100.jpg",100,100,true]},"uagb_author_info":{"display_name":"Aigars","author_link":"https:\/\/santamonica.lv\/et\/author\/aigars\/"},"uagb_comment_info":0,"uagb_excerpt":"L\u00f5hnav viiruk on boswellia puu vaik, mida on kasutatud religioossetel eesm\u00e4rkidel juba iidsetest aegadest, kuid n\u00fc\u00fcd on selle raviomaduste t\u00f5ttu \u00fcha enam mainitud. Boswelliat ehk viirukit on p\u00f5letike raviks kasutatud juba m\u00f5nda aega. Vana-Egiptuses nimetati seda \u201cJumala parf\u00fc\u00fcmiks\u201d ja \u201cjumalikuks aineks\u201d. Saehambuline boswellia (Bosvelia serrata) on Sapindale perekonda kuuluv puu, mis toodab viirukit. K\u00f5ik boswellia...","_links":{"self":[{"href":"https:\/\/santamonica.lv\/et\/wp-json\/wp\/v2\/pages\/3101","targetHints":{"allow":["GET"]}}],"collection":[{"href":"https:\/\/santamonica.lv\/et\/wp-json\/wp\/v2\/pages"}],"about":[{"href":"https:\/\/santamonica.lv\/et\/wp-json\/wp\/v2\/types\/page"}],"author":[{"embeddable":true,"href":"https:\/\/santamonica.lv\/et\/wp-json\/wp\/v2\/users\/3"}],"replies":[{"embeddable":true,"href":"https:\/\/santamonica.lv\/et\/wp-json\/wp\/v2\/comments?post=3101"}],"version-history":[{"count":1,"href":"https:\/\/santamonica.lv\/et\/wp-json\/wp\/v2\/pages\/3101\/revisions"}],"predecessor-version":[{"id":3102,"href":"https:\/\/santamonica.lv\/et\/wp-json\/wp\/v2\/pages\/3101\/revisions\/3102"}],"up":[{"embeddable":true,"href":"https:\/\/santamonica.lv\/et\/wp-json\/wp\/v2\/pages\/2090"}],"wp:featuredmedia":[{"embeddable":true,"href":"https:\/\/santamonica.lv\/et\/wp-json\/wp\/v2\/media\/2133"}],"wp:attachment":[{"href":"https:\/\/santamonica.lv\/et\/wp-json\/wp\/v2\/media?parent=3101"}],"curies":[{"name":"wp","href":"https:\/\/api.w.org\/{rel}","templated":true}]}}