{"id":3103,"date":"2025-03-01T22:12:11","date_gmt":"2025-03-01T20:12:11","guid":{"rendered":"https:\/\/santamonica.lv\/?page_id=3103"},"modified":"2025-03-05T22:46:03","modified_gmt":"2025-03-05T20:46:03","slug":"prokaiini-ja-vesinikkarbonaadi-infusioonid","status":"publish","type":"page","link":"https:\/\/santamonica.lv\/et\/tervisele\/prokaiini-ja-vesinikkarbonaadi-infusioonid\/","title":{"rendered":"Prokaiini ja vesinikkarbonaadi infusioonid"},"content":{"rendered":"\n<div class=\"wp-block-columns is-layout-flex wp-container-core-columns-is-layout-9d6595d7 wp-block-columns-is-layout-flex\">\n<div class=\"wp-block-column is-layout-flow wp-block-column-is-layout-flow\" style=\"flex-basis:33.33%\">\n<figure class=\"wp-block-image size-full\"><img loading=\"lazy\" decoding=\"async\" width=\"1024\" height=\"683\" src=\"https:\/\/santamonica.lv\/wp-content\/uploads\/2024\/01\/procaine-infusions.jpeg\" alt=\"\" class=\"wp-image-1063\" srcset=\"https:\/\/santamonica.lv\/wp-content\/uploads\/2024\/01\/procaine-infusions.jpeg 1024w, https:\/\/santamonica.lv\/wp-content\/uploads\/2024\/01\/procaine-infusions-300x200.jpeg 300w, https:\/\/santamonica.lv\/wp-content\/uploads\/2024\/01\/procaine-infusions-768x512.jpeg 768w, https:\/\/santamonica.lv\/wp-content\/uploads\/2024\/01\/procaine-infusions-600x400.jpeg 600w\" sizes=\"auto, (max-width: 1024px) 100vw, 1024px\" \/><\/figure>\n<\/div>\n\n\n\n<div class=\"wp-block-column is-layout-flow wp-block-column-is-layout-flow\" style=\"flex-basis:66.66%\">\n<p>P\u00f5letik koos \u00fclihappesusega organismi sisekeskkonnas on \u00fcks levinumaid tegureid, mis p\u00f5hjustab paljusid haigusi. Prokaiin, millel on v\u00e4ljendunud p\u00f5letikuvastane toime, koos naatriumvesinikkarbonaadiga, millel on omakorda v\u00e4ljendunud aluseline reaktsioon, v\u00f5ib ennetada selliseid h\u00e4ireid nagu organismi happeline sisekeskkond, mida kasutatakse laialdaselt loodusravis.<\/p>\n<\/div>\n<\/div>\n\n\n\n<p>Prokaiin on \u00fcks ravimitest, millel on olnud meditsiinis stabiilne koht juba \u00fcle 100 aasta, sest see on patsientidele v\u00e4ga h\u00e4sti talutav ja ka efektiivsus on m\u00e4rkimisv\u00e4\u00e4rne. See preparaat on saanud tuntuks alates sellest, kui seda kasutati neuroloogilise valu ravis. Paljud teaduslikud uuringud kinnitavad, et nende kahe lahenduse kombinatsioon on samaaegsel manustamisel organismile v\u00e4ga t\u00f5hus. Nende soovitud toimed on: vasodilatatsioon, p\u00f5letikuvastane toime, valuvaigistav toime, antioks\u00fcdatiivne toime ja autonoomse n\u00e4rvis\u00fcsteemi stabiliseeriv toime.<\/p>\n\n\n\n<p>Naatriumvesinikkarbonaat on aine, mida toodab iga\u00fche keha. Juba iidsetest aegadest on teada, et vere ja kudede atsidoosi neutraliseerimiseks kasutati naatriumvesinikkarbonaadi sooli (puhas naatriumvesinikkarbonaat). Ka t\u00e4nap\u00e4eval soovitatakse kasutada p\u00f5hiravimeid nii seedeh\u00e4iretega patsientidel kui ka paljude krooniliste haiguste korral ja isegi v\u00e4hi t\u00e4iendravis. See toimib isegi prof\u00fclaktiliselt, aidates \u00e4ra hoida kroonilisi p\u00f5letikulisi haigusi ja v\u00e4hki.<\/p>\n\n\n\n<p>Prokaiini ja naatriumvesinikkarbonaadi infusioonid on hea ravimite kombinatsioon, mis \u00fchendab m\u00f5lema soovitud toime ja isegi soodustab seda oluliselt.<\/p>\n\n\n\n<p><strong>Prokaiini ja naatriumvesinikkarbonaadi infusioonid v\u00e4hi ja krooniliste p\u00f5letikuliste haiguste korral<\/strong><\/p>\n\n\n\n<p>Prokaiini ja vesinikkarbonaadi infusioonide manustamine patsientidele p\u00e4rast keemia- v\u00f5i kiiritusravi on v\u00e4ga t\u00f5hus. V\u00e4ga sageli esineb neil patsientidel kogu keha ja ka v\u00e4hist m\u00f5jutatud kudede \u00fclihappesus, mis avaldub kliiniliselt valu, sensoorsete h\u00e4irete, krampide, iivelduse, oksendamise, isupuuduse ja n\u00f5rkusena.<\/p>\n\n\n\n<p>Prokaiini ja vesinikkarbonaadi infusioonid annavad positiivseid tulemusi ka reumaatiliste haiguste ja kroonilise valu s\u00fcndroomiga patsientidel.<\/p>\n","protected":false},"excerpt":{"rendered":"<p>P\u00f5letik koos \u00fclihappesusega organismi sisekeskkonnas on \u00fcks levinumaid tegureid, mis p\u00f5hjustab paljusid haigusi. Prokaiin, millel on v\u00e4ljendunud p\u00f5letikuvastane toime, koos naatriumvesinikkarbonaadiga, millel on omakorda v\u00e4ljendunud aluseline reaktsioon, v\u00f5ib ennetada selliseid h\u00e4ireid nagu organismi happeline sisekeskkond, mida kasutatakse laialdaselt loodusravis. Prokaiin on \u00fcks ravimitest, millel on olnud meditsiinis stabiilne koht juba \u00fcle 100 aasta, sest see&#8230;<\/p>\n","protected":false},"author":3,"featured_media":2139,"parent":2090,"menu_order":0,"comment_status":"closed","ping_status":"closed","template":"","meta":{"_acf_changed":false,"_uag_custom_page_level_css":"","_kadence_starter_templates_imported_post":false,"_kad_post_transparent":"","_kad_post_title":"","_kad_post_layout":"","_kad_post_sidebar_id":"","_kad_post_content_style":"","_kad_post_vertical_padding":"","_kad_post_feature":"","_kad_post_feature_position":"","_kad_post_header":false,"_kad_post_footer":false,"footnotes":""},"class_list":["post-3103","page","type-page","status-publish","has-post-thumbnail","hentry"],"acf":[],"yoast_head":"<!-- This site is optimized with the Yoast SEO plugin v26.4 - https:\/\/yoast.com\/wordpress\/plugins\/seo\/ -->\n<title>Prokaiini ja vesinikkarbonaadi infusioonid - Santa Monica<\/title>\n<meta name=\"robots\" content=\"index, follow, max-snippet:-1, max-image-preview:large, max-video-preview:-1\" \/>\n<link rel=\"canonical\" href=\"https:\/\/santamonica.lv\/et\/tervisele\/prokaiini-ja-vesinikkarbonaadi-infusioonid\/\" \/>\n<meta property=\"og:locale\" content=\"et_EE\" \/>\n<meta property=\"og:type\" content=\"article\" \/>\n<meta property=\"og:title\" content=\"Prokaiini ja vesinikkarbonaadi infusioonid - Santa Monica\" \/>\n<meta property=\"og:description\" content=\"P\u00f5letik koos \u00fclihappesusega organismi sisekeskkonnas on \u00fcks levinumaid tegureid, mis p\u00f5hjustab paljusid haigusi. Prokaiin, millel on v\u00e4ljendunud p\u00f5letikuvastane toime, koos naatriumvesinikkarbonaadiga, millel on omakorda v\u00e4ljendunud aluseline reaktsioon, v\u00f5ib ennetada selliseid h\u00e4ireid nagu organismi happeline sisekeskkond, mida kasutatakse laialdaselt loodusravis. Prokaiin on \u00fcks ravimitest, millel on olnud meditsiinis stabiilne koht juba \u00fcle 100 aasta, sest see...\" \/>\n<meta property=\"og:url\" content=\"https:\/\/santamonica.lv\/et\/tervisele\/prokaiini-ja-vesinikkarbonaadi-infusioonid\/\" \/>\n<meta property=\"og:site_name\" content=\"Santa Monica\" \/>\n<meta property=\"article:publisher\" content=\"https:\/\/www.facebook.com\/klinikasantamonica\" \/>\n<meta property=\"article:modified_time\" content=\"2025-03-05T20:46:03+00:00\" \/>\n<meta property=\"og:image\" content=\"https:\/\/santamonica.lv\/wp-content\/uploads\/2024\/01\/procaine-infusions.jpeg\" \/>\n\t<meta property=\"og:image:width\" content=\"1024\" \/>\n\t<meta property=\"og:image:height\" content=\"683\" \/>\n\t<meta property=\"og:image:type\" content=\"image\/jpeg\" \/>\n<meta name=\"twitter:card\" content=\"summary_large_image\" \/>\n<meta name=\"twitter:label1\" content=\"Est. reading time\" \/>\n\t<meta name=\"twitter:data1\" content=\"1 minut\" \/>\n<script type=\"application\/ld+json\" class=\"yoast-schema-graph\">{\"@context\":\"https:\/\/schema.org\",\"@graph\":[{\"@type\":\"WebPage\",\"@id\":\"https:\/\/santamonica.lv\/et\/tervisele\/prokaiini-ja-vesinikkarbonaadi-infusioonid\/\",\"url\":\"https:\/\/santamonica.lv\/et\/tervisele\/prokaiini-ja-vesinikkarbonaadi-infusioonid\/\",\"name\":\"Prokaiini ja vesinikkarbonaadi infusioonid - Santa Monica\",\"isPartOf\":{\"@id\":\"https:\/\/santamonica.lv\/et\/#website\"},\"primaryImageOfPage\":{\"@id\":\"https:\/\/santamonica.lv\/et\/tervisele\/prokaiini-ja-vesinikkarbonaadi-infusioonid\/#primaryimage\"},\"image\":{\"@id\":\"https:\/\/santamonica.lv\/et\/tervisele\/prokaiini-ja-vesinikkarbonaadi-infusioonid\/#primaryimage\"},\"thumbnailUrl\":\"https:\/\/santamonica.lv\/wp-content\/uploads\/2024\/01\/procaine-infusions.jpeg\",\"datePublished\":\"2025-03-01T20:12:11+00:00\",\"dateModified\":\"2025-03-05T20:46:03+00:00\",\"breadcrumb\":{\"@id\":\"https:\/\/santamonica.lv\/et\/tervisele\/prokaiini-ja-vesinikkarbonaadi-infusioonid\/#breadcrumb\"},\"inLanguage\":\"et\",\"potentialAction\":[{\"@type\":\"ReadAction\",\"target\":[\"https:\/\/santamonica.lv\/et\/tervisele\/prokaiini-ja-vesinikkarbonaadi-infusioonid\/\"]}]},{\"@type\":\"ImageObject\",\"inLanguage\":\"et\",\"@id\":\"https:\/\/santamonica.lv\/et\/tervisele\/prokaiini-ja-vesinikkarbonaadi-infusioonid\/#primaryimage\",\"url\":\"https:\/\/santamonica.lv\/wp-content\/uploads\/2024\/01\/procaine-infusions.jpeg\",\"contentUrl\":\"https:\/\/santamonica.lv\/wp-content\/uploads\/2024\/01\/procaine-infusions.jpeg\",\"width\":1024,\"height\":683},{\"@type\":\"BreadcrumbList\",\"@id\":\"https:\/\/santamonica.lv\/et\/tervisele\/prokaiini-ja-vesinikkarbonaadi-infusioonid\/#breadcrumb\",\"itemListElement\":[{\"@type\":\"ListItem\",\"position\":1,\"name\":\"Home\",\"item\":\"https:\/\/santamonica.lv\/et\/sakums\/\"},{\"@type\":\"ListItem\",\"position\":2,\"name\":\"Tervisele\",\"item\":\"https:\/\/santamonica.lv\/et\/tervisele\/\"},{\"@type\":\"ListItem\",\"position\":3,\"name\":\"Prokaiini ja vesinikkarbonaadi infusioonid\"}]},{\"@type\":\"WebSite\",\"@id\":\"https:\/\/santamonica.lv\/et\/#website\",\"url\":\"https:\/\/santamonica.lv\/et\/\",\"name\":\"Santa Monica\",\"description\":\"\",\"potentialAction\":[{\"@type\":\"SearchAction\",\"target\":{\"@type\":\"EntryPoint\",\"urlTemplate\":\"https:\/\/santamonica.lv\/et\/?s={search_term_string}\"},\"query-input\":{\"@type\":\"PropertyValueSpecification\",\"valueRequired\":true,\"valueName\":\"search_term_string\"}}],\"inLanguage\":\"et\"}]}<\/script>\n<!-- \/ Yoast SEO plugin. -->","yoast_head_json":{"title":"Prokaiini ja vesinikkarbonaadi infusioonid - Santa Monica","robots":{"index":"index","follow":"follow","max-snippet":"max-snippet:-1","max-image-preview":"max-image-preview:large","max-video-preview":"max-video-preview:-1"},"canonical":"https:\/\/santamonica.lv\/et\/tervisele\/prokaiini-ja-vesinikkarbonaadi-infusioonid\/","og_locale":"et_EE","og_type":"article","og_title":"Prokaiini ja vesinikkarbonaadi infusioonid - Santa Monica","og_description":"P\u00f5letik koos \u00fclihappesusega organismi sisekeskkonnas on \u00fcks levinumaid tegureid, mis p\u00f5hjustab paljusid haigusi. Prokaiin, millel on v\u00e4ljendunud p\u00f5letikuvastane toime, koos naatriumvesinikkarbonaadiga, millel on omakorda v\u00e4ljendunud aluseline reaktsioon, v\u00f5ib ennetada selliseid h\u00e4ireid nagu organismi happeline sisekeskkond, mida kasutatakse laialdaselt loodusravis. Prokaiin on \u00fcks ravimitest, millel on olnud meditsiinis stabiilne koht juba \u00fcle 100 aasta, sest see...","og_url":"https:\/\/santamonica.lv\/et\/tervisele\/prokaiini-ja-vesinikkarbonaadi-infusioonid\/","og_site_name":"Santa Monica","article_publisher":"https:\/\/www.facebook.com\/klinikasantamonica","article_modified_time":"2025-03-05T20:46:03+00:00","og_image":[{"width":1024,"height":683,"url":"https:\/\/santamonica.lv\/wp-content\/uploads\/2024\/01\/procaine-infusions.jpeg","type":"image\/jpeg"}],"twitter_card":"summary_large_image","twitter_misc":{"Est. reading time":"1 minut"},"schema":{"@context":"https:\/\/schema.org","@graph":[{"@type":"WebPage","@id":"https:\/\/santamonica.lv\/et\/tervisele\/prokaiini-ja-vesinikkarbonaadi-infusioonid\/","url":"https:\/\/santamonica.lv\/et\/tervisele\/prokaiini-ja-vesinikkarbonaadi-infusioonid\/","name":"Prokaiini ja vesinikkarbonaadi infusioonid - Santa Monica","isPartOf":{"@id":"https:\/\/santamonica.lv\/et\/#website"},"primaryImageOfPage":{"@id":"https:\/\/santamonica.lv\/et\/tervisele\/prokaiini-ja-vesinikkarbonaadi-infusioonid\/#primaryimage"},"image":{"@id":"https:\/\/santamonica.lv\/et\/tervisele\/prokaiini-ja-vesinikkarbonaadi-infusioonid\/#primaryimage"},"thumbnailUrl":"https:\/\/santamonica.lv\/wp-content\/uploads\/2024\/01\/procaine-infusions.jpeg","datePublished":"2025-03-01T20:12:11+00:00","dateModified":"2025-03-05T20:46:03+00:00","breadcrumb":{"@id":"https:\/\/santamonica.lv\/et\/tervisele\/prokaiini-ja-vesinikkarbonaadi-infusioonid\/#breadcrumb"},"inLanguage":"et","potentialAction":[{"@type":"ReadAction","target":["https:\/\/santamonica.lv\/et\/tervisele\/prokaiini-ja-vesinikkarbonaadi-infusioonid\/"]}]},{"@type":"ImageObject","inLanguage":"et","@id":"https:\/\/santamonica.lv\/et\/tervisele\/prokaiini-ja-vesinikkarbonaadi-infusioonid\/#primaryimage","url":"https:\/\/santamonica.lv\/wp-content\/uploads\/2024\/01\/procaine-infusions.jpeg","contentUrl":"https:\/\/santamonica.lv\/wp-content\/uploads\/2024\/01\/procaine-infusions.jpeg","width":1024,"height":683},{"@type":"BreadcrumbList","@id":"https:\/\/santamonica.lv\/et\/tervisele\/prokaiini-ja-vesinikkarbonaadi-infusioonid\/#breadcrumb","itemListElement":[{"@type":"ListItem","position":1,"name":"Home","item":"https:\/\/santamonica.lv\/et\/sakums\/"},{"@type":"ListItem","position":2,"name":"Tervisele","item":"https:\/\/santamonica.lv\/et\/tervisele\/"},{"@type":"ListItem","position":3,"name":"Prokaiini ja vesinikkarbonaadi infusioonid"}]},{"@type":"WebSite","@id":"https:\/\/santamonica.lv\/et\/#website","url":"https:\/\/santamonica.lv\/et\/","name":"Santa Monica","description":"","potentialAction":[{"@type":"SearchAction","target":{"@type":"EntryPoint","urlTemplate":"https:\/\/santamonica.lv\/et\/?s={search_term_string}"},"query-input":{"@type":"PropertyValueSpecification","valueRequired":true,"valueName":"search_term_string"}}],"inLanguage":"et"}]}},"uagb_featured_image_src":{"full":["https:\/\/santamonica.lv\/wp-content\/uploads\/2024\/01\/procaine-infusions.jpeg",1024,683,false],"thumbnail":["https:\/\/santamonica.lv\/wp-content\/uploads\/2024\/01\/procaine-infusions-150x150.jpeg",150,150,true],"medium":["https:\/\/santamonica.lv\/wp-content\/uploads\/2024\/01\/procaine-infusions-300x200.jpeg",300,200,true],"medium_large":["https:\/\/santamonica.lv\/wp-content\/uploads\/2024\/01\/procaine-infusions-768x512.jpeg",768,512,true],"large":["https:\/\/santamonica.lv\/wp-content\/uploads\/2024\/01\/procaine-infusions.jpeg",1024,683,false],"1536x1536":["https:\/\/santamonica.lv\/wp-content\/uploads\/2024\/01\/procaine-infusions.jpeg",1024,683,false],"2048x2048":["https:\/\/santamonica.lv\/wp-content\/uploads\/2024\/01\/procaine-infusions.jpeg",1024,683,false],"woocommerce_thumbnail":["https:\/\/santamonica.lv\/wp-content\/uploads\/2024\/01\/procaine-infusions-300x300.jpeg",300,300,true],"woocommerce_single":["https:\/\/santamonica.lv\/wp-content\/uploads\/2024\/01\/procaine-infusions-600x400.jpeg",600,400,true],"woocommerce_gallery_thumbnail":["https:\/\/santamonica.lv\/wp-content\/uploads\/2024\/01\/procaine-infusions-100x100.jpeg",100,100,true]},"uagb_author_info":{"display_name":"Aigars","author_link":"https:\/\/santamonica.lv\/et\/author\/aigars\/"},"uagb_comment_info":0,"uagb_excerpt":"P\u00f5letik koos \u00fclihappesusega organismi sisekeskkonnas on \u00fcks levinumaid tegureid, mis p\u00f5hjustab paljusid haigusi. Prokaiin, millel on v\u00e4ljendunud p\u00f5letikuvastane toime, koos naatriumvesinikkarbonaadiga, millel on omakorda v\u00e4ljendunud aluseline reaktsioon, v\u00f5ib ennetada selliseid h\u00e4ireid nagu organismi happeline sisekeskkond, mida kasutatakse laialdaselt loodusravis. Prokaiin on \u00fcks ravimitest, millel on olnud meditsiinis stabiilne koht juba \u00fcle 100 aasta, sest see...","_links":{"self":[{"href":"https:\/\/santamonica.lv\/et\/wp-json\/wp\/v2\/pages\/3103","targetHints":{"allow":["GET"]}}],"collection":[{"href":"https:\/\/santamonica.lv\/et\/wp-json\/wp\/v2\/pages"}],"about":[{"href":"https:\/\/santamonica.lv\/et\/wp-json\/wp\/v2\/types\/page"}],"author":[{"embeddable":true,"href":"https:\/\/santamonica.lv\/et\/wp-json\/wp\/v2\/users\/3"}],"replies":[{"embeddable":true,"href":"https:\/\/santamonica.lv\/et\/wp-json\/wp\/v2\/comments?post=3103"}],"version-history":[{"count":1,"href":"https:\/\/santamonica.lv\/et\/wp-json\/wp\/v2\/pages\/3103\/revisions"}],"predecessor-version":[{"id":3104,"href":"https:\/\/santamonica.lv\/et\/wp-json\/wp\/v2\/pages\/3103\/revisions\/3104"}],"up":[{"embeddable":true,"href":"https:\/\/santamonica.lv\/et\/wp-json\/wp\/v2\/pages\/2090"}],"wp:featuredmedia":[{"embeddable":true,"href":"https:\/\/santamonica.lv\/et\/wp-json\/wp\/v2\/media\/2139"}],"wp:attachment":[{"href":"https:\/\/santamonica.lv\/et\/wp-json\/wp\/v2\/media?parent=3103"}],"curies":[{"name":"wp","href":"https:\/\/api.w.org\/{rel}","templated":true}]}}