{"id":3107,"date":"2025-03-01T22:56:06","date_gmt":"2025-03-01T20:56:06","guid":{"rendered":"https:\/\/santamonica.lv\/?page_id=3107"},"modified":"2025-03-05T22:45:55","modified_gmt":"2025-03-05T20:45:55","slug":"oliphenolia","status":"publish","type":"page","link":"https:\/\/santamonica.lv\/et\/tervisele\/oliphenolia\/","title":{"rendered":"Oliphenolia"},"content":{"rendered":"\n<div class=\"wp-block-columns is-layout-flex wp-container-core-columns-is-layout-9d6595d7 wp-block-columns-is-layout-flex\">\n<div class=\"wp-block-column is-layout-flow wp-block-column-is-layout-flow\" style=\"flex-basis:33.33%\">\n<figure class=\"wp-block-image size-full\"><img loading=\"lazy\" decoding=\"async\" width=\"572\" height=\"480\" src=\"https:\/\/santamonica.lv\/wp-content\/uploads\/2024\/01\/OliPhenolia.jpg\" alt=\"\" class=\"wp-image-1059\" srcset=\"https:\/\/santamonica.lv\/wp-content\/uploads\/2024\/01\/OliPhenolia.jpg 572w, https:\/\/santamonica.lv\/wp-content\/uploads\/2024\/01\/OliPhenolia-300x252.jpg 300w\" sizes=\"auto, (max-width: 572px) 100vw, 572px\" \/><\/figure>\n<\/div>\n\n\n\n<div class=\"wp-block-column is-layout-flow wp-block-column-is-layout-flow\" style=\"flex-basis:66.66%\">\n<p>Oliphenolia on pol\u00fcfenoolide intravenoosne kokteil \u2013 s\u00fcstelahus, mis \u00fchendab Itaalias kasvatatud oliividest ilma kuumt\u00f6\u00f6tlemiseta saadud f\u00fctontsiide. V\u00e4rskelt saadud toote p\u00f5hikoostisosa on k\u00fclmpressitud oliiviekstrakt, mida tuntakse\u00a0<em><strong>\u201cacqua mora\u201d<\/strong><\/em>\u00a0ehk musta vee nime all. See lahus on segu erinevatest pol\u00fcfenoolidest, milles on sellised selle klassi ained nagu h\u00fcdroks\u00fct\u00fcrosool (antioks\u00fcdant), oleuropeiin, t\u00fcrosool, verboskoiidid (kofeo\u00fc\u00fclfen\u00fc\u00fcletanoidgl\u00fckosiidid), klorogeenhape (fenoolhape), agl\u00fckoon (gl\u00fckosiidi suhkruvaba komponent) leitakse sekologanosiide ja paljusid teisi.<\/p>\n<\/div>\n<\/div>\n\n\n\n<p><strong>Oliphenolia on oliiviekstrakt<\/strong>, mis saadakse oliivide mehaanilisel t\u00f6\u00f6tlemisel, saadud vedelik filtreeritakse ja toodetakse ilma keemiliste lahustiteta. Praegu tegeleb ravimifirma intravenoosse vedeliku tootmisega, mida hakatakse kasutama infusioonipreparaadina ilma s\u00fcnteetiliste aineteta.<\/p>\n\n\n\n<p>\u00c4sja v\u00e4ljat\u00f6\u00f6tatud pol\u00fcfenoolide valem v\u00f5imaldab seda laialdaselt kasutada terviklikus meditsiinis loodusliku tooraine allikana erinevate haiguste ravis.<\/p>\n\n\n\n<p>Arvestades pol\u00fcfenoolkokteili koostisainete mitmekesisust ja aktiivsust, on l\u00e4bi viidud uuringud, mis kinnitavad, et seda saab kasutada&nbsp;<strong>erinevate terviseprobleemide ravis<\/strong>:<\/p>\n\n\n\n<ol class=\"wp-block-list\">\n<li>S\u00fcdame-veresoonkonna haiguste raviks \u2013 on antioks\u00fcdatiivse toimega, pidurdab rakkude vananemist, p\u00e4rsib trombots\u00fc\u00fctide agregatsiooni, kaitstes seel\u00e4bi tromboosi ja insuldi eest. Tugevdatud antitrombootiline toime ilmneb, kui seda kasutatakse koos aspiriiniga.<\/li>\n\n\n\n<li>Magu \u2013 sooletrakti tervise jaoks \u2013 kasulik erinevate seedetrakti haiguste raviks;<\/li>\n\n\n\n<li>Antibakteriaalne toime \u2013 aitab teadaolevalt vabaneda Helicobacter pylorist maos;<\/li>\n\n\n\n<li>Seda saab kasutada ainevahetushaigustest ja diabeedist p\u00f5hjustatud terviseh\u00e4dade ravis, kuna see aitab korrigeerida lipiidide ainevahetuse h\u00e4ireid, kaitstes seel\u00e4bi veresooni, samuti v\u00e4hendab diabeedihaigete insuliiniresistentsust;<\/li>\n\n\n\n<li>Muud kasutusalad \u2013 kasulik v\u00e4hi ennetamisel, p\u00f5letikuvastase toimega, mis on oluline liigesehaiguste ravis ning soodustab ja parandab haavade paranemist.<\/li>\n\n\n\n<li>Keskn\u00e4rvis\u00fcsteemi haiguste raviks \u2013 seda saab kasutada neurodegeneratiivsete haiguste (Alzheimeri t\u00f5bi) ennetamiseks.<\/li>\n<\/ol>\n","protected":false},"excerpt":{"rendered":"<p>Oliphenolia on pol\u00fcfenoolide intravenoosne kokteil \u2013 s\u00fcstelahus, mis \u00fchendab Itaalias kasvatatud oliividest ilma kuumt\u00f6\u00f6tlemiseta saadud f\u00fctontsiide. V\u00e4rskelt saadud toote p\u00f5hikoostisosa on k\u00fclmpressitud oliiviekstrakt, mida tuntakse\u00a0\u201cacqua mora\u201d\u00a0ehk musta vee nime all. See lahus on segu erinevatest pol\u00fcfenoolidest, milles on sellised selle klassi ained nagu h\u00fcdroks\u00fct\u00fcrosool (antioks\u00fcdant), oleuropeiin, t\u00fcrosool, verboskoiidid (kofeo\u00fc\u00fclfen\u00fc\u00fcletanoidgl\u00fckosiidid), klorogeenhape (fenoolhape), agl\u00fckoon (gl\u00fckosiidi suhkruvaba komponent)&#8230;<\/p>\n","protected":false},"author":3,"featured_media":2145,"parent":2090,"menu_order":0,"comment_status":"closed","ping_status":"closed","template":"","meta":{"_acf_changed":false,"_uag_custom_page_level_css":"","_kadence_starter_templates_imported_post":false,"_kad_post_transparent":"","_kad_post_title":"","_kad_post_layout":"","_kad_post_sidebar_id":"","_kad_post_content_style":"","_kad_post_vertical_padding":"","_kad_post_feature":"","_kad_post_feature_position":"","_kad_post_header":false,"_kad_post_footer":false,"footnotes":""},"class_list":["post-3107","page","type-page","status-publish","has-post-thumbnail","hentry"],"acf":[],"yoast_head":"<!-- This site is optimized with the Yoast SEO plugin v26.4 - https:\/\/yoast.com\/wordpress\/plugins\/seo\/ -->\n<title>Oliphenolia - Santa Monica<\/title>\n<meta name=\"robots\" content=\"index, follow, max-snippet:-1, max-image-preview:large, max-video-preview:-1\" \/>\n<link rel=\"canonical\" href=\"https:\/\/santamonica.lv\/et\/tervisele\/oliphenolia\/\" \/>\n<meta property=\"og:locale\" content=\"et_EE\" \/>\n<meta property=\"og:type\" content=\"article\" \/>\n<meta property=\"og:title\" content=\"Oliphenolia - Santa Monica\" \/>\n<meta property=\"og:description\" content=\"Oliphenolia on pol\u00fcfenoolide intravenoosne kokteil \u2013 s\u00fcstelahus, mis \u00fchendab Itaalias kasvatatud oliividest ilma kuumt\u00f6\u00f6tlemiseta saadud f\u00fctontsiide. V\u00e4rskelt saadud toote p\u00f5hikoostisosa on k\u00fclmpressitud oliiviekstrakt, mida tuntakse\u00a0\u201cacqua mora\u201d\u00a0ehk musta vee nime all. See lahus on segu erinevatest pol\u00fcfenoolidest, milles on sellised selle klassi ained nagu h\u00fcdroks\u00fct\u00fcrosool (antioks\u00fcdant), oleuropeiin, t\u00fcrosool, verboskoiidid (kofeo\u00fc\u00fclfen\u00fc\u00fcletanoidgl\u00fckosiidid), klorogeenhape (fenoolhape), agl\u00fckoon (gl\u00fckosiidi suhkruvaba komponent)...\" \/>\n<meta property=\"og:url\" content=\"https:\/\/santamonica.lv\/et\/tervisele\/oliphenolia\/\" \/>\n<meta property=\"og:site_name\" content=\"Santa Monica\" \/>\n<meta property=\"article:publisher\" content=\"https:\/\/www.facebook.com\/klinikasantamonica\" \/>\n<meta property=\"article:modified_time\" content=\"2025-03-05T20:45:55+00:00\" \/>\n<meta property=\"og:image\" content=\"https:\/\/santamonica.lv\/wp-content\/uploads\/2024\/01\/OliPhenolia.jpg\" \/>\n\t<meta property=\"og:image:width\" content=\"572\" \/>\n\t<meta property=\"og:image:height\" content=\"480\" \/>\n\t<meta property=\"og:image:type\" content=\"image\/jpeg\" \/>\n<meta name=\"twitter:card\" content=\"summary_large_image\" \/>\n<meta name=\"twitter:label1\" content=\"Est. reading time\" \/>\n\t<meta name=\"twitter:data1\" content=\"1 minut\" \/>\n<script type=\"application\/ld+json\" class=\"yoast-schema-graph\">{\"@context\":\"https:\/\/schema.org\",\"@graph\":[{\"@type\":\"WebPage\",\"@id\":\"https:\/\/santamonica.lv\/et\/tervisele\/oliphenolia\/\",\"url\":\"https:\/\/santamonica.lv\/et\/tervisele\/oliphenolia\/\",\"name\":\"Oliphenolia - Santa Monica\",\"isPartOf\":{\"@id\":\"https:\/\/santamonica.lv\/et\/#website\"},\"primaryImageOfPage\":{\"@id\":\"https:\/\/santamonica.lv\/et\/tervisele\/oliphenolia\/#primaryimage\"},\"image\":{\"@id\":\"https:\/\/santamonica.lv\/et\/tervisele\/oliphenolia\/#primaryimage\"},\"thumbnailUrl\":\"https:\/\/santamonica.lv\/wp-content\/uploads\/2024\/01\/OliPhenolia.jpg\",\"datePublished\":\"2025-03-01T20:56:06+00:00\",\"dateModified\":\"2025-03-05T20:45:55+00:00\",\"breadcrumb\":{\"@id\":\"https:\/\/santamonica.lv\/et\/tervisele\/oliphenolia\/#breadcrumb\"},\"inLanguage\":\"et\",\"potentialAction\":[{\"@type\":\"ReadAction\",\"target\":[\"https:\/\/santamonica.lv\/et\/tervisele\/oliphenolia\/\"]}]},{\"@type\":\"ImageObject\",\"inLanguage\":\"et\",\"@id\":\"https:\/\/santamonica.lv\/et\/tervisele\/oliphenolia\/#primaryimage\",\"url\":\"https:\/\/santamonica.lv\/wp-content\/uploads\/2024\/01\/OliPhenolia.jpg\",\"contentUrl\":\"https:\/\/santamonica.lv\/wp-content\/uploads\/2024\/01\/OliPhenolia.jpg\",\"width\":572,\"height\":480},{\"@type\":\"BreadcrumbList\",\"@id\":\"https:\/\/santamonica.lv\/et\/tervisele\/oliphenolia\/#breadcrumb\",\"itemListElement\":[{\"@type\":\"ListItem\",\"position\":1,\"name\":\"Home\",\"item\":\"https:\/\/santamonica.lv\/et\/sakums\/\"},{\"@type\":\"ListItem\",\"position\":2,\"name\":\"Tervisele\",\"item\":\"https:\/\/santamonica.lv\/et\/tervisele\/\"},{\"@type\":\"ListItem\",\"position\":3,\"name\":\"Oliphenolia\"}]},{\"@type\":\"WebSite\",\"@id\":\"https:\/\/santamonica.lv\/et\/#website\",\"url\":\"https:\/\/santamonica.lv\/et\/\",\"name\":\"Santa Monica\",\"description\":\"\",\"potentialAction\":[{\"@type\":\"SearchAction\",\"target\":{\"@type\":\"EntryPoint\",\"urlTemplate\":\"https:\/\/santamonica.lv\/et\/?s={search_term_string}\"},\"query-input\":{\"@type\":\"PropertyValueSpecification\",\"valueRequired\":true,\"valueName\":\"search_term_string\"}}],\"inLanguage\":\"et\"}]}<\/script>\n<!-- \/ Yoast SEO plugin. -->","yoast_head_json":{"title":"Oliphenolia - Santa Monica","robots":{"index":"index","follow":"follow","max-snippet":"max-snippet:-1","max-image-preview":"max-image-preview:large","max-video-preview":"max-video-preview:-1"},"canonical":"https:\/\/santamonica.lv\/et\/tervisele\/oliphenolia\/","og_locale":"et_EE","og_type":"article","og_title":"Oliphenolia - Santa Monica","og_description":"Oliphenolia on pol\u00fcfenoolide intravenoosne kokteil \u2013 s\u00fcstelahus, mis \u00fchendab Itaalias kasvatatud oliividest ilma kuumt\u00f6\u00f6tlemiseta saadud f\u00fctontsiide. V\u00e4rskelt saadud toote p\u00f5hikoostisosa on k\u00fclmpressitud oliiviekstrakt, mida tuntakse\u00a0\u201cacqua mora\u201d\u00a0ehk musta vee nime all. See lahus on segu erinevatest pol\u00fcfenoolidest, milles on sellised selle klassi ained nagu h\u00fcdroks\u00fct\u00fcrosool (antioks\u00fcdant), oleuropeiin, t\u00fcrosool, verboskoiidid (kofeo\u00fc\u00fclfen\u00fc\u00fcletanoidgl\u00fckosiidid), klorogeenhape (fenoolhape), agl\u00fckoon (gl\u00fckosiidi suhkruvaba komponent)...","og_url":"https:\/\/santamonica.lv\/et\/tervisele\/oliphenolia\/","og_site_name":"Santa Monica","article_publisher":"https:\/\/www.facebook.com\/klinikasantamonica","article_modified_time":"2025-03-05T20:45:55+00:00","og_image":[{"width":572,"height":480,"url":"https:\/\/santamonica.lv\/wp-content\/uploads\/2024\/01\/OliPhenolia.jpg","type":"image\/jpeg"}],"twitter_card":"summary_large_image","twitter_misc":{"Est. reading time":"1 minut"},"schema":{"@context":"https:\/\/schema.org","@graph":[{"@type":"WebPage","@id":"https:\/\/santamonica.lv\/et\/tervisele\/oliphenolia\/","url":"https:\/\/santamonica.lv\/et\/tervisele\/oliphenolia\/","name":"Oliphenolia - Santa Monica","isPartOf":{"@id":"https:\/\/santamonica.lv\/et\/#website"},"primaryImageOfPage":{"@id":"https:\/\/santamonica.lv\/et\/tervisele\/oliphenolia\/#primaryimage"},"image":{"@id":"https:\/\/santamonica.lv\/et\/tervisele\/oliphenolia\/#primaryimage"},"thumbnailUrl":"https:\/\/santamonica.lv\/wp-content\/uploads\/2024\/01\/OliPhenolia.jpg","datePublished":"2025-03-01T20:56:06+00:00","dateModified":"2025-03-05T20:45:55+00:00","breadcrumb":{"@id":"https:\/\/santamonica.lv\/et\/tervisele\/oliphenolia\/#breadcrumb"},"inLanguage":"et","potentialAction":[{"@type":"ReadAction","target":["https:\/\/santamonica.lv\/et\/tervisele\/oliphenolia\/"]}]},{"@type":"ImageObject","inLanguage":"et","@id":"https:\/\/santamonica.lv\/et\/tervisele\/oliphenolia\/#primaryimage","url":"https:\/\/santamonica.lv\/wp-content\/uploads\/2024\/01\/OliPhenolia.jpg","contentUrl":"https:\/\/santamonica.lv\/wp-content\/uploads\/2024\/01\/OliPhenolia.jpg","width":572,"height":480},{"@type":"BreadcrumbList","@id":"https:\/\/santamonica.lv\/et\/tervisele\/oliphenolia\/#breadcrumb","itemListElement":[{"@type":"ListItem","position":1,"name":"Home","item":"https:\/\/santamonica.lv\/et\/sakums\/"},{"@type":"ListItem","position":2,"name":"Tervisele","item":"https:\/\/santamonica.lv\/et\/tervisele\/"},{"@type":"ListItem","position":3,"name":"Oliphenolia"}]},{"@type":"WebSite","@id":"https:\/\/santamonica.lv\/et\/#website","url":"https:\/\/santamonica.lv\/et\/","name":"Santa Monica","description":"","potentialAction":[{"@type":"SearchAction","target":{"@type":"EntryPoint","urlTemplate":"https:\/\/santamonica.lv\/et\/?s={search_term_string}"},"query-input":{"@type":"PropertyValueSpecification","valueRequired":true,"valueName":"search_term_string"}}],"inLanguage":"et"}]}},"uagb_featured_image_src":{"full":["https:\/\/santamonica.lv\/wp-content\/uploads\/2024\/01\/OliPhenolia.jpg",572,480,false],"thumbnail":["https:\/\/santamonica.lv\/wp-content\/uploads\/2024\/01\/OliPhenolia-150x150.jpg",150,150,true],"medium":["https:\/\/santamonica.lv\/wp-content\/uploads\/2024\/01\/OliPhenolia-300x252.jpg",300,252,true],"medium_large":["https:\/\/santamonica.lv\/wp-content\/uploads\/2024\/01\/OliPhenolia.jpg",572,480,false],"large":["https:\/\/santamonica.lv\/wp-content\/uploads\/2024\/01\/OliPhenolia.jpg",572,480,false],"1536x1536":["https:\/\/santamonica.lv\/wp-content\/uploads\/2024\/01\/OliPhenolia.jpg",572,480,false],"2048x2048":["https:\/\/santamonica.lv\/wp-content\/uploads\/2024\/01\/OliPhenolia.jpg",572,480,false],"woocommerce_thumbnail":["https:\/\/santamonica.lv\/wp-content\/uploads\/2024\/01\/OliPhenolia-300x300.jpg",300,300,true],"woocommerce_single":["https:\/\/santamonica.lv\/wp-content\/uploads\/2024\/01\/OliPhenolia.jpg",572,480,false],"woocommerce_gallery_thumbnail":["https:\/\/santamonica.lv\/wp-content\/uploads\/2024\/01\/OliPhenolia-100x100.jpg",100,100,true]},"uagb_author_info":{"display_name":"Aigars","author_link":"https:\/\/santamonica.lv\/et\/author\/aigars\/"},"uagb_comment_info":0,"uagb_excerpt":"Oliphenolia on pol\u00fcfenoolide intravenoosne kokteil \u2013 s\u00fcstelahus, mis \u00fchendab Itaalias kasvatatud oliividest ilma kuumt\u00f6\u00f6tlemiseta saadud f\u00fctontsiide. V\u00e4rskelt saadud toote p\u00f5hikoostisosa on k\u00fclmpressitud oliiviekstrakt, mida tuntakse\u00a0\u201cacqua mora\u201d\u00a0ehk musta vee nime all. See lahus on segu erinevatest pol\u00fcfenoolidest, milles on sellised selle klassi ained nagu h\u00fcdroks\u00fct\u00fcrosool (antioks\u00fcdant), oleuropeiin, t\u00fcrosool, verboskoiidid (kofeo\u00fc\u00fclfen\u00fc\u00fcletanoidgl\u00fckosiidid), klorogeenhape (fenoolhape), agl\u00fckoon (gl\u00fckosiidi suhkruvaba komponent)...","_links":{"self":[{"href":"https:\/\/santamonica.lv\/et\/wp-json\/wp\/v2\/pages\/3107","targetHints":{"allow":["GET"]}}],"collection":[{"href":"https:\/\/santamonica.lv\/et\/wp-json\/wp\/v2\/pages"}],"about":[{"href":"https:\/\/santamonica.lv\/et\/wp-json\/wp\/v2\/types\/page"}],"author":[{"embeddable":true,"href":"https:\/\/santamonica.lv\/et\/wp-json\/wp\/v2\/users\/3"}],"replies":[{"embeddable":true,"href":"https:\/\/santamonica.lv\/et\/wp-json\/wp\/v2\/comments?post=3107"}],"version-history":[{"count":1,"href":"https:\/\/santamonica.lv\/et\/wp-json\/wp\/v2\/pages\/3107\/revisions"}],"predecessor-version":[{"id":3108,"href":"https:\/\/santamonica.lv\/et\/wp-json\/wp\/v2\/pages\/3107\/revisions\/3108"}],"up":[{"embeddable":true,"href":"https:\/\/santamonica.lv\/et\/wp-json\/wp\/v2\/pages\/2090"}],"wp:featuredmedia":[{"embeddable":true,"href":"https:\/\/santamonica.lv\/et\/wp-json\/wp\/v2\/media\/2145"}],"wp:attachment":[{"href":"https:\/\/santamonica.lv\/et\/wp-json\/wp\/v2\/media?parent=3107"}],"curies":[{"name":"wp","href":"https:\/\/api.w.org\/{rel}","templated":true}]}}