{"id":3109,"date":"2025-03-01T23:09:26","date_gmt":"2025-03-01T21:09:26","guid":{"rendered":"https:\/\/santamonica.lv\/?page_id=3109"},"modified":"2025-03-05T22:45:52","modified_gmt":"2025-03-05T20:45:52","slug":"metuulsulfonuulmetaan-msm","status":"publish","type":"page","link":"https:\/\/santamonica.lv\/et\/tervisele\/metuulsulfonuulmetaan-msm\/","title":{"rendered":"Met\u00fc\u00fclsulfon\u00fc\u00fclmetaan (MSM)"},"content":{"rendered":"\n<div class=\"wp-block-columns is-layout-flex wp-container-core-columns-is-layout-9d6595d7 wp-block-columns-is-layout-flex\">\n<div class=\"wp-block-column is-layout-flow wp-block-column-is-layout-flow\" style=\"flex-basis:33.33%\">\n<figure class=\"wp-block-image size-full\"><img loading=\"lazy\" decoding=\"async\" width=\"1260\" height=\"790\" src=\"https:\/\/santamonica.lv\/wp-content\/uploads\/2024\/01\/MSM.jpg\" alt=\"\" class=\"wp-image-1057\" srcset=\"https:\/\/santamonica.lv\/wp-content\/uploads\/2024\/01\/MSM.jpg 1260w, https:\/\/santamonica.lv\/wp-content\/uploads\/2024\/01\/MSM-300x188.jpg 300w, https:\/\/santamonica.lv\/wp-content\/uploads\/2024\/01\/MSM-1024x642.jpg 1024w, https:\/\/santamonica.lv\/wp-content\/uploads\/2024\/01\/MSM-768x482.jpg 768w, https:\/\/santamonica.lv\/wp-content\/uploads\/2024\/01\/MSM-600x376.jpg 600w\" sizes=\"auto, (max-width: 1260px) 100vw, 1260px\" \/><\/figure>\n<\/div>\n\n\n\n<div class=\"wp-block-column is-layout-flow wp-block-column-is-layout-flow\" style=\"flex-basis:66.66%\">\n<p>Met\u00fc\u00fclsulfanometaan on looduslik orgaaniline v\u00e4\u00e4vlit sisaldav \u00fchend, mida kasutatakse laialdaselt t\u00e4iend- ja alternatiivmeditsiinis. Looduslikult moodustub see inimorganismis, kuid v\u00e4hesel m\u00e4\u00e4ral leidub seda ka loomarakkudes ja teatud taimeriigi esindajatel. MSM-il on suhteliselt kiire valuvaigistav toime ilma k\u00f5rvalm\u00f5judeta ja selle efektiivsust saab j\u00e4lgida suhteliselt pikka aega.<\/p>\n<\/div>\n<\/div>\n\n\n\n<h2 class=\"wp-block-heading\"><br>MSM m\u00f5ju keskn\u00e4rvis\u00fcsteemile:<\/h2>\n\n\n\n<ul class=\"wp-block-list\">\n<li>V\u00e4hendab\u00a0<strong>migreenist<\/strong>\u00a0p\u00f5hjustatud\u00a0<strong>valu<\/strong>;<\/li>\n\n\n\n<li>Aitab v\u00f5idelda\u00a0<strong>neuralgia<\/strong>\u00a0(neuropaatia)\u00a0<strong>t\u00fc\u00fcpi valu vastu<\/strong>;<\/li>\n<\/ul>\n\n\n\n<h3 class=\"wp-block-heading\">MSM bioloogiline t\u00e4htsus:<\/h3>\n\n\n\n<ul class=\"wp-block-list\">\n<li><strong>Tagab rakumembraanide normaalse l\u00e4bilaskvuse<\/strong>, mis aitab kiiresti eemaldada organismist mittevajalikud ained;<\/li>\n\n\n\n<li><strong>V\u00e4hendab valu<\/strong>;<\/li>\n\n\n\n<li><strong>Soodustab<\/strong>\u00a0t\u00f5husat\u00a0<strong>detoksikatsiooni<\/strong>.<\/li>\n<\/ul>\n\n\n\n<h3 class=\"wp-block-heading\">MSM kasutab:<\/h3>\n\n\n\n<ul class=\"wp-block-list\">\n<li>Kroonilise valus\u00fcndroomi (<strong>osteoartriit, fibrom\u00fcalgia, artriit<\/strong>) raviks;<\/li>\n\n\n\n<li>V\u00e4hendab lihaspingetest,<strong>\u00a0liigesevaludest ja p\u00f5letikest p\u00f5hjustatud valu<\/strong>;<\/li>\n\n\n\n<li>Soodustab\u00a0<strong>haavade paranemist<\/strong>;<\/li>\n\n\n\n<li><strong>V\u00e4hendab<\/strong>\u00a0sportlaste\u00a0<strong>lihasvalu ja pingeid<\/strong>.<\/li>\n<\/ul>\n\n\n\n<h3 class=\"wp-block-heading\">MSM toime kehas:<\/h3>\n\n\n\n<ul class=\"wp-block-list\">\n<li>V\u00e4hendab\u00a0<strong>p\u00f5letikku ja turset<\/strong>;<\/li>\n\n\n\n<li><strong>Blokeerib valuimpulsside<\/strong>\u00a0\u00fclekandmist n\u00e4rvikiududes;<\/li>\n\n\n\n<li><strong>Soodustab<\/strong>\u00a0liigese- ja lihas<strong>koe taastumist<\/strong>;<\/li>\n\n\n\n<li>Aitab vabaneda ainevahetuse l\u00f5pptoodetest,<strong>\u00a0soodustab v\u00f5\u00f5rutust<\/strong>;<\/li>\n\n\n\n<li><strong>Parandab liigeste liikuvust<\/strong>;<\/li>\n\n\n\n<li>Hea alternatiiv MSPVA-dele, sest ei p\u00f5hjusta soovimatuid k\u00f5rvalm\u00f5jusid;<\/li>\n<\/ul>\n\n\n\n<h3 class=\"wp-block-heading\">MSM m\u00f5ju liigesekoele ja k\u00f5hrele:<\/h3>\n\n\n\n<ul class=\"wp-block-list\">\n<li>Soodustab\u00a0<strong>uue k\u00f5hre moodustumist<\/strong>;<\/li>\n\n\n\n<li>Kasulik\u00a0<strong>reumatoidpol\u00fcartriidi<\/strong>\u00a0patsientidele;<\/li>\n\n\n\n<li>Leevendab\u00a0<strong>selja- ja liigesevalu<\/strong>;<\/li>\n\n\n\n<li><strong>Kusihappe kogust neutraliseerides<\/strong>\u00a0v\u00e4heneb podagra p\u00f5hjustatud liigesevalu.<\/li>\n<\/ul>\n\n\n\n<p>Santa Monica pakub 15% MSM-i lahust 100 ml viaalides, mida soovitatakse manustada intravenoosselt, eelnevalt lahjendatud 0,9% naatriumkloriidi lahusega 250 ml-ni.<\/p>\n","protected":false},"excerpt":{"rendered":"<p>Met\u00fc\u00fclsulfanometaan on looduslik orgaaniline v\u00e4\u00e4vlit sisaldav \u00fchend, mida kasutatakse laialdaselt t\u00e4iend- ja alternatiivmeditsiinis. Looduslikult moodustub see inimorganismis, kuid v\u00e4hesel m\u00e4\u00e4ral leidub seda ka loomarakkudes ja teatud taimeriigi esindajatel. MSM-il on suhteliselt kiire valuvaigistav toime ilma k\u00f5rvalm\u00f5judeta ja selle efektiivsust saab j\u00e4lgida suhteliselt pikka aega. MSM m\u00f5ju keskn\u00e4rvis\u00fcsteemile: MSM bioloogiline t\u00e4htsus: MSM kasutab: MSM toime kehas:&#8230;<\/p>\n","protected":false},"author":3,"featured_media":2148,"parent":2090,"menu_order":0,"comment_status":"closed","ping_status":"closed","template":"","meta":{"_acf_changed":false,"_uag_custom_page_level_css":"","_kadence_starter_templates_imported_post":false,"_kad_post_transparent":"","_kad_post_title":"","_kad_post_layout":"","_kad_post_sidebar_id":"","_kad_post_content_style":"","_kad_post_vertical_padding":"","_kad_post_feature":"","_kad_post_feature_position":"","_kad_post_header":false,"_kad_post_footer":false,"footnotes":""},"class_list":["post-3109","page","type-page","status-publish","has-post-thumbnail","hentry"],"acf":[],"yoast_head":"<!-- This site is optimized with the Yoast SEO plugin v26.4 - https:\/\/yoast.com\/wordpress\/plugins\/seo\/ -->\n<title>Met\u00fc\u00fclsulfon\u00fc\u00fclmetaan (MSM) - Santa Monica<\/title>\n<meta name=\"robots\" content=\"index, follow, max-snippet:-1, max-image-preview:large, max-video-preview:-1\" \/>\n<link rel=\"canonical\" href=\"https:\/\/santamonica.lv\/et\/tervisele\/metuulsulfonuulmetaan-msm\/\" \/>\n<meta property=\"og:locale\" content=\"et_EE\" \/>\n<meta property=\"og:type\" content=\"article\" \/>\n<meta property=\"og:title\" content=\"Met\u00fc\u00fclsulfon\u00fc\u00fclmetaan (MSM) - Santa Monica\" \/>\n<meta property=\"og:description\" content=\"Met\u00fc\u00fclsulfanometaan on looduslik orgaaniline v\u00e4\u00e4vlit sisaldav \u00fchend, mida kasutatakse laialdaselt t\u00e4iend- ja alternatiivmeditsiinis. Looduslikult moodustub see inimorganismis, kuid v\u00e4hesel m\u00e4\u00e4ral leidub seda ka loomarakkudes ja teatud taimeriigi esindajatel. MSM-il on suhteliselt kiire valuvaigistav toime ilma k\u00f5rvalm\u00f5judeta ja selle efektiivsust saab j\u00e4lgida suhteliselt pikka aega. MSM m\u00f5ju keskn\u00e4rvis\u00fcsteemile: MSM bioloogiline t\u00e4htsus: MSM kasutab: MSM toime kehas:...\" \/>\n<meta property=\"og:url\" content=\"https:\/\/santamonica.lv\/et\/tervisele\/metuulsulfonuulmetaan-msm\/\" \/>\n<meta property=\"og:site_name\" content=\"Santa Monica\" \/>\n<meta property=\"article:publisher\" content=\"https:\/\/www.facebook.com\/klinikasantamonica\" \/>\n<meta property=\"article:modified_time\" content=\"2025-03-05T20:45:52+00:00\" \/>\n<meta property=\"og:image\" content=\"https:\/\/santamonica.lv\/wp-content\/uploads\/2024\/01\/MSM.jpg\" \/>\n\t<meta property=\"og:image:width\" content=\"1260\" \/>\n\t<meta property=\"og:image:height\" content=\"790\" \/>\n\t<meta property=\"og:image:type\" content=\"image\/jpeg\" \/>\n<meta name=\"twitter:card\" content=\"summary_large_image\" \/>\n<meta name=\"twitter:label1\" content=\"Est. reading time\" \/>\n\t<meta name=\"twitter:data1\" content=\"1 minut\" \/>\n<script type=\"application\/ld+json\" class=\"yoast-schema-graph\">{\"@context\":\"https:\/\/schema.org\",\"@graph\":[{\"@type\":\"WebPage\",\"@id\":\"https:\/\/santamonica.lv\/et\/tervisele\/metuulsulfonuulmetaan-msm\/\",\"url\":\"https:\/\/santamonica.lv\/et\/tervisele\/metuulsulfonuulmetaan-msm\/\",\"name\":\"Met\u00fc\u00fclsulfon\u00fc\u00fclmetaan (MSM) - Santa Monica\",\"isPartOf\":{\"@id\":\"https:\/\/santamonica.lv\/et\/#website\"},\"primaryImageOfPage\":{\"@id\":\"https:\/\/santamonica.lv\/et\/tervisele\/metuulsulfonuulmetaan-msm\/#primaryimage\"},\"image\":{\"@id\":\"https:\/\/santamonica.lv\/et\/tervisele\/metuulsulfonuulmetaan-msm\/#primaryimage\"},\"thumbnailUrl\":\"https:\/\/santamonica.lv\/wp-content\/uploads\/2024\/01\/MSM.jpg\",\"datePublished\":\"2025-03-01T21:09:26+00:00\",\"dateModified\":\"2025-03-05T20:45:52+00:00\",\"breadcrumb\":{\"@id\":\"https:\/\/santamonica.lv\/et\/tervisele\/metuulsulfonuulmetaan-msm\/#breadcrumb\"},\"inLanguage\":\"et\",\"potentialAction\":[{\"@type\":\"ReadAction\",\"target\":[\"https:\/\/santamonica.lv\/et\/tervisele\/metuulsulfonuulmetaan-msm\/\"]}]},{\"@type\":\"ImageObject\",\"inLanguage\":\"et\",\"@id\":\"https:\/\/santamonica.lv\/et\/tervisele\/metuulsulfonuulmetaan-msm\/#primaryimage\",\"url\":\"https:\/\/santamonica.lv\/wp-content\/uploads\/2024\/01\/MSM.jpg\",\"contentUrl\":\"https:\/\/santamonica.lv\/wp-content\/uploads\/2024\/01\/MSM.jpg\",\"width\":1260,\"height\":790},{\"@type\":\"BreadcrumbList\",\"@id\":\"https:\/\/santamonica.lv\/et\/tervisele\/metuulsulfonuulmetaan-msm\/#breadcrumb\",\"itemListElement\":[{\"@type\":\"ListItem\",\"position\":1,\"name\":\"Home\",\"item\":\"https:\/\/santamonica.lv\/et\/sakums\/\"},{\"@type\":\"ListItem\",\"position\":2,\"name\":\"Tervisele\",\"item\":\"https:\/\/santamonica.lv\/et\/tervisele\/\"},{\"@type\":\"ListItem\",\"position\":3,\"name\":\"Met\u00fc\u00fclsulfon\u00fc\u00fclmetaan (MSM)\"}]},{\"@type\":\"WebSite\",\"@id\":\"https:\/\/santamonica.lv\/et\/#website\",\"url\":\"https:\/\/santamonica.lv\/et\/\",\"name\":\"Santa Monica\",\"description\":\"\",\"potentialAction\":[{\"@type\":\"SearchAction\",\"target\":{\"@type\":\"EntryPoint\",\"urlTemplate\":\"https:\/\/santamonica.lv\/et\/?s={search_term_string}\"},\"query-input\":{\"@type\":\"PropertyValueSpecification\",\"valueRequired\":true,\"valueName\":\"search_term_string\"}}],\"inLanguage\":\"et\"}]}<\/script>\n<!-- \/ Yoast SEO plugin. -->","yoast_head_json":{"title":"Met\u00fc\u00fclsulfon\u00fc\u00fclmetaan (MSM) - Santa Monica","robots":{"index":"index","follow":"follow","max-snippet":"max-snippet:-1","max-image-preview":"max-image-preview:large","max-video-preview":"max-video-preview:-1"},"canonical":"https:\/\/santamonica.lv\/et\/tervisele\/metuulsulfonuulmetaan-msm\/","og_locale":"et_EE","og_type":"article","og_title":"Met\u00fc\u00fclsulfon\u00fc\u00fclmetaan (MSM) - Santa Monica","og_description":"Met\u00fc\u00fclsulfanometaan on looduslik orgaaniline v\u00e4\u00e4vlit sisaldav \u00fchend, mida kasutatakse laialdaselt t\u00e4iend- ja alternatiivmeditsiinis. Looduslikult moodustub see inimorganismis, kuid v\u00e4hesel m\u00e4\u00e4ral leidub seda ka loomarakkudes ja teatud taimeriigi esindajatel. MSM-il on suhteliselt kiire valuvaigistav toime ilma k\u00f5rvalm\u00f5judeta ja selle efektiivsust saab j\u00e4lgida suhteliselt pikka aega. MSM m\u00f5ju keskn\u00e4rvis\u00fcsteemile: MSM bioloogiline t\u00e4htsus: MSM kasutab: MSM toime kehas:...","og_url":"https:\/\/santamonica.lv\/et\/tervisele\/metuulsulfonuulmetaan-msm\/","og_site_name":"Santa Monica","article_publisher":"https:\/\/www.facebook.com\/klinikasantamonica","article_modified_time":"2025-03-05T20:45:52+00:00","og_image":[{"width":1260,"height":790,"url":"https:\/\/santamonica.lv\/wp-content\/uploads\/2024\/01\/MSM.jpg","type":"image\/jpeg"}],"twitter_card":"summary_large_image","twitter_misc":{"Est. reading time":"1 minut"},"schema":{"@context":"https:\/\/schema.org","@graph":[{"@type":"WebPage","@id":"https:\/\/santamonica.lv\/et\/tervisele\/metuulsulfonuulmetaan-msm\/","url":"https:\/\/santamonica.lv\/et\/tervisele\/metuulsulfonuulmetaan-msm\/","name":"Met\u00fc\u00fclsulfon\u00fc\u00fclmetaan (MSM) - Santa Monica","isPartOf":{"@id":"https:\/\/santamonica.lv\/et\/#website"},"primaryImageOfPage":{"@id":"https:\/\/santamonica.lv\/et\/tervisele\/metuulsulfonuulmetaan-msm\/#primaryimage"},"image":{"@id":"https:\/\/santamonica.lv\/et\/tervisele\/metuulsulfonuulmetaan-msm\/#primaryimage"},"thumbnailUrl":"https:\/\/santamonica.lv\/wp-content\/uploads\/2024\/01\/MSM.jpg","datePublished":"2025-03-01T21:09:26+00:00","dateModified":"2025-03-05T20:45:52+00:00","breadcrumb":{"@id":"https:\/\/santamonica.lv\/et\/tervisele\/metuulsulfonuulmetaan-msm\/#breadcrumb"},"inLanguage":"et","potentialAction":[{"@type":"ReadAction","target":["https:\/\/santamonica.lv\/et\/tervisele\/metuulsulfonuulmetaan-msm\/"]}]},{"@type":"ImageObject","inLanguage":"et","@id":"https:\/\/santamonica.lv\/et\/tervisele\/metuulsulfonuulmetaan-msm\/#primaryimage","url":"https:\/\/santamonica.lv\/wp-content\/uploads\/2024\/01\/MSM.jpg","contentUrl":"https:\/\/santamonica.lv\/wp-content\/uploads\/2024\/01\/MSM.jpg","width":1260,"height":790},{"@type":"BreadcrumbList","@id":"https:\/\/santamonica.lv\/et\/tervisele\/metuulsulfonuulmetaan-msm\/#breadcrumb","itemListElement":[{"@type":"ListItem","position":1,"name":"Home","item":"https:\/\/santamonica.lv\/et\/sakums\/"},{"@type":"ListItem","position":2,"name":"Tervisele","item":"https:\/\/santamonica.lv\/et\/tervisele\/"},{"@type":"ListItem","position":3,"name":"Met\u00fc\u00fclsulfon\u00fc\u00fclmetaan (MSM)"}]},{"@type":"WebSite","@id":"https:\/\/santamonica.lv\/et\/#website","url":"https:\/\/santamonica.lv\/et\/","name":"Santa Monica","description":"","potentialAction":[{"@type":"SearchAction","target":{"@type":"EntryPoint","urlTemplate":"https:\/\/santamonica.lv\/et\/?s={search_term_string}"},"query-input":{"@type":"PropertyValueSpecification","valueRequired":true,"valueName":"search_term_string"}}],"inLanguage":"et"}]}},"uagb_featured_image_src":{"full":["https:\/\/santamonica.lv\/wp-content\/uploads\/2024\/01\/MSM.jpg",1260,790,false],"thumbnail":["https:\/\/santamonica.lv\/wp-content\/uploads\/2024\/01\/MSM-150x150.jpg",150,150,true],"medium":["https:\/\/santamonica.lv\/wp-content\/uploads\/2024\/01\/MSM-300x188.jpg",300,188,true],"medium_large":["https:\/\/santamonica.lv\/wp-content\/uploads\/2024\/01\/MSM-768x482.jpg",768,482,true],"large":["https:\/\/santamonica.lv\/wp-content\/uploads\/2024\/01\/MSM-1024x642.jpg",1024,642,true],"1536x1536":["https:\/\/santamonica.lv\/wp-content\/uploads\/2024\/01\/MSM.jpg",1260,790,false],"2048x2048":["https:\/\/santamonica.lv\/wp-content\/uploads\/2024\/01\/MSM.jpg",1260,790,false],"woocommerce_thumbnail":["https:\/\/santamonica.lv\/wp-content\/uploads\/2024\/01\/MSM-300x300.jpg",300,300,true],"woocommerce_single":["https:\/\/santamonica.lv\/wp-content\/uploads\/2024\/01\/MSM-600x376.jpg",600,376,true],"woocommerce_gallery_thumbnail":["https:\/\/santamonica.lv\/wp-content\/uploads\/2024\/01\/MSM-100x100.jpg",100,100,true]},"uagb_author_info":{"display_name":"Aigars","author_link":"https:\/\/santamonica.lv\/et\/author\/aigars\/"},"uagb_comment_info":0,"uagb_excerpt":"Met\u00fc\u00fclsulfanometaan on looduslik orgaaniline v\u00e4\u00e4vlit sisaldav \u00fchend, mida kasutatakse laialdaselt t\u00e4iend- ja alternatiivmeditsiinis. Looduslikult moodustub see inimorganismis, kuid v\u00e4hesel m\u00e4\u00e4ral leidub seda ka loomarakkudes ja teatud taimeriigi esindajatel. MSM-il on suhteliselt kiire valuvaigistav toime ilma k\u00f5rvalm\u00f5judeta ja selle efektiivsust saab j\u00e4lgida suhteliselt pikka aega. MSM m\u00f5ju keskn\u00e4rvis\u00fcsteemile: MSM bioloogiline t\u00e4htsus: MSM kasutab: MSM toime kehas:...","_links":{"self":[{"href":"https:\/\/santamonica.lv\/et\/wp-json\/wp\/v2\/pages\/3109","targetHints":{"allow":["GET"]}}],"collection":[{"href":"https:\/\/santamonica.lv\/et\/wp-json\/wp\/v2\/pages"}],"about":[{"href":"https:\/\/santamonica.lv\/et\/wp-json\/wp\/v2\/types\/page"}],"author":[{"embeddable":true,"href":"https:\/\/santamonica.lv\/et\/wp-json\/wp\/v2\/users\/3"}],"replies":[{"embeddable":true,"href":"https:\/\/santamonica.lv\/et\/wp-json\/wp\/v2\/comments?post=3109"}],"version-history":[{"count":1,"href":"https:\/\/santamonica.lv\/et\/wp-json\/wp\/v2\/pages\/3109\/revisions"}],"predecessor-version":[{"id":3110,"href":"https:\/\/santamonica.lv\/et\/wp-json\/wp\/v2\/pages\/3109\/revisions\/3110"}],"up":[{"embeddable":true,"href":"https:\/\/santamonica.lv\/et\/wp-json\/wp\/v2\/pages\/2090"}],"wp:featuredmedia":[{"embeddable":true,"href":"https:\/\/santamonica.lv\/et\/wp-json\/wp\/v2\/media\/2148"}],"wp:attachment":[{"href":"https:\/\/santamonica.lv\/et\/wp-json\/wp\/v2\/media?parent=3109"}],"curies":[{"name":"wp","href":"https:\/\/api.w.org\/{rel}","templated":true}]}}