{"id":3111,"date":"2025-03-01T23:24:12","date_gmt":"2025-03-01T21:24:12","guid":{"rendered":"https:\/\/santamonica.lv\/?page_id=3111"},"modified":"2025-03-05T22:45:49","modified_gmt":"2025-03-05T20:45:49","slug":"kurkumiin","status":"publish","type":"page","link":"https:\/\/santamonica.lv\/et\/tervisele\/kurkumiin\/","title":{"rendered":"Kurkumiin"},"content":{"rendered":"\n<div class=\"wp-block-columns is-layout-flex wp-container-core-columns-is-layout-9d6595d7 wp-block-columns-is-layout-flex\">\n<div class=\"wp-block-column is-layout-flow wp-block-column-is-layout-flow\" style=\"flex-basis:33.33%\">\n<figure class=\"wp-block-image size-full\"><img loading=\"lazy\" decoding=\"async\" width=\"612\" height=\"408\" src=\"https:\/\/santamonica.lv\/wp-content\/uploads\/2024\/01\/kurkumins.jpg\" alt=\"\" class=\"wp-image-1051\" srcset=\"https:\/\/santamonica.lv\/wp-content\/uploads\/2024\/01\/kurkumins.jpg 612w, https:\/\/santamonica.lv\/wp-content\/uploads\/2024\/01\/kurkumins-300x200.jpg 300w, https:\/\/santamonica.lv\/wp-content\/uploads\/2024\/01\/kurkumins-600x400.jpg 600w\" sizes=\"auto, (max-width: 612px) 100vw, 612px\" \/><\/figure>\n<\/div>\n\n\n\n<div class=\"wp-block-column is-layout-flow wp-block-column-is-layout-flow\" style=\"flex-basis:66.66%\">\n<p><strong>Kurkumiin on v\u00f5imas antioks\u00fcdant.<\/strong>\u00a0Kurkumiini on India traditsioonilises meditsiinis kasutatud juba mitu aastatuhandet. Kuigi meil tuntakse seda rohkem maitseainena, tuleb m\u00e4rkida, et ainel on palju raviomadusi. Kurkumiin sisaldab mitmeid kurkumiide \u200b\u200b\u2013 desmetoks\u00fckurkumiini ja bisdesmetoks\u00fckurkumiini, mis annavad sellele v\u00fcrtsile iseloomuliku intensiivse kollase v\u00e4rvuse.<\/p>\n<\/div>\n<\/div>\n\n\n\n<p>Aasia riikides on&nbsp;<strong>kurkumit<\/strong>&nbsp;iidsetest aegadest kasutatud mitte&nbsp;<strong>ainult toiduvalmistamisel, vaid selle raviomadusi kasutatakse ka haavade ja nahahaiguste, sealhulgas nahaprobleemide, n\u00e4iteks p\u00f5letiku ja erinevat t\u00fc\u00fcpi l\u00f6\u00f6be raviks.<\/strong><\/p>\n\n\n\n<p>Meditsiinis on alates 1949. aastast tehtud erinevaid kurkumiini kasutamise uuringuid, mis kinnitavad, et see sisaldab erinevaid bioloogiliselt aktiivseid aineid, millel on antibakteriaalne toime. Need uurimused avaldati ka mitmetes ajakirjandusv\u00e4ljaannetes. Need v\u00e4ljaanded ajendasid t\u00e4iendavaid uuringuid, mis n\u00e4itasid,&nbsp;<strong>et kurkumil on olulised p\u00f5letikuvastased omadused.<\/strong><\/p>\n\n\n\n<p>Paljud loomade ja inimeste koekultuuridega tehtud uuringud kinnitavad, et kurkumiin on v\u00f5imeline m\u00f5jutama p\u00f5letikulist protsessi organismis mitte ainult seda maha surudes, vaid soodustab ka p\u00f5letikuvastaste tegurite aktiveerumist. Sel p\u00f5hjusel&nbsp;<strong>kasutatakse kurkumit laialdaselt erineva p\u00e4ritoluga krooniliste p\u00f5letikuliste haiguste \u2013 Alzheimeri t\u00f5ve, allergiate, s\u00fcdame-veresoonkonna haiguste ja isegi v\u00e4hi \u2013 ravis<\/strong>. T\u00e4nap\u00e4eval viiakse USA-s l\u00e4bi rohkem kui 40 erinevat uuringut, et saada tulemusi kurkumi efektiivsuse kohta erinevate haiguste ravis.<\/p>\n\n\n\n<p><strong>Kurkumiin on tuntud kui aine, millel praktiliselt puuduvad soovimatud k\u00f5rvalm\u00f5jud<\/strong>, enamik inimesi talub seda h\u00e4sti, isegi kui p\u00e4evane annus ulatub 10 v\u00f5i enama grammi.<\/p>\n\n\n\n<p>Kahjuks takistab kurkumiini pealekandmist v\u00e4lispidiselt m\u00f5nev\u00f5rra iseloomulik erekollane v\u00e4rvus, mis j\u00e4tab nahale ja riietele v\u00e4rvilised plekid. Teine oluline asi, mida tuleks t\u00e4hele panna, on selle halb imendumine organismis seedetrakti kaudu. J\u00e4relikult on selle aine kohaletoimetamine sihtorganitesse p\u00e4rsitud. Selle ravimifirma poolt v\u00e4lja t\u00f6\u00f6tatud tooted on aga valmistatud nii, et v\u00e4listada \u00fclalmainitud puudused ja saavutada kurkumiini maksimaalne toime.<\/p>\n","protected":false},"excerpt":{"rendered":"<p>Kurkumiin on v\u00f5imas antioks\u00fcdant.\u00a0Kurkumiini on India traditsioonilises meditsiinis kasutatud juba mitu aastatuhandet. Kuigi meil tuntakse seda rohkem maitseainena, tuleb m\u00e4rkida, et ainel on palju raviomadusi. Kurkumiin sisaldab mitmeid kurkumiide \u200b\u200b\u2013 desmetoks\u00fckurkumiini ja bisdesmetoks\u00fckurkumiini, mis annavad sellele v\u00fcrtsile iseloomuliku intensiivse kollase v\u00e4rvuse. Aasia riikides on&nbsp;kurkumit&nbsp;iidsetest aegadest kasutatud mitte&nbsp;ainult toiduvalmistamisel, vaid selle raviomadusi kasutatakse ka haavade ja&#8230;<\/p>\n","protected":false},"author":3,"featured_media":2154,"parent":2090,"menu_order":0,"comment_status":"closed","ping_status":"closed","template":"","meta":{"_acf_changed":false,"_uag_custom_page_level_css":"","_kadence_starter_templates_imported_post":false,"_kad_post_transparent":"","_kad_post_title":"","_kad_post_layout":"","_kad_post_sidebar_id":"","_kad_post_content_style":"","_kad_post_vertical_padding":"","_kad_post_feature":"","_kad_post_feature_position":"","_kad_post_header":false,"_kad_post_footer":false,"footnotes":""},"class_list":["post-3111","page","type-page","status-publish","has-post-thumbnail","hentry"],"acf":[],"yoast_head":"<!-- This site is optimized with the Yoast SEO plugin v26.4 - https:\/\/yoast.com\/wordpress\/plugins\/seo\/ -->\n<title>Kurkumiin - Santa Monica<\/title>\n<meta name=\"robots\" content=\"index, follow, max-snippet:-1, max-image-preview:large, max-video-preview:-1\" \/>\n<link rel=\"canonical\" href=\"https:\/\/santamonica.lv\/et\/tervisele\/kurkumiin\/\" \/>\n<meta property=\"og:locale\" content=\"et_EE\" \/>\n<meta property=\"og:type\" content=\"article\" \/>\n<meta property=\"og:title\" content=\"Kurkumiin - Santa Monica\" \/>\n<meta property=\"og:description\" content=\"Kurkumiin on v\u00f5imas antioks\u00fcdant.\u00a0Kurkumiini on India traditsioonilises meditsiinis kasutatud juba mitu aastatuhandet. Kuigi meil tuntakse seda rohkem maitseainena, tuleb m\u00e4rkida, et ainel on palju raviomadusi. Kurkumiin sisaldab mitmeid kurkumiide \u200b\u200b\u2013 desmetoks\u00fckurkumiini ja bisdesmetoks\u00fckurkumiini, mis annavad sellele v\u00fcrtsile iseloomuliku intensiivse kollase v\u00e4rvuse. Aasia riikides on&nbsp;kurkumit&nbsp;iidsetest aegadest kasutatud mitte&nbsp;ainult toiduvalmistamisel, vaid selle raviomadusi kasutatakse ka haavade ja...\" \/>\n<meta property=\"og:url\" content=\"https:\/\/santamonica.lv\/et\/tervisele\/kurkumiin\/\" \/>\n<meta property=\"og:site_name\" content=\"Santa Monica\" \/>\n<meta property=\"article:publisher\" content=\"https:\/\/www.facebook.com\/klinikasantamonica\" \/>\n<meta property=\"article:modified_time\" content=\"2025-03-05T20:45:49+00:00\" \/>\n<meta property=\"og:image\" content=\"https:\/\/santamonica.lv\/wp-content\/uploads\/2024\/01\/kurkumins.jpg\" \/>\n\t<meta property=\"og:image:width\" content=\"612\" \/>\n\t<meta property=\"og:image:height\" content=\"408\" \/>\n\t<meta property=\"og:image:type\" content=\"image\/jpeg\" \/>\n<meta name=\"twitter:card\" content=\"summary_large_image\" \/>\n<meta name=\"twitter:label1\" content=\"Est. reading time\" \/>\n\t<meta name=\"twitter:data1\" content=\"2 minutit\" \/>\n<script type=\"application\/ld+json\" class=\"yoast-schema-graph\">{\"@context\":\"https:\/\/schema.org\",\"@graph\":[{\"@type\":\"WebPage\",\"@id\":\"https:\/\/santamonica.lv\/et\/tervisele\/kurkumiin\/\",\"url\":\"https:\/\/santamonica.lv\/et\/tervisele\/kurkumiin\/\",\"name\":\"Kurkumiin - Santa Monica\",\"isPartOf\":{\"@id\":\"https:\/\/santamonica.lv\/et\/#website\"},\"primaryImageOfPage\":{\"@id\":\"https:\/\/santamonica.lv\/et\/tervisele\/kurkumiin\/#primaryimage\"},\"image\":{\"@id\":\"https:\/\/santamonica.lv\/et\/tervisele\/kurkumiin\/#primaryimage\"},\"thumbnailUrl\":\"https:\/\/santamonica.lv\/wp-content\/uploads\/2024\/01\/kurkumins.jpg\",\"datePublished\":\"2025-03-01T21:24:12+00:00\",\"dateModified\":\"2025-03-05T20:45:49+00:00\",\"breadcrumb\":{\"@id\":\"https:\/\/santamonica.lv\/et\/tervisele\/kurkumiin\/#breadcrumb\"},\"inLanguage\":\"et\",\"potentialAction\":[{\"@type\":\"ReadAction\",\"target\":[\"https:\/\/santamonica.lv\/et\/tervisele\/kurkumiin\/\"]}]},{\"@type\":\"ImageObject\",\"inLanguage\":\"et\",\"@id\":\"https:\/\/santamonica.lv\/et\/tervisele\/kurkumiin\/#primaryimage\",\"url\":\"https:\/\/santamonica.lv\/wp-content\/uploads\/2024\/01\/kurkumins.jpg\",\"contentUrl\":\"https:\/\/santamonica.lv\/wp-content\/uploads\/2024\/01\/kurkumins.jpg\",\"width\":612,\"height\":408},{\"@type\":\"BreadcrumbList\",\"@id\":\"https:\/\/santamonica.lv\/et\/tervisele\/kurkumiin\/#breadcrumb\",\"itemListElement\":[{\"@type\":\"ListItem\",\"position\":1,\"name\":\"Home\",\"item\":\"https:\/\/santamonica.lv\/et\/sakums\/\"},{\"@type\":\"ListItem\",\"position\":2,\"name\":\"Tervisele\",\"item\":\"https:\/\/santamonica.lv\/et\/tervisele\/\"},{\"@type\":\"ListItem\",\"position\":3,\"name\":\"Kurkumiin\"}]},{\"@type\":\"WebSite\",\"@id\":\"https:\/\/santamonica.lv\/et\/#website\",\"url\":\"https:\/\/santamonica.lv\/et\/\",\"name\":\"Santa Monica\",\"description\":\"\",\"potentialAction\":[{\"@type\":\"SearchAction\",\"target\":{\"@type\":\"EntryPoint\",\"urlTemplate\":\"https:\/\/santamonica.lv\/et\/?s={search_term_string}\"},\"query-input\":{\"@type\":\"PropertyValueSpecification\",\"valueRequired\":true,\"valueName\":\"search_term_string\"}}],\"inLanguage\":\"et\"}]}<\/script>\n<!-- \/ Yoast SEO plugin. -->","yoast_head_json":{"title":"Kurkumiin - Santa Monica","robots":{"index":"index","follow":"follow","max-snippet":"max-snippet:-1","max-image-preview":"max-image-preview:large","max-video-preview":"max-video-preview:-1"},"canonical":"https:\/\/santamonica.lv\/et\/tervisele\/kurkumiin\/","og_locale":"et_EE","og_type":"article","og_title":"Kurkumiin - Santa Monica","og_description":"Kurkumiin on v\u00f5imas antioks\u00fcdant.\u00a0Kurkumiini on India traditsioonilises meditsiinis kasutatud juba mitu aastatuhandet. Kuigi meil tuntakse seda rohkem maitseainena, tuleb m\u00e4rkida, et ainel on palju raviomadusi. Kurkumiin sisaldab mitmeid kurkumiide \u200b\u200b\u2013 desmetoks\u00fckurkumiini ja bisdesmetoks\u00fckurkumiini, mis annavad sellele v\u00fcrtsile iseloomuliku intensiivse kollase v\u00e4rvuse. Aasia riikides on&nbsp;kurkumit&nbsp;iidsetest aegadest kasutatud mitte&nbsp;ainult toiduvalmistamisel, vaid selle raviomadusi kasutatakse ka haavade ja...","og_url":"https:\/\/santamonica.lv\/et\/tervisele\/kurkumiin\/","og_site_name":"Santa Monica","article_publisher":"https:\/\/www.facebook.com\/klinikasantamonica","article_modified_time":"2025-03-05T20:45:49+00:00","og_image":[{"width":612,"height":408,"url":"https:\/\/santamonica.lv\/wp-content\/uploads\/2024\/01\/kurkumins.jpg","type":"image\/jpeg"}],"twitter_card":"summary_large_image","twitter_misc":{"Est. reading time":"2 minutit"},"schema":{"@context":"https:\/\/schema.org","@graph":[{"@type":"WebPage","@id":"https:\/\/santamonica.lv\/et\/tervisele\/kurkumiin\/","url":"https:\/\/santamonica.lv\/et\/tervisele\/kurkumiin\/","name":"Kurkumiin - Santa Monica","isPartOf":{"@id":"https:\/\/santamonica.lv\/et\/#website"},"primaryImageOfPage":{"@id":"https:\/\/santamonica.lv\/et\/tervisele\/kurkumiin\/#primaryimage"},"image":{"@id":"https:\/\/santamonica.lv\/et\/tervisele\/kurkumiin\/#primaryimage"},"thumbnailUrl":"https:\/\/santamonica.lv\/wp-content\/uploads\/2024\/01\/kurkumins.jpg","datePublished":"2025-03-01T21:24:12+00:00","dateModified":"2025-03-05T20:45:49+00:00","breadcrumb":{"@id":"https:\/\/santamonica.lv\/et\/tervisele\/kurkumiin\/#breadcrumb"},"inLanguage":"et","potentialAction":[{"@type":"ReadAction","target":["https:\/\/santamonica.lv\/et\/tervisele\/kurkumiin\/"]}]},{"@type":"ImageObject","inLanguage":"et","@id":"https:\/\/santamonica.lv\/et\/tervisele\/kurkumiin\/#primaryimage","url":"https:\/\/santamonica.lv\/wp-content\/uploads\/2024\/01\/kurkumins.jpg","contentUrl":"https:\/\/santamonica.lv\/wp-content\/uploads\/2024\/01\/kurkumins.jpg","width":612,"height":408},{"@type":"BreadcrumbList","@id":"https:\/\/santamonica.lv\/et\/tervisele\/kurkumiin\/#breadcrumb","itemListElement":[{"@type":"ListItem","position":1,"name":"Home","item":"https:\/\/santamonica.lv\/et\/sakums\/"},{"@type":"ListItem","position":2,"name":"Tervisele","item":"https:\/\/santamonica.lv\/et\/tervisele\/"},{"@type":"ListItem","position":3,"name":"Kurkumiin"}]},{"@type":"WebSite","@id":"https:\/\/santamonica.lv\/et\/#website","url":"https:\/\/santamonica.lv\/et\/","name":"Santa Monica","description":"","potentialAction":[{"@type":"SearchAction","target":{"@type":"EntryPoint","urlTemplate":"https:\/\/santamonica.lv\/et\/?s={search_term_string}"},"query-input":{"@type":"PropertyValueSpecification","valueRequired":true,"valueName":"search_term_string"}}],"inLanguage":"et"}]}},"uagb_featured_image_src":{"full":["https:\/\/santamonica.lv\/wp-content\/uploads\/2024\/01\/kurkumins.jpg",612,408,false],"thumbnail":["https:\/\/santamonica.lv\/wp-content\/uploads\/2024\/01\/kurkumins-150x150.jpg",150,150,true],"medium":["https:\/\/santamonica.lv\/wp-content\/uploads\/2024\/01\/kurkumins-300x200.jpg",300,200,true],"medium_large":["https:\/\/santamonica.lv\/wp-content\/uploads\/2024\/01\/kurkumins.jpg",612,408,false],"large":["https:\/\/santamonica.lv\/wp-content\/uploads\/2024\/01\/kurkumins.jpg",612,408,false],"1536x1536":["https:\/\/santamonica.lv\/wp-content\/uploads\/2024\/01\/kurkumins.jpg",612,408,false],"2048x2048":["https:\/\/santamonica.lv\/wp-content\/uploads\/2024\/01\/kurkumins.jpg",612,408,false],"woocommerce_thumbnail":["https:\/\/santamonica.lv\/wp-content\/uploads\/2024\/01\/kurkumins-300x300.jpg",300,300,true],"woocommerce_single":["https:\/\/santamonica.lv\/wp-content\/uploads\/2024\/01\/kurkumins-600x400.jpg",600,400,true],"woocommerce_gallery_thumbnail":["https:\/\/santamonica.lv\/wp-content\/uploads\/2024\/01\/kurkumins-100x100.jpg",100,100,true]},"uagb_author_info":{"display_name":"Aigars","author_link":"https:\/\/santamonica.lv\/et\/author\/aigars\/"},"uagb_comment_info":0,"uagb_excerpt":"Kurkumiin on v\u00f5imas antioks\u00fcdant.\u00a0Kurkumiini on India traditsioonilises meditsiinis kasutatud juba mitu aastatuhandet. Kuigi meil tuntakse seda rohkem maitseainena, tuleb m\u00e4rkida, et ainel on palju raviomadusi. Kurkumiin sisaldab mitmeid kurkumiide \u200b\u200b\u2013 desmetoks\u00fckurkumiini ja bisdesmetoks\u00fckurkumiini, mis annavad sellele v\u00fcrtsile iseloomuliku intensiivse kollase v\u00e4rvuse. Aasia riikides on&nbsp;kurkumit&nbsp;iidsetest aegadest kasutatud mitte&nbsp;ainult toiduvalmistamisel, vaid selle raviomadusi kasutatakse ka haavade ja...","_links":{"self":[{"href":"https:\/\/santamonica.lv\/et\/wp-json\/wp\/v2\/pages\/3111","targetHints":{"allow":["GET"]}}],"collection":[{"href":"https:\/\/santamonica.lv\/et\/wp-json\/wp\/v2\/pages"}],"about":[{"href":"https:\/\/santamonica.lv\/et\/wp-json\/wp\/v2\/types\/page"}],"author":[{"embeddable":true,"href":"https:\/\/santamonica.lv\/et\/wp-json\/wp\/v2\/users\/3"}],"replies":[{"embeddable":true,"href":"https:\/\/santamonica.lv\/et\/wp-json\/wp\/v2\/comments?post=3111"}],"version-history":[{"count":1,"href":"https:\/\/santamonica.lv\/et\/wp-json\/wp\/v2\/pages\/3111\/revisions"}],"predecessor-version":[{"id":3112,"href":"https:\/\/santamonica.lv\/et\/wp-json\/wp\/v2\/pages\/3111\/revisions\/3112"}],"up":[{"embeddable":true,"href":"https:\/\/santamonica.lv\/et\/wp-json\/wp\/v2\/pages\/2090"}],"wp:featuredmedia":[{"embeddable":true,"href":"https:\/\/santamonica.lv\/et\/wp-json\/wp\/v2\/media\/2154"}],"wp:attachment":[{"href":"https:\/\/santamonica.lv\/et\/wp-json\/wp\/v2\/media?parent=3111"}],"curies":[{"name":"wp","href":"https:\/\/api.w.org\/{rel}","templated":true}]}}