{"id":3113,"date":"2025-03-01T23:36:06","date_gmt":"2025-03-01T21:36:06","guid":{"rendered":"https:\/\/santamonica.lv\/?page_id=3113"},"modified":"2025-03-05T22:45:46","modified_gmt":"2025-03-05T20:45:46","slug":"immuno-aminohapete-kokteil","status":"publish","type":"page","link":"https:\/\/santamonica.lv\/et\/tervisele\/immuno-aminohapete-kokteil\/","title":{"rendered":"IMMUNO \u2013 aminohapete kokteil"},"content":{"rendered":"\n<div class=\"wp-block-columns is-layout-flex wp-container-core-columns-is-layout-9d6595d7 wp-block-columns-is-layout-flex\">\n<div class=\"wp-block-column is-layout-flow wp-block-column-is-layout-flow\" style=\"flex-basis:33.33%\">\n<figure class=\"wp-block-image size-full\"><img loading=\"lazy\" decoding=\"async\" width=\"770\" height=\"533\" src=\"https:\/\/santamonica.lv\/wp-content\/uploads\/2024\/01\/immuno.jpg\" alt=\"\" class=\"wp-image-1077\" srcset=\"https:\/\/santamonica.lv\/wp-content\/uploads\/2024\/01\/immuno.jpg 770w, https:\/\/santamonica.lv\/wp-content\/uploads\/2024\/01\/immuno-300x208.jpg 300w, https:\/\/santamonica.lv\/wp-content\/uploads\/2024\/01\/immuno-768x532.jpg 768w, https:\/\/santamonica.lv\/wp-content\/uploads\/2024\/01\/immuno-600x415.jpg 600w\" sizes=\"auto, (max-width: 770px) 100vw, 770px\" \/><\/figure>\n<\/div>\n\n\n\n<div class=\"wp-block-column is-layout-flow wp-block-column-is-layout-flow\" style=\"flex-basis:66.66%\">\n<p>Aminohapped on orgaanilised \u00fchendid, millel on hapete ja amiinide omadused. Nende koostis sisaldab nii karboks\u00fc\u00fclr\u00fchma kui ka aminor\u00fchma (l\u00e4mmastiku\u00fchendid). Paljud aminohapped \u00fchinevad valkudeks, mis on osa igast elusrakust. Valkude moodustamisel osaleb \u00fcle 20 erineva aminohappe. Paljud neist osalevad ka ainevahetusprotsessides.<\/p>\n<\/div>\n<\/div>\n\n\n\n<p>Inimorganism omastab aminohappeid toiduvalkudes sisalduvatest valkudest, mis ens\u00fc\u00fcmide m\u00f5jul organismis h\u00fcdrol\u00fc\u00fcsuvad ja lagunevad. K\u00f5igist aminohapetest on 8, mida organism ise ei suuda s\u00fcnteesida. Neid nimetatakse asendamatuteks aminohapeteks \u2013 fen\u00fc\u00fclalaniin, isoleutsiin, leutsiin, l\u00fcsiin, metioniin, treoniin, tr\u00fcptofaan ja valiin. Need aminohapped peavad kindlasti olema toidus. Kui m\u00f5ni neist puudub, ei ole v\u00f5imalik vajalike valkude s\u00fcntees.<\/p>\n\n\n\n<p>Paljude haiguste ja ainevahetush\u00e4irete puhul toimub kiirenenud valkude lagunemine v\u00f5i aminohapete imendumise h\u00e4ired. Aja jooksul tekib teatud aminohappe puudus, mida tuleb kompenseerida. Selleks toodetakse infusioonilahuseid, mis sisaldavad erinevaid aminohappeid. M\u00f5ned neist on spetsiaalselt kohandatud onkoloogiliste patsientide vajadustele.<\/p>\n\n\n\n<p><strong>Santa Monica pakub aminohapete segu, mis aitab reguleerida immuuns\u00fcsteemi:<\/strong><\/p>\n\n\n\n<ul class=\"wp-block-list\">\n<li>L-arginiin;<\/li>\n\n\n\n<li>L-glutamiinhape;<\/li>\n\n\n\n<li>L-l\u00fcsiin;<\/li>\n\n\n\n<li>L-leutsiin;<\/li>\n\n\n\n<li>L-isoleutsiin;<\/li>\n\n\n\n<li>L-valiin;<\/li>\n\n\n\n<li>Tauriin;<\/li>\n\n\n\n<li>L-gl\u00fctsiin;<\/li>\n\n\n\n<li>L-karnitiin;<\/li>\n\n\n\n<li>L-metioniin;<\/li>\n<\/ul>\n","protected":false},"excerpt":{"rendered":"<p>Aminohapped on orgaanilised \u00fchendid, millel on hapete ja amiinide omadused. Nende koostis sisaldab nii karboks\u00fc\u00fclr\u00fchma kui ka aminor\u00fchma (l\u00e4mmastiku\u00fchendid). Paljud aminohapped \u00fchinevad valkudeks, mis on osa igast elusrakust. Valkude moodustamisel osaleb \u00fcle 20 erineva aminohappe. Paljud neist osalevad ka ainevahetusprotsessides. Inimorganism omastab aminohappeid toiduvalkudes sisalduvatest valkudest, mis ens\u00fc\u00fcmide m\u00f5jul organismis h\u00fcdrol\u00fc\u00fcsuvad ja lagunevad. K\u00f5igist aminohapetest&#8230;<\/p>\n","protected":false},"author":3,"featured_media":2118,"parent":2090,"menu_order":0,"comment_status":"closed","ping_status":"closed","template":"","meta":{"_acf_changed":false,"_uag_custom_page_level_css":"","_kadence_starter_templates_imported_post":false,"_kad_post_transparent":"","_kad_post_title":"","_kad_post_layout":"","_kad_post_sidebar_id":"","_kad_post_content_style":"","_kad_post_vertical_padding":"","_kad_post_feature":"","_kad_post_feature_position":"","_kad_post_header":false,"_kad_post_footer":false,"footnotes":""},"class_list":["post-3113","page","type-page","status-publish","has-post-thumbnail","hentry"],"acf":[],"yoast_head":"<!-- This site is optimized with the Yoast SEO plugin v26.4 - https:\/\/yoast.com\/wordpress\/plugins\/seo\/ -->\n<title>IMMUNO \u2013 aminohapete kokteil - Santa Monica<\/title>\n<meta name=\"robots\" content=\"index, follow, max-snippet:-1, max-image-preview:large, max-video-preview:-1\" \/>\n<link rel=\"canonical\" href=\"https:\/\/santamonica.lv\/et\/tervisele\/immuno-aminohapete-kokteil\/\" \/>\n<meta property=\"og:locale\" content=\"et_EE\" \/>\n<meta property=\"og:type\" content=\"article\" \/>\n<meta property=\"og:title\" content=\"IMMUNO \u2013 aminohapete kokteil - Santa Monica\" \/>\n<meta property=\"og:description\" content=\"Aminohapped on orgaanilised \u00fchendid, millel on hapete ja amiinide omadused. Nende koostis sisaldab nii karboks\u00fc\u00fclr\u00fchma kui ka aminor\u00fchma (l\u00e4mmastiku\u00fchendid). Paljud aminohapped \u00fchinevad valkudeks, mis on osa igast elusrakust. Valkude moodustamisel osaleb \u00fcle 20 erineva aminohappe. Paljud neist osalevad ka ainevahetusprotsessides. Inimorganism omastab aminohappeid toiduvalkudes sisalduvatest valkudest, mis ens\u00fc\u00fcmide m\u00f5jul organismis h\u00fcdrol\u00fc\u00fcsuvad ja lagunevad. K\u00f5igist aminohapetest...\" \/>\n<meta property=\"og:url\" content=\"https:\/\/santamonica.lv\/et\/tervisele\/immuno-aminohapete-kokteil\/\" \/>\n<meta property=\"og:site_name\" content=\"Santa Monica\" \/>\n<meta property=\"article:publisher\" content=\"https:\/\/www.facebook.com\/klinikasantamonica\" \/>\n<meta property=\"article:modified_time\" content=\"2025-03-05T20:45:46+00:00\" \/>\n<meta property=\"og:image\" content=\"https:\/\/santamonica.lv\/wp-content\/uploads\/2024\/01\/immuno.jpg\" \/>\n\t<meta property=\"og:image:width\" content=\"770\" \/>\n\t<meta property=\"og:image:height\" content=\"533\" \/>\n\t<meta property=\"og:image:type\" content=\"image\/jpeg\" \/>\n<meta name=\"twitter:card\" content=\"summary_large_image\" \/>\n<meta name=\"twitter:label1\" content=\"Est. reading time\" \/>\n\t<meta name=\"twitter:data1\" content=\"1 minut\" \/>\n<script type=\"application\/ld+json\" class=\"yoast-schema-graph\">{\"@context\":\"https:\/\/schema.org\",\"@graph\":[{\"@type\":\"WebPage\",\"@id\":\"https:\/\/santamonica.lv\/et\/tervisele\/immuno-aminohapete-kokteil\/\",\"url\":\"https:\/\/santamonica.lv\/et\/tervisele\/immuno-aminohapete-kokteil\/\",\"name\":\"IMMUNO \u2013 aminohapete kokteil - Santa Monica\",\"isPartOf\":{\"@id\":\"https:\/\/santamonica.lv\/et\/#website\"},\"primaryImageOfPage\":{\"@id\":\"https:\/\/santamonica.lv\/et\/tervisele\/immuno-aminohapete-kokteil\/#primaryimage\"},\"image\":{\"@id\":\"https:\/\/santamonica.lv\/et\/tervisele\/immuno-aminohapete-kokteil\/#primaryimage\"},\"thumbnailUrl\":\"https:\/\/santamonica.lv\/wp-content\/uploads\/2024\/01\/immuno.jpg\",\"datePublished\":\"2025-03-01T21:36:06+00:00\",\"dateModified\":\"2025-03-05T20:45:46+00:00\",\"breadcrumb\":{\"@id\":\"https:\/\/santamonica.lv\/et\/tervisele\/immuno-aminohapete-kokteil\/#breadcrumb\"},\"inLanguage\":\"et\",\"potentialAction\":[{\"@type\":\"ReadAction\",\"target\":[\"https:\/\/santamonica.lv\/et\/tervisele\/immuno-aminohapete-kokteil\/\"]}]},{\"@type\":\"ImageObject\",\"inLanguage\":\"et\",\"@id\":\"https:\/\/santamonica.lv\/et\/tervisele\/immuno-aminohapete-kokteil\/#primaryimage\",\"url\":\"https:\/\/santamonica.lv\/wp-content\/uploads\/2024\/01\/immuno.jpg\",\"contentUrl\":\"https:\/\/santamonica.lv\/wp-content\/uploads\/2024\/01\/immuno.jpg\",\"width\":770,\"height\":533},{\"@type\":\"BreadcrumbList\",\"@id\":\"https:\/\/santamonica.lv\/et\/tervisele\/immuno-aminohapete-kokteil\/#breadcrumb\",\"itemListElement\":[{\"@type\":\"ListItem\",\"position\":1,\"name\":\"Home\",\"item\":\"https:\/\/santamonica.lv\/et\/sakums\/\"},{\"@type\":\"ListItem\",\"position\":2,\"name\":\"Tervisele\",\"item\":\"https:\/\/santamonica.lv\/et\/tervisele\/\"},{\"@type\":\"ListItem\",\"position\":3,\"name\":\"IMMUNO \u2013 aminohapete kokteil\"}]},{\"@type\":\"WebSite\",\"@id\":\"https:\/\/santamonica.lv\/et\/#website\",\"url\":\"https:\/\/santamonica.lv\/et\/\",\"name\":\"Santa Monica\",\"description\":\"\",\"potentialAction\":[{\"@type\":\"SearchAction\",\"target\":{\"@type\":\"EntryPoint\",\"urlTemplate\":\"https:\/\/santamonica.lv\/et\/?s={search_term_string}\"},\"query-input\":{\"@type\":\"PropertyValueSpecification\",\"valueRequired\":true,\"valueName\":\"search_term_string\"}}],\"inLanguage\":\"et\"}]}<\/script>\n<!-- \/ Yoast SEO plugin. -->","yoast_head_json":{"title":"IMMUNO \u2013 aminohapete kokteil - Santa Monica","robots":{"index":"index","follow":"follow","max-snippet":"max-snippet:-1","max-image-preview":"max-image-preview:large","max-video-preview":"max-video-preview:-1"},"canonical":"https:\/\/santamonica.lv\/et\/tervisele\/immuno-aminohapete-kokteil\/","og_locale":"et_EE","og_type":"article","og_title":"IMMUNO \u2013 aminohapete kokteil - Santa Monica","og_description":"Aminohapped on orgaanilised \u00fchendid, millel on hapete ja amiinide omadused. Nende koostis sisaldab nii karboks\u00fc\u00fclr\u00fchma kui ka aminor\u00fchma (l\u00e4mmastiku\u00fchendid). Paljud aminohapped \u00fchinevad valkudeks, mis on osa igast elusrakust. Valkude moodustamisel osaleb \u00fcle 20 erineva aminohappe. Paljud neist osalevad ka ainevahetusprotsessides. Inimorganism omastab aminohappeid toiduvalkudes sisalduvatest valkudest, mis ens\u00fc\u00fcmide m\u00f5jul organismis h\u00fcdrol\u00fc\u00fcsuvad ja lagunevad. K\u00f5igist aminohapetest...","og_url":"https:\/\/santamonica.lv\/et\/tervisele\/immuno-aminohapete-kokteil\/","og_site_name":"Santa Monica","article_publisher":"https:\/\/www.facebook.com\/klinikasantamonica","article_modified_time":"2025-03-05T20:45:46+00:00","og_image":[{"width":770,"height":533,"url":"https:\/\/santamonica.lv\/wp-content\/uploads\/2024\/01\/immuno.jpg","type":"image\/jpeg"}],"twitter_card":"summary_large_image","twitter_misc":{"Est. reading time":"1 minut"},"schema":{"@context":"https:\/\/schema.org","@graph":[{"@type":"WebPage","@id":"https:\/\/santamonica.lv\/et\/tervisele\/immuno-aminohapete-kokteil\/","url":"https:\/\/santamonica.lv\/et\/tervisele\/immuno-aminohapete-kokteil\/","name":"IMMUNO \u2013 aminohapete kokteil - Santa Monica","isPartOf":{"@id":"https:\/\/santamonica.lv\/et\/#website"},"primaryImageOfPage":{"@id":"https:\/\/santamonica.lv\/et\/tervisele\/immuno-aminohapete-kokteil\/#primaryimage"},"image":{"@id":"https:\/\/santamonica.lv\/et\/tervisele\/immuno-aminohapete-kokteil\/#primaryimage"},"thumbnailUrl":"https:\/\/santamonica.lv\/wp-content\/uploads\/2024\/01\/immuno.jpg","datePublished":"2025-03-01T21:36:06+00:00","dateModified":"2025-03-05T20:45:46+00:00","breadcrumb":{"@id":"https:\/\/santamonica.lv\/et\/tervisele\/immuno-aminohapete-kokteil\/#breadcrumb"},"inLanguage":"et","potentialAction":[{"@type":"ReadAction","target":["https:\/\/santamonica.lv\/et\/tervisele\/immuno-aminohapete-kokteil\/"]}]},{"@type":"ImageObject","inLanguage":"et","@id":"https:\/\/santamonica.lv\/et\/tervisele\/immuno-aminohapete-kokteil\/#primaryimage","url":"https:\/\/santamonica.lv\/wp-content\/uploads\/2024\/01\/immuno.jpg","contentUrl":"https:\/\/santamonica.lv\/wp-content\/uploads\/2024\/01\/immuno.jpg","width":770,"height":533},{"@type":"BreadcrumbList","@id":"https:\/\/santamonica.lv\/et\/tervisele\/immuno-aminohapete-kokteil\/#breadcrumb","itemListElement":[{"@type":"ListItem","position":1,"name":"Home","item":"https:\/\/santamonica.lv\/et\/sakums\/"},{"@type":"ListItem","position":2,"name":"Tervisele","item":"https:\/\/santamonica.lv\/et\/tervisele\/"},{"@type":"ListItem","position":3,"name":"IMMUNO \u2013 aminohapete kokteil"}]},{"@type":"WebSite","@id":"https:\/\/santamonica.lv\/et\/#website","url":"https:\/\/santamonica.lv\/et\/","name":"Santa Monica","description":"","potentialAction":[{"@type":"SearchAction","target":{"@type":"EntryPoint","urlTemplate":"https:\/\/santamonica.lv\/et\/?s={search_term_string}"},"query-input":{"@type":"PropertyValueSpecification","valueRequired":true,"valueName":"search_term_string"}}],"inLanguage":"et"}]}},"uagb_featured_image_src":{"full":["https:\/\/santamonica.lv\/wp-content\/uploads\/2024\/01\/immuno.jpg",770,533,false],"thumbnail":["https:\/\/santamonica.lv\/wp-content\/uploads\/2024\/01\/immuno-150x150.jpg",150,150,true],"medium":["https:\/\/santamonica.lv\/wp-content\/uploads\/2024\/01\/immuno-300x208.jpg",300,208,true],"medium_large":["https:\/\/santamonica.lv\/wp-content\/uploads\/2024\/01\/immuno-768x532.jpg",768,532,true],"large":["https:\/\/santamonica.lv\/wp-content\/uploads\/2024\/01\/immuno.jpg",770,533,false],"1536x1536":["https:\/\/santamonica.lv\/wp-content\/uploads\/2024\/01\/immuno.jpg",770,533,false],"2048x2048":["https:\/\/santamonica.lv\/wp-content\/uploads\/2024\/01\/immuno.jpg",770,533,false],"woocommerce_thumbnail":["https:\/\/santamonica.lv\/wp-content\/uploads\/2024\/01\/immuno-300x300.jpg",300,300,true],"woocommerce_single":["https:\/\/santamonica.lv\/wp-content\/uploads\/2024\/01\/immuno-600x415.jpg",600,415,true],"woocommerce_gallery_thumbnail":["https:\/\/santamonica.lv\/wp-content\/uploads\/2024\/01\/immuno-100x100.jpg",100,100,true]},"uagb_author_info":{"display_name":"Aigars","author_link":"https:\/\/santamonica.lv\/et\/author\/aigars\/"},"uagb_comment_info":0,"uagb_excerpt":"Aminohapped on orgaanilised \u00fchendid, millel on hapete ja amiinide omadused. Nende koostis sisaldab nii karboks\u00fc\u00fclr\u00fchma kui ka aminor\u00fchma (l\u00e4mmastiku\u00fchendid). Paljud aminohapped \u00fchinevad valkudeks, mis on osa igast elusrakust. Valkude moodustamisel osaleb \u00fcle 20 erineva aminohappe. Paljud neist osalevad ka ainevahetusprotsessides. Inimorganism omastab aminohappeid toiduvalkudes sisalduvatest valkudest, mis ens\u00fc\u00fcmide m\u00f5jul organismis h\u00fcdrol\u00fc\u00fcsuvad ja lagunevad. K\u00f5igist aminohapetest...","_links":{"self":[{"href":"https:\/\/santamonica.lv\/et\/wp-json\/wp\/v2\/pages\/3113","targetHints":{"allow":["GET"]}}],"collection":[{"href":"https:\/\/santamonica.lv\/et\/wp-json\/wp\/v2\/pages"}],"about":[{"href":"https:\/\/santamonica.lv\/et\/wp-json\/wp\/v2\/types\/page"}],"author":[{"embeddable":true,"href":"https:\/\/santamonica.lv\/et\/wp-json\/wp\/v2\/users\/3"}],"replies":[{"embeddable":true,"href":"https:\/\/santamonica.lv\/et\/wp-json\/wp\/v2\/comments?post=3113"}],"version-history":[{"count":1,"href":"https:\/\/santamonica.lv\/et\/wp-json\/wp\/v2\/pages\/3113\/revisions"}],"predecessor-version":[{"id":3114,"href":"https:\/\/santamonica.lv\/et\/wp-json\/wp\/v2\/pages\/3113\/revisions\/3114"}],"up":[{"embeddable":true,"href":"https:\/\/santamonica.lv\/et\/wp-json\/wp\/v2\/pages\/2090"}],"wp:featuredmedia":[{"embeddable":true,"href":"https:\/\/santamonica.lv\/et\/wp-json\/wp\/v2\/media\/2118"}],"wp:attachment":[{"href":"https:\/\/santamonica.lv\/et\/wp-json\/wp\/v2\/media?parent=3113"}],"curies":[{"name":"wp","href":"https:\/\/api.w.org\/{rel}","templated":true}]}}