{"id":3115,"date":"2025-03-01T23:44:25","date_gmt":"2025-03-01T21:44:25","guid":{"rendered":"https:\/\/santamonica.lv\/?page_id=3115"},"modified":"2025-03-05T22:45:42","modified_gmt":"2025-03-05T20:45:42","slug":"hudroksuproliin","status":"publish","type":"page","link":"https:\/\/santamonica.lv\/et\/tervisele\/hudroksuproliin\/","title":{"rendered":"H\u00fcdroks\u00fcproliin"},"content":{"rendered":"\n<div class=\"wp-block-columns is-layout-flex wp-container-core-columns-is-layout-9d6595d7 wp-block-columns-is-layout-flex\">\n<div class=\"wp-block-column is-layout-flow wp-block-column-is-layout-flow\" style=\"flex-basis:33.33%\">\n<figure class=\"wp-block-image size-full\"><img loading=\"lazy\" decoding=\"async\" width=\"900\" height=\"760\" src=\"https:\/\/santamonica.lv\/wp-content\/uploads\/2024\/01\/hydroxyproline.jpg\" alt=\"\" class=\"wp-image-1075\" srcset=\"https:\/\/santamonica.lv\/wp-content\/uploads\/2024\/01\/hydroxyproline.jpg 900w, https:\/\/santamonica.lv\/wp-content\/uploads\/2024\/01\/hydroxyproline-300x253.jpg 300w, https:\/\/santamonica.lv\/wp-content\/uploads\/2024\/01\/hydroxyproline-768x649.jpg 768w, https:\/\/santamonica.lv\/wp-content\/uploads\/2024\/01\/hydroxyproline-600x507.jpg 600w\" sizes=\"auto, (max-width: 900px) 100vw, 900px\" \/><\/figure>\n<\/div>\n\n\n\n<div class=\"wp-block-column is-layout-flow wp-block-column-is-layout-flow\" style=\"flex-basis:66.66%\">\n<p>H\u00fcdroks\u00fcproliin on k\u00f5igi kollageenikiudude p\u00f5hikomponent. Koos proliiniga stabiliseerib see kollageeni struktuuri kehas. Seet\u00f5ttu kasutatakse seda haiguste ravis, mida iseloomustavad sidekoe kahjustused \u2013 liigeste \u00fcmbruse k\u00f5\u00f5luste, k\u00f5hre ja sidemete kahjustus. See parandab naha elastsust ja hoiab \u00e4ra kortsude teket.<\/p>\n<\/div>\n<\/div>\n\n\n\n<p><strong>B<\/strong><strong>Bioloogiline aktiivsus:<\/strong><\/p>\n\n\n\n<ul class=\"wp-block-list\">\n<li>Kollageeni p\u00f5hikomponent lihastes, sidemetes, k\u00f5hredes, luudes ja veresoonte seintes;<\/li>\n\n\n\n<li>Kasutatakse osteokondroosi raviks liigesekahjustuste taastamiseks;<\/li>\n\n\n\n<li>Soodustab paranemisprotsessi p\u00e4rast vigastusi, p\u00f5letusi ja haavandeid;<\/li>\n\n\n\n<li>Soodustab veresoonte seinte paranemist;<\/li>\n<\/ul>\n\n\n\n<p>Seda kasutatakse ka deformeeriva artroosi ravis, kuna see soodustab k\u00f5hrekoe taastumist.<\/p>\n\n\n\n<p>Santa Monica pakub h\u00fcdroks\u00fcproliini 50 ml infusioonilahusena. Intravenoosseks s\u00fcstimiseks, lahjendades 0,9% naatriumkloriidi lahusega kuni 250 ml-ni.<\/p>\n","protected":false},"excerpt":{"rendered":"<p>H\u00fcdroks\u00fcproliin on k\u00f5igi kollageenikiudude p\u00f5hikomponent. Koos proliiniga stabiliseerib see kollageeni struktuuri kehas. Seet\u00f5ttu kasutatakse seda haiguste ravis, mida iseloomustavad sidekoe kahjustused \u2013 liigeste \u00fcmbruse k\u00f5\u00f5luste, k\u00f5hre ja sidemete kahjustus. See parandab naha elastsust ja hoiab \u00e4ra kortsude teket. BBioloogiline aktiivsus: Seda kasutatakse ka deformeeriva artroosi ravis, kuna see soodustab k\u00f5hrekoe taastumist. Santa Monica pakub h\u00fcdroks\u00fcproliini&#8230;<\/p>\n","protected":false},"author":3,"featured_media":2121,"parent":2090,"menu_order":0,"comment_status":"closed","ping_status":"closed","template":"","meta":{"_acf_changed":false,"_uag_custom_page_level_css":"","_kadence_starter_templates_imported_post":false,"_kad_post_transparent":"","_kad_post_title":"","_kad_post_layout":"","_kad_post_sidebar_id":"","_kad_post_content_style":"","_kad_post_vertical_padding":"","_kad_post_feature":"","_kad_post_feature_position":"","_kad_post_header":false,"_kad_post_footer":false,"footnotes":""},"class_list":["post-3115","page","type-page","status-publish","has-post-thumbnail","hentry"],"acf":[],"yoast_head":"<!-- This site is optimized with the Yoast SEO plugin v26.4 - https:\/\/yoast.com\/wordpress\/plugins\/seo\/ -->\n<title>H\u00fcdroks\u00fcproliin - Santa Monica<\/title>\n<meta name=\"robots\" content=\"index, follow, max-snippet:-1, max-image-preview:large, max-video-preview:-1\" \/>\n<link rel=\"canonical\" href=\"https:\/\/santamonica.lv\/et\/tervisele\/hudroksuproliin\/\" \/>\n<meta property=\"og:locale\" content=\"et_EE\" \/>\n<meta property=\"og:type\" content=\"article\" \/>\n<meta property=\"og:title\" content=\"H\u00fcdroks\u00fcproliin - Santa Monica\" \/>\n<meta property=\"og:description\" content=\"H\u00fcdroks\u00fcproliin on k\u00f5igi kollageenikiudude p\u00f5hikomponent. Koos proliiniga stabiliseerib see kollageeni struktuuri kehas. Seet\u00f5ttu kasutatakse seda haiguste ravis, mida iseloomustavad sidekoe kahjustused \u2013 liigeste \u00fcmbruse k\u00f5\u00f5luste, k\u00f5hre ja sidemete kahjustus. See parandab naha elastsust ja hoiab \u00e4ra kortsude teket. BBioloogiline aktiivsus: Seda kasutatakse ka deformeeriva artroosi ravis, kuna see soodustab k\u00f5hrekoe taastumist. Santa Monica pakub h\u00fcdroks\u00fcproliini...\" \/>\n<meta property=\"og:url\" content=\"https:\/\/santamonica.lv\/et\/tervisele\/hudroksuproliin\/\" \/>\n<meta property=\"og:site_name\" content=\"Santa Monica\" \/>\n<meta property=\"article:publisher\" content=\"https:\/\/www.facebook.com\/klinikasantamonica\" \/>\n<meta property=\"article:modified_time\" content=\"2025-03-05T20:45:42+00:00\" \/>\n<meta property=\"og:image\" content=\"https:\/\/santamonica.lv\/wp-content\/uploads\/2024\/01\/hydroxyproline.jpg\" \/>\n\t<meta property=\"og:image:width\" content=\"900\" \/>\n\t<meta property=\"og:image:height\" content=\"760\" \/>\n\t<meta property=\"og:image:type\" content=\"image\/jpeg\" \/>\n<meta name=\"twitter:card\" content=\"summary_large_image\" \/>\n<meta name=\"twitter:label1\" content=\"Est. reading time\" \/>\n\t<meta name=\"twitter:data1\" content=\"1 minut\" \/>\n<script type=\"application\/ld+json\" class=\"yoast-schema-graph\">{\"@context\":\"https:\/\/schema.org\",\"@graph\":[{\"@type\":\"WebPage\",\"@id\":\"https:\/\/santamonica.lv\/et\/tervisele\/hudroksuproliin\/\",\"url\":\"https:\/\/santamonica.lv\/et\/tervisele\/hudroksuproliin\/\",\"name\":\"H\u00fcdroks\u00fcproliin - Santa Monica\",\"isPartOf\":{\"@id\":\"https:\/\/santamonica.lv\/et\/#website\"},\"primaryImageOfPage\":{\"@id\":\"https:\/\/santamonica.lv\/et\/tervisele\/hudroksuproliin\/#primaryimage\"},\"image\":{\"@id\":\"https:\/\/santamonica.lv\/et\/tervisele\/hudroksuproliin\/#primaryimage\"},\"thumbnailUrl\":\"https:\/\/santamonica.lv\/wp-content\/uploads\/2024\/01\/hydroxyproline.jpg\",\"datePublished\":\"2025-03-01T21:44:25+00:00\",\"dateModified\":\"2025-03-05T20:45:42+00:00\",\"breadcrumb\":{\"@id\":\"https:\/\/santamonica.lv\/et\/tervisele\/hudroksuproliin\/#breadcrumb\"},\"inLanguage\":\"et\",\"potentialAction\":[{\"@type\":\"ReadAction\",\"target\":[\"https:\/\/santamonica.lv\/et\/tervisele\/hudroksuproliin\/\"]}]},{\"@type\":\"ImageObject\",\"inLanguage\":\"et\",\"@id\":\"https:\/\/santamonica.lv\/et\/tervisele\/hudroksuproliin\/#primaryimage\",\"url\":\"https:\/\/santamonica.lv\/wp-content\/uploads\/2024\/01\/hydroxyproline.jpg\",\"contentUrl\":\"https:\/\/santamonica.lv\/wp-content\/uploads\/2024\/01\/hydroxyproline.jpg\",\"width\":900,\"height\":760},{\"@type\":\"BreadcrumbList\",\"@id\":\"https:\/\/santamonica.lv\/et\/tervisele\/hudroksuproliin\/#breadcrumb\",\"itemListElement\":[{\"@type\":\"ListItem\",\"position\":1,\"name\":\"Home\",\"item\":\"https:\/\/santamonica.lv\/et\/sakums\/\"},{\"@type\":\"ListItem\",\"position\":2,\"name\":\"Tervisele\",\"item\":\"https:\/\/santamonica.lv\/et\/tervisele\/\"},{\"@type\":\"ListItem\",\"position\":3,\"name\":\"H\u00fcdroks\u00fcproliin\"}]},{\"@type\":\"WebSite\",\"@id\":\"https:\/\/santamonica.lv\/et\/#website\",\"url\":\"https:\/\/santamonica.lv\/et\/\",\"name\":\"Santa Monica\",\"description\":\"\",\"potentialAction\":[{\"@type\":\"SearchAction\",\"target\":{\"@type\":\"EntryPoint\",\"urlTemplate\":\"https:\/\/santamonica.lv\/et\/?s={search_term_string}\"},\"query-input\":{\"@type\":\"PropertyValueSpecification\",\"valueRequired\":true,\"valueName\":\"search_term_string\"}}],\"inLanguage\":\"et\"}]}<\/script>\n<!-- \/ Yoast SEO plugin. -->","yoast_head_json":{"title":"H\u00fcdroks\u00fcproliin - Santa Monica","robots":{"index":"index","follow":"follow","max-snippet":"max-snippet:-1","max-image-preview":"max-image-preview:large","max-video-preview":"max-video-preview:-1"},"canonical":"https:\/\/santamonica.lv\/et\/tervisele\/hudroksuproliin\/","og_locale":"et_EE","og_type":"article","og_title":"H\u00fcdroks\u00fcproliin - Santa Monica","og_description":"H\u00fcdroks\u00fcproliin on k\u00f5igi kollageenikiudude p\u00f5hikomponent. Koos proliiniga stabiliseerib see kollageeni struktuuri kehas. Seet\u00f5ttu kasutatakse seda haiguste ravis, mida iseloomustavad sidekoe kahjustused \u2013 liigeste \u00fcmbruse k\u00f5\u00f5luste, k\u00f5hre ja sidemete kahjustus. See parandab naha elastsust ja hoiab \u00e4ra kortsude teket. BBioloogiline aktiivsus: Seda kasutatakse ka deformeeriva artroosi ravis, kuna see soodustab k\u00f5hrekoe taastumist. Santa Monica pakub h\u00fcdroks\u00fcproliini...","og_url":"https:\/\/santamonica.lv\/et\/tervisele\/hudroksuproliin\/","og_site_name":"Santa Monica","article_publisher":"https:\/\/www.facebook.com\/klinikasantamonica","article_modified_time":"2025-03-05T20:45:42+00:00","og_image":[{"width":900,"height":760,"url":"https:\/\/santamonica.lv\/wp-content\/uploads\/2024\/01\/hydroxyproline.jpg","type":"image\/jpeg"}],"twitter_card":"summary_large_image","twitter_misc":{"Est. reading time":"1 minut"},"schema":{"@context":"https:\/\/schema.org","@graph":[{"@type":"WebPage","@id":"https:\/\/santamonica.lv\/et\/tervisele\/hudroksuproliin\/","url":"https:\/\/santamonica.lv\/et\/tervisele\/hudroksuproliin\/","name":"H\u00fcdroks\u00fcproliin - Santa Monica","isPartOf":{"@id":"https:\/\/santamonica.lv\/et\/#website"},"primaryImageOfPage":{"@id":"https:\/\/santamonica.lv\/et\/tervisele\/hudroksuproliin\/#primaryimage"},"image":{"@id":"https:\/\/santamonica.lv\/et\/tervisele\/hudroksuproliin\/#primaryimage"},"thumbnailUrl":"https:\/\/santamonica.lv\/wp-content\/uploads\/2024\/01\/hydroxyproline.jpg","datePublished":"2025-03-01T21:44:25+00:00","dateModified":"2025-03-05T20:45:42+00:00","breadcrumb":{"@id":"https:\/\/santamonica.lv\/et\/tervisele\/hudroksuproliin\/#breadcrumb"},"inLanguage":"et","potentialAction":[{"@type":"ReadAction","target":["https:\/\/santamonica.lv\/et\/tervisele\/hudroksuproliin\/"]}]},{"@type":"ImageObject","inLanguage":"et","@id":"https:\/\/santamonica.lv\/et\/tervisele\/hudroksuproliin\/#primaryimage","url":"https:\/\/santamonica.lv\/wp-content\/uploads\/2024\/01\/hydroxyproline.jpg","contentUrl":"https:\/\/santamonica.lv\/wp-content\/uploads\/2024\/01\/hydroxyproline.jpg","width":900,"height":760},{"@type":"BreadcrumbList","@id":"https:\/\/santamonica.lv\/et\/tervisele\/hudroksuproliin\/#breadcrumb","itemListElement":[{"@type":"ListItem","position":1,"name":"Home","item":"https:\/\/santamonica.lv\/et\/sakums\/"},{"@type":"ListItem","position":2,"name":"Tervisele","item":"https:\/\/santamonica.lv\/et\/tervisele\/"},{"@type":"ListItem","position":3,"name":"H\u00fcdroks\u00fcproliin"}]},{"@type":"WebSite","@id":"https:\/\/santamonica.lv\/et\/#website","url":"https:\/\/santamonica.lv\/et\/","name":"Santa Monica","description":"","potentialAction":[{"@type":"SearchAction","target":{"@type":"EntryPoint","urlTemplate":"https:\/\/santamonica.lv\/et\/?s={search_term_string}"},"query-input":{"@type":"PropertyValueSpecification","valueRequired":true,"valueName":"search_term_string"}}],"inLanguage":"et"}]}},"uagb_featured_image_src":{"full":["https:\/\/santamonica.lv\/wp-content\/uploads\/2024\/01\/hydroxyproline.jpg",900,760,false],"thumbnail":["https:\/\/santamonica.lv\/wp-content\/uploads\/2024\/01\/hydroxyproline-150x150.jpg",150,150,true],"medium":["https:\/\/santamonica.lv\/wp-content\/uploads\/2024\/01\/hydroxyproline-300x253.jpg",300,253,true],"medium_large":["https:\/\/santamonica.lv\/wp-content\/uploads\/2024\/01\/hydroxyproline-768x649.jpg",768,649,true],"large":["https:\/\/santamonica.lv\/wp-content\/uploads\/2024\/01\/hydroxyproline.jpg",900,760,false],"1536x1536":["https:\/\/santamonica.lv\/wp-content\/uploads\/2024\/01\/hydroxyproline.jpg",900,760,false],"2048x2048":["https:\/\/santamonica.lv\/wp-content\/uploads\/2024\/01\/hydroxyproline.jpg",900,760,false],"woocommerce_thumbnail":["https:\/\/santamonica.lv\/wp-content\/uploads\/2024\/01\/hydroxyproline-300x300.jpg",300,300,true],"woocommerce_single":["https:\/\/santamonica.lv\/wp-content\/uploads\/2024\/01\/hydroxyproline-600x507.jpg",600,507,true],"woocommerce_gallery_thumbnail":["https:\/\/santamonica.lv\/wp-content\/uploads\/2024\/01\/hydroxyproline-100x100.jpg",100,100,true]},"uagb_author_info":{"display_name":"Aigars","author_link":"https:\/\/santamonica.lv\/et\/author\/aigars\/"},"uagb_comment_info":0,"uagb_excerpt":"H\u00fcdroks\u00fcproliin on k\u00f5igi kollageenikiudude p\u00f5hikomponent. Koos proliiniga stabiliseerib see kollageeni struktuuri kehas. Seet\u00f5ttu kasutatakse seda haiguste ravis, mida iseloomustavad sidekoe kahjustused \u2013 liigeste \u00fcmbruse k\u00f5\u00f5luste, k\u00f5hre ja sidemete kahjustus. See parandab naha elastsust ja hoiab \u00e4ra kortsude teket. BBioloogiline aktiivsus: Seda kasutatakse ka deformeeriva artroosi ravis, kuna see soodustab k\u00f5hrekoe taastumist. Santa Monica pakub h\u00fcdroks\u00fcproliini...","_links":{"self":[{"href":"https:\/\/santamonica.lv\/et\/wp-json\/wp\/v2\/pages\/3115","targetHints":{"allow":["GET"]}}],"collection":[{"href":"https:\/\/santamonica.lv\/et\/wp-json\/wp\/v2\/pages"}],"about":[{"href":"https:\/\/santamonica.lv\/et\/wp-json\/wp\/v2\/types\/page"}],"author":[{"embeddable":true,"href":"https:\/\/santamonica.lv\/et\/wp-json\/wp\/v2\/users\/3"}],"replies":[{"embeddable":true,"href":"https:\/\/santamonica.lv\/et\/wp-json\/wp\/v2\/comments?post=3115"}],"version-history":[{"count":1,"href":"https:\/\/santamonica.lv\/et\/wp-json\/wp\/v2\/pages\/3115\/revisions"}],"predecessor-version":[{"id":3116,"href":"https:\/\/santamonica.lv\/et\/wp-json\/wp\/v2\/pages\/3115\/revisions\/3116"}],"up":[{"embeddable":true,"href":"https:\/\/santamonica.lv\/et\/wp-json\/wp\/v2\/pages\/2090"}],"wp:featuredmedia":[{"embeddable":true,"href":"https:\/\/santamonica.lv\/et\/wp-json\/wp\/v2\/media\/2121"}],"wp:attachment":[{"href":"https:\/\/santamonica.lv\/et\/wp-json\/wp\/v2\/media?parent=3115"}],"curies":[{"name":"wp","href":"https:\/\/api.w.org\/{rel}","templated":true}]}}