{"id":3117,"date":"2025-03-01T23:50:50","date_gmt":"2025-03-01T21:50:50","guid":{"rendered":"https:\/\/santamonica.lv\/?page_id=3117"},"modified":"2025-03-05T22:45:39","modified_gmt":"2025-03-05T20:45:39","slug":"glutatioon","status":"publish","type":"page","link":"https:\/\/santamonica.lv\/et\/tervisele\/glutatioon\/","title":{"rendered":"Glutatioon"},"content":{"rendered":"\n<div class=\"wp-block-columns is-layout-flex wp-container-core-columns-is-layout-9d6595d7 wp-block-columns-is-layout-flex\">\n<div class=\"wp-block-column is-layout-flow wp-block-column-is-layout-flow\" style=\"flex-basis:33.33%\">\n<figure class=\"wp-block-image size-full\"><img loading=\"lazy\" decoding=\"async\" width=\"800\" height=\"500\" src=\"https:\/\/santamonica.lv\/wp-content\/uploads\/2024\/01\/glutathione-anti-aging.jpg\" alt=\"\" class=\"wp-image-1055\" srcset=\"https:\/\/santamonica.lv\/wp-content\/uploads\/2024\/01\/glutathione-anti-aging.jpg 800w, https:\/\/santamonica.lv\/wp-content\/uploads\/2024\/01\/glutathione-anti-aging-300x188.jpg 300w, https:\/\/santamonica.lv\/wp-content\/uploads\/2024\/01\/glutathione-anti-aging-768x480.jpg 768w, https:\/\/santamonica.lv\/wp-content\/uploads\/2024\/01\/glutathione-anti-aging-600x375.jpg 600w\" sizes=\"auto, (max-width: 800px) 100vw, 800px\" \/><\/figure>\n<\/div>\n\n\n\n<div class=\"wp-block-column is-layout-flow wp-block-column-is-layout-flow\" style=\"flex-basis:66.66%\">\n<p><strong>Glutatioon on antioks\u00fcdant, mis koosneb mitmest aminohappest:<\/strong>\u00a0ts\u00fcsteiinist, glutamiinist ja gl\u00fctsiinist. Seda leidub puu- ja k\u00f6\u00f6giviljades ning seda s\u00fcnteesitakse looduslikult igas elusorganismis.\u00a0<strong>Integratiivses onkoloogias kasutatakse glutatiooni taastumise soodustamiseks p\u00e4rast kiiritus- ja keemiaravi.<\/strong>\u00a0Seda saab kasutada ka ennetavalt organismi antioks\u00fcdantide varude taastamiseks, kahjustatud DNA taastamiseks, rakkude normaalse paljunemise tagamiseks, immuuns\u00fcsteemi talitluse reguleerimiseks, organismi t\u00f5husaks detoksifitseerimiseks, aga ka DNA kahjustuste v\u00e4hendamiseks.<\/p>\n<\/div>\n<\/div>\n\n\n\n<p>Glutatioon osaleb ka normaalses energiatootmises rakutasandil,&nbsp;<strong>soodustab detoksikatsiooniprotsesse p\u00e4rast ravim umide tarvitamist, taastab ja ennetab DNA kahjustusi ning neutraliseerib vabu hapnikuradikaale. Osaleb normaalses rakkude jagunemises ja reguleerib apoptoosi. Ennetuslikel eesm\u00e4rkidel aitab glutatioon eemaldada organismist keskkonnatoksiine, kantserogeene ning soodustab ka n\u00e4rvirakkude taastumisprotsessi.<\/strong><\/p>\n\n\n\n<p><strong>Maov\u00e4higa patsientidel<\/strong>&nbsp;viidi l\u00e4bi korduvaid uuringuid glutatiooni efektiivsuse kohta. P\u00e4rast plaatinar\u00fchma keemiaravi kuuri m\u00e4\u00e4rati osadele neist glutatiooni s\u00fcstid v\u00f5i i\/v infusioonid. Ravimitest p\u00f5hjustatud pol\u00fcneuropaatiat, mida tavaliselt t\u00e4heldatakse patsientidel \u00fcheksandal n\u00e4dalal p\u00e4rast keemiaravi, seda preparaati saanud r\u00fchmas ei t\u00e4heldatud. Samuti oli sellel patsientide r\u00fchmal v\u00e4iksem vajadus hemotransfusioonide j\u00e4rele.<\/p>\n\n\n\n<p>Sarnased uuringud on l\u00e4bi viidud ka&nbsp;<strong>kolorektaalse v\u00e4hi<\/strong>&nbsp;p\u00f5devate inimestega. Ka m\u00fcrgiseid pol\u00fcneuropaatiaid leiti neil tunduvalt harvemini.<\/p>\n\n\n\n<p>Seevastu&nbsp;<strong>munasarjav\u00e4higa patsientidel<\/strong>, kes said glutatiooni infusioone p\u00e4rast keemiaravi plaatinat sisaldavate ravimitega, oli neerude filtreerimise kiirus parem,&nbsp;<strong>v\u00e4hem depressiivseid h\u00e4ireid, oksendamist, perifeerset pol\u00fcneuropaatiat, juuste v\u00e4ljalangemist, \u00f5hupuudust ja keskendumisprobleeme.<\/strong><\/p>\n\n\n\n<p><strong>Glutatioon kahekordistab looduslike nuumrakkude aktiivsust veres<\/strong>. See selgus ajakirja European Journal of Nutrition uuringust.<\/p>\n\n\n\n<p>\u00dcldiselt taluvad patsiendid parenteraalset glutatiooni h\u00e4sti. Selle kasutamise kohta kiiritus- ja keemiaravi ajal on vastuolulisi andmeid. Tavaliselt soovitatakse preparaati kasutada ravikuuride vahel, samuti prof\u00fclaktiliselt v\u00f5i p\u00e4rast teraapiat, et soodustada organismi regeneratsiooniprotsesse.<\/p>\n\n\n\n<p>Tavaline suukaudselt soovitatav glutatiooni annus on 500\u20131000 mg p\u00e4evas. Selliseks kasutamiseks on k\u00f5ige parem kasutada preparaadi liposomaalset vormi, mis parandab oluliselt imendumist. Samuti on ravimvorme rektaalsete ravimk\u00fc\u00fcnalde ja transdermaalsete rakenduste (plaastrite) kujul, samuti intramuskulaarsete s\u00fcstide ja intravenoossete lahuste kujul.<\/p>\n\n\n\n<p><strong>Enne glutatiooni kasutamist pidage n\u00f5u oma arstiga!<\/strong><\/p>\n\n\n\n<p><strong>Viited teaduslikele uuringutele glutatiooni rolli kohta v\u00e4hi ravis ja ennetamisel:<\/strong><\/p>\n\n\n\n<ul class=\"wp-block-list\">\n<li><a href=\"https:\/\/www.nature.com\/articles\/s41388-023-02708-4\" target=\"_blank\" rel=\"noreferrer noopener\">Glutathione peroxidase 2 knockdown suppresses gastric cancer progression and metastasis via regulation of kynurenine metabolism<\/a>&nbsp;(<em>Nature.com, 03.05.2023<\/em>)<\/li>\n\n\n\n<li><a href=\"https:\/\/www.mdpi.com\/2227-9059\/11\/8\/2226\" target=\"_blank\" rel=\"noreferrer noopener\">Glutathione: Lights and Shadows in Cancer Patients<\/a>&nbsp;(<em>Mdpi.com, 08.08.2023<\/em>)<\/li>\n\n\n\n<li><a href=\"https:\/\/onlinelibrary.wiley.com\/doi\/10.1155\/2013\/972913\" target=\"_blank\" rel=\"noreferrer noopener\">Role of Glutathione in Cancer Progression and Chemoresistance<\/a>&nbsp; (<em>Doi.org, 20.05.2013<\/em>)<\/li>\n<\/ul>\n","protected":false},"excerpt":{"rendered":"<p>Glutatioon on antioks\u00fcdant, mis koosneb mitmest aminohappest:\u00a0ts\u00fcsteiinist, glutamiinist ja gl\u00fctsiinist. Seda leidub puu- ja k\u00f6\u00f6giviljades ning seda s\u00fcnteesitakse looduslikult igas elusorganismis.\u00a0Integratiivses onkoloogias kasutatakse glutatiooni taastumise soodustamiseks p\u00e4rast kiiritus- ja keemiaravi.\u00a0Seda saab kasutada ka ennetavalt organismi antioks\u00fcdantide varude taastamiseks, kahjustatud DNA taastamiseks, rakkude normaalse paljunemise tagamiseks, immuuns\u00fcsteemi talitluse reguleerimiseks, organismi t\u00f5husaks detoksifitseerimiseks, aga ka DNA kahjustuste&#8230;<\/p>\n","protected":false},"author":3,"featured_media":2151,"parent":2090,"menu_order":0,"comment_status":"closed","ping_status":"closed","template":"","meta":{"_acf_changed":false,"_uag_custom_page_level_css":"","_kadence_starter_templates_imported_post":false,"_kad_post_transparent":"","_kad_post_title":"","_kad_post_layout":"","_kad_post_sidebar_id":"","_kad_post_content_style":"","_kad_post_vertical_padding":"","_kad_post_feature":"","_kad_post_feature_position":"","_kad_post_header":false,"_kad_post_footer":false,"footnotes":""},"class_list":["post-3117","page","type-page","status-publish","has-post-thumbnail","hentry"],"acf":[],"yoast_head":"<!-- This site is optimized with the Yoast SEO plugin v26.4 - https:\/\/yoast.com\/wordpress\/plugins\/seo\/ -->\n<title>Glutatioon - Santa Monica<\/title>\n<meta name=\"robots\" content=\"index, follow, max-snippet:-1, max-image-preview:large, max-video-preview:-1\" \/>\n<link rel=\"canonical\" href=\"https:\/\/santamonica.lv\/et\/tervisele\/glutatioon\/\" \/>\n<meta property=\"og:locale\" content=\"et_EE\" \/>\n<meta property=\"og:type\" content=\"article\" \/>\n<meta property=\"og:title\" content=\"Glutatioon - Santa Monica\" \/>\n<meta property=\"og:description\" content=\"Glutatioon on antioks\u00fcdant, mis koosneb mitmest aminohappest:\u00a0ts\u00fcsteiinist, glutamiinist ja gl\u00fctsiinist. Seda leidub puu- ja k\u00f6\u00f6giviljades ning seda s\u00fcnteesitakse looduslikult igas elusorganismis.\u00a0Integratiivses onkoloogias kasutatakse glutatiooni taastumise soodustamiseks p\u00e4rast kiiritus- ja keemiaravi.\u00a0Seda saab kasutada ka ennetavalt organismi antioks\u00fcdantide varude taastamiseks, kahjustatud DNA taastamiseks, rakkude normaalse paljunemise tagamiseks, immuuns\u00fcsteemi talitluse reguleerimiseks, organismi t\u00f5husaks detoksifitseerimiseks, aga ka DNA kahjustuste...\" \/>\n<meta property=\"og:url\" content=\"https:\/\/santamonica.lv\/et\/tervisele\/glutatioon\/\" \/>\n<meta property=\"og:site_name\" content=\"Santa Monica\" \/>\n<meta property=\"article:publisher\" content=\"https:\/\/www.facebook.com\/klinikasantamonica\" \/>\n<meta property=\"article:modified_time\" content=\"2025-03-05T20:45:39+00:00\" \/>\n<meta property=\"og:image\" content=\"https:\/\/santamonica.lv\/wp-content\/uploads\/2024\/01\/glutathione-anti-aging.jpg\" \/>\n\t<meta property=\"og:image:width\" content=\"800\" \/>\n\t<meta property=\"og:image:height\" content=\"500\" \/>\n\t<meta property=\"og:image:type\" content=\"image\/jpeg\" \/>\n<meta name=\"twitter:card\" content=\"summary_large_image\" \/>\n<meta name=\"twitter:label1\" content=\"Est. reading time\" \/>\n\t<meta name=\"twitter:data1\" content=\"2 minutit\" \/>\n<script type=\"application\/ld+json\" class=\"yoast-schema-graph\">{\"@context\":\"https:\/\/schema.org\",\"@graph\":[{\"@type\":\"WebPage\",\"@id\":\"https:\/\/santamonica.lv\/et\/tervisele\/glutatioon\/\",\"url\":\"https:\/\/santamonica.lv\/et\/tervisele\/glutatioon\/\",\"name\":\"Glutatioon - Santa Monica\",\"isPartOf\":{\"@id\":\"https:\/\/santamonica.lv\/et\/#website\"},\"primaryImageOfPage\":{\"@id\":\"https:\/\/santamonica.lv\/et\/tervisele\/glutatioon\/#primaryimage\"},\"image\":{\"@id\":\"https:\/\/santamonica.lv\/et\/tervisele\/glutatioon\/#primaryimage\"},\"thumbnailUrl\":\"https:\/\/santamonica.lv\/wp-content\/uploads\/2024\/01\/glutathione-anti-aging.jpg\",\"datePublished\":\"2025-03-01T21:50:50+00:00\",\"dateModified\":\"2025-03-05T20:45:39+00:00\",\"breadcrumb\":{\"@id\":\"https:\/\/santamonica.lv\/et\/tervisele\/glutatioon\/#breadcrumb\"},\"inLanguage\":\"et\",\"potentialAction\":[{\"@type\":\"ReadAction\",\"target\":[\"https:\/\/santamonica.lv\/et\/tervisele\/glutatioon\/\"]}]},{\"@type\":\"ImageObject\",\"inLanguage\":\"et\",\"@id\":\"https:\/\/santamonica.lv\/et\/tervisele\/glutatioon\/#primaryimage\",\"url\":\"https:\/\/santamonica.lv\/wp-content\/uploads\/2024\/01\/glutathione-anti-aging.jpg\",\"contentUrl\":\"https:\/\/santamonica.lv\/wp-content\/uploads\/2024\/01\/glutathione-anti-aging.jpg\",\"width\":800,\"height\":500},{\"@type\":\"BreadcrumbList\",\"@id\":\"https:\/\/santamonica.lv\/et\/tervisele\/glutatioon\/#breadcrumb\",\"itemListElement\":[{\"@type\":\"ListItem\",\"position\":1,\"name\":\"Home\",\"item\":\"https:\/\/santamonica.lv\/et\/sakums\/\"},{\"@type\":\"ListItem\",\"position\":2,\"name\":\"Tervisele\",\"item\":\"https:\/\/santamonica.lv\/et\/tervisele\/\"},{\"@type\":\"ListItem\",\"position\":3,\"name\":\"Glutatioon\"}]},{\"@type\":\"WebSite\",\"@id\":\"https:\/\/santamonica.lv\/et\/#website\",\"url\":\"https:\/\/santamonica.lv\/et\/\",\"name\":\"Santa Monica\",\"description\":\"\",\"potentialAction\":[{\"@type\":\"SearchAction\",\"target\":{\"@type\":\"EntryPoint\",\"urlTemplate\":\"https:\/\/santamonica.lv\/et\/?s={search_term_string}\"},\"query-input\":{\"@type\":\"PropertyValueSpecification\",\"valueRequired\":true,\"valueName\":\"search_term_string\"}}],\"inLanguage\":\"et\"}]}<\/script>\n<!-- \/ Yoast SEO plugin. -->","yoast_head_json":{"title":"Glutatioon - Santa Monica","robots":{"index":"index","follow":"follow","max-snippet":"max-snippet:-1","max-image-preview":"max-image-preview:large","max-video-preview":"max-video-preview:-1"},"canonical":"https:\/\/santamonica.lv\/et\/tervisele\/glutatioon\/","og_locale":"et_EE","og_type":"article","og_title":"Glutatioon - Santa Monica","og_description":"Glutatioon on antioks\u00fcdant, mis koosneb mitmest aminohappest:\u00a0ts\u00fcsteiinist, glutamiinist ja gl\u00fctsiinist. Seda leidub puu- ja k\u00f6\u00f6giviljades ning seda s\u00fcnteesitakse looduslikult igas elusorganismis.\u00a0Integratiivses onkoloogias kasutatakse glutatiooni taastumise soodustamiseks p\u00e4rast kiiritus- ja keemiaravi.\u00a0Seda saab kasutada ka ennetavalt organismi antioks\u00fcdantide varude taastamiseks, kahjustatud DNA taastamiseks, rakkude normaalse paljunemise tagamiseks, immuuns\u00fcsteemi talitluse reguleerimiseks, organismi t\u00f5husaks detoksifitseerimiseks, aga ka DNA kahjustuste...","og_url":"https:\/\/santamonica.lv\/et\/tervisele\/glutatioon\/","og_site_name":"Santa Monica","article_publisher":"https:\/\/www.facebook.com\/klinikasantamonica","article_modified_time":"2025-03-05T20:45:39+00:00","og_image":[{"width":800,"height":500,"url":"https:\/\/santamonica.lv\/wp-content\/uploads\/2024\/01\/glutathione-anti-aging.jpg","type":"image\/jpeg"}],"twitter_card":"summary_large_image","twitter_misc":{"Est. reading time":"2 minutit"},"schema":{"@context":"https:\/\/schema.org","@graph":[{"@type":"WebPage","@id":"https:\/\/santamonica.lv\/et\/tervisele\/glutatioon\/","url":"https:\/\/santamonica.lv\/et\/tervisele\/glutatioon\/","name":"Glutatioon - Santa Monica","isPartOf":{"@id":"https:\/\/santamonica.lv\/et\/#website"},"primaryImageOfPage":{"@id":"https:\/\/santamonica.lv\/et\/tervisele\/glutatioon\/#primaryimage"},"image":{"@id":"https:\/\/santamonica.lv\/et\/tervisele\/glutatioon\/#primaryimage"},"thumbnailUrl":"https:\/\/santamonica.lv\/wp-content\/uploads\/2024\/01\/glutathione-anti-aging.jpg","datePublished":"2025-03-01T21:50:50+00:00","dateModified":"2025-03-05T20:45:39+00:00","breadcrumb":{"@id":"https:\/\/santamonica.lv\/et\/tervisele\/glutatioon\/#breadcrumb"},"inLanguage":"et","potentialAction":[{"@type":"ReadAction","target":["https:\/\/santamonica.lv\/et\/tervisele\/glutatioon\/"]}]},{"@type":"ImageObject","inLanguage":"et","@id":"https:\/\/santamonica.lv\/et\/tervisele\/glutatioon\/#primaryimage","url":"https:\/\/santamonica.lv\/wp-content\/uploads\/2024\/01\/glutathione-anti-aging.jpg","contentUrl":"https:\/\/santamonica.lv\/wp-content\/uploads\/2024\/01\/glutathione-anti-aging.jpg","width":800,"height":500},{"@type":"BreadcrumbList","@id":"https:\/\/santamonica.lv\/et\/tervisele\/glutatioon\/#breadcrumb","itemListElement":[{"@type":"ListItem","position":1,"name":"Home","item":"https:\/\/santamonica.lv\/et\/sakums\/"},{"@type":"ListItem","position":2,"name":"Tervisele","item":"https:\/\/santamonica.lv\/et\/tervisele\/"},{"@type":"ListItem","position":3,"name":"Glutatioon"}]},{"@type":"WebSite","@id":"https:\/\/santamonica.lv\/et\/#website","url":"https:\/\/santamonica.lv\/et\/","name":"Santa Monica","description":"","potentialAction":[{"@type":"SearchAction","target":{"@type":"EntryPoint","urlTemplate":"https:\/\/santamonica.lv\/et\/?s={search_term_string}"},"query-input":{"@type":"PropertyValueSpecification","valueRequired":true,"valueName":"search_term_string"}}],"inLanguage":"et"}]}},"uagb_featured_image_src":{"full":["https:\/\/santamonica.lv\/wp-content\/uploads\/2024\/01\/glutathione-anti-aging.jpg",800,500,false],"thumbnail":["https:\/\/santamonica.lv\/wp-content\/uploads\/2024\/01\/glutathione-anti-aging-150x150.jpg",150,150,true],"medium":["https:\/\/santamonica.lv\/wp-content\/uploads\/2024\/01\/glutathione-anti-aging-300x188.jpg",300,188,true],"medium_large":["https:\/\/santamonica.lv\/wp-content\/uploads\/2024\/01\/glutathione-anti-aging-768x480.jpg",768,480,true],"large":["https:\/\/santamonica.lv\/wp-content\/uploads\/2024\/01\/glutathione-anti-aging.jpg",800,500,false],"1536x1536":["https:\/\/santamonica.lv\/wp-content\/uploads\/2024\/01\/glutathione-anti-aging.jpg",800,500,false],"2048x2048":["https:\/\/santamonica.lv\/wp-content\/uploads\/2024\/01\/glutathione-anti-aging.jpg",800,500,false],"woocommerce_thumbnail":["https:\/\/santamonica.lv\/wp-content\/uploads\/2024\/01\/glutathione-anti-aging-300x300.jpg",300,300,true],"woocommerce_single":["https:\/\/santamonica.lv\/wp-content\/uploads\/2024\/01\/glutathione-anti-aging-600x375.jpg",600,375,true],"woocommerce_gallery_thumbnail":["https:\/\/santamonica.lv\/wp-content\/uploads\/2024\/01\/glutathione-anti-aging-100x100.jpg",100,100,true]},"uagb_author_info":{"display_name":"Aigars","author_link":"https:\/\/santamonica.lv\/et\/author\/aigars\/"},"uagb_comment_info":0,"uagb_excerpt":"Glutatioon on antioks\u00fcdant, mis koosneb mitmest aminohappest:\u00a0ts\u00fcsteiinist, glutamiinist ja gl\u00fctsiinist. Seda leidub puu- ja k\u00f6\u00f6giviljades ning seda s\u00fcnteesitakse looduslikult igas elusorganismis.\u00a0Integratiivses onkoloogias kasutatakse glutatiooni taastumise soodustamiseks p\u00e4rast kiiritus- ja keemiaravi.\u00a0Seda saab kasutada ka ennetavalt organismi antioks\u00fcdantide varude taastamiseks, kahjustatud DNA taastamiseks, rakkude normaalse paljunemise tagamiseks, immuuns\u00fcsteemi talitluse reguleerimiseks, organismi t\u00f5husaks detoksifitseerimiseks, aga ka DNA kahjustuste...","_links":{"self":[{"href":"https:\/\/santamonica.lv\/et\/wp-json\/wp\/v2\/pages\/3117","targetHints":{"allow":["GET"]}}],"collection":[{"href":"https:\/\/santamonica.lv\/et\/wp-json\/wp\/v2\/pages"}],"about":[{"href":"https:\/\/santamonica.lv\/et\/wp-json\/wp\/v2\/types\/page"}],"author":[{"embeddable":true,"href":"https:\/\/santamonica.lv\/et\/wp-json\/wp\/v2\/users\/3"}],"replies":[{"embeddable":true,"href":"https:\/\/santamonica.lv\/et\/wp-json\/wp\/v2\/comments?post=3117"}],"version-history":[{"count":1,"href":"https:\/\/santamonica.lv\/et\/wp-json\/wp\/v2\/pages\/3117\/revisions"}],"predecessor-version":[{"id":3118,"href":"https:\/\/santamonica.lv\/et\/wp-json\/wp\/v2\/pages\/3117\/revisions\/3118"}],"up":[{"embeddable":true,"href":"https:\/\/santamonica.lv\/et\/wp-json\/wp\/v2\/pages\/2090"}],"wp:featuredmedia":[{"embeddable":true,"href":"https:\/\/santamonica.lv\/et\/wp-json\/wp\/v2\/media\/2151"}],"wp:attachment":[{"href":"https:\/\/santamonica.lv\/et\/wp-json\/wp\/v2\/media?parent=3117"}],"curies":[{"name":"wp","href":"https:\/\/api.w.org\/{rel}","templated":true}]}}