{"id":3119,"date":"2025-03-01T23:57:41","date_gmt":"2025-03-01T21:57:41","guid":{"rendered":"https:\/\/santamonica.lv\/?page_id=3119"},"modified":"2025-03-05T22:45:36","modified_gmt":"2025-03-05T20:45:36","slug":"fenuulalaniin","status":"publish","type":"page","link":"https:\/\/santamonica.lv\/et\/tervisele\/fenuulalaniin\/","title":{"rendered":"Fen\u00fc\u00fclalaniin"},"content":{"rendered":"\n<div class=\"wp-block-columns is-layout-flex wp-container-core-columns-is-layout-9d6595d7 wp-block-columns-is-layout-flex\">\n<div class=\"wp-block-column is-layout-flow wp-block-column-is-layout-flow\" style=\"flex-basis:33.33%\">\n<figure class=\"wp-block-image size-full\"><img loading=\"lazy\" decoding=\"async\" width=\"1296\" height=\"883\" src=\"https:\/\/santamonica.lv\/wp-content\/uploads\/2024\/01\/phenylalanine.jpg\" alt=\"\" class=\"wp-image-1069\" srcset=\"https:\/\/santamonica.lv\/wp-content\/uploads\/2024\/01\/phenylalanine.jpg 1296w, https:\/\/santamonica.lv\/wp-content\/uploads\/2024\/01\/phenylalanine-300x204.jpg 300w, https:\/\/santamonica.lv\/wp-content\/uploads\/2024\/01\/phenylalanine-1024x698.jpg 1024w, https:\/\/santamonica.lv\/wp-content\/uploads\/2024\/01\/phenylalanine-768x523.jpg 768w, https:\/\/santamonica.lv\/wp-content\/uploads\/2024\/01\/phenylalanine-600x409.jpg 600w\" sizes=\"auto, (max-width: 1296px) 100vw, 1296px\" \/><\/figure>\n<\/div>\n\n\n\n<div class=\"wp-block-column is-layout-flow wp-block-column-is-layout-flow\" style=\"flex-basis:66.66%\">\n<p>Fen\u00fc\u00fclalaniin on inimkehas asendamatu aminohape. Seda v\u00f5etakse toitumise abil. Sellest moodustuvad meie kehas ens\u00fc\u00fcmid nagu insuliin, papaiin ja melaniin. See aminohape aitab eemaldada organismist ainevahetuse l\u00f5ppprodukte, parandades maksa ja neerude t\u00f6\u00f6d. Samuti parandab see k\u00f5hun\u00e4\u00e4rme sekretoorset funktsiooni.<\/p>\n<\/div>\n<\/div>\n\n\n\n<p>Fen\u00fc\u00fclalaniin on aromaatne aminohape, mis on osa valkudest ja esineb kehas ka vabal kujul. Sellest moodustub vajalik aine nagu t\u00fcrosiin, mis omakorda toodab neurotransmittereid nagu dopamiin ja noradrenaliin.<\/p>\n\n\n\n<p>Santa Monica pakub fen\u00fc\u00fclalaniini intravenoosse infusioonina 2 grammi 100 ml viaalides.<\/p>\n\n\n\n<p>Paljude haiguste puhul suureneb fen\u00fc\u00fclalaniini tarbimine ja siis on vajalik selle aminohappe t\u00e4iendav tarbimine.<\/p>\n\n\n\n<p><strong>Fen\u00fc\u00fclalaniini kasutamine:<\/strong><\/p>\n\n\n\n<ul class=\"wp-block-list\">\n<li>M\u00e4lu halvenemine;<\/li>\n\n\n\n<li>Parkinsoni t\u00f5bi;<\/li>\n\n\n\n<li>Krooniline valu;<\/li>\n\n\n\n<li>Lihasmassi kaotus ja kiire kaalulangus;<\/li>\n\n\n\n<li>Juuksev\u00e4rvi kadu;<\/li>\n\n\n\n<li>Kroonilise v\u00e4simuse ja depressiooni raviks;<\/li>\n\n\n\n<li>Migreeni peavalude leevendamiseks;<\/li>\n\n\n\n<li>K\u00f5hun\u00e4\u00e4rme ebapiisava sekretoorse aktiivsuse korral.<\/li>\n<\/ul>\n","protected":false},"excerpt":{"rendered":"<p>Fen\u00fc\u00fclalaniin on inimkehas asendamatu aminohape. Seda v\u00f5etakse toitumise abil. Sellest moodustuvad meie kehas ens\u00fc\u00fcmid nagu insuliin, papaiin ja melaniin. See aminohape aitab eemaldada organismist ainevahetuse l\u00f5ppprodukte, parandades maksa ja neerude t\u00f6\u00f6d. Samuti parandab see k\u00f5hun\u00e4\u00e4rme sekretoorset funktsiooni. Fen\u00fc\u00fclalaniin on aromaatne aminohape, mis on osa valkudest ja esineb kehas ka vabal kujul. Sellest moodustub vajalik aine&#8230;<\/p>\n","protected":false},"author":3,"featured_media":2130,"parent":2090,"menu_order":0,"comment_status":"closed","ping_status":"closed","template":"","meta":{"_acf_changed":false,"_uag_custom_page_level_css":"","_kadence_starter_templates_imported_post":false,"_kad_post_transparent":"","_kad_post_title":"","_kad_post_layout":"","_kad_post_sidebar_id":"","_kad_post_content_style":"","_kad_post_vertical_padding":"","_kad_post_feature":"","_kad_post_feature_position":"","_kad_post_header":false,"_kad_post_footer":false,"footnotes":""},"class_list":["post-3119","page","type-page","status-publish","has-post-thumbnail","hentry"],"acf":[],"yoast_head":"<!-- This site is optimized with the Yoast SEO plugin v26.4 - https:\/\/yoast.com\/wordpress\/plugins\/seo\/ -->\n<title>Fen\u00fc\u00fclalaniin - Santa Monica<\/title>\n<meta name=\"robots\" content=\"index, follow, max-snippet:-1, max-image-preview:large, max-video-preview:-1\" \/>\n<link rel=\"canonical\" href=\"https:\/\/santamonica.lv\/et\/tervisele\/fenuulalaniin\/\" \/>\n<meta property=\"og:locale\" content=\"et_EE\" \/>\n<meta property=\"og:type\" content=\"article\" \/>\n<meta property=\"og:title\" content=\"Fen\u00fc\u00fclalaniin - Santa Monica\" \/>\n<meta property=\"og:description\" content=\"Fen\u00fc\u00fclalaniin on inimkehas asendamatu aminohape. Seda v\u00f5etakse toitumise abil. Sellest moodustuvad meie kehas ens\u00fc\u00fcmid nagu insuliin, papaiin ja melaniin. See aminohape aitab eemaldada organismist ainevahetuse l\u00f5ppprodukte, parandades maksa ja neerude t\u00f6\u00f6d. Samuti parandab see k\u00f5hun\u00e4\u00e4rme sekretoorset funktsiooni. Fen\u00fc\u00fclalaniin on aromaatne aminohape, mis on osa valkudest ja esineb kehas ka vabal kujul. Sellest moodustub vajalik aine...\" \/>\n<meta property=\"og:url\" content=\"https:\/\/santamonica.lv\/et\/tervisele\/fenuulalaniin\/\" \/>\n<meta property=\"og:site_name\" content=\"Santa Monica\" \/>\n<meta property=\"article:publisher\" content=\"https:\/\/www.facebook.com\/klinikasantamonica\" \/>\n<meta property=\"article:modified_time\" content=\"2025-03-05T20:45:36+00:00\" \/>\n<meta property=\"og:image\" content=\"https:\/\/santamonica.lv\/wp-content\/uploads\/2024\/01\/phenylalanine.jpg\" \/>\n\t<meta property=\"og:image:width\" content=\"1296\" \/>\n\t<meta property=\"og:image:height\" content=\"883\" \/>\n\t<meta property=\"og:image:type\" content=\"image\/jpeg\" \/>\n<meta name=\"twitter:card\" content=\"summary_large_image\" \/>\n<meta name=\"twitter:label1\" content=\"Est. reading time\" \/>\n\t<meta name=\"twitter:data1\" content=\"1 minut\" \/>\n<script type=\"application\/ld+json\" class=\"yoast-schema-graph\">{\"@context\":\"https:\/\/schema.org\",\"@graph\":[{\"@type\":\"WebPage\",\"@id\":\"https:\/\/santamonica.lv\/et\/tervisele\/fenuulalaniin\/\",\"url\":\"https:\/\/santamonica.lv\/et\/tervisele\/fenuulalaniin\/\",\"name\":\"Fen\u00fc\u00fclalaniin - Santa Monica\",\"isPartOf\":{\"@id\":\"https:\/\/santamonica.lv\/et\/#website\"},\"primaryImageOfPage\":{\"@id\":\"https:\/\/santamonica.lv\/et\/tervisele\/fenuulalaniin\/#primaryimage\"},\"image\":{\"@id\":\"https:\/\/santamonica.lv\/et\/tervisele\/fenuulalaniin\/#primaryimage\"},\"thumbnailUrl\":\"https:\/\/santamonica.lv\/wp-content\/uploads\/2024\/01\/phenylalanine.jpg\",\"datePublished\":\"2025-03-01T21:57:41+00:00\",\"dateModified\":\"2025-03-05T20:45:36+00:00\",\"breadcrumb\":{\"@id\":\"https:\/\/santamonica.lv\/et\/tervisele\/fenuulalaniin\/#breadcrumb\"},\"inLanguage\":\"et\",\"potentialAction\":[{\"@type\":\"ReadAction\",\"target\":[\"https:\/\/santamonica.lv\/et\/tervisele\/fenuulalaniin\/\"]}]},{\"@type\":\"ImageObject\",\"inLanguage\":\"et\",\"@id\":\"https:\/\/santamonica.lv\/et\/tervisele\/fenuulalaniin\/#primaryimage\",\"url\":\"https:\/\/santamonica.lv\/wp-content\/uploads\/2024\/01\/phenylalanine.jpg\",\"contentUrl\":\"https:\/\/santamonica.lv\/wp-content\/uploads\/2024\/01\/phenylalanine.jpg\",\"width\":1296,\"height\":883},{\"@type\":\"BreadcrumbList\",\"@id\":\"https:\/\/santamonica.lv\/et\/tervisele\/fenuulalaniin\/#breadcrumb\",\"itemListElement\":[{\"@type\":\"ListItem\",\"position\":1,\"name\":\"Home\",\"item\":\"https:\/\/santamonica.lv\/et\/sakums\/\"},{\"@type\":\"ListItem\",\"position\":2,\"name\":\"Tervisele\",\"item\":\"https:\/\/santamonica.lv\/et\/tervisele\/\"},{\"@type\":\"ListItem\",\"position\":3,\"name\":\"Fen\u00fc\u00fclalaniin\"}]},{\"@type\":\"WebSite\",\"@id\":\"https:\/\/santamonica.lv\/et\/#website\",\"url\":\"https:\/\/santamonica.lv\/et\/\",\"name\":\"Santa Monica\",\"description\":\"\",\"potentialAction\":[{\"@type\":\"SearchAction\",\"target\":{\"@type\":\"EntryPoint\",\"urlTemplate\":\"https:\/\/santamonica.lv\/et\/?s={search_term_string}\"},\"query-input\":{\"@type\":\"PropertyValueSpecification\",\"valueRequired\":true,\"valueName\":\"search_term_string\"}}],\"inLanguage\":\"et\"}]}<\/script>\n<!-- \/ Yoast SEO plugin. -->","yoast_head_json":{"title":"Fen\u00fc\u00fclalaniin - Santa Monica","robots":{"index":"index","follow":"follow","max-snippet":"max-snippet:-1","max-image-preview":"max-image-preview:large","max-video-preview":"max-video-preview:-1"},"canonical":"https:\/\/santamonica.lv\/et\/tervisele\/fenuulalaniin\/","og_locale":"et_EE","og_type":"article","og_title":"Fen\u00fc\u00fclalaniin - Santa Monica","og_description":"Fen\u00fc\u00fclalaniin on inimkehas asendamatu aminohape. Seda v\u00f5etakse toitumise abil. Sellest moodustuvad meie kehas ens\u00fc\u00fcmid nagu insuliin, papaiin ja melaniin. See aminohape aitab eemaldada organismist ainevahetuse l\u00f5ppprodukte, parandades maksa ja neerude t\u00f6\u00f6d. Samuti parandab see k\u00f5hun\u00e4\u00e4rme sekretoorset funktsiooni. Fen\u00fc\u00fclalaniin on aromaatne aminohape, mis on osa valkudest ja esineb kehas ka vabal kujul. Sellest moodustub vajalik aine...","og_url":"https:\/\/santamonica.lv\/et\/tervisele\/fenuulalaniin\/","og_site_name":"Santa Monica","article_publisher":"https:\/\/www.facebook.com\/klinikasantamonica","article_modified_time":"2025-03-05T20:45:36+00:00","og_image":[{"width":1296,"height":883,"url":"https:\/\/santamonica.lv\/wp-content\/uploads\/2024\/01\/phenylalanine.jpg","type":"image\/jpeg"}],"twitter_card":"summary_large_image","twitter_misc":{"Est. reading time":"1 minut"},"schema":{"@context":"https:\/\/schema.org","@graph":[{"@type":"WebPage","@id":"https:\/\/santamonica.lv\/et\/tervisele\/fenuulalaniin\/","url":"https:\/\/santamonica.lv\/et\/tervisele\/fenuulalaniin\/","name":"Fen\u00fc\u00fclalaniin - Santa Monica","isPartOf":{"@id":"https:\/\/santamonica.lv\/et\/#website"},"primaryImageOfPage":{"@id":"https:\/\/santamonica.lv\/et\/tervisele\/fenuulalaniin\/#primaryimage"},"image":{"@id":"https:\/\/santamonica.lv\/et\/tervisele\/fenuulalaniin\/#primaryimage"},"thumbnailUrl":"https:\/\/santamonica.lv\/wp-content\/uploads\/2024\/01\/phenylalanine.jpg","datePublished":"2025-03-01T21:57:41+00:00","dateModified":"2025-03-05T20:45:36+00:00","breadcrumb":{"@id":"https:\/\/santamonica.lv\/et\/tervisele\/fenuulalaniin\/#breadcrumb"},"inLanguage":"et","potentialAction":[{"@type":"ReadAction","target":["https:\/\/santamonica.lv\/et\/tervisele\/fenuulalaniin\/"]}]},{"@type":"ImageObject","inLanguage":"et","@id":"https:\/\/santamonica.lv\/et\/tervisele\/fenuulalaniin\/#primaryimage","url":"https:\/\/santamonica.lv\/wp-content\/uploads\/2024\/01\/phenylalanine.jpg","contentUrl":"https:\/\/santamonica.lv\/wp-content\/uploads\/2024\/01\/phenylalanine.jpg","width":1296,"height":883},{"@type":"BreadcrumbList","@id":"https:\/\/santamonica.lv\/et\/tervisele\/fenuulalaniin\/#breadcrumb","itemListElement":[{"@type":"ListItem","position":1,"name":"Home","item":"https:\/\/santamonica.lv\/et\/sakums\/"},{"@type":"ListItem","position":2,"name":"Tervisele","item":"https:\/\/santamonica.lv\/et\/tervisele\/"},{"@type":"ListItem","position":3,"name":"Fen\u00fc\u00fclalaniin"}]},{"@type":"WebSite","@id":"https:\/\/santamonica.lv\/et\/#website","url":"https:\/\/santamonica.lv\/et\/","name":"Santa Monica","description":"","potentialAction":[{"@type":"SearchAction","target":{"@type":"EntryPoint","urlTemplate":"https:\/\/santamonica.lv\/et\/?s={search_term_string}"},"query-input":{"@type":"PropertyValueSpecification","valueRequired":true,"valueName":"search_term_string"}}],"inLanguage":"et"}]}},"uagb_featured_image_src":{"full":["https:\/\/santamonica.lv\/wp-content\/uploads\/2024\/01\/phenylalanine.jpg",1296,883,false],"thumbnail":["https:\/\/santamonica.lv\/wp-content\/uploads\/2024\/01\/phenylalanine-150x150.jpg",150,150,true],"medium":["https:\/\/santamonica.lv\/wp-content\/uploads\/2024\/01\/phenylalanine-300x204.jpg",300,204,true],"medium_large":["https:\/\/santamonica.lv\/wp-content\/uploads\/2024\/01\/phenylalanine-768x523.jpg",768,523,true],"large":["https:\/\/santamonica.lv\/wp-content\/uploads\/2024\/01\/phenylalanine-1024x698.jpg",1024,698,true],"1536x1536":["https:\/\/santamonica.lv\/wp-content\/uploads\/2024\/01\/phenylalanine.jpg",1296,883,false],"2048x2048":["https:\/\/santamonica.lv\/wp-content\/uploads\/2024\/01\/phenylalanine.jpg",1296,883,false],"woocommerce_thumbnail":["https:\/\/santamonica.lv\/wp-content\/uploads\/2024\/01\/phenylalanine-300x300.jpg",300,300,true],"woocommerce_single":["https:\/\/santamonica.lv\/wp-content\/uploads\/2024\/01\/phenylalanine-600x409.jpg",600,409,true],"woocommerce_gallery_thumbnail":["https:\/\/santamonica.lv\/wp-content\/uploads\/2024\/01\/phenylalanine-100x100.jpg",100,100,true]},"uagb_author_info":{"display_name":"Aigars","author_link":"https:\/\/santamonica.lv\/et\/author\/aigars\/"},"uagb_comment_info":0,"uagb_excerpt":"Fen\u00fc\u00fclalaniin on inimkehas asendamatu aminohape. Seda v\u00f5etakse toitumise abil. Sellest moodustuvad meie kehas ens\u00fc\u00fcmid nagu insuliin, papaiin ja melaniin. See aminohape aitab eemaldada organismist ainevahetuse l\u00f5ppprodukte, parandades maksa ja neerude t\u00f6\u00f6d. Samuti parandab see k\u00f5hun\u00e4\u00e4rme sekretoorset funktsiooni. Fen\u00fc\u00fclalaniin on aromaatne aminohape, mis on osa valkudest ja esineb kehas ka vabal kujul. Sellest moodustub vajalik aine...","_links":{"self":[{"href":"https:\/\/santamonica.lv\/et\/wp-json\/wp\/v2\/pages\/3119","targetHints":{"allow":["GET"]}}],"collection":[{"href":"https:\/\/santamonica.lv\/et\/wp-json\/wp\/v2\/pages"}],"about":[{"href":"https:\/\/santamonica.lv\/et\/wp-json\/wp\/v2\/types\/page"}],"author":[{"embeddable":true,"href":"https:\/\/santamonica.lv\/et\/wp-json\/wp\/v2\/users\/3"}],"replies":[{"embeddable":true,"href":"https:\/\/santamonica.lv\/et\/wp-json\/wp\/v2\/comments?post=3119"}],"version-history":[{"count":1,"href":"https:\/\/santamonica.lv\/et\/wp-json\/wp\/v2\/pages\/3119\/revisions"}],"predecessor-version":[{"id":3120,"href":"https:\/\/santamonica.lv\/et\/wp-json\/wp\/v2\/pages\/3119\/revisions\/3120"}],"up":[{"embeddable":true,"href":"https:\/\/santamonica.lv\/et\/wp-json\/wp\/v2\/pages\/2090"}],"wp:featuredmedia":[{"embeddable":true,"href":"https:\/\/santamonica.lv\/et\/wp-json\/wp\/v2\/media\/2130"}],"wp:attachment":[{"href":"https:\/\/santamonica.lv\/et\/wp-json\/wp\/v2\/media?parent=3119"}],"curies":[{"name":"wp","href":"https:\/\/api.w.org\/{rel}","templated":true}]}}