{"id":3121,"date":"2025-03-02T00:03:16","date_gmt":"2025-03-01T22:03:16","guid":{"rendered":"https:\/\/santamonica.lv\/?page_id=3121"},"modified":"2025-03-05T22:45:33","modified_gmt":"2025-03-05T20:45:33","slug":"dikloroatsetaat","status":"publish","type":"page","link":"https:\/\/santamonica.lv\/et\/tervisele\/dikloroatsetaat\/","title":{"rendered":"Dikloroatsetaat"},"content":{"rendered":"\n<div class=\"wp-block-columns is-layout-flex wp-container-core-columns-is-layout-9d6595d7 wp-block-columns-is-layout-flex\">\n<div class=\"wp-block-column is-layout-flow wp-block-column-is-layout-flow\" style=\"flex-basis:33.33%\">\n<figure class=\"wp-block-image size-full\"><img loading=\"lazy\" decoding=\"async\" width=\"1908\" height=\"1146\" src=\"https:\/\/santamonica.lv\/wp-content\/uploads\/2024\/01\/dihloroacetats.jpg\" alt=\"\" class=\"wp-image-1053\" srcset=\"https:\/\/santamonica.lv\/wp-content\/uploads\/2024\/01\/dihloroacetats.jpg 1908w, https:\/\/santamonica.lv\/wp-content\/uploads\/2024\/01\/dihloroacetats-300x180.jpg 300w, https:\/\/santamonica.lv\/wp-content\/uploads\/2024\/01\/dihloroacetats-1024x615.jpg 1024w, https:\/\/santamonica.lv\/wp-content\/uploads\/2024\/01\/dihloroacetats-768x461.jpg 768w, https:\/\/santamonica.lv\/wp-content\/uploads\/2024\/01\/dihloroacetats-1536x923.jpg 1536w, https:\/\/santamonica.lv\/wp-content\/uploads\/2024\/01\/dihloroacetats-600x360.jpg 600w\" sizes=\"auto, (max-width: 1908px) 100vw, 1908px\" \/><\/figure>\n<\/div>\n\n\n\n<div class=\"wp-block-column is-layout-flow wp-block-column-is-layout-flow\" style=\"flex-basis:66.66%\">\n<p>Algusest peale kasutati ravimit nimega dikloroatsetaat suhteliselt haruldase ainevahetush\u00e4ire (laktatsidoosi) raviks lastel. Seej\u00e4rel sai Kanadast p\u00e4rit uurimisr\u00fchm teada, et seda ainet saab kasutada ka v\u00e4hiravis. DCA toimib peamiselt energiaaktivaatorina rakkude mitokondrites, kuid kasvajakoes on see metabolism h\u00e4iritud.<\/p>\n<\/div>\n<\/div>\n\n\n\n<p><strong>Dikloroatsetaati kasutatakse v\u00e4hi raviks.<\/strong>&nbsp;Teadaolevalt on kasvajarakkudes h\u00e4iritud normaalne energiavahetus, mida elusorganism saab toitainetest hapniku juuresolekul. Kasvajarakud on \u00f5ppinud kasutama suhkrut hapniku puudumisel. Selle tulemusena kaotavad nad suure osa keha olemasolevast energiast ja v\u00e4hk k\u00e4ivitab primitiivse elluj\u00e4\u00e4mismehhanismi. DCA suudab v\u00e4hemalt osaliselt taastada normaalse mitokondriaalse funktsiooni. Selle tulemusena toimub taas normaalne loomulik rakkude surm \u2013 apoptoos. DCA-l on ka v\u00e4hirakkudele taastav toime ehk, nagu eksperdid \u00fctlevad, taasdiferentseeriv toime. Meditsiinis v\u00f5imaldab see kombineerida DCA-d teiste sarnaselt toimivate ravimeetoditega, nagu madala s\u00fcsivesikute sisaldusega dieet, terapeutiline h\u00fcpertermia ja teised.<\/p>\n\n\n\n<p>Dikloroatsetaadi v\u00e4hivastaseid omadusi on kirjeldatud paljudes kirjandusallikates, kuid selle kliinilist efektiivsust kasvajate ravis ei ole kinnitatud, kuna ulatuslikud kliinilised uuringud ei ole lubatud. Selle p\u00f5hjenduseks on toodud ravimite soovimatud k\u00f5rvalm\u00f5jud, nagu neurotoksilisus ja v\u00f5imalik kantserogeenne toime. Vaatamata \u00fclaltoodud faktidele on DCA kasutamist viimastel aastatel siiski laiemalt kirjeldatud, kuna tuntakse huvi selle ravimi v\u00f5ime vastu m\u00f5jutada v\u00e4hirakkude metabolismi.<\/p>\n\n\n\n<p>DCA toimemehhanismi anal\u00fc\u00fcs aitab paremini m\u00f5ista ja hinnata, miks see on v\u00e4hirakkude vastu nii selektiivselt t\u00f5hus. Edukaks on tunnistatud ka DCA kasutamist koos traditsiooniliste v\u00e4hiravimeetoditega \u2013 keemiaravi, kiiritusravi ja koos teiste ravimitega, sh bioloogiliste ainetega. DCA-d soovitatakse kasutada koos teiste bioloogiliselt aktiivsete ainetega, et soodustada selle biosaadavust ja kudedesse imendumist. \u00dclalkirjeldatud tulemused DCA t\u00f5hususe kohta julgustavad uusi uuringuid suuremas ulatuses. DCA-l on teadaolevalt v\u00f5ime toimida ning kasvaja t\u00fcvirakke maha suruda ja tappa, et peatada kasvaja kasvu ja rakkude proliferatsiooni. Nende uuringute t\u00f5ttu kasutatakse DCA-d j\u00e4tkuvalt v\u00e4hiravis.<\/p>\n\n\n\n<p>Eespool kirjeldatud DCA aktiivsus viitab otseselt asjaolule, et see \u00fchend on v\u00f5imeline muutma kasvajarakkude metaboolseid omadusi. Vaatamata hapniku olemasolule on v\u00e4hirakud \u00f5ppinud ellu j\u00e4\u00e4ma, saades energiat mittet\u00e4ielikust gl\u00fckol\u00fc\u00fcsist, mis on tingitud mitokondriaalse aktiivsuse v\u00e4henemisest. Teadlased nimetavad seda Warburgi efektiks. Selle tulemusena suureneb piimhappeproduktide (laktaadi) moodustumine. Laktaatide tekkest tingitud gl\u00fckol\u00fc\u00fcsi liigne aktiivsus kasvaja l\u00e4heduses p\u00f5hjustab metaboolset atsidoosi (happereaktsiooni mikrokeskkond). Teisest k\u00fcljest soodustavad \u00fcmbritsevates kudedes olevad laktaadid v\u00e4hirakkude vohamist ja p\u00e4rsivad kasvajarakkude apoptoosi mehhanisme. Selle m\u00e4\u00e4ravad gl\u00fckol\u00fc\u00fcsi protsessis osalevad ens\u00fc\u00fcmid, mis suudavad seda alla suruda ja p\u00e4rssida. DCA toimemehhanism p\u00f5hineb ainevahetuse muutmisel kasvajarakkudes \u2013 p\u00fcruvaatdeh\u00fcdrogenaasi kinaasi aktiivsust alla surudes muundub suurenenud gl\u00fckol\u00fc\u00fcsil p\u00f5hinev metabolism oks\u00fcdatiivseks fosfor\u00fc\u00fclimiseks. PDH aktiveerimine soodustab p\u00fcruvaadi oks\u00fcdatsiooni mitokondrites, p\u00f5hjustades seel\u00e4bi v\u00e4hirakkudes metaboolseid h\u00e4ireid. Selle tulemusena tekib kasvaja kudedes v\u00e4ljendunud energiapuudus. Lisaks v\u00e4hendab laktaadi tootmise v\u00e4henemine atsidoosi v\u00e4hikoes, p\u00e4rssides seel\u00e4bi kasvaja kasvu ja levikut. P\u00fcruvaadi sissevool mitokondritesse soodustab ts\u00fctokroom C ja teiste apoptoosi soodustavate tegurite vabanemist, mis v\u00e4hendavad oluliselt v\u00e4hirakkude elluj\u00e4\u00e4mist.<\/p>\n\n\n\n<p>Kliiniliseks kasutamiseks on farmaatsiaettev\u00f5tted v\u00e4lja t\u00f6\u00f6tanud DCA preparaadid nii suukaudseks kui ka parenteraalseks kasutamiseks. Soovitatavad annused on 10\u201350 mg\/kg p\u00e4evas. DCA kasutamisel puuduvad viited selle p\u00f5hjustatud toksiliste k\u00f5rvalm\u00f5jude kohta, mis p\u00f5hjustavad v\u00e4ljendunud muutusi vere koostises, maksa- ja neerun\u00e4itajates ning kardiotoksilisuses. See t\u00e4hendab, et DCA kasutamine patsientidele on ohutu. Seedetrakti h\u00e4ired on harvad. K\u00f5ige sagedamini piirab selle preparaadi kasutamist kliinilistes uuringutes t\u00e4heldatud perifeerne pol\u00fcneuropaatia. DCA-st p\u00f5hjustatud pol\u00fcneuropaatia v\u00e4hendamiseks on soovitatav paralleelselt manustada antioks\u00fcdante, samuti kohandada manustatavat DCA annust individuaalselt, arvutades seda kehakaalu kilogrammi kohta. Seda toimet v\u00e4hendab ka preparaadi parenteraalne kasutamine.<\/p>\n\n\n\n<p>Levinud strateegia v\u00e4hiravis on kombineerida erinevaid ravimeid, et saavutada v\u00f5imalikult suur efekt. See v\u00f5imaldab suurendada efektiivsust, v\u00e4hendades kogu manustatavat annust, samuti v\u00e4ltida toksilist toimet. DCA-d kombineeritakse sageli teiste keemiaravis kasutatavate ravimitega. Samuti p\u00e4rsivad nad kasvajarakkude resistentsuse teket keemiaravi ravimite suhtes. N\u00e4iteks DCA-d kombineeritakse paklitakseeliga kopsuv\u00e4hi raviks. Seda kasutatakse sageli ka koos doksorubitsiini ja tsisplatiiniga. Selliseid kombinatsioone kasutatakse p\u00f5iev\u00e4hi ja hepatotsellulaarse kartsinoomi ravis, kui on tekkinud resistentsus.<\/p>\n\n\n\n<p>Keskmine suukaudne annus on 15 mg\/kg p\u00e4evas. P\u00e4rast kahen\u00e4dalast kasutamist tehakse n\u00e4dalane paus ja seej\u00e4rel v\u00f5ib i\/v manustamist alustada annusega 30 mg\/kg kaks korda n\u00e4dalas prep lahjendades.<\/p>\n\n\n\n<p><strong>Kasutatud kirjandus:<\/strong><br><a href=\"https:\/\/www.ncbi.nlm.nih.gov\/pmc\/articles\/PMC6885244\/\" target=\"_blank\" rel=\"noreferrer noopener\">https:\/\/www.ncbi.nlm.nih.gov\/pmc\/articles\/PMC6885244\/<\/a><\/p>\n","protected":false},"excerpt":{"rendered":"<p>Algusest peale kasutati ravimit nimega dikloroatsetaat suhteliselt haruldase ainevahetush\u00e4ire (laktatsidoosi) raviks lastel. Seej\u00e4rel sai Kanadast p\u00e4rit uurimisr\u00fchm teada, et seda ainet saab kasutada ka v\u00e4hiravis. DCA toimib peamiselt energiaaktivaatorina rakkude mitokondrites, kuid kasvajakoes on see metabolism h\u00e4iritud. Dikloroatsetaati kasutatakse v\u00e4hi raviks.&nbsp;Teadaolevalt on kasvajarakkudes h\u00e4iritud normaalne energiavahetus, mida elusorganism saab toitainetest hapniku juuresolekul. Kasvajarakud on \u00f5ppinud&#8230;<\/p>\n","protected":false},"author":3,"featured_media":2163,"parent":2090,"menu_order":0,"comment_status":"closed","ping_status":"closed","template":"","meta":{"_acf_changed":false,"_uag_custom_page_level_css":"","_kadence_starter_templates_imported_post":false,"_kad_post_transparent":"","_kad_post_title":"","_kad_post_layout":"","_kad_post_sidebar_id":"","_kad_post_content_style":"","_kad_post_vertical_padding":"","_kad_post_feature":"","_kad_post_feature_position":"","_kad_post_header":false,"_kad_post_footer":false,"footnotes":""},"class_list":["post-3121","page","type-page","status-publish","has-post-thumbnail","hentry"],"acf":[],"yoast_head":"<!-- This site is optimized with the Yoast SEO plugin v26.4 - https:\/\/yoast.com\/wordpress\/plugins\/seo\/ -->\n<title>Dikloroatsetaat - Santa Monica<\/title>\n<meta name=\"robots\" content=\"index, follow, max-snippet:-1, max-image-preview:large, max-video-preview:-1\" \/>\n<link rel=\"canonical\" href=\"https:\/\/santamonica.lv\/et\/tervisele\/dikloroatsetaat\/\" \/>\n<meta property=\"og:locale\" content=\"et_EE\" \/>\n<meta property=\"og:type\" content=\"article\" \/>\n<meta property=\"og:title\" content=\"Dikloroatsetaat - Santa Monica\" \/>\n<meta property=\"og:description\" content=\"Algusest peale kasutati ravimit nimega dikloroatsetaat suhteliselt haruldase ainevahetush\u00e4ire (laktatsidoosi) raviks lastel. Seej\u00e4rel sai Kanadast p\u00e4rit uurimisr\u00fchm teada, et seda ainet saab kasutada ka v\u00e4hiravis. DCA toimib peamiselt energiaaktivaatorina rakkude mitokondrites, kuid kasvajakoes on see metabolism h\u00e4iritud. Dikloroatsetaati kasutatakse v\u00e4hi raviks.&nbsp;Teadaolevalt on kasvajarakkudes h\u00e4iritud normaalne energiavahetus, mida elusorganism saab toitainetest hapniku juuresolekul. Kasvajarakud on \u00f5ppinud...\" \/>\n<meta property=\"og:url\" content=\"https:\/\/santamonica.lv\/et\/tervisele\/dikloroatsetaat\/\" \/>\n<meta property=\"og:site_name\" content=\"Santa Monica\" \/>\n<meta property=\"article:publisher\" content=\"https:\/\/www.facebook.com\/klinikasantamonica\" \/>\n<meta property=\"article:modified_time\" content=\"2025-03-05T20:45:33+00:00\" \/>\n<meta property=\"og:image\" content=\"https:\/\/santamonica.lv\/wp-content\/uploads\/2024\/01\/dihloroacetats.jpg\" \/>\n\t<meta property=\"og:image:width\" content=\"1908\" \/>\n\t<meta property=\"og:image:height\" content=\"1146\" \/>\n\t<meta property=\"og:image:type\" content=\"image\/jpeg\" \/>\n<meta name=\"twitter:card\" content=\"summary_large_image\" \/>\n<meta name=\"twitter:label1\" content=\"Est. reading time\" \/>\n\t<meta name=\"twitter:data1\" content=\"4 minutit\" \/>\n<script type=\"application\/ld+json\" class=\"yoast-schema-graph\">{\"@context\":\"https:\/\/schema.org\",\"@graph\":[{\"@type\":\"WebPage\",\"@id\":\"https:\/\/santamonica.lv\/et\/tervisele\/dikloroatsetaat\/\",\"url\":\"https:\/\/santamonica.lv\/et\/tervisele\/dikloroatsetaat\/\",\"name\":\"Dikloroatsetaat - Santa Monica\",\"isPartOf\":{\"@id\":\"https:\/\/santamonica.lv\/et\/#website\"},\"primaryImageOfPage\":{\"@id\":\"https:\/\/santamonica.lv\/et\/tervisele\/dikloroatsetaat\/#primaryimage\"},\"image\":{\"@id\":\"https:\/\/santamonica.lv\/et\/tervisele\/dikloroatsetaat\/#primaryimage\"},\"thumbnailUrl\":\"https:\/\/santamonica.lv\/wp-content\/uploads\/2024\/01\/dihloroacetats.jpg\",\"datePublished\":\"2025-03-01T22:03:16+00:00\",\"dateModified\":\"2025-03-05T20:45:33+00:00\",\"breadcrumb\":{\"@id\":\"https:\/\/santamonica.lv\/et\/tervisele\/dikloroatsetaat\/#breadcrumb\"},\"inLanguage\":\"et\",\"potentialAction\":[{\"@type\":\"ReadAction\",\"target\":[\"https:\/\/santamonica.lv\/et\/tervisele\/dikloroatsetaat\/\"]}]},{\"@type\":\"ImageObject\",\"inLanguage\":\"et\",\"@id\":\"https:\/\/santamonica.lv\/et\/tervisele\/dikloroatsetaat\/#primaryimage\",\"url\":\"https:\/\/santamonica.lv\/wp-content\/uploads\/2024\/01\/dihloroacetats.jpg\",\"contentUrl\":\"https:\/\/santamonica.lv\/wp-content\/uploads\/2024\/01\/dihloroacetats.jpg\",\"width\":1908,\"height\":1146},{\"@type\":\"BreadcrumbList\",\"@id\":\"https:\/\/santamonica.lv\/et\/tervisele\/dikloroatsetaat\/#breadcrumb\",\"itemListElement\":[{\"@type\":\"ListItem\",\"position\":1,\"name\":\"Home\",\"item\":\"https:\/\/santamonica.lv\/et\/sakums\/\"},{\"@type\":\"ListItem\",\"position\":2,\"name\":\"Tervisele\",\"item\":\"https:\/\/santamonica.lv\/et\/tervisele\/\"},{\"@type\":\"ListItem\",\"position\":3,\"name\":\"Dikloroatsetaat\"}]},{\"@type\":\"WebSite\",\"@id\":\"https:\/\/santamonica.lv\/et\/#website\",\"url\":\"https:\/\/santamonica.lv\/et\/\",\"name\":\"Santa Monica\",\"description\":\"\",\"potentialAction\":[{\"@type\":\"SearchAction\",\"target\":{\"@type\":\"EntryPoint\",\"urlTemplate\":\"https:\/\/santamonica.lv\/et\/?s={search_term_string}\"},\"query-input\":{\"@type\":\"PropertyValueSpecification\",\"valueRequired\":true,\"valueName\":\"search_term_string\"}}],\"inLanguage\":\"et\"}]}<\/script>\n<!-- \/ Yoast SEO plugin. -->","yoast_head_json":{"title":"Dikloroatsetaat - Santa Monica","robots":{"index":"index","follow":"follow","max-snippet":"max-snippet:-1","max-image-preview":"max-image-preview:large","max-video-preview":"max-video-preview:-1"},"canonical":"https:\/\/santamonica.lv\/et\/tervisele\/dikloroatsetaat\/","og_locale":"et_EE","og_type":"article","og_title":"Dikloroatsetaat - Santa Monica","og_description":"Algusest peale kasutati ravimit nimega dikloroatsetaat suhteliselt haruldase ainevahetush\u00e4ire (laktatsidoosi) raviks lastel. Seej\u00e4rel sai Kanadast p\u00e4rit uurimisr\u00fchm teada, et seda ainet saab kasutada ka v\u00e4hiravis. DCA toimib peamiselt energiaaktivaatorina rakkude mitokondrites, kuid kasvajakoes on see metabolism h\u00e4iritud. Dikloroatsetaati kasutatakse v\u00e4hi raviks.&nbsp;Teadaolevalt on kasvajarakkudes h\u00e4iritud normaalne energiavahetus, mida elusorganism saab toitainetest hapniku juuresolekul. Kasvajarakud on \u00f5ppinud...","og_url":"https:\/\/santamonica.lv\/et\/tervisele\/dikloroatsetaat\/","og_site_name":"Santa Monica","article_publisher":"https:\/\/www.facebook.com\/klinikasantamonica","article_modified_time":"2025-03-05T20:45:33+00:00","og_image":[{"width":1908,"height":1146,"url":"https:\/\/santamonica.lv\/wp-content\/uploads\/2024\/01\/dihloroacetats.jpg","type":"image\/jpeg"}],"twitter_card":"summary_large_image","twitter_misc":{"Est. reading time":"4 minutit"},"schema":{"@context":"https:\/\/schema.org","@graph":[{"@type":"WebPage","@id":"https:\/\/santamonica.lv\/et\/tervisele\/dikloroatsetaat\/","url":"https:\/\/santamonica.lv\/et\/tervisele\/dikloroatsetaat\/","name":"Dikloroatsetaat - Santa Monica","isPartOf":{"@id":"https:\/\/santamonica.lv\/et\/#website"},"primaryImageOfPage":{"@id":"https:\/\/santamonica.lv\/et\/tervisele\/dikloroatsetaat\/#primaryimage"},"image":{"@id":"https:\/\/santamonica.lv\/et\/tervisele\/dikloroatsetaat\/#primaryimage"},"thumbnailUrl":"https:\/\/santamonica.lv\/wp-content\/uploads\/2024\/01\/dihloroacetats.jpg","datePublished":"2025-03-01T22:03:16+00:00","dateModified":"2025-03-05T20:45:33+00:00","breadcrumb":{"@id":"https:\/\/santamonica.lv\/et\/tervisele\/dikloroatsetaat\/#breadcrumb"},"inLanguage":"et","potentialAction":[{"@type":"ReadAction","target":["https:\/\/santamonica.lv\/et\/tervisele\/dikloroatsetaat\/"]}]},{"@type":"ImageObject","inLanguage":"et","@id":"https:\/\/santamonica.lv\/et\/tervisele\/dikloroatsetaat\/#primaryimage","url":"https:\/\/santamonica.lv\/wp-content\/uploads\/2024\/01\/dihloroacetats.jpg","contentUrl":"https:\/\/santamonica.lv\/wp-content\/uploads\/2024\/01\/dihloroacetats.jpg","width":1908,"height":1146},{"@type":"BreadcrumbList","@id":"https:\/\/santamonica.lv\/et\/tervisele\/dikloroatsetaat\/#breadcrumb","itemListElement":[{"@type":"ListItem","position":1,"name":"Home","item":"https:\/\/santamonica.lv\/et\/sakums\/"},{"@type":"ListItem","position":2,"name":"Tervisele","item":"https:\/\/santamonica.lv\/et\/tervisele\/"},{"@type":"ListItem","position":3,"name":"Dikloroatsetaat"}]},{"@type":"WebSite","@id":"https:\/\/santamonica.lv\/et\/#website","url":"https:\/\/santamonica.lv\/et\/","name":"Santa Monica","description":"","potentialAction":[{"@type":"SearchAction","target":{"@type":"EntryPoint","urlTemplate":"https:\/\/santamonica.lv\/et\/?s={search_term_string}"},"query-input":{"@type":"PropertyValueSpecification","valueRequired":true,"valueName":"search_term_string"}}],"inLanguage":"et"}]}},"uagb_featured_image_src":{"full":["https:\/\/santamonica.lv\/wp-content\/uploads\/2024\/01\/dihloroacetats.jpg",1908,1146,false],"thumbnail":["https:\/\/santamonica.lv\/wp-content\/uploads\/2024\/01\/dihloroacetats-150x150.jpg",150,150,true],"medium":["https:\/\/santamonica.lv\/wp-content\/uploads\/2024\/01\/dihloroacetats-300x180.jpg",300,180,true],"medium_large":["https:\/\/santamonica.lv\/wp-content\/uploads\/2024\/01\/dihloroacetats-768x461.jpg",768,461,true],"large":["https:\/\/santamonica.lv\/wp-content\/uploads\/2024\/01\/dihloroacetats-1024x615.jpg",1024,615,true],"1536x1536":["https:\/\/santamonica.lv\/wp-content\/uploads\/2024\/01\/dihloroacetats-1536x923.jpg",1536,923,true],"2048x2048":["https:\/\/santamonica.lv\/wp-content\/uploads\/2024\/01\/dihloroacetats.jpg",1908,1146,false],"woocommerce_thumbnail":["https:\/\/santamonica.lv\/wp-content\/uploads\/2024\/01\/dihloroacetats-300x300.jpg",300,300,true],"woocommerce_single":["https:\/\/santamonica.lv\/wp-content\/uploads\/2024\/01\/dihloroacetats-600x360.jpg",600,360,true],"woocommerce_gallery_thumbnail":["https:\/\/santamonica.lv\/wp-content\/uploads\/2024\/01\/dihloroacetats-100x100.jpg",100,100,true]},"uagb_author_info":{"display_name":"Aigars","author_link":"https:\/\/santamonica.lv\/et\/author\/aigars\/"},"uagb_comment_info":0,"uagb_excerpt":"Algusest peale kasutati ravimit nimega dikloroatsetaat suhteliselt haruldase ainevahetush\u00e4ire (laktatsidoosi) raviks lastel. Seej\u00e4rel sai Kanadast p\u00e4rit uurimisr\u00fchm teada, et seda ainet saab kasutada ka v\u00e4hiravis. DCA toimib peamiselt energiaaktivaatorina rakkude mitokondrites, kuid kasvajakoes on see metabolism h\u00e4iritud. Dikloroatsetaati kasutatakse v\u00e4hi raviks.&nbsp;Teadaolevalt on kasvajarakkudes h\u00e4iritud normaalne energiavahetus, mida elusorganism saab toitainetest hapniku juuresolekul. Kasvajarakud on \u00f5ppinud...","_links":{"self":[{"href":"https:\/\/santamonica.lv\/et\/wp-json\/wp\/v2\/pages\/3121","targetHints":{"allow":["GET"]}}],"collection":[{"href":"https:\/\/santamonica.lv\/et\/wp-json\/wp\/v2\/pages"}],"about":[{"href":"https:\/\/santamonica.lv\/et\/wp-json\/wp\/v2\/types\/page"}],"author":[{"embeddable":true,"href":"https:\/\/santamonica.lv\/et\/wp-json\/wp\/v2\/users\/3"}],"replies":[{"embeddable":true,"href":"https:\/\/santamonica.lv\/et\/wp-json\/wp\/v2\/comments?post=3121"}],"version-history":[{"count":1,"href":"https:\/\/santamonica.lv\/et\/wp-json\/wp\/v2\/pages\/3121\/revisions"}],"predecessor-version":[{"id":3122,"href":"https:\/\/santamonica.lv\/et\/wp-json\/wp\/v2\/pages\/3121\/revisions\/3122"}],"up":[{"embeddable":true,"href":"https:\/\/santamonica.lv\/et\/wp-json\/wp\/v2\/pages\/2090"}],"wp:featuredmedia":[{"embeddable":true,"href":"https:\/\/santamonica.lv\/et\/wp-json\/wp\/v2\/media\/2163"}],"wp:attachment":[{"href":"https:\/\/santamonica.lv\/et\/wp-json\/wp\/v2\/media?parent=3121"}],"curies":[{"name":"wp","href":"https:\/\/api.w.org\/{rel}","templated":true}]}}