{"id":3123,"date":"2025-03-02T00:09:20","date_gmt":"2025-03-01T22:09:20","guid":{"rendered":"https:\/\/santamonica.lv\/?page_id=3123"},"modified":"2025-03-05T22:45:30","modified_gmt":"2025-03-05T20:45:30","slug":"c-vitamiin","status":"publish","type":"page","link":"https:\/\/santamonica.lv\/et\/tervisele\/c-vitamiin\/","title":{"rendered":"C-vitamiin"},"content":{"rendered":"\n<div class=\"wp-block-columns is-layout-flex wp-container-core-columns-is-layout-9d6595d7 wp-block-columns-is-layout-flex\">\n<div class=\"wp-block-column is-layout-flow wp-block-column-is-layout-flow\" style=\"flex-basis:33.33%\">\n<figure class=\"wp-block-image size-full\"><img loading=\"lazy\" decoding=\"async\" width=\"1024\" height=\"683\" src=\"https:\/\/santamonica.lv\/wp-content\/uploads\/2024\/01\/vitamina-c-terapija-veza-arstesanai.jpg\" alt=\"\" class=\"wp-image-1039\" srcset=\"https:\/\/santamonica.lv\/wp-content\/uploads\/2024\/01\/vitamina-c-terapija-veza-arstesanai.jpg 1024w, https:\/\/santamonica.lv\/wp-content\/uploads\/2024\/01\/vitamina-c-terapija-veza-arstesanai-600x400.jpg 600w, https:\/\/santamonica.lv\/wp-content\/uploads\/2024\/01\/vitamina-c-terapija-veza-arstesanai-300x200.jpg 300w, https:\/\/santamonica.lv\/wp-content\/uploads\/2024\/01\/vitamina-c-terapija-veza-arstesanai-768x512.jpg 768w\" sizes=\"auto, (max-width: 1024px) 100vw, 1024px\" \/><\/figure>\n<\/div>\n\n\n\n<div class=\"wp-block-column is-layout-flow wp-block-column-is-layout-flow\" style=\"flex-basis:66.66%\">\n<p><strong>T\u00f5hus vahend erinevate haiguste ravis.<\/strong>\u00a0C-vitamiin toimib nii viiruste vastu kui ka seda saab kasutada bakteriaalsete infektsioonide korral. See t\u00f6\u00f6tab korraga erinevates suundades. Aktiveerides looduslike tapjarakkude aktiivsust, h\u00e4vitatakse patogeensed mikroorganismid. Sel ajal aktiveeritakse ka makrofaagid, mis omakorda t\u00f6\u00f6tavad juba teisel kaitserindel. C-vitamiin stimuleerib ka immuuns\u00fcsteemi rakke, mis toodavad mikroorganismide h\u00e4vitamiseks vajalikku peroksiidi.<\/p>\n<\/div>\n<\/div>\n\n\n\n<p>C-vitamiini toodetakse nii askorbiinhappe kui ka askorbaatide kujul (kaltsium- ja naatriumaskorbaat \u2013 C-vitamiini happevaba vorm).<\/p>\n\n\n\n<p>C-vitamiin imendub seedetraktist suhteliselt halvasti, seet\u00f5ttu on selle biosaadavus kudedes madal. C-vitamiini liposomaalne vorm imendub veidi paremini. Praegu on farmaatsiaettev\u00f5tted selle toote v\u00e4lja t\u00f6\u00f6tanud parenteraalseks kasutamiseks intravenoossete infusioonide kujul. K\u00f5hulahtisust t\u00e4heldatakse sageli suukaudsel C-vitamiini suurtes annustes v\u00f5tmisel ning ettevaatlik tuleb olla oksalaatide metabolismi h\u00e4iretega patsientidel. Ravimi parenteraalsel manustamisel t\u00e4heldasin k\u00f5rvaltoimeid palju harvemini.<\/p>\n\n\n\n<p><strong>C-vitamiini on integratiivses onkoloogias<\/strong>&nbsp;laialdaselt kasutatud alates 20. sajandi 40. aastatest.&nbsp;<strong>Intravenoosselt kasutatakse nii suuri kui ka v\u00e4iksemaid doose \u2013 kuni 5 grammi p\u00e4evas ning iga\u00fchel neist on organismile oma positiivne m\u00f5ju.<\/strong><\/p>\n\n\n\n<p><strong>Integreerivad onkoloogid m\u00e4\u00e4ravad sageli intravenoosselt C-vitamiini enne teiste bioloogiliste ravimite manustamist<\/strong>&nbsp;(nt enne IV peroksiidi infusiooni) ja kombinatsioonis paljude teiste ravimitega.<\/p>\n\n\n\n<p><strong>C-vitamiinil on ka v\u00e4ljendunud p\u00f5letikuvastane toime<\/strong>, mist\u00f5ttu kasutatakse seda paljude krooniliste p\u00f5letikuliste haiguste ravis. Soovitatav on lisada seda krooniliste&nbsp;<strong>infektsioonide, tuberkuloosi, hepatiidi, liigesehaiguste jne patsientide ravisse<\/strong>.<\/p>\n\n\n\n<p>Uuringuandmed n\u00e4itavad, et p\u00f5letikulised markerid (CRO) v\u00e4henevad p\u00e4rast infusioone kuni 75%. Onkoloogias kasutatakse seda ravimit, kuna see aktiveerib organismis geeni, mis p\u00e4rsib kasvaja kasvu. C-vitamiin p\u00e4rsib ka neoangiogeneesi, mille tulemusena kasvajarakud ei saa verest piisavalt toitaineid. K\u00fcsimus, mida teha selle ravimi manustamisega keemiaravi ajal, on sageli ebaselge. Varasemad uuringud ja nende tulemused kinnitavad, et C-vitamiin on kasulik nii enne keemiaravi, selle ajal kui ka p\u00e4rast seda. Sageli isegi&nbsp;<strong>v\u00f5imendab see keemiaravi ravimite toimet ja suurendab nende t\u00f5husust.<\/strong><\/p>\n\n\n\n<p>2012. aastal viidi l\u00e4bi ulatuslik uuring, mille tulemused kinnitavad, et neil patsientidel, kes said keemiaravi ja C-vitamiini 2 korda n\u00e4dalas, esinesid palju harvemini k\u00f5rvaln\u00e4hud nagu v\u00e4simus, valud, iiveldus ja oksendamine, unetus ja k\u00f5hukinnisus. Paranes ka s\u00f6\u00f6giisu, emotsionaalne seisund ja kognitiivne funktsioon.<\/p>\n\n\n\n<p><strong>C-vitamiini tuleks kasutada neerufunktsiooni ja soolade j\u00e4lgimiseks.<\/strong>&nbsp;Patsiendid, kes saavad suuri C-vitamiini annuseid, vajavad infusioonip\u00e4eval ka vere gl\u00fckoosisisaldust.<\/p>\n\n\n\n<p><strong>Santa Monica pakub erinevate annustega C-vitamiini viaale \u2013 5g, 7,5g, 15g, 25g ja 50g.<\/strong>&nbsp;Infusioone soovitatakse teha 3-5 korda n\u00e4dalas, olenevalt ravimi annusest, lahjendades seda steriilse naatriumkloriidi lahusega. Eelistatud ravikuur on 8 n\u00e4dalat.<\/p>\n","protected":false},"excerpt":{"rendered":"<p>T\u00f5hus vahend erinevate haiguste ravis.\u00a0C-vitamiin toimib nii viiruste vastu kui ka seda saab kasutada bakteriaalsete infektsioonide korral. See t\u00f6\u00f6tab korraga erinevates suundades. Aktiveerides looduslike tapjarakkude aktiivsust, h\u00e4vitatakse patogeensed mikroorganismid. Sel ajal aktiveeritakse ka makrofaagid, mis omakorda t\u00f6\u00f6tavad juba teisel kaitserindel. C-vitamiin stimuleerib ka immuuns\u00fcsteemi rakke, mis toodavad mikroorganismide h\u00e4vitamiseks vajalikku peroksiidi. C-vitamiini toodetakse nii askorbiinhappe&#8230;<\/p>\n","protected":false},"author":3,"featured_media":2157,"parent":2090,"menu_order":0,"comment_status":"closed","ping_status":"closed","template":"","meta":{"_acf_changed":false,"_uag_custom_page_level_css":"","_kadence_starter_templates_imported_post":false,"_kad_post_transparent":"","_kad_post_title":"","_kad_post_layout":"","_kad_post_sidebar_id":"","_kad_post_content_style":"","_kad_post_vertical_padding":"","_kad_post_feature":"","_kad_post_feature_position":"","_kad_post_header":false,"_kad_post_footer":false,"footnotes":""},"class_list":["post-3123","page","type-page","status-publish","has-post-thumbnail","hentry"],"acf":[],"yoast_head":"<!-- This site is optimized with the Yoast SEO plugin v26.4 - https:\/\/yoast.com\/wordpress\/plugins\/seo\/ -->\n<title>C-vitamiin - Santa Monica<\/title>\n<meta name=\"robots\" content=\"index, follow, max-snippet:-1, max-image-preview:large, max-video-preview:-1\" \/>\n<link rel=\"canonical\" href=\"https:\/\/santamonica.lv\/et\/tervisele\/c-vitamiin\/\" \/>\n<meta property=\"og:locale\" content=\"et_EE\" \/>\n<meta property=\"og:type\" content=\"article\" \/>\n<meta property=\"og:title\" content=\"C-vitamiin - Santa Monica\" \/>\n<meta property=\"og:description\" content=\"T\u00f5hus vahend erinevate haiguste ravis.\u00a0C-vitamiin toimib nii viiruste vastu kui ka seda saab kasutada bakteriaalsete infektsioonide korral. See t\u00f6\u00f6tab korraga erinevates suundades. Aktiveerides looduslike tapjarakkude aktiivsust, h\u00e4vitatakse patogeensed mikroorganismid. Sel ajal aktiveeritakse ka makrofaagid, mis omakorda t\u00f6\u00f6tavad juba teisel kaitserindel. C-vitamiin stimuleerib ka immuuns\u00fcsteemi rakke, mis toodavad mikroorganismide h\u00e4vitamiseks vajalikku peroksiidi. C-vitamiini toodetakse nii askorbiinhappe...\" \/>\n<meta property=\"og:url\" content=\"https:\/\/santamonica.lv\/et\/tervisele\/c-vitamiin\/\" \/>\n<meta property=\"og:site_name\" content=\"Santa Monica\" \/>\n<meta property=\"article:publisher\" content=\"https:\/\/www.facebook.com\/klinikasantamonica\" \/>\n<meta property=\"article:modified_time\" content=\"2025-03-05T20:45:30+00:00\" \/>\n<meta property=\"og:image\" content=\"https:\/\/santamonica.lv\/wp-content\/uploads\/2024\/01\/vitamina-c-terapija-veza-arstesanai.jpg\" \/>\n\t<meta property=\"og:image:width\" content=\"1024\" \/>\n\t<meta property=\"og:image:height\" content=\"683\" \/>\n\t<meta property=\"og:image:type\" content=\"image\/jpeg\" \/>\n<meta name=\"twitter:card\" content=\"summary_large_image\" \/>\n<meta name=\"twitter:label1\" content=\"Est. reading time\" \/>\n\t<meta name=\"twitter:data1\" content=\"2 minutit\" \/>\n<script type=\"application\/ld+json\" class=\"yoast-schema-graph\">{\"@context\":\"https:\/\/schema.org\",\"@graph\":[{\"@type\":\"WebPage\",\"@id\":\"https:\/\/santamonica.lv\/et\/tervisele\/c-vitamiin\/\",\"url\":\"https:\/\/santamonica.lv\/et\/tervisele\/c-vitamiin\/\",\"name\":\"C-vitamiin - Santa Monica\",\"isPartOf\":{\"@id\":\"https:\/\/santamonica.lv\/et\/#website\"},\"primaryImageOfPage\":{\"@id\":\"https:\/\/santamonica.lv\/et\/tervisele\/c-vitamiin\/#primaryimage\"},\"image\":{\"@id\":\"https:\/\/santamonica.lv\/et\/tervisele\/c-vitamiin\/#primaryimage\"},\"thumbnailUrl\":\"https:\/\/santamonica.lv\/wp-content\/uploads\/2024\/01\/vitamina-c-terapija-veza-arstesanai.jpg\",\"datePublished\":\"2025-03-01T22:09:20+00:00\",\"dateModified\":\"2025-03-05T20:45:30+00:00\",\"breadcrumb\":{\"@id\":\"https:\/\/santamonica.lv\/et\/tervisele\/c-vitamiin\/#breadcrumb\"},\"inLanguage\":\"et\",\"potentialAction\":[{\"@type\":\"ReadAction\",\"target\":[\"https:\/\/santamonica.lv\/et\/tervisele\/c-vitamiin\/\"]}]},{\"@type\":\"ImageObject\",\"inLanguage\":\"et\",\"@id\":\"https:\/\/santamonica.lv\/et\/tervisele\/c-vitamiin\/#primaryimage\",\"url\":\"https:\/\/santamonica.lv\/wp-content\/uploads\/2024\/01\/vitamina-c-terapija-veza-arstesanai.jpg\",\"contentUrl\":\"https:\/\/santamonica.lv\/wp-content\/uploads\/2024\/01\/vitamina-c-terapija-veza-arstesanai.jpg\",\"width\":1024,\"height\":683},{\"@type\":\"BreadcrumbList\",\"@id\":\"https:\/\/santamonica.lv\/et\/tervisele\/c-vitamiin\/#breadcrumb\",\"itemListElement\":[{\"@type\":\"ListItem\",\"position\":1,\"name\":\"Home\",\"item\":\"https:\/\/santamonica.lv\/et\/sakums\/\"},{\"@type\":\"ListItem\",\"position\":2,\"name\":\"Tervisele\",\"item\":\"https:\/\/santamonica.lv\/et\/tervisele\/\"},{\"@type\":\"ListItem\",\"position\":3,\"name\":\"C-vitamiin\"}]},{\"@type\":\"WebSite\",\"@id\":\"https:\/\/santamonica.lv\/et\/#website\",\"url\":\"https:\/\/santamonica.lv\/et\/\",\"name\":\"Santa Monica\",\"description\":\"\",\"potentialAction\":[{\"@type\":\"SearchAction\",\"target\":{\"@type\":\"EntryPoint\",\"urlTemplate\":\"https:\/\/santamonica.lv\/et\/?s={search_term_string}\"},\"query-input\":{\"@type\":\"PropertyValueSpecification\",\"valueRequired\":true,\"valueName\":\"search_term_string\"}}],\"inLanguage\":\"et\"}]}<\/script>\n<!-- \/ Yoast SEO plugin. -->","yoast_head_json":{"title":"C-vitamiin - Santa Monica","robots":{"index":"index","follow":"follow","max-snippet":"max-snippet:-1","max-image-preview":"max-image-preview:large","max-video-preview":"max-video-preview:-1"},"canonical":"https:\/\/santamonica.lv\/et\/tervisele\/c-vitamiin\/","og_locale":"et_EE","og_type":"article","og_title":"C-vitamiin - Santa Monica","og_description":"T\u00f5hus vahend erinevate haiguste ravis.\u00a0C-vitamiin toimib nii viiruste vastu kui ka seda saab kasutada bakteriaalsete infektsioonide korral. See t\u00f6\u00f6tab korraga erinevates suundades. Aktiveerides looduslike tapjarakkude aktiivsust, h\u00e4vitatakse patogeensed mikroorganismid. Sel ajal aktiveeritakse ka makrofaagid, mis omakorda t\u00f6\u00f6tavad juba teisel kaitserindel. C-vitamiin stimuleerib ka immuuns\u00fcsteemi rakke, mis toodavad mikroorganismide h\u00e4vitamiseks vajalikku peroksiidi. C-vitamiini toodetakse nii askorbiinhappe...","og_url":"https:\/\/santamonica.lv\/et\/tervisele\/c-vitamiin\/","og_site_name":"Santa Monica","article_publisher":"https:\/\/www.facebook.com\/klinikasantamonica","article_modified_time":"2025-03-05T20:45:30+00:00","og_image":[{"width":1024,"height":683,"url":"https:\/\/santamonica.lv\/wp-content\/uploads\/2024\/01\/vitamina-c-terapija-veza-arstesanai.jpg","type":"image\/jpeg"}],"twitter_card":"summary_large_image","twitter_misc":{"Est. reading time":"2 minutit"},"schema":{"@context":"https:\/\/schema.org","@graph":[{"@type":"WebPage","@id":"https:\/\/santamonica.lv\/et\/tervisele\/c-vitamiin\/","url":"https:\/\/santamonica.lv\/et\/tervisele\/c-vitamiin\/","name":"C-vitamiin - Santa Monica","isPartOf":{"@id":"https:\/\/santamonica.lv\/et\/#website"},"primaryImageOfPage":{"@id":"https:\/\/santamonica.lv\/et\/tervisele\/c-vitamiin\/#primaryimage"},"image":{"@id":"https:\/\/santamonica.lv\/et\/tervisele\/c-vitamiin\/#primaryimage"},"thumbnailUrl":"https:\/\/santamonica.lv\/wp-content\/uploads\/2024\/01\/vitamina-c-terapija-veza-arstesanai.jpg","datePublished":"2025-03-01T22:09:20+00:00","dateModified":"2025-03-05T20:45:30+00:00","breadcrumb":{"@id":"https:\/\/santamonica.lv\/et\/tervisele\/c-vitamiin\/#breadcrumb"},"inLanguage":"et","potentialAction":[{"@type":"ReadAction","target":["https:\/\/santamonica.lv\/et\/tervisele\/c-vitamiin\/"]}]},{"@type":"ImageObject","inLanguage":"et","@id":"https:\/\/santamonica.lv\/et\/tervisele\/c-vitamiin\/#primaryimage","url":"https:\/\/santamonica.lv\/wp-content\/uploads\/2024\/01\/vitamina-c-terapija-veza-arstesanai.jpg","contentUrl":"https:\/\/santamonica.lv\/wp-content\/uploads\/2024\/01\/vitamina-c-terapija-veza-arstesanai.jpg","width":1024,"height":683},{"@type":"BreadcrumbList","@id":"https:\/\/santamonica.lv\/et\/tervisele\/c-vitamiin\/#breadcrumb","itemListElement":[{"@type":"ListItem","position":1,"name":"Home","item":"https:\/\/santamonica.lv\/et\/sakums\/"},{"@type":"ListItem","position":2,"name":"Tervisele","item":"https:\/\/santamonica.lv\/et\/tervisele\/"},{"@type":"ListItem","position":3,"name":"C-vitamiin"}]},{"@type":"WebSite","@id":"https:\/\/santamonica.lv\/et\/#website","url":"https:\/\/santamonica.lv\/et\/","name":"Santa Monica","description":"","potentialAction":[{"@type":"SearchAction","target":{"@type":"EntryPoint","urlTemplate":"https:\/\/santamonica.lv\/et\/?s={search_term_string}"},"query-input":{"@type":"PropertyValueSpecification","valueRequired":true,"valueName":"search_term_string"}}],"inLanguage":"et"}]}},"uagb_featured_image_src":{"full":["https:\/\/santamonica.lv\/wp-content\/uploads\/2024\/01\/vitamina-c-terapija-veza-arstesanai.jpg",1024,683,false],"thumbnail":["https:\/\/santamonica.lv\/wp-content\/uploads\/2024\/01\/vitamina-c-terapija-veza-arstesanai-150x150.jpg",150,150,true],"medium":["https:\/\/santamonica.lv\/wp-content\/uploads\/2024\/01\/vitamina-c-terapija-veza-arstesanai-300x200.jpg",300,200,true],"medium_large":["https:\/\/santamonica.lv\/wp-content\/uploads\/2024\/01\/vitamina-c-terapija-veza-arstesanai-768x512.jpg",768,512,true],"large":["https:\/\/santamonica.lv\/wp-content\/uploads\/2024\/01\/vitamina-c-terapija-veza-arstesanai.jpg",1024,683,false],"1536x1536":["https:\/\/santamonica.lv\/wp-content\/uploads\/2024\/01\/vitamina-c-terapija-veza-arstesanai.jpg",1024,683,false],"2048x2048":["https:\/\/santamonica.lv\/wp-content\/uploads\/2024\/01\/vitamina-c-terapija-veza-arstesanai.jpg",1024,683,false],"woocommerce_thumbnail":["https:\/\/santamonica.lv\/wp-content\/uploads\/2024\/01\/vitamina-c-terapija-veza-arstesanai-300x300.jpg",300,300,true],"woocommerce_single":["https:\/\/santamonica.lv\/wp-content\/uploads\/2024\/01\/vitamina-c-terapija-veza-arstesanai-600x400.jpg",600,400,true],"woocommerce_gallery_thumbnail":["https:\/\/santamonica.lv\/wp-content\/uploads\/2024\/01\/vitamina-c-terapija-veza-arstesanai-100x100.jpg",100,100,true]},"uagb_author_info":{"display_name":"Aigars","author_link":"https:\/\/santamonica.lv\/et\/author\/aigars\/"},"uagb_comment_info":0,"uagb_excerpt":"T\u00f5hus vahend erinevate haiguste ravis.\u00a0C-vitamiin toimib nii viiruste vastu kui ka seda saab kasutada bakteriaalsete infektsioonide korral. See t\u00f6\u00f6tab korraga erinevates suundades. Aktiveerides looduslike tapjarakkude aktiivsust, h\u00e4vitatakse patogeensed mikroorganismid. Sel ajal aktiveeritakse ka makrofaagid, mis omakorda t\u00f6\u00f6tavad juba teisel kaitserindel. C-vitamiin stimuleerib ka immuuns\u00fcsteemi rakke, mis toodavad mikroorganismide h\u00e4vitamiseks vajalikku peroksiidi. C-vitamiini toodetakse nii askorbiinhappe...","_links":{"self":[{"href":"https:\/\/santamonica.lv\/et\/wp-json\/wp\/v2\/pages\/3123","targetHints":{"allow":["GET"]}}],"collection":[{"href":"https:\/\/santamonica.lv\/et\/wp-json\/wp\/v2\/pages"}],"about":[{"href":"https:\/\/santamonica.lv\/et\/wp-json\/wp\/v2\/types\/page"}],"author":[{"embeddable":true,"href":"https:\/\/santamonica.lv\/et\/wp-json\/wp\/v2\/users\/3"}],"replies":[{"embeddable":true,"href":"https:\/\/santamonica.lv\/et\/wp-json\/wp\/v2\/comments?post=3123"}],"version-history":[{"count":1,"href":"https:\/\/santamonica.lv\/et\/wp-json\/wp\/v2\/pages\/3123\/revisions"}],"predecessor-version":[{"id":3124,"href":"https:\/\/santamonica.lv\/et\/wp-json\/wp\/v2\/pages\/3123\/revisions\/3124"}],"up":[{"embeddable":true,"href":"https:\/\/santamonica.lv\/et\/wp-json\/wp\/v2\/pages\/2090"}],"wp:featuredmedia":[{"embeddable":true,"href":"https:\/\/santamonica.lv\/et\/wp-json\/wp\/v2\/media\/2157"}],"wp:attachment":[{"href":"https:\/\/santamonica.lv\/et\/wp-json\/wp\/v2\/media?parent=3123"}],"curies":[{"name":"wp","href":"https:\/\/api.w.org\/{rel}","templated":true}]}}