{"id":3127,"date":"2025-03-02T00:23:31","date_gmt":"2025-03-01T22:23:31","guid":{"rendered":"https:\/\/santamonica.lv\/?page_id=3127"},"modified":"2025-03-05T22:45:23","modified_gmt":"2025-03-05T20:45:23","slug":"alfa-lipoehape","status":"publish","type":"page","link":"https:\/\/santamonica.lv\/et\/tervisele\/alfa-lipoehape\/","title":{"rendered":"Alfa lipoehape"},"content":{"rendered":"\n<div class=\"wp-block-columns is-layout-flex wp-container-core-columns-is-layout-9d6595d7 wp-block-columns-is-layout-flex\">\n<div class=\"wp-block-column is-layout-flow wp-block-column-is-layout-flow\" style=\"flex-basis:33.33%\">\n<figure class=\"wp-block-image size-full\"><img loading=\"lazy\" decoding=\"async\" width=\"1000\" height=\"667\" src=\"https:\/\/santamonica.lv\/wp-content\/uploads\/2024\/01\/alpha-lipoic-acid.jpg\" alt=\"\" class=\"wp-image-1073\" srcset=\"https:\/\/santamonica.lv\/wp-content\/uploads\/2024\/01\/alpha-lipoic-acid.jpg 1000w, https:\/\/santamonica.lv\/wp-content\/uploads\/2024\/01\/alpha-lipoic-acid-300x200.jpg 300w, https:\/\/santamonica.lv\/wp-content\/uploads\/2024\/01\/alpha-lipoic-acid-768x512.jpg 768w, https:\/\/santamonica.lv\/wp-content\/uploads\/2024\/01\/alpha-lipoic-acid-600x400.jpg 600w\" sizes=\"auto, (max-width: 1000px) 100vw, 1000px\" \/><\/figure>\n<\/div>\n\n\n\n<div class=\"wp-block-column is-layout-flow wp-block-column-is-layout-flow\" style=\"flex-basis:66.66%\">\n<p>Lipoehape, tuntud ka kui \u03b1-lipoehape, alfa-lipoehape v\u00f5i tiokthape, on v\u00e4\u00e4vlit sisaldav orgaaniline \u00fchend, mis on saadud kapr\u00fc\u00fclhappest. ALS-i toodetakse tavaliselt loomadel ja see on aeroobse ainevahetuse jaoks h\u00e4davajalik.<\/p>\n<\/div>\n<\/div>\n\n\n\n<p>See on looduslik antioks\u00fcdant, mida s\u00fcnteesitakse kehas endas. See aine osaleb ainevahetuses, tagades igas rakus normaalse gl\u00fckoosi metabolismi, mille tulemusena tekib mitokondrites energia. Tugeva antioks\u00fcdandina v\u00f5itleb alfalipoehape vabade radikaalidega ja aitab vabaneda ainevahetuse l\u00f5pptoodetest.<\/p>\n\n\n\n<p>Meditsiinis kasutatakse seda ravimit diabeedist p\u00f5hjustatud pol\u00fcneuropaatia raviks, kuna on uuritud, et sellel on n\u00e4rvirakkudele eriline kaitsev toime.<\/p>\n\n\n\n<p>Alfa-lipoehapet toodetakse intravenoossete s\u00fcstelahustena enteraalseks ja parenteraalseks kasutamiseks, kus iga 50 ml viaal sisaldab 600 mg toimeainet.<\/p>\n","protected":false},"excerpt":{"rendered":"<p>Lipoehape, tuntud ka kui \u03b1-lipoehape, alfa-lipoehape v\u00f5i tiokthape, on v\u00e4\u00e4vlit sisaldav orgaaniline \u00fchend, mis on saadud kapr\u00fc\u00fclhappest. ALS-i toodetakse tavaliselt loomadel ja see on aeroobse ainevahetuse jaoks h\u00e4davajalik. See on looduslik antioks\u00fcdant, mida s\u00fcnteesitakse kehas endas. See aine osaleb ainevahetuses, tagades igas rakus normaalse gl\u00fckoosi metabolismi, mille tulemusena tekib mitokondrites energia. Tugeva antioks\u00fcdandina v\u00f5itleb alfalipoehape&#8230;<\/p>\n","protected":false},"author":3,"featured_media":2124,"parent":2090,"menu_order":0,"comment_status":"closed","ping_status":"closed","template":"","meta":{"_acf_changed":false,"_uag_custom_page_level_css":"","_kadence_starter_templates_imported_post":false,"_kad_post_transparent":"","_kad_post_title":"","_kad_post_layout":"","_kad_post_sidebar_id":"","_kad_post_content_style":"","_kad_post_vertical_padding":"","_kad_post_feature":"","_kad_post_feature_position":"","_kad_post_header":false,"_kad_post_footer":false,"footnotes":""},"class_list":["post-3127","page","type-page","status-publish","has-post-thumbnail","hentry"],"acf":[],"yoast_head":"<!-- This site is optimized with the Yoast SEO plugin v26.4 - https:\/\/yoast.com\/wordpress\/plugins\/seo\/ -->\n<title>Alfa lipoehape - Santa Monica<\/title>\n<meta name=\"robots\" content=\"index, follow, max-snippet:-1, max-image-preview:large, max-video-preview:-1\" \/>\n<link rel=\"canonical\" href=\"https:\/\/santamonica.lv\/et\/tervisele\/alfa-lipoehape\/\" \/>\n<meta property=\"og:locale\" content=\"et_EE\" \/>\n<meta property=\"og:type\" content=\"article\" \/>\n<meta property=\"og:title\" content=\"Alfa lipoehape - Santa Monica\" \/>\n<meta property=\"og:description\" content=\"Lipoehape, tuntud ka kui \u03b1-lipoehape, alfa-lipoehape v\u00f5i tiokthape, on v\u00e4\u00e4vlit sisaldav orgaaniline \u00fchend, mis on saadud kapr\u00fc\u00fclhappest. ALS-i toodetakse tavaliselt loomadel ja see on aeroobse ainevahetuse jaoks h\u00e4davajalik. See on looduslik antioks\u00fcdant, mida s\u00fcnteesitakse kehas endas. See aine osaleb ainevahetuses, tagades igas rakus normaalse gl\u00fckoosi metabolismi, mille tulemusena tekib mitokondrites energia. Tugeva antioks\u00fcdandina v\u00f5itleb alfalipoehape...\" \/>\n<meta property=\"og:url\" content=\"https:\/\/santamonica.lv\/et\/tervisele\/alfa-lipoehape\/\" \/>\n<meta property=\"og:site_name\" content=\"Santa Monica\" \/>\n<meta property=\"article:publisher\" content=\"https:\/\/www.facebook.com\/klinikasantamonica\" \/>\n<meta property=\"article:modified_time\" content=\"2025-03-05T20:45:23+00:00\" \/>\n<meta property=\"og:image\" content=\"https:\/\/santamonica.lv\/wp-content\/uploads\/2024\/01\/alpha-lipoic-acid.jpg\" \/>\n\t<meta property=\"og:image:width\" content=\"1000\" \/>\n\t<meta property=\"og:image:height\" content=\"667\" \/>\n\t<meta property=\"og:image:type\" content=\"image\/jpeg\" \/>\n<meta name=\"twitter:card\" content=\"summary_large_image\" \/>\n<meta name=\"twitter:label1\" content=\"Est. reading time\" \/>\n\t<meta name=\"twitter:data1\" content=\"1 minut\" \/>\n<script type=\"application\/ld+json\" class=\"yoast-schema-graph\">{\"@context\":\"https:\/\/schema.org\",\"@graph\":[{\"@type\":\"WebPage\",\"@id\":\"https:\/\/santamonica.lv\/et\/tervisele\/alfa-lipoehape\/\",\"url\":\"https:\/\/santamonica.lv\/et\/tervisele\/alfa-lipoehape\/\",\"name\":\"Alfa lipoehape - Santa Monica\",\"isPartOf\":{\"@id\":\"https:\/\/santamonica.lv\/et\/#website\"},\"primaryImageOfPage\":{\"@id\":\"https:\/\/santamonica.lv\/et\/tervisele\/alfa-lipoehape\/#primaryimage\"},\"image\":{\"@id\":\"https:\/\/santamonica.lv\/et\/tervisele\/alfa-lipoehape\/#primaryimage\"},\"thumbnailUrl\":\"https:\/\/santamonica.lv\/wp-content\/uploads\/2024\/01\/alpha-lipoic-acid.jpg\",\"datePublished\":\"2025-03-01T22:23:31+00:00\",\"dateModified\":\"2025-03-05T20:45:23+00:00\",\"breadcrumb\":{\"@id\":\"https:\/\/santamonica.lv\/et\/tervisele\/alfa-lipoehape\/#breadcrumb\"},\"inLanguage\":\"et\",\"potentialAction\":[{\"@type\":\"ReadAction\",\"target\":[\"https:\/\/santamonica.lv\/et\/tervisele\/alfa-lipoehape\/\"]}]},{\"@type\":\"ImageObject\",\"inLanguage\":\"et\",\"@id\":\"https:\/\/santamonica.lv\/et\/tervisele\/alfa-lipoehape\/#primaryimage\",\"url\":\"https:\/\/santamonica.lv\/wp-content\/uploads\/2024\/01\/alpha-lipoic-acid.jpg\",\"contentUrl\":\"https:\/\/santamonica.lv\/wp-content\/uploads\/2024\/01\/alpha-lipoic-acid.jpg\",\"width\":1000,\"height\":667},{\"@type\":\"BreadcrumbList\",\"@id\":\"https:\/\/santamonica.lv\/et\/tervisele\/alfa-lipoehape\/#breadcrumb\",\"itemListElement\":[{\"@type\":\"ListItem\",\"position\":1,\"name\":\"Home\",\"item\":\"https:\/\/santamonica.lv\/et\/sakums\/\"},{\"@type\":\"ListItem\",\"position\":2,\"name\":\"Tervisele\",\"item\":\"https:\/\/santamonica.lv\/et\/tervisele\/\"},{\"@type\":\"ListItem\",\"position\":3,\"name\":\"Alfa lipoehape\"}]},{\"@type\":\"WebSite\",\"@id\":\"https:\/\/santamonica.lv\/et\/#website\",\"url\":\"https:\/\/santamonica.lv\/et\/\",\"name\":\"Santa Monica\",\"description\":\"\",\"potentialAction\":[{\"@type\":\"SearchAction\",\"target\":{\"@type\":\"EntryPoint\",\"urlTemplate\":\"https:\/\/santamonica.lv\/et\/?s={search_term_string}\"},\"query-input\":{\"@type\":\"PropertyValueSpecification\",\"valueRequired\":true,\"valueName\":\"search_term_string\"}}],\"inLanguage\":\"et\"}]}<\/script>\n<!-- \/ Yoast SEO plugin. -->","yoast_head_json":{"title":"Alfa lipoehape - Santa Monica","robots":{"index":"index","follow":"follow","max-snippet":"max-snippet:-1","max-image-preview":"max-image-preview:large","max-video-preview":"max-video-preview:-1"},"canonical":"https:\/\/santamonica.lv\/et\/tervisele\/alfa-lipoehape\/","og_locale":"et_EE","og_type":"article","og_title":"Alfa lipoehape - Santa Monica","og_description":"Lipoehape, tuntud ka kui \u03b1-lipoehape, alfa-lipoehape v\u00f5i tiokthape, on v\u00e4\u00e4vlit sisaldav orgaaniline \u00fchend, mis on saadud kapr\u00fc\u00fclhappest. ALS-i toodetakse tavaliselt loomadel ja see on aeroobse ainevahetuse jaoks h\u00e4davajalik. See on looduslik antioks\u00fcdant, mida s\u00fcnteesitakse kehas endas. See aine osaleb ainevahetuses, tagades igas rakus normaalse gl\u00fckoosi metabolismi, mille tulemusena tekib mitokondrites energia. Tugeva antioks\u00fcdandina v\u00f5itleb alfalipoehape...","og_url":"https:\/\/santamonica.lv\/et\/tervisele\/alfa-lipoehape\/","og_site_name":"Santa Monica","article_publisher":"https:\/\/www.facebook.com\/klinikasantamonica","article_modified_time":"2025-03-05T20:45:23+00:00","og_image":[{"width":1000,"height":667,"url":"https:\/\/santamonica.lv\/wp-content\/uploads\/2024\/01\/alpha-lipoic-acid.jpg","type":"image\/jpeg"}],"twitter_card":"summary_large_image","twitter_misc":{"Est. reading time":"1 minut"},"schema":{"@context":"https:\/\/schema.org","@graph":[{"@type":"WebPage","@id":"https:\/\/santamonica.lv\/et\/tervisele\/alfa-lipoehape\/","url":"https:\/\/santamonica.lv\/et\/tervisele\/alfa-lipoehape\/","name":"Alfa lipoehape - Santa Monica","isPartOf":{"@id":"https:\/\/santamonica.lv\/et\/#website"},"primaryImageOfPage":{"@id":"https:\/\/santamonica.lv\/et\/tervisele\/alfa-lipoehape\/#primaryimage"},"image":{"@id":"https:\/\/santamonica.lv\/et\/tervisele\/alfa-lipoehape\/#primaryimage"},"thumbnailUrl":"https:\/\/santamonica.lv\/wp-content\/uploads\/2024\/01\/alpha-lipoic-acid.jpg","datePublished":"2025-03-01T22:23:31+00:00","dateModified":"2025-03-05T20:45:23+00:00","breadcrumb":{"@id":"https:\/\/santamonica.lv\/et\/tervisele\/alfa-lipoehape\/#breadcrumb"},"inLanguage":"et","potentialAction":[{"@type":"ReadAction","target":["https:\/\/santamonica.lv\/et\/tervisele\/alfa-lipoehape\/"]}]},{"@type":"ImageObject","inLanguage":"et","@id":"https:\/\/santamonica.lv\/et\/tervisele\/alfa-lipoehape\/#primaryimage","url":"https:\/\/santamonica.lv\/wp-content\/uploads\/2024\/01\/alpha-lipoic-acid.jpg","contentUrl":"https:\/\/santamonica.lv\/wp-content\/uploads\/2024\/01\/alpha-lipoic-acid.jpg","width":1000,"height":667},{"@type":"BreadcrumbList","@id":"https:\/\/santamonica.lv\/et\/tervisele\/alfa-lipoehape\/#breadcrumb","itemListElement":[{"@type":"ListItem","position":1,"name":"Home","item":"https:\/\/santamonica.lv\/et\/sakums\/"},{"@type":"ListItem","position":2,"name":"Tervisele","item":"https:\/\/santamonica.lv\/et\/tervisele\/"},{"@type":"ListItem","position":3,"name":"Alfa lipoehape"}]},{"@type":"WebSite","@id":"https:\/\/santamonica.lv\/et\/#website","url":"https:\/\/santamonica.lv\/et\/","name":"Santa Monica","description":"","potentialAction":[{"@type":"SearchAction","target":{"@type":"EntryPoint","urlTemplate":"https:\/\/santamonica.lv\/et\/?s={search_term_string}"},"query-input":{"@type":"PropertyValueSpecification","valueRequired":true,"valueName":"search_term_string"}}],"inLanguage":"et"}]}},"uagb_featured_image_src":{"full":["https:\/\/santamonica.lv\/wp-content\/uploads\/2024\/01\/alpha-lipoic-acid.jpg",1000,667,false],"thumbnail":["https:\/\/santamonica.lv\/wp-content\/uploads\/2024\/01\/alpha-lipoic-acid-150x150.jpg",150,150,true],"medium":["https:\/\/santamonica.lv\/wp-content\/uploads\/2024\/01\/alpha-lipoic-acid-300x200.jpg",300,200,true],"medium_large":["https:\/\/santamonica.lv\/wp-content\/uploads\/2024\/01\/alpha-lipoic-acid-768x512.jpg",768,512,true],"large":["https:\/\/santamonica.lv\/wp-content\/uploads\/2024\/01\/alpha-lipoic-acid.jpg",1000,667,false],"1536x1536":["https:\/\/santamonica.lv\/wp-content\/uploads\/2024\/01\/alpha-lipoic-acid.jpg",1000,667,false],"2048x2048":["https:\/\/santamonica.lv\/wp-content\/uploads\/2024\/01\/alpha-lipoic-acid.jpg",1000,667,false],"woocommerce_thumbnail":["https:\/\/santamonica.lv\/wp-content\/uploads\/2024\/01\/alpha-lipoic-acid-300x300.jpg",300,300,true],"woocommerce_single":["https:\/\/santamonica.lv\/wp-content\/uploads\/2024\/01\/alpha-lipoic-acid-600x400.jpg",600,400,true],"woocommerce_gallery_thumbnail":["https:\/\/santamonica.lv\/wp-content\/uploads\/2024\/01\/alpha-lipoic-acid-100x100.jpg",100,100,true]},"uagb_author_info":{"display_name":"Aigars","author_link":"https:\/\/santamonica.lv\/et\/author\/aigars\/"},"uagb_comment_info":0,"uagb_excerpt":"Lipoehape, tuntud ka kui \u03b1-lipoehape, alfa-lipoehape v\u00f5i tiokthape, on v\u00e4\u00e4vlit sisaldav orgaaniline \u00fchend, mis on saadud kapr\u00fc\u00fclhappest. ALS-i toodetakse tavaliselt loomadel ja see on aeroobse ainevahetuse jaoks h\u00e4davajalik. See on looduslik antioks\u00fcdant, mida s\u00fcnteesitakse kehas endas. See aine osaleb ainevahetuses, tagades igas rakus normaalse gl\u00fckoosi metabolismi, mille tulemusena tekib mitokondrites energia. Tugeva antioks\u00fcdandina v\u00f5itleb alfalipoehape...","_links":{"self":[{"href":"https:\/\/santamonica.lv\/et\/wp-json\/wp\/v2\/pages\/3127","targetHints":{"allow":["GET"]}}],"collection":[{"href":"https:\/\/santamonica.lv\/et\/wp-json\/wp\/v2\/pages"}],"about":[{"href":"https:\/\/santamonica.lv\/et\/wp-json\/wp\/v2\/types\/page"}],"author":[{"embeddable":true,"href":"https:\/\/santamonica.lv\/et\/wp-json\/wp\/v2\/users\/3"}],"replies":[{"embeddable":true,"href":"https:\/\/santamonica.lv\/et\/wp-json\/wp\/v2\/comments?post=3127"}],"version-history":[{"count":1,"href":"https:\/\/santamonica.lv\/et\/wp-json\/wp\/v2\/pages\/3127\/revisions"}],"predecessor-version":[{"id":3128,"href":"https:\/\/santamonica.lv\/et\/wp-json\/wp\/v2\/pages\/3127\/revisions\/3128"}],"up":[{"embeddable":true,"href":"https:\/\/santamonica.lv\/et\/wp-json\/wp\/v2\/pages\/2090"}],"wp:featuredmedia":[{"embeddable":true,"href":"https:\/\/santamonica.lv\/et\/wp-json\/wp\/v2\/media\/2124"}],"wp:attachment":[{"href":"https:\/\/santamonica.lv\/et\/wp-json\/wp\/v2\/media?parent=3127"}],"curies":[{"name":"wp","href":"https:\/\/api.w.org\/{rel}","templated":true}]}}