{"id":3129,"date":"2025-03-02T00:28:53","date_gmt":"2025-03-01T22:28:53","guid":{"rendered":"https:\/\/santamonica.lv\/?page_id=3129"},"modified":"2025-03-05T22:45:20","modified_gmt":"2025-03-05T20:45:20","slug":"adek-vitamiini-sustelahus","status":"publish","type":"page","link":"https:\/\/santamonica.lv\/et\/tervisele\/adek-vitamiini-sustelahus\/","title":{"rendered":"ADEK vitamiini s\u00fcstelahus"},"content":{"rendered":"\n<div class=\"wp-block-columns is-layout-flex wp-container-core-columns-is-layout-9d6595d7 wp-block-columns-is-layout-flex\">\n<div class=\"wp-block-column is-layout-flow wp-block-column-is-layout-flow\" style=\"flex-basis:33.33%\">\n<figure class=\"wp-block-image size-full\"><img loading=\"lazy\" decoding=\"async\" width=\"1330\" height=\"694\" src=\"https:\/\/santamonica.lv\/wp-content\/uploads\/2024\/01\/adek-vitaminu-infuzijas.jpg\" alt=\"\" class=\"wp-image-1071\" srcset=\"https:\/\/santamonica.lv\/wp-content\/uploads\/2024\/01\/adek-vitaminu-infuzijas.jpg 1330w, https:\/\/santamonica.lv\/wp-content\/uploads\/2024\/01\/adek-vitaminu-infuzijas-300x157.jpg 300w, https:\/\/santamonica.lv\/wp-content\/uploads\/2024\/01\/adek-vitaminu-infuzijas-1024x534.jpg 1024w, https:\/\/santamonica.lv\/wp-content\/uploads\/2024\/01\/adek-vitaminu-infuzijas-768x401.jpg 768w, https:\/\/santamonica.lv\/wp-content\/uploads\/2024\/01\/adek-vitaminu-infuzijas-600x313.jpg 600w\" sizes=\"auto, (max-width: 1330px) 100vw, 1330px\" \/><\/figure>\n<\/div>\n\n\n\n<div class=\"wp-block-column is-layout-flow wp-block-column-is-layout-flow\" style=\"flex-basis:66.66%\">\n<p>A, D, E ja K-vitamiinid on k\u00f5ik rasvlahustuvad, mis p\u00fcsivad organismis suhteliselt kaua. Paljude haiguste puhul tekib organismis nende ainete defitsiit imendumish\u00e4irete t\u00f5ttu (haavandiline koliit, krooniline k\u00f5hulahtisus jne). siis on vajalik nende t\u00e4iendav manustamine.<\/p>\n<\/div>\n<\/div>\n\n\n\n<p>ADEKi vitamiinide s\u00fcstelahuse valem on v\u00e4lja t\u00f6\u00f6tatud k\u00f5igi rasvlahustuvate vitamiinide kombineerimisel intramuskulaarse s\u00fcstina.<\/p>\n\n\n\n<p><strong>ADEK-vitamiini s\u00fcstimise koostis:<\/strong><\/p>\n\n\n\n<p>A-vitamiin 100 000 DV;<\/p>\n\n\n\n<p>D3-vitamiin 10 000 DV;<\/p>\n\n\n\n<p>E-vitamiin 100 DV;<\/p>\n\n\n\n<p>K-vitamiin \u2013 10 mg.<\/p>\n\n\n\n<p>See s\u00fcstelahus on saadaval 1 ml ampullides (\u00f5lilahus) intramuskulaarseks s\u00fcstimiseks tuhara piirkonda.<\/p>\n","protected":false},"excerpt":{"rendered":"<p>A, D, E ja K-vitamiinid on k\u00f5ik rasvlahustuvad, mis p\u00fcsivad organismis suhteliselt kaua. Paljude haiguste puhul tekib organismis nende ainete defitsiit imendumish\u00e4irete t\u00f5ttu (haavandiline koliit, krooniline k\u00f5hulahtisus jne). siis on vajalik nende t\u00e4iendav manustamine. ADEKi vitamiinide s\u00fcstelahuse valem on v\u00e4lja t\u00f6\u00f6tatud k\u00f5igi rasvlahustuvate vitamiinide kombineerimisel intramuskulaarse s\u00fcstina. ADEK-vitamiini s\u00fcstimise koostis: A-vitamiin 100 000 DV; D3-vitamiin&#8230;<\/p>\n","protected":false},"author":3,"featured_media":2127,"parent":2090,"menu_order":0,"comment_status":"closed","ping_status":"closed","template":"","meta":{"_acf_changed":false,"_uag_custom_page_level_css":"","_kadence_starter_templates_imported_post":false,"_kad_post_transparent":"","_kad_post_title":"","_kad_post_layout":"","_kad_post_sidebar_id":"","_kad_post_content_style":"","_kad_post_vertical_padding":"","_kad_post_feature":"","_kad_post_feature_position":"","_kad_post_header":false,"_kad_post_footer":false,"footnotes":""},"class_list":["post-3129","page","type-page","status-publish","has-post-thumbnail","hentry"],"acf":[],"yoast_head":"<!-- This site is optimized with the Yoast SEO plugin v26.4 - https:\/\/yoast.com\/wordpress\/plugins\/seo\/ -->\n<title>ADEK vitamiini s\u00fcstelahus - Santa Monica<\/title>\n<meta name=\"robots\" content=\"index, follow, max-snippet:-1, max-image-preview:large, max-video-preview:-1\" \/>\n<link rel=\"canonical\" href=\"https:\/\/santamonica.lv\/et\/tervisele\/adek-vitamiini-sustelahus\/\" \/>\n<meta property=\"og:locale\" content=\"et_EE\" \/>\n<meta property=\"og:type\" content=\"article\" \/>\n<meta property=\"og:title\" content=\"ADEK vitamiini s\u00fcstelahus - Santa Monica\" \/>\n<meta property=\"og:description\" content=\"A, D, E ja K-vitamiinid on k\u00f5ik rasvlahustuvad, mis p\u00fcsivad organismis suhteliselt kaua. Paljude haiguste puhul tekib organismis nende ainete defitsiit imendumish\u00e4irete t\u00f5ttu (haavandiline koliit, krooniline k\u00f5hulahtisus jne). siis on vajalik nende t\u00e4iendav manustamine. ADEKi vitamiinide s\u00fcstelahuse valem on v\u00e4lja t\u00f6\u00f6tatud k\u00f5igi rasvlahustuvate vitamiinide kombineerimisel intramuskulaarse s\u00fcstina. ADEK-vitamiini s\u00fcstimise koostis: A-vitamiin 100 000 DV; D3-vitamiin...\" \/>\n<meta property=\"og:url\" content=\"https:\/\/santamonica.lv\/et\/tervisele\/adek-vitamiini-sustelahus\/\" \/>\n<meta property=\"og:site_name\" content=\"Santa Monica\" \/>\n<meta property=\"article:publisher\" content=\"https:\/\/www.facebook.com\/klinikasantamonica\" \/>\n<meta property=\"article:modified_time\" content=\"2025-03-05T20:45:20+00:00\" \/>\n<meta property=\"og:image\" content=\"https:\/\/santamonica.lv\/wp-content\/uploads\/2024\/01\/adek-vitaminu-infuzijas.jpg\" \/>\n\t<meta property=\"og:image:width\" content=\"1330\" \/>\n\t<meta property=\"og:image:height\" content=\"694\" \/>\n\t<meta property=\"og:image:type\" content=\"image\/jpeg\" \/>\n<meta name=\"twitter:card\" content=\"summary_large_image\" \/>\n<script type=\"application\/ld+json\" class=\"yoast-schema-graph\">{\"@context\":\"https:\/\/schema.org\",\"@graph\":[{\"@type\":\"WebPage\",\"@id\":\"https:\/\/santamonica.lv\/et\/tervisele\/adek-vitamiini-sustelahus\/\",\"url\":\"https:\/\/santamonica.lv\/et\/tervisele\/adek-vitamiini-sustelahus\/\",\"name\":\"ADEK vitamiini s\u00fcstelahus - Santa Monica\",\"isPartOf\":{\"@id\":\"https:\/\/santamonica.lv\/et\/#website\"},\"primaryImageOfPage\":{\"@id\":\"https:\/\/santamonica.lv\/et\/tervisele\/adek-vitamiini-sustelahus\/#primaryimage\"},\"image\":{\"@id\":\"https:\/\/santamonica.lv\/et\/tervisele\/adek-vitamiini-sustelahus\/#primaryimage\"},\"thumbnailUrl\":\"https:\/\/santamonica.lv\/wp-content\/uploads\/2024\/01\/adek-vitaminu-infuzijas.jpg\",\"datePublished\":\"2025-03-01T22:28:53+00:00\",\"dateModified\":\"2025-03-05T20:45:20+00:00\",\"breadcrumb\":{\"@id\":\"https:\/\/santamonica.lv\/et\/tervisele\/adek-vitamiini-sustelahus\/#breadcrumb\"},\"inLanguage\":\"et\",\"potentialAction\":[{\"@type\":\"ReadAction\",\"target\":[\"https:\/\/santamonica.lv\/et\/tervisele\/adek-vitamiini-sustelahus\/\"]}]},{\"@type\":\"ImageObject\",\"inLanguage\":\"et\",\"@id\":\"https:\/\/santamonica.lv\/et\/tervisele\/adek-vitamiini-sustelahus\/#primaryimage\",\"url\":\"https:\/\/santamonica.lv\/wp-content\/uploads\/2024\/01\/adek-vitaminu-infuzijas.jpg\",\"contentUrl\":\"https:\/\/santamonica.lv\/wp-content\/uploads\/2024\/01\/adek-vitaminu-infuzijas.jpg\",\"width\":1330,\"height\":694},{\"@type\":\"BreadcrumbList\",\"@id\":\"https:\/\/santamonica.lv\/et\/tervisele\/adek-vitamiini-sustelahus\/#breadcrumb\",\"itemListElement\":[{\"@type\":\"ListItem\",\"position\":1,\"name\":\"Home\",\"item\":\"https:\/\/santamonica.lv\/et\/sakums\/\"},{\"@type\":\"ListItem\",\"position\":2,\"name\":\"Tervisele\",\"item\":\"https:\/\/santamonica.lv\/et\/tervisele\/\"},{\"@type\":\"ListItem\",\"position\":3,\"name\":\"ADEK vitamiini s\u00fcstelahus\"}]},{\"@type\":\"WebSite\",\"@id\":\"https:\/\/santamonica.lv\/et\/#website\",\"url\":\"https:\/\/santamonica.lv\/et\/\",\"name\":\"Santa Monica\",\"description\":\"\",\"potentialAction\":[{\"@type\":\"SearchAction\",\"target\":{\"@type\":\"EntryPoint\",\"urlTemplate\":\"https:\/\/santamonica.lv\/et\/?s={search_term_string}\"},\"query-input\":{\"@type\":\"PropertyValueSpecification\",\"valueRequired\":true,\"valueName\":\"search_term_string\"}}],\"inLanguage\":\"et\"}]}<\/script>\n<!-- \/ Yoast SEO plugin. -->","yoast_head_json":{"title":"ADEK vitamiini s\u00fcstelahus - Santa Monica","robots":{"index":"index","follow":"follow","max-snippet":"max-snippet:-1","max-image-preview":"max-image-preview:large","max-video-preview":"max-video-preview:-1"},"canonical":"https:\/\/santamonica.lv\/et\/tervisele\/adek-vitamiini-sustelahus\/","og_locale":"et_EE","og_type":"article","og_title":"ADEK vitamiini s\u00fcstelahus - Santa Monica","og_description":"A, D, E ja K-vitamiinid on k\u00f5ik rasvlahustuvad, mis p\u00fcsivad organismis suhteliselt kaua. Paljude haiguste puhul tekib organismis nende ainete defitsiit imendumish\u00e4irete t\u00f5ttu (haavandiline koliit, krooniline k\u00f5hulahtisus jne). siis on vajalik nende t\u00e4iendav manustamine. ADEKi vitamiinide s\u00fcstelahuse valem on v\u00e4lja t\u00f6\u00f6tatud k\u00f5igi rasvlahustuvate vitamiinide kombineerimisel intramuskulaarse s\u00fcstina. ADEK-vitamiini s\u00fcstimise koostis: A-vitamiin 100 000 DV; D3-vitamiin...","og_url":"https:\/\/santamonica.lv\/et\/tervisele\/adek-vitamiini-sustelahus\/","og_site_name":"Santa Monica","article_publisher":"https:\/\/www.facebook.com\/klinikasantamonica","article_modified_time":"2025-03-05T20:45:20+00:00","og_image":[{"width":1330,"height":694,"url":"https:\/\/santamonica.lv\/wp-content\/uploads\/2024\/01\/adek-vitaminu-infuzijas.jpg","type":"image\/jpeg"}],"twitter_card":"summary_large_image","schema":{"@context":"https:\/\/schema.org","@graph":[{"@type":"WebPage","@id":"https:\/\/santamonica.lv\/et\/tervisele\/adek-vitamiini-sustelahus\/","url":"https:\/\/santamonica.lv\/et\/tervisele\/adek-vitamiini-sustelahus\/","name":"ADEK vitamiini s\u00fcstelahus - Santa Monica","isPartOf":{"@id":"https:\/\/santamonica.lv\/et\/#website"},"primaryImageOfPage":{"@id":"https:\/\/santamonica.lv\/et\/tervisele\/adek-vitamiini-sustelahus\/#primaryimage"},"image":{"@id":"https:\/\/santamonica.lv\/et\/tervisele\/adek-vitamiini-sustelahus\/#primaryimage"},"thumbnailUrl":"https:\/\/santamonica.lv\/wp-content\/uploads\/2024\/01\/adek-vitaminu-infuzijas.jpg","datePublished":"2025-03-01T22:28:53+00:00","dateModified":"2025-03-05T20:45:20+00:00","breadcrumb":{"@id":"https:\/\/santamonica.lv\/et\/tervisele\/adek-vitamiini-sustelahus\/#breadcrumb"},"inLanguage":"et","potentialAction":[{"@type":"ReadAction","target":["https:\/\/santamonica.lv\/et\/tervisele\/adek-vitamiini-sustelahus\/"]}]},{"@type":"ImageObject","inLanguage":"et","@id":"https:\/\/santamonica.lv\/et\/tervisele\/adek-vitamiini-sustelahus\/#primaryimage","url":"https:\/\/santamonica.lv\/wp-content\/uploads\/2024\/01\/adek-vitaminu-infuzijas.jpg","contentUrl":"https:\/\/santamonica.lv\/wp-content\/uploads\/2024\/01\/adek-vitaminu-infuzijas.jpg","width":1330,"height":694},{"@type":"BreadcrumbList","@id":"https:\/\/santamonica.lv\/et\/tervisele\/adek-vitamiini-sustelahus\/#breadcrumb","itemListElement":[{"@type":"ListItem","position":1,"name":"Home","item":"https:\/\/santamonica.lv\/et\/sakums\/"},{"@type":"ListItem","position":2,"name":"Tervisele","item":"https:\/\/santamonica.lv\/et\/tervisele\/"},{"@type":"ListItem","position":3,"name":"ADEK vitamiini s\u00fcstelahus"}]},{"@type":"WebSite","@id":"https:\/\/santamonica.lv\/et\/#website","url":"https:\/\/santamonica.lv\/et\/","name":"Santa Monica","description":"","potentialAction":[{"@type":"SearchAction","target":{"@type":"EntryPoint","urlTemplate":"https:\/\/santamonica.lv\/et\/?s={search_term_string}"},"query-input":{"@type":"PropertyValueSpecification","valueRequired":true,"valueName":"search_term_string"}}],"inLanguage":"et"}]}},"uagb_featured_image_src":{"full":["https:\/\/santamonica.lv\/wp-content\/uploads\/2024\/01\/adek-vitaminu-infuzijas.jpg",1330,694,false],"thumbnail":["https:\/\/santamonica.lv\/wp-content\/uploads\/2024\/01\/adek-vitaminu-infuzijas-150x150.jpg",150,150,true],"medium":["https:\/\/santamonica.lv\/wp-content\/uploads\/2024\/01\/adek-vitaminu-infuzijas-300x157.jpg",300,157,true],"medium_large":["https:\/\/santamonica.lv\/wp-content\/uploads\/2024\/01\/adek-vitaminu-infuzijas-768x401.jpg",768,401,true],"large":["https:\/\/santamonica.lv\/wp-content\/uploads\/2024\/01\/adek-vitaminu-infuzijas-1024x534.jpg",1024,534,true],"1536x1536":["https:\/\/santamonica.lv\/wp-content\/uploads\/2024\/01\/adek-vitaminu-infuzijas.jpg",1330,694,false],"2048x2048":["https:\/\/santamonica.lv\/wp-content\/uploads\/2024\/01\/adek-vitaminu-infuzijas.jpg",1330,694,false],"woocommerce_thumbnail":["https:\/\/santamonica.lv\/wp-content\/uploads\/2024\/01\/adek-vitaminu-infuzijas-300x300.jpg",300,300,true],"woocommerce_single":["https:\/\/santamonica.lv\/wp-content\/uploads\/2024\/01\/adek-vitaminu-infuzijas-600x313.jpg",600,313,true],"woocommerce_gallery_thumbnail":["https:\/\/santamonica.lv\/wp-content\/uploads\/2024\/01\/adek-vitaminu-infuzijas-100x100.jpg",100,100,true]},"uagb_author_info":{"display_name":"Aigars","author_link":"https:\/\/santamonica.lv\/et\/author\/aigars\/"},"uagb_comment_info":0,"uagb_excerpt":"A, D, E ja K-vitamiinid on k\u00f5ik rasvlahustuvad, mis p\u00fcsivad organismis suhteliselt kaua. Paljude haiguste puhul tekib organismis nende ainete defitsiit imendumish\u00e4irete t\u00f5ttu (haavandiline koliit, krooniline k\u00f5hulahtisus jne). siis on vajalik nende t\u00e4iendav manustamine. ADEKi vitamiinide s\u00fcstelahuse valem on v\u00e4lja t\u00f6\u00f6tatud k\u00f5igi rasvlahustuvate vitamiinide kombineerimisel intramuskulaarse s\u00fcstina. ADEK-vitamiini s\u00fcstimise koostis: A-vitamiin 100 000 DV; D3-vitamiin...","_links":{"self":[{"href":"https:\/\/santamonica.lv\/et\/wp-json\/wp\/v2\/pages\/3129","targetHints":{"allow":["GET"]}}],"collection":[{"href":"https:\/\/santamonica.lv\/et\/wp-json\/wp\/v2\/pages"}],"about":[{"href":"https:\/\/santamonica.lv\/et\/wp-json\/wp\/v2\/types\/page"}],"author":[{"embeddable":true,"href":"https:\/\/santamonica.lv\/et\/wp-json\/wp\/v2\/users\/3"}],"replies":[{"embeddable":true,"href":"https:\/\/santamonica.lv\/et\/wp-json\/wp\/v2\/comments?post=3129"}],"version-history":[{"count":1,"href":"https:\/\/santamonica.lv\/et\/wp-json\/wp\/v2\/pages\/3129\/revisions"}],"predecessor-version":[{"id":3130,"href":"https:\/\/santamonica.lv\/et\/wp-json\/wp\/v2\/pages\/3129\/revisions\/3130"}],"up":[{"embeddable":true,"href":"https:\/\/santamonica.lv\/et\/wp-json\/wp\/v2\/pages\/2090"}],"wp:featuredmedia":[{"embeddable":true,"href":"https:\/\/santamonica.lv\/et\/wp-json\/wp\/v2\/media\/2127"}],"wp:attachment":[{"href":"https:\/\/santamonica.lv\/et\/wp-json\/wp\/v2\/media?parent=3129"}],"curies":[{"name":"wp","href":"https:\/\/api.w.org\/{rel}","templated":true}]}}