{"id":3131,"date":"2025-03-02T00:39:05","date_gmt":"2025-03-01T22:39:05","guid":{"rendered":"https:\/\/santamonica.lv\/?page_id=3131"},"modified":"2025-03-05T22:45:17","modified_gmt":"2025-03-05T20:45:17","slug":"6-shogaol","status":"publish","type":"page","link":"https:\/\/santamonica.lv\/et\/tervisele\/6-shogaol\/","title":{"rendered":"6 \u2013 shogaol"},"content":{"rendered":"\n<div class=\"wp-block-columns is-layout-flex wp-container-core-columns-is-layout-9d6595d7 wp-block-columns-is-layout-flex\">\n<div class=\"wp-block-column is-layout-flow wp-block-column-is-layout-flow\" style=\"flex-basis:33.33%\">\n<figure class=\"wp-block-image size-full\"><img loading=\"lazy\" decoding=\"async\" width=\"1152\" height=\"647\" src=\"https:\/\/santamonica.lv\/wp-content\/uploads\/2024\/01\/ginger.jpg\" alt=\"\" class=\"wp-image-1065\" srcset=\"https:\/\/santamonica.lv\/wp-content\/uploads\/2024\/01\/ginger.jpg 1152w, https:\/\/santamonica.lv\/wp-content\/uploads\/2024\/01\/ginger-300x168.jpg 300w, https:\/\/santamonica.lv\/wp-content\/uploads\/2024\/01\/ginger-1024x575.jpg 1024w, https:\/\/santamonica.lv\/wp-content\/uploads\/2024\/01\/ginger-768x431.jpg 768w, https:\/\/santamonica.lv\/wp-content\/uploads\/2024\/01\/ginger-600x337.jpg 600w\" sizes=\"auto, (max-width: 1152px) 100vw, 1152px\" \/><\/figure>\n<\/div>\n\n\n\n<div class=\"wp-block-column is-layout-flow wp-block-column-is-layout-flow\" style=\"flex-basis:66.66%\">\n<p>6 \u2013 shogaol on ingveri ekstrakti aktiivne \u00fchend. Aasia piirkonna arstid on ingveris (Panax ginseng) sisalduvaid bioloogilisi aineid ja f\u00fctontsiide kasutanud erinevate haiguste ravis sajandeid ja isegi tuhandeid aastaid. Ajalooliselt kasutati seda v\u00e4simuse ja stressi raviks. Ingveri juur sisaldab mitmeid bioloogiliselt aktiivseid \u00fchendeid. K\u00f5ige olulisemad on nn gingeroolid. Gingerol (betah\u00fcdroks\u00fcketoon) on v\u00e4rskes ingverijuures leiduv f\u00fctokeemiline fenool\u00fchend, mis p\u00f5hjustab keelel p\u00f5letustunnet. Looduslikul kujul meenutab see kergelt kollast \u00f5li, mida leidub selle taime risoomides.<\/p>\n<\/div>\n<\/div>\n\n\n\n<p>Shogaol on bioloogiliselt aktiivne aine, mida leidub ingverijuures. Shogaol saadakse ingveri kuumutamisel k\u00f5rgel temperatuuril. Ingveri ekstrakt sisaldab lisaks shogaolile ka teist keemilist \u00fchendit zingerooni, mis toimib antioks\u00fcdandina ja v\u00f5ib samuti avaldada positiivset m\u00f5ju ainevahetusele.<\/p>\n\n\n\n<p><strong>6-shogaoli kasutamine igat t\u00fc\u00fcpi v\u00e4hi t\u00fcvirakkude h\u00e4vitamiseks:<\/strong><\/p>\n\n\n\n<ul class=\"wp-block-list\">\n<li>Rinnav\u00e4higa patsientidele;<\/li>\n\n\n\n<li>Kopsuv\u00e4hk;<\/li>\n\n\n\n<li>Hepatokartsinoomi raviks;<\/li>\n\n\n\n<li>Kolorektaalse v\u00e4hi raviks.<\/li>\n\n\n\n<li>Eesn\u00e4\u00e4rmev\u00e4hi raviks;<\/li>\n\n\n\n<li>Leukeemia raviks<\/li>\n<\/ul>\n\n\n\n<p>Kirjeldatud on palju teaduslikke uuringuid, mille eesm\u00e4rk oli v\u00e4lja selgitada, kui t\u00f5hus on ingveri\u00fchendite kasutamine ja millistel eesm\u00e4rkidel seda saab kasutada. Shogaol on teadaolevalt v\u00e4hivastane toime ja seda kasutatakse keemiaravi k\u00f5rvalm\u00f5jude v\u00e4hendamiseks. Loomkatsed on n\u00e4idanud, et ingveris sisalduvad ained p\u00e4rsivad v\u00e4hi t\u00fcvirakkude paljunemist, p\u00e4rsivad neoangiogeneesi (uute veresoonte teket v\u00e4hikoes) ja soodustavad apoptoosi \u2013 v\u00e4hirakkude loomulikku surma. Hiinas ja Koreas tehtud uuringud ja nende tulemused m\u00e4rgivad, et ingveri\u00fchendid parandavad oluliselt rinna- ja endomeetriumiv\u00e4higa patsientide elukvaliteeti. On n\u00e4idatud, et ingverijuurtes sisalduva aine metaboliidid moodustavad k\u00e4\u00e4rsooles ainet K, millel on suur t\u00e4htsus kolorektaalse v\u00e4hi ravis. Seevastu Ameerika V\u00e4hiuuringute Instituut nendib, et ingver v\u00e4hendab oluliselt v\u00e4him\u00fcrgitusest tingitud v\u00e4simust.<\/p>\n\n\n\n<p>Ingveril on ka v\u00e4ljendunud p\u00f5letikuvastane toime, seet\u00f5ttu soovitatakse seda kasutada haavandilise koliidi ravis.<\/p>\n\n\n\n<p>Ingveri toimeaineid soovitatakse kasutada ka isheemia, diabeedi ja krooniliste infektsioonide ravis.<\/p>\n\n\n\n<p>K\u00f5iki ingveripreparaate taluvad patsiendid \u00fcldiselt h\u00e4sti ja on teada, et Ameerikas kasvav ingver (Panax qiunquefolius) v\u00f5ib diabeedihaigetel v\u00e4hendada veresuhkru taset.<\/p>\n","protected":false},"excerpt":{"rendered":"<p>6 \u2013 shogaol on ingveri ekstrakti aktiivne \u00fchend. Aasia piirkonna arstid on ingveris (Panax ginseng) sisalduvaid bioloogilisi aineid ja f\u00fctontsiide kasutanud erinevate haiguste ravis sajandeid ja isegi tuhandeid aastaid. Ajalooliselt kasutati seda v\u00e4simuse ja stressi raviks. Ingveri juur sisaldab mitmeid bioloogiliselt aktiivseid \u00fchendeid. K\u00f5ige olulisemad on nn gingeroolid. Gingerol (betah\u00fcdroks\u00fcketoon) on v\u00e4rskes ingverijuures leiduv f\u00fctokeemiline&#8230;<\/p>\n","protected":false},"author":3,"featured_media":2136,"parent":2090,"menu_order":0,"comment_status":"closed","ping_status":"closed","template":"","meta":{"_acf_changed":false,"_uag_custom_page_level_css":"","_kadence_starter_templates_imported_post":false,"_kad_post_transparent":"","_kad_post_title":"","_kad_post_layout":"","_kad_post_sidebar_id":"","_kad_post_content_style":"","_kad_post_vertical_padding":"","_kad_post_feature":"","_kad_post_feature_position":"","_kad_post_header":false,"_kad_post_footer":false,"footnotes":""},"class_list":["post-3131","page","type-page","status-publish","has-post-thumbnail","hentry"],"acf":[],"yoast_head":"<!-- This site is optimized with the Yoast SEO plugin v26.4 - https:\/\/yoast.com\/wordpress\/plugins\/seo\/ -->\n<title>6 \u2013 shogaol - Santa Monica<\/title>\n<meta name=\"robots\" content=\"index, follow, max-snippet:-1, max-image-preview:large, max-video-preview:-1\" \/>\n<link rel=\"canonical\" href=\"https:\/\/santamonica.lv\/et\/tervisele\/6-shogaol\/\" \/>\n<meta property=\"og:locale\" content=\"et_EE\" \/>\n<meta property=\"og:type\" content=\"article\" \/>\n<meta property=\"og:title\" content=\"6 \u2013 shogaol - Santa Monica\" \/>\n<meta property=\"og:description\" content=\"6 \u2013 shogaol on ingveri ekstrakti aktiivne \u00fchend. Aasia piirkonna arstid on ingveris (Panax ginseng) sisalduvaid bioloogilisi aineid ja f\u00fctontsiide kasutanud erinevate haiguste ravis sajandeid ja isegi tuhandeid aastaid. Ajalooliselt kasutati seda v\u00e4simuse ja stressi raviks. Ingveri juur sisaldab mitmeid bioloogiliselt aktiivseid \u00fchendeid. K\u00f5ige olulisemad on nn gingeroolid. Gingerol (betah\u00fcdroks\u00fcketoon) on v\u00e4rskes ingverijuures leiduv f\u00fctokeemiline...\" \/>\n<meta property=\"og:url\" content=\"https:\/\/santamonica.lv\/et\/tervisele\/6-shogaol\/\" \/>\n<meta property=\"og:site_name\" content=\"Santa Monica\" \/>\n<meta property=\"article:publisher\" content=\"https:\/\/www.facebook.com\/klinikasantamonica\" \/>\n<meta property=\"article:modified_time\" content=\"2025-03-05T20:45:17+00:00\" \/>\n<meta property=\"og:image\" content=\"https:\/\/santamonica.lv\/wp-content\/uploads\/2024\/01\/ginger.jpg\" \/>\n\t<meta property=\"og:image:width\" content=\"1152\" \/>\n\t<meta property=\"og:image:height\" content=\"647\" \/>\n\t<meta property=\"og:image:type\" content=\"image\/jpeg\" \/>\n<meta name=\"twitter:card\" content=\"summary_large_image\" \/>\n<meta name=\"twitter:label1\" content=\"Est. reading time\" \/>\n\t<meta name=\"twitter:data1\" content=\"2 minutit\" \/>\n<script type=\"application\/ld+json\" class=\"yoast-schema-graph\">{\"@context\":\"https:\/\/schema.org\",\"@graph\":[{\"@type\":\"WebPage\",\"@id\":\"https:\/\/santamonica.lv\/et\/tervisele\/6-shogaol\/\",\"url\":\"https:\/\/santamonica.lv\/et\/tervisele\/6-shogaol\/\",\"name\":\"6 \u2013 shogaol - Santa Monica\",\"isPartOf\":{\"@id\":\"https:\/\/santamonica.lv\/et\/#website\"},\"primaryImageOfPage\":{\"@id\":\"https:\/\/santamonica.lv\/et\/tervisele\/6-shogaol\/#primaryimage\"},\"image\":{\"@id\":\"https:\/\/santamonica.lv\/et\/tervisele\/6-shogaol\/#primaryimage\"},\"thumbnailUrl\":\"https:\/\/santamonica.lv\/wp-content\/uploads\/2024\/01\/ginger.jpg\",\"datePublished\":\"2025-03-01T22:39:05+00:00\",\"dateModified\":\"2025-03-05T20:45:17+00:00\",\"breadcrumb\":{\"@id\":\"https:\/\/santamonica.lv\/et\/tervisele\/6-shogaol\/#breadcrumb\"},\"inLanguage\":\"et\",\"potentialAction\":[{\"@type\":\"ReadAction\",\"target\":[\"https:\/\/santamonica.lv\/et\/tervisele\/6-shogaol\/\"]}]},{\"@type\":\"ImageObject\",\"inLanguage\":\"et\",\"@id\":\"https:\/\/santamonica.lv\/et\/tervisele\/6-shogaol\/#primaryimage\",\"url\":\"https:\/\/santamonica.lv\/wp-content\/uploads\/2024\/01\/ginger.jpg\",\"contentUrl\":\"https:\/\/santamonica.lv\/wp-content\/uploads\/2024\/01\/ginger.jpg\",\"width\":1152,\"height\":647},{\"@type\":\"BreadcrumbList\",\"@id\":\"https:\/\/santamonica.lv\/et\/tervisele\/6-shogaol\/#breadcrumb\",\"itemListElement\":[{\"@type\":\"ListItem\",\"position\":1,\"name\":\"Home\",\"item\":\"https:\/\/santamonica.lv\/et\/sakums\/\"},{\"@type\":\"ListItem\",\"position\":2,\"name\":\"Tervisele\",\"item\":\"https:\/\/santamonica.lv\/et\/tervisele\/\"},{\"@type\":\"ListItem\",\"position\":3,\"name\":\"6 \u2013 shogaol\"}]},{\"@type\":\"WebSite\",\"@id\":\"https:\/\/santamonica.lv\/et\/#website\",\"url\":\"https:\/\/santamonica.lv\/et\/\",\"name\":\"Santa Monica\",\"description\":\"\",\"potentialAction\":[{\"@type\":\"SearchAction\",\"target\":{\"@type\":\"EntryPoint\",\"urlTemplate\":\"https:\/\/santamonica.lv\/et\/?s={search_term_string}\"},\"query-input\":{\"@type\":\"PropertyValueSpecification\",\"valueRequired\":true,\"valueName\":\"search_term_string\"}}],\"inLanguage\":\"et\"}]}<\/script>\n<!-- \/ Yoast SEO plugin. -->","yoast_head_json":{"title":"6 \u2013 shogaol - Santa Monica","robots":{"index":"index","follow":"follow","max-snippet":"max-snippet:-1","max-image-preview":"max-image-preview:large","max-video-preview":"max-video-preview:-1"},"canonical":"https:\/\/santamonica.lv\/et\/tervisele\/6-shogaol\/","og_locale":"et_EE","og_type":"article","og_title":"6 \u2013 shogaol - Santa Monica","og_description":"6 \u2013 shogaol on ingveri ekstrakti aktiivne \u00fchend. Aasia piirkonna arstid on ingveris (Panax ginseng) sisalduvaid bioloogilisi aineid ja f\u00fctontsiide kasutanud erinevate haiguste ravis sajandeid ja isegi tuhandeid aastaid. Ajalooliselt kasutati seda v\u00e4simuse ja stressi raviks. Ingveri juur sisaldab mitmeid bioloogiliselt aktiivseid \u00fchendeid. K\u00f5ige olulisemad on nn gingeroolid. Gingerol (betah\u00fcdroks\u00fcketoon) on v\u00e4rskes ingverijuures leiduv f\u00fctokeemiline...","og_url":"https:\/\/santamonica.lv\/et\/tervisele\/6-shogaol\/","og_site_name":"Santa Monica","article_publisher":"https:\/\/www.facebook.com\/klinikasantamonica","article_modified_time":"2025-03-05T20:45:17+00:00","og_image":[{"width":1152,"height":647,"url":"https:\/\/santamonica.lv\/wp-content\/uploads\/2024\/01\/ginger.jpg","type":"image\/jpeg"}],"twitter_card":"summary_large_image","twitter_misc":{"Est. reading time":"2 minutit"},"schema":{"@context":"https:\/\/schema.org","@graph":[{"@type":"WebPage","@id":"https:\/\/santamonica.lv\/et\/tervisele\/6-shogaol\/","url":"https:\/\/santamonica.lv\/et\/tervisele\/6-shogaol\/","name":"6 \u2013 shogaol - Santa Monica","isPartOf":{"@id":"https:\/\/santamonica.lv\/et\/#website"},"primaryImageOfPage":{"@id":"https:\/\/santamonica.lv\/et\/tervisele\/6-shogaol\/#primaryimage"},"image":{"@id":"https:\/\/santamonica.lv\/et\/tervisele\/6-shogaol\/#primaryimage"},"thumbnailUrl":"https:\/\/santamonica.lv\/wp-content\/uploads\/2024\/01\/ginger.jpg","datePublished":"2025-03-01T22:39:05+00:00","dateModified":"2025-03-05T20:45:17+00:00","breadcrumb":{"@id":"https:\/\/santamonica.lv\/et\/tervisele\/6-shogaol\/#breadcrumb"},"inLanguage":"et","potentialAction":[{"@type":"ReadAction","target":["https:\/\/santamonica.lv\/et\/tervisele\/6-shogaol\/"]}]},{"@type":"ImageObject","inLanguage":"et","@id":"https:\/\/santamonica.lv\/et\/tervisele\/6-shogaol\/#primaryimage","url":"https:\/\/santamonica.lv\/wp-content\/uploads\/2024\/01\/ginger.jpg","contentUrl":"https:\/\/santamonica.lv\/wp-content\/uploads\/2024\/01\/ginger.jpg","width":1152,"height":647},{"@type":"BreadcrumbList","@id":"https:\/\/santamonica.lv\/et\/tervisele\/6-shogaol\/#breadcrumb","itemListElement":[{"@type":"ListItem","position":1,"name":"Home","item":"https:\/\/santamonica.lv\/et\/sakums\/"},{"@type":"ListItem","position":2,"name":"Tervisele","item":"https:\/\/santamonica.lv\/et\/tervisele\/"},{"@type":"ListItem","position":3,"name":"6 \u2013 shogaol"}]},{"@type":"WebSite","@id":"https:\/\/santamonica.lv\/et\/#website","url":"https:\/\/santamonica.lv\/et\/","name":"Santa Monica","description":"","potentialAction":[{"@type":"SearchAction","target":{"@type":"EntryPoint","urlTemplate":"https:\/\/santamonica.lv\/et\/?s={search_term_string}"},"query-input":{"@type":"PropertyValueSpecification","valueRequired":true,"valueName":"search_term_string"}}],"inLanguage":"et"}]}},"uagb_featured_image_src":{"full":["https:\/\/santamonica.lv\/wp-content\/uploads\/2024\/01\/ginger.jpg",1152,647,false],"thumbnail":["https:\/\/santamonica.lv\/wp-content\/uploads\/2024\/01\/ginger-150x150.jpg",150,150,true],"medium":["https:\/\/santamonica.lv\/wp-content\/uploads\/2024\/01\/ginger-300x168.jpg",300,168,true],"medium_large":["https:\/\/santamonica.lv\/wp-content\/uploads\/2024\/01\/ginger-768x431.jpg",768,431,true],"large":["https:\/\/santamonica.lv\/wp-content\/uploads\/2024\/01\/ginger-1024x575.jpg",1024,575,true],"1536x1536":["https:\/\/santamonica.lv\/wp-content\/uploads\/2024\/01\/ginger.jpg",1152,647,false],"2048x2048":["https:\/\/santamonica.lv\/wp-content\/uploads\/2024\/01\/ginger.jpg",1152,647,false],"woocommerce_thumbnail":["https:\/\/santamonica.lv\/wp-content\/uploads\/2024\/01\/ginger-300x300.jpg",300,300,true],"woocommerce_single":["https:\/\/santamonica.lv\/wp-content\/uploads\/2024\/01\/ginger-600x337.jpg",600,337,true],"woocommerce_gallery_thumbnail":["https:\/\/santamonica.lv\/wp-content\/uploads\/2024\/01\/ginger-100x100.jpg",100,100,true]},"uagb_author_info":{"display_name":"Aigars","author_link":"https:\/\/santamonica.lv\/et\/author\/aigars\/"},"uagb_comment_info":0,"uagb_excerpt":"6 \u2013 shogaol on ingveri ekstrakti aktiivne \u00fchend. Aasia piirkonna arstid on ingveris (Panax ginseng) sisalduvaid bioloogilisi aineid ja f\u00fctontsiide kasutanud erinevate haiguste ravis sajandeid ja isegi tuhandeid aastaid. Ajalooliselt kasutati seda v\u00e4simuse ja stressi raviks. Ingveri juur sisaldab mitmeid bioloogiliselt aktiivseid \u00fchendeid. K\u00f5ige olulisemad on nn gingeroolid. Gingerol (betah\u00fcdroks\u00fcketoon) on v\u00e4rskes ingverijuures leiduv f\u00fctokeemiline...","_links":{"self":[{"href":"https:\/\/santamonica.lv\/et\/wp-json\/wp\/v2\/pages\/3131","targetHints":{"allow":["GET"]}}],"collection":[{"href":"https:\/\/santamonica.lv\/et\/wp-json\/wp\/v2\/pages"}],"about":[{"href":"https:\/\/santamonica.lv\/et\/wp-json\/wp\/v2\/types\/page"}],"author":[{"embeddable":true,"href":"https:\/\/santamonica.lv\/et\/wp-json\/wp\/v2\/users\/3"}],"replies":[{"embeddable":true,"href":"https:\/\/santamonica.lv\/et\/wp-json\/wp\/v2\/comments?post=3131"}],"version-history":[{"count":1,"href":"https:\/\/santamonica.lv\/et\/wp-json\/wp\/v2\/pages\/3131\/revisions"}],"predecessor-version":[{"id":3132,"href":"https:\/\/santamonica.lv\/et\/wp-json\/wp\/v2\/pages\/3131\/revisions\/3132"}],"up":[{"embeddable":true,"href":"https:\/\/santamonica.lv\/et\/wp-json\/wp\/v2\/pages\/2090"}],"wp:featuredmedia":[{"embeddable":true,"href":"https:\/\/santamonica.lv\/et\/wp-json\/wp\/v2\/media\/2136"}],"wp:attachment":[{"href":"https:\/\/santamonica.lv\/et\/wp-json\/wp\/v2\/media?parent=3131"}],"curies":[{"name":"wp","href":"https:\/\/api.w.org\/{rel}","templated":true}]}}