{"id":3391,"date":"2025-03-10T21:03:20","date_gmt":"2025-03-10T19:03:20","guid":{"rendered":"https:\/\/santamonica.lv\/?page_id=3391"},"modified":"2025-03-10T23:05:31","modified_gmt":"2025-03-10T21:05:31","slug":"kohaletoimetamine","status":"publish","type":"page","link":"https:\/\/santamonica.lv\/et\/kohaletoimetamine\/","title":{"rendered":"Kohaletoimetamine"},"content":{"rendered":"\n<p>Santa Monica Clinic veebipoes tellimuse vormistamisel on tellimuste standardne tarneaeg 1-4 t\u00f6\u00f6p\u00e4eva. P\u00e4rast tellimuse vormistamist saate SMS-i ja meilis\u00f5numi kauba eeldatava tarneajaga.<\/p>\n\n\n\n<p><strong>T\u00c4HELEPANU!<\/strong> Teatise saamisel kontrollige ja v\u00f5rrelge kogu teavet. Lahknevuste korral v\u00f5tke meiega \u00fchendust telefonil: +371 27337768 v\u00f5i kirjutades:\u00a0<a href=\"mailto:info@santamonica.lv?swcfpc=1\">info@santamonica.lv<\/a><\/p>\n\n\n\n<p class=\"has-medium-font-size\"><strong>Tarne pakiautomaatidesse<\/strong><\/p>\n\n\n\n<p>Ja valisite tarne pakiautomaati, on tarneaeg 2\u20133 t\u00f6\u00f6p\u00e4eva, kui konkreetse toote puhul ei ole m\u00e4rgitud teisiti.<\/p>\n\n\n\n<p>Tarne <strong>Omniva <\/strong>pakiautomaati \u2013 <strong>2,99 \u20ac<\/strong>. See teenus on saadaval tellimustele, mis ei \u00fcleta m\u00f5\u00f5tmeid <strong>39 x 38 x 64 cm<\/strong> ja kaal on <strong>alla 30 kg<\/strong>.<\/p>\n\n\n\n<p>Tarne <strong>DPD<\/strong> pakiautomaati \u2013 <strong>2,99 \u20ac<\/strong>. See teenus on saadaval tellimustele, mis ei \u00fcleta m\u00f5\u00f5tmeid <strong>61 x 44 x 37 cm<\/strong> ja kaal on <strong>alla 30 kg<\/strong>.<\/p>\n\n\n\n<p>Kui tellimus on pakiautomaati toimetatud, saate SMS-i teel uksekoodi.<\/p>\n\n\n\n<p><strong>T\u00c4HELEPANU!<\/strong> Tellimus tuleb pakiautomaadist v\u00e4lja v\u00f5tta <strong>7 p\u00e4eva jooksul<\/strong>, vastasel juhul saadetakse see tagasi.<\/p>\n\n\n\n<p>\u00dclej\u00e4\u00e4nud saadetiste puhul arvutatakse pakiautomaadi tarnekulu ostukorvi kaalu ja tarnekoha alusel.<\/p>\n\n\n\n<p class=\"has-medium-font-size\"><strong>Kojuvedu<\/strong><\/p>\n\n\n\n<p>Kohaletoimetamine koju toimub t\u00f6\u00f6p\u00e4evadel kell 09:00\u201318:00.<\/p>\n\n\n\n<p>Kohaletoimetamise kulud koju arvutatakse vastavalt ostukorvi kaalule ja tarneaadressile.<\/p>\n\n\n\n<figure class=\"wp-block-table\"><table class=\"has-fixed-layout\"><tbody><tr><td>Kaal<\/td><td>\u2264 1kg<\/td><td>\u2264 5kg<\/td><td>\u2264 10kg<\/td><td>\u2264 15kg<\/td><td>\u2264 20kg<\/td><\/tr><tr><td>Riia<\/td><td>3,99\u20ac<\/td><td>4,99\u20ac<\/td><td>5,99\u20ac<\/td><td>7,99\u20ac<\/td><td>8,99\u20ac<\/td><\/tr><tr><td>L\u00e4ti<\/td><td>4,99\u20ac<\/td><td>6,99\u20ac<\/td><td>10,99\u20ac<\/td><td>10,99\u20ac<\/td><td>10,99\u20ac<\/td><\/tr><\/tbody><\/table><\/figure>\n\n\n\n<p>* Standardne tarneaeg on 2-3 t\u00f6\u00f6p\u00e4eva, kui konkreetse toote puhul ei ole m\u00e4rgitud teisiti.<\/p>\n\n\n\n<p>Kui tellimus on kullerile \u00fcle antud, v\u00f5etakse Teiega \u00fchendust, et kokku leppida kohaletoimetamise aeg.<\/p>\n\n\n\n<p><strong>T\u00c4HELEPANU!<\/strong> Kui kohaletoimetamine ei ole v\u00f5imalik, saadetakse pakk l\u00e4himasse postkontorisse ning Teile saadetakse teade saadetise saabumise kohta. Selle teate alusel saate paki k\u00e4tte teates m\u00e4rgitud postkontorist.<\/p>\n\n\n\n<p class=\"has-medium-font-size\"><strong>Oma paki saab tasuta k\u00e4tte kliinikust \u201eSanta Monica\u201d<\/strong>\u00a0<a href=\"https:\/\/maps.app.goo.gl\/EDYPGnfz9hveaEcB7\" target=\"_blank\" rel=\"noreferrer noopener\">Nauk\u0161\u0113nu mui\u017ea, Nauk\u0161\u0113ni, Nauk\u0161\u0113nu pag., Valmieras nov., LV-4244<\/a>\u00a0E-R kell 9.00\u201317.00.<\/p>\n\n\n\n<p>* Kaupa v\u00e4lja ei saadeta ja kohale ei toimetata p\u00fchadel ja riigip\u00fchadel!<\/p>\n\n\n\n<p>Lisak\u00fcsimuste korral v\u00f5tke meiega \u00fchendust helistades: +371 27337768 v\u00f5i kirjutades: \u00a0<a href=\"mailto:info@santamonica.lv?swcfpc=1\">info@santamonica.lv<\/a> ja p\u00fc\u00fcame neile esimesel v\u00f5imalusel vastata.<\/p>\n\n\n\n<p><\/p>\n","protected":false},"excerpt":{"rendered":"<p>Santa Monica Clinic veebipoes tellimuse vormistamisel on tellimuste standardne tarneaeg 1-4 t\u00f6\u00f6p\u00e4eva. P\u00e4rast tellimuse vormistamist saate SMS-i ja meilis\u00f5numi kauba eeldatava tarneajaga. T\u00c4HELEPANU! Teatise saamisel kontrollige ja v\u00f5rrelge kogu teavet. Lahknevuste korral v\u00f5tke meiega \u00fchendust telefonil: +371 27337768 v\u00f5i kirjutades:\u00a0info@santamonica.lv Tarne pakiautomaatidesse Ja valisite tarne pakiautomaati, on tarneaeg 2\u20133 t\u00f6\u00f6p\u00e4eva, kui konkreetse toote puhul ei&#8230;<\/p>\n","protected":false},"author":1,"featured_media":0,"parent":0,"menu_order":0,"comment_status":"closed","ping_status":"closed","template":"","meta":{"_acf_changed":false,"_uag_custom_page_level_css":"","_kadence_starter_templates_imported_post":false,"_kad_post_transparent":"","_kad_post_title":"","_kad_post_layout":"","_kad_post_sidebar_id":"","_kad_post_content_style":"","_kad_post_vertical_padding":"","_kad_post_feature":"","_kad_post_feature_position":"","_kad_post_header":false,"_kad_post_footer":false,"footnotes":""},"class_list":["post-3391","page","type-page","status-publish","hentry"],"acf":[],"yoast_head":"<!-- This site is optimized with the Yoast SEO plugin v26.4 - https:\/\/yoast.com\/wordpress\/plugins\/seo\/ -->\n<title>Kohaletoimetamine - Santa Monica<\/title>\n<meta name=\"robots\" content=\"index, follow, max-snippet:-1, max-image-preview:large, max-video-preview:-1\" \/>\n<link rel=\"canonical\" href=\"https:\/\/santamonica.lv\/et\/kohaletoimetamine\/\" \/>\n<meta property=\"og:locale\" content=\"et_EE\" \/>\n<meta property=\"og:type\" content=\"article\" \/>\n<meta property=\"og:title\" content=\"Kohaletoimetamine - Santa Monica\" \/>\n<meta property=\"og:description\" content=\"Santa Monica Clinic veebipoes tellimuse vormistamisel on tellimuste standardne tarneaeg 1-4 t\u00f6\u00f6p\u00e4eva. P\u00e4rast tellimuse vormistamist saate SMS-i ja meilis\u00f5numi kauba eeldatava tarneajaga. T\u00c4HELEPANU! Teatise saamisel kontrollige ja v\u00f5rrelge kogu teavet. Lahknevuste korral v\u00f5tke meiega \u00fchendust telefonil: +371 27337768 v\u00f5i kirjutades:\u00a0info@santamonica.lv Tarne pakiautomaatidesse Ja valisite tarne pakiautomaati, on tarneaeg 2\u20133 t\u00f6\u00f6p\u00e4eva, kui konkreetse toote puhul ei...\" \/>\n<meta property=\"og:url\" content=\"https:\/\/santamonica.lv\/et\/kohaletoimetamine\/\" \/>\n<meta property=\"og:site_name\" content=\"Santa Monica\" \/>\n<meta property=\"article:publisher\" content=\"https:\/\/www.facebook.com\/klinikasantamonica\" \/>\n<meta property=\"article:modified_time\" content=\"2025-03-10T21:05:31+00:00\" \/>\n<meta name=\"twitter:card\" content=\"summary_large_image\" \/>\n<meta name=\"twitter:label1\" content=\"Est. reading time\" \/>\n\t<meta name=\"twitter:data1\" content=\"1 minut\" \/>\n<script type=\"application\/ld+json\" class=\"yoast-schema-graph\">{\"@context\":\"https:\/\/schema.org\",\"@graph\":[{\"@type\":\"WebPage\",\"@id\":\"https:\/\/santamonica.lv\/et\/kohaletoimetamine\/\",\"url\":\"https:\/\/santamonica.lv\/et\/kohaletoimetamine\/\",\"name\":\"Kohaletoimetamine - Santa Monica\",\"isPartOf\":{\"@id\":\"https:\/\/santamonica.lv\/et\/#website\"},\"datePublished\":\"2025-03-10T19:03:20+00:00\",\"dateModified\":\"2025-03-10T21:05:31+00:00\",\"breadcrumb\":{\"@id\":\"https:\/\/santamonica.lv\/et\/kohaletoimetamine\/#breadcrumb\"},\"inLanguage\":\"et\",\"potentialAction\":[{\"@type\":\"ReadAction\",\"target\":[\"https:\/\/santamonica.lv\/et\/kohaletoimetamine\/\"]}]},{\"@type\":\"BreadcrumbList\",\"@id\":\"https:\/\/santamonica.lv\/et\/kohaletoimetamine\/#breadcrumb\",\"itemListElement\":[{\"@type\":\"ListItem\",\"position\":1,\"name\":\"Home\",\"item\":\"https:\/\/santamonica.lv\/et\/sakums\/\"},{\"@type\":\"ListItem\",\"position\":2,\"name\":\"Kohaletoimetamine\"}]},{\"@type\":\"WebSite\",\"@id\":\"https:\/\/santamonica.lv\/et\/#website\",\"url\":\"https:\/\/santamonica.lv\/et\/\",\"name\":\"Santa Monica\",\"description\":\"\",\"potentialAction\":[{\"@type\":\"SearchAction\",\"target\":{\"@type\":\"EntryPoint\",\"urlTemplate\":\"https:\/\/santamonica.lv\/et\/?s={search_term_string}\"},\"query-input\":{\"@type\":\"PropertyValueSpecification\",\"valueRequired\":true,\"valueName\":\"search_term_string\"}}],\"inLanguage\":\"et\"}]}<\/script>\n<!-- \/ Yoast SEO plugin. -->","yoast_head_json":{"title":"Kohaletoimetamine - Santa Monica","robots":{"index":"index","follow":"follow","max-snippet":"max-snippet:-1","max-image-preview":"max-image-preview:large","max-video-preview":"max-video-preview:-1"},"canonical":"https:\/\/santamonica.lv\/et\/kohaletoimetamine\/","og_locale":"et_EE","og_type":"article","og_title":"Kohaletoimetamine - Santa Monica","og_description":"Santa Monica Clinic veebipoes tellimuse vormistamisel on tellimuste standardne tarneaeg 1-4 t\u00f6\u00f6p\u00e4eva. P\u00e4rast tellimuse vormistamist saate SMS-i ja meilis\u00f5numi kauba eeldatava tarneajaga. T\u00c4HELEPANU! Teatise saamisel kontrollige ja v\u00f5rrelge kogu teavet. Lahknevuste korral v\u00f5tke meiega \u00fchendust telefonil: +371 27337768 v\u00f5i kirjutades:\u00a0info@santamonica.lv Tarne pakiautomaatidesse Ja valisite tarne pakiautomaati, on tarneaeg 2\u20133 t\u00f6\u00f6p\u00e4eva, kui konkreetse toote puhul ei...","og_url":"https:\/\/santamonica.lv\/et\/kohaletoimetamine\/","og_site_name":"Santa Monica","article_publisher":"https:\/\/www.facebook.com\/klinikasantamonica","article_modified_time":"2025-03-10T21:05:31+00:00","twitter_card":"summary_large_image","twitter_misc":{"Est. reading time":"1 minut"},"schema":{"@context":"https:\/\/schema.org","@graph":[{"@type":"WebPage","@id":"https:\/\/santamonica.lv\/et\/kohaletoimetamine\/","url":"https:\/\/santamonica.lv\/et\/kohaletoimetamine\/","name":"Kohaletoimetamine - Santa Monica","isPartOf":{"@id":"https:\/\/santamonica.lv\/et\/#website"},"datePublished":"2025-03-10T19:03:20+00:00","dateModified":"2025-03-10T21:05:31+00:00","breadcrumb":{"@id":"https:\/\/santamonica.lv\/et\/kohaletoimetamine\/#breadcrumb"},"inLanguage":"et","potentialAction":[{"@type":"ReadAction","target":["https:\/\/santamonica.lv\/et\/kohaletoimetamine\/"]}]},{"@type":"BreadcrumbList","@id":"https:\/\/santamonica.lv\/et\/kohaletoimetamine\/#breadcrumb","itemListElement":[{"@type":"ListItem","position":1,"name":"Home","item":"https:\/\/santamonica.lv\/et\/sakums\/"},{"@type":"ListItem","position":2,"name":"Kohaletoimetamine"}]},{"@type":"WebSite","@id":"https:\/\/santamonica.lv\/et\/#website","url":"https:\/\/santamonica.lv\/et\/","name":"Santa Monica","description":"","potentialAction":[{"@type":"SearchAction","target":{"@type":"EntryPoint","urlTemplate":"https:\/\/santamonica.lv\/et\/?s={search_term_string}"},"query-input":{"@type":"PropertyValueSpecification","valueRequired":true,"valueName":"search_term_string"}}],"inLanguage":"et"}]}},"uagb_featured_image_src":{"full":false,"thumbnail":false,"medium":false,"medium_large":false,"large":false,"1536x1536":false,"2048x2048":false,"woocommerce_thumbnail":false,"woocommerce_single":false,"woocommerce_gallery_thumbnail":false},"uagb_author_info":{"display_name":"admin","author_link":"https:\/\/santamonica.lv\/et\/author\/admin\/"},"uagb_comment_info":0,"uagb_excerpt":"Santa Monica Clinic veebipoes tellimuse vormistamisel on tellimuste standardne tarneaeg 1-4 t\u00f6\u00f6p\u00e4eva. P\u00e4rast tellimuse vormistamist saate SMS-i ja meilis\u00f5numi kauba eeldatava tarneajaga. T\u00c4HELEPANU! Teatise saamisel kontrollige ja v\u00f5rrelge kogu teavet. Lahknevuste korral v\u00f5tke meiega \u00fchendust telefonil: +371 27337768 v\u00f5i kirjutades:\u00a0info@santamonica.lv Tarne pakiautomaatidesse Ja valisite tarne pakiautomaati, on tarneaeg 2\u20133 t\u00f6\u00f6p\u00e4eva, kui konkreetse toote puhul ei...","_links":{"self":[{"href":"https:\/\/santamonica.lv\/et\/wp-json\/wp\/v2\/pages\/3391","targetHints":{"allow":["GET"]}}],"collection":[{"href":"https:\/\/santamonica.lv\/et\/wp-json\/wp\/v2\/pages"}],"about":[{"href":"https:\/\/santamonica.lv\/et\/wp-json\/wp\/v2\/types\/page"}],"author":[{"embeddable":true,"href":"https:\/\/santamonica.lv\/et\/wp-json\/wp\/v2\/users\/1"}],"replies":[{"embeddable":true,"href":"https:\/\/santamonica.lv\/et\/wp-json\/wp\/v2\/comments?post=3391"}],"version-history":[{"count":2,"href":"https:\/\/santamonica.lv\/et\/wp-json\/wp\/v2\/pages\/3391\/revisions"}],"predecessor-version":[{"id":3425,"href":"https:\/\/santamonica.lv\/et\/wp-json\/wp\/v2\/pages\/3391\/revisions\/3425"}],"wp:attachment":[{"href":"https:\/\/santamonica.lv\/et\/wp-json\/wp\/v2\/media?parent=3391"}],"curies":[{"name":"wp","href":"https:\/\/api.w.org\/{rel}","templated":true}]}}