{"id":3442,"date":"2025-03-11T19:19:29","date_gmt":"2025-03-11T17:19:29","guid":{"rendered":"https:\/\/santamonica.lv\/?page_id=3442"},"modified":"2025-03-11T19:52:44","modified_gmt":"2025-03-11T17:52:44","slug":"kauba-eest-tasumine","status":"publish","type":"page","link":"https:\/\/santamonica.lv\/et\/kauba-eest-tasumine\/","title":{"rendered":"Kauba eest tasumine"},"content":{"rendered":"\n<p class=\"has-medium-font-size\"><strong>Online makse<\/strong><\/p>\n\n\n\n<p>Veebimakseid santamonica.lv veebilehel v\u00f5imaldatakse koost\u00f6\u00f6s montonio.lv-ga \u2013 kiire ja turvaline makselahendus.<\/p>\n\n\n\n<p>Makske internetis lihtsalt ja mugavalt: valige oma pank, logige sisse ja kinnitage makse.<\/p>\n\n\n\n<p>Peale tellimuse vormistamist saadetakse Sinu e-mailile ettemaksuarve ja tellimus l\u00e4heb t\u00f6\u00f6sse.<\/p>\n\n\n\n<p>L\u00f5plik arve saadetakse teile koos tellimusega.<\/p>\n\n\n\n<p class=\"has-medium-font-size\"><strong>Maksekaardid<\/strong><\/p>\n\n\n\n<p>Ettemaksu sooritamisel on v\u00f5imalik kasutada deebet- ja krediitkaarte VISA, MasterCard, Maestro, kui kaart on aktiveeritud turvalisteks veebiostudeks. Kui kaarti pole turvaliste veebiostude jaoks aktiveeritud, saab selle aktiveerida oma netipangas.<\/p>\n\n\n\n<p>Kui kaardiomaniku andmed, kaardi number, aegumiskuup\u00e4ev ja CVV on t\u00e4idetud, debiteeritakse tellimuse summa teie kaardikontolt.<\/p>\n\n\n\n<p>Peale tellimuse vormistamist saadetakse Sinu e-mailile ettemaksuarve ja tellimus l\u00e4heb t\u00f6\u00f6sse.<\/p>\n\n\n\n<p>L\u00f5plik arve saadetakse teile koos tellimusega.<\/p>\n\n\n\n<p class=\"has-medium-font-size\"><strong>Panga\u00fclekandega<\/strong><\/p>\n\n\n\n<p>Peale tellimuse vormistamist saadetakse Sinu e-mailile ettemaksuarve.<\/p>\n\n\n\n<p><strong>T\u00c4HELEPANU! <\/strong>Tellimuse v\u00f5imalikult kiireks t\u00f6\u00f6tlemiseks on oluline, et maksel oleks m\u00e4rgitud tellimuse number.<\/p>\n\n\n\n<p>Peale arve tasumist l\u00e4heb tellimus t\u00f6\u00f6sse.<\/p>\n\n\n\n<p>L\u00f5plik arve saadetakse teile koos tellimusega.<\/p>\n\n\n\n<p>*Tellimused, mille eest ei ole tasutud 3 p\u00e4eva jooksul, t\u00fchistatakse automaatselt.<\/p>\n\n\n\n<p>Lisak\u00fcsimuste korral v\u00f5tke meiega \u00fchendust helistades: +371 27337768 v\u00f5i kirjutades: <a href=\"info@santamonica.lv\">info@santamonica.lv <\/a>ja p\u00fc\u00fcame neile esimesel v\u00f5imalusel vastata.<\/p>\n","protected":false},"excerpt":{"rendered":"<p>Online makse Veebimakseid santamonica.lv veebilehel v\u00f5imaldatakse koost\u00f6\u00f6s montonio.lv-ga \u2013 kiire ja turvaline makselahendus. Makske internetis lihtsalt ja mugavalt: valige oma pank, logige sisse ja kinnitage makse. Peale tellimuse vormistamist saadetakse Sinu e-mailile ettemaksuarve ja tellimus l\u00e4heb t\u00f6\u00f6sse. L\u00f5plik arve saadetakse teile koos tellimusega. Maksekaardid Ettemaksu sooritamisel on v\u00f5imalik kasutada deebet- ja krediitkaarte VISA, MasterCard, Maestro,&#8230;<\/p>\n","protected":false},"author":1,"featured_media":0,"parent":0,"menu_order":0,"comment_status":"closed","ping_status":"closed","template":"","meta":{"_acf_changed":false,"_uag_custom_page_level_css":"","_kadence_starter_templates_imported_post":false,"_kad_post_transparent":"","_kad_post_title":"","_kad_post_layout":"","_kad_post_sidebar_id":"","_kad_post_content_style":"","_kad_post_vertical_padding":"","_kad_post_feature":"","_kad_post_feature_position":"","_kad_post_header":false,"_kad_post_footer":false,"footnotes":""},"class_list":["post-3442","page","type-page","status-publish","hentry"],"acf":[],"yoast_head":"<!-- This site is optimized with the Yoast SEO plugin v26.4 - https:\/\/yoast.com\/wordpress\/plugins\/seo\/ -->\n<title>Kauba eest tasumine - Santa Monica<\/title>\n<meta name=\"robots\" content=\"index, follow, max-snippet:-1, max-image-preview:large, max-video-preview:-1\" \/>\n<link rel=\"canonical\" href=\"https:\/\/santamonica.lv\/et\/kauba-eest-tasumine\/\" \/>\n<meta property=\"og:locale\" content=\"et_EE\" \/>\n<meta property=\"og:type\" content=\"article\" \/>\n<meta property=\"og:title\" content=\"Kauba eest tasumine - Santa Monica\" \/>\n<meta property=\"og:description\" content=\"Online makse Veebimakseid santamonica.lv veebilehel v\u00f5imaldatakse koost\u00f6\u00f6s montonio.lv-ga \u2013 kiire ja turvaline makselahendus. Makske internetis lihtsalt ja mugavalt: valige oma pank, logige sisse ja kinnitage makse. Peale tellimuse vormistamist saadetakse Sinu e-mailile ettemaksuarve ja tellimus l\u00e4heb t\u00f6\u00f6sse. L\u00f5plik arve saadetakse teile koos tellimusega. Maksekaardid Ettemaksu sooritamisel on v\u00f5imalik kasutada deebet- ja krediitkaarte VISA, MasterCard, Maestro,...\" \/>\n<meta property=\"og:url\" content=\"https:\/\/santamonica.lv\/et\/kauba-eest-tasumine\/\" \/>\n<meta property=\"og:site_name\" content=\"Santa Monica\" \/>\n<meta property=\"article:publisher\" content=\"https:\/\/www.facebook.com\/klinikasantamonica\" \/>\n<meta property=\"article:modified_time\" content=\"2025-03-11T17:52:44+00:00\" \/>\n<meta name=\"twitter:card\" content=\"summary_large_image\" \/>\n<meta name=\"twitter:label1\" content=\"Est. reading time\" \/>\n\t<meta name=\"twitter:data1\" content=\"1 minut\" \/>\n<script type=\"application\/ld+json\" class=\"yoast-schema-graph\">{\"@context\":\"https:\/\/schema.org\",\"@graph\":[{\"@type\":\"WebPage\",\"@id\":\"https:\/\/santamonica.lv\/et\/kauba-eest-tasumine\/\",\"url\":\"https:\/\/santamonica.lv\/et\/kauba-eest-tasumine\/\",\"name\":\"Kauba eest tasumine - Santa Monica\",\"isPartOf\":{\"@id\":\"https:\/\/santamonica.lv\/et\/#website\"},\"datePublished\":\"2025-03-11T17:19:29+00:00\",\"dateModified\":\"2025-03-11T17:52:44+00:00\",\"breadcrumb\":{\"@id\":\"https:\/\/santamonica.lv\/et\/kauba-eest-tasumine\/#breadcrumb\"},\"inLanguage\":\"et\",\"potentialAction\":[{\"@type\":\"ReadAction\",\"target\":[\"https:\/\/santamonica.lv\/et\/kauba-eest-tasumine\/\"]}]},{\"@type\":\"BreadcrumbList\",\"@id\":\"https:\/\/santamonica.lv\/et\/kauba-eest-tasumine\/#breadcrumb\",\"itemListElement\":[{\"@type\":\"ListItem\",\"position\":1,\"name\":\"Home\",\"item\":\"https:\/\/santamonica.lv\/et\/sakums\/\"},{\"@type\":\"ListItem\",\"position\":2,\"name\":\"Kauba eest tasumine\"}]},{\"@type\":\"WebSite\",\"@id\":\"https:\/\/santamonica.lv\/et\/#website\",\"url\":\"https:\/\/santamonica.lv\/et\/\",\"name\":\"Santa Monica\",\"description\":\"\",\"potentialAction\":[{\"@type\":\"SearchAction\",\"target\":{\"@type\":\"EntryPoint\",\"urlTemplate\":\"https:\/\/santamonica.lv\/et\/?s={search_term_string}\"},\"query-input\":{\"@type\":\"PropertyValueSpecification\",\"valueRequired\":true,\"valueName\":\"search_term_string\"}}],\"inLanguage\":\"et\"}]}<\/script>\n<!-- \/ Yoast SEO plugin. -->","yoast_head_json":{"title":"Kauba eest tasumine - Santa Monica","robots":{"index":"index","follow":"follow","max-snippet":"max-snippet:-1","max-image-preview":"max-image-preview:large","max-video-preview":"max-video-preview:-1"},"canonical":"https:\/\/santamonica.lv\/et\/kauba-eest-tasumine\/","og_locale":"et_EE","og_type":"article","og_title":"Kauba eest tasumine - Santa Monica","og_description":"Online makse Veebimakseid santamonica.lv veebilehel v\u00f5imaldatakse koost\u00f6\u00f6s montonio.lv-ga \u2013 kiire ja turvaline makselahendus. Makske internetis lihtsalt ja mugavalt: valige oma pank, logige sisse ja kinnitage makse. Peale tellimuse vormistamist saadetakse Sinu e-mailile ettemaksuarve ja tellimus l\u00e4heb t\u00f6\u00f6sse. L\u00f5plik arve saadetakse teile koos tellimusega. Maksekaardid Ettemaksu sooritamisel on v\u00f5imalik kasutada deebet- ja krediitkaarte VISA, MasterCard, Maestro,...","og_url":"https:\/\/santamonica.lv\/et\/kauba-eest-tasumine\/","og_site_name":"Santa Monica","article_publisher":"https:\/\/www.facebook.com\/klinikasantamonica","article_modified_time":"2025-03-11T17:52:44+00:00","twitter_card":"summary_large_image","twitter_misc":{"Est. reading time":"1 minut"},"schema":{"@context":"https:\/\/schema.org","@graph":[{"@type":"WebPage","@id":"https:\/\/santamonica.lv\/et\/kauba-eest-tasumine\/","url":"https:\/\/santamonica.lv\/et\/kauba-eest-tasumine\/","name":"Kauba eest tasumine - Santa Monica","isPartOf":{"@id":"https:\/\/santamonica.lv\/et\/#website"},"datePublished":"2025-03-11T17:19:29+00:00","dateModified":"2025-03-11T17:52:44+00:00","breadcrumb":{"@id":"https:\/\/santamonica.lv\/et\/kauba-eest-tasumine\/#breadcrumb"},"inLanguage":"et","potentialAction":[{"@type":"ReadAction","target":["https:\/\/santamonica.lv\/et\/kauba-eest-tasumine\/"]}]},{"@type":"BreadcrumbList","@id":"https:\/\/santamonica.lv\/et\/kauba-eest-tasumine\/#breadcrumb","itemListElement":[{"@type":"ListItem","position":1,"name":"Home","item":"https:\/\/santamonica.lv\/et\/sakums\/"},{"@type":"ListItem","position":2,"name":"Kauba eest tasumine"}]},{"@type":"WebSite","@id":"https:\/\/santamonica.lv\/et\/#website","url":"https:\/\/santamonica.lv\/et\/","name":"Santa Monica","description":"","potentialAction":[{"@type":"SearchAction","target":{"@type":"EntryPoint","urlTemplate":"https:\/\/santamonica.lv\/et\/?s={search_term_string}"},"query-input":{"@type":"PropertyValueSpecification","valueRequired":true,"valueName":"search_term_string"}}],"inLanguage":"et"}]}},"uagb_featured_image_src":{"full":false,"thumbnail":false,"medium":false,"medium_large":false,"large":false,"1536x1536":false,"2048x2048":false,"woocommerce_thumbnail":false,"woocommerce_single":false,"woocommerce_gallery_thumbnail":false},"uagb_author_info":{"display_name":"admin","author_link":"https:\/\/santamonica.lv\/et\/author\/admin\/"},"uagb_comment_info":0,"uagb_excerpt":"Online makse Veebimakseid santamonica.lv veebilehel v\u00f5imaldatakse koost\u00f6\u00f6s montonio.lv-ga \u2013 kiire ja turvaline makselahendus. Makske internetis lihtsalt ja mugavalt: valige oma pank, logige sisse ja kinnitage makse. Peale tellimuse vormistamist saadetakse Sinu e-mailile ettemaksuarve ja tellimus l\u00e4heb t\u00f6\u00f6sse. L\u00f5plik arve saadetakse teile koos tellimusega. Maksekaardid Ettemaksu sooritamisel on v\u00f5imalik kasutada deebet- ja krediitkaarte VISA, MasterCard, Maestro,...","_links":{"self":[{"href":"https:\/\/santamonica.lv\/et\/wp-json\/wp\/v2\/pages\/3442","targetHints":{"allow":["GET"]}}],"collection":[{"href":"https:\/\/santamonica.lv\/et\/wp-json\/wp\/v2\/pages"}],"about":[{"href":"https:\/\/santamonica.lv\/et\/wp-json\/wp\/v2\/types\/page"}],"author":[{"embeddable":true,"href":"https:\/\/santamonica.lv\/et\/wp-json\/wp\/v2\/users\/1"}],"replies":[{"embeddable":true,"href":"https:\/\/santamonica.lv\/et\/wp-json\/wp\/v2\/comments?post=3442"}],"version-history":[{"count":2,"href":"https:\/\/santamonica.lv\/et\/wp-json\/wp\/v2\/pages\/3442\/revisions"}],"predecessor-version":[{"id":3458,"href":"https:\/\/santamonica.lv\/et\/wp-json\/wp\/v2\/pages\/3442\/revisions\/3458"}],"wp:attachment":[{"href":"https:\/\/santamonica.lv\/et\/wp-json\/wp\/v2\/media?parent=3442"}],"curies":[{"name":"wp","href":"https:\/\/api.w.org\/{rel}","templated":true}]}}