{"id":3483,"date":"2025-03-11T20:13:04","date_gmt":"2025-03-11T18:13:04","guid":{"rendered":"https:\/\/santamonica.lv\/?page_id=3483"},"modified":"2025-03-11T20:50:04","modified_gmt":"2025-03-11T18:50:04","slug":"tingimused","status":"publish","type":"page","link":"https:\/\/santamonica.lv\/et\/tingimused\/","title":{"rendered":"Tingimused"},"content":{"rendered":"\n<ol class=\"wp-block-list\">\n<li>Nende tingimuste kohaselt m\u00fc\u00fcb \u201cSanta Monica\u201d SIA tooteid, mis on postitatud veebisaidile www.santamonica.lv. Klient ostab tooteid vastavalt e-poes m\u00e4rgitud sortimendile ja aktsepteerib seda oma tellimust kinnitades.<\/li>\n\n\n\n<li>\u201cSanta Monica\u201d SIA kasutab Kliendiga suhtlemiseks Kliendi tellimuses m\u00e4rgitud e-posti aadressi ja\/v\u00f5i mobiiltelefoni numbrit. K\u00f5ik tellimuses m\u00e4rgitud e-posti aadressile ja telefoninumbrile Tellijale edastatud teated loetakse k\u00e4ttesaaduks.<\/li>\n\n\n\n<li>VEEBIPOES kuvatavad toodete pildid on v\u00f5imalikult l\u00e4hedased tegelikkusele, kuid v\u00f5ivad erineda pakutavast. Toote omaduste selgitamiseks v\u00f5i selle tellimisest tulenevate v\u00f5i sellega seotud ebaselguste k\u00f5rvaldamiseks, samuti arusaamatuste v\u00e4ltimiseks on Kliendil \u00f5igus ja v\u00f5imalus v\u00f5tta \u00fchendust \u201cSanta Monica\u201d SIA-ga telefonil: +371 27337768 v\u00f5i kirjutades: <a href=\"mailto:info@santamonica.lv\">info@santamonica.lv<\/a>.<\/li>\n\n\n\n<li>Me ei vaheta ega tagasta VEEBIPOES ostetud kampaania- ja m\u00fc\u00fcgitooteid.<\/li>\n\n\n\n<li>M\u00fc\u00fcdud TOODETE omandi\u00f5igused l\u00e4hevad \u201cSanta Monica\u201d SIA-lt Kliendile \u00fcle alles siis, kui Klient on tasunud KAUBA laekunud v\u00e4\u00e4rtuse eest t\u00e4ielikult saatelehel &#8211; arvel n\u00e4idatud arvelduskontole.<\/li>\n<\/ol>\n\n\n\n<p><\/p>\n","protected":false},"excerpt":{"rendered":"","protected":false},"author":1,"featured_media":0,"parent":0,"menu_order":0,"comment_status":"closed","ping_status":"closed","template":"","meta":{"_acf_changed":false,"_uag_custom_page_level_css":"","_kadence_starter_templates_imported_post":false,"_kad_post_transparent":"","_kad_post_title":"","_kad_post_layout":"","_kad_post_sidebar_id":"","_kad_post_content_style":"","_kad_post_vertical_padding":"","_kad_post_feature":"","_kad_post_feature_position":"","_kad_post_header":false,"_kad_post_footer":false,"footnotes":""},"class_list":["post-3483","page","type-page","status-publish","hentry"],"acf":[],"yoast_head":"<!-- This site is optimized with the Yoast SEO plugin v26.4 - https:\/\/yoast.com\/wordpress\/plugins\/seo\/ -->\n<title>Tingimused - Santa Monica<\/title>\n<meta name=\"robots\" content=\"index, follow, max-snippet:-1, max-image-preview:large, max-video-preview:-1\" \/>\n<link rel=\"canonical\" href=\"https:\/\/santamonica.lv\/et\/tingimused\/\" \/>\n<meta property=\"og:locale\" content=\"et_EE\" \/>\n<meta property=\"og:type\" content=\"article\" \/>\n<meta property=\"og:title\" content=\"Tingimused - Santa Monica\" \/>\n<meta property=\"og:url\" content=\"https:\/\/santamonica.lv\/et\/tingimused\/\" \/>\n<meta property=\"og:site_name\" content=\"Santa Monica\" \/>\n<meta property=\"article:publisher\" content=\"https:\/\/www.facebook.com\/klinikasantamonica\" \/>\n<meta property=\"article:modified_time\" content=\"2025-03-11T18:50:04+00:00\" \/>\n<meta name=\"twitter:card\" content=\"summary_large_image\" \/>\n<meta name=\"twitter:label1\" content=\"Est. reading time\" \/>\n\t<meta name=\"twitter:data1\" content=\"1 minut\" \/>\n<script type=\"application\/ld+json\" class=\"yoast-schema-graph\">{\"@context\":\"https:\/\/schema.org\",\"@graph\":[{\"@type\":\"WebPage\",\"@id\":\"https:\/\/santamonica.lv\/et\/tingimused\/\",\"url\":\"https:\/\/santamonica.lv\/et\/tingimused\/\",\"name\":\"Tingimused - Santa Monica\",\"isPartOf\":{\"@id\":\"https:\/\/santamonica.lv\/et\/#website\"},\"datePublished\":\"2025-03-11T18:13:04+00:00\",\"dateModified\":\"2025-03-11T18:50:04+00:00\",\"breadcrumb\":{\"@id\":\"https:\/\/santamonica.lv\/et\/tingimused\/#breadcrumb\"},\"inLanguage\":\"et\",\"potentialAction\":[{\"@type\":\"ReadAction\",\"target\":[\"https:\/\/santamonica.lv\/et\/tingimused\/\"]}]},{\"@type\":\"BreadcrumbList\",\"@id\":\"https:\/\/santamonica.lv\/et\/tingimused\/#breadcrumb\",\"itemListElement\":[{\"@type\":\"ListItem\",\"position\":1,\"name\":\"Home\",\"item\":\"https:\/\/santamonica.lv\/et\/sakums\/\"},{\"@type\":\"ListItem\",\"position\":2,\"name\":\"Tingimused\"}]},{\"@type\":\"WebSite\",\"@id\":\"https:\/\/santamonica.lv\/et\/#website\",\"url\":\"https:\/\/santamonica.lv\/et\/\",\"name\":\"Santa Monica\",\"description\":\"\",\"potentialAction\":[{\"@type\":\"SearchAction\",\"target\":{\"@type\":\"EntryPoint\",\"urlTemplate\":\"https:\/\/santamonica.lv\/et\/?s={search_term_string}\"},\"query-input\":{\"@type\":\"PropertyValueSpecification\",\"valueRequired\":true,\"valueName\":\"search_term_string\"}}],\"inLanguage\":\"et\"}]}<\/script>\n<!-- \/ Yoast SEO plugin. -->","yoast_head_json":{"title":"Tingimused - Santa Monica","robots":{"index":"index","follow":"follow","max-snippet":"max-snippet:-1","max-image-preview":"max-image-preview:large","max-video-preview":"max-video-preview:-1"},"canonical":"https:\/\/santamonica.lv\/et\/tingimused\/","og_locale":"et_EE","og_type":"article","og_title":"Tingimused - Santa Monica","og_url":"https:\/\/santamonica.lv\/et\/tingimused\/","og_site_name":"Santa Monica","article_publisher":"https:\/\/www.facebook.com\/klinikasantamonica","article_modified_time":"2025-03-11T18:50:04+00:00","twitter_card":"summary_large_image","twitter_misc":{"Est. reading time":"1 minut"},"schema":{"@context":"https:\/\/schema.org","@graph":[{"@type":"WebPage","@id":"https:\/\/santamonica.lv\/et\/tingimused\/","url":"https:\/\/santamonica.lv\/et\/tingimused\/","name":"Tingimused - Santa Monica","isPartOf":{"@id":"https:\/\/santamonica.lv\/et\/#website"},"datePublished":"2025-03-11T18:13:04+00:00","dateModified":"2025-03-11T18:50:04+00:00","breadcrumb":{"@id":"https:\/\/santamonica.lv\/et\/tingimused\/#breadcrumb"},"inLanguage":"et","potentialAction":[{"@type":"ReadAction","target":["https:\/\/santamonica.lv\/et\/tingimused\/"]}]},{"@type":"BreadcrumbList","@id":"https:\/\/santamonica.lv\/et\/tingimused\/#breadcrumb","itemListElement":[{"@type":"ListItem","position":1,"name":"Home","item":"https:\/\/santamonica.lv\/et\/sakums\/"},{"@type":"ListItem","position":2,"name":"Tingimused"}]},{"@type":"WebSite","@id":"https:\/\/santamonica.lv\/et\/#website","url":"https:\/\/santamonica.lv\/et\/","name":"Santa Monica","description":"","potentialAction":[{"@type":"SearchAction","target":{"@type":"EntryPoint","urlTemplate":"https:\/\/santamonica.lv\/et\/?s={search_term_string}"},"query-input":{"@type":"PropertyValueSpecification","valueRequired":true,"valueName":"search_term_string"}}],"inLanguage":"et"}]}},"uagb_featured_image_src":{"full":false,"thumbnail":false,"medium":false,"medium_large":false,"large":false,"1536x1536":false,"2048x2048":false,"woocommerce_thumbnail":false,"woocommerce_single":false,"woocommerce_gallery_thumbnail":false},"uagb_author_info":{"display_name":"admin","author_link":"https:\/\/santamonica.lv\/et\/author\/admin\/"},"uagb_comment_info":0,"uagb_excerpt":null,"_links":{"self":[{"href":"https:\/\/santamonica.lv\/et\/wp-json\/wp\/v2\/pages\/3483","targetHints":{"allow":["GET"]}}],"collection":[{"href":"https:\/\/santamonica.lv\/et\/wp-json\/wp\/v2\/pages"}],"about":[{"href":"https:\/\/santamonica.lv\/et\/wp-json\/wp\/v2\/types\/page"}],"author":[{"embeddable":true,"href":"https:\/\/santamonica.lv\/et\/wp-json\/wp\/v2\/users\/1"}],"replies":[{"embeddable":true,"href":"https:\/\/santamonica.lv\/et\/wp-json\/wp\/v2\/comments?post=3483"}],"version-history":[{"count":2,"href":"https:\/\/santamonica.lv\/et\/wp-json\/wp\/v2\/pages\/3483\/revisions"}],"predecessor-version":[{"id":3522,"href":"https:\/\/santamonica.lv\/et\/wp-json\/wp\/v2\/pages\/3483\/revisions\/3522"}],"wp:attachment":[{"href":"https:\/\/santamonica.lv\/et\/wp-json\/wp\/v2\/media?parent=3483"}],"curies":[{"name":"wp","href":"https:\/\/api.w.org\/{rel}","templated":true}]}}