{"id":3514,"date":"2025-03-11T20:36:36","date_gmt":"2025-03-11T18:36:36","guid":{"rendered":"https:\/\/santamonica.lv\/?page_id=3514"},"modified":"2025-03-11T22:55:10","modified_gmt":"2025-03-11T20:55:10","slug":"kauba-tagastamine","status":"publish","type":"page","link":"https:\/\/santamonica.lv\/et\/kauba-tagastamine\/","title":{"rendered":"Kauba tagastamine"},"content":{"rendered":"\n<p>Pakume 30-p\u00e4evast raha tagasi garantii, sest hoolime sellest, et saate alati t\u00e4pselt selle, mida soovite. Kui tellitud toodet pole vaja ja see pole avatud, on teil vabadus valida raha tagastamine v\u00f5i toote \u00fcmbervahetamine.<\/p>\n\n\n\n<p>Tootest keeldumise soovi korral palume t\u00e4ita <a href=\"https:\/\/santamonica.lv\/wp-content\/uploads\/2025\/03\/toote-tagastamise-vorm_ee.docx\" data-type=\"attachment\" data-id=\"3561\">taganemisavaldus<\/a>, m\u00e4rkides \u00e4ra tagastamise p\u00f5hjuse ja koos ostut\u00f5endiga saata see meile elektrooniliselt aadressile <a href=\"mailto:info@santamonica.lv\">info@santamonica.lv<\/a> v\u00f5i toimetada\/saada meile &#8220;Santa Monica&#8221; Nauk\u0161\u0113nu mui\u017ea, Nauk\u0161\u0113ni, Nauk\u0161\u0113nu pag., Valmieras nov., LV-4244 Tagastamiskinnituse saate kahe t\u00f6\u00f6p\u00e4eva jooksul.<\/p>\n\n\n\n<p>Tagastamise postikulu on teie vastutusel ja kulul, kuid me saame aidata korraldada tagastamise saatmise v\u00f5imalikult madalate transpordikuludega.<\/p>\n\n\n\n<p>Neljateistk\u00fcmne (14) kalendrip\u00e4eva jooksul alates toodete k\u00e4ttesaamisest kanname teie valikul teie raha teie taganemis\u00f5iguse vormis m\u00e4rgitud pangakontole v\u00f5i saadame teile vahetustoote.<\/p>\n\n\n\n<p>Vabandame, kui olete saanud vale v\u00f5i kahjustatud toote. Sellisel juhul v\u00f5tke meiega \u00fchendust. Lahendame olukorra esimesel v\u00f5imalusel ja saate \u00f5ige toote ilma lisatasuta.<\/p>\n\n\n\n<p>K\u00fcsimuste korral v\u00f5tke meiega \u00fchendust telefonil: +371 27337768 v\u00f5i e-posti teel: <a href=\"mailto:info@santamonica.lv\">info@santamonica.lv<\/a> ja proovime vastata esimesel v\u00f5imalusel.<\/p>\n","protected":false},"excerpt":{"rendered":"<p>Pakume 30-p\u00e4evast raha tagasi garantii, sest hoolime sellest, et saate alati t\u00e4pselt selle, mida soovite. Kui tellitud toodet pole vaja ja see pole avatud, on teil vabadus valida raha tagastamine v\u00f5i toote \u00fcmbervahetamine. Tootest keeldumise soovi korral palume t\u00e4ita taganemisavaldus, m\u00e4rkides \u00e4ra tagastamise p\u00f5hjuse ja koos ostut\u00f5endiga saata see meile elektrooniliselt aadressile info@santamonica.lv v\u00f5i toimetada\/saada&#8230;<\/p>\n","protected":false},"author":1,"featured_media":0,"parent":0,"menu_order":0,"comment_status":"closed","ping_status":"closed","template":"","meta":{"_acf_changed":false,"_uag_custom_page_level_css":"","_kadence_starter_templates_imported_post":false,"_kad_post_transparent":"","_kad_post_title":"","_kad_post_layout":"","_kad_post_sidebar_id":"","_kad_post_content_style":"","_kad_post_vertical_padding":"","_kad_post_feature":"","_kad_post_feature_position":"","_kad_post_header":false,"_kad_post_footer":false,"footnotes":""},"class_list":["post-3514","page","type-page","status-publish","hentry"],"acf":[],"yoast_head":"<!-- This site is optimized with the Yoast SEO plugin v26.4 - https:\/\/yoast.com\/wordpress\/plugins\/seo\/ -->\n<title>Kauba tagastamine - Santa Monica<\/title>\n<meta name=\"robots\" content=\"index, follow, max-snippet:-1, max-image-preview:large, max-video-preview:-1\" \/>\n<link rel=\"canonical\" href=\"https:\/\/santamonica.lv\/et\/kauba-tagastamine\/\" \/>\n<meta property=\"og:locale\" content=\"et_EE\" \/>\n<meta property=\"og:type\" content=\"article\" \/>\n<meta property=\"og:title\" content=\"Kauba tagastamine - Santa Monica\" \/>\n<meta property=\"og:description\" content=\"Pakume 30-p\u00e4evast raha tagasi garantii, sest hoolime sellest, et saate alati t\u00e4pselt selle, mida soovite. Kui tellitud toodet pole vaja ja see pole avatud, on teil vabadus valida raha tagastamine v\u00f5i toote \u00fcmbervahetamine. Tootest keeldumise soovi korral palume t\u00e4ita taganemisavaldus, m\u00e4rkides \u00e4ra tagastamise p\u00f5hjuse ja koos ostut\u00f5endiga saata see meile elektrooniliselt aadressile info@santamonica.lv v\u00f5i toimetada\/saada...\" \/>\n<meta property=\"og:url\" content=\"https:\/\/santamonica.lv\/et\/kauba-tagastamine\/\" \/>\n<meta property=\"og:site_name\" content=\"Santa Monica\" \/>\n<meta property=\"article:publisher\" content=\"https:\/\/www.facebook.com\/klinikasantamonica\" \/>\n<meta property=\"article:modified_time\" content=\"2025-03-11T20:55:10+00:00\" \/>\n<meta name=\"twitter:card\" content=\"summary_large_image\" \/>\n<meta name=\"twitter:label1\" content=\"Est. reading time\" \/>\n\t<meta name=\"twitter:data1\" content=\"1 minut\" \/>\n<script type=\"application\/ld+json\" class=\"yoast-schema-graph\">{\"@context\":\"https:\/\/schema.org\",\"@graph\":[{\"@type\":\"WebPage\",\"@id\":\"https:\/\/santamonica.lv\/et\/kauba-tagastamine\/\",\"url\":\"https:\/\/santamonica.lv\/et\/kauba-tagastamine\/\",\"name\":\"Kauba tagastamine - Santa Monica\",\"isPartOf\":{\"@id\":\"https:\/\/santamonica.lv\/et\/#website\"},\"datePublished\":\"2025-03-11T18:36:36+00:00\",\"dateModified\":\"2025-03-11T20:55:10+00:00\",\"breadcrumb\":{\"@id\":\"https:\/\/santamonica.lv\/et\/kauba-tagastamine\/#breadcrumb\"},\"inLanguage\":\"et\",\"potentialAction\":[{\"@type\":\"ReadAction\",\"target\":[\"https:\/\/santamonica.lv\/et\/kauba-tagastamine\/\"]}]},{\"@type\":\"BreadcrumbList\",\"@id\":\"https:\/\/santamonica.lv\/et\/kauba-tagastamine\/#breadcrumb\",\"itemListElement\":[{\"@type\":\"ListItem\",\"position\":1,\"name\":\"Home\",\"item\":\"https:\/\/santamonica.lv\/et\/sakums\/\"},{\"@type\":\"ListItem\",\"position\":2,\"name\":\"Kauba tagastamine\"}]},{\"@type\":\"WebSite\",\"@id\":\"https:\/\/santamonica.lv\/et\/#website\",\"url\":\"https:\/\/santamonica.lv\/et\/\",\"name\":\"Santa Monica\",\"description\":\"\",\"potentialAction\":[{\"@type\":\"SearchAction\",\"target\":{\"@type\":\"EntryPoint\",\"urlTemplate\":\"https:\/\/santamonica.lv\/et\/?s={search_term_string}\"},\"query-input\":{\"@type\":\"PropertyValueSpecification\",\"valueRequired\":true,\"valueName\":\"search_term_string\"}}],\"inLanguage\":\"et\"}]}<\/script>\n<!-- \/ Yoast SEO plugin. -->","yoast_head_json":{"title":"Kauba tagastamine - Santa Monica","robots":{"index":"index","follow":"follow","max-snippet":"max-snippet:-1","max-image-preview":"max-image-preview:large","max-video-preview":"max-video-preview:-1"},"canonical":"https:\/\/santamonica.lv\/et\/kauba-tagastamine\/","og_locale":"et_EE","og_type":"article","og_title":"Kauba tagastamine - Santa Monica","og_description":"Pakume 30-p\u00e4evast raha tagasi garantii, sest hoolime sellest, et saate alati t\u00e4pselt selle, mida soovite. Kui tellitud toodet pole vaja ja see pole avatud, on teil vabadus valida raha tagastamine v\u00f5i toote \u00fcmbervahetamine. Tootest keeldumise soovi korral palume t\u00e4ita taganemisavaldus, m\u00e4rkides \u00e4ra tagastamise p\u00f5hjuse ja koos ostut\u00f5endiga saata see meile elektrooniliselt aadressile info@santamonica.lv v\u00f5i toimetada\/saada...","og_url":"https:\/\/santamonica.lv\/et\/kauba-tagastamine\/","og_site_name":"Santa Monica","article_publisher":"https:\/\/www.facebook.com\/klinikasantamonica","article_modified_time":"2025-03-11T20:55:10+00:00","twitter_card":"summary_large_image","twitter_misc":{"Est. reading time":"1 minut"},"schema":{"@context":"https:\/\/schema.org","@graph":[{"@type":"WebPage","@id":"https:\/\/santamonica.lv\/et\/kauba-tagastamine\/","url":"https:\/\/santamonica.lv\/et\/kauba-tagastamine\/","name":"Kauba tagastamine - Santa Monica","isPartOf":{"@id":"https:\/\/santamonica.lv\/et\/#website"},"datePublished":"2025-03-11T18:36:36+00:00","dateModified":"2025-03-11T20:55:10+00:00","breadcrumb":{"@id":"https:\/\/santamonica.lv\/et\/kauba-tagastamine\/#breadcrumb"},"inLanguage":"et","potentialAction":[{"@type":"ReadAction","target":["https:\/\/santamonica.lv\/et\/kauba-tagastamine\/"]}]},{"@type":"BreadcrumbList","@id":"https:\/\/santamonica.lv\/et\/kauba-tagastamine\/#breadcrumb","itemListElement":[{"@type":"ListItem","position":1,"name":"Home","item":"https:\/\/santamonica.lv\/et\/sakums\/"},{"@type":"ListItem","position":2,"name":"Kauba tagastamine"}]},{"@type":"WebSite","@id":"https:\/\/santamonica.lv\/et\/#website","url":"https:\/\/santamonica.lv\/et\/","name":"Santa Monica","description":"","potentialAction":[{"@type":"SearchAction","target":{"@type":"EntryPoint","urlTemplate":"https:\/\/santamonica.lv\/et\/?s={search_term_string}"},"query-input":{"@type":"PropertyValueSpecification","valueRequired":true,"valueName":"search_term_string"}}],"inLanguage":"et"}]}},"uagb_featured_image_src":{"full":false,"thumbnail":false,"medium":false,"medium_large":false,"large":false,"1536x1536":false,"2048x2048":false,"woocommerce_thumbnail":false,"woocommerce_single":false,"woocommerce_gallery_thumbnail":false},"uagb_author_info":{"display_name":"admin","author_link":"https:\/\/santamonica.lv\/et\/author\/admin\/"},"uagb_comment_info":0,"uagb_excerpt":"Pakume 30-p\u00e4evast raha tagasi garantii, sest hoolime sellest, et saate alati t\u00e4pselt selle, mida soovite. Kui tellitud toodet pole vaja ja see pole avatud, on teil vabadus valida raha tagastamine v\u00f5i toote \u00fcmbervahetamine. Tootest keeldumise soovi korral palume t\u00e4ita taganemisavaldus, m\u00e4rkides \u00e4ra tagastamise p\u00f5hjuse ja koos ostut\u00f5endiga saata see meile elektrooniliselt aadressile info@santamonica.lv v\u00f5i toimetada\/saada...","_links":{"self":[{"href":"https:\/\/santamonica.lv\/et\/wp-json\/wp\/v2\/pages\/3514","targetHints":{"allow":["GET"]}}],"collection":[{"href":"https:\/\/santamonica.lv\/et\/wp-json\/wp\/v2\/pages"}],"about":[{"href":"https:\/\/santamonica.lv\/et\/wp-json\/wp\/v2\/types\/page"}],"author":[{"embeddable":true,"href":"https:\/\/santamonica.lv\/et\/wp-json\/wp\/v2\/users\/1"}],"replies":[{"embeddable":true,"href":"https:\/\/santamonica.lv\/et\/wp-json\/wp\/v2\/comments?post=3514"}],"version-history":[{"count":4,"href":"https:\/\/santamonica.lv\/et\/wp-json\/wp\/v2\/pages\/3514\/revisions"}],"predecessor-version":[{"id":3567,"href":"https:\/\/santamonica.lv\/et\/wp-json\/wp\/v2\/pages\/3514\/revisions\/3567"}],"wp:attachment":[{"href":"https:\/\/santamonica.lv\/et\/wp-json\/wp\/v2\/media?parent=3514"}],"curies":[{"name":"wp","href":"https:\/\/api.w.org\/{rel}","templated":true}]}}