{"id":4133,"date":"2025-03-29T22:14:46","date_gmt":"2025-03-29T20:14:46","guid":{"rendered":"https:\/\/santamonica.lv\/e-veikals\/biotic-prebiotika\/"},"modified":"2025-04-22T20:10:58","modified_gmt":"2025-04-22T17:10:58","slug":"preimmu-kiudained","status":"publish","type":"product","link":"https:\/\/santamonica.lv\/et\/e-pood\/preimmu-kiudained\/","title":{"rendered":"Preimmu | Kiudained"},"content":{"rendered":"<div id=\"ProductAccordion-description-template--16106369974448__main\" class=\"accordion__content rte\">\n<p><strong>PREBIOOTIKA<\/strong> \u2013 kreekakeelsest s\u00f5nast <b>Pre<\/b>-, Bios- <b>life, vastavalt, toit headele bakteritele.<\/b>Aluseks on lahustuvad, kergesti lahustuvad kiudained (galakto-oligosahhariid) magusa maitsega, ilma kaloriteta.<\/p>\n<p><strong>Kuidas Preimmu teid aitab?<\/strong><\/p>\n<ul>\n<li>V\u00e4hendab <strong>suhkruisu<\/strong>;<\/li>\n<li>Parandab <strong>naha tervist<\/strong>;<\/li>\n<li>Edendab <strong>seedetrakti funktsiooni<\/strong>;<\/li>\n<li>Aitab v\u00e4hendada <strong>laktoositalumatuse s\u00fcmptomeid<\/strong> ja parandab <strong>laktoosi seedimist<\/strong>;<\/li>\n<li>Asendamatu abimees <strong>k\u00f5huviiruse puhul<\/strong>;<\/li>\n<li>Reguleerib <strong>mao v\u00e4ljundit<\/strong>;<\/li>\n<li>Parandab <strong>f\u00fc\u00fcsilist<\/strong> ja <strong>vaimset heaolu<\/strong>;<\/li>\n<li>Parandab <strong>mineraalainete imendumist<\/strong>.<\/li>\n<li>Tugevdab <strong>immuunsust<\/strong><\/li>\n<\/ul>\n<div class=\"summary__title\">\n<h2 class=\"h3 accordion__title\">Koostisosad<\/h2>\n<\/div>\n<div id=\"ProductAccordion-feb22a62-f768-4b77-b2b8-99539f2137c9-template--16106369974448__main\" class=\"accordion__content rte\">\n<p>Preimmu <strong>ainus koostisosa<\/strong> on <strong>galakto-oligosahhariidid (GOS)<\/strong>, mis tagavad heade soole<strong>bakterite kasvu.<\/strong><\/p>\n<p><strong>Pulber<\/strong>\u00a0on valge, <strong>magusa maitse<\/strong> ja <strong>termokindel<\/strong>, nii et seda saab lisada <strong>iga kuumale<\/strong> v\u00f5i <strong>kuumale\u00a0joogile\u00a0<\/strong>.<\/p>\n<div class=\"summary__title\">\n<h2 class=\"h3 accordion__title\">Kuidas seda kasutada?<\/h2>\n<\/div>\n<div id=\"ProductAccordion-098d9fc7-5f47-46df-807e-fd3620a5702b-template--16106369974448__main\" class=\"accordion__content rte\">\n<p><strong>Soovitatav p\u00e4evane annus:<\/strong>galakto-oligosahhariidide pulber10,5 g kolmes pakis<\/p>\n<p>Soovitatav on kasutada suukaudselt 1-3 korda p\u00e4evas, lisakiudaineallikana**, lisades paki sisu joogile* v\u00f5i toidule.<\/p>\n<p>6-12 g.v. \u2013 1 pakk \u00fcks kord p\u00e4evas.<\/p>\n<p>Alates 12 eluaastast ja t\u00e4iskasvanutele 1 pakk 1-3 korda p\u00e4evas.<\/p>\n<p><strong>*<\/strong>\u00a0paki sisu v\u00f5ib julgelt lisada kuumale joogile &#8211; kohvile, teele jne. PreImmu kasutatav tooraine on termostabiilne.<\/p>\n<p>kasutades 2-3 pakki p\u00e4evas.<\/p>\n<p><strong>Kiudainete kogus p\u00e4evas soovitatud annuses<\/strong>: 7,35 g 3 pakis<\/p>\n<\/div>\n<\/div>\n<\/div>\n","protected":false},"excerpt":{"rendered":"<ul class=\"icon-with-text icon-with-text--vertical list-unstyled\">\n<li class=\"icon-with-text__item\"><span class=\"h4\">Tugevdab immuunsust<\/span><\/li>\n<li class=\"icon-with-text__item\"><span class=\"h4\">Paranda naha tervist<\/span><\/li>\n<li class=\"icon-with-text__item\"><span class=\"h4\">K\u00f5hupuhituse leevendamine<\/span><\/li>\n<li class=\"icon-with-text__item\"><span class=\"h4\">V\u00e4hendab suhkruisu<\/span><\/li>\n<li class=\"icon-with-text__item\"><span class=\"h4\">Aitab v\u00e4ltida seedeh\u00e4ireid<\/span><\/li>\n<\/ul>\n<p><a href=\"https:\/\/pakalpojumi.pvd.gov.lv\/lv\/supplements\/15179\" target=\"_blank\" rel=\"noopener\">Toidu- ja Veterinaarteenistuse reg.no. 13068<\/a><\/p>\n","protected":false},"featured_media":3779,"comment_status":"closed","ping_status":"closed","template":"","meta":{"_acf_changed":false,"_uag_custom_page_level_css":"","_kadence_starter_templates_imported_post":false,"_kad_post_transparent":"default","_kad_post_title":"","_kad_post_layout":"default","_kad_post_sidebar_id":"","_kad_post_content_style":"default","_kad_post_vertical_padding":"default","_kad_post_feature":"","_kad_post_feature_position":"","_kad_post_header":false,"_kad_post_footer":false},"product_brand":[],"product_cat":[52],"product_tag":[],"class_list":{"0":"post-4133","1":"product","2":"type-product","3":"status-publish","4":"has-post-thumbnail","6":"product_cat-kategooriata","8":"first","9":"outofstock","10":"taxable","11":"shipping-taxable","12":"purchasable","13":"product-type-variable","14":"has-default-attributes","15":"entry","16":"content-bg","17":"loop-entry"},"acf":[],"yoast_head":"<!-- This site is optimized with the Yoast SEO plugin v26.4 - https:\/\/yoast.com\/wordpress\/plugins\/seo\/ -->\n<title>Preimmu | Kiudained - Santa Monica<\/title>\n<meta name=\"robots\" content=\"index, follow, max-snippet:-1, max-image-preview:large, max-video-preview:-1\" \/>\n<link rel=\"canonical\" href=\"https:\/\/santamonica.lv\/et\/e-pood\/preimmu-kiudained\/\" \/>\n<meta property=\"og:locale\" content=\"et_EE\" \/>\n<meta property=\"og:type\" content=\"article\" \/>\n<meta property=\"og:title\" content=\"Preimmu | Kiudained - Santa Monica\" \/>\n<meta property=\"og:description\" content=\"Tugevdab immuunsust  Paranda naha tervist  K\u00f5hupuhituse leevendamine  V\u00e4hendab suhkruisu  Aitab v\u00e4ltida seedeh\u00e4ireid  Toidu- ja Veterinaarteenistuse reg.no. 13068\" \/>\n<meta property=\"og:url\" content=\"https:\/\/santamonica.lv\/et\/e-pood\/preimmu-kiudained\/\" \/>\n<meta property=\"og:site_name\" content=\"Santa Monica\" \/>\n<meta property=\"article:publisher\" content=\"https:\/\/www.facebook.com\/klinikasantamonica\" \/>\n<meta property=\"article:modified_time\" content=\"2025-04-22T17:10:58+00:00\" \/>\n<meta property=\"og:image\" content=\"https:\/\/santamonica.lv\/wp-content\/uploads\/2025\/03\/preimmubiotic-preimmu-30-sashets.png\" \/>\n\t<meta property=\"og:image:width\" content=\"1920\" \/>\n\t<meta property=\"og:image:height\" content=\"1324\" \/>\n\t<meta property=\"og:image:type\" content=\"image\/png\" \/>\n<meta name=\"twitter:card\" content=\"summary_large_image\" \/>\n<meta name=\"twitter:label1\" content=\"Est. reading time\" \/>\n\t<meta name=\"twitter:data1\" content=\"1 minut\" \/>\n<script type=\"application\/ld+json\" class=\"yoast-schema-graph\">{\"@context\":\"https:\/\/schema.org\",\"@graph\":[{\"@type\":\"WebPage\",\"@id\":\"https:\/\/santamonica.lv\/et\/e-pood\/preimmu-kiudained\/\",\"url\":\"https:\/\/santamonica.lv\/et\/e-pood\/preimmu-kiudained\/\",\"name\":\"Preimmu | Kiudained - Santa Monica\",\"isPartOf\":{\"@id\":\"https:\/\/santamonica.lv\/et\/#website\"},\"primaryImageOfPage\":{\"@id\":\"https:\/\/santamonica.lv\/et\/e-pood\/preimmu-kiudained\/#primaryimage\"},\"image\":{\"@id\":\"https:\/\/santamonica.lv\/et\/e-pood\/preimmu-kiudained\/#primaryimage\"},\"thumbnailUrl\":\"https:\/\/santamonica.lv\/wp-content\/uploads\/2025\/03\/preimmubiotic-preimmu-30-sashets.png\",\"datePublished\":\"2025-03-29T20:14:46+00:00\",\"dateModified\":\"2025-04-22T17:10:58+00:00\",\"breadcrumb\":{\"@id\":\"https:\/\/santamonica.lv\/et\/e-pood\/preimmu-kiudained\/#breadcrumb\"},\"inLanguage\":\"et\",\"potentialAction\":[{\"@type\":\"ReadAction\",\"target\":[\"https:\/\/santamonica.lv\/et\/e-pood\/preimmu-kiudained\/\"]}]},{\"@type\":\"ImageObject\",\"inLanguage\":\"et\",\"@id\":\"https:\/\/santamonica.lv\/et\/e-pood\/preimmu-kiudained\/#primaryimage\",\"url\":\"https:\/\/santamonica.lv\/wp-content\/uploads\/2025\/03\/preimmubiotic-preimmu-30-sashets.png\",\"contentUrl\":\"https:\/\/santamonica.lv\/wp-content\/uploads\/2025\/03\/preimmubiotic-preimmu-30-sashets.png\",\"width\":1920,\"height\":1324},{\"@type\":\"BreadcrumbList\",\"@id\":\"https:\/\/santamonica.lv\/et\/e-pood\/preimmu-kiudained\/#breadcrumb\",\"itemListElement\":[{\"@type\":\"ListItem\",\"position\":1,\"name\":\"Home\",\"item\":\"https:\/\/santamonica.lv\/et\/sakums\/\"},{\"@type\":\"ListItem\",\"position\":2,\"name\":\"E-pood\",\"item\":\"https:\/\/santamonica.lv\/et\/e-pood-santa-monica\/\"},{\"@type\":\"ListItem\",\"position\":3,\"name\":\"Preimmu | Kiudained\"}]},{\"@type\":\"WebSite\",\"@id\":\"https:\/\/santamonica.lv\/et\/#website\",\"url\":\"https:\/\/santamonica.lv\/et\/\",\"name\":\"Santa Monica\",\"description\":\"\",\"potentialAction\":[{\"@type\":\"SearchAction\",\"target\":{\"@type\":\"EntryPoint\",\"urlTemplate\":\"https:\/\/santamonica.lv\/et\/?s={search_term_string}\"},\"query-input\":{\"@type\":\"PropertyValueSpecification\",\"valueRequired\":true,\"valueName\":\"search_term_string\"}}],\"inLanguage\":\"et\"}]}<\/script>\n<!-- \/ Yoast SEO plugin. -->","yoast_head_json":{"title":"Preimmu | Kiudained - Santa Monica","robots":{"index":"index","follow":"follow","max-snippet":"max-snippet:-1","max-image-preview":"max-image-preview:large","max-video-preview":"max-video-preview:-1"},"canonical":"https:\/\/santamonica.lv\/et\/e-pood\/preimmu-kiudained\/","og_locale":"et_EE","og_type":"article","og_title":"Preimmu | Kiudained - Santa Monica","og_description":"Tugevdab immuunsust  Paranda naha tervist  K\u00f5hupuhituse leevendamine  V\u00e4hendab suhkruisu  Aitab v\u00e4ltida seedeh\u00e4ireid  Toidu- ja Veterinaarteenistuse reg.no. 13068","og_url":"https:\/\/santamonica.lv\/et\/e-pood\/preimmu-kiudained\/","og_site_name":"Santa Monica","article_publisher":"https:\/\/www.facebook.com\/klinikasantamonica","article_modified_time":"2025-04-22T17:10:58+00:00","og_image":[{"width":1920,"height":1324,"url":"https:\/\/santamonica.lv\/wp-content\/uploads\/2025\/03\/preimmubiotic-preimmu-30-sashets.png","type":"image\/png"}],"twitter_card":"summary_large_image","twitter_misc":{"Est. reading time":"1 minut"},"schema":{"@context":"https:\/\/schema.org","@graph":[{"@type":"WebPage","@id":"https:\/\/santamonica.lv\/et\/e-pood\/preimmu-kiudained\/","url":"https:\/\/santamonica.lv\/et\/e-pood\/preimmu-kiudained\/","name":"Preimmu | Kiudained - Santa Monica","isPartOf":{"@id":"https:\/\/santamonica.lv\/et\/#website"},"primaryImageOfPage":{"@id":"https:\/\/santamonica.lv\/et\/e-pood\/preimmu-kiudained\/#primaryimage"},"image":{"@id":"https:\/\/santamonica.lv\/et\/e-pood\/preimmu-kiudained\/#primaryimage"},"thumbnailUrl":"https:\/\/santamonica.lv\/wp-content\/uploads\/2025\/03\/preimmubiotic-preimmu-30-sashets.png","datePublished":"2025-03-29T20:14:46+00:00","dateModified":"2025-04-22T17:10:58+00:00","breadcrumb":{"@id":"https:\/\/santamonica.lv\/et\/e-pood\/preimmu-kiudained\/#breadcrumb"},"inLanguage":"et","potentialAction":[{"@type":"ReadAction","target":["https:\/\/santamonica.lv\/et\/e-pood\/preimmu-kiudained\/"]}]},{"@type":"ImageObject","inLanguage":"et","@id":"https:\/\/santamonica.lv\/et\/e-pood\/preimmu-kiudained\/#primaryimage","url":"https:\/\/santamonica.lv\/wp-content\/uploads\/2025\/03\/preimmubiotic-preimmu-30-sashets.png","contentUrl":"https:\/\/santamonica.lv\/wp-content\/uploads\/2025\/03\/preimmubiotic-preimmu-30-sashets.png","width":1920,"height":1324},{"@type":"BreadcrumbList","@id":"https:\/\/santamonica.lv\/et\/e-pood\/preimmu-kiudained\/#breadcrumb","itemListElement":[{"@type":"ListItem","position":1,"name":"Home","item":"https:\/\/santamonica.lv\/et\/sakums\/"},{"@type":"ListItem","position":2,"name":"E-pood","item":"https:\/\/santamonica.lv\/et\/e-pood-santa-monica\/"},{"@type":"ListItem","position":3,"name":"Preimmu | Kiudained"}]},{"@type":"WebSite","@id":"https:\/\/santamonica.lv\/et\/#website","url":"https:\/\/santamonica.lv\/et\/","name":"Santa Monica","description":"","potentialAction":[{"@type":"SearchAction","target":{"@type":"EntryPoint","urlTemplate":"https:\/\/santamonica.lv\/et\/?s={search_term_string}"},"query-input":{"@type":"PropertyValueSpecification","valueRequired":true,"valueName":"search_term_string"}}],"inLanguage":"et"}]}},"uagb_featured_image_src":{"full":["https:\/\/santamonica.lv\/wp-content\/uploads\/2025\/03\/preimmubiotic-preimmu-30-sashets.png",1920,1324,false],"thumbnail":["https:\/\/santamonica.lv\/wp-content\/uploads\/2025\/03\/preimmubiotic-preimmu-30-sashets-150x150.png",150,150,true],"medium":["https:\/\/santamonica.lv\/wp-content\/uploads\/2025\/03\/preimmubiotic-preimmu-30-sashets-300x207.png",300,207,true],"medium_large":["https:\/\/santamonica.lv\/wp-content\/uploads\/2025\/03\/preimmubiotic-preimmu-30-sashets-768x530.png",768,530,true],"large":["https:\/\/santamonica.lv\/wp-content\/uploads\/2025\/03\/preimmubiotic-preimmu-30-sashets-1024x706.png",1024,706,true],"1536x1536":["https:\/\/santamonica.lv\/wp-content\/uploads\/2025\/03\/preimmubiotic-preimmu-30-sashets-1536x1059.png",1536,1059,true],"2048x2048":["https:\/\/santamonica.lv\/wp-content\/uploads\/2025\/03\/preimmubiotic-preimmu-30-sashets.png",1920,1324,false],"woocommerce_thumbnail":["https:\/\/santamonica.lv\/wp-content\/uploads\/2025\/03\/preimmubiotic-preimmu-30-sashets-300x300.png",300,300,true],"woocommerce_single":["https:\/\/santamonica.lv\/wp-content\/uploads\/2025\/03\/preimmubiotic-preimmu-30-sashets-600x414.png",600,414,true],"woocommerce_gallery_thumbnail":["https:\/\/santamonica.lv\/wp-content\/uploads\/2025\/03\/preimmubiotic-preimmu-30-sashets-100x100.png",100,100,true]},"uagb_author_info":{"display_name":"Aigars","author_link":"https:\/\/santamonica.lv\/et\/author\/"},"uagb_comment_info":0,"uagb_excerpt":"Tugevdab immuunsust Paranda naha tervist K\u00f5hupuhituse leevendamine V\u00e4hendab suhkruisu Aitab v\u00e4ltida seedeh\u00e4ireid Toidu- ja Veterinaarteenistuse reg.no. 13068","_links":{"self":[{"href":"https:\/\/santamonica.lv\/et\/wp-json\/wp\/v2\/product\/4133","targetHints":{"allow":["GET"]}}],"collection":[{"href":"https:\/\/santamonica.lv\/et\/wp-json\/wp\/v2\/product"}],"about":[{"href":"https:\/\/santamonica.lv\/et\/wp-json\/wp\/v2\/types\/product"}],"replies":[{"embeddable":true,"href":"https:\/\/santamonica.lv\/et\/wp-json\/wp\/v2\/comments?post=4133"}],"wp:featuredmedia":[{"embeddable":true,"href":"https:\/\/santamonica.lv\/et\/wp-json\/wp\/v2\/media\/3779"}],"wp:attachment":[{"href":"https:\/\/santamonica.lv\/et\/wp-json\/wp\/v2\/media?parent=4133"}],"wp:term":[{"taxonomy":"product_brand","embeddable":true,"href":"https:\/\/santamonica.lv\/et\/wp-json\/wp\/v2\/product_brand?post=4133"},{"taxonomy":"product_cat","embeddable":true,"href":"https:\/\/santamonica.lv\/et\/wp-json\/wp\/v2\/product_cat?post=4133"},{"taxonomy":"product_tag","embeddable":true,"href":"https:\/\/santamonica.lv\/et\/wp-json\/wp\/v2\/product_tag?post=4133"}],"curies":[{"name":"wp","href":"https:\/\/api.w.org\/{rel}","templated":true}]}}