{"id":4136,"date":"2025-03-29T22:05:27","date_gmt":"2025-03-29T20:05:27","guid":{"rendered":"https:\/\/santamonica.lv\/e-veikals\/obvprot\/"},"modified":"2025-04-22T20:06:58","modified_gmt":"2025-04-22T17:06:58","slug":"obvprot-valk","status":"publish","type":"product","link":"https:\/\/santamonica.lv\/et\/e-pood\/obvprot-valk\/","title":{"rendered":"OBVProt | Valk"},"content":{"rendered":"<p>K\u00f5rge imenduvusega<\/p>\n<p><strong>valk<\/strong>, puhas segu k\u00f5rgeima kvaliteediga piimavalgust ja kiudainetest, mis on suurep\u00e4rane algus igap\u00e4evasele hommikule, \u00f6\u00f6 jooksul on inimkeha \u00e4ra kasutanud k\u00f5ik oma varud. OBVProt&#8217;i <strong>ainulaadsus<\/strong> seisneb selles, et selle koostis on sarnane inimese <strong>ema piimaga<\/strong>, mis muudab selle imendumise eriti lihtsaks.<\/p>\n<p class=\"Sarakstarindkopa\"><strong>Kuidas OBVProt teid aitab?<\/strong><\/p>\n<ul>\n<li style=\"list-style-type: none;\">\n<ul>\n<li>S\u00e4ilitab <strong>k\u00fcllastustunde<\/strong> ja aitab <strong>lihtsalt isu kontrollida<\/strong>;<\/li>\n<li><strong>Lihaste kasvatamiseks<\/strong> \u2013 sobib k\u00f5ikidele vanuser\u00fchmadele;<\/li>\n<li>Tooraine <strong>kollageeni<\/strong> moodustamiseks, <strong>kauni nahk<\/strong> ja <strong>liigestet12982&gt; <\/strong><\/li>\n<\/ul>\n<\/li>\n<\/ul>\n<ul>\n<li>Suurep\u00e4rane loodusliku <strong>kaltsiumi allikas<\/strong>;<\/li>\n<li>Looduslike <strong>B-vitamiinide allikas<\/strong>;<\/li>\n<li>Soodustab keha loomulikku <strong>antioks\u00fcdantide<\/strong> tootmist.<\/li>\n<\/ul>\n<div class=\"summary__title\">\n<h2 class=\"h3 accordion__title\">Koostisosad<\/h2>\n<\/div>\n<div id=\"ProductAccordion-feb22a62-f768-4b77-b2b8-99539f2137c9-template--20088179949892__main\" class=\"accordion__content rte\">\n<h3><strong>Koostis (1 pakett)<\/strong><\/h3>\n<p>lehma <strong>piim<\/strong> valgukontsentraat<strong><sup>B<\/sup> <\/strong>&#8211; 7,8 g, looduslik vadak valgu isolaat<strong><sup>B<\/sup><\/strong> (<strong>piimast<\/strong>) \u2013 9g, galakto-oligosahhariidid (saadud <strong> piimast <\/strong> laktoos)-3g, p\u00e4evalilleletsitiin-0,2g.<\/p>\n<p><strong>A \u2013 <\/strong>Ultrafiltreeritud ja t\u00f6\u00f6deldud madalaimal v\u00f5imalikul temperatuuril, et v\u00e4ltida valkude denaturatsiooni ja s\u00e4ilitada piimavalkude loomulikke omadusi; sisaldab 80% mitsellaarset kaseiini ja 20% vadakuvalku, samuti bioloogiliselt aktiivseid valgufraktsioone, samas vahekorras kui piimas.<\/p>\n<p><strong>B \u2013<\/strong> saadud 100% lehmapiimast (mitte juustu v\u00f5i kohupiima tootmise k\u00f5rvalproduktist \u2013 vadakust), t\u00f6\u00f6deldud madalaimal v\u00f5imalikul temperatuuril, s\u00e4ilitades nii vadakuvalkude fraktsioonid &#8211; 60% \u03b2-laktoglobuliin, 20% \u03b1-laktoglobuliin, 10% immunoglobuliine, 0,30% vereseerumi albumiin, &lt;0,01% laktoferriin.<\/p>\n<div class=\"summary__title\">\n<h2 class=\"h3 accordion__title\">Kuidas seda kasutada?<\/h2>\n<\/div>\n<div id=\"ProductAccordion-098d9fc7-5f47-46df-807e-fd3620a5702b-template--20088179949892__main\" class=\"accordion__content rte\">\n<h3><strong>Kasutamine<\/strong><\/h3>\n<p>Soovitatav on v\u00f5tta 1-4 pakki p\u00e4evas t\u00e4iendava valgu- ja kiudaineallikana, lisades paki sisu joogile v\u00f5i toidule.<\/p>\n<ul>\n<li>Soovitatav on kasutada iga p\u00e4ev lastele alates 12. eluaastast ja t\u00e4iskasvanutele 1-2 korda p\u00e4evas.<\/li>\n<li>Kasutage raske t\u00f6\u00f6 ja intensiivse f\u00fc\u00fcsilise koormuse korral 2-4 korda p\u00e4evas.<\/li>\n<li>Neile, kes teevad vahelduvat paastu, katkestavad paastu \u00fcks kord ja teine \u200b\u200bkord p\u00e4eva viimasel s\u00f6\u00f6gikorral.<\/li>\n<li>2-4 korda p\u00e4evas eakatele.<\/li>\n<\/ul>\n<h3><strong>Ettevalmistamine<\/strong><\/h3>\n<ul>\n<li>Veega \u2013 vala paki sisu esmalt tassi v\u00f5i klaasi, lisa soe (mitte kuum) vesi ja sega sihip\u00e4raselt lusikaga kuni 1 minut, kuni toode on lahustunud. Maitse j\u00e4rgi v\u00f5ib lisada lusikat\u00e4ie kaneeli.<\/li>\n<li>Blender \u2013 blenderda kokku 200-300 ml piima v\u00f5i veega.\u00a0 Maitse j\u00e4rgi v\u00f5ib lisada avokaadot, banaani ja marju.<\/li>\n<\/ul>\n<\/div>\n<\/div>\n","protected":false},"excerpt":{"rendered":"<ul class=\"icon-with-text icon-with-text--vertical list-unstyled\">\n<li class=\"icon-with-text__item\"><strong><span class=\"h4\">Suurendab energiat<\/span><\/strong><\/li>\n<li class=\"icon-with-text__item\"><strong><span class=\"h4\">Rahulolu tunne peale s\u00f6\u00f6mist<\/span><\/strong><\/li>\n<li class=\"icon-with-text__item\"><strong><span class=\"h4\">Arendab lihasmassi<\/span><\/strong><\/li>\n<li class=\"icon-with-text__item\"><strong><span class=\"h4\">Soodustab tervise kiiremat taastumist<\/span><\/strong><\/li>\n<li class=\"icon-with-text__item\"><strong><span class=\"h4\">Kollageeni moodustamiseks vajalik materjal<\/span><\/strong><\/li>\n<\/ul>\n<div class=\"field field--text_field\">\n<div class=\"field-label field-label--text_field\"><a href=\"https:\/\/pakalpojumi.pvd.gov.lv\/lv\/supplements\/15181\" target=\"_blank\" rel=\"noopener\">Toidu- ja Veterinaarteenistuse reg.no. 13109<\/a><\/div>\n<\/div>\n","protected":false},"featured_media":3773,"comment_status":"closed","ping_status":"closed","template":"","meta":{"_acf_changed":false,"_uag_custom_page_level_css":"","_kadence_starter_templates_imported_post":false,"_kad_post_transparent":"default","_kad_post_title":"","_kad_post_layout":"default","_kad_post_sidebar_id":"","_kad_post_content_style":"default","_kad_post_vertical_padding":"default","_kad_post_feature":"","_kad_post_feature_position":"","_kad_post_header":false,"_kad_post_footer":false},"product_brand":[75],"product_cat":[52],"product_tag":[],"class_list":{"0":"post-4136","1":"product","2":"type-product","3":"status-publish","4":"has-post-thumbnail","6":"product_brand-preimmu","7":"product_cat-kategooriata","9":"first","10":"outofstock","11":"taxable","12":"shipping-taxable","13":"purchasable","14":"product-type-variable","15":"has-default-attributes","16":"entry","17":"content-bg","18":"loop-entry"},"acf":[],"yoast_head":"<!-- This site is optimized with the Yoast SEO plugin v26.4 - https:\/\/yoast.com\/wordpress\/plugins\/seo\/ -->\n<title>OBVProt | Valk - Santa Monica<\/title>\n<meta name=\"description\" content=\"OBVProt - Kiudainete allikas \u2013 Suurendab energiat, S\u00e4ilitab k\u00fcllastustunde, Kiirendab lihaste kasvu ja toetab luude tervist, Edendab keha loomulikku\" \/>\n<meta name=\"robots\" content=\"index, follow, max-snippet:-1, max-image-preview:large, max-video-preview:-1\" \/>\n<link rel=\"canonical\" href=\"https:\/\/santamonica.lv\/et\/e-pood\/obvprot-valk\/\" \/>\n<meta property=\"og:locale\" content=\"et_EE\" \/>\n<meta property=\"og:type\" content=\"article\" \/>\n<meta property=\"og:title\" content=\"OBVProt | Valk - Santa Monica\" \/>\n<meta property=\"og:description\" content=\"OBVProt - Kiudainete allikas \u2013 Suurendab energiat, S\u00e4ilitab k\u00fcllastustunde, Kiirendab lihaste kasvu ja toetab luude tervist, Edendab keha loomulikku\" \/>\n<meta property=\"og:url\" content=\"https:\/\/santamonica.lv\/et\/e-pood\/obvprot-valk\/\" \/>\n<meta property=\"og:site_name\" content=\"Santa Monica\" \/>\n<meta property=\"article:publisher\" content=\"https:\/\/www.facebook.com\/klinikasantamonica\" \/>\n<meta property=\"article:modified_time\" content=\"2025-04-22T17:06:58+00:00\" \/>\n<meta property=\"og:image\" content=\"https:\/\/santamonica.lv\/wp-content\/uploads\/2025\/03\/obvprot-preimmu-30-sashets.png\" \/>\n\t<meta property=\"og:image:width\" content=\"1920\" \/>\n\t<meta property=\"og:image:height\" content=\"1294\" \/>\n\t<meta property=\"og:image:type\" content=\"image\/png\" \/>\n<meta name=\"twitter:card\" content=\"summary_large_image\" \/>\n<meta name=\"twitter:label1\" content=\"Est. reading time\" \/>\n\t<meta name=\"twitter:data1\" content=\"2 minutit\" \/>\n<script type=\"application\/ld+json\" class=\"yoast-schema-graph\">{\"@context\":\"https:\/\/schema.org\",\"@graph\":[{\"@type\":\"WebPage\",\"@id\":\"https:\/\/santamonica.lv\/et\/e-pood\/obvprot-valk\/\",\"url\":\"https:\/\/santamonica.lv\/et\/e-pood\/obvprot-valk\/\",\"name\":\"OBVProt | Valk - Santa Monica\",\"isPartOf\":{\"@id\":\"https:\/\/santamonica.lv\/et\/#website\"},\"primaryImageOfPage\":{\"@id\":\"https:\/\/santamonica.lv\/et\/e-pood\/obvprot-valk\/#primaryimage\"},\"image\":{\"@id\":\"https:\/\/santamonica.lv\/et\/e-pood\/obvprot-valk\/#primaryimage\"},\"thumbnailUrl\":\"https:\/\/santamonica.lv\/wp-content\/uploads\/2025\/03\/obvprot-preimmu-30-sashets.png\",\"datePublished\":\"2025-03-29T20:05:27+00:00\",\"dateModified\":\"2025-04-22T17:06:58+00:00\",\"description\":\"OBVProt - Kiudainete allikas \u2013 Suurendab energiat, S\u00e4ilitab k\u00fcllastustunde, Kiirendab lihaste kasvu ja toetab luude tervist, Edendab keha loomulikku\",\"breadcrumb\":{\"@id\":\"https:\/\/santamonica.lv\/et\/e-pood\/obvprot-valk\/#breadcrumb\"},\"inLanguage\":\"et\",\"potentialAction\":[{\"@type\":\"ReadAction\",\"target\":[\"https:\/\/santamonica.lv\/et\/e-pood\/obvprot-valk\/\"]}]},{\"@type\":\"ImageObject\",\"inLanguage\":\"et\",\"@id\":\"https:\/\/santamonica.lv\/et\/e-pood\/obvprot-valk\/#primaryimage\",\"url\":\"https:\/\/santamonica.lv\/wp-content\/uploads\/2025\/03\/obvprot-preimmu-30-sashets.png\",\"contentUrl\":\"https:\/\/santamonica.lv\/wp-content\/uploads\/2025\/03\/obvprot-preimmu-30-sashets.png\",\"width\":1920,\"height\":1294},{\"@type\":\"BreadcrumbList\",\"@id\":\"https:\/\/santamonica.lv\/et\/e-pood\/obvprot-valk\/#breadcrumb\",\"itemListElement\":[{\"@type\":\"ListItem\",\"position\":1,\"name\":\"Home\",\"item\":\"https:\/\/santamonica.lv\/et\/sakums\/\"},{\"@type\":\"ListItem\",\"position\":2,\"name\":\"E-pood\",\"item\":\"https:\/\/santamonica.lv\/et\/e-pood-santa-monica\/\"},{\"@type\":\"ListItem\",\"position\":3,\"name\":\"OBVProt | Valk\"}]},{\"@type\":\"WebSite\",\"@id\":\"https:\/\/santamonica.lv\/et\/#website\",\"url\":\"https:\/\/santamonica.lv\/et\/\",\"name\":\"Santa Monica\",\"description\":\"\",\"potentialAction\":[{\"@type\":\"SearchAction\",\"target\":{\"@type\":\"EntryPoint\",\"urlTemplate\":\"https:\/\/santamonica.lv\/et\/?s={search_term_string}\"},\"query-input\":{\"@type\":\"PropertyValueSpecification\",\"valueRequired\":true,\"valueName\":\"search_term_string\"}}],\"inLanguage\":\"et\"}]}<\/script>\n<!-- \/ Yoast SEO plugin. -->","yoast_head_json":{"title":"OBVProt | Valk - Santa Monica","description":"OBVProt - Kiudainete allikas \u2013 Suurendab energiat, S\u00e4ilitab k\u00fcllastustunde, Kiirendab lihaste kasvu ja toetab luude tervist, Edendab keha loomulikku","robots":{"index":"index","follow":"follow","max-snippet":"max-snippet:-1","max-image-preview":"max-image-preview:large","max-video-preview":"max-video-preview:-1"},"canonical":"https:\/\/santamonica.lv\/et\/e-pood\/obvprot-valk\/","og_locale":"et_EE","og_type":"article","og_title":"OBVProt | Valk - Santa Monica","og_description":"OBVProt - Kiudainete allikas \u2013 Suurendab energiat, S\u00e4ilitab k\u00fcllastustunde, Kiirendab lihaste kasvu ja toetab luude tervist, Edendab keha loomulikku","og_url":"https:\/\/santamonica.lv\/et\/e-pood\/obvprot-valk\/","og_site_name":"Santa Monica","article_publisher":"https:\/\/www.facebook.com\/klinikasantamonica","article_modified_time":"2025-04-22T17:06:58+00:00","og_image":[{"width":1920,"height":1294,"url":"https:\/\/santamonica.lv\/wp-content\/uploads\/2025\/03\/obvprot-preimmu-30-sashets.png","type":"image\/png"}],"twitter_card":"summary_large_image","twitter_misc":{"Est. reading time":"2 minutit"},"schema":{"@context":"https:\/\/schema.org","@graph":[{"@type":"WebPage","@id":"https:\/\/santamonica.lv\/et\/e-pood\/obvprot-valk\/","url":"https:\/\/santamonica.lv\/et\/e-pood\/obvprot-valk\/","name":"OBVProt | Valk - Santa Monica","isPartOf":{"@id":"https:\/\/santamonica.lv\/et\/#website"},"primaryImageOfPage":{"@id":"https:\/\/santamonica.lv\/et\/e-pood\/obvprot-valk\/#primaryimage"},"image":{"@id":"https:\/\/santamonica.lv\/et\/e-pood\/obvprot-valk\/#primaryimage"},"thumbnailUrl":"https:\/\/santamonica.lv\/wp-content\/uploads\/2025\/03\/obvprot-preimmu-30-sashets.png","datePublished":"2025-03-29T20:05:27+00:00","dateModified":"2025-04-22T17:06:58+00:00","description":"OBVProt - Kiudainete allikas \u2013 Suurendab energiat, S\u00e4ilitab k\u00fcllastustunde, Kiirendab lihaste kasvu ja toetab luude tervist, Edendab keha loomulikku","breadcrumb":{"@id":"https:\/\/santamonica.lv\/et\/e-pood\/obvprot-valk\/#breadcrumb"},"inLanguage":"et","potentialAction":[{"@type":"ReadAction","target":["https:\/\/santamonica.lv\/et\/e-pood\/obvprot-valk\/"]}]},{"@type":"ImageObject","inLanguage":"et","@id":"https:\/\/santamonica.lv\/et\/e-pood\/obvprot-valk\/#primaryimage","url":"https:\/\/santamonica.lv\/wp-content\/uploads\/2025\/03\/obvprot-preimmu-30-sashets.png","contentUrl":"https:\/\/santamonica.lv\/wp-content\/uploads\/2025\/03\/obvprot-preimmu-30-sashets.png","width":1920,"height":1294},{"@type":"BreadcrumbList","@id":"https:\/\/santamonica.lv\/et\/e-pood\/obvprot-valk\/#breadcrumb","itemListElement":[{"@type":"ListItem","position":1,"name":"Home","item":"https:\/\/santamonica.lv\/et\/sakums\/"},{"@type":"ListItem","position":2,"name":"E-pood","item":"https:\/\/santamonica.lv\/et\/e-pood-santa-monica\/"},{"@type":"ListItem","position":3,"name":"OBVProt | Valk"}]},{"@type":"WebSite","@id":"https:\/\/santamonica.lv\/et\/#website","url":"https:\/\/santamonica.lv\/et\/","name":"Santa Monica","description":"","potentialAction":[{"@type":"SearchAction","target":{"@type":"EntryPoint","urlTemplate":"https:\/\/santamonica.lv\/et\/?s={search_term_string}"},"query-input":{"@type":"PropertyValueSpecification","valueRequired":true,"valueName":"search_term_string"}}],"inLanguage":"et"}]}},"uagb_featured_image_src":{"full":["https:\/\/santamonica.lv\/wp-content\/uploads\/2025\/03\/obvprot-preimmu-30-sashets.png",1920,1294,false],"thumbnail":["https:\/\/santamonica.lv\/wp-content\/uploads\/2025\/03\/obvprot-preimmu-30-sashets-150x150.png",150,150,true],"medium":["https:\/\/santamonica.lv\/wp-content\/uploads\/2025\/03\/obvprot-preimmu-30-sashets-300x202.png",300,202,true],"medium_large":["https:\/\/santamonica.lv\/wp-content\/uploads\/2025\/03\/obvprot-preimmu-30-sashets-768x518.png",768,518,true],"large":["https:\/\/santamonica.lv\/wp-content\/uploads\/2025\/03\/obvprot-preimmu-30-sashets-1024x690.png",1024,690,true],"1536x1536":["https:\/\/santamonica.lv\/wp-content\/uploads\/2025\/03\/obvprot-preimmu-30-sashets-1536x1035.png",1536,1035,true],"2048x2048":["https:\/\/santamonica.lv\/wp-content\/uploads\/2025\/03\/obvprot-preimmu-30-sashets.png",1920,1294,false],"woocommerce_thumbnail":["https:\/\/santamonica.lv\/wp-content\/uploads\/2025\/03\/obvprot-preimmu-30-sashets-300x300.png",300,300,true],"woocommerce_single":["https:\/\/santamonica.lv\/wp-content\/uploads\/2025\/03\/obvprot-preimmu-30-sashets-600x404.png",600,404,true],"woocommerce_gallery_thumbnail":["https:\/\/santamonica.lv\/wp-content\/uploads\/2025\/03\/obvprot-preimmu-30-sashets-100x100.png",100,100,true]},"uagb_author_info":{"display_name":"Aigars","author_link":"https:\/\/santamonica.lv\/et\/author\/"},"uagb_comment_info":0,"uagb_excerpt":"Suurendab energiat Rahulolu tunne peale s\u00f6\u00f6mist Arendab lihasmassi Soodustab tervise kiiremat taastumist Kollageeni moodustamiseks vajalik materjal Toidu- ja Veterinaarteenistuse reg.no. 13109","_links":{"self":[{"href":"https:\/\/santamonica.lv\/et\/wp-json\/wp\/v2\/product\/4136","targetHints":{"allow":["GET"]}}],"collection":[{"href":"https:\/\/santamonica.lv\/et\/wp-json\/wp\/v2\/product"}],"about":[{"href":"https:\/\/santamonica.lv\/et\/wp-json\/wp\/v2\/types\/product"}],"replies":[{"embeddable":true,"href":"https:\/\/santamonica.lv\/et\/wp-json\/wp\/v2\/comments?post=4136"}],"wp:featuredmedia":[{"embeddable":true,"href":"https:\/\/santamonica.lv\/et\/wp-json\/wp\/v2\/media\/3773"}],"wp:attachment":[{"href":"https:\/\/santamonica.lv\/et\/wp-json\/wp\/v2\/media?parent=4136"}],"wp:term":[{"taxonomy":"product_brand","embeddable":true,"href":"https:\/\/santamonica.lv\/et\/wp-json\/wp\/v2\/product_brand?post=4136"},{"taxonomy":"product_cat","embeddable":true,"href":"https:\/\/santamonica.lv\/et\/wp-json\/wp\/v2\/product_cat?post=4136"},{"taxonomy":"product_tag","embeddable":true,"href":"https:\/\/santamonica.lv\/et\/wp-json\/wp\/v2\/product_tag?post=4136"}],"curies":[{"name":"wp","href":"https:\/\/api.w.org\/{rel}","templated":true}]}}