{"id":4139,"date":"2025-03-29T20:06:42","date_gmt":"2025-03-29T18:06:42","guid":{"rendered":"https:\/\/santamonica.lv\/e-veikals\/glutations-bellmeda\/"},"modified":"2025-04-22T19:59:17","modified_gmt":"2025-04-22T16:59:17","slug":"glutatioon-bellmeda","status":"publish","type":"product","link":"https:\/\/santamonica.lv\/et\/e-pood\/glutatioon-bellmeda\/","title":{"rendered":"Glutatioon, BellMeda &#8211; 60 kapslit"},"content":{"rendered":"<p><span class=\"HwtZe\" lang=\"et\"><span class=\"jCAhz ChMk0b\"><span class=\"ryNqvb\"><strong>Pakendi suurus:<\/strong> kapslid 0,4 g <\/span><\/span><\/span><\/p>\n<p><span class=\"HwtZe\" lang=\"et\"><span class=\"jCAhz ChMk0b\"><span class=\"ryNqvb\"><strong>Soovitatav p\u00e4evane annus:<\/strong> 1 kapsel p\u00e4evas s\u00f6\u00f6gikordade vahel <\/span><\/span><\/span><\/p>\n<p><span class=\"HwtZe\" lang=\"et\"><span class=\"jCAhz ChMk0b\"><span class=\"ryNqvb\"><strong>Koostis:<\/strong> <\/span><\/span><\/span><\/p>\n<ul>\n<li><span class=\"HwtZe\" lang=\"et\"><span class=\"jCAhz ChMk0b\"><span class=\"ryNqvb\">V\u00e4hendatud L-glutatioon (G-SH, redutseeritud vorm) \u2013 250 mg <\/span><\/span><\/span><\/li>\n<li><span class=\"HwtZe\" lang=\"et\"><span class=\"jCAhz ChMk0b\"><span class=\"ryNqvb\">E 460 \u2013 tselluloos <\/span><\/span><\/span><\/li>\n<li><span class=\"HwtZe\" lang=\"et\"><span class=\"jCAhz ChMk0b\"><span class=\"ryNqvb\">E 464 \u2013 h\u00fcdroks\u00fcprop\u00fc\u00fclmet\u00fc\u00fcltselluloos <\/span><\/span><\/span><\/li>\n<\/ul>\n<p><span class=\"HwtZe\" lang=\"et\"><span class=\"jCAhz ChMk0b\"><span class=\"ryNqvb\">Ei sisalda: gluteeni, laktoosi, fruktoosi, v\u00e4rvaineid ja paakumisvastaseid aineid.<\/span><\/span><\/span><\/p>\n","protected":false},"excerpt":{"rendered":"<p><span class=\"HwtZe\" lang=\"et\"><span class=\"jCAhz ChMk0b\"><span class=\"ryNqvb\"><strong>Antioks\u00fcdant<\/strong> <\/span><\/span><\/span><\/p>\n<p><span class=\"HwtZe\" lang=\"et\"><span class=\"jCAhz ChMk0b\"><span class=\"ryNqvb\">Just see aktiivne, redutseeritud vorm on \u00fcks v\u00f5imsamaid ja levinumaid looduslike antioks\u00fcdantide vorme. <\/span><\/span><\/span><\/p>\n<p><span class=\"HwtZe\" lang=\"et\"><span class=\"jCAhz ChMk0b\"><span class=\"ryNqvb\">Neutraliseerib vabu radikaale, detoksifitseerib keha ja soodustab immuuns\u00fcsteemi talitlust.<\/span><\/span><\/span><\/p>\n<ul>\n<li><span class=\"HwtZe\" lang=\"et\"><span class=\"jCAhz ChMk0b\"><span class=\"ryNqvb\">Toetus krooniliste haiguste korral <\/span><\/span><\/span><\/li>\n<li><span class=\"HwtZe\" lang=\"et\"><span class=\"jCAhz ChMk0b\"><span class=\"ryNqvb\">Immuuns\u00fcsteemi tugevdamine <\/span><\/span><\/span><\/li>\n<li><span class=\"HwtZe\" lang=\"et\"><span class=\"jCAhz ChMk0b\"><span class=\"ryNqvb\">Vananemisvastaseks otstarbeks <\/span><\/span><\/span><\/li>\n<li><span class=\"HwtZe\" lang=\"et\"><span class=\"jCAhz ChMk0b\"><span class=\"ryNqvb\">Hingamisteede haiguste raviks <\/span><\/span><\/span><\/li>\n<li><span class=\"HwtZe\" lang=\"et\"><span class=\"jCAhz ChMk0b\"><span class=\"ryNqvb\">Toetus maksa tervisele <\/span><\/span><\/span><\/li>\n<li><span class=\"HwtZe\" lang=\"et\"><span class=\"jCAhz ChMk0b\"><span class=\"ryNqvb\">Abi meeste viljatuse korral<\/span><\/span><\/span><\/li>\n<\/ul>\n<p><a href=\"https:\/\/pakalpojumi.pvd.gov.lv\/lv\/supplements\/15858\" target=\"_blank\" rel=\"noopener\">Toidu- ja Veterinaarteenistuse reg.no. 17341<\/a><\/p>\n","protected":false},"featured_media":3764,"comment_status":"closed","ping_status":"closed","template":"","meta":{"_acf_changed":false,"_uag_custom_page_level_css":"","_kadence_starter_templates_imported_post":false,"_kad_post_transparent":"default","_kad_post_title":"","_kad_post_layout":"default","_kad_post_sidebar_id":"","_kad_post_content_style":"default","_kad_post_vertical_padding":"default","_kad_post_feature":"","_kad_post_feature_position":"","_kad_post_header":false,"_kad_post_footer":false},"product_brand":[74],"product_cat":[52],"product_tag":[],"class_list":{"0":"post-4139","1":"product","2":"type-product","3":"status-publish","4":"has-post-thumbnail","6":"product_brand-bellmeda","7":"product_cat-kategooriata","9":"first","10":"outofstock","11":"taxable","12":"shipping-taxable","13":"purchasable","14":"product-type-variable","15":"has-default-attributes","16":"entry","17":"content-bg","18":"loop-entry"},"acf":[],"yoast_head":"<!-- This site is optimized with the Yoast SEO plugin v26.4 - https:\/\/yoast.com\/wordpress\/plugins\/seo\/ -->\n<title>Glutatioon, BellMeda - 60 kapslit - Santa Monica<\/title>\n<meta name=\"robots\" content=\"index, follow, max-snippet:-1, max-image-preview:large, max-video-preview:-1\" \/>\n<link rel=\"canonical\" href=\"https:\/\/santamonica.lv\/et\/e-pood\/glutatioon-bellmeda\/\" \/>\n<meta property=\"og:locale\" content=\"et_EE\" \/>\n<meta property=\"og:type\" content=\"article\" \/>\n<meta property=\"og:title\" content=\"Glutatioon, BellMeda - 60 kapslit - Santa Monica\" \/>\n<meta property=\"og:description\" content=\"Antioks\u00fcdant   Just see aktiivne, redutseeritud vorm on \u00fcks v\u00f5imsamaid ja levinumaid looduslike antioks\u00fcdantide vorme.   Neutraliseerib vabu radikaale, detoksifitseerib keha ja soodustab immuuns\u00fcsteemi talitlust.   Toetus krooniliste haiguste korral   Immuuns\u00fcsteemi tugevdamine   Vananemisvastaseks otstarbeks   Hingamisteede haiguste raviks   Toetus maksa tervisele   Abi meeste viljatuse korral  Toidu- ja Veterinaarteenistuse reg.no. 17341\" \/>\n<meta property=\"og:url\" content=\"https:\/\/santamonica.lv\/et\/e-pood\/glutatioon-bellmeda\/\" \/>\n<meta property=\"og:site_name\" content=\"Santa Monica\" \/>\n<meta property=\"article:publisher\" content=\"https:\/\/www.facebook.com\/klinikasantamonica\" \/>\n<meta property=\"article:modified_time\" content=\"2025-04-22T16:59:17+00:00\" \/>\n<meta property=\"og:image\" content=\"https:\/\/santamonica.lv\/wp-content\/uploads\/2025\/03\/glutations-bellmeda-60-caps.jpg\" \/>\n\t<meta property=\"og:image:width\" content=\"798\" \/>\n\t<meta property=\"og:image:height\" content=\"799\" \/>\n\t<meta property=\"og:image:type\" content=\"image\/jpeg\" \/>\n<meta name=\"twitter:card\" content=\"summary_large_image\" \/>\n<script type=\"application\/ld+json\" class=\"yoast-schema-graph\">{\"@context\":\"https:\/\/schema.org\",\"@graph\":[{\"@type\":\"WebPage\",\"@id\":\"https:\/\/santamonica.lv\/et\/e-pood\/glutatioon-bellmeda\/\",\"url\":\"https:\/\/santamonica.lv\/et\/e-pood\/glutatioon-bellmeda\/\",\"name\":\"Glutatioon, BellMeda - 60 kapslit - Santa Monica\",\"isPartOf\":{\"@id\":\"https:\/\/santamonica.lv\/et\/#website\"},\"primaryImageOfPage\":{\"@id\":\"https:\/\/santamonica.lv\/et\/e-pood\/glutatioon-bellmeda\/#primaryimage\"},\"image\":{\"@id\":\"https:\/\/santamonica.lv\/et\/e-pood\/glutatioon-bellmeda\/#primaryimage\"},\"thumbnailUrl\":\"https:\/\/santamonica.lv\/wp-content\/uploads\/2025\/03\/glutations-bellmeda-60-caps.jpg\",\"datePublished\":\"2025-03-29T18:06:42+00:00\",\"dateModified\":\"2025-04-22T16:59:17+00:00\",\"breadcrumb\":{\"@id\":\"https:\/\/santamonica.lv\/et\/e-pood\/glutatioon-bellmeda\/#breadcrumb\"},\"inLanguage\":\"et\",\"potentialAction\":[{\"@type\":\"ReadAction\",\"target\":[\"https:\/\/santamonica.lv\/et\/e-pood\/glutatioon-bellmeda\/\"]}]},{\"@type\":\"ImageObject\",\"inLanguage\":\"et\",\"@id\":\"https:\/\/santamonica.lv\/et\/e-pood\/glutatioon-bellmeda\/#primaryimage\",\"url\":\"https:\/\/santamonica.lv\/wp-content\/uploads\/2025\/03\/glutations-bellmeda-60-caps.jpg\",\"contentUrl\":\"https:\/\/santamonica.lv\/wp-content\/uploads\/2025\/03\/glutations-bellmeda-60-caps.jpg\",\"width\":798,\"height\":799,\"caption\":\"Glutations no BellMeda - iepakojums 60 kapsulas 23,7g\"},{\"@type\":\"BreadcrumbList\",\"@id\":\"https:\/\/santamonica.lv\/et\/e-pood\/glutatioon-bellmeda\/#breadcrumb\",\"itemListElement\":[{\"@type\":\"ListItem\",\"position\":1,\"name\":\"Home\",\"item\":\"https:\/\/santamonica.lv\/et\/sakums\/\"},{\"@type\":\"ListItem\",\"position\":2,\"name\":\"E-pood\",\"item\":\"https:\/\/santamonica.lv\/et\/e-pood-santa-monica\/\"},{\"@type\":\"ListItem\",\"position\":3,\"name\":\"Glutatioon, BellMeda &#8211; 60 kapslit\"}]},{\"@type\":\"WebSite\",\"@id\":\"https:\/\/santamonica.lv\/et\/#website\",\"url\":\"https:\/\/santamonica.lv\/et\/\",\"name\":\"Santa Monica\",\"description\":\"\",\"potentialAction\":[{\"@type\":\"SearchAction\",\"target\":{\"@type\":\"EntryPoint\",\"urlTemplate\":\"https:\/\/santamonica.lv\/et\/?s={search_term_string}\"},\"query-input\":{\"@type\":\"PropertyValueSpecification\",\"valueRequired\":true,\"valueName\":\"search_term_string\"}}],\"inLanguage\":\"et\"}]}<\/script>\n<!-- \/ Yoast SEO plugin. -->","yoast_head_json":{"title":"Glutatioon, BellMeda - 60 kapslit - Santa Monica","robots":{"index":"index","follow":"follow","max-snippet":"max-snippet:-1","max-image-preview":"max-image-preview:large","max-video-preview":"max-video-preview:-1"},"canonical":"https:\/\/santamonica.lv\/et\/e-pood\/glutatioon-bellmeda\/","og_locale":"et_EE","og_type":"article","og_title":"Glutatioon, BellMeda - 60 kapslit - Santa Monica","og_description":"Antioks\u00fcdant   Just see aktiivne, redutseeritud vorm on \u00fcks v\u00f5imsamaid ja levinumaid looduslike antioks\u00fcdantide vorme.   Neutraliseerib vabu radikaale, detoksifitseerib keha ja soodustab immuuns\u00fcsteemi talitlust.   Toetus krooniliste haiguste korral   Immuuns\u00fcsteemi tugevdamine   Vananemisvastaseks otstarbeks   Hingamisteede haiguste raviks   Toetus maksa tervisele   Abi meeste viljatuse korral  Toidu- ja Veterinaarteenistuse reg.no. 17341","og_url":"https:\/\/santamonica.lv\/et\/e-pood\/glutatioon-bellmeda\/","og_site_name":"Santa Monica","article_publisher":"https:\/\/www.facebook.com\/klinikasantamonica","article_modified_time":"2025-04-22T16:59:17+00:00","og_image":[{"width":798,"height":799,"url":"https:\/\/santamonica.lv\/wp-content\/uploads\/2025\/03\/glutations-bellmeda-60-caps.jpg","type":"image\/jpeg"}],"twitter_card":"summary_large_image","schema":{"@context":"https:\/\/schema.org","@graph":[{"@type":"WebPage","@id":"https:\/\/santamonica.lv\/et\/e-pood\/glutatioon-bellmeda\/","url":"https:\/\/santamonica.lv\/et\/e-pood\/glutatioon-bellmeda\/","name":"Glutatioon, BellMeda - 60 kapslit - Santa Monica","isPartOf":{"@id":"https:\/\/santamonica.lv\/et\/#website"},"primaryImageOfPage":{"@id":"https:\/\/santamonica.lv\/et\/e-pood\/glutatioon-bellmeda\/#primaryimage"},"image":{"@id":"https:\/\/santamonica.lv\/et\/e-pood\/glutatioon-bellmeda\/#primaryimage"},"thumbnailUrl":"https:\/\/santamonica.lv\/wp-content\/uploads\/2025\/03\/glutations-bellmeda-60-caps.jpg","datePublished":"2025-03-29T18:06:42+00:00","dateModified":"2025-04-22T16:59:17+00:00","breadcrumb":{"@id":"https:\/\/santamonica.lv\/et\/e-pood\/glutatioon-bellmeda\/#breadcrumb"},"inLanguage":"et","potentialAction":[{"@type":"ReadAction","target":["https:\/\/santamonica.lv\/et\/e-pood\/glutatioon-bellmeda\/"]}]},{"@type":"ImageObject","inLanguage":"et","@id":"https:\/\/santamonica.lv\/et\/e-pood\/glutatioon-bellmeda\/#primaryimage","url":"https:\/\/santamonica.lv\/wp-content\/uploads\/2025\/03\/glutations-bellmeda-60-caps.jpg","contentUrl":"https:\/\/santamonica.lv\/wp-content\/uploads\/2025\/03\/glutations-bellmeda-60-caps.jpg","width":798,"height":799,"caption":"Glutations no BellMeda - iepakojums 60 kapsulas 23,7g"},{"@type":"BreadcrumbList","@id":"https:\/\/santamonica.lv\/et\/e-pood\/glutatioon-bellmeda\/#breadcrumb","itemListElement":[{"@type":"ListItem","position":1,"name":"Home","item":"https:\/\/santamonica.lv\/et\/sakums\/"},{"@type":"ListItem","position":2,"name":"E-pood","item":"https:\/\/santamonica.lv\/et\/e-pood-santa-monica\/"},{"@type":"ListItem","position":3,"name":"Glutatioon, BellMeda &#8211; 60 kapslit"}]},{"@type":"WebSite","@id":"https:\/\/santamonica.lv\/et\/#website","url":"https:\/\/santamonica.lv\/et\/","name":"Santa Monica","description":"","potentialAction":[{"@type":"SearchAction","target":{"@type":"EntryPoint","urlTemplate":"https:\/\/santamonica.lv\/et\/?s={search_term_string}"},"query-input":{"@type":"PropertyValueSpecification","valueRequired":true,"valueName":"search_term_string"}}],"inLanguage":"et"}]}},"uagb_featured_image_src":{"full":["https:\/\/santamonica.lv\/wp-content\/uploads\/2025\/03\/glutations-bellmeda-60-caps.jpg",798,799,false],"thumbnail":["https:\/\/santamonica.lv\/wp-content\/uploads\/2025\/03\/glutations-bellmeda-60-caps-150x150.jpg",150,150,true],"medium":["https:\/\/santamonica.lv\/wp-content\/uploads\/2025\/03\/glutations-bellmeda-60-caps-300x300.jpg",300,300,true],"medium_large":["https:\/\/santamonica.lv\/wp-content\/uploads\/2025\/03\/glutations-bellmeda-60-caps-768x769.jpg",768,769,true],"large":["https:\/\/santamonica.lv\/wp-content\/uploads\/2025\/03\/glutations-bellmeda-60-caps.jpg",798,799,false],"1536x1536":["https:\/\/santamonica.lv\/wp-content\/uploads\/2025\/03\/glutations-bellmeda-60-caps.jpg",798,799,false],"2048x2048":["https:\/\/santamonica.lv\/wp-content\/uploads\/2025\/03\/glutations-bellmeda-60-caps.jpg",798,799,false],"woocommerce_thumbnail":["https:\/\/santamonica.lv\/wp-content\/uploads\/2025\/03\/glutations-bellmeda-60-caps-300x300.jpg",300,300,true],"woocommerce_single":["https:\/\/santamonica.lv\/wp-content\/uploads\/2025\/03\/glutations-bellmeda-60-caps-600x601.jpg",600,601,true],"woocommerce_gallery_thumbnail":["https:\/\/santamonica.lv\/wp-content\/uploads\/2025\/03\/glutations-bellmeda-60-caps-100x100.jpg",100,100,true]},"uagb_author_info":{"display_name":"Aigars","author_link":"https:\/\/santamonica.lv\/et\/author\/"},"uagb_comment_info":0,"uagb_excerpt":"Antioks\u00fcdant Just see aktiivne, redutseeritud vorm on \u00fcks v\u00f5imsamaid ja levinumaid looduslike antioks\u00fcdantide vorme. Neutraliseerib vabu radikaale, detoksifitseerib keha ja soodustab immuuns\u00fcsteemi talitlust. Toetus krooniliste haiguste korral Immuuns\u00fcsteemi tugevdamine Vananemisvastaseks otstarbeks Hingamisteede haiguste raviks Toetus maksa tervisele Abi meeste viljatuse korral Toidu- ja Veterinaarteenistuse reg.no. 17341","_links":{"self":[{"href":"https:\/\/santamonica.lv\/et\/wp-json\/wp\/v2\/product\/4139","targetHints":{"allow":["GET"]}}],"collection":[{"href":"https:\/\/santamonica.lv\/et\/wp-json\/wp\/v2\/product"}],"about":[{"href":"https:\/\/santamonica.lv\/et\/wp-json\/wp\/v2\/types\/product"}],"replies":[{"embeddable":true,"href":"https:\/\/santamonica.lv\/et\/wp-json\/wp\/v2\/comments?post=4139"}],"wp:featuredmedia":[{"embeddable":true,"href":"https:\/\/santamonica.lv\/et\/wp-json\/wp\/v2\/media\/3764"}],"wp:attachment":[{"href":"https:\/\/santamonica.lv\/et\/wp-json\/wp\/v2\/media?parent=4139"}],"wp:term":[{"taxonomy":"product_brand","embeddable":true,"href":"https:\/\/santamonica.lv\/et\/wp-json\/wp\/v2\/product_brand?post=4139"},{"taxonomy":"product_cat","embeddable":true,"href":"https:\/\/santamonica.lv\/et\/wp-json\/wp\/v2\/product_cat?post=4139"},{"taxonomy":"product_tag","embeddable":true,"href":"https:\/\/santamonica.lv\/et\/wp-json\/wp\/v2\/product_tag?post=4139"}],"curies":[{"name":"wp","href":"https:\/\/api.w.org\/{rel}","templated":true}]}}