{"id":4148,"date":"2025-03-29T16:21:56","date_gmt":"2025-03-29T14:21:56","guid":{"rendered":"https:\/\/santamonica.lv\/e-veikals\/cellenerq10-bellmeda\/"},"modified":"2025-04-22T19:46:39","modified_gmt":"2025-04-22T16:46:39","slug":"cellenerq10-bellmeda","status":"publish","type":"product","link":"https:\/\/santamonica.lv\/et\/e-pood\/cellenerq10-bellmeda\/","title":{"rendered":"CellenerQ10, BellMeda"},"content":{"rendered":"<p><span class=\"HwtZe\" lang=\"et\"><span class=\"jCAhz ChMk0b\"><span class=\"ryNqvb\"><strong>Fasingi \u00fchiku suurus:<\/strong> kapslid 0,4 g <\/span><\/span><\/span><\/p>\n<p><span class=\"HwtZe\" lang=\"et\"><span class=\"jCAhz ChMk0b\"><span class=\"ryNqvb\"><strong>Soovitatav igap\u00e4evane annus:<\/strong> t\u00e4iskasvanud 1 kapsel p\u00e4evas, joomine piisavalt vedelikku. <\/span><\/span><\/span><\/p>\n<p><span class=\"HwtZe\" lang=\"et\"><span class=\"jCAhz ChMk0b\"><span class=\"ryNqvb\"><strong>Toitainete igap\u00e4evane annus (1 kapsel):<\/strong> koens\u00fc\u00fcm Q10 kompleks: 280 mg selle koens\u00fc\u00fcmi Q10: 100 mg <\/span><\/span><\/span><\/p>\n<p><span class=\"HwtZe\" lang=\"et\"><span class=\"jCAhz ChMk0b\"><span class=\"ryNqvb\"><strong>Koostisosad:<\/strong> <\/span><\/span><\/span><\/p>\n<ul>\n<li><span class=\"HwtZe\" lang=\"et\"><span class=\"jCAhz ChMk0b\"><span class=\"ryNqvb\">Ubihinoon-ts\u00fcklodekstriini kompleks-280 mg <\/span><\/span><\/span><\/li>\n<li><span class=\"HwtZe\" lang=\"et\"><span class=\"jCAhz ChMk0b\"><span class=\"ryNqvb\">E 464 &#8211; h\u00fcdroks\u00fcprop\u00fc\u00fclmet\u00fc\u00fcltulloos<\/span><\/span><\/span><\/li>\n<\/ul>\n<p><strong><span class=\"HwtZe\" lang=\"et\"><span class=\"jCAhz ChMk0b\"><span class=\"ryNqvb\">Ei mingeid gluteen, laktoos, fruktoos, v\u00e4rvained, l\u00f5hna- ja maitseained, seenevastased ained ja s\u00e4ilitusained.<\/span><\/span><\/span><\/strong><\/p>\n<p><span class=\"HwtZe\" lang=\"et\"><span class=\"jCAhz ChMk0b\"><span class=\"ryNqvb\">Coens\u00fc\u00fcm Q10 on vitaminoid, mis on otseselt seotud raku energia tootmisega. See toimib ATP moodustumisprotsessis hingamisahelas mitokondrites elektronsaatjana. Inimese keskmine p\u00e4evane ATP k\u00e4ive on 200 kg, mis n\u00e4itab selle aine silmapaistvat t\u00e4hendust. <\/span><\/span><\/span><\/p>\n<p><span class=\"HwtZe\" lang=\"et\"><span class=\"jCAhz ChMk0b\"><span class=\"ryNqvb\">Coens\u00fc\u00fcm Q10 on kehas ainus lipofiilne antioks\u00fcdant; See v\u00e4hendab lipiidide peroks\u00fcdatsiooni ja suurendab lipiidide oks\u00fcdatsiooniresistentsust. Selle tulemusel stabiliseerib see rakumembraane ja suurendab membraanide voogu. <\/span><\/span><\/span><\/p>\n<p><span class=\"HwtZe\" lang=\"et\"><span class=\"jCAhz ChMk0b\"><span class=\"ryNqvb\">Coens\u00fc\u00fcm Q10 toetab immuunsuss\u00fcsteemi, suurendades makrofaagide fagots\u00fctoosi aktiivsust ja regenereerides tokofer\u00fc\u00fclradikaali Antioks\u00fcdantse E -vitamiini jaoks.<\/span><\/span><\/span><\/p>\n<p><span class=\"HwtZe\" lang=\"et\"><span class=\"jCAhz ChMk0b\"><span class=\"ryNqvb\">CelenerQ10 erip\u00e4raks on selle k\u00f5rge biosaadavus ts\u00fcklodekstriini keerukusest. Ts\u00fcklodekstriinid on t\u00e4rklise lagunemisr\u00f5nga produktid, mis koosnevad \u03b1-1,4-gl\u00fckosiidsetest gl\u00fckoosmolekulidest. Need on r\u00f5ngastatud lipofiilsete \u00f5\u00f5nsustega ja h\u00fcdrofiilse v\u00e4lispinnaga. Ts\u00fcklodekstriinid on v\u00f5imelised siduma orgaanilisi aineid, muutes need vee lahustuvaks ja biosaadavaks. Need kaitsevad aine ainet oks\u00fcdeerimise, valguse ja niiskuse eest. V\u00e4lja l\u00fclitatud aineid saab pikema aja jooksul erituda.<\/span><\/span><\/span><\/p>\n<p><span class=\"HwtZe\" lang=\"et\"><span class=\"jCAhz ChMk0b\"><span class=\"ryNqvb\">Toote koens\u00fc\u00fcmi Q10 eelised on saadaval vees lahustuva kompleksina, seega on selle biosaadavus kuni 4 korda suurem. <\/span><\/span><\/span><\/p>\n<p><span class=\"HwtZe\" lang=\"et\"><span class=\"jCAhz ChMk0b\"><span class=\"ryNqvb\">Ts\u00fcklodekstriini lagundatakse samamoodi nagu tavalised oligosahhariidid. <\/span><\/span><\/span><\/p>\n<p><span class=\"HwtZe\" lang=\"et\"><span class=\"jCAhz ChMk0b\"><span class=\"ryNqvb\">H\u00fcpoallergeenne ja koostatud minimaalsete k\u00f5rvaltoimetega.<\/span><\/span><\/span><\/p>\n<p><span class=\"HwtZe\" lang=\"et\"><span class=\"jCAhz ChMk0b\"><span class=\"ryNqvb\"><strong>Ravimite kasutamine (elut\u00e4htsate ainete kadumine):<\/strong> <\/span><\/span><\/span><\/p>\n<ul>\n<li><span class=\"HwtZe\" lang=\"et\"><span class=\"jCAhz ChMk0b\"><span class=\"ryNqvb\">CSE inhibiitorid <\/span><\/span><\/span><\/li>\n<li><span class=\"HwtZe\" lang=\"et\"><span class=\"jCAhz ChMk0b\"><span class=\"ryNqvb\">Beeta -blokeerijad <\/span><\/span><\/span><\/li>\n<li><span class=\"HwtZe\" lang=\"et\"><span class=\"jCAhz ChMk0b\"><span class=\"ryNqvb\">Antidepressandid <\/span><\/span><\/span><\/li>\n<li><span class=\"HwtZe\" lang=\"et\"><span class=\"jCAhz ChMk0b\"><span class=\"ryNqvb\">S\u00fcdame- Rasestumisvastased vahendid <\/span><\/span><\/span><\/li>\n<li><span class=\"HwtZe\" lang=\"et\"><span class=\"jCAhz ChMk0b\"><span class=\"ryNqvb\">V\u00e4hiravi <\/span><\/span><\/span><\/li>\n<li><span class=\"HwtZe\" lang=\"et\"><span class=\"jCAhz ChMk0b\"><span class=\"ryNqvb\">Statiinid <\/span><\/span><\/span><\/li>\n<li><span class=\"HwtZe\" lang=\"et\"><span class=\"jCAhz ChMk0b\"><span class=\"ryNqvb\">Tamoksifeen <\/span><\/span><\/span><\/li>\n<li><span class=\"HwtZe\" lang=\"et\"><span class=\"jCAhz ChMk0b\"><span class=\"ryNqvb\">Ps\u00fchhotroopsed ained<\/span><\/span><\/span><\/li>\n<\/ul>\n<p><em><span class=\"HwtZe\" lang=\"et\"><span class=\"jCAhz ChMk0b\"><span class=\"ryNqvb\">M\u00f5iste &#8220;ravimite kasutamine (elut\u00e4htsate ainete kaotamine)&#8221; viitab olukordadele, kus ette n\u00e4htud ravimid, mida kasutatakse pikaajaliste v\u00f5i suurte annuste korral, v\u00f5ivad v\u00e4hendada keha oluliste ainete taset. Selle p\u00f5hjuseks on asjaolu, et see ravim v\u00f5ib h\u00e4irida toitainete imendumist, ainevahetust v\u00f5i p\u00f5hjustada selle kiirendamist keha elimineerimist.<\/span><\/span><\/span><\/em><\/p>\n<p><em><span class=\"HwtZe\" lang=\"et\"><span class=\"jCAhz ChMk0b\"><span class=\"ryNqvb\">N\u00e4ited: <\/span><\/span><\/span><\/em><\/p>\n<ul>\n<li><em><span class=\"HwtZe\" lang=\"et\"><span class=\"jCAhz ChMk0b\"><span class=\"ryNqvb\">Statiinid: v\u00f5ivad v\u00e4hendada raku energia tootmiseks vajaliku koens\u00fc\u00fcmi Q10 taset. <\/span><\/span><\/span><\/em><\/li>\n<li><em><span class=\"HwtZe\" lang=\"et\"><span class=\"jCAhz ChMk0b\"><span class=\"ryNqvb\">Beeta -blokaatorid: v\u00f5ivad m\u00f5jutada mitokondrite funktsiooni ja v\u00e4hendada energia k\u00e4ttesaadavust. <\/span><\/span><\/span><\/em><\/li>\n<li><em><span class=\"HwtZe\" lang=\"et\"><span class=\"jCAhz ChMk0b\"><span class=\"ryNqvb\">Antidepressandid ja ps\u00fchhotroopsed ained: v\u00f5ivad m\u00f5jutada teatavat vitamiinide (n\u00e4iteks r\u00fchma B) v\u00f5i mineraale. <\/span><\/span><\/span><\/em><\/li>\n<li><em><span class=\"HwtZe\" lang=\"et\"><span class=\"jCAhz ChMk0b\"><span class=\"ryNqvb\">Rasestumisvastased vahendid: pikaajaline kasutamine v\u00f5ib p\u00f5hjustada B -vitamiini, magneesiumi ja tsingi taseme langust. <\/span><\/span><\/span><\/em><\/li>\n<li><em><span class=\"HwtZe\" lang=\"et\"><span class=\"jCAhz ChMk0b\"><span class=\"ryNqvb\">V\u00e4hiravi (n\u00e4iteks keemiaravi): v\u00f5ib p\u00f5hjustada oks\u00fcdatiivset stressi ja kiirendada olulisi antioks\u00fcdante nagu E -vitamiin ja koens\u00fc\u00fcm Q10.<\/span><\/span><\/span><\/em><\/li>\n<\/ul>\n","protected":false},"excerpt":{"rendered":"<p><span class=\"HwtZe\" lang=\"et\"><span class=\"jCAhz ChMk0b\"><span class=\"ryNqvb\"><strong>Koens\u00fc\u00fcm Q10, millel on k\u00f5rge neeldumine veega lahustuva kompleksi kujul, nii et selle biosaadavus on kuni 4 korda suurem.<\/strong> <\/span><\/span><\/span><\/p>\n<p><span class=\"HwtZe\" lang=\"et\"><span class=\"jCAhz ChMk0b\"><span class=\"ryNqvb\">S\u00fcnergia: <\/span><\/span><\/span><\/p>\n<ul>\n<li><strong><span class=\"HwtZe\" lang=\"et\"><span class=\"jCAhz ChMk0b\"><span class=\"ryNqvb\">Aju tasakaal: toetab aju funktsiooni ja kognitiivseid v\u00f5imeid. <\/span><\/span><\/span><\/strong><\/li>\n<li><strong><span class=\"HwtZe\" lang=\"et\"><span class=\"jCAhz ChMk0b\"><span class=\"ryNqvb\">NADH: soodustab raku energia tootmist ja aitab v\u00f5idelda v\u00e4simusega. <\/span><\/span><\/span><\/strong><\/li>\n<li><strong><span class=\"HwtZe\" lang=\"et\"><span class=\"jCAhz ChMk0b\"><span class=\"ryNqvb\">PQQ 20: toetab mitokondriaalset funktsiooni ja kaitseb rakke oks\u00fcdatiivse stressi eest.<\/span><\/span><\/span><\/strong><\/li>\n<\/ul>\n<p><strong><span class=\"HwtZe\" lang=\"et\"><span class=\"jCAhz ChMk0b\"><span class=\"ryNqvb\">Rakendusalad: <\/span><\/span><\/span><\/strong><\/p>\n<ul>\n<li><strong><span class=\"HwtZe\" lang=\"et\"><span class=\"jCAhz ChMk0b\"><span class=\"ryNqvb\">Mitokondriaalne talitlush\u00e4ire <\/span><\/span><\/span><\/strong><\/li>\n<li><strong><span class=\"HwtZe\" lang=\"et\"><span class=\"jCAhz ChMk0b\"><span class=\"ryNqvb\">Kardiovaskulaarsed haigused (s\u00fcdamepuudulikkus, h\u00fcpertensioon) <\/span><\/span><\/span><\/strong><\/li>\n<li><strong><span class=\"HwtZe\" lang=\"et\"><span class=\"jCAhz ChMk0b\"><span class=\"ryNqvb\">Immuunpuudulikkus <\/span><\/span><\/span><\/strong><\/li>\n<li><strong><span class=\"HwtZe\" lang=\"et\"><span class=\"jCAhz ChMk0b\"><span class=\"ryNqvb\">Diabeet ja makulaarne degeneratsioon <\/span><\/span><\/span><\/strong><\/li>\n<li><strong><span class=\"HwtZe\" lang=\"et\"><span class=\"jCAhz ChMk0b\"><span class=\"ryNqvb\">Migreen ja tinnitus <\/span><\/span><\/span><\/strong><\/li>\n<li><strong><span class=\"HwtZe\" lang=\"et\"><span class=\"jCAhz ChMk0b\"><span class=\"ryNqvb\">Lihaste d\u00fcstroofia <\/span><\/span><\/span><\/strong><\/li>\n<li><strong><span class=\"HwtZe\" lang=\"et\"><span class=\"jCAhz ChMk0b\"><span class=\"ryNqvb\">Sporditegevused suure koormusega <\/span><\/span><\/span><\/strong><\/li>\n<li><strong><span class=\"HwtZe\" lang=\"et\"><span class=\"jCAhz ChMk0b\"><span class=\"ryNqvb\">P\u00f5lemiss\u00fcndroom ja krooniline v\u00e4simuss\u00fcndroom (CFS) <\/span><\/span><\/span><\/strong><\/li>\n<li><strong><span class=\"HwtZe\" lang=\"et\"><span class=\"jCAhz ChMk0b\"><span class=\"ryNqvb\">Parkinsoni ja dementsuse teraapia t\u00e4iendus<\/span><\/span><\/span><\/strong><\/li>\n<\/ul>\n<p><a href=\"https:\/\/pakalpojumi.pvd.gov.lv\/lv\/supplements\/15861\" target=\"_blank\" rel=\"noopener\"><span class=\"HwtZe\" lang=\"et\"><span class=\"jCAhz ChMk0b\"><span class=\"ryNqvb\">Toidu- ja Veterinaarteenistuse registreerimine nr<\/span><\/span><\/span>. 17344<\/a><\/p>\n","protected":false},"featured_media":3638,"comment_status":"closed","ping_status":"closed","template":"","meta":{"_acf_changed":false,"_uag_custom_page_level_css":"","_kadence_starter_templates_imported_post":false,"_kad_post_transparent":"default","_kad_post_title":"","_kad_post_layout":"default","_kad_post_sidebar_id":"","_kad_post_content_style":"default","_kad_post_vertical_padding":"default","_kad_post_feature":"","_kad_post_feature_position":"","_kad_post_header":false,"_kad_post_footer":false},"product_brand":[74],"product_cat":[52],"product_tag":[],"class_list":{"0":"post-4148","1":"product","2":"type-product","3":"status-publish","4":"has-post-thumbnail","6":"product_brand-bellmeda","7":"product_cat-kategooriata","9":"first","10":"outofstock","11":"taxable","12":"shipping-taxable","13":"purchasable","14":"product-type-variable","15":"has-default-attributes","16":"entry","17":"content-bg","18":"loop-entry"},"acf":[],"yoast_head":"<!-- This site is optimized with the Yoast SEO plugin v26.4 - https:\/\/yoast.com\/wordpress\/plugins\/seo\/ -->\n<title>CellenerQ10, BellMeda - Santa Monica<\/title>\n<meta name=\"robots\" content=\"index, follow, max-snippet:-1, max-image-preview:large, max-video-preview:-1\" \/>\n<link rel=\"canonical\" href=\"https:\/\/santamonica.lv\/et\/e-pood\/cellenerq10-bellmeda\/\" \/>\n<meta property=\"og:locale\" content=\"et_EE\" \/>\n<meta property=\"og:type\" content=\"article\" \/>\n<meta property=\"og:title\" content=\"CellenerQ10, BellMeda - Santa Monica\" \/>\n<meta property=\"og:description\" content=\"Koens\u00fc\u00fcm Q10, millel on k\u00f5rge neeldumine veega lahustuva kompleksi kujul, nii et selle biosaadavus on kuni 4 korda suurem.   S\u00fcnergia:    Aju tasakaal: toetab aju funktsiooni ja kognitiivseid v\u00f5imeid.   NADH: soodustab raku energia tootmist ja aitab v\u00f5idelda v\u00e4simusega.   PQQ 20: toetab mitokondriaalset funktsiooni ja kaitseb rakke oks\u00fcdatiivse stressi eest.  Rakendusalad:    Mitokondriaalne talitlush\u00e4ire   Kardiovaskulaarsed haigused (s\u00fcdamepuudulikkus, h\u00fcpertensioon)   Immuunpuudulikkus   Diabeet ja makulaarne degeneratsioon   Migreen ja tinnitus   Lihaste d\u00fcstroofia   Sporditegevused suure koormusega   P\u00f5lemiss\u00fcndroom ja krooniline v\u00e4simuss\u00fcndroom (CFS)   Parkinsoni ja dementsuse teraapia t\u00e4iendus  Toidu- ja Veterinaarteenistuse registreerimine nr. 17344\" \/>\n<meta property=\"og:url\" content=\"https:\/\/santamonica.lv\/et\/e-pood\/cellenerq10-bellmeda\/\" \/>\n<meta property=\"og:site_name\" content=\"Santa Monica\" \/>\n<meta property=\"article:publisher\" content=\"https:\/\/www.facebook.com\/klinikasantamonica\" \/>\n<meta property=\"article:modified_time\" content=\"2025-04-22T16:46:39+00:00\" \/>\n<meta property=\"og:image\" content=\"https:\/\/santamonica.lv\/wp-content\/uploads\/2025\/03\/cellenerq10-bellmeda-60-caps.png\" \/>\n\t<meta property=\"og:image:width\" content=\"800\" \/>\n\t<meta property=\"og:image:height\" content=\"800\" \/>\n\t<meta property=\"og:image:type\" content=\"image\/png\" \/>\n<meta name=\"twitter:card\" content=\"summary_large_image\" \/>\n<meta name=\"twitter:label1\" content=\"Est. reading time\" \/>\n\t<meta name=\"twitter:data1\" content=\"2 minutit\" \/>\n<script type=\"application\/ld+json\" class=\"yoast-schema-graph\">{\"@context\":\"https:\/\/schema.org\",\"@graph\":[{\"@type\":\"WebPage\",\"@id\":\"https:\/\/santamonica.lv\/et\/e-pood\/cellenerq10-bellmeda\/\",\"url\":\"https:\/\/santamonica.lv\/et\/e-pood\/cellenerq10-bellmeda\/\",\"name\":\"CellenerQ10, BellMeda - Santa Monica\",\"isPartOf\":{\"@id\":\"https:\/\/santamonica.lv\/et\/#website\"},\"primaryImageOfPage\":{\"@id\":\"https:\/\/santamonica.lv\/et\/e-pood\/cellenerq10-bellmeda\/#primaryimage\"},\"image\":{\"@id\":\"https:\/\/santamonica.lv\/et\/e-pood\/cellenerq10-bellmeda\/#primaryimage\"},\"thumbnailUrl\":\"https:\/\/santamonica.lv\/wp-content\/uploads\/2025\/03\/cellenerq10-bellmeda-60-caps.png\",\"datePublished\":\"2025-03-29T14:21:56+00:00\",\"dateModified\":\"2025-04-22T16:46:39+00:00\",\"breadcrumb\":{\"@id\":\"https:\/\/santamonica.lv\/et\/e-pood\/cellenerq10-bellmeda\/#breadcrumb\"},\"inLanguage\":\"et\",\"potentialAction\":[{\"@type\":\"ReadAction\",\"target\":[\"https:\/\/santamonica.lv\/et\/e-pood\/cellenerq10-bellmeda\/\"]}]},{\"@type\":\"ImageObject\",\"inLanguage\":\"et\",\"@id\":\"https:\/\/santamonica.lv\/et\/e-pood\/cellenerq10-bellmeda\/#primaryimage\",\"url\":\"https:\/\/santamonica.lv\/wp-content\/uploads\/2025\/03\/cellenerq10-bellmeda-60-caps.png\",\"contentUrl\":\"https:\/\/santamonica.lv\/wp-content\/uploads\/2025\/03\/cellenerq10-bellmeda-60-caps.png\",\"width\":800,\"height\":800,\"caption\":\"CellenerQ10 no BellMeda - Iepakojums, 60 kapsulas, 23.8g\"},{\"@type\":\"BreadcrumbList\",\"@id\":\"https:\/\/santamonica.lv\/et\/e-pood\/cellenerq10-bellmeda\/#breadcrumb\",\"itemListElement\":[{\"@type\":\"ListItem\",\"position\":1,\"name\":\"Home\",\"item\":\"https:\/\/santamonica.lv\/et\/sakums\/\"},{\"@type\":\"ListItem\",\"position\":2,\"name\":\"E-pood\",\"item\":\"https:\/\/santamonica.lv\/et\/e-pood-santa-monica\/\"},{\"@type\":\"ListItem\",\"position\":3,\"name\":\"CellenerQ10, BellMeda\"}]},{\"@type\":\"WebSite\",\"@id\":\"https:\/\/santamonica.lv\/et\/#website\",\"url\":\"https:\/\/santamonica.lv\/et\/\",\"name\":\"Santa Monica\",\"description\":\"\",\"potentialAction\":[{\"@type\":\"SearchAction\",\"target\":{\"@type\":\"EntryPoint\",\"urlTemplate\":\"https:\/\/santamonica.lv\/et\/?s={search_term_string}\"},\"query-input\":{\"@type\":\"PropertyValueSpecification\",\"valueRequired\":true,\"valueName\":\"search_term_string\"}}],\"inLanguage\":\"et\"}]}<\/script>\n<!-- \/ Yoast SEO plugin. -->","yoast_head_json":{"title":"CellenerQ10, BellMeda - Santa Monica","robots":{"index":"index","follow":"follow","max-snippet":"max-snippet:-1","max-image-preview":"max-image-preview:large","max-video-preview":"max-video-preview:-1"},"canonical":"https:\/\/santamonica.lv\/et\/e-pood\/cellenerq10-bellmeda\/","og_locale":"et_EE","og_type":"article","og_title":"CellenerQ10, BellMeda - Santa Monica","og_description":"Koens\u00fc\u00fcm Q10, millel on k\u00f5rge neeldumine veega lahustuva kompleksi kujul, nii et selle biosaadavus on kuni 4 korda suurem.   S\u00fcnergia:    Aju tasakaal: toetab aju funktsiooni ja kognitiivseid v\u00f5imeid.   NADH: soodustab raku energia tootmist ja aitab v\u00f5idelda v\u00e4simusega.   PQQ 20: toetab mitokondriaalset funktsiooni ja kaitseb rakke oks\u00fcdatiivse stressi eest.  Rakendusalad:    Mitokondriaalne talitlush\u00e4ire   Kardiovaskulaarsed haigused (s\u00fcdamepuudulikkus, h\u00fcpertensioon)   Immuunpuudulikkus   Diabeet ja makulaarne degeneratsioon   Migreen ja tinnitus   Lihaste d\u00fcstroofia   Sporditegevused suure koormusega   P\u00f5lemiss\u00fcndroom ja krooniline v\u00e4simuss\u00fcndroom (CFS)   Parkinsoni ja dementsuse teraapia t\u00e4iendus  Toidu- ja Veterinaarteenistuse registreerimine nr. 17344","og_url":"https:\/\/santamonica.lv\/et\/e-pood\/cellenerq10-bellmeda\/","og_site_name":"Santa Monica","article_publisher":"https:\/\/www.facebook.com\/klinikasantamonica","article_modified_time":"2025-04-22T16:46:39+00:00","og_image":[{"width":800,"height":800,"url":"https:\/\/santamonica.lv\/wp-content\/uploads\/2025\/03\/cellenerq10-bellmeda-60-caps.png","type":"image\/png"}],"twitter_card":"summary_large_image","twitter_misc":{"Est. reading time":"2 minutit"},"schema":{"@context":"https:\/\/schema.org","@graph":[{"@type":"WebPage","@id":"https:\/\/santamonica.lv\/et\/e-pood\/cellenerq10-bellmeda\/","url":"https:\/\/santamonica.lv\/et\/e-pood\/cellenerq10-bellmeda\/","name":"CellenerQ10, BellMeda - Santa Monica","isPartOf":{"@id":"https:\/\/santamonica.lv\/et\/#website"},"primaryImageOfPage":{"@id":"https:\/\/santamonica.lv\/et\/e-pood\/cellenerq10-bellmeda\/#primaryimage"},"image":{"@id":"https:\/\/santamonica.lv\/et\/e-pood\/cellenerq10-bellmeda\/#primaryimage"},"thumbnailUrl":"https:\/\/santamonica.lv\/wp-content\/uploads\/2025\/03\/cellenerq10-bellmeda-60-caps.png","datePublished":"2025-03-29T14:21:56+00:00","dateModified":"2025-04-22T16:46:39+00:00","breadcrumb":{"@id":"https:\/\/santamonica.lv\/et\/e-pood\/cellenerq10-bellmeda\/#breadcrumb"},"inLanguage":"et","potentialAction":[{"@type":"ReadAction","target":["https:\/\/santamonica.lv\/et\/e-pood\/cellenerq10-bellmeda\/"]}]},{"@type":"ImageObject","inLanguage":"et","@id":"https:\/\/santamonica.lv\/et\/e-pood\/cellenerq10-bellmeda\/#primaryimage","url":"https:\/\/santamonica.lv\/wp-content\/uploads\/2025\/03\/cellenerq10-bellmeda-60-caps.png","contentUrl":"https:\/\/santamonica.lv\/wp-content\/uploads\/2025\/03\/cellenerq10-bellmeda-60-caps.png","width":800,"height":800,"caption":"CellenerQ10 no BellMeda - Iepakojums, 60 kapsulas, 23.8g"},{"@type":"BreadcrumbList","@id":"https:\/\/santamonica.lv\/et\/e-pood\/cellenerq10-bellmeda\/#breadcrumb","itemListElement":[{"@type":"ListItem","position":1,"name":"Home","item":"https:\/\/santamonica.lv\/et\/sakums\/"},{"@type":"ListItem","position":2,"name":"E-pood","item":"https:\/\/santamonica.lv\/et\/e-pood-santa-monica\/"},{"@type":"ListItem","position":3,"name":"CellenerQ10, BellMeda"}]},{"@type":"WebSite","@id":"https:\/\/santamonica.lv\/et\/#website","url":"https:\/\/santamonica.lv\/et\/","name":"Santa Monica","description":"","potentialAction":[{"@type":"SearchAction","target":{"@type":"EntryPoint","urlTemplate":"https:\/\/santamonica.lv\/et\/?s={search_term_string}"},"query-input":{"@type":"PropertyValueSpecification","valueRequired":true,"valueName":"search_term_string"}}],"inLanguage":"et"}]}},"uagb_featured_image_src":{"full":["https:\/\/santamonica.lv\/wp-content\/uploads\/2025\/03\/cellenerq10-bellmeda-60-caps.png",800,800,false],"thumbnail":["https:\/\/santamonica.lv\/wp-content\/uploads\/2025\/03\/cellenerq10-bellmeda-60-caps-150x150.png",150,150,true],"medium":["https:\/\/santamonica.lv\/wp-content\/uploads\/2025\/03\/cellenerq10-bellmeda-60-caps-300x300.png",300,300,true],"medium_large":["https:\/\/santamonica.lv\/wp-content\/uploads\/2025\/03\/cellenerq10-bellmeda-60-caps-768x768.png",768,768,true],"large":["https:\/\/santamonica.lv\/wp-content\/uploads\/2025\/03\/cellenerq10-bellmeda-60-caps.png",800,800,false],"1536x1536":["https:\/\/santamonica.lv\/wp-content\/uploads\/2025\/03\/cellenerq10-bellmeda-60-caps.png",800,800,false],"2048x2048":["https:\/\/santamonica.lv\/wp-content\/uploads\/2025\/03\/cellenerq10-bellmeda-60-caps.png",800,800,false],"woocommerce_thumbnail":["https:\/\/santamonica.lv\/wp-content\/uploads\/2025\/03\/cellenerq10-bellmeda-60-caps-300x300.png",300,300,true],"woocommerce_single":["https:\/\/santamonica.lv\/wp-content\/uploads\/2025\/03\/cellenerq10-bellmeda-60-caps-600x600.png",600,600,true],"woocommerce_gallery_thumbnail":["https:\/\/santamonica.lv\/wp-content\/uploads\/2025\/03\/cellenerq10-bellmeda-60-caps-100x100.png",100,100,true]},"uagb_author_info":{"display_name":"Aigars","author_link":"https:\/\/santamonica.lv\/et\/author\/"},"uagb_comment_info":0,"uagb_excerpt":"Koens\u00fc\u00fcm Q10, millel on k\u00f5rge neeldumine veega lahustuva kompleksi kujul, nii et selle biosaadavus on kuni 4 korda suurem. S\u00fcnergia: Aju tasakaal: toetab aju funktsiooni ja kognitiivseid v\u00f5imeid. NADH: soodustab raku energia tootmist ja aitab v\u00f5idelda v\u00e4simusega. PQQ 20: toetab mitokondriaalset funktsiooni ja kaitseb rakke oks\u00fcdatiivse stressi eest. Rakendusalad: Mitokondriaalne talitlush\u00e4ire Kardiovaskulaarsed haigused (s\u00fcdamepuudulikkus, h\u00fcpertensioon)&hellip;","_links":{"self":[{"href":"https:\/\/santamonica.lv\/et\/wp-json\/wp\/v2\/product\/4148","targetHints":{"allow":["GET"]}}],"collection":[{"href":"https:\/\/santamonica.lv\/et\/wp-json\/wp\/v2\/product"}],"about":[{"href":"https:\/\/santamonica.lv\/et\/wp-json\/wp\/v2\/types\/product"}],"replies":[{"embeddable":true,"href":"https:\/\/santamonica.lv\/et\/wp-json\/wp\/v2\/comments?post=4148"}],"wp:featuredmedia":[{"embeddable":true,"href":"https:\/\/santamonica.lv\/et\/wp-json\/wp\/v2\/media\/3638"}],"wp:attachment":[{"href":"https:\/\/santamonica.lv\/et\/wp-json\/wp\/v2\/media?parent=4148"}],"wp:term":[{"taxonomy":"product_brand","embeddable":true,"href":"https:\/\/santamonica.lv\/et\/wp-json\/wp\/v2\/product_brand?post=4148"},{"taxonomy":"product_cat","embeddable":true,"href":"https:\/\/santamonica.lv\/et\/wp-json\/wp\/v2\/product_cat?post=4148"},{"taxonomy":"product_tag","embeddable":true,"href":"https:\/\/santamonica.lv\/et\/wp-json\/wp\/v2\/product_tag?post=4148"}],"curies":[{"name":"wp","href":"https:\/\/api.w.org\/{rel}","templated":true}]}}