{"id":4152,"date":"2025-03-29T15:52:32","date_gmt":"2025-03-29T13:52:32","guid":{"rendered":"https:\/\/santamonica.lv\/e-veikals\/kurkudeks-45-bellmeda\/"},"modified":"2025-04-24T19:27:21","modified_gmt":"2025-04-24T16:27:21","slug":"curcudex-45-bellmeda","status":"publish","type":"product","link":"https:\/\/santamonica.lv\/et\/e-pood\/curcudex-45-bellmeda\/","title":{"rendered":"Curcudex 45, BellMeda"},"content":{"rendered":"<p><span class=\"HwtZe\" lang=\"et\"><span class=\"jCAhz ChMk0b\"><span class=\"ryNqvb\"><strong>Kasutusvaldkonnad<\/strong> <\/span><\/span><\/span><\/p>\n<ul>\n<li><span class=\"HwtZe\" lang=\"et\"><span class=\"jCAhz ChMk0b\"><span class=\"ryNqvb\">Kaitse kasvajate eest ja kasvajate leviku piiramine <\/span><\/span><\/span><\/li>\n<li><span class=\"HwtZe\" lang=\"et\"><span class=\"jCAhz ChMk0b\"><span class=\"ryNqvb\">P\u00f5letikulised haigused (reuma, artriit, Crohni t\u00f5bi, haavandiline koliit) <\/span><\/span><\/span><\/li>\n<li><span class=\"HwtZe\" lang=\"et\"><span class=\"jCAhz ChMk0b\"><span class=\"ryNqvb\">Kaitse insuldi ja s\u00fcdameataki eest (hoiab \u00e4ra kolesterooli oks\u00fcdatsiooni) <\/span><\/span><\/span><\/li>\n<li><span class=\"HwtZe\" lang=\"et\"><span class=\"jCAhz ChMk0b\"><span class=\"ryNqvb\">Diabeet (positiivne m\u00f5ju veresoonte funktsioonile) <\/span><\/span><\/span><\/li>\n<li><span class=\"HwtZe\" lang=\"et\"><span class=\"jCAhz ChMk0b\"><span class=\"ryNqvb\">Artroosi\/osteoartriidi kerged ja m\u00f5\u00f5dukad vormid <\/span><\/span><\/span><\/li>\n<li><span class=\"HwtZe\" lang=\"et\"><span class=\"jCAhz ChMk0b\"><span class=\"ryNqvb\">Liigeste p\u00f5letik <\/span><\/span><\/span><\/li>\n<li><span class=\"HwtZe\" lang=\"et\"><span class=\"jCAhz ChMk0b\"><span class=\"ryNqvb\">Seedeh\u00e4ired <\/span><\/span><\/span><\/li>\n<li><span class=\"HwtZe\" lang=\"et\"><span class=\"jCAhz ChMk0b\"><span class=\"ryNqvb\">V\u00f5\u00f5rutus <\/span><\/span><\/span><\/li>\n<li><span class=\"HwtZe\" lang=\"et\"><span class=\"jCAhz ChMk0b\"><span class=\"ryNqvb\">Hingamisteede haigused <\/span><\/span><\/span><\/li>\n<li><span class=\"HwtZe\" lang=\"et\"><span class=\"jCAhz ChMk0b\"><span class=\"ryNqvb\">Keha toetamine stressirohketes olukordades (kardio- v\u00f5i j\u00f5utreening, vigastused, eba\u00f5ige koormus)<\/span><\/span><\/span><\/li>\n<\/ul>\n<p><span class=\"HwtZe\" lang=\"et\"><span class=\"jCAhz ChMk0b\"><span class=\"ryNqvb\"><strong>Toote eelised<\/strong> <\/span><\/span><\/span><\/p>\n<ul>\n<li><span class=\"HwtZe\" lang=\"et\"><span class=\"jCAhz ChMk0b\"><span class=\"ryNqvb\">Sisaldab h\u00e4sti imenduvat kurkumiekstrakti 80% kurkumiinisisaldusega <\/span><\/span><\/span><\/li>\n<li><span class=\"HwtZe\" lang=\"et\"><span class=\"jCAhz ChMk0b\"><span class=\"ryNqvb\">Suur annus: \u00fcks kapsel 420 mg Curcudex\u00ae-iga vastab 3 g kurkumiini toimele <\/span><\/span><\/span><\/li>\n<li><span class=\"HwtZe\" lang=\"et\"><span class=\"jCAhz ChMk0b\"><span class=\"ryNqvb\">K\u00f5rge biosaadavus koos suurep\u00e4rase talutavusega<\/span><\/span><\/span><\/li>\n<\/ul>\n<p><span class=\"HwtZe\" lang=\"et\"><span class=\"jCAhz ChMk0b\"><span class=\"ryNqvb\"><strong>Koostis<\/strong> \u2013 Kurkuminoid-ts\u00fcklodekstriini kompleks (v\u00e4hemalt 17% kurkuminoide), kapsli kest: h\u00fcdroks\u00fcprop\u00fc\u00fclmet\u00fc\u00fcltselluloos.<\/span><\/span> <\/span><\/p>\n<p><span class=\"HwtZe\" lang=\"et\"><span class=\"jCAhz ChMk0b\"><span class=\"ryNqvb\"><strong>Koostisosad kapslis<\/strong> Curcudex\u00ae (sisaldab 71 mg puhtaid kurkuminoide) \u2013 420 mg<\/span><\/span><\/span><\/p>\n<p><span class=\"HwtZe\" lang=\"et\"><span class=\"jCAhz ChMk0b\"><span class=\"ryNqvb\"><strong>Soovitatav kasutamine<\/strong> <\/span><\/span><\/span><\/p>\n<ul>\n<li><span class=\"HwtZe\" lang=\"et\"><span class=\"jCAhz ChMk0b\"><span class=\"ryNqvb\">\u00c4geda p\u00f5letiku korral: 2 kapslit 3 korda p\u00e4evas<\/span><\/span><\/span><\/li>\n<li><span class=\"HwtZe\" lang=\"et\"><span class=\"jCAhz ChMk0b\"><span class=\"ryNqvb\">Kasvajahaiguste korral:\u00a0 <\/span><\/span><\/span><span class=\"HwtZe\" lang=\"et\"><span class=\"jCAhz ChMk0b\"><span class=\"ryNqvb\">3 kapslit 3 korda p\u00e4evas (V\u00f5tta s\u00f6\u00f6gi ajal, juues piisavalt vedelikku)<\/span><\/span><\/span><\/li>\n<\/ul>\n<p><span class=\"HwtZe\" lang=\"et\"><span class=\"jCAhz ChMk0b\"><span class=\"ryNqvb\">India kurkumist saadud kurkumiin kuulub ingveri perekonda ja on Aasia riikides tuntud v\u00fcrtsina.<\/span><\/span> <span class=\"jCAhz ChMk0b\"><span class=\"ryNqvb\">Just see aine annab karrile iseloomuliku kollase v\u00e4rvuse.<\/span><\/span><span class=\"jCAhz ChMk0b\"><span class=\"ryNqvb\"> Paljud uuringud on n\u00e4idanud kurkumiini kolereetilisi, immunomoduleerivaid, antioks\u00fcdante, kasvajavastaseid, antiseptilisi, valuvaigistavaid ja p\u00f5letikuvastaseid omadusi.<\/span><\/span> <\/span><\/p>\n<p><span class=\"HwtZe\" lang=\"et\"><span class=\"jCAhz ChMk0b\"><span class=\"ryNqvb\">Curcudex\u00ae 45 on spetsiaalne vees lahustuv kurkumiini-ts\u00fcklodekstriini kompleks, mille imamisv\u00f5ime on 45 korda suurem kui tavalistel kurkumiekstraktidel (420mg Curcudex\u00ae vastab 3g kurkumipulbrile).<\/span><\/span> <span class=\"jCAhz ChMk0b\"><span class=\"ryNqvb\">Ts\u00fcklodekstriinid on r\u00f5ngakujulised t\u00e4rklise lagunemissaadused, mis koosnevad gl\u00fckoosi molekulide \u03b1-1,4-gl\u00fckosiidsidemetest.<\/span><\/span> <span class=\"jCAhz ChMk0b\"><span class=\"ryNqvb\">Neil on kolmem\u00f5\u00f5tmeline s\u00f5\u00f5rikukujuline struktuur, millel on lipofiilne \u00f5\u00f5nsus ja h\u00fcdrofiilne v\u00e4lispind.<\/span><\/span> <span class=\"jCAhz ChMk0b\"><span class=\"ryNqvb\">Ts\u00fcklodekstriinid on v\u00f5imelised p\u00fc\u00fcdma kinni mittepolaarsed orgaanilised ained, muutes need vees lahustuvaks ja biosaadavaks.<\/span><\/span> <span class=\"jCAhz ChMk0b\"><span class=\"ryNqvb\">Samuti kaitsevad need kapseldatud ainet oks\u00fcdatsiooni, valguse ja niiskuse eest, v\u00f5imaldades ainel pikema aja jooksul vabaneda.<\/span><\/span><\/span><\/p>\n","protected":false},"excerpt":{"rendered":"<p><strong><span class=\"HwtZe\" lang=\"et\"><span class=\"jCAhz ChMk0b\"><span class=\"ryNqvb\">Curcudex\u00ae 45 on saadaval vees lahustuva kurkumiini-ts\u00fcklodekstriini kompleksina ja seet\u00f5ttu on sellel 45 korda suurem imamisv\u00f5ime v\u00f5rreldes traditsiooniliste kurkumiekstraktidega.<\/span><\/span><\/span><\/strong><\/p>\n<p><span class=\"HwtZe\" lang=\"et\"><span class=\"jCAhz ChMk0b\"><span class=\"ryNqvb\">M\u00f5ju <\/span><\/span><\/span><\/p>\n<ul>\n<li><span class=\"HwtZe\" lang=\"et\"><span class=\"jCAhz ChMk0b\"><span class=\"ryNqvb\">P\u00f5letikuvastane ja rahustav <\/span><\/span><\/span><\/li>\n<li><span class=\"HwtZe\" lang=\"et\"><span class=\"jCAhz ChMk0b\"><span class=\"ryNqvb\">Immunomoduleeriv ja kasvajavastane <\/span><\/span><\/span><\/li>\n<li><span class=\"HwtZe\" lang=\"et\"><span class=\"jCAhz ChMk0b\"><span class=\"ryNqvb\">Soodustab seedimist<\/span><\/span><\/span><\/li>\n<\/ul>\n","protected":false},"featured_media":3674,"comment_status":"closed","ping_status":"closed","template":"","meta":{"_acf_changed":false,"_uag_custom_page_level_css":"","_kadence_starter_templates_imported_post":false,"_kad_post_transparent":"default","_kad_post_title":"","_kad_post_layout":"default","_kad_post_sidebar_id":"","_kad_post_content_style":"default","_kad_post_vertical_padding":"default","_kad_post_feature":"","_kad_post_feature_position":"","_kad_post_header":false,"_kad_post_footer":false},"product_brand":[74],"product_cat":[52],"product_tag":[],"class_list":{"0":"post-4152","1":"product","2":"type-product","3":"status-publish","4":"has-post-thumbnail","6":"product_brand-bellmeda","7":"product_cat-kategooriata","9":"first","10":"outofstock","11":"taxable","12":"shipping-taxable","13":"purchasable","14":"product-type-variable","15":"has-default-attributes","16":"entry","17":"content-bg","18":"loop-entry"},"acf":[],"yoast_head":"<!-- This site is optimized with the Yoast SEO plugin v26.4 - https:\/\/yoast.com\/wordpress\/plugins\/seo\/ -->\n<title>Curcudex 45, BellMeda - Santa Monica<\/title>\n<meta name=\"robots\" content=\"index, follow, max-snippet:-1, max-image-preview:large, max-video-preview:-1\" \/>\n<link rel=\"canonical\" href=\"https:\/\/santamonica.lv\/et\/e-pood\/curcudex-45-bellmeda\/\" \/>\n<meta property=\"og:locale\" content=\"et_EE\" \/>\n<meta property=\"og:type\" content=\"article\" \/>\n<meta property=\"og:title\" content=\"Curcudex 45, BellMeda - Santa Monica\" \/>\n<meta property=\"og:description\" content=\"Curcudex\u00ae 45 on saadaval vees lahustuva kurkumiini-ts\u00fcklodekstriini kompleksina ja seet\u00f5ttu on sellel 45 korda suurem imamisv\u00f5ime v\u00f5rreldes traditsiooniliste kurkumiekstraktidega.  M\u00f5ju    P\u00f5letikuvastane ja rahustav   Immunomoduleeriv ja kasvajavastane   Soodustab seedimist\" \/>\n<meta property=\"og:url\" content=\"https:\/\/santamonica.lv\/et\/e-pood\/curcudex-45-bellmeda\/\" \/>\n<meta property=\"og:site_name\" content=\"Santa Monica\" \/>\n<meta property=\"article:publisher\" content=\"https:\/\/www.facebook.com\/klinikasantamonica\" \/>\n<meta property=\"article:modified_time\" content=\"2025-04-24T16:27:21+00:00\" \/>\n<meta property=\"og:image\" content=\"https:\/\/santamonica.lv\/wp-content\/uploads\/2025\/03\/kurkudeks45-bellmeda-90-caps.png\" \/>\n\t<meta property=\"og:image:width\" content=\"800\" \/>\n\t<meta property=\"og:image:height\" content=\"800\" \/>\n\t<meta property=\"og:image:type\" content=\"image\/png\" \/>\n<meta name=\"twitter:card\" content=\"summary_large_image\" \/>\n<meta name=\"twitter:label1\" content=\"Est. reading time\" \/>\n\t<meta name=\"twitter:data1\" content=\"1 minut\" \/>\n<script type=\"application\/ld+json\" class=\"yoast-schema-graph\">{\"@context\":\"https:\/\/schema.org\",\"@graph\":[{\"@type\":\"WebPage\",\"@id\":\"https:\/\/santamonica.lv\/et\/e-pood\/curcudex-45-bellmeda\/\",\"url\":\"https:\/\/santamonica.lv\/et\/e-pood\/curcudex-45-bellmeda\/\",\"name\":\"Curcudex 45, BellMeda - Santa Monica\",\"isPartOf\":{\"@id\":\"https:\/\/santamonica.lv\/et\/#website\"},\"primaryImageOfPage\":{\"@id\":\"https:\/\/santamonica.lv\/et\/e-pood\/curcudex-45-bellmeda\/#primaryimage\"},\"image\":{\"@id\":\"https:\/\/santamonica.lv\/et\/e-pood\/curcudex-45-bellmeda\/#primaryimage\"},\"thumbnailUrl\":\"https:\/\/santamonica.lv\/wp-content\/uploads\/2025\/03\/kurkudeks45-bellmeda-90-caps.png\",\"datePublished\":\"2025-03-29T13:52:32+00:00\",\"dateModified\":\"2025-04-24T16:27:21+00:00\",\"breadcrumb\":{\"@id\":\"https:\/\/santamonica.lv\/et\/e-pood\/curcudex-45-bellmeda\/#breadcrumb\"},\"inLanguage\":\"et\",\"potentialAction\":[{\"@type\":\"ReadAction\",\"target\":[\"https:\/\/santamonica.lv\/et\/e-pood\/curcudex-45-bellmeda\/\"]}]},{\"@type\":\"ImageObject\",\"inLanguage\":\"et\",\"@id\":\"https:\/\/santamonica.lv\/et\/e-pood\/curcudex-45-bellmeda\/#primaryimage\",\"url\":\"https:\/\/santamonica.lv\/wp-content\/uploads\/2025\/03\/kurkudeks45-bellmeda-90-caps.png\",\"contentUrl\":\"https:\/\/santamonica.lv\/wp-content\/uploads\/2025\/03\/kurkudeks45-bellmeda-90-caps.png\",\"width\":800,\"height\":800,\"caption\":\"Kurkudeks no BellMeda - Iepakojums, 90 kapsulas, 48,6g\"},{\"@type\":\"BreadcrumbList\",\"@id\":\"https:\/\/santamonica.lv\/et\/e-pood\/curcudex-45-bellmeda\/#breadcrumb\",\"itemListElement\":[{\"@type\":\"ListItem\",\"position\":1,\"name\":\"Home\",\"item\":\"https:\/\/santamonica.lv\/et\/sakums\/\"},{\"@type\":\"ListItem\",\"position\":2,\"name\":\"E-pood\",\"item\":\"https:\/\/santamonica.lv\/et\/e-pood-santa-monica\/\"},{\"@type\":\"ListItem\",\"position\":3,\"name\":\"Curcudex 45, BellMeda\"}]},{\"@type\":\"WebSite\",\"@id\":\"https:\/\/santamonica.lv\/et\/#website\",\"url\":\"https:\/\/santamonica.lv\/et\/\",\"name\":\"Santa Monica\",\"description\":\"\",\"potentialAction\":[{\"@type\":\"SearchAction\",\"target\":{\"@type\":\"EntryPoint\",\"urlTemplate\":\"https:\/\/santamonica.lv\/et\/?s={search_term_string}\"},\"query-input\":{\"@type\":\"PropertyValueSpecification\",\"valueRequired\":true,\"valueName\":\"search_term_string\"}}],\"inLanguage\":\"et\"}]}<\/script>\n<!-- \/ Yoast SEO plugin. -->","yoast_head_json":{"title":"Curcudex 45, BellMeda - Santa Monica","robots":{"index":"index","follow":"follow","max-snippet":"max-snippet:-1","max-image-preview":"max-image-preview:large","max-video-preview":"max-video-preview:-1"},"canonical":"https:\/\/santamonica.lv\/et\/e-pood\/curcudex-45-bellmeda\/","og_locale":"et_EE","og_type":"article","og_title":"Curcudex 45, BellMeda - Santa Monica","og_description":"Curcudex\u00ae 45 on saadaval vees lahustuva kurkumiini-ts\u00fcklodekstriini kompleksina ja seet\u00f5ttu on sellel 45 korda suurem imamisv\u00f5ime v\u00f5rreldes traditsiooniliste kurkumiekstraktidega.  M\u00f5ju    P\u00f5letikuvastane ja rahustav   Immunomoduleeriv ja kasvajavastane   Soodustab seedimist","og_url":"https:\/\/santamonica.lv\/et\/e-pood\/curcudex-45-bellmeda\/","og_site_name":"Santa Monica","article_publisher":"https:\/\/www.facebook.com\/klinikasantamonica","article_modified_time":"2025-04-24T16:27:21+00:00","og_image":[{"width":800,"height":800,"url":"https:\/\/santamonica.lv\/wp-content\/uploads\/2025\/03\/kurkudeks45-bellmeda-90-caps.png","type":"image\/png"}],"twitter_card":"summary_large_image","twitter_misc":{"Est. reading time":"1 minut"},"schema":{"@context":"https:\/\/schema.org","@graph":[{"@type":"WebPage","@id":"https:\/\/santamonica.lv\/et\/e-pood\/curcudex-45-bellmeda\/","url":"https:\/\/santamonica.lv\/et\/e-pood\/curcudex-45-bellmeda\/","name":"Curcudex 45, BellMeda - Santa Monica","isPartOf":{"@id":"https:\/\/santamonica.lv\/et\/#website"},"primaryImageOfPage":{"@id":"https:\/\/santamonica.lv\/et\/e-pood\/curcudex-45-bellmeda\/#primaryimage"},"image":{"@id":"https:\/\/santamonica.lv\/et\/e-pood\/curcudex-45-bellmeda\/#primaryimage"},"thumbnailUrl":"https:\/\/santamonica.lv\/wp-content\/uploads\/2025\/03\/kurkudeks45-bellmeda-90-caps.png","datePublished":"2025-03-29T13:52:32+00:00","dateModified":"2025-04-24T16:27:21+00:00","breadcrumb":{"@id":"https:\/\/santamonica.lv\/et\/e-pood\/curcudex-45-bellmeda\/#breadcrumb"},"inLanguage":"et","potentialAction":[{"@type":"ReadAction","target":["https:\/\/santamonica.lv\/et\/e-pood\/curcudex-45-bellmeda\/"]}]},{"@type":"ImageObject","inLanguage":"et","@id":"https:\/\/santamonica.lv\/et\/e-pood\/curcudex-45-bellmeda\/#primaryimage","url":"https:\/\/santamonica.lv\/wp-content\/uploads\/2025\/03\/kurkudeks45-bellmeda-90-caps.png","contentUrl":"https:\/\/santamonica.lv\/wp-content\/uploads\/2025\/03\/kurkudeks45-bellmeda-90-caps.png","width":800,"height":800,"caption":"Kurkudeks no BellMeda - Iepakojums, 90 kapsulas, 48,6g"},{"@type":"BreadcrumbList","@id":"https:\/\/santamonica.lv\/et\/e-pood\/curcudex-45-bellmeda\/#breadcrumb","itemListElement":[{"@type":"ListItem","position":1,"name":"Home","item":"https:\/\/santamonica.lv\/et\/sakums\/"},{"@type":"ListItem","position":2,"name":"E-pood","item":"https:\/\/santamonica.lv\/et\/e-pood-santa-monica\/"},{"@type":"ListItem","position":3,"name":"Curcudex 45, BellMeda"}]},{"@type":"WebSite","@id":"https:\/\/santamonica.lv\/et\/#website","url":"https:\/\/santamonica.lv\/et\/","name":"Santa Monica","description":"","potentialAction":[{"@type":"SearchAction","target":{"@type":"EntryPoint","urlTemplate":"https:\/\/santamonica.lv\/et\/?s={search_term_string}"},"query-input":{"@type":"PropertyValueSpecification","valueRequired":true,"valueName":"search_term_string"}}],"inLanguage":"et"}]}},"uagb_featured_image_src":{"full":["https:\/\/santamonica.lv\/wp-content\/uploads\/2025\/03\/kurkudeks45-bellmeda-90-caps.png",800,800,false],"thumbnail":["https:\/\/santamonica.lv\/wp-content\/uploads\/2025\/03\/kurkudeks45-bellmeda-90-caps-150x150.png",150,150,true],"medium":["https:\/\/santamonica.lv\/wp-content\/uploads\/2025\/03\/kurkudeks45-bellmeda-90-caps-300x300.png",300,300,true],"medium_large":["https:\/\/santamonica.lv\/wp-content\/uploads\/2025\/03\/kurkudeks45-bellmeda-90-caps-768x768.png",768,768,true],"large":["https:\/\/santamonica.lv\/wp-content\/uploads\/2025\/03\/kurkudeks45-bellmeda-90-caps.png",800,800,false],"1536x1536":["https:\/\/santamonica.lv\/wp-content\/uploads\/2025\/03\/kurkudeks45-bellmeda-90-caps.png",800,800,false],"2048x2048":["https:\/\/santamonica.lv\/wp-content\/uploads\/2025\/03\/kurkudeks45-bellmeda-90-caps.png",800,800,false],"woocommerce_thumbnail":["https:\/\/santamonica.lv\/wp-content\/uploads\/2025\/03\/kurkudeks45-bellmeda-90-caps-300x300.png",300,300,true],"woocommerce_single":["https:\/\/santamonica.lv\/wp-content\/uploads\/2025\/03\/kurkudeks45-bellmeda-90-caps-600x600.png",600,600,true],"woocommerce_gallery_thumbnail":["https:\/\/santamonica.lv\/wp-content\/uploads\/2025\/03\/kurkudeks45-bellmeda-90-caps-100x100.png",100,100,true]},"uagb_author_info":{"display_name":"Aigars","author_link":"https:\/\/santamonica.lv\/et\/author\/"},"uagb_comment_info":0,"uagb_excerpt":"Curcudex\u00ae 45 on saadaval vees lahustuva kurkumiini-ts\u00fcklodekstriini kompleksina ja seet\u00f5ttu on sellel 45 korda suurem imamisv\u00f5ime v\u00f5rreldes traditsiooniliste kurkumiekstraktidega. M\u00f5ju P\u00f5letikuvastane ja rahustav Immunomoduleeriv ja kasvajavastane Soodustab seedimist","_links":{"self":[{"href":"https:\/\/santamonica.lv\/et\/wp-json\/wp\/v2\/product\/4152","targetHints":{"allow":["GET"]}}],"collection":[{"href":"https:\/\/santamonica.lv\/et\/wp-json\/wp\/v2\/product"}],"about":[{"href":"https:\/\/santamonica.lv\/et\/wp-json\/wp\/v2\/types\/product"}],"replies":[{"embeddable":true,"href":"https:\/\/santamonica.lv\/et\/wp-json\/wp\/v2\/comments?post=4152"}],"wp:featuredmedia":[{"embeddable":true,"href":"https:\/\/santamonica.lv\/et\/wp-json\/wp\/v2\/media\/3674"}],"wp:attachment":[{"href":"https:\/\/santamonica.lv\/et\/wp-json\/wp\/v2\/media?parent=4152"}],"wp:term":[{"taxonomy":"product_brand","embeddable":true,"href":"https:\/\/santamonica.lv\/et\/wp-json\/wp\/v2\/product_brand?post=4152"},{"taxonomy":"product_cat","embeddable":true,"href":"https:\/\/santamonica.lv\/et\/wp-json\/wp\/v2\/product_cat?post=4152"},{"taxonomy":"product_tag","embeddable":true,"href":"https:\/\/santamonica.lv\/et\/wp-json\/wp\/v2\/product_tag?post=4152"}],"curies":[{"name":"wp","href":"https:\/\/api.w.org\/{rel}","templated":true}]}}