{"id":4174,"date":"2025-03-23T18:54:43","date_gmt":"2025-03-23T16:54:43","guid":{"rendered":"https:\/\/santamonica.lv\/e-veikals\/magnija-bisglicinats-bellmeda\/"},"modified":"2025-04-22T20:02:48","modified_gmt":"2025-04-22T17:02:48","slug":"magneesiumglutsinaat-bellmeda","status":"publish","type":"product","link":"https:\/\/santamonica.lv\/et\/e-pood\/magneesiumglutsinaat-bellmeda\/","title":{"rendered":"Magneesiumgl\u00fctsinaat, BellMeda"},"content":{"rendered":"<p><span class=\"HwtZe\" lang=\"et\"><span class=\"jCAhz ChMk0b\"><span class=\"ryNqvb\"><strong>Fasimation\u00fchiku suurus:<\/strong> kapslid 0,72 g <\/span><\/span><\/span><\/p>\n<p><span class=\"HwtZe\" lang=\"et\"><span class=\"jCAhz ChMk0b\"><span class=\"ryNqvb\"><strong>Soovitatav igap\u00e4evane annus:<\/strong> t\u00e4iskasvanud 1-3 kapslid <\/span><\/span><\/span><\/p>\n<p><strong><span class=\"HwtZe\" lang=\"et\"><span class=\"jCAhz ChMk0b\"><span class=\"ryNqvb\">T<\/span><\/span><\/span><\/strong><span class=\"HwtZe\" lang=\"et\"><span class=\"jCAhz ChMk0b\"><span class=\"ryNqvb\"><strong>oitainekogus 1 kapsel:<\/strong> magneesium: 125 mg (33 % NRV*) <\/span><\/span><\/span><\/p>\n<p><span class=\"HwtZe\" lang=\"et\"><span class=\"jCAhz ChMk0b\"><span class=\"ryNqvb\"><strong>Koostisosad:<\/strong> <\/span><\/span><\/span><\/p>\n<ul>\n<li><span class=\"HwtZe\" lang=\"et\"><span class=\"jCAhz ChMk0b\"><span class=\"ryNqvb\">Magneesium (magneesium bisgl\u00fckeeritud) &#8211; 375 mg <\/span><\/span><\/span><\/li>\n<li><span class=\"HwtZe\" lang=\"et\"><span class=\"jCAhz ChMk0b\"><span class=\"ryNqvb\">E 464 &#8211; h\u00fcdroks\u00fcprop\u00fc\u00fclmet\u00fc\u00fcltulloos<\/span><\/span><\/span><\/li>\n<\/ul>\n<p><span class=\"HwtZe\" lang=\"et\"><span class=\"jCAhz ChMk0b\"><span class=\"ryNqvb\">Magneesium aitab v\u00e4hendada v\u00e4simust ja kurnatust, samuti toetab normaalset n\u00e4rvis\u00fcsteemi ja lihasfunktsiooni. Orgaanilise kelaat\u00fchendina on magneesium eriti h\u00e4sti talutav ja sellel on k\u00f5rge biosaadavus. Aminohapete gl\u00fctsiini ligimeelitamisega kaitseb magneesium tundlikke limaskestasid seedetrakti \u00e4rrituse eest. <\/span><\/span><\/span><\/p>\n<p><span class=\"HwtZe\" lang=\"et\"><span class=\"jCAhz ChMk0b\"><span class=\"ryNqvb\">Magneesiumgl\u00fctsiin ei pea vereringe imendumiseks konkureerima teiste mineraalidega, kuna sellel on erinevad neeldumisrajad. Sarnaselt ei saa spiraalset magneesiumi seostada SO -ga nimetatud &#8220;antikehadega&#8221; (n\u00e4iteks f\u00fctiinhape). <\/span><\/span><\/span><\/p>\n<p><span class=\"HwtZe\" lang=\"et\"><span class=\"jCAhz ChMk0b\"><span class=\"ryNqvb\">K\u00f5hulahtisuse oht v\u00e4heneb suures osas, kuna magneesiumgl\u00fckeeritud magneesium ei m\u00f5juta olulist m\u00f5ju v\u00e4ljaheite elimineerimisele ja soolestiku peristaltikale. <\/span><\/span><\/span><\/p>\n<p><span class=\"HwtZe\" lang=\"et\"><span class=\"jCAhz ChMk0b\"><span class=\"ryNqvb\">See on ohutu ja hea pikaajaline lahendus magneesiumipuuduse v\u00e4ltimiseks. Lisaks toimib gl\u00fctsiin rahustaval ja l\u00f5\u00f5gastaval keskn\u00e4rvis\u00fcsteemil.<\/span><\/span><\/span><\/p>\n","protected":false},"excerpt":{"rendered":"<p><strong><span class=\"HwtZe\" lang=\"et\"><span class=\"jCAhz ChMk0b\"><span class=\"ryNqvb\">Ohutu, t\u00f5hus ja h\u00e4sti talutav valik pikaajalise toitumismagneesiumi jaoks. <\/span><\/span><\/span><\/strong><\/p>\n<ul>\n<li><strong><span class=\"HwtZe\" lang=\"et\"><span class=\"jCAhz ChMk0b\"><span class=\"ryNqvb\">Reguleerib keskn\u00e4rvis\u00fcsteemi toimimist <\/span><\/span><\/span><\/strong><\/li>\n<li><strong><span class=\"HwtZe\" lang=\"et\"><span class=\"jCAhz ChMk0b\"><span class=\"ryNqvb\">Normaliseerib n\u00e4rvirakkude \u00e4rrituvust <\/span><\/span><\/span><\/strong><\/li>\n<li><strong><span class=\"HwtZe\" lang=\"et\"><span class=\"jCAhz ChMk0b\"><span class=\"ryNqvb\">Stabiliseerib rakumembraanid <\/span><\/span><\/span><\/strong><\/li>\n<li><strong><span class=\"HwtZe\" lang=\"et\"><span class=\"jCAhz ChMk0b\"><span class=\"ryNqvb\">Reguleerib hapniku kasutamist <\/span><\/span><\/span><\/strong><\/li>\n<li><strong><span class=\"HwtZe\" lang=\"et\"><span class=\"jCAhz ChMk0b\"><span class=\"ryNqvb\">Moduleerib rakkude regenereerimist <\/span><\/span><\/span><\/strong><\/li>\n<li><strong><span class=\"HwtZe\" lang=\"et\"><span class=\"jCAhz ChMk0b\"><span class=\"ryNqvb\">Suurendab vastupidavust ja stressi tolerantsi.<\/span><\/span><\/span><\/strong><\/li>\n<\/ul>\n<p><a href=\"https:\/\/pakalpojumi.pvd.gov.lv\/lv\/supplements\/15859\" target=\"_blank\" rel=\"noopener\">Toidu- ja Veterinaarteenistuse reg.no. 17342<\/a><\/p>\n","protected":false},"featured_media":3614,"comment_status":"closed","ping_status":"closed","template":"","meta":{"_acf_changed":false,"_uag_custom_page_level_css":"","_kadence_starter_templates_imported_post":false,"_kad_post_transparent":"default","_kad_post_title":"","_kad_post_layout":"default","_kad_post_sidebar_id":"","_kad_post_content_style":"default","_kad_post_vertical_padding":"default","_kad_post_feature":"","_kad_post_feature_position":"","_kad_post_header":false,"_kad_post_footer":false},"product_brand":[74],"product_cat":[52],"product_tag":[],"class_list":{"0":"post-4174","1":"product","2":"type-product","3":"status-publish","4":"has-post-thumbnail","6":"product_brand-bellmeda","7":"product_cat-kategooriata","9":"first","10":"outofstock","11":"taxable","12":"shipping-taxable","13":"purchasable","14":"product-type-variable","15":"has-default-attributes","16":"entry","17":"content-bg","18":"loop-entry"},"acf":[],"yoast_head":"<!-- This site is optimized with the Yoast SEO plugin v26.4 - https:\/\/yoast.com\/wordpress\/plugins\/seo\/ -->\n<title>Magneesiumgl\u00fctsinaat, BellMeda - Santa Monica<\/title>\n<meta name=\"robots\" content=\"index, follow, max-snippet:-1, max-image-preview:large, max-video-preview:-1\" \/>\n<link rel=\"canonical\" href=\"https:\/\/santamonica.lv\/et\/e-pood\/magneesiumglutsinaat-bellmeda\/\" \/>\n<meta property=\"og:locale\" content=\"et_EE\" \/>\n<meta property=\"og:type\" content=\"article\" \/>\n<meta property=\"og:title\" content=\"Magneesiumgl\u00fctsinaat, BellMeda - Santa Monica\" \/>\n<meta property=\"og:description\" content=\"Ohutu, t\u00f5hus ja h\u00e4sti talutav valik pikaajalise toitumismagneesiumi jaoks.    Reguleerib keskn\u00e4rvis\u00fcsteemi toimimist   Normaliseerib n\u00e4rvirakkude \u00e4rrituvust   Stabiliseerib rakumembraanid   Reguleerib hapniku kasutamist   Moduleerib rakkude regenereerimist   Suurendab vastupidavust ja stressi tolerantsi.  Toidu- ja Veterinaarteenistuse reg.no. 17342\" \/>\n<meta property=\"og:url\" content=\"https:\/\/santamonica.lv\/et\/e-pood\/magneesiumglutsinaat-bellmeda\/\" \/>\n<meta property=\"og:site_name\" content=\"Santa Monica\" \/>\n<meta property=\"article:publisher\" content=\"https:\/\/www.facebook.com\/klinikasantamonica\" \/>\n<meta property=\"article:modified_time\" content=\"2025-04-22T17:02:48+00:00\" \/>\n<meta property=\"og:image\" content=\"https:\/\/santamonica.lv\/wp-content\/uploads\/2025\/03\/magnija-bisglicinats-bellmeda-60-caps-1.png\" \/>\n\t<meta property=\"og:image:width\" content=\"800\" \/>\n\t<meta property=\"og:image:height\" content=\"800\" \/>\n\t<meta property=\"og:image:type\" content=\"image\/png\" \/>\n<meta name=\"twitter:card\" content=\"summary_large_image\" \/>\n<meta name=\"twitter:label1\" content=\"Est. reading time\" \/>\n\t<meta name=\"twitter:data1\" content=\"1 minut\" \/>\n<script type=\"application\/ld+json\" class=\"yoast-schema-graph\">{\"@context\":\"https:\/\/schema.org\",\"@graph\":[{\"@type\":\"WebPage\",\"@id\":\"https:\/\/santamonica.lv\/et\/e-pood\/magneesiumglutsinaat-bellmeda\/\",\"url\":\"https:\/\/santamonica.lv\/et\/e-pood\/magneesiumglutsinaat-bellmeda\/\",\"name\":\"Magneesiumgl\u00fctsinaat, BellMeda - Santa Monica\",\"isPartOf\":{\"@id\":\"https:\/\/santamonica.lv\/et\/#website\"},\"primaryImageOfPage\":{\"@id\":\"https:\/\/santamonica.lv\/et\/e-pood\/magneesiumglutsinaat-bellmeda\/#primaryimage\"},\"image\":{\"@id\":\"https:\/\/santamonica.lv\/et\/e-pood\/magneesiumglutsinaat-bellmeda\/#primaryimage\"},\"thumbnailUrl\":\"https:\/\/santamonica.lv\/wp-content\/uploads\/2025\/03\/magnija-bisglicinats-bellmeda-60-caps-1.png\",\"datePublished\":\"2025-03-23T16:54:43+00:00\",\"dateModified\":\"2025-04-22T17:02:48+00:00\",\"breadcrumb\":{\"@id\":\"https:\/\/santamonica.lv\/et\/e-pood\/magneesiumglutsinaat-bellmeda\/#breadcrumb\"},\"inLanguage\":\"et\",\"potentialAction\":[{\"@type\":\"ReadAction\",\"target\":[\"https:\/\/santamonica.lv\/et\/e-pood\/magneesiumglutsinaat-bellmeda\/\"]}]},{\"@type\":\"ImageObject\",\"inLanguage\":\"et\",\"@id\":\"https:\/\/santamonica.lv\/et\/e-pood\/magneesiumglutsinaat-bellmeda\/#primaryimage\",\"url\":\"https:\/\/santamonica.lv\/wp-content\/uploads\/2025\/03\/magnija-bisglicinats-bellmeda-60-caps-1.png\",\"contentUrl\":\"https:\/\/santamonica.lv\/wp-content\/uploads\/2025\/03\/magnija-bisglicinats-bellmeda-60-caps-1.png\",\"width\":800,\"height\":800,\"caption\":\"Magnija bi\"},{\"@type\":\"BreadcrumbList\",\"@id\":\"https:\/\/santamonica.lv\/et\/e-pood\/magneesiumglutsinaat-bellmeda\/#breadcrumb\",\"itemListElement\":[{\"@type\":\"ListItem\",\"position\":1,\"name\":\"Home\",\"item\":\"https:\/\/santamonica.lv\/et\/sakums\/\"},{\"@type\":\"ListItem\",\"position\":2,\"name\":\"E-pood\",\"item\":\"https:\/\/santamonica.lv\/et\/e-pood-santa-monica\/\"},{\"@type\":\"ListItem\",\"position\":3,\"name\":\"Magneesiumgl\u00fctsinaat, BellMeda\"}]},{\"@type\":\"WebSite\",\"@id\":\"https:\/\/santamonica.lv\/et\/#website\",\"url\":\"https:\/\/santamonica.lv\/et\/\",\"name\":\"Santa Monica\",\"description\":\"\",\"potentialAction\":[{\"@type\":\"SearchAction\",\"target\":{\"@type\":\"EntryPoint\",\"urlTemplate\":\"https:\/\/santamonica.lv\/et\/?s={search_term_string}\"},\"query-input\":{\"@type\":\"PropertyValueSpecification\",\"valueRequired\":true,\"valueName\":\"search_term_string\"}}],\"inLanguage\":\"et\"}]}<\/script>\n<!-- \/ Yoast SEO plugin. -->","yoast_head_json":{"title":"Magneesiumgl\u00fctsinaat, BellMeda - Santa Monica","robots":{"index":"index","follow":"follow","max-snippet":"max-snippet:-1","max-image-preview":"max-image-preview:large","max-video-preview":"max-video-preview:-1"},"canonical":"https:\/\/santamonica.lv\/et\/e-pood\/magneesiumglutsinaat-bellmeda\/","og_locale":"et_EE","og_type":"article","og_title":"Magneesiumgl\u00fctsinaat, BellMeda - Santa Monica","og_description":"Ohutu, t\u00f5hus ja h\u00e4sti talutav valik pikaajalise toitumismagneesiumi jaoks.    Reguleerib keskn\u00e4rvis\u00fcsteemi toimimist   Normaliseerib n\u00e4rvirakkude \u00e4rrituvust   Stabiliseerib rakumembraanid   Reguleerib hapniku kasutamist   Moduleerib rakkude regenereerimist   Suurendab vastupidavust ja stressi tolerantsi.  Toidu- ja Veterinaarteenistuse reg.no. 17342","og_url":"https:\/\/santamonica.lv\/et\/e-pood\/magneesiumglutsinaat-bellmeda\/","og_site_name":"Santa Monica","article_publisher":"https:\/\/www.facebook.com\/klinikasantamonica","article_modified_time":"2025-04-22T17:02:48+00:00","og_image":[{"width":800,"height":800,"url":"https:\/\/santamonica.lv\/wp-content\/uploads\/2025\/03\/magnija-bisglicinats-bellmeda-60-caps-1.png","type":"image\/png"}],"twitter_card":"summary_large_image","twitter_misc":{"Est. reading time":"1 minut"},"schema":{"@context":"https:\/\/schema.org","@graph":[{"@type":"WebPage","@id":"https:\/\/santamonica.lv\/et\/e-pood\/magneesiumglutsinaat-bellmeda\/","url":"https:\/\/santamonica.lv\/et\/e-pood\/magneesiumglutsinaat-bellmeda\/","name":"Magneesiumgl\u00fctsinaat, BellMeda - Santa Monica","isPartOf":{"@id":"https:\/\/santamonica.lv\/et\/#website"},"primaryImageOfPage":{"@id":"https:\/\/santamonica.lv\/et\/e-pood\/magneesiumglutsinaat-bellmeda\/#primaryimage"},"image":{"@id":"https:\/\/santamonica.lv\/et\/e-pood\/magneesiumglutsinaat-bellmeda\/#primaryimage"},"thumbnailUrl":"https:\/\/santamonica.lv\/wp-content\/uploads\/2025\/03\/magnija-bisglicinats-bellmeda-60-caps-1.png","datePublished":"2025-03-23T16:54:43+00:00","dateModified":"2025-04-22T17:02:48+00:00","breadcrumb":{"@id":"https:\/\/santamonica.lv\/et\/e-pood\/magneesiumglutsinaat-bellmeda\/#breadcrumb"},"inLanguage":"et","potentialAction":[{"@type":"ReadAction","target":["https:\/\/santamonica.lv\/et\/e-pood\/magneesiumglutsinaat-bellmeda\/"]}]},{"@type":"ImageObject","inLanguage":"et","@id":"https:\/\/santamonica.lv\/et\/e-pood\/magneesiumglutsinaat-bellmeda\/#primaryimage","url":"https:\/\/santamonica.lv\/wp-content\/uploads\/2025\/03\/magnija-bisglicinats-bellmeda-60-caps-1.png","contentUrl":"https:\/\/santamonica.lv\/wp-content\/uploads\/2025\/03\/magnija-bisglicinats-bellmeda-60-caps-1.png","width":800,"height":800,"caption":"Magnija bi"},{"@type":"BreadcrumbList","@id":"https:\/\/santamonica.lv\/et\/e-pood\/magneesiumglutsinaat-bellmeda\/#breadcrumb","itemListElement":[{"@type":"ListItem","position":1,"name":"Home","item":"https:\/\/santamonica.lv\/et\/sakums\/"},{"@type":"ListItem","position":2,"name":"E-pood","item":"https:\/\/santamonica.lv\/et\/e-pood-santa-monica\/"},{"@type":"ListItem","position":3,"name":"Magneesiumgl\u00fctsinaat, BellMeda"}]},{"@type":"WebSite","@id":"https:\/\/santamonica.lv\/et\/#website","url":"https:\/\/santamonica.lv\/et\/","name":"Santa Monica","description":"","potentialAction":[{"@type":"SearchAction","target":{"@type":"EntryPoint","urlTemplate":"https:\/\/santamonica.lv\/et\/?s={search_term_string}"},"query-input":{"@type":"PropertyValueSpecification","valueRequired":true,"valueName":"search_term_string"}}],"inLanguage":"et"}]}},"uagb_featured_image_src":{"full":["https:\/\/santamonica.lv\/wp-content\/uploads\/2025\/03\/magnija-bisglicinats-bellmeda-60-caps-1.png",800,800,false],"thumbnail":["https:\/\/santamonica.lv\/wp-content\/uploads\/2025\/03\/magnija-bisglicinats-bellmeda-60-caps-1-150x150.png",150,150,true],"medium":["https:\/\/santamonica.lv\/wp-content\/uploads\/2025\/03\/magnija-bisglicinats-bellmeda-60-caps-1-300x300.png",300,300,true],"medium_large":["https:\/\/santamonica.lv\/wp-content\/uploads\/2025\/03\/magnija-bisglicinats-bellmeda-60-caps-1-768x768.png",768,768,true],"large":["https:\/\/santamonica.lv\/wp-content\/uploads\/2025\/03\/magnija-bisglicinats-bellmeda-60-caps-1.png",800,800,false],"1536x1536":["https:\/\/santamonica.lv\/wp-content\/uploads\/2025\/03\/magnija-bisglicinats-bellmeda-60-caps-1.png",800,800,false],"2048x2048":["https:\/\/santamonica.lv\/wp-content\/uploads\/2025\/03\/magnija-bisglicinats-bellmeda-60-caps-1.png",800,800,false],"woocommerce_thumbnail":["https:\/\/santamonica.lv\/wp-content\/uploads\/2025\/03\/magnija-bisglicinats-bellmeda-60-caps-1-300x300.png",300,300,true],"woocommerce_single":["https:\/\/santamonica.lv\/wp-content\/uploads\/2025\/03\/magnija-bisglicinats-bellmeda-60-caps-1-600x600.png",600,600,true],"woocommerce_gallery_thumbnail":["https:\/\/santamonica.lv\/wp-content\/uploads\/2025\/03\/magnija-bisglicinats-bellmeda-60-caps-1-100x100.png",100,100,true]},"uagb_author_info":{"display_name":"admin","author_link":"https:\/\/santamonica.lv\/et\/author\/"},"uagb_comment_info":0,"uagb_excerpt":"Ohutu, t\u00f5hus ja h\u00e4sti talutav valik pikaajalise toitumismagneesiumi jaoks. Reguleerib keskn\u00e4rvis\u00fcsteemi toimimist Normaliseerib n\u00e4rvirakkude \u00e4rrituvust Stabiliseerib rakumembraanid Reguleerib hapniku kasutamist Moduleerib rakkude regenereerimist Suurendab vastupidavust ja stressi tolerantsi. Toidu- ja Veterinaarteenistuse reg.no. 17342","_links":{"self":[{"href":"https:\/\/santamonica.lv\/et\/wp-json\/wp\/v2\/product\/4174","targetHints":{"allow":["GET"]}}],"collection":[{"href":"https:\/\/santamonica.lv\/et\/wp-json\/wp\/v2\/product"}],"about":[{"href":"https:\/\/santamonica.lv\/et\/wp-json\/wp\/v2\/types\/product"}],"replies":[{"embeddable":true,"href":"https:\/\/santamonica.lv\/et\/wp-json\/wp\/v2\/comments?post=4174"}],"wp:featuredmedia":[{"embeddable":true,"href":"https:\/\/santamonica.lv\/et\/wp-json\/wp\/v2\/media\/3614"}],"wp:attachment":[{"href":"https:\/\/santamonica.lv\/et\/wp-json\/wp\/v2\/media?parent=4174"}],"wp:term":[{"taxonomy":"product_brand","embeddable":true,"href":"https:\/\/santamonica.lv\/et\/wp-json\/wp\/v2\/product_brand?post=4174"},{"taxonomy":"product_cat","embeddable":true,"href":"https:\/\/santamonica.lv\/et\/wp-json\/wp\/v2\/product_cat?post=4174"},{"taxonomy":"product_tag","embeddable":true,"href":"https:\/\/santamonica.lv\/et\/wp-json\/wp\/v2\/product_tag?post=4174"}],"curies":[{"name":"wp","href":"https:\/\/api.w.org\/{rel}","templated":true}]}}