{"id":4178,"date":"2025-03-10T19:29:25","date_gmt":"2025-03-10T17:29:25","guid":{"rendered":"https:\/\/santamonica.lv\/e-veikals\/gaba-bellmeda\/"},"modified":"2025-04-22T19:29:40","modified_gmt":"2025-04-22T16:29:40","slug":"gaba-bellmeda","status":"publish","type":"product","link":"https:\/\/santamonica.lv\/et\/e-pood\/gaba-bellmeda\/","title":{"rendered":"GABA, BellMeda &#8211; 60 kapslit"},"content":{"rendered":"<h2>Gamma-aminov\u00f5ihape<\/h2>\n<p>GABA (gamma-aminov\u00f5ihape) on aminohape, mis toimib inimese ajus peamise inhibeeriva neurotransmitterina. Selle p\u00f5hi\u00fclesanne on v\u00e4hendada n\u00e4rvis\u00fcsteemi aktiivsust, p\u00e4rssides neuronite ergastumist. See aitab reguleerida n\u00e4rvilist erutust, soodustab l\u00f5\u00f5gastumist ja v\u00e4hendab \u00e4revust.<\/p>\n<p>GABA on n\u00e4rvis\u00fcsteemi toimimise oluline element ning selle tasakaal on kriitilise t\u00e4htsusega vaimse ja f\u00fc\u00fcsilise tervise s\u00e4ilitamiseks. See m\u00e4ngib olulist rolli paljudes f\u00fcsioloogilistes protsessides, sealhulgas une, lihastoonuse, \u00e4revuse taseme ja stressireaktsioonide puhul. N\u00e4iteks on \u00e4revuse v\u00e4henemine sageli seotud GABA aktiivsuse suurenemisega.<\/p>\n<p>Gamma-aminov\u00f5ihape (<em>gamma-aminov\u00f5ihape, \u03b3-aminov\u00f5ihape<\/em>). Kapsli kest: mahuaine (h\u00fcdroks\u00fcprop\u00fc\u00fclmet\u00fc\u00fcltselluloos)<\/p>\n<p>Ei sisalda: gluteeni, laktoosi, fruktoosi, v\u00e4rvaineid, l\u00f5hna- ja maitseaineid, paakumisvastaseid aineid.<\/p>\n<p><span class=\"HwtZe\" lang=\"et\"><span class=\"jCAhz ChMk0b\"><span class=\"ryNqvb\"><strong>Pakendi suurus:<\/strong> 0,6 g kapslid<\/span><\/span><\/span><\/p>\n<p><span class=\"HwtZe\" lang=\"et\"><span class=\"jCAhz ChMk0b\"><span class=\"ryNqvb\"><strong>Soovitatav p\u00e4evane annus:<\/strong> T\u00e4iskasvanutele 1 kapsel \u00fcks kord p\u00e4evas koos piisava koguse vedelikuga.<\/span><\/span><\/span><\/p>\n<p><span class=\"HwtZe\" lang=\"et\"><span class=\"jCAhz ChMk0b\"><span class=\"ryNqvb\"><strong>Koosseis<\/strong> <\/span><\/span><\/span><\/p>\n<ul>\n<li><span class=\"HwtZe\" lang=\"et\"><span class=\"jCAhz ChMk0b\"><span class=\"ryNqvb\">Gamma-aminov\u00f5ihape &#8211; 500 mg <\/span><\/span><\/span><\/li>\n<li><span class=\"HwtZe\" lang=\"et\"><span class=\"jCAhz ChMk0b\"><span class=\"ryNqvb\">E 464 \u2013 h\u00fcdroks\u00fcprop\u00fc\u00fclmet\u00fc\u00fcltselluloos<\/span><\/span><\/span><\/li>\n<\/ul>\n<p class=\"\" data-start=\"0\" data-end=\"177\">Kui GABA-d v\u00f5etakse soovitatust oluliselt suuremates annustes, v\u00f5ivad tekkida mitmed k\u00f5rvaltoimed, kuna see m\u00f5jutab otseselt n\u00e4rvis\u00fcsteemi:<\/p>\n<ol data-start=\"179\" data-end=\"1208\">\n<li class=\"\" data-start=\"179\" data-end=\"360\"><strong>Liigne unisus ja v\u00e4simus<\/strong><\/li>\n<li class=\"\" data-start=\"179\" data-end=\"360\"><strong>V\u00e4henenud keskendumisv\u00f5ime<\/strong><\/li>\n<li class=\"\" data-start=\"179\" data-end=\"360\"><strong>Madal verer\u00f5hk<\/strong><\/li>\n<li data-start=\"179\" data-end=\"360\"><strong>Seedetrakti h\u00e4ired<\/strong><\/li>\n<li data-start=\"179\" data-end=\"360\"><strong>Neuroloogilised muutused<\/strong><\/li>\n<li data-start=\"179\" data-end=\"360\"><strong>Hingamise aeglustumine<\/strong><\/li>\n<\/ol>\n<p class=\"\" data-start=\"1210\" data-end=\"1408\">GABA v\u00f5tmisel toidulisandina on alati oluline j\u00e4rgida soovitatud annuseid. K\u00f5rvaltoimete ilmnemisel on soovitatav konsulteerida arstiga.<\/p>\n<ul>\n<li><strong>\u00c4rge \u00fcletage soovitatavat \u00f6\u00f6p\u00e4evast annust.<\/strong><\/li>\n<li><strong>\u00c4rge kasutage toidulisandeid t\u00e4isv\u00e4\u00e4rtusliku ja tasakaalustatud toitumise asendamiseks.<\/strong><\/li>\n<li><strong>Soovitatav on tasakaalustatud toitumine ja tervislik eluviis.<\/strong><\/li>\n<\/ul>\n<p data-start=\"1210\" data-end=\"1408\">\n","protected":false},"excerpt":{"rendered":"<p>Organismi loomulik p\u00e4rssiv neurotransmitter, millel on perifeerne l\u00f5\u00f5gastav ja rahustav toime. GABA-l on positiivne m\u00f5ju unets\u00fcklitele ja une kvaliteedile.<\/p>\n<ul>\n<li><strong>Parandab und<\/strong><\/li>\n<li><strong>V\u00e4hendab stressi ja \u00e4revust<\/strong><\/li>\n<li><strong>V\u00e4hendab lihaspingeid<\/strong><\/li>\n<\/ul>\n<p><a href=\"https:\/\/pakalpojumi.pvd.gov.lv\/lv\/supplements\/15862\" target=\"_blank\" rel=\"noopener\">Toidu- ja veterinaarteenistus Reg. Nr. 17345<\/a><\/p>\n","protected":false},"featured_media":3372,"comment_status":"closed","ping_status":"closed","template":"","meta":{"_acf_changed":false,"_uag_custom_page_level_css":"","_kadence_starter_templates_imported_post":false,"_kad_post_transparent":"default","_kad_post_title":"","_kad_post_layout":"default","_kad_post_sidebar_id":"","_kad_post_content_style":"default","_kad_post_vertical_padding":"default","_kad_post_feature":"","_kad_post_feature_position":"","_kad_post_header":false,"_kad_post_footer":false},"product_brand":[74],"product_cat":[52],"product_tag":[],"class_list":{"0":"post-4178","1":"product","2":"type-product","3":"status-publish","4":"has-post-thumbnail","6":"product_brand-bellmeda","7":"product_cat-kategooriata","9":"first","10":"outofstock","11":"taxable","12":"shipping-taxable","13":"purchasable","14":"product-type-variable","15":"has-default-attributes","16":"entry","17":"content-bg","18":"loop-entry"},"acf":[],"yoast_head":"<!-- This site is optimized with the Yoast SEO plugin v26.4 - https:\/\/yoast.com\/wordpress\/plugins\/seo\/ -->\n<title>GABA, BellMeda - 60 kapslit - Santa Monica<\/title>\n<meta name=\"robots\" content=\"index, follow, max-snippet:-1, max-image-preview:large, max-video-preview:-1\" \/>\n<link rel=\"canonical\" href=\"https:\/\/santamonica.lv\/et\/e-pood\/gaba-bellmeda\/\" \/>\n<meta property=\"og:locale\" content=\"et_EE\" \/>\n<meta property=\"og:type\" content=\"article\" \/>\n<meta property=\"og:title\" content=\"GABA, BellMeda - 60 kapslit - Santa Monica\" \/>\n<meta property=\"og:description\" content=\"Organismi loomulik p\u00e4rssiv neurotransmitter, millel on perifeerne l\u00f5\u00f5gastav ja rahustav toime. GABA-l on positiivne m\u00f5ju unets\u00fcklitele ja une kvaliteedile.   Parandab und  V\u00e4hendab stressi ja \u00e4revust  V\u00e4hendab lihaspingeid  Toidu- ja veterinaarteenistus Reg. Nr. 17345\" \/>\n<meta property=\"og:url\" content=\"https:\/\/santamonica.lv\/et\/e-pood\/gaba-bellmeda\/\" \/>\n<meta property=\"og:site_name\" content=\"Santa Monica\" \/>\n<meta property=\"article:publisher\" content=\"https:\/\/www.facebook.com\/klinikasantamonica\" \/>\n<meta property=\"article:modified_time\" content=\"2025-04-22T16:29:40+00:00\" \/>\n<meta property=\"og:image\" content=\"https:\/\/santamonica.lv\/wp-content\/uploads\/2025\/03\/gaba-bellmeda-60-caps.png\" \/>\n\t<meta property=\"og:image:width\" content=\"800\" \/>\n\t<meta property=\"og:image:height\" content=\"800\" \/>\n\t<meta property=\"og:image:type\" content=\"image\/png\" \/>\n<meta name=\"twitter:card\" content=\"summary_large_image\" \/>\n<meta name=\"twitter:label1\" content=\"Est. reading time\" \/>\n\t<meta name=\"twitter:data1\" content=\"1 minut\" \/>\n<script type=\"application\/ld+json\" class=\"yoast-schema-graph\">{\"@context\":\"https:\/\/schema.org\",\"@graph\":[{\"@type\":\"WebPage\",\"@id\":\"https:\/\/santamonica.lv\/et\/e-pood\/gaba-bellmeda\/\",\"url\":\"https:\/\/santamonica.lv\/et\/e-pood\/gaba-bellmeda\/\",\"name\":\"GABA, BellMeda - 60 kapslit - Santa Monica\",\"isPartOf\":{\"@id\":\"https:\/\/santamonica.lv\/et\/#website\"},\"primaryImageOfPage\":{\"@id\":\"https:\/\/santamonica.lv\/et\/e-pood\/gaba-bellmeda\/#primaryimage\"},\"image\":{\"@id\":\"https:\/\/santamonica.lv\/et\/e-pood\/gaba-bellmeda\/#primaryimage\"},\"thumbnailUrl\":\"https:\/\/santamonica.lv\/wp-content\/uploads\/2025\/03\/gaba-bellmeda-60-caps.png\",\"datePublished\":\"2025-03-10T17:29:25+00:00\",\"dateModified\":\"2025-04-22T16:29:40+00:00\",\"breadcrumb\":{\"@id\":\"https:\/\/santamonica.lv\/et\/e-pood\/gaba-bellmeda\/#breadcrumb\"},\"inLanguage\":\"et\",\"potentialAction\":[{\"@type\":\"ReadAction\",\"target\":[\"https:\/\/santamonica.lv\/et\/e-pood\/gaba-bellmeda\/\"]}]},{\"@type\":\"ImageObject\",\"inLanguage\":\"et\",\"@id\":\"https:\/\/santamonica.lv\/et\/e-pood\/gaba-bellmeda\/#primaryimage\",\"url\":\"https:\/\/santamonica.lv\/wp-content\/uploads\/2025\/03\/gaba-bellmeda-60-caps.png\",\"contentUrl\":\"https:\/\/santamonica.lv\/wp-content\/uploads\/2025\/03\/gaba-bellmeda-60-caps.png\",\"width\":800,\"height\":800,\"caption\":\"Gaba, Bellmeda - 60 kapsulas, 37.5g kapsul\u0101\"},{\"@type\":\"BreadcrumbList\",\"@id\":\"https:\/\/santamonica.lv\/et\/e-pood\/gaba-bellmeda\/#breadcrumb\",\"itemListElement\":[{\"@type\":\"ListItem\",\"position\":1,\"name\":\"Home\",\"item\":\"https:\/\/santamonica.lv\/et\/sakums\/\"},{\"@type\":\"ListItem\",\"position\":2,\"name\":\"E-pood\",\"item\":\"https:\/\/santamonica.lv\/et\/e-pood-santa-monica\/\"},{\"@type\":\"ListItem\",\"position\":3,\"name\":\"GABA, BellMeda &#8211; 60 kapslit\"}]},{\"@type\":\"WebSite\",\"@id\":\"https:\/\/santamonica.lv\/et\/#website\",\"url\":\"https:\/\/santamonica.lv\/et\/\",\"name\":\"Santa Monica\",\"description\":\"\",\"potentialAction\":[{\"@type\":\"SearchAction\",\"target\":{\"@type\":\"EntryPoint\",\"urlTemplate\":\"https:\/\/santamonica.lv\/et\/?s={search_term_string}\"},\"query-input\":{\"@type\":\"PropertyValueSpecification\",\"valueRequired\":true,\"valueName\":\"search_term_string\"}}],\"inLanguage\":\"et\"}]}<\/script>\n<!-- \/ Yoast SEO plugin. -->","yoast_head_json":{"title":"GABA, BellMeda - 60 kapslit - Santa Monica","robots":{"index":"index","follow":"follow","max-snippet":"max-snippet:-1","max-image-preview":"max-image-preview:large","max-video-preview":"max-video-preview:-1"},"canonical":"https:\/\/santamonica.lv\/et\/e-pood\/gaba-bellmeda\/","og_locale":"et_EE","og_type":"article","og_title":"GABA, BellMeda - 60 kapslit - Santa Monica","og_description":"Organismi loomulik p\u00e4rssiv neurotransmitter, millel on perifeerne l\u00f5\u00f5gastav ja rahustav toime. GABA-l on positiivne m\u00f5ju unets\u00fcklitele ja une kvaliteedile.   Parandab und  V\u00e4hendab stressi ja \u00e4revust  V\u00e4hendab lihaspingeid  Toidu- ja veterinaarteenistus Reg. Nr. 17345","og_url":"https:\/\/santamonica.lv\/et\/e-pood\/gaba-bellmeda\/","og_site_name":"Santa Monica","article_publisher":"https:\/\/www.facebook.com\/klinikasantamonica","article_modified_time":"2025-04-22T16:29:40+00:00","og_image":[{"width":800,"height":800,"url":"https:\/\/santamonica.lv\/wp-content\/uploads\/2025\/03\/gaba-bellmeda-60-caps.png","type":"image\/png"}],"twitter_card":"summary_large_image","twitter_misc":{"Est. reading time":"1 minut"},"schema":{"@context":"https:\/\/schema.org","@graph":[{"@type":"WebPage","@id":"https:\/\/santamonica.lv\/et\/e-pood\/gaba-bellmeda\/","url":"https:\/\/santamonica.lv\/et\/e-pood\/gaba-bellmeda\/","name":"GABA, BellMeda - 60 kapslit - Santa Monica","isPartOf":{"@id":"https:\/\/santamonica.lv\/et\/#website"},"primaryImageOfPage":{"@id":"https:\/\/santamonica.lv\/et\/e-pood\/gaba-bellmeda\/#primaryimage"},"image":{"@id":"https:\/\/santamonica.lv\/et\/e-pood\/gaba-bellmeda\/#primaryimage"},"thumbnailUrl":"https:\/\/santamonica.lv\/wp-content\/uploads\/2025\/03\/gaba-bellmeda-60-caps.png","datePublished":"2025-03-10T17:29:25+00:00","dateModified":"2025-04-22T16:29:40+00:00","breadcrumb":{"@id":"https:\/\/santamonica.lv\/et\/e-pood\/gaba-bellmeda\/#breadcrumb"},"inLanguage":"et","potentialAction":[{"@type":"ReadAction","target":["https:\/\/santamonica.lv\/et\/e-pood\/gaba-bellmeda\/"]}]},{"@type":"ImageObject","inLanguage":"et","@id":"https:\/\/santamonica.lv\/et\/e-pood\/gaba-bellmeda\/#primaryimage","url":"https:\/\/santamonica.lv\/wp-content\/uploads\/2025\/03\/gaba-bellmeda-60-caps.png","contentUrl":"https:\/\/santamonica.lv\/wp-content\/uploads\/2025\/03\/gaba-bellmeda-60-caps.png","width":800,"height":800,"caption":"Gaba, Bellmeda - 60 kapsulas, 37.5g kapsul\u0101"},{"@type":"BreadcrumbList","@id":"https:\/\/santamonica.lv\/et\/e-pood\/gaba-bellmeda\/#breadcrumb","itemListElement":[{"@type":"ListItem","position":1,"name":"Home","item":"https:\/\/santamonica.lv\/et\/sakums\/"},{"@type":"ListItem","position":2,"name":"E-pood","item":"https:\/\/santamonica.lv\/et\/e-pood-santa-monica\/"},{"@type":"ListItem","position":3,"name":"GABA, BellMeda &#8211; 60 kapslit"}]},{"@type":"WebSite","@id":"https:\/\/santamonica.lv\/et\/#website","url":"https:\/\/santamonica.lv\/et\/","name":"Santa Monica","description":"","potentialAction":[{"@type":"SearchAction","target":{"@type":"EntryPoint","urlTemplate":"https:\/\/santamonica.lv\/et\/?s={search_term_string}"},"query-input":{"@type":"PropertyValueSpecification","valueRequired":true,"valueName":"search_term_string"}}],"inLanguage":"et"}]}},"uagb_featured_image_src":{"full":["https:\/\/santamonica.lv\/wp-content\/uploads\/2025\/03\/gaba-bellmeda-60-caps.png",800,800,false],"thumbnail":["https:\/\/santamonica.lv\/wp-content\/uploads\/2025\/03\/gaba-bellmeda-60-caps-150x150.png",150,150,true],"medium":["https:\/\/santamonica.lv\/wp-content\/uploads\/2025\/03\/gaba-bellmeda-60-caps-300x300.png",300,300,true],"medium_large":["https:\/\/santamonica.lv\/wp-content\/uploads\/2025\/03\/gaba-bellmeda-60-caps-768x768.png",768,768,true],"large":["https:\/\/santamonica.lv\/wp-content\/uploads\/2025\/03\/gaba-bellmeda-60-caps.png",800,800,false],"1536x1536":["https:\/\/santamonica.lv\/wp-content\/uploads\/2025\/03\/gaba-bellmeda-60-caps.png",800,800,false],"2048x2048":["https:\/\/santamonica.lv\/wp-content\/uploads\/2025\/03\/gaba-bellmeda-60-caps.png",800,800,false],"woocommerce_thumbnail":["https:\/\/santamonica.lv\/wp-content\/uploads\/2025\/03\/gaba-bellmeda-60-caps-300x300.png",300,300,true],"woocommerce_single":["https:\/\/santamonica.lv\/wp-content\/uploads\/2025\/03\/gaba-bellmeda-60-caps-600x600.png",600,600,true],"woocommerce_gallery_thumbnail":["https:\/\/santamonica.lv\/wp-content\/uploads\/2025\/03\/gaba-bellmeda-60-caps-100x100.png",100,100,true]},"uagb_author_info":{"display_name":"admin","author_link":"https:\/\/santamonica.lv\/et\/author\/"},"uagb_comment_info":0,"uagb_excerpt":"Organismi loomulik p\u00e4rssiv neurotransmitter, millel on perifeerne l\u00f5\u00f5gastav ja rahustav toime. GABA-l on positiivne m\u00f5ju unets\u00fcklitele ja une kvaliteedile. Parandab und V\u00e4hendab stressi ja \u00e4revust V\u00e4hendab lihaspingeid Toidu- ja veterinaarteenistus Reg. Nr. 17345","_links":{"self":[{"href":"https:\/\/santamonica.lv\/et\/wp-json\/wp\/v2\/product\/4178","targetHints":{"allow":["GET"]}}],"collection":[{"href":"https:\/\/santamonica.lv\/et\/wp-json\/wp\/v2\/product"}],"about":[{"href":"https:\/\/santamonica.lv\/et\/wp-json\/wp\/v2\/types\/product"}],"replies":[{"embeddable":true,"href":"https:\/\/santamonica.lv\/et\/wp-json\/wp\/v2\/comments?post=4178"}],"wp:featuredmedia":[{"embeddable":true,"href":"https:\/\/santamonica.lv\/et\/wp-json\/wp\/v2\/media\/3372"}],"wp:attachment":[{"href":"https:\/\/santamonica.lv\/et\/wp-json\/wp\/v2\/media?parent=4178"}],"wp:term":[{"taxonomy":"product_brand","embeddable":true,"href":"https:\/\/santamonica.lv\/et\/wp-json\/wp\/v2\/product_brand?post=4178"},{"taxonomy":"product_cat","embeddable":true,"href":"https:\/\/santamonica.lv\/et\/wp-json\/wp\/v2\/product_cat?post=4178"},{"taxonomy":"product_tag","embeddable":true,"href":"https:\/\/santamonica.lv\/et\/wp-json\/wp\/v2\/product_tag?post=4178"}],"curies":[{"name":"wp","href":"https:\/\/api.w.org\/{rel}","templated":true}]}}