{"id":2456,"date":"2024-03-26T00:58:06","date_gmt":"2024-03-25T22:58:06","guid":{"rendered":"https:\/\/santamonica.lv\/konsultacje\/"},"modified":"2025-02-01T00:46:52","modified_gmt":"2025-01-31T22:46:52","slug":"konsultacje","status":"publish","type":"page","link":"https:\/\/santamonica.lv\/pl\/konsultacje\/","title":{"rendered":"Konsultacje"},"content":{"rendered":"<style>.kb-row-layout-id1295_091139-01 > .kt-row-column-wrap{align-content:start;}:where(.kb-row-layout-id1295_091139-01 > .kt-row-column-wrap) > .wp-block-kadence-column{justify-content:start;}.kb-row-layout-id1295_091139-01 > .kt-row-column-wrap{column-gap:var(--global-kb-gap-md, 2rem);row-gap:var(--global-kb-gap-md, 2rem);max-width:var( --global-content-width, 1290px );padding-left:var(--global-content-edge-padding);padding-right:var(--global-content-edge-padding);padding-top:140px;padding-bottom:100px;grid-template-columns:minmax(0, 1fr);}.kb-row-layout-id1295_091139-01 > .kt-row-layout-overlay{opacity:0.25;background-image:url('https:\/\/santamonica.lv\/wp-content\/uploads\/2023\/11\/lazerterapija.jpg');background-size:cover;background-position:61% 28.999999999999996%;background-attachment:scroll;background-repeat:no-repeat;mix-blend-mode:normal;}@media all and (max-width: 1024px){.kb-row-layout-id1295_091139-01 > .kt-row-column-wrap{padding-top:80px;padding-bottom:80px;grid-template-columns:minmax(0, 1fr);}}@media all and (max-width: 767px){.kb-row-layout-id1295_091139-01 > .kt-row-column-wrap{padding-top:100px;padding-right:30px;padding-bottom:100px;padding-left:30px;grid-template-columns:minmax(0, 1fr);}}<\/style><div class=\"kb-row-layout-wrap kb-row-layout-id1295_091139-01 alignnone has-theme-palette8-background-color kt-row-has-bg wp-block-kadence-rowlayout\"><div class=\"kt-row-layout-overlay kt-row-overlay-normal\"><\/div><div class=\"kt-row-column-wrap kt-has-1-columns kt-row-layout-equal kt-tab-layout-inherit kt-mobile-layout-row kt-row-valign-top kb-theme-content-width\">\n<style>.kadence-column1295_3116fe-a6 > .kt-inside-inner-col,.kadence-column1295_3116fe-a6 > .kt-inside-inner-col:before{border-top-left-radius:0px;border-top-right-radius:0px;border-bottom-right-radius:0px;border-bottom-left-radius:0px;}.kadence-column1295_3116fe-a6 > .kt-inside-inner-col{column-gap:var(--global-kb-gap-sm, 1rem);}.kadence-column1295_3116fe-a6 > .kt-inside-inner-col{flex-direction:column;}.kadence-column1295_3116fe-a6 > .kt-inside-inner-col > .aligncenter{width:100%;}.kadence-column1295_3116fe-a6 > .kt-inside-inner-col:before{opacity:0.3;}.kadence-column1295_3116fe-a6{position:relative;}@media all and (max-width: 1024px){.kadence-column1295_3116fe-a6 > .kt-inside-inner-col{padding-top:0px;padding-right:0px;padding-bottom:0px;padding-left:0px;flex-direction:column;justify-content:center;}}@media all and (max-width: 767px){.kadence-column1295_3116fe-a6 > .kt-inside-inner-col{flex-direction:column;justify-content:center;}}<\/style>\n<div class=\"wp-block-kadence-column kadence-column1295_3116fe-a6 inner-column-1\"><div class=\"kt-inside-inner-col\"><style>.kb-row-layout-id1295_1ffb18-a4 > .kt-row-column-wrap{align-content:start;}:where(.kb-row-layout-id1295_1ffb18-a4 > .kt-row-column-wrap) > .wp-block-kadence-column{justify-content:start;}.kb-row-layout-id1295_1ffb18-a4 > .kt-row-column-wrap{column-gap:var(--global-kb-gap-md, 2rem);row-gap:var(--global-kb-gap-md, 2rem);max-width:600px;margin-left:auto;margin-right:auto;padding-top:0px;padding-bottom:0px;grid-template-columns:minmax(0, 1fr);}.kb-row-layout-id1295_1ffb18-a4 > .kt-row-layout-overlay{opacity:0.30;}@media all and (max-width: 1024px){.kb-row-layout-id1295_1ffb18-a4 > .kt-row-column-wrap{padding-top:0px;padding-right:0px;padding-bottom:0px;padding-left:0px;grid-template-columns:minmax(0, 1fr);}}@media all and (max-width: 767px){.kb-row-layout-id1295_1ffb18-a4 > .kt-row-column-wrap{grid-template-columns:minmax(0, 1fr);}}<\/style><div class=\"kb-row-layout-wrap kb-row-layout-id1295_1ffb18-a4 alignnone wp-block-kadence-rowlayout\"><div class=\"kt-row-column-wrap kt-has-1-columns kt-row-layout-equal kt-tab-layout-inherit kt-mobile-layout-row kt-row-valign-top\">\n<style>.kadence-column1295_aa8f46-97 > .kt-inside-inner-col{padding-right:40px;padding-left:40px;}.kadence-column1295_aa8f46-97 > .kt-inside-inner-col,.kadence-column1295_aa8f46-97 > .kt-inside-inner-col:before{border-top-left-radius:0px;border-top-right-radius:0px;border-bottom-right-radius:0px;border-bottom-left-radius:0px;}.kadence-column1295_aa8f46-97 > .kt-inside-inner-col{column-gap:var(--global-kb-gap-sm, 1rem);}.kadence-column1295_aa8f46-97 > .kt-inside-inner-col{flex-direction:column;}.kadence-column1295_aa8f46-97 > .kt-inside-inner-col > .aligncenter{width:100%;}.kadence-column1295_aa8f46-97 > .kt-inside-inner-col:before{opacity:0.3;}.kadence-column1295_aa8f46-97{position:relative;}@media all and (max-width: 1024px){.kadence-column1295_aa8f46-97 > .kt-inside-inner-col{flex-direction:column;justify-content:center;}}@media all and (max-width: 767px){.kadence-column1295_aa8f46-97 > .kt-inside-inner-col{padding-right:0px;padding-left:0px;flex-direction:column;justify-content:center;}}<\/style>\n<div class=\"wp-block-kadence-column kadence-column1295_aa8f46-97 inner-column-1\"><div class=\"kt-inside-inner-col\"><style>.wp-block-kadence-advancedheading.kt-adv-heading1295_707079-53, .wp-block-kadence-advancedheading.kt-adv-heading1295_707079-53[data-kb-block=\"kb-adv-heading1295_707079-53\"]{padding-top:0px;padding-right:0px;padding-bottom:20px;padding-left:0px;margin-top:0px;margin-right:0px;margin-bottom:0px;margin-left:0px;text-align:center;font-style:normal;text-transform:capitalize;}.wp-block-kadence-advancedheading.kt-adv-heading1295_707079-53 mark.kt-highlight, .wp-block-kadence-advancedheading.kt-adv-heading1295_707079-53[data-kb-block=\"kb-adv-heading1295_707079-53\"] mark.kt-highlight{font-style:normal;color:#f76a0c;-webkit-box-decoration-break:clone;box-decoration-break:clone;padding-top:0px;padding-right:0px;padding-bottom:0px;padding-left:0px;}@media all and (max-width: 767px){.wp-block-kadence-advancedheading.kt-adv-heading1295_707079-53, .wp-block-kadence-advancedheading.kt-adv-heading1295_707079-53[data-kb-block=\"kb-adv-heading1295_707079-53\"]{font-size:var(--global-kb-font-size-lg, 2rem);}}<\/style>\n<h1 class=\"kt-adv-heading1295_707079-53 wp-block-kadence-advancedheading has-theme-palette-3-color has-text-color\" data-kb-block=\"kb-adv-heading1295_707079-53\"><strong>Konsultacje<\/strong><\/h1>\n<\/div><\/div>\n\n<\/div><\/div><\/div><\/div>\n\n<\/div><\/div><style>.kb-row-layout-id1295_2184b4-b4 > .kt-row-column-wrap{align-content:start;}:where(.kb-row-layout-id1295_2184b4-b4 > .kt-row-column-wrap) > .wp-block-kadence-column{justify-content:start;}.kb-row-layout-id1295_2184b4-b4 > .kt-row-column-wrap{column-gap:var(--global-kb-gap-md, 2rem);row-gap:var(--global-kb-gap-md, 2rem);max-width:var( --global-content-width, 1290px );padding-left:var(--global-content-edge-padding);padding-right:var(--global-content-edge-padding);padding-top:60px;padding-right:20px;padding-bottom:20px;padding-left:20px;grid-template-columns:minmax(0, 1fr);}.kb-row-layout-id1295_2184b4-b4 > .kt-row-layout-overlay{opacity:0.30;}@media all and (max-width: 1024px){.kb-row-layout-id1295_2184b4-b4 > .kt-row-column-wrap{padding-top:40px;padding-right:40px;padding-bottom:0px;padding-left:40px;grid-template-columns:minmax(0, 1fr);}}@media all and (max-width: 767px){.kb-row-layout-id1295_2184b4-b4 > .kt-row-column-wrap{padding-top:40px;padding-right:40px;padding-bottom:0px;padding-left:40px;grid-template-columns:minmax(0, 1fr);}}<\/style><div class=\"kb-row-layout-wrap kb-row-layout-id1295_2184b4-b4 alignnone wp-block-kadence-rowlayout\"><div class=\"kt-row-column-wrap kt-has-1-columns kt-row-layout-equal kt-tab-layout-inherit kt-mobile-layout-row kt-row-valign-top kb-theme-content-width\">\n<style>.kadence-column1295_3c88a9-1d > .kt-inside-inner-col,.kadence-column1295_3c88a9-1d > .kt-inside-inner-col:before{border-top-left-radius:0px;border-top-right-radius:0px;border-bottom-right-radius:0px;border-bottom-left-radius:0px;}.kadence-column1295_3c88a9-1d > .kt-inside-inner-col{column-gap:var(--global-kb-gap-sm, 1rem);}.kadence-column1295_3c88a9-1d > .kt-inside-inner-col{flex-direction:column;}.kadence-column1295_3c88a9-1d > .kt-inside-inner-col > .aligncenter{width:100%;}.kadence-column1295_3c88a9-1d > .kt-inside-inner-col:before{opacity:0.3;}.kadence-column1295_3c88a9-1d{position:relative;}@media all and (max-width: 1024px){.kadence-column1295_3c88a9-1d > .kt-inside-inner-col{flex-direction:column;justify-content:center;}}@media all and (max-width: 767px){.kadence-column1295_3c88a9-1d > .kt-inside-inner-col{flex-direction:column;justify-content:center;}}<\/style>\n<div class=\"wp-block-kadence-column kadence-column1295_3c88a9-1d\"><div class=\"kt-inside-inner-col\">\n<p><strong>W klinice \u201eSanta Monica\u201d doradzamy pacjentom z nast\u0119puj\u0105cymi problemami:<\/strong><\/p>\n\n\n\n<ul class=\"wp-block-list\">\n<li>Przewlek\u0142y zesp\u00f3\u0142 b\u00f3lowy o r\u00f3\u017cnej genezie;<\/li>\n\n\n\n<li>Przewlek\u0142e choroby zwyrodnieniowe staw\u00f3w;<\/li>\n\n\n\n<li>Choroby autoimmunologiczne;<\/li>\n\n\n\n<li>Pacjenci z chorobami onkologicznymi przed i po operacjach, radioterapii i chemioterapii;<\/li>\n\n\n\n<li>Przewlek\u0142e choroby uk\u0142adu kr\u0105\u017cenia;<\/li>\n\n\n\n<li>Alergie;<\/li>\n\n\n\n<li>Konsekwencje przebytych zawa\u0142\u00f3w m\u00f3zgu, udar\u00f3w m\u00f3zgu;<\/li>\n\n\n\n<li>Przewlek\u0142e choroby przewodu pokarmowego;<\/li>\n\n\n\n<li>Poradnictwo dla pacjent\u00f3w obj\u0119tych opiek\u0105 paliatywn\u0105.<\/li>\n<\/ul>\n\n\n\n<div style=\"height:20px\" aria-hidden=\"true\" class=\"wp-block-spacer\"><\/div>\n\n\n<style>.wp-block-kadence-advancedbtn.kb-btns1295_7d66c6-f7{gap:var(--global-kb-gap-xs, 0.5rem );justify-content:flex-start;align-items:center;}.kt-btns1295_7d66c6-f7 .kt-button{font-weight:normal;font-style:normal;}.kt-btns1295_7d66c6-f7 .kt-btn-wrap-0{margin-right:5px;}.wp-block-kadence-advancedbtn.kt-btns1295_7d66c6-f7 .kt-btn-wrap-0 .kt-button{color:#555555;border-color:#555555;}.wp-block-kadence-advancedbtn.kt-btns1295_7d66c6-f7 .kt-btn-wrap-0 .kt-button:hover, .wp-block-kadence-advancedbtn.kt-btns1295_7d66c6-f7 .kt-btn-wrap-0 .kt-button:focus{color:#ffffff;border-color:#444444;}.wp-block-kadence-advancedbtn.kt-btns1295_7d66c6-f7 .kt-btn-wrap-0 .kt-button::before{display:none;}.wp-block-kadence-advancedbtn.kt-btns1295_7d66c6-f7 .kt-btn-wrap-0 .kt-button:hover, .wp-block-kadence-advancedbtn.kt-btns1295_7d66c6-f7 .kt-btn-wrap-0 .kt-button:focus{background:#444444;}<\/style>\n<div class=\"wp-block-kadence-advancedbtn kb-buttons-wrap kb-btns1295_7d66c6-f7\"><style>ul.menu .wp-block-kadence-advancedbtn .kb-btn1295_8945a0-c6.kb-button{width:initial;}.wp-block-kadence-advancedbtn .kb-btn1295_8945a0-c6.kb-button{border-top-left-radius:100px;border-top-right-radius:100px;border-bottom-right-radius:100px;border-bottom-left-radius:100px;border-top:0px solid;border-right:0px solid;border-bottom:0px solid;border-left:0px solid;padding-top:var(--global-kb-spacing-xs, 1rem);padding-right:var(--global-kb-spacing-sm, 1.5rem);padding-bottom:var(--global-kb-spacing-xs, 1rem);padding-left:var(--global-kb-spacing-sm, 1.5rem);}.wp-block-kadence-advancedbtn .kb-btn1295_8945a0-c6.kb-button:hover, .wp-block-kadence-advancedbtn .kb-btn1295_8945a0-c6.kb-button:focus{background:#000000;}@media all and (max-width: 1024px){.wp-block-kadence-advancedbtn .kb-btn1295_8945a0-c6.kb-button{border-top:0px solid;border-right:0px solid;border-bottom:0px solid;border-left:0px solid;}}@media all and (max-width: 767px){.wp-block-kadence-advancedbtn .kb-btn1295_8945a0-c6.kb-button{border-top:0px solid;border-right:0px solid;border-bottom:0px solid;border-left:0px solid;}}<\/style><a class=\"kb-button kt-button button kb-btn1295_8945a0-c6 kt-btn-size-large kt-btn-width-type-auto kb-btn-global-fill  kt-btn-has-text-true kt-btn-has-svg-false  wp-block-kadence-singlebtn\" href=\"https:\/\/santamonica.lv\/pl\/zarejestrowac-sie-na-wizyte\/\"><span class=\"kt-btn-inner-text\">Zastosuj wizyt\u0119<\/span><\/a><\/div>\n<\/div><\/div>\n\n<\/div><\/div><style>.wp-block-kadence-spacer.kt-block-spacer-1295_875898-d9 .kt-block-spacer{height:40px;}.wp-block-kadence-spacer.kt-block-spacer-1295_875898-d9 .kt-divider{border-top-width:1px;height:1px;border-top-color:#eee;width:80%;border-top-style:solid;}<\/style>\n<div class=\"wp-block-kadence-spacer aligncenter kt-block-spacer-1295_875898-d9\"><div class=\"kt-block-spacer kt-block-spacer-halign-center\"><\/div><\/div>\n","protected":false},"excerpt":{"rendered":"<p>Konsultacje W klinice \u201eSanta Monica\u201d doradzamy pacjentom z nast\u0119puj\u0105cymi problemami:<\/p>\n","protected":false},"author":1,"featured_media":0,"parent":0,"menu_order":0,"comment_status":"closed","ping_status":"closed","template":"","meta":{"_acf_changed":false,"_uag_custom_page_level_css":"","_kadence_starter_templates_imported_post":false,"_kad_post_transparent":"","_kad_post_title":"hide","_kad_post_layout":"fullwidth","_kad_post_sidebar_id":"","_kad_post_content_style":"unboxed","_kad_post_vertical_padding":"hide","_kad_post_feature":"hide","_kad_post_feature_position":"","_kad_post_header":false,"_kad_post_footer":false,"footnotes":""},"class_list":["post-2456","page","type-page","status-publish","hentry"],"acf":[],"yoast_head":"<!-- This site is optimized with the Yoast SEO plugin v26.4 - https:\/\/yoast.com\/wordpress\/plugins\/seo\/ -->\n<title>Konsultacje - Santa Monica<\/title>\n<meta name=\"robots\" content=\"index, follow, max-snippet:-1, max-image-preview:large, max-video-preview:-1\" \/>\n<link rel=\"canonical\" href=\"https:\/\/santamonica.lv\/pl\/konsultacje\/\" \/>\n<meta property=\"og:locale\" content=\"pl_PL\" \/>\n<meta property=\"og:type\" content=\"article\" \/>\n<meta property=\"og:title\" content=\"Konsultacje - Santa Monica\" \/>\n<meta property=\"og:description\" content=\"Konsultacje W klinice \u201eSanta Monica\u201d doradzamy pacjentom z nast\u0119puj\u0105cymi problemami:\" \/>\n<meta property=\"og:url\" content=\"https:\/\/santamonica.lv\/pl\/konsultacje\/\" \/>\n<meta property=\"og:site_name\" content=\"Santa Monica\" \/>\n<meta property=\"article:publisher\" content=\"https:\/\/www.facebook.com\/klinikasantamonica\" \/>\n<meta property=\"article:modified_time\" content=\"2025-01-31T22:46:52+00:00\" \/>\n<meta name=\"twitter:card\" content=\"summary_large_image\" \/>\n<script type=\"application\/ld+json\" class=\"yoast-schema-graph\">{\"@context\":\"https:\/\/schema.org\",\"@graph\":[{\"@type\":\"WebPage\",\"@id\":\"https:\/\/santamonica.lv\/pl\/konsultacje\/\",\"url\":\"https:\/\/santamonica.lv\/pl\/konsultacje\/\",\"name\":\"Konsultacje - Santa Monica\",\"isPartOf\":{\"@id\":\"https:\/\/santamonica.lv\/pl\/#website\"},\"datePublished\":\"2024-03-25T22:58:06+00:00\",\"dateModified\":\"2025-01-31T22:46:52+00:00\",\"breadcrumb\":{\"@id\":\"https:\/\/santamonica.lv\/pl\/konsultacje\/#breadcrumb\"},\"inLanguage\":\"pl-PL\",\"potentialAction\":[{\"@type\":\"ReadAction\",\"target\":[\"https:\/\/santamonica.lv\/pl\/konsultacje\/\"]}]},{\"@type\":\"BreadcrumbList\",\"@id\":\"https:\/\/santamonica.lv\/pl\/konsultacje\/#breadcrumb\",\"itemListElement\":[{\"@type\":\"ListItem\",\"position\":1,\"name\":\"Home\",\"item\":\"https:\/\/santamonica.lv\/pl\/poczatek\/\"},{\"@type\":\"ListItem\",\"position\":2,\"name\":\"Konsultacje\"}]},{\"@type\":\"WebSite\",\"@id\":\"https:\/\/santamonica.lv\/pl\/#website\",\"url\":\"https:\/\/santamonica.lv\/pl\/\",\"name\":\"Santa Monica\",\"description\":\"\",\"potentialAction\":[{\"@type\":\"SearchAction\",\"target\":{\"@type\":\"EntryPoint\",\"urlTemplate\":\"https:\/\/santamonica.lv\/pl\/?s={search_term_string}\"},\"query-input\":{\"@type\":\"PropertyValueSpecification\",\"valueRequired\":true,\"valueName\":\"search_term_string\"}}],\"inLanguage\":\"pl-PL\"}]}<\/script>\n<!-- \/ Yoast SEO plugin. -->","yoast_head_json":{"title":"Konsultacje - Santa Monica","robots":{"index":"index","follow":"follow","max-snippet":"max-snippet:-1","max-image-preview":"max-image-preview:large","max-video-preview":"max-video-preview:-1"},"canonical":"https:\/\/santamonica.lv\/pl\/konsultacje\/","og_locale":"pl_PL","og_type":"article","og_title":"Konsultacje - Santa Monica","og_description":"Konsultacje W klinice \u201eSanta Monica\u201d doradzamy pacjentom z nast\u0119puj\u0105cymi problemami:","og_url":"https:\/\/santamonica.lv\/pl\/konsultacje\/","og_site_name":"Santa Monica","article_publisher":"https:\/\/www.facebook.com\/klinikasantamonica","article_modified_time":"2025-01-31T22:46:52+00:00","twitter_card":"summary_large_image","schema":{"@context":"https:\/\/schema.org","@graph":[{"@type":"WebPage","@id":"https:\/\/santamonica.lv\/pl\/konsultacje\/","url":"https:\/\/santamonica.lv\/pl\/konsultacje\/","name":"Konsultacje - Santa Monica","isPartOf":{"@id":"https:\/\/santamonica.lv\/pl\/#website"},"datePublished":"2024-03-25T22:58:06+00:00","dateModified":"2025-01-31T22:46:52+00:00","breadcrumb":{"@id":"https:\/\/santamonica.lv\/pl\/konsultacje\/#breadcrumb"},"inLanguage":"pl-PL","potentialAction":[{"@type":"ReadAction","target":["https:\/\/santamonica.lv\/pl\/konsultacje\/"]}]},{"@type":"BreadcrumbList","@id":"https:\/\/santamonica.lv\/pl\/konsultacje\/#breadcrumb","itemListElement":[{"@type":"ListItem","position":1,"name":"Home","item":"https:\/\/santamonica.lv\/pl\/poczatek\/"},{"@type":"ListItem","position":2,"name":"Konsultacje"}]},{"@type":"WebSite","@id":"https:\/\/santamonica.lv\/pl\/#website","url":"https:\/\/santamonica.lv\/pl\/","name":"Santa Monica","description":"","potentialAction":[{"@type":"SearchAction","target":{"@type":"EntryPoint","urlTemplate":"https:\/\/santamonica.lv\/pl\/?s={search_term_string}"},"query-input":{"@type":"PropertyValueSpecification","valueRequired":true,"valueName":"search_term_string"}}],"inLanguage":"pl-PL"}]}},"uagb_featured_image_src":{"full":false,"thumbnail":false,"medium":false,"medium_large":false,"large":false,"1536x1536":false,"2048x2048":false,"woocommerce_thumbnail":false,"woocommerce_single":false,"woocommerce_gallery_thumbnail":false},"uagb_author_info":{"display_name":"admin","author_link":"https:\/\/santamonica.lv\/pl\/author\/admin\/"},"uagb_comment_info":0,"uagb_excerpt":"Konsultacje W klinice \u201eSanta Monica\u201d doradzamy pacjentom z nast\u0119puj\u0105cymi problemami:","_links":{"self":[{"href":"https:\/\/santamonica.lv\/pl\/wp-json\/wp\/v2\/pages\/2456","targetHints":{"allow":["GET"]}}],"collection":[{"href":"https:\/\/santamonica.lv\/pl\/wp-json\/wp\/v2\/pages"}],"about":[{"href":"https:\/\/santamonica.lv\/pl\/wp-json\/wp\/v2\/types\/page"}],"author":[{"embeddable":true,"href":"https:\/\/santamonica.lv\/pl\/wp-json\/wp\/v2\/users\/1"}],"replies":[{"embeddable":true,"href":"https:\/\/santamonica.lv\/pl\/wp-json\/wp\/v2\/comments?post=2456"}],"version-history":[{"count":3,"href":"https:\/\/santamonica.lv\/pl\/wp-json\/wp\/v2\/pages\/2456\/revisions"}],"predecessor-version":[{"id":2769,"href":"https:\/\/santamonica.lv\/pl\/wp-json\/wp\/v2\/pages\/2456\/revisions\/2769"}],"wp:attachment":[{"href":"https:\/\/santamonica.lv\/pl\/wp-json\/wp\/v2\/media?parent=2456"}],"curies":[{"name":"wp","href":"https:\/\/api.w.org\/{rel}","templated":true}]}}