{"id":2474,"date":"2024-07-09T20:29:46","date_gmt":"2024-07-09T17:29:46","guid":{"rendered":"https:\/\/santamonica.lv\/badanie-mikrobiomu\/"},"modified":"2025-03-05T22:12:07","modified_gmt":"2025-03-05T20:12:07","slug":"badanie-mikrobiomu","status":"publish","type":"page","link":"https:\/\/santamonica.lv\/pl\/badanie-mikrobiomu\/","title":{"rendered":"Badanie mikrobiomu"},"content":{"rendered":"\n<div style=\"height:90px\" aria-hidden=\"true\" class=\"wp-block-spacer\"><\/div>\n<style>.kb-row-layout-id1944_7424ee-64 > .kt-row-column-wrap{align-content:start;}:where(.kb-row-layout-id1944_7424ee-64 > .kt-row-column-wrap) > .wp-block-kadence-column{justify-content:start;}.kb-row-layout-id1944_7424ee-64 > .kt-row-column-wrap{column-gap:var(--global-kb-gap-md, 2rem);row-gap:var(--global-kb-gap-md, 2rem);max-width:var( --global-content-width, 1290px );padding-left:var(--global-content-edge-padding);padding-right:var(--global-content-edge-padding);padding-top:139px;padding-bottom:100px;grid-template-columns:minmax(0, 1fr);}.kb-row-layout-id1944_7424ee-64 > .kt-row-layout-overlay{opacity:0.28;background-color:#000000;background-image:url('https:\/\/santamonica.lv\/wp-content\/uploads\/2024\/07\/mikrobioms.jpg');background-size:cover;background-position:52% 51%;background-attachment:scroll;background-repeat:no-repeat;mix-blend-mode:darken;}@media all and (max-width: 1024px){.kb-row-layout-id1944_7424ee-64 > .kt-row-column-wrap{padding-top:80px;padding-bottom:80px;grid-template-columns:minmax(0, 1fr);}}@media all and (max-width: 767px){.kb-row-layout-id1944_7424ee-64 > .kt-row-column-wrap{padding-top:100px;padding-right:30px;padding-bottom:100px;padding-left:30px;grid-template-columns:minmax(0, 1fr);}}<\/style><div class=\"kb-row-layout-wrap kb-row-layout-id1944_7424ee-64 alignnone has-theme-palette8-background-color kt-row-has-bg wp-block-kadence-rowlayout\"><div class=\"kt-row-layout-overlay kt-row-overlay-normal\"><\/div><div class=\"kt-row-column-wrap kt-has-1-columns kt-row-layout-equal kt-tab-layout-inherit kt-mobile-layout-row kt-row-valign-top kb-theme-content-width\">\n<style>.kadence-column1944_3782f3-a3 > .kt-inside-inner-col,.kadence-column1944_3782f3-a3 > .kt-inside-inner-col:before{border-top-left-radius:0px;border-top-right-radius:0px;border-bottom-right-radius:0px;border-bottom-left-radius:0px;}.kadence-column1944_3782f3-a3 > .kt-inside-inner-col{column-gap:var(--global-kb-gap-sm, 1rem);}.kadence-column1944_3782f3-a3 > .kt-inside-inner-col{flex-direction:column;}.kadence-column1944_3782f3-a3 > .kt-inside-inner-col > .aligncenter{width:100%;}.kadence-column1944_3782f3-a3 > .kt-inside-inner-col:before{opacity:0.3;}.kadence-column1944_3782f3-a3{position:relative;}@media all and (max-width: 1024px){.kadence-column1944_3782f3-a3 > .kt-inside-inner-col{padding-top:0px;padding-right:0px;padding-bottom:0px;padding-left:0px;flex-direction:column;justify-content:center;}}@media all and (max-width: 767px){.kadence-column1944_3782f3-a3 > .kt-inside-inner-col{flex-direction:column;justify-content:center;}}<\/style>\n<div class=\"wp-block-kadence-column kadence-column1944_3782f3-a3 inner-column-1\"><div class=\"kt-inside-inner-col\"><style>.kb-row-layout-id1944_d62442-fa > .kt-row-column-wrap{align-content:start;}:where(.kb-row-layout-id1944_d62442-fa > .kt-row-column-wrap) > .wp-block-kadence-column{justify-content:start;}.kb-row-layout-id1944_d62442-fa > .kt-row-column-wrap{column-gap:var(--global-kb-gap-md, 2rem);row-gap:var(--global-kb-gap-md, 2rem);max-width:600px;margin-left:auto;margin-right:auto;padding-top:0px;padding-bottom:0px;grid-template-columns:minmax(0, 1fr);}.kb-row-layout-id1944_d62442-fa > .kt-row-layout-overlay{opacity:0.30;}@media all and (max-width: 1024px){.kb-row-layout-id1944_d62442-fa > .kt-row-column-wrap{padding-top:0px;padding-right:0px;padding-bottom:0px;padding-left:0px;grid-template-columns:minmax(0, 1fr);}}@media all and (max-width: 767px){.kb-row-layout-id1944_d62442-fa > .kt-row-column-wrap{grid-template-columns:minmax(0, 1fr);}}<\/style><div class=\"kb-row-layout-wrap kb-row-layout-id1944_d62442-fa alignnone wp-block-kadence-rowlayout\"><div class=\"kt-row-column-wrap kt-has-1-columns kt-row-layout-equal kt-tab-layout-inherit kt-mobile-layout-row kt-row-valign-top\">\n<style>.kadence-column1944_eb6991-f1 > .kt-inside-inner-col{padding-right:40px;padding-left:40px;}.kadence-column1944_eb6991-f1 > .kt-inside-inner-col,.kadence-column1944_eb6991-f1 > .kt-inside-inner-col:before{border-top-left-radius:0px;border-top-right-radius:0px;border-bottom-right-radius:0px;border-bottom-left-radius:0px;}.kadence-column1944_eb6991-f1 > .kt-inside-inner-col{column-gap:var(--global-kb-gap-sm, 1rem);}.kadence-column1944_eb6991-f1 > .kt-inside-inner-col{flex-direction:column;}.kadence-column1944_eb6991-f1 > .kt-inside-inner-col > .aligncenter{width:100%;}.kadence-column1944_eb6991-f1 > .kt-inside-inner-col:before{opacity:0.3;}.kadence-column1944_eb6991-f1{position:relative;}@media all and (max-width: 1024px){.kadence-column1944_eb6991-f1 > .kt-inside-inner-col{flex-direction:column;justify-content:center;}}@media all and (max-width: 767px){.kadence-column1944_eb6991-f1 > .kt-inside-inner-col{padding-right:0px;padding-left:0px;flex-direction:column;justify-content:center;}}<\/style>\n<div class=\"wp-block-kadence-column kadence-column1944_eb6991-f1 inner-column-1\"><div class=\"kt-inside-inner-col\"><style>.wp-block-kadence-advancedheading.kt-adv-heading1944_0a84c7-5c, .wp-block-kadence-advancedheading.kt-adv-heading1944_0a84c7-5c[data-kb-block=\"kb-adv-heading1944_0a84c7-5c\"]{padding-top:0px;padding-right:0px;padding-bottom:20px;padding-left:0px;margin-top:0px;margin-right:0px;margin-bottom:0px;margin-left:0px;text-align:center;font-style:normal;text-transform:capitalize;color:#000000;}.wp-block-kadence-advancedheading.kt-adv-heading1944_0a84c7-5c mark.kt-highlight, .wp-block-kadence-advancedheading.kt-adv-heading1944_0a84c7-5c[data-kb-block=\"kb-adv-heading1944_0a84c7-5c\"] mark.kt-highlight{font-style:normal;color:#f76a0c;-webkit-box-decoration-break:clone;box-decoration-break:clone;padding-top:0px;padding-right:0px;padding-bottom:0px;padding-left:0px;}@media all and (max-width: 767px){.wp-block-kadence-advancedheading.kt-adv-heading1944_0a84c7-5c, .wp-block-kadence-advancedheading.kt-adv-heading1944_0a84c7-5c[data-kb-block=\"kb-adv-heading1944_0a84c7-5c\"]{font-size:var(--global-kb-font-size-lg, 2rem);}}<\/style>\n<h1 class=\"kt-adv-heading1944_0a84c7-5c wp-block-kadence-advancedheading\" data-kb-block=\"kb-adv-heading1944_0a84c7-5c\">Badanie mikrobiomu<\/h1>\n<\/div><\/div>\n\n<\/div><\/div><\/div><\/div>\n\n<\/div><\/div><style>.kb-row-layout-id1944_ebe930-21 > .kt-row-column-wrap{align-content:start;}:where(.kb-row-layout-id1944_ebe930-21 > .kt-row-column-wrap) > .wp-block-kadence-column{justify-content:start;}.kb-row-layout-id1944_ebe930-21 > .kt-row-column-wrap{column-gap:var(--global-kb-gap-md, 2rem);row-gap:var(--global-kb-gap-md, 2rem);max-width:var( --global-content-width, 1290px );padding-left:var(--global-content-edge-padding);padding-right:var(--global-content-edge-padding);padding-top:var(--global-kb-spacing-lg, 3rem);padding-bottom:var(--global-kb-spacing-sm, 1.5rem);grid-template-columns:minmax(0, 1fr);}.kb-row-layout-id1944_ebe930-21 > .kt-row-layout-overlay{opacity:0.30;}@media all and (max-width: 1024px){.kb-row-layout-id1944_ebe930-21 > .kt-row-column-wrap{grid-template-columns:minmax(0, 1fr);}}@media all and (max-width: 767px){.kb-row-layout-id1944_ebe930-21 > .kt-row-column-wrap{grid-template-columns:minmax(0, 1fr);}}<\/style><div class=\"kb-row-layout-wrap kb-row-layout-id1944_ebe930-21 alignnone wp-block-kadence-rowlayout\"><div class=\"kt-row-column-wrap kt-has-1-columns kt-row-layout-equal kt-tab-layout-inherit kt-mobile-layout-row kt-row-valign-top kb-theme-content-width\">\n<style>.kadence-column1944_88c7cb-97 > .kt-inside-inner-col,.kadence-column1944_88c7cb-97 > .kt-inside-inner-col:before{border-top-left-radius:0px;border-top-right-radius:0px;border-bottom-right-radius:0px;border-bottom-left-radius:0px;}.kadence-column1944_88c7cb-97 > .kt-inside-inner-col{column-gap:var(--global-kb-gap-sm, 1rem);}.kadence-column1944_88c7cb-97 > .kt-inside-inner-col{flex-direction:column;}.kadence-column1944_88c7cb-97 > .kt-inside-inner-col > .aligncenter{width:100%;}.kadence-column1944_88c7cb-97 > .kt-inside-inner-col:before{opacity:0.3;}.kadence-column1944_88c7cb-97{position:relative;}@media all and (max-width: 1024px){.kadence-column1944_88c7cb-97 > .kt-inside-inner-col{flex-direction:column;justify-content:center;}}@media all and (max-width: 767px){.kadence-column1944_88c7cb-97 > .kt-inside-inner-col{flex-direction:column;justify-content:center;}}<\/style>\n<div class=\"wp-block-kadence-column kadence-column1944_88c7cb-97\"><div class=\"kt-inside-inner-col\">\n<h2 class=\"wp-block-heading\">Klinika w Santa Monica oferuje badanie mikrobiomu<\/h2>\n\n\n\n<p>Mikrobiom cz\u0142owieka to wszystkie mikroskopijne istoty \u017cywe (bakterie, pierwotniaki, wirusy, mikroskopijne grzyby), kt\u00f3re zamieszkuj\u0105 nasz organizm zar\u00f3wno wewn\u0119trznie \u2013 w przewodzie pokarmowym, drogach moczowych, jamie ustnej, narz\u0105dach p\u0142ciowych, jak i zewn\u0119trznie \u2013 na sk\u00f3rze. Mikroorganizmy oddzia\u0142uj\u0105 ze sob\u0105 i ca\u0142ym organizmem ludzkim jako ca\u0142o\u015bci\u0105. Ich po\u0142\u0105czenie<strong> zapewnia zdrowie naszego organizmu.<\/strong> Mikroorganizmy te znajduj\u0105 si\u0119 na sk\u00f3rze, b\u0142onach \u015bluzowych, jelitach itp. Najwi\u0119ksza r\u00f3\u017cnorodno\u015b\u0107 mikroorganizm\u00f3w wyst\u0119puje w przewodzie pokarmowym.<\/p>\n\n\n\n<p><strong>Mikrobiom<\/strong> ka\u017cdego cz\u0142owieka jest <strong>wyj\u0105tkowy<\/strong>. Podobie\u0144stwo r\u00f3\u017cnorodno\u015bci bakterii jelitowych u dw\u00f3ch os\u00f3b wynosi tylko 10\u201320%.<\/p>\n\n\n\n<p><strong>70-80%<\/strong> odporno\u015bci powstaje bezpo\u015brednio w mikrobiomie jelitowym. W przewodzie pokarmowym \u017cyje oko\u0142o 100 bilion\u00f3w bakterii, ameb, grzyb\u00f3w, wirus\u00f3w i innych mikroorganizm\u00f3w. W zdrowym mikrobiomie dobre bakterie znajduj\u0105 si\u0119 w r\u00f3wnowadze ze z\u0142ymi, a r\u00f3wnowaga mi\u0119dzy nimi determinuje dzia\u0142anie naszego <strong>uk\u0142adu odporno\u015bciowego.<\/strong><\/p>\n\n\n\n<h2 class=\"wp-block-heading\">Minitest mikrobiomu<\/h2>\n\n\n\n<p class=\"has-theme-palette-8-background-color has-background\">Test mikrobiomu mini (bakteriom + mikrobiom) \u2013 analizuje trzy g\u0142\u00f3wne typy bakterii wyst\u0119puj\u0105cych w warstwie \u015bluzowej przewodu pokarmowego, zar\u00f3wno pod wzgl\u0119dem ich znaczenia funkcjonalnego, jak i budowy. Uwzgl\u0119dniono tu tak\u017ce A.muciniphila, kt\u00f3ry jest uwa\u017cany za dobry probiotyk i nim jest Wiadomo, \u017ce wspomaga metabolizm sk\u0142adnik\u00f3w od\u017cywczych i kontroluje odpowiedzi immunologiczne u gospodarza. Wykrywa si\u0119 tak\u017ce F.prauznittii \u2013 jedn\u0105 z najpowszechniejszych bakterii b\u0142ony \u015bluzowej jelit, kt\u00f3ra r\u00f3wnie\u017c odgrywa wa\u017cn\u0105 rol\u0119 w promowaniu zdrowia. Liczba tej baterii zmniejsza si\u0119 u pacjent\u00f3w z chorob\u0105 Le\u015bniowskiego-Crohna i wrzodziej\u0105cym zapaleniem jelita grubego. Badanie obejmuje r\u00f3wnie\u017c wykrycie 7 dro\u017cd\u017cak\u00f3w warunkowo chorobotw\u00f3rczych. Bakterie jelitowe s\u0105 r\u00f3wnie\u017c analizowane pod k\u0105tem ich znaczenia funkcjonalnego &#8211; ma\u015blan, histamina, fenol, indol, amon itp. synteza zwi\u0105zk\u00f3w z wt\u00f3rnych kwas\u00f3w \u017c\u00f3\u0142ciowych.<\/p>\n\n\n\n<h2 class=\"wp-block-heading\">Test midi mikrobiomu<\/h2>\n\n\n\n<p class=\"has-theme-palette-8-background-color has-background\">Test mikrobiomu midi (bakteriom + mykobiom + paso\u017cyty) \u2013 wykrywa trzy g\u0142\u00f3wne typy bakterii jelitowych, analizuje tak\u017ce obecno\u015b\u0107 7 grzyb\u00f3w warunkowo chorobotw\u00f3rczych oraz dodatkowo wykrywa paso\u017cyty jednokom\u00f3rkowe. Jednym z nich s\u0105 blastocysty \u2013 jednokom\u00f3rkowe mikroorganizmy, kt\u00f3re s\u0105 normalne wyst\u0119puj\u0105 w przewodzie pokarmowym, ale w niekt\u00f3rych przypadkach powoduj\u0105 b\u00f3l brzucha, biegunk\u0119 lub inne problemy \u017co\u0142\u0105dkowo-jelitowe.<\/p>\n\n\n\n<h2 class=\"wp-block-heading\">Test mikrobiomu midi plus<\/h2>\n\n\n\n<p class=\"has-theme-palette-8-background-color has-background\">Test mikrobiomu midi plus (bakteriom + mykobiom + paso\u017cyty jednokom\u00f3rkowe + robaki + mikrosporydia). Test ten obejmuje oznaczenie trzech g\u0142\u00f3wnych grup funkcjonalnych bakterii jelitowych, analiz\u0119 7 warunkowo patogennych dro\u017cd\u017cy, pierwotniak\u00f3w paso\u017cytniczych, robak\u00f3w i mikrosporydi\u00f3w.&#13;\nMikrosporydia to jednokom\u00f3rkowe paso\u017cyty tworz\u0105ce przetrwalniki, kt\u00f3re z natury s\u0105 bardzo podobne do grzyb\u00f3w. W os\u0142abionym organizmie mog\u0105 powodowa\u0107 biegunk\u0119 i utrat\u0119 wagi. Test ten obejmuje r\u00f3wnie\u017c wykrywanie blastocyst.<\/p>\n\n\n\n<h2 class=\"wp-block-heading\">Maxi test mikrobiomu<\/h2>\n\n\n\n<p class=\"has-theme-palette-8-background-color has-background\">Maxi test mikrobiomu (bakteriom + mykobiom + wykrywanie paso\u017cyt\u00f3w). Test ten obejmuje wykrycie trzech g\u0142\u00f3wnych i funkcjonalnych grup bakterii jelitowych, analiza obejmuje tak\u017ce 7 najcz\u0119\u015bciej wyst\u0119puj\u0105cych grzyb\u00f3w dro\u017cd\u017cakowych, okre\u015bla obecno\u015b\u0107 jednokom\u00f3rkowych lub wielokom\u00f3rkowych paso\u017cyt\u00f3w jelitowych, a tak\u017ce r\u00f3\u017cnych blastocyst.<\/p>\n\n\n\n<h2 class=\"wp-block-heading\">Test mikrobiomu maxi plus<\/h2>\n\n\n\n<p class=\"has-theme-palette-8-background-color has-background\">Test Mikrobiom maxi plus (bakteriom + mykobiom + paso\u017cyty jednokom\u00f3rkowe i wielokom\u00f3rkowe + mikrosporydia) &#8211; okre\u015bla trzy g\u0142\u00f3wne i funkcjonalne grupy bakterii wyst\u0119puj\u0105cych w przewodzie pokarmowym, 7 warunkowo chorobotw\u00f3rczych grzyb\u00f3w dro\u017cd\u017cowych, mikrosporydia, blastocysty, a tak\u017ce jednokom\u00f3rkowe<\/p>\n\n\n\n<p>Mikrobiom jest \u015bci\u015ble powi\u0105zany ze <strong>zdrowiem cz\u0142owieka<\/strong>. Mikroorganizmy rozk\u0142adaj\u0105 b\u0142onnik na wa\u017cne zwi\u0105zki bior\u0105ce udzia\u0142 w procesach metabolicznych i <strong>funkcjonowaniu uk\u0142adu odporno\u015bciowego.<\/strong> Populacja mikroorganizm\u00f3w (mikrobiota) \u017co\u0142\u0105dka i przewodu pokarmowego jest najwi\u0119ksza i najwa\u017cniejsza dla utrzymania zdrowia cz\u0142owieka, liczy ponad 1000 r\u00f3\u017cnych gatunk\u00f3w. Nale\u017cy pami\u0119ta\u0107, \u017ce przew\u00f3d pokarmowy zaczyna si\u0119 od naszej jamy ustnej, w kt\u00f3rej \u017cyje ponad 700 gatunk\u00f3w mikroorganizm\u00f3w.<\/p>\n\n\n\n<p><em><strong>\u201eWszystkie choroby zaczynaj\u0105 si\u0119 w jelitach\u201d<\/strong> \u2013 twierdzi\u0142 ju\u017c przed nasz\u0105 er\u0105 Hipokrates.<\/em><\/p>\n\n\n\n<p>Niezdrowa mikroflora jelitowa wp\u0142ywa na nasze zdrowie fizyczne, niemal ka\u017cdemu znane jest zwi\u0119kszone wytwarzanie gaz\u00f3w, b\u00f3le brzucha, biegunka i\/lub zaparcia. Jednak zmiany w ludzkim mikrobiomie stwarzaj\u0105 r\u00f3wnie\u017c ryzyko rozwoju chor\u00f3b, takich jak cukrzyca, choroba zapalna jelit i zesp\u00f3\u0142 jelita dra\u017cliwego. Okazuje si\u0119 r\u00f3wnie\u017c, \u017ce niezdrowy mikrobiom cz\u0142owieka mo\u017ce przyczynia\u0107 si\u0119 do rozwoju chor\u00f3b uk\u0142adu kr\u0105\u017cenia, chor\u00f3b w\u0105troby, stwardnienia rozsianego, autyzmu, zespo\u0142u Alzheimera i choroby Parkinsona. Niezdrowa mikroflora powoduje problemy metaboliczne, zwi\u0119ksza przepuszczalno\u015b\u0107 \u015bcian jelit, co jest przyczyn\u0105 r\u00f3\u017cnych alergii i chor\u00f3b autoimmunologicznych.<\/p>\n\n\n\n<p>Na przestrzeni wiek\u00f3w ludzie szukali r\u00f3\u017cnych sposob\u00f3w na zr\u00f3wnowa\u017cenie mikrobiomu jelitowego. Najbardziej skuteczne jest przyjmowanie dobrych bakterii, czyli probiotyk\u00f3w, kt\u00f3re stanowi\u0105 naturaln\u0105 cz\u0119\u015b\u0107 mikroflory jelitowej.<\/p>\n\n\n\n<p>Niewielkie ilo\u015bci probiotyk\u00f3w mo\u017cna spo\u017cywa\u0107 ze sfermentowan\u0105, sfermentowan\u0105 \u017cywno\u015bci\u0105, ale te ilo\u015bci dobrych bakterii nie wystarcz\u0105, aby przywr\u00f3ci\u0107 r\u00f3wnowag\u0119 mikrobiomu jelitowego.<\/p>\n\n\n\n<p>Test mikrobiomu <strong>analizuje<\/strong> bakterie \u017cyj\u0105ce w przewodzie pokarmowym, aby dowiedzie\u0107 si\u0119, czy mikrobiom jelitowy jest korzystny, czy wr\u0119cz przeciwnie, szkodliwy dla zdrowia. <strong>Wyniki testu<\/strong> podsumowane s\u0105 w formie przegl\u0105du, kt\u00f3ry obejmuje pe\u0142n\u0105 analiz\u0119 sk\u0142adu i powi\u0105za\u0144 mi\u0119dzy mikroorganizmami \u017cyj\u0105cymi w przewodzie pokarmowym, a tak\u017ce wyja\u015bnienia roli i znaczenia bakterii w poprawie zdrowia organizmu, a na koniec dostarczy zalecenia dotycz\u0105ce dostosowania diety i stylu \u017cycia, aby mikrobiom jelitowy by\u0142 zr\u00f3wnowa\u017cony i zdrowy. Badania te umo\u017cliwiaj\u0105 tak\u017ce diagnostyk\u0119 drobnoustroj\u00f3w chorobotw\u00f3rczych, pierwotniak\u00f3w, paso\u017cyt\u00f3w wyst\u0119puj\u0105cych w przewodzie pokarmowym, a tak\u017ce identyfikacj\u0119 r\u00f3\u017cnych typ\u00f3w cz\u0119\u015bciej wyst\u0119puj\u0105cych grzyb\u00f3w dro\u017cd\u017cakowych. W celu oceny funkcji trawiennej mo\u017cna tak\u017ce oznaczy\u0107 obecno\u015b\u0107 r\u00f3\u017cnych enzym\u00f3w (elastazy trzustkowej, kwas\u00f3w \u017c\u00f3\u0142ciowych, alfa-1-antytrypsyny, kalprotektyny).<\/p>\n\n\n\n<p>Badanie pozwoli Ci dowiedzie\u0107 si\u0119, jak u\u0142o\u017cy\u0107 diet\u0119, aby mikroorganizmy \u017cyj\u0105ce w jelitach korzystnie wp\u0142ywa\u0142y na zdrowie i pomaga\u0142y w walce z chorobami, pomo\u017ce znale\u017a\u0107 rozwi\u0105zanie normalizuj\u0105ce mikroflor\u0119 w celu poprawy dobre samopoczucie, redukcja masy cia\u0142a, aktywacja metabolizmu i poprawa jako\u015bci sk\u00f3ry.<\/p>\n<\/div><\/div>\n\n<\/div><\/div>\n<p><\/p>\n\n<div style=\"height:80px\" aria-hidden=\"true\" class=\"wp-block-spacer\"><\/div>\n","protected":false},"excerpt":{"rendered":"<p>Badanie mikrobiomu Klinika w Santa Monica oferuje badanie mikrobiomu Mikrobiom cz\u0142owieka to wszystkie mikroskopijne istoty \u017cywe (bakterie, pierwotniaki, wirusy, mikroskopijne grzyby), kt\u00f3re zamieszkuj\u0105 nasz organizm zar\u00f3wno wewn\u0119trznie \u2013 w przewodzie pokarmowym, drogach moczowych, jamie ustnej, narz\u0105dach p\u0142ciowych, jak i zewn\u0119trznie \u2013 na sk\u00f3rze. Mikroorganizmy oddzia\u0142uj\u0105 ze sob\u0105 i ca\u0142ym organizmem ludzkim jako ca\u0142o\u015bci\u0105. Ich po\u0142\u0105czenie&#8230;<\/p>\n","protected":false},"author":1,"featured_media":0,"parent":0,"menu_order":0,"comment_status":"closed","ping_status":"closed","template":"","meta":{"_acf_changed":false,"_uag_custom_page_level_css":"","_kadence_starter_templates_imported_post":false,"_kad_post_transparent":"","_kad_post_title":"hide","_kad_post_layout":"fullwidth","_kad_post_sidebar_id":"","_kad_post_content_style":"unboxed","_kad_post_vertical_padding":"hide","_kad_post_feature":"hide","_kad_post_feature_position":"","_kad_post_header":false,"_kad_post_footer":false,"footnotes":""},"class_list":["post-2474","page","type-page","status-publish","hentry"],"acf":[],"yoast_head":"<!-- This site is optimized with the Yoast SEO plugin v26.4 - https:\/\/yoast.com\/wordpress\/plugins\/seo\/ -->\n<title>Badanie mikrobiomu - Santa Monica<\/title>\n<meta name=\"robots\" content=\"index, follow, max-snippet:-1, max-image-preview:large, max-video-preview:-1\" \/>\n<link rel=\"canonical\" href=\"https:\/\/santamonica.lv\/pl\/badanie-mikrobiomu\/\" \/>\n<meta property=\"og:locale\" content=\"pl_PL\" \/>\n<meta property=\"og:type\" content=\"article\" \/>\n<meta property=\"og:title\" content=\"Badanie mikrobiomu - Santa Monica\" \/>\n<meta property=\"og:description\" content=\"Badanie mikrobiomu Klinika w Santa Monica oferuje badanie mikrobiomu Mikrobiom cz\u0142owieka to wszystkie mikroskopijne istoty \u017cywe (bakterie, pierwotniaki, wirusy, mikroskopijne grzyby), kt\u00f3re zamieszkuj\u0105 nasz organizm zar\u00f3wno wewn\u0119trznie \u2013 w przewodzie pokarmowym, drogach moczowych, jamie ustnej, narz\u0105dach p\u0142ciowych, jak i zewn\u0119trznie \u2013 na sk\u00f3rze. Mikroorganizmy oddzia\u0142uj\u0105 ze sob\u0105 i ca\u0142ym organizmem ludzkim jako ca\u0142o\u015bci\u0105. Ich po\u0142\u0105czenie...\" \/>\n<meta property=\"og:url\" content=\"https:\/\/santamonica.lv\/pl\/badanie-mikrobiomu\/\" \/>\n<meta property=\"og:site_name\" content=\"Santa Monica\" \/>\n<meta property=\"article:publisher\" content=\"https:\/\/www.facebook.com\/klinikasantamonica\" \/>\n<meta property=\"article:modified_time\" content=\"2025-03-05T20:12:07+00:00\" \/>\n<meta name=\"twitter:card\" content=\"summary_large_image\" \/>\n<meta name=\"twitter:label1\" content=\"Est. reading time\" \/>\n\t<meta name=\"twitter:data1\" content=\"5 minut\" \/>\n<script type=\"application\/ld+json\" class=\"yoast-schema-graph\">{\"@context\":\"https:\/\/schema.org\",\"@graph\":[{\"@type\":\"WebPage\",\"@id\":\"https:\/\/santamonica.lv\/pl\/badanie-mikrobiomu\/\",\"url\":\"https:\/\/santamonica.lv\/pl\/badanie-mikrobiomu\/\",\"name\":\"Badanie mikrobiomu - Santa Monica\",\"isPartOf\":{\"@id\":\"https:\/\/santamonica.lv\/pl\/#website\"},\"datePublished\":\"2024-07-09T17:29:46+00:00\",\"dateModified\":\"2025-03-05T20:12:07+00:00\",\"breadcrumb\":{\"@id\":\"https:\/\/santamonica.lv\/pl\/badanie-mikrobiomu\/#breadcrumb\"},\"inLanguage\":\"pl-PL\",\"potentialAction\":[{\"@type\":\"ReadAction\",\"target\":[\"https:\/\/santamonica.lv\/pl\/badanie-mikrobiomu\/\"]}]},{\"@type\":\"BreadcrumbList\",\"@id\":\"https:\/\/santamonica.lv\/pl\/badanie-mikrobiomu\/#breadcrumb\",\"itemListElement\":[{\"@type\":\"ListItem\",\"position\":1,\"name\":\"Home\",\"item\":\"https:\/\/santamonica.lv\/pl\/poczatek\/\"},{\"@type\":\"ListItem\",\"position\":2,\"name\":\"Badanie mikrobiomu\"}]},{\"@type\":\"WebSite\",\"@id\":\"https:\/\/santamonica.lv\/pl\/#website\",\"url\":\"https:\/\/santamonica.lv\/pl\/\",\"name\":\"Santa Monica\",\"description\":\"\",\"potentialAction\":[{\"@type\":\"SearchAction\",\"target\":{\"@type\":\"EntryPoint\",\"urlTemplate\":\"https:\/\/santamonica.lv\/pl\/?s={search_term_string}\"},\"query-input\":{\"@type\":\"PropertyValueSpecification\",\"valueRequired\":true,\"valueName\":\"search_term_string\"}}],\"inLanguage\":\"pl-PL\"}]}<\/script>\n<!-- \/ Yoast SEO plugin. -->","yoast_head_json":{"title":"Badanie mikrobiomu - Santa Monica","robots":{"index":"index","follow":"follow","max-snippet":"max-snippet:-1","max-image-preview":"max-image-preview:large","max-video-preview":"max-video-preview:-1"},"canonical":"https:\/\/santamonica.lv\/pl\/badanie-mikrobiomu\/","og_locale":"pl_PL","og_type":"article","og_title":"Badanie mikrobiomu - Santa Monica","og_description":"Badanie mikrobiomu Klinika w Santa Monica oferuje badanie mikrobiomu Mikrobiom cz\u0142owieka to wszystkie mikroskopijne istoty \u017cywe (bakterie, pierwotniaki, wirusy, mikroskopijne grzyby), kt\u00f3re zamieszkuj\u0105 nasz organizm zar\u00f3wno wewn\u0119trznie \u2013 w przewodzie pokarmowym, drogach moczowych, jamie ustnej, narz\u0105dach p\u0142ciowych, jak i zewn\u0119trznie \u2013 na sk\u00f3rze. Mikroorganizmy oddzia\u0142uj\u0105 ze sob\u0105 i ca\u0142ym organizmem ludzkim jako ca\u0142o\u015bci\u0105. Ich po\u0142\u0105czenie...","og_url":"https:\/\/santamonica.lv\/pl\/badanie-mikrobiomu\/","og_site_name":"Santa Monica","article_publisher":"https:\/\/www.facebook.com\/klinikasantamonica","article_modified_time":"2025-03-05T20:12:07+00:00","twitter_card":"summary_large_image","twitter_misc":{"Est. reading time":"5 minut"},"schema":{"@context":"https:\/\/schema.org","@graph":[{"@type":"WebPage","@id":"https:\/\/santamonica.lv\/pl\/badanie-mikrobiomu\/","url":"https:\/\/santamonica.lv\/pl\/badanie-mikrobiomu\/","name":"Badanie mikrobiomu - Santa Monica","isPartOf":{"@id":"https:\/\/santamonica.lv\/pl\/#website"},"datePublished":"2024-07-09T17:29:46+00:00","dateModified":"2025-03-05T20:12:07+00:00","breadcrumb":{"@id":"https:\/\/santamonica.lv\/pl\/badanie-mikrobiomu\/#breadcrumb"},"inLanguage":"pl-PL","potentialAction":[{"@type":"ReadAction","target":["https:\/\/santamonica.lv\/pl\/badanie-mikrobiomu\/"]}]},{"@type":"BreadcrumbList","@id":"https:\/\/santamonica.lv\/pl\/badanie-mikrobiomu\/#breadcrumb","itemListElement":[{"@type":"ListItem","position":1,"name":"Home","item":"https:\/\/santamonica.lv\/pl\/poczatek\/"},{"@type":"ListItem","position":2,"name":"Badanie mikrobiomu"}]},{"@type":"WebSite","@id":"https:\/\/santamonica.lv\/pl\/#website","url":"https:\/\/santamonica.lv\/pl\/","name":"Santa Monica","description":"","potentialAction":[{"@type":"SearchAction","target":{"@type":"EntryPoint","urlTemplate":"https:\/\/santamonica.lv\/pl\/?s={search_term_string}"},"query-input":{"@type":"PropertyValueSpecification","valueRequired":true,"valueName":"search_term_string"}}],"inLanguage":"pl-PL"}]}},"uagb_featured_image_src":{"full":false,"thumbnail":false,"medium":false,"medium_large":false,"large":false,"1536x1536":false,"2048x2048":false,"woocommerce_thumbnail":false,"woocommerce_single":false,"woocommerce_gallery_thumbnail":false},"uagb_author_info":{"display_name":"admin","author_link":"https:\/\/santamonica.lv\/pl\/author\/admin\/"},"uagb_comment_info":0,"uagb_excerpt":"Badanie mikrobiomu Klinika w Santa Monica oferuje badanie mikrobiomu Mikrobiom cz\u0142owieka to wszystkie mikroskopijne istoty \u017cywe (bakterie, pierwotniaki, wirusy, mikroskopijne grzyby), kt\u00f3re zamieszkuj\u0105 nasz organizm zar\u00f3wno wewn\u0119trznie \u2013 w przewodzie pokarmowym, drogach moczowych, jamie ustnej, narz\u0105dach p\u0142ciowych, jak i zewn\u0119trznie \u2013 na sk\u00f3rze. Mikroorganizmy oddzia\u0142uj\u0105 ze sob\u0105 i ca\u0142ym organizmem ludzkim jako ca\u0142o\u015bci\u0105. Ich po\u0142\u0105czenie...","_links":{"self":[{"href":"https:\/\/santamonica.lv\/pl\/wp-json\/wp\/v2\/pages\/2474","targetHints":{"allow":["GET"]}}],"collection":[{"href":"https:\/\/santamonica.lv\/pl\/wp-json\/wp\/v2\/pages"}],"about":[{"href":"https:\/\/santamonica.lv\/pl\/wp-json\/wp\/v2\/types\/page"}],"author":[{"embeddable":true,"href":"https:\/\/santamonica.lv\/pl\/wp-json\/wp\/v2\/users\/1"}],"replies":[{"embeddable":true,"href":"https:\/\/santamonica.lv\/pl\/wp-json\/wp\/v2\/comments?post=2474"}],"version-history":[{"count":2,"href":"https:\/\/santamonica.lv\/pl\/wp-json\/wp\/v2\/pages\/2474\/revisions"}],"predecessor-version":[{"id":2675,"href":"https:\/\/santamonica.lv\/pl\/wp-json\/wp\/v2\/pages\/2474\/revisions\/2675"}],"wp:attachment":[{"href":"https:\/\/santamonica.lv\/pl\/wp-json\/wp\/v2\/media?parent=2474"}],"curies":[{"name":"wp","href":"https:\/\/api.w.org\/{rel}","templated":true}]}}