{"id":2476,"date":"2023-09-30T17:06:09","date_gmt":"2023-09-30T14:06:09","guid":{"rendered":"https:\/\/santamonica.lv\/o-nas\/"},"modified":"2025-04-10T18:13:20","modified_gmt":"2025-04-10T15:13:20","slug":"o-nas","status":"publish","type":"page","link":"https:\/\/santamonica.lv\/pl\/o-nas\/","title":{"rendered":"O nas"},"content":{"rendered":"\n<div class=\"wp-block-columns is-layout-flex wp-container-core-columns-is-layout-9d6595d7 wp-block-columns-is-layout-flex\">\n<div class=\"wp-block-column is-vertically-aligned-top is-layout-flow wp-block-column-is-layout-flow\">\n<p>Santa Monica zosta\u0142a za\u0142o\u017cona w Kamieniu Pomorskim w Polsce w 1989 roku. Za\u0142o\u017cycielami byli dr Donsbach z San Diego, profesor Lindahl ze Szpitala Uniwersyteckiego w Link\u00f6ping oraz pa\u0144stwo polskie.<\/p>\n\n\n\n<p>Inicjatorami powstania takiej kliniki byli Per Rabe i G\u00f6ran Asp. Obydwoje byli zwi\u0105zani z firm\u0105 Hela Pharma AB, jednym z wiod\u0105cych producent\u00f3w suplement\u00f3w diety w Szwecji. dr. Donsbach by\u0142 jednym z czo\u0142owych lekarzy zajmuj\u0105cych si\u0119 medycyn\u0105 holistyczn\u0105 w Stanach Zjednoczonych. Profesor Lindahl by\u0142 czo\u0142ow\u0105 postaci\u0105 medycyny integracyjnej w Szwecji. Santa Monica \u015bci\u015ble wsp\u00f3\u0142pracowa\u0142a z profesorem Bj\u00f6rnem Nordenstr\u00f6mem ze Szpitala Karolinska w Sztokholmie. Profesor Nordenstr\u00f6m wynalaz\u0142 metod\u0119 leczenia nowotwor\u00f3w metod\u0105 elektrochemiczn\u0105 (ECT), kt\u00f3ra jest obecnie szeroko stosowana na ca\u0142ym \u015bwiecie. W 2007 roku Santa Monica przenios\u0142a si\u0119 do Falk\u00f6ping w Szwecji. Santa Monica \u015bci\u015ble wsp\u00f3\u0142pracuje z profesorem \u00d6kermanem i dr Henningiem Saupim oraz innymi wiod\u0105cymi ekspertami w tej dziedzinie w ca\u0142ej Europie. Profesor \u00d6kerman jest czo\u0142ow\u0105 postaci\u0105 medycyny integracyjnej w Szwecji.<\/p>\n\n\n\n<p>Doktor Henning Saupe jest w\u0142a\u015bcicielem kliniki Arcadia i jedn\u0105 z czo\u0142owych postaci zintegrowanego leczenia nowotwor\u00f3w w Europie. Henning Saupe jest partnerem w Santa Monica, kt\u00f3ry z wielkim sukcesem prowadzi swoj\u0105 klinik\u0119 w Niemczech.<\/p>\n\n\n\n<p>21 lutego 2023 roku z inicjatywy G\u00f6ran Asp klinika w Santa Monica zosta\u0142a przeniesiona do bardzo pi\u0119knego i cichego miejsca na p\u00f3\u0142nocy \u0141otwy, Nauk\u0161\u0113ni.<\/p>\n\n\n\n<p>W oparciu o udokumentowane do\u015bwiadczenie i wsp\u00f3\u0142czesne odkrycia naukowe opracowali\u015bmy programy lecznicze, kt\u00f3rych celem jest pobudzenie i przywr\u00f3cenie zdolno\u015bci samoleczenia organizmu.<\/p>\n\n\n\n<p>Stosujemy metody medycyny integracyjnej, bior\u0105c przyk\u0142ad z wiod\u0105cych klinik w Europie.<\/p>\n<\/div>\n\n\n\n<div class=\"wp-block-column is-layout-flow wp-block-column-is-layout-flow\">\n<figure class=\"wp-block-embed is-type-video is-provider-youtube wp-block-embed-youtube wp-embed-aspect-16-9 wp-has-aspect-ratio\"><div class=\"wp-block-embed__wrapper\">\n<iframe loading=\"lazy\" title=\"Private clinic &quot;Santa Monica&quot; - cancer treatment with innovative methods  in Latvia\" width=\"720\" height=\"405\" src=\"https:\/\/www.youtube.com\/embed\/tsvxjmlYRfc?feature=oembed\" frameborder=\"0\" allow=\"accelerometer; autoplay; clipboard-write; encrypted-media; gyroscope; picture-in-picture; web-share\" referrerpolicy=\"strict-origin-when-cross-origin\" allowfullscreen><\/iframe>\n<\/div><figcaption class=\"wp-element-caption\">ReTV si\u017eets par priv\u0101tkl\u012bniku &#8222;Santa Monica&#8221; &#8211; v\u0113\u017ea \u0101rst\u0113\u0161ana ar integrat\u012bv\u0101m sist\u0113m\u0101m un metod\u0113m<\/figcaption><\/figure>\n\n\n\n<figure class=\"wp-block-embed is-type-video is-provider-youtube wp-block-embed-youtube wp-embed-aspect-16-9 wp-has-aspect-ratio\"><div class=\"wp-block-embed__wrapper\">\n<iframe loading=\"lazy\" title=\"Santa Monica kl\u012bnika\" width=\"720\" height=\"405\" src=\"https:\/\/www.youtube.com\/embed\/Lfc0OyD0Wh8?feature=oembed\" frameborder=\"0\" allow=\"accelerometer; autoplay; clipboard-write; encrypted-media; gyroscope; picture-in-picture; web-share\" referrerpolicy=\"strict-origin-when-cross-origin\" allowfullscreen><\/iframe>\n<\/div><\/figure>\n\n\n\n<figure class=\"wp-block-embed is-type-video is-provider-youtube wp-block-embed-youtube wp-embed-aspect-16-9 wp-has-aspect-ratio\"><div class=\"wp-block-embed__wrapper\">\n<iframe loading=\"lazy\" title=\"Kl\u012bnika &quot;Santa Monica&quot; - Nauk\u0161\u0113nu mui\u017ea un parks\" width=\"720\" height=\"405\" src=\"https:\/\/www.youtube.com\/embed\/gxEV2-SRNXY?feature=oembed\" frameborder=\"0\" allow=\"accelerometer; autoplay; clipboard-write; encrypted-media; gyroscope; picture-in-picture; web-share\" referrerpolicy=\"strict-origin-when-cross-origin\" allowfullscreen><\/iframe>\n<\/div><\/figure>\n<\/div>\n<\/div>\n","protected":false},"excerpt":{"rendered":"<p>Santa Monica zosta\u0142a za\u0142o\u017cona w Kamieniu Pomorskim w Polsce w 1989 roku. Za\u0142o\u017cycielami byli dr Donsbach z San Diego, profesor Lindahl ze Szpitala Uniwersyteckiego w Link\u00f6ping oraz pa\u0144stwo polskie. Inicjatorami powstania takiej kliniki byli Per Rabe i G\u00f6ran Asp. Obydwoje byli zwi\u0105zani z firm\u0105 Hela Pharma AB, jednym z wiod\u0105cych producent\u00f3w suplement\u00f3w diety w Szwecji&#8230;.<\/p>\n","protected":false},"author":1,"featured_media":0,"parent":0,"menu_order":0,"comment_status":"closed","ping_status":"closed","template":"","meta":{"_acf_changed":false,"_uag_custom_page_level_css":"","_kadence_starter_templates_imported_post":false,"_kad_post_transparent":"","_kad_post_title":"default","_kad_post_layout":"default","_kad_post_sidebar_id":"","_kad_post_content_style":"default","_kad_post_vertical_padding":"default","_kad_post_feature":"default","_kad_post_feature_position":"","_kad_post_header":false,"_kad_post_footer":false,"footnotes":""},"class_list":["post-2476","page","type-page","status-publish","hentry"],"acf":[],"yoast_head":"<!-- This site is optimized with the Yoast SEO plugin v26.4 - https:\/\/yoast.com\/wordpress\/plugins\/seo\/ -->\n<title>O nas - Santa Monica<\/title>\n<meta name=\"robots\" content=\"index, follow, max-snippet:-1, max-image-preview:large, max-video-preview:-1\" \/>\n<link rel=\"canonical\" href=\"https:\/\/santamonica.lv\/pl\/o-nas\/\" \/>\n<meta property=\"og:locale\" content=\"pl_PL\" \/>\n<meta property=\"og:type\" content=\"article\" \/>\n<meta property=\"og:title\" content=\"O nas - Santa Monica\" \/>\n<meta property=\"og:description\" content=\"Santa Monica zosta\u0142a za\u0142o\u017cona w Kamieniu Pomorskim w Polsce w 1989 roku. Za\u0142o\u017cycielami byli dr Donsbach z San Diego, profesor Lindahl ze Szpitala Uniwersyteckiego w Link\u00f6ping oraz pa\u0144stwo polskie. Inicjatorami powstania takiej kliniki byli Per Rabe i G\u00f6ran Asp. Obydwoje byli zwi\u0105zani z firm\u0105 Hela Pharma AB, jednym z wiod\u0105cych producent\u00f3w suplement\u00f3w diety w Szwecji....\" \/>\n<meta property=\"og:url\" content=\"https:\/\/santamonica.lv\/pl\/o-nas\/\" \/>\n<meta property=\"og:site_name\" content=\"Santa Monica\" \/>\n<meta property=\"article:publisher\" content=\"https:\/\/www.facebook.com\/klinikasantamonica\" \/>\n<meta property=\"article:modified_time\" content=\"2025-04-10T15:13:20+00:00\" \/>\n<meta name=\"twitter:card\" content=\"summary_large_image\" \/>\n<meta name=\"twitter:label1\" content=\"Est. reading time\" \/>\n\t<meta name=\"twitter:data1\" content=\"2 minuty\" \/>\n<script type=\"application\/ld+json\" class=\"yoast-schema-graph\">{\"@context\":\"https:\/\/schema.org\",\"@graph\":[{\"@type\":\"WebPage\",\"@id\":\"https:\/\/santamonica.lv\/pl\/o-nas\/\",\"url\":\"https:\/\/santamonica.lv\/pl\/o-nas\/\",\"name\":\"O nas - Santa Monica\",\"isPartOf\":{\"@id\":\"https:\/\/santamonica.lv\/pl\/#website\"},\"datePublished\":\"2023-09-30T14:06:09+00:00\",\"dateModified\":\"2025-04-10T15:13:20+00:00\",\"breadcrumb\":{\"@id\":\"https:\/\/santamonica.lv\/pl\/o-nas\/#breadcrumb\"},\"inLanguage\":\"pl-PL\",\"potentialAction\":[{\"@type\":\"ReadAction\",\"target\":[\"https:\/\/santamonica.lv\/pl\/o-nas\/\"]}]},{\"@type\":\"BreadcrumbList\",\"@id\":\"https:\/\/santamonica.lv\/pl\/o-nas\/#breadcrumb\",\"itemListElement\":[{\"@type\":\"ListItem\",\"position\":1,\"name\":\"Home\",\"item\":\"https:\/\/santamonica.lv\/pl\/poczatek\/\"},{\"@type\":\"ListItem\",\"position\":2,\"name\":\"O nas\"}]},{\"@type\":\"WebSite\",\"@id\":\"https:\/\/santamonica.lv\/pl\/#website\",\"url\":\"https:\/\/santamonica.lv\/pl\/\",\"name\":\"Santa Monica\",\"description\":\"\",\"potentialAction\":[{\"@type\":\"SearchAction\",\"target\":{\"@type\":\"EntryPoint\",\"urlTemplate\":\"https:\/\/santamonica.lv\/pl\/?s={search_term_string}\"},\"query-input\":{\"@type\":\"PropertyValueSpecification\",\"valueRequired\":true,\"valueName\":\"search_term_string\"}}],\"inLanguage\":\"pl-PL\"}]}<\/script>\n<!-- \/ Yoast SEO plugin. -->","yoast_head_json":{"title":"O nas - Santa Monica","robots":{"index":"index","follow":"follow","max-snippet":"max-snippet:-1","max-image-preview":"max-image-preview:large","max-video-preview":"max-video-preview:-1"},"canonical":"https:\/\/santamonica.lv\/pl\/o-nas\/","og_locale":"pl_PL","og_type":"article","og_title":"O nas - Santa Monica","og_description":"Santa Monica zosta\u0142a za\u0142o\u017cona w Kamieniu Pomorskim w Polsce w 1989 roku. Za\u0142o\u017cycielami byli dr Donsbach z San Diego, profesor Lindahl ze Szpitala Uniwersyteckiego w Link\u00f6ping oraz pa\u0144stwo polskie. Inicjatorami powstania takiej kliniki byli Per Rabe i G\u00f6ran Asp. Obydwoje byli zwi\u0105zani z firm\u0105 Hela Pharma AB, jednym z wiod\u0105cych producent\u00f3w suplement\u00f3w diety w Szwecji....","og_url":"https:\/\/santamonica.lv\/pl\/o-nas\/","og_site_name":"Santa Monica","article_publisher":"https:\/\/www.facebook.com\/klinikasantamonica","article_modified_time":"2025-04-10T15:13:20+00:00","twitter_card":"summary_large_image","twitter_misc":{"Est. reading time":"2 minuty"},"schema":{"@context":"https:\/\/schema.org","@graph":[{"@type":"WebPage","@id":"https:\/\/santamonica.lv\/pl\/o-nas\/","url":"https:\/\/santamonica.lv\/pl\/o-nas\/","name":"O nas - Santa Monica","isPartOf":{"@id":"https:\/\/santamonica.lv\/pl\/#website"},"datePublished":"2023-09-30T14:06:09+00:00","dateModified":"2025-04-10T15:13:20+00:00","breadcrumb":{"@id":"https:\/\/santamonica.lv\/pl\/o-nas\/#breadcrumb"},"inLanguage":"pl-PL","potentialAction":[{"@type":"ReadAction","target":["https:\/\/santamonica.lv\/pl\/o-nas\/"]}]},{"@type":"BreadcrumbList","@id":"https:\/\/santamonica.lv\/pl\/o-nas\/#breadcrumb","itemListElement":[{"@type":"ListItem","position":1,"name":"Home","item":"https:\/\/santamonica.lv\/pl\/poczatek\/"},{"@type":"ListItem","position":2,"name":"O nas"}]},{"@type":"WebSite","@id":"https:\/\/santamonica.lv\/pl\/#website","url":"https:\/\/santamonica.lv\/pl\/","name":"Santa Monica","description":"","potentialAction":[{"@type":"SearchAction","target":{"@type":"EntryPoint","urlTemplate":"https:\/\/santamonica.lv\/pl\/?s={search_term_string}"},"query-input":{"@type":"PropertyValueSpecification","valueRequired":true,"valueName":"search_term_string"}}],"inLanguage":"pl-PL"}]}},"uagb_featured_image_src":{"full":false,"thumbnail":false,"medium":false,"medium_large":false,"large":false,"1536x1536":false,"2048x2048":false,"woocommerce_thumbnail":false,"woocommerce_single":false,"woocommerce_gallery_thumbnail":false},"uagb_author_info":{"display_name":"admin","author_link":"https:\/\/santamonica.lv\/pl\/author\/admin\/"},"uagb_comment_info":0,"uagb_excerpt":"Santa Monica zosta\u0142a za\u0142o\u017cona w Kamieniu Pomorskim w Polsce w 1989 roku. Za\u0142o\u017cycielami byli dr Donsbach z San Diego, profesor Lindahl ze Szpitala Uniwersyteckiego w Link\u00f6ping oraz pa\u0144stwo polskie. Inicjatorami powstania takiej kliniki byli Per Rabe i G\u00f6ran Asp. Obydwoje byli zwi\u0105zani z firm\u0105 Hela Pharma AB, jednym z wiod\u0105cych producent\u00f3w suplement\u00f3w diety w Szwecji....","_links":{"self":[{"href":"https:\/\/santamonica.lv\/pl\/wp-json\/wp\/v2\/pages\/2476","targetHints":{"allow":["GET"]}}],"collection":[{"href":"https:\/\/santamonica.lv\/pl\/wp-json\/wp\/v2\/pages"}],"about":[{"href":"https:\/\/santamonica.lv\/pl\/wp-json\/wp\/v2\/types\/page"}],"author":[{"embeddable":true,"href":"https:\/\/santamonica.lv\/pl\/wp-json\/wp\/v2\/users\/1"}],"replies":[{"embeddable":true,"href":"https:\/\/santamonica.lv\/pl\/wp-json\/wp\/v2\/comments?post=2476"}],"version-history":[{"count":8,"href":"https:\/\/santamonica.lv\/pl\/wp-json\/wp\/v2\/pages\/2476\/revisions"}],"predecessor-version":[{"id":4280,"href":"https:\/\/santamonica.lv\/pl\/wp-json\/wp\/v2\/pages\/2476\/revisions\/4280"}],"wp:attachment":[{"href":"https:\/\/santamonica.lv\/pl\/wp-json\/wp\/v2\/media?parent=2476"}],"curies":[{"name":"wp","href":"https:\/\/api.w.org\/{rel}","templated":true}]}}