{"id":2514,"date":"2023-07-31T16:57:10","date_gmt":"2023-07-31T13:57:10","guid":{"rendered":"https:\/\/santamonica.lv\/?page_id=2514"},"modified":"2024-12-29T19:00:39","modified_gmt":"2024-12-29T17:00:39","slug":"polityka-prywatnosci","status":"publish","type":"page","link":"https:\/\/santamonica.lv\/pl\/polityka-prywatnosci\/","title":{"rendered":"Polityka prywatno\u015bci"},"content":{"rendered":"\r\n\r\nTwoja prywatno\u015b\u0107 i ochrona danych jest dla Ltd \u201eSanta Monica\u201d bardzo wa\u017cna. W celu zapewnienia zgodnego z prawem, rzetelnego i przejrzystego przetwarzania danych osobowych, poni\u017cej zamieszczamy informacj\u0119 dotycz\u0105c\u0105 przetwarzania danych osobowych przez SIA \u201eSanta Monica\u201d. Nale\u017cy pami\u0119ta\u0107, \u017ce podane informacje nie s\u0105 wyczerpuj\u0105ce i mog\u0105 zosta\u0107 zmienione, doprecyzowane i uzupe\u0142nione.\r\n\r\n\r\n\r\n\r\n<div class=\"wp-block-columns has-theme-palette-8-background-color has-background is-layout-flex wp-container-core-columns-is-layout-a180a1d0 wp-block-columns-is-layout-flex\" style=\"padding: var(--wp--preset--spacing--60);\">\r\n<div class=\"wp-block-column is-layout-flow wp-block-column-is-layout-flow\">\r\n<h2 class=\"wp-block-heading\" style=\"font-size: 25px;\">Administrator danych:<\/h2>\r\n\r\n\r\n\r\n<p style=\"font-size: 16px;\"><strong>Ltd \u201cSanta Monica\u201d<\/strong>\r\n<strong>Nr rejestracyjny:<\/strong> 40203463875\r\n<strong>Adres:<\/strong> Nauk\u0161\u0113nu mui\u017ea, Nauk\u0161\u0113ni, Nauk\u0161\u0113nu pag.,\r\nValmieras nov., LV-4244\r\n<strong>Telefon<\/strong>: <a href=\"tel:+37127337768\">+371 27337768<\/a>\r\n<strong>E-mail:<\/strong>\u00a0<a href=\"mailto:info@santamonica.lv\">info@santamonica.lv<\/a><\/p>\r\n\r\n\r\n<\/div>\r\n\r\n\r\n\r\n<div class=\"wp-block-column is-layout-flow wp-block-column-is-layout-flow\">\r\n<p style=\"font-size: 14px;\">Dane kontaktowe ltd \u201eSanta Monica\u201d w sprawach zwi\u0105zanych z przetwarzaniem danych osobowych to: info@santamonica.lv. Korzystaj\u0105c z tych danych kontaktowych, mo\u017cesz zadawa\u0107 pytania dotycz\u0105ce przetwarzania danych osobowych.<\/p>\r\n\r\n\r\n\r\n<p style=\"font-size: 14px;\">Ltd \u201eSanta Monica\u201d dba o prywatno\u015b\u0107 Klient\u00f3w i ochron\u0119 danych osobowych, szanuj\u0105c prawo Klienta do legalno\u015bci przetwarzania danych osobowych zgodnie z obowi\u0105zuj\u0105cymi przepisami \u2013 Rozporz\u0105dzenie Parlamentu Europejskiego i Rady 2016\/679 z dnia 27 kwietnia 2016 r. ochrony os\u00f3b fizycznych w zwi\u0105zku z przetwarzaniem danych osobowych i swobodnym przep\u0142ywem takich danych (Rozporz\u0105dzenie) oraz innymi obowi\u0105zuj\u0105cymi przepisami prawa w zakresie prywatno\u015bci i przetwarzania danych.<\/p>\r\n\r\n\r\n<\/div>\r\n\r\n\r\n<\/div>\r\n\r\n\r\n\r\n\r\nLtd \u201eSanta Monica\u201d przetwarza dane osobowe Klienta, zgodnie z zgod\u0105 Klienta \u2013 osoby, kt\u00f3rej dane dotycz\u0105.\r\n\r\n\r\n\r\n\r\n\r\nWszyscy odwiedzaj\u0105cy stron\u0119 internetow\u0105 <strong>santamonica.lv<\/strong> mog\u0105 skontaktowa\u0107 si\u0119 z Ltd \u201eSanta Monica\u201d za pomoc\u0105 formularza kontaktowego znajduj\u0105cego si\u0119 w dziale \u201eKontakt\u201d lub za pomoc\u0105 kwestionariusza \u201eUbiegaj si\u0119 o wizyt\u0119\u201d. Przes\u0142ane informacje zbierane s\u0105 przez pracownik\u00f3w Ltd \u201eSanta Monica\u201d w celu udzielenia odpowiedzi na otrzyman\u0105 wiadomo\u015b\u0107. Dok\u0142adna lista zbieranych danych dost\u0119pna jest poni\u017cej. Dane przetwarzane s\u0105 zgodnie z RODO. Ponadto, przed wys\u0142aniem wiadomo\u015bci lub ankiety osoba odwiedzaj\u0105ca witryn\u0119 musi zapozna\u0107 si\u0119 z Polityk\u0105 Prywatno\u015bci i zaznaczy\u0107, \u017ce wyra\u017ca zgod\u0119 na dalsze przetwarzanie danych. Osoba odwiedzaj\u0105ca witryn\u0119 ma mo\u017cliwo\u015b\u0107 w ka\u017cdej chwili cofn\u0105\u0107 zgod\u0119 na blokad\u0119 danych.\r\n\r\n\r\n\r\n\r\n\r\nLtd \u201eSanta Monica\u201d przechowuje dane podane w formularzach kontaktowych serwisu do czasu, a\u017c osoba odwiedzaj\u0105ca serwis za\u017c\u0105da ich usuni\u0119cia, cofnie zgod\u0119 na ich przechowywanie lub zostanie osi\u0105gni\u0119ty cel ich przechowywania (np. zostanie udzielona odpowied\u017a na \u017c\u0105danie) . Niniejsze postanowienie nie ma wp\u0142ywu na bezwzgl\u0119dnie obowi\u0105zuj\u0105ce przepisy prawa, w szczeg\u00f3lno\u015bci dotycz\u0105ce obowi\u0105zkowych okres\u00f3w przechowywania danych.\r\n\r\n\r\n\r\n\r\n<p class=\"has-medium-font-size\"><strong> Z formularzy kontaktowych i formularzy zg\u0142oszeniowych strony internetowej Ltd\u201eSanta Monica\u201d pobierane s\u0105 nast\u0119puj\u0105ce informacje:<\/strong><\/p>\r\n\r\n\r\n\r\n\r\nAnkieta <strong>\u201eZ\u0142\u00f3\u017c wniosek o wizyt\u0119\u201d<\/strong> \u2013 gromadzone s\u0105 informacje: imi\u0119, nazwisko, numer telefonu, rodzaj wybranej us\u0142ugi, preferowany termin wizyty oraz uwagi.\r\n\r\n\r\n\r\n\r\n\r\nLtd \u201eSanta Monica\u201d chroni dane klient\u00f3w wykorzystuj\u0105c nowoczesne mo\u017cliwo\u015bci technologiczne, uwzgl\u0119dniaj\u0105c istniej\u0105ce zagro\u017cenia prywatno\u015bci, Ltd \u201eSanta Monica\u201d wykorzystuje w miar\u0119 dost\u0119pne zasoby organizacyjne, finansowe i techniczne w celu zapewnienia bezpiecze\u0144stwa, w tym stosuje szyfrowanie danych przy przesy\u0142aniu danych (szyfrowanie SSL).\r\n\r\n\r\n\r\n\r\n<p class=\"has-medium-font-size\"><strong>Klient mo\u017ce uzyska\u0107 informacje o swoich danych osobowych, kt\u00f3rymi dysponujemy lub skorzysta\u0107 z pozosta\u0142ych praw przys\u0142uguj\u0105cych mu jako osobie, kt\u00f3rej dane dotycz\u0105, w nast\u0119puj\u0105cy spos\u00f3b:<\/strong><\/p>\r\n\r\n\r\n\r\n<ul class=\"wp-block-list\">\r\n \t<li style=\"list-style-type: none;\">\r\n<ul>\r\n \t<li><strong>sk\u0142adaj\u0105c wniosek osobi\u015bcie<\/strong> Ltd \u201cSanta Monica\u201d kl\u012bnik\u0101 (<a href=\"https:\/\/maps.app.goo.gl\/EDYPGnfz9hveaEcB7\" target=\"_blank\" rel=\"noreferrer noopener\">Nauk\u0161\u0113nu mui\u017ea, Nauk\u0161\u0113ni, Nauk\u0161\u0113nu pag.,\r\nValmieras nov., LV-4244<\/a>), w ka\u017cdy dzie\u0144 roboczy w okresie o godz 9:00 \u2013 17:00;<\/li>\r\n<\/ul>\r\n<\/li>\r\n<\/ul>\r\n\r\n\r\n\r\n<ul>\r\n \t<li style=\"list-style-type: none;\">\r\n<ul>\r\n \t<li><a href=\"mailto:info@santamonica.lv\"><strong>z\u0142o\u017cenie wniosku w formie elektronicznej<\/strong> poprzez przes\u0142anie go na adres poczty elektronicznej info@santamonica.lv<\/a>.<\/li>\r\n<\/ul>\r\n<\/li>\r\n<\/ul>\r\n\r\n\r\n\r\n\r\n\r\n\r\nPo otrzymaniu zg\u0142oszenia Klienta Ltd \u201eSanta Monica\u201d dokona oceny jego tre\u015bci oraz mo\u017cliwo\u015bci identyfikacji Klienta i w razie potrzeby poprosi Klienta o przes\u0142anie dodatkowych informacji, aby w miar\u0119 mo\u017cliwo\u015bci mie\u0107 pewno\u015b\u0107, \u017ce dane zostan\u0105 przes\u0142ane do odpowiednich danych podmiotu i zmniejszy\u0107 ryzyko nadu\u017cycia danych klienta.\r\n\r\n\r\n\r\n\r\n\r\nLtd \u201eSanta Monica\u201d komunikuje si\u0119 z Klientem korzystaj\u0105c z danych kontaktowych podanych przez Klienta (numer telefonu, adres e-mail, adres pocztowy itp.) w formularzach kontaktowych znajduj\u0105cych si\u0119 na stronie internetowej, za po\u015brednictwem poczty elektronicznej, telefonu lub w inny spos\u00f3b.\r\n<div class=\"wp-block-columns has-theme-palette-8-background-color has-background\" style=\"padding: var(--wp--preset--spacing--60);\">\r\n<div class=\"wp-block-column\">\r\n\r\n\r\n\r\n\r\n\r\nStrona Ltd \u201eSanta Monica\u201d https:\/\/santamonica.lv wykorzystuje pliki cookies (w j\u0119zyku angielskim &#8222;cookies&#8221;).\r\n\r\n\r\n\r\n\r\n<h3 class=\"wp-block-heading\"><strong>Co to jest plik cookie?<\/strong><\/h3>\r\n\r\n\r\n\r\n\r\nPlik cookie to ma\u0142y plik tekstowy wysy\u0142any do Twojego komputera lub urz\u0105dzenia mobilnego, gdy odwiedzasz witryn\u0119 internetow\u0105 i kt\u00f3ry witryna internetowa przechowuje na Twoim komputerze lub urz\u0105dzeniu mobilnym, gdy uzyskujesz dost\u0119p do witryny. Przy ka\u017cdej kolejnej wizycie pliki cookie s\u0105 wysy\u0142ane z powrotem do witryny internetowej, z kt\u00f3rej pochodz\u0105, lub do innej witryny internetowej, kt\u00f3ra rozpoznaje plik cookie. Pliki cookies pe\u0142ni\u0105 funkcj\u0119 pami\u0119ci dla konkretnej witryny internetowej, dzi\u0119ki czemu ta strona mo\u017ce zapami\u0119ta\u0107 Tw\u00f3j komputer przy kolejnych wizytach, w tym pliki cookies mog\u0105 zapami\u0119ta\u0107 Twoje ustawienia lub poprawi\u0107 komfort u\u017cytkowania. Dodatkowe informacje na temat plik\u00f3w cookie, a tak\u017ce sposobu zarz\u0105dzania nimi i ich usuwania mo\u017cna uzyska\u0107 na stronie internetowej www.aboutcookies.org.\r\n\r\n\r\n\r\n\r\n<h3 class=\"wp-block-heading\"><strong>Jak u\u017cywamy plik\u00f3w cookie?<\/strong><\/h3>\r\n\r\n\r\n\r\n\r\nNa stronie internetowej Santa Monica Ltd <strong>santamonica.lv<\/strong> stosowane s\u0105 nast\u0119puj\u0105ce pliki cookie:\r\n\r\n\r\n\r\n\r\n<ul class=\"wp-block-list\">\r\n \t<li style=\"list-style-type: none;\">\r\n<ul>\r\n \t<li><strong>Google Analytics<\/strong> &#8211; Na stronie internetowej Ltd \u201eSanta Monica\u201d znajduj\u0105 si\u0119 pliki cookies utworzone przez program \u201eGoogle Analytics\u201d stworzony przez \u201eGoogle Inc\u201d. Celem stosowania plik\u00f3w cookies \u201eGoogle Analytics\u201d jest poprawa jako\u015bci zawarto\u015bci strony internetowej SIA \u201eSanta Monica\u201d oraz dostosowanie jej zawarto\u015bci do potrzeb u\u017cytkownik\u00f3w. Wi\u0119cej informacji na temat Warunk\u00f3w korzystania z us\u0142ugi Google Analytics mo\u017cna znale\u017a\u0107 pod adresem http:\/\/www.google.com\/analytics\/terms\/us.html. Szczeg\u00f3\u0142owy opis tych plik\u00f3w cookie mo\u017cna przeczyta\u0107 tutaj: https:\/\/developers.google.com\/analytics\/devguides\/collection\/analyticsjs\/cookie-usage. Je\u015bli chcesz, aby SIA \u201eSanta Monica\u201d nie otrzymywa\u0142a informacji o Twojej aktywno\u015bci na stronie internetowej SIA \u201eSanta Monica\u201d, wystarczy, \u017ce odm\u00f3wisz u\u017cywania plik\u00f3w cookies na naszej stronie.<\/li>\r\n<\/ul>\r\n<\/li>\r\n<\/ul>\r\n\r\n\r\n\r\n\r\n<\/div>\r\n<!-- \/wp:post-content -->\r\n\r\n<\/div>\r\n<!-- \/wp:columns -->\r\n\r\n<!-- wp:paragraph -->\r\n\r\n<!-- \/wp:paragraph -->","protected":false},"excerpt":{"rendered":"<p>Twoja prywatno\u015b\u0107 i ochrona danych jest dla Ltd \u201eSanta Monica\u201d bardzo wa\u017cna. W celu zapewnienia zgodnego z prawem, rzetelnego i przejrzystego przetwarzania danych osobowych, poni\u017cej zamieszczamy informacj\u0119 dotycz\u0105c\u0105 przetwarzania danych osobowych przez SIA \u201eSanta Monica\u201d. Nale\u017cy pami\u0119ta\u0107, \u017ce podane informacje nie s\u0105 wyczerpuj\u0105ce i mog\u0105 zosta\u0107 zmienione, doprecyzowane i uzupe\u0142nione. Administrator danych: Ltd \u201cSanta Monica\u201d&#8230;<\/p>\n","protected":false},"author":1,"featured_media":0,"parent":0,"menu_order":0,"comment_status":"closed","ping_status":"open","template":"","meta":{"_acf_changed":false,"_uag_custom_page_level_css":"","_kadence_starter_templates_imported_post":false,"_kad_post_transparent":"default","_kad_post_title":"default","_kad_post_layout":"default","_kad_post_sidebar_id":"","_kad_post_content_style":"unboxed","_kad_post_vertical_padding":"default","_kad_post_feature":"","_kad_post_feature_position":"","_kad_post_header":false,"_kad_post_footer":false,"footnotes":""},"class_list":["post-2514","page","type-page","status-publish","hentry"],"acf":[],"yoast_head":"<!-- This site is optimized with the Yoast SEO plugin v26.4 - https:\/\/yoast.com\/wordpress\/plugins\/seo\/ -->\n<title>Polityka prywatno\u015bci - Santa Monica<\/title>\n<meta name=\"robots\" content=\"index, follow, max-snippet:-1, max-image-preview:large, max-video-preview:-1\" \/>\n<link rel=\"canonical\" href=\"https:\/\/santamonica.lv\/pl\/polityka-prywatnosci\/\" \/>\n<meta property=\"og:locale\" content=\"pl_PL\" \/>\n<meta property=\"og:type\" content=\"article\" \/>\n<meta property=\"og:title\" content=\"Polityka prywatno\u015bci - Santa Monica\" \/>\n<meta property=\"og:description\" content=\"Twoja prywatno\u015b\u0107 i ochrona danych jest dla Ltd \u201eSanta Monica\u201d bardzo wa\u017cna. W celu zapewnienia zgodnego z prawem, rzetelnego i przejrzystego przetwarzania danych osobowych, poni\u017cej zamieszczamy informacj\u0119 dotycz\u0105c\u0105 przetwarzania danych osobowych przez SIA \u201eSanta Monica\u201d. Nale\u017cy pami\u0119ta\u0107, \u017ce podane informacje nie s\u0105 wyczerpuj\u0105ce i mog\u0105 zosta\u0107 zmienione, doprecyzowane i uzupe\u0142nione. Administrator danych: Ltd \u201cSanta Monica\u201d...\" \/>\n<meta property=\"og:url\" content=\"https:\/\/santamonica.lv\/pl\/polityka-prywatnosci\/\" \/>\n<meta property=\"og:site_name\" content=\"Santa Monica\" \/>\n<meta property=\"article:publisher\" content=\"https:\/\/www.facebook.com\/klinikasantamonica\" \/>\n<meta property=\"article:modified_time\" content=\"2024-12-29T17:00:39+00:00\" \/>\n<meta name=\"twitter:card\" content=\"summary_large_image\" \/>\n<meta name=\"twitter:label1\" content=\"Est. reading time\" \/>\n\t<meta name=\"twitter:data1\" content=\"5 minut\" \/>\n<script type=\"application\/ld+json\" class=\"yoast-schema-graph\">{\"@context\":\"https:\/\/schema.org\",\"@graph\":[{\"@type\":\"WebPage\",\"@id\":\"https:\/\/santamonica.lv\/pl\/polityka-prywatnosci\/\",\"url\":\"https:\/\/santamonica.lv\/pl\/polityka-prywatnosci\/\",\"name\":\"Polityka prywatno\u015bci - Santa Monica\",\"isPartOf\":{\"@id\":\"https:\/\/santamonica.lv\/pl\/#website\"},\"datePublished\":\"2023-07-31T13:57:10+00:00\",\"dateModified\":\"2024-12-29T17:00:39+00:00\",\"breadcrumb\":{\"@id\":\"https:\/\/santamonica.lv\/pl\/polityka-prywatnosci\/#breadcrumb\"},\"inLanguage\":\"pl-PL\",\"potentialAction\":[{\"@type\":\"ReadAction\",\"target\":[\"https:\/\/santamonica.lv\/pl\/polityka-prywatnosci\/\"]}]},{\"@type\":\"BreadcrumbList\",\"@id\":\"https:\/\/santamonica.lv\/pl\/polityka-prywatnosci\/#breadcrumb\",\"itemListElement\":[{\"@type\":\"ListItem\",\"position\":1,\"name\":\"Home\",\"item\":\"https:\/\/santamonica.lv\/pl\/poczatek\/\"},{\"@type\":\"ListItem\",\"position\":2,\"name\":\"Polityka prywatno\u015bci\"}]},{\"@type\":\"WebSite\",\"@id\":\"https:\/\/santamonica.lv\/pl\/#website\",\"url\":\"https:\/\/santamonica.lv\/pl\/\",\"name\":\"Santa Monica\",\"description\":\"\",\"potentialAction\":[{\"@type\":\"SearchAction\",\"target\":{\"@type\":\"EntryPoint\",\"urlTemplate\":\"https:\/\/santamonica.lv\/pl\/?s={search_term_string}\"},\"query-input\":{\"@type\":\"PropertyValueSpecification\",\"valueRequired\":true,\"valueName\":\"search_term_string\"}}],\"inLanguage\":\"pl-PL\"}]}<\/script>\n<!-- \/ Yoast SEO plugin. -->","yoast_head_json":{"title":"Polityka prywatno\u015bci - Santa Monica","robots":{"index":"index","follow":"follow","max-snippet":"max-snippet:-1","max-image-preview":"max-image-preview:large","max-video-preview":"max-video-preview:-1"},"canonical":"https:\/\/santamonica.lv\/pl\/polityka-prywatnosci\/","og_locale":"pl_PL","og_type":"article","og_title":"Polityka prywatno\u015bci - Santa Monica","og_description":"Twoja prywatno\u015b\u0107 i ochrona danych jest dla Ltd \u201eSanta Monica\u201d bardzo wa\u017cna. W celu zapewnienia zgodnego z prawem, rzetelnego i przejrzystego przetwarzania danych osobowych, poni\u017cej zamieszczamy informacj\u0119 dotycz\u0105c\u0105 przetwarzania danych osobowych przez SIA \u201eSanta Monica\u201d. Nale\u017cy pami\u0119ta\u0107, \u017ce podane informacje nie s\u0105 wyczerpuj\u0105ce i mog\u0105 zosta\u0107 zmienione, doprecyzowane i uzupe\u0142nione. Administrator danych: Ltd \u201cSanta Monica\u201d...","og_url":"https:\/\/santamonica.lv\/pl\/polityka-prywatnosci\/","og_site_name":"Santa Monica","article_publisher":"https:\/\/www.facebook.com\/klinikasantamonica","article_modified_time":"2024-12-29T17:00:39+00:00","twitter_card":"summary_large_image","twitter_misc":{"Est. reading time":"5 minut"},"schema":{"@context":"https:\/\/schema.org","@graph":[{"@type":"WebPage","@id":"https:\/\/santamonica.lv\/pl\/polityka-prywatnosci\/","url":"https:\/\/santamonica.lv\/pl\/polityka-prywatnosci\/","name":"Polityka prywatno\u015bci - Santa Monica","isPartOf":{"@id":"https:\/\/santamonica.lv\/pl\/#website"},"datePublished":"2023-07-31T13:57:10+00:00","dateModified":"2024-12-29T17:00:39+00:00","breadcrumb":{"@id":"https:\/\/santamonica.lv\/pl\/polityka-prywatnosci\/#breadcrumb"},"inLanguage":"pl-PL","potentialAction":[{"@type":"ReadAction","target":["https:\/\/santamonica.lv\/pl\/polityka-prywatnosci\/"]}]},{"@type":"BreadcrumbList","@id":"https:\/\/santamonica.lv\/pl\/polityka-prywatnosci\/#breadcrumb","itemListElement":[{"@type":"ListItem","position":1,"name":"Home","item":"https:\/\/santamonica.lv\/pl\/poczatek\/"},{"@type":"ListItem","position":2,"name":"Polityka prywatno\u015bci"}]},{"@type":"WebSite","@id":"https:\/\/santamonica.lv\/pl\/#website","url":"https:\/\/santamonica.lv\/pl\/","name":"Santa Monica","description":"","potentialAction":[{"@type":"SearchAction","target":{"@type":"EntryPoint","urlTemplate":"https:\/\/santamonica.lv\/pl\/?s={search_term_string}"},"query-input":{"@type":"PropertyValueSpecification","valueRequired":true,"valueName":"search_term_string"}}],"inLanguage":"pl-PL"}]}},"uagb_featured_image_src":{"full":false,"thumbnail":false,"medium":false,"medium_large":false,"large":false,"1536x1536":false,"2048x2048":false,"woocommerce_thumbnail":false,"woocommerce_single":false,"woocommerce_gallery_thumbnail":false},"uagb_author_info":{"display_name":"admin","author_link":"https:\/\/santamonica.lv\/pl\/author\/admin\/"},"uagb_comment_info":0,"uagb_excerpt":"Twoja prywatno\u015b\u0107 i ochrona danych jest dla Ltd \u201eSanta Monica\u201d bardzo wa\u017cna. W celu zapewnienia zgodnego z prawem, rzetelnego i przejrzystego przetwarzania danych osobowych, poni\u017cej zamieszczamy informacj\u0119 dotycz\u0105c\u0105 przetwarzania danych osobowych przez SIA \u201eSanta Monica\u201d. Nale\u017cy pami\u0119ta\u0107, \u017ce podane informacje nie s\u0105 wyczerpuj\u0105ce i mog\u0105 zosta\u0107 zmienione, doprecyzowane i uzupe\u0142nione. Administrator danych: Ltd \u201cSanta Monica\u201d...","_links":{"self":[{"href":"https:\/\/santamonica.lv\/pl\/wp-json\/wp\/v2\/pages\/2514","targetHints":{"allow":["GET"]}}],"collection":[{"href":"https:\/\/santamonica.lv\/pl\/wp-json\/wp\/v2\/pages"}],"about":[{"href":"https:\/\/santamonica.lv\/pl\/wp-json\/wp\/v2\/types\/page"}],"author":[{"embeddable":true,"href":"https:\/\/santamonica.lv\/pl\/wp-json\/wp\/v2\/users\/1"}],"replies":[{"embeddable":true,"href":"https:\/\/santamonica.lv\/pl\/wp-json\/wp\/v2\/comments?post=2514"}],"version-history":[{"count":3,"href":"https:\/\/santamonica.lv\/pl\/wp-json\/wp\/v2\/pages\/2514\/revisions"}],"predecessor-version":[{"id":2692,"href":"https:\/\/santamonica.lv\/pl\/wp-json\/wp\/v2\/pages\/2514\/revisions\/2692"}],"wp:attachment":[{"href":"https:\/\/santamonica.lv\/pl\/wp-json\/wp\/v2\/media?parent=2514"}],"curies":[{"name":"wp","href":"https:\/\/api.w.org\/{rel}","templated":true}]}}