{"id":2517,"date":"2024-07-09T20:06:10","date_gmt":"2024-07-09T17:06:10","guid":{"rendered":"https:\/\/santamonica.lv\/metale-ciezkie\/"},"modified":"2024-12-29T18:49:49","modified_gmt":"2024-12-29T16:49:49","slug":"metale-ciezkie","status":"publish","type":"page","link":"https:\/\/santamonica.lv\/pl\/metale-ciezkie\/","title":{"rendered":"Metale ci\u0119\u017ckie"},"content":{"rendered":"\n<div style=\"height:90px\" aria-hidden=\"true\" class=\"wp-block-spacer\"><\/div>\n<style>.kb-row-layout-id1939_1f4cb5-0d > .kt-row-column-wrap{align-content:start;}:where(.kb-row-layout-id1939_1f4cb5-0d > .kt-row-column-wrap) > .wp-block-kadence-column{justify-content:start;}.kb-row-layout-id1939_1f4cb5-0d > .kt-row-column-wrap{column-gap:var(--global-kb-gap-md, 2rem);row-gap:var(--global-kb-gap-md, 2rem);max-width:var( --global-content-width, 1290px );padding-left:var(--global-content-edge-padding);padding-right:var(--global-content-edge-padding);padding-top:139px;padding-bottom:100px;grid-template-columns:minmax(0, 1fr);}.kb-row-layout-id1939_1f4cb5-0d > .kt-row-layout-overlay{opacity:0.28;background-color:#000000;background-image:url('https:\/\/santamonica.lv\/wp-content\/uploads\/2024\/07\/smagie-metali.jpg');background-size:cover;background-position:47% 53%;background-attachment:scroll;background-repeat:no-repeat;mix-blend-mode:darken;}@media all and (max-width: 1024px){.kb-row-layout-id1939_1f4cb5-0d > .kt-row-column-wrap{padding-top:80px;padding-bottom:80px;grid-template-columns:minmax(0, 1fr);}}@media all and (max-width: 767px){.kb-row-layout-id1939_1f4cb5-0d > .kt-row-column-wrap{padding-top:100px;padding-right:30px;padding-bottom:100px;padding-left:30px;grid-template-columns:minmax(0, 1fr);}}<\/style><div class=\"kb-row-layout-wrap kb-row-layout-id1939_1f4cb5-0d alignnone has-theme-palette8-background-color kt-row-has-bg wp-block-kadence-rowlayout\"><div class=\"kt-row-layout-overlay kt-row-overlay-normal\"><\/div><div class=\"kt-row-column-wrap kt-has-1-columns kt-row-layout-equal kt-tab-layout-inherit kt-mobile-layout-row kt-row-valign-top kb-theme-content-width\">\n<style>.kadence-column1939_62f932-56 > .kt-inside-inner-col,.kadence-column1939_62f932-56 > .kt-inside-inner-col:before{border-top-left-radius:0px;border-top-right-radius:0px;border-bottom-right-radius:0px;border-bottom-left-radius:0px;}.kadence-column1939_62f932-56 > .kt-inside-inner-col{column-gap:var(--global-kb-gap-sm, 1rem);}.kadence-column1939_62f932-56 > .kt-inside-inner-col{flex-direction:column;}.kadence-column1939_62f932-56 > .kt-inside-inner-col > .aligncenter{width:100%;}.kadence-column1939_62f932-56 > .kt-inside-inner-col:before{opacity:0.3;}.kadence-column1939_62f932-56{position:relative;}@media all and (max-width: 1024px){.kadence-column1939_62f932-56 > .kt-inside-inner-col{padding-top:0px;padding-right:0px;padding-bottom:0px;padding-left:0px;flex-direction:column;justify-content:center;}}@media all and (max-width: 767px){.kadence-column1939_62f932-56 > .kt-inside-inner-col{flex-direction:column;justify-content:center;}}<\/style>\n<div class=\"wp-block-kadence-column kadence-column1939_62f932-56 inner-column-1\"><div class=\"kt-inside-inner-col\"><style>.kb-row-layout-id1939_9af37b-45 > .kt-row-column-wrap{align-content:start;}:where(.kb-row-layout-id1939_9af37b-45 > .kt-row-column-wrap) > .wp-block-kadence-column{justify-content:start;}.kb-row-layout-id1939_9af37b-45 > .kt-row-column-wrap{column-gap:var(--global-kb-gap-md, 2rem);row-gap:var(--global-kb-gap-md, 2rem);max-width:600px;margin-left:auto;margin-right:auto;padding-top:0px;padding-bottom:0px;grid-template-columns:minmax(0, 1fr);}.kb-row-layout-id1939_9af37b-45 > .kt-row-layout-overlay{opacity:0.30;}@media all and (max-width: 1024px){.kb-row-layout-id1939_9af37b-45 > .kt-row-column-wrap{padding-top:0px;padding-right:0px;padding-bottom:0px;padding-left:0px;grid-template-columns:minmax(0, 1fr);}}@media all and (max-width: 767px){.kb-row-layout-id1939_9af37b-45 > .kt-row-column-wrap{grid-template-columns:minmax(0, 1fr);}}<\/style><div class=\"kb-row-layout-wrap kb-row-layout-id1939_9af37b-45 alignnone wp-block-kadence-rowlayout\"><div class=\"kt-row-column-wrap kt-has-1-columns kt-row-layout-equal kt-tab-layout-inherit kt-mobile-layout-row kt-row-valign-top\">\n<style>.kadence-column1939_fb4f26-4c > .kt-inside-inner-col{padding-right:40px;padding-left:40px;}.kadence-column1939_fb4f26-4c > .kt-inside-inner-col,.kadence-column1939_fb4f26-4c > .kt-inside-inner-col:before{border-top-left-radius:0px;border-top-right-radius:0px;border-bottom-right-radius:0px;border-bottom-left-radius:0px;}.kadence-column1939_fb4f26-4c > .kt-inside-inner-col{column-gap:var(--global-kb-gap-sm, 1rem);}.kadence-column1939_fb4f26-4c > .kt-inside-inner-col{flex-direction:column;}.kadence-column1939_fb4f26-4c > .kt-inside-inner-col > .aligncenter{width:100%;}.kadence-column1939_fb4f26-4c > .kt-inside-inner-col:before{opacity:0.3;}.kadence-column1939_fb4f26-4c{position:relative;}@media all and (max-width: 1024px){.kadence-column1939_fb4f26-4c > .kt-inside-inner-col{flex-direction:column;justify-content:center;}}@media all and (max-width: 767px){.kadence-column1939_fb4f26-4c > .kt-inside-inner-col{padding-right:0px;padding-left:0px;flex-direction:column;justify-content:center;}}<\/style>\n<div class=\"wp-block-kadence-column kadence-column1939_fb4f26-4c inner-column-1\"><div class=\"kt-inside-inner-col\"><style>.wp-block-kadence-advancedheading.kt-adv-heading1939_82e830-74, .wp-block-kadence-advancedheading.kt-adv-heading1939_82e830-74[data-kb-block=\"kb-adv-heading1939_82e830-74\"]{padding-top:0px;padding-right:0px;padding-bottom:20px;padding-left:0px;margin-top:0px;margin-right:0px;margin-bottom:0px;margin-left:0px;text-align:center;font-style:normal;text-transform:capitalize;color:#000000;}.wp-block-kadence-advancedheading.kt-adv-heading1939_82e830-74 mark.kt-highlight, .wp-block-kadence-advancedheading.kt-adv-heading1939_82e830-74[data-kb-block=\"kb-adv-heading1939_82e830-74\"] mark.kt-highlight{font-style:normal;color:#f76a0c;-webkit-box-decoration-break:clone;box-decoration-break:clone;padding-top:0px;padding-right:0px;padding-bottom:0px;padding-left:0px;}@media all and (max-width: 767px){.wp-block-kadence-advancedheading.kt-adv-heading1939_82e830-74, .wp-block-kadence-advancedheading.kt-adv-heading1939_82e830-74[data-kb-block=\"kb-adv-heading1939_82e830-74\"]{font-size:var(--global-kb-font-size-lg, 2rem);}}<\/style>\n<h1 class=\"kt-adv-heading1939_82e830-74 wp-block-kadence-advancedheading\" data-kb-block=\"kb-adv-heading1939_82e830-74\">Metale ci\u0119\u017ckie<\/h1>\n<\/div><\/div>\n\n<\/div><\/div><\/div><\/div>\n\n<\/div><\/div><style>.kb-row-layout-id1939_981a57-f5 > .kt-row-column-wrap{align-content:start;}:where(.kb-row-layout-id1939_981a57-f5 > .kt-row-column-wrap) > .wp-block-kadence-column{justify-content:start;}.kb-row-layout-id1939_981a57-f5 > .kt-row-column-wrap{column-gap:var(--global-kb-gap-md, 2rem);row-gap:var(--global-kb-gap-md, 2rem);max-width:var( --global-content-width, 1290px );padding-left:var(--global-content-edge-padding);padding-right:var(--global-content-edge-padding);padding-top:var(--global-kb-spacing-lg, 3rem);padding-bottom:var(--global-kb-spacing-sm, 1.5rem);grid-template-columns:minmax(0, 1fr);}.kb-row-layout-id1939_981a57-f5 > .kt-row-layout-overlay{opacity:0.30;}@media all and (max-width: 1024px){.kb-row-layout-id1939_981a57-f5 > .kt-row-column-wrap{grid-template-columns:minmax(0, 1fr);}}@media all and (max-width: 767px){.kb-row-layout-id1939_981a57-f5 > .kt-row-column-wrap{grid-template-columns:minmax(0, 1fr);}}<\/style><div class=\"kb-row-layout-wrap kb-row-layout-id1939_981a57-f5 alignnone wp-block-kadence-rowlayout\"><div class=\"kt-row-column-wrap kt-has-1-columns kt-row-layout-equal kt-tab-layout-inherit kt-mobile-layout-row kt-row-valign-top kb-theme-content-width\">\n<style>.kadence-column1939_996a74-8b > .kt-inside-inner-col,.kadence-column1939_996a74-8b > .kt-inside-inner-col:before{border-top-left-radius:0px;border-top-right-radius:0px;border-bottom-right-radius:0px;border-bottom-left-radius:0px;}.kadence-column1939_996a74-8b > .kt-inside-inner-col{column-gap:var(--global-kb-gap-sm, 1rem);}.kadence-column1939_996a74-8b > .kt-inside-inner-col{flex-direction:column;}.kadence-column1939_996a74-8b > .kt-inside-inner-col > .aligncenter{width:100%;}.kadence-column1939_996a74-8b > .kt-inside-inner-col:before{opacity:0.3;}.kadence-column1939_996a74-8b{position:relative;}@media all and (max-width: 1024px){.kadence-column1939_996a74-8b > .kt-inside-inner-col{flex-direction:column;justify-content:center;}}@media all and (max-width: 767px){.kadence-column1939_996a74-8b > .kt-inside-inner-col{flex-direction:column;justify-content:center;}}<\/style>\n<div class=\"wp-block-kadence-column kadence-column1939_996a74-8b\"><div class=\"kt-inside-inner-col\">\n<p class=\"has-medium-font-size\">Klinika \u201eSanta Monica\u201d oferuje analiz\u0119 metali ci\u0119\u017ckich<\/p>\n\n\n\n<p>Metale ci\u0119\u017ckie, takie jak o\u0142\u00f3w, rt\u0119\u0107, kadm i arsen, s\u0105 wszechobecne w \u015brodowisku, dlatego ka\u017cdy z nas codziennie przyjmuje te trucizny w okre\u015blonych dawkach i trafiaj\u0105 one do organizmu. Je\u015bli substancje te dostan\u0105 si\u0119 do organizmu w du\u017cych dawkach, natychmiast pojawiaj\u0105 si\u0119 objawy zatrucia, takie jak nudno\u015bci, wymioty, b\u00f3l g\u0142owy i inne objawy. obecnie jednak obserwuje si\u0119 powolny i stopniowy proces zatrucia, podczas kt\u00f3rego substancje toksyczne przedostaj\u0105 si\u0119 do organizmu w ma\u0142ych dawkach, a skutki s\u0105 d\u0142ugotrwa\u0142e, objawy kliniczne pojawiaj\u0105 si\u0119 stopniowo.<\/p>\n\n\n\n<p>Metale ci\u0119\u017ckie mog\u0105 powodowa\u0107 powa\u017cne choroby u ludzi, nawet je\u015bli s\u0105 wdychane w ma\u0142ych ilo\u015bciach. Po pierwsze, zaczynaj\u0105 t\u0142umi\u0107 uk\u0142ad odporno\u015bciowy ludzi. Powoduj\u0105 tak\u017ce zmiany w genach. W organizmie cz\u0142owieka metale ci\u0119\u017ckie gromadz\u0105 si\u0119 w w\u0105trobie, nerkach i m\u00f3zgu. Gdy narz\u0105dy te nie s\u0105 ju\u017c w stanie ud\u017awign\u0105\u0107 tego ci\u0119\u017caru, rozprzestrzenia si\u0119 on po ca\u0142ym organizmie i zak\u0142\u00f3ca funkcjonowanie innych narz\u0105d\u00f3w.<\/p>\n\n\n\n<p>Zwykle organizm ludzki radzi sobie sam z metalami ci\u0119\u017ckimi do\u015b\u0107 dobrze, jednak gdy ich dawka przekracza nasz\u0105 zdolno\u015b\u0107 do pozbycia si\u0119 ich obecno\u015bci, w\u00f3wczas metale toksyczne zaczynaj\u0105 si\u0119 kumulowa\u0107. W ci\u0119\u017ckich przypadkach mo\u017ce by\u0107 konieczna terapia chelatuj\u0105ca. Podczas niej najcz\u0119\u015bciej stosuje si\u0119 aminokwasy, kt\u00f3re przyci\u0105gaj\u0105 jony metali we krwi i tkankach, ograniczaj\u0105 ich toksyczno\u015b\u0107 i usuwaj\u0105 te substancje z organizmu. Kiedy metale ci\u0119\u017ckie zostan\u0105 wprowadzone do organizmu, natychmiast zaczyna on walczy\u0107 z niezb\u0119dnymi minera\u0142ami, takimi jak cynk, mied\u017a, wap\u0144 i magnez. To ostatecznie je zast\u0119puje i uniemo\u017cliwia prawid\u0142owe funkcjonowanie narz\u0105d\u00f3w.<\/p>\n\n\n\n<p>Terapia chelatuj\u0105ca jest jednak du\u017cym obci\u0105\u017ceniem dla organizmu i dlatego powinna by\u0107 stosowana jako metoda jednorazowa lub jako ostateczno\u015b\u0107 w przypadku przewlek\u0142ych zatru\u0107 metalami ci\u0119\u017ckimi. Ponadto istniej\u0105 prostsze i bezpieczniejsze sposoby, kt\u00f3re pomog\u0105 organizmowi pozby\u0107 si\u0119 metali ci\u0119\u017ckich.<\/p>\n\n\n\n<blockquote class=\"wp-block-quote is-layout-flow wp-block-quote-is-layout-flow\">\n<p style=\"font-size:28px\">Najlepiej zminimalizowa\u0107 nara\u017cenie na metale ci\u0119\u017ckie.<\/p>\n<\/blockquote>\n\n\n\n<p>Aby skutecznie ograniczy\u0107 przedostawanie si\u0119 metali ci\u0119\u017ckich do organizmu, nale\u017cy dowiedzie\u0107 si\u0119, gdzie mamy z nimi kontakt na co dzie\u0144, a nast\u0119pnie w miar\u0119 mo\u017cliwo\u015bci zapobiega\u0107 temu kontaktowi. Istnieje kilka znanych fakt\u00f3w, kt\u00f3re nale\u017cy wzi\u0105\u0107 pod uwag\u0119, a mog\u0105 to by\u0107:<\/p>\n\n\n\n<ul class=\"wp-block-list\">\n<li>Rozwa\u017c wymian\u0119 plomb rt\u0119ciowych.<\/li>\n\n\n\n<li>Je\u015bli palisz, rzu\u0107! G\u0142\u00f3wn\u0105 drog\u0105 przedostawania si\u0119 kadmu do organizmu jest palenie papieros\u00f3w.<\/li>\n\n\n\n<li>Unikaj lub ograniczaj spo\u017cycie \u017cywno\u015bci zawieraj\u0105cej o\u0142\u00f3w, rt\u0119\u0107 i kadm. Najcz\u0119\u015bciej spotykane s\u0105 mi\u0119czaki i skorupiaki, ryby s\u0142odkowodne przybrze\u017cne i \u015br\u00f3dl\u0105dowe, ryby g\u0142\u0119binowe, wo\u0142owina z hodowli intensywnej oraz podroby zwierz\u0105t domowych, zw\u0142aszcza w\u0105troba i nerki. Mog\u0105 tak\u017ce wspomnie\u0107 o warzywach i owocach opryskanych pestycydami. Nale\u017cy tak\u017ce zachowa\u0107 szczeg\u00f3ln\u0105 ostro\u017cno\u015b\u0107 w przypadku \u017cywno\u015bci produkowanej przemys\u0142owo, alkoholu oraz produkt\u00f3w zawieraj\u0105cych kofein\u0119.<\/li>\n\n\n\n<li>Unikaj metali ci\u0119\u017ckich w produktach gospodarstwa domowego i spr\u00f3buj znale\u017a\u0107 bezpieczniejsz\u0105 alternatyw\u0119.<\/li>\n\n\n\n<li>Zainstaluj w domu dobry system filtracji wody.<\/li>\n\n\n\n<li>Oczy\u015b\u0107 organizm kolendr\u0105 i za\u017cywaj selen<\/li>\n<\/ul>\n\n\n\n<p>Mo\u017cna go stosowa\u0107 nie tylko jako smaczny dodatek do curry i sa\u0142atek, bo kolendra czy kolendra to tak\u017ce pot\u0119\u017cny \u015brodek oczyszczaj\u0105cy organizm. Skuteczne jest r\u00f3wnie\u017c stosowanie kolendry w diecie \u2013 pomog\u0105 one tak\u017ce skuteczniej usuwa\u0107 zwi\u0105zki rt\u0119ci z organizmu, gdy usuni\u0119te zostan\u0105 srebrne plomby i wype\u0142nione z\u0119by innym materia\u0142em. W\u0142\u0105cz do swojej diety produkty bogate w selen, takie jak orzechy brazylijskie, jajka, cebula i broku\u0142y, lub za\u017cywaj naturalny preparat selenowy, taki jak dro\u017cd\u017ce.<\/p>\n\n\n\n<p><strong>Jedz algi<\/strong>. Chlorella (Chlorella pyrenoidosa), pierwotniakowy alga s\u0142odkowodna, zawiera du\u017co chlorofilu, kt\u00f3ry wi\u0105\u017ce metale ci\u0119\u017ckie, takie jak kadm, o\u0142\u00f3w i rt\u0119\u0107, i pomaga usuwa\u0107 je z organizmu. Chlorella zawiera tak\u017ce glutation, kt\u00f3ry jest niezb\u0119dnym elementem naturalnego systemu detoksykacji organizmu. Spirulina to kolejna alga s\u0142odkowodna, kt\u00f3ra mo\u017ce r\u00f3wnie\u017c pom\u00f3c organizmowi pozby\u0107 si\u0119 metali ci\u0119\u017ckich. B\u0142onnik jest r\u00f3wnie\u017c niezb\u0119dny organizmowi do eliminacji substancji toksycznych przez przew\u00f3d pokarmowy.<\/p>\n\n\n\n<p><strong>Zadbaj o to, aby Twoja dieta by\u0142a zdrowa i zbilansowana<\/strong>, poniewa\u017c metale ci\u0119\u017ckie gromadz\u0105 si\u0119 szybciej, je\u015bli nie dostarczasz organizmowi odpowiednich ilo\u015bci sk\u0142adnik\u00f3w od\u017cywczych. Wa\u017cne jest, aby b\u0142onnik by\u0142 w wystarczaj\u0105cej ilo\u015bci, poniewa\u017c mo\u017ce przyci\u0105ga\u0107 toksyczne substancje i sprzyja\u0107 ich eliminacji z organizmu. Warzywa kapustne, takie jak broku\u0142y, kapusta, kalafior i jarmu\u017c, s\u0105 doskona\u0142ym \u017ar\u00f3d\u0142em b\u0142onnika. Ponadto zawieraj\u0105 wiele wa\u017cnych zwi\u0105zk\u00f3w, kt\u00f3re stymuluj\u0105 organizm do wytwarzania enzym\u00f3w niezb\u0119dnych do detoksykacji i wzmacniaj\u0105 dzia\u0142anie przeciwutleniaczy, kt\u00f3rych metale ci\u0119\u017ckie mog\u0105 nie lubi\u0107.<\/p>\n\n\n\n<p><strong>Wypo\u0107 si\u0119 w saunie<\/strong> \u2013 pocenie si\u0119 jest jednym z g\u0142\u00f3wnych sposob\u00f3w usuwania toksycznych substancji z organizmu. Badania pokazuj\u0105, \u017ce pot zawiera zar\u00f3wno o\u0142\u00f3w, jak i rt\u0119\u0107, kadm i arsen, k\u0105piel lub sauna, w kt\u00f3rej si\u0119 pocisz, pomog\u0105 oczy\u015bci\u0107 organizm z tych substancji. Mo\u017cna si\u0119 te\u017c dobrze wypoci\u0107 w saunach i \u0142a\u017aniach parowych dost\u0119pnych w klubach sportowych, jednak sauna na podczerwie\u0144 jest szczeg\u00f3lnie polecana, gdy\u017c ciep\u0142o w\u0142osia podczerwieni bezpo\u015brednio oddzia\u0142uje na organizm. Wi\u0119kszo\u015bci os\u00f3b wystarczy 3\u20135 minutowa sesja co drugi dzie\u0144. Kiedy si\u0119 pocisz, powiniene\u015b przyjmowa\u0107 wystarczaj\u0105c\u0105 ilo\u015b\u0107 p\u0142yn\u00f3w, aby zrekompensowa\u0107 wilgo\u0107 wydalan\u0105 przez organizm. Aby szkodliwe substancje, kt\u00f3re wypocisz, nie wr\u00f3ci\u0142y do \u200b\u200borganizmu, zawsze po saunie lub saunie bierz prysznic.<\/p>\n\n\n\n<p><strong>\u0106wicz<\/strong>, aby zbudowa\u0107 niezb\u0119dne enzymy \u2013 aktywno\u015b\u0107 fizyczna mo\u017ce pom\u00f3c oczy\u015bci\u0107 organizm nie tylko dlatego, \u017ce powoduje pocenie si\u0119. Nawet jedna sesja na rowerze treningowym mo\u017ce podwoi\u0107 ilo\u015b\u0107 enzym\u00f3w potrzebnych do detoksykacji, co mo\u017ce pom\u00f3c organizmowi pozby\u0107 si\u0119 toksycznych metali i innych szkodliwych substancji. Konieczne by\u0142yby trzy do pi\u0119ciu sesji aerobiku po 20\u201330 minut tygodniowo, co spowodowa\u0142oby lekki zadyszk\u0119. Po treningu nale\u017cy tak\u017ce zawsze wzi\u0105\u0107 prysznic.<\/p>\n\n\n\n<p>Metale ci\u0119\u017ckie mo\u017cna oznaczy\u0107 poprzez analiz\u0119 laboratoryjn\u0105 krwi, jednak znacznie dok\u0142adniejsze informacje uzyskuje si\u0119 okre\u015blaj\u0105c ich ilo\u015b\u0107 i obecno\u015b\u0107 w innych \u015brodowiskach \u2013 w\u0142osach, paznokciach, moczu, kale itp. oceniaj\u0105c obecno\u015b\u0107 metali ci\u0119\u017ckich, mo\u017cna oznaczy\u0107 38 pierwiastk\u00f3w chemicznych &#8211; srebro, glin, arsen, bor, bar, beryl, bizmut, kadm, kobalt, krypton, cez, mied\u017a, \u017celazo, gal, rt\u0119\u0107, lit, mangan , molibden, nikiel, o\u0142\u00f3w, selen, cyna, tytan, cynk, ind, iryd, pallad, platyna, cyna, antymon, stront, uran, wolfram, tal, cyrkon itp.<\/p>\n\n\n\n<p>W klinice w Santa Monica opracowano protok\u00f3\u0142, w ramach kt\u00f3rego za pomoc\u0105 terapii chelatuj\u0105cej usuwane s\u0105 z organizmu metale ci\u0119\u017ckie i ich zwi\u0105zki. Terapia chelatuj\u0105ca to zabieg medyczny polegaj\u0105cy na podawaniu substancji chelatuj\u0105cych w celu usuni\u0119cia metali ci\u0119\u017ckich z organizmu. Podczas niego do\u017cylnie podaje si\u0119 substancj\u0119 wi\u0105\u017c\u0105c\u0105 zwi\u0105zki metali ci\u0119\u017ckich, w celu u\u0142atwienia ich wydalania przez nerki.<\/p>\n<\/div><\/div>\n\n<\/div><\/div>\n<p><\/p>\n\n<div style=\"height:80px\" aria-hidden=\"true\" class=\"wp-block-spacer\"><\/div>\n","protected":false},"excerpt":{"rendered":"<p>Metale ci\u0119\u017ckie Klinika \u201eSanta Monica\u201d oferuje analiz\u0119 metali ci\u0119\u017ckich Metale ci\u0119\u017ckie, takie jak o\u0142\u00f3w, rt\u0119\u0107, kadm i arsen, s\u0105 wszechobecne w \u015brodowisku, dlatego ka\u017cdy z nas codziennie przyjmuje te trucizny w okre\u015blonych dawkach i trafiaj\u0105 one do organizmu. Je\u015bli substancje te dostan\u0105 si\u0119 do organizmu w du\u017cych dawkach, natychmiast pojawiaj\u0105 si\u0119 objawy zatrucia, takie jak&#8230;<\/p>\n","protected":false},"author":1,"featured_media":0,"parent":0,"menu_order":0,"comment_status":"closed","ping_status":"closed","template":"","meta":{"_acf_changed":false,"_uag_custom_page_level_css":"","_kadence_starter_templates_imported_post":false,"_kad_post_transparent":"","_kad_post_title":"hide","_kad_post_layout":"fullwidth","_kad_post_sidebar_id":"","_kad_post_content_style":"unboxed","_kad_post_vertical_padding":"hide","_kad_post_feature":"hide","_kad_post_feature_position":"","_kad_post_header":false,"_kad_post_footer":false,"footnotes":""},"class_list":["post-2517","page","type-page","status-publish","hentry"],"acf":[],"yoast_head":"<!-- This site is optimized with the Yoast SEO plugin v26.4 - https:\/\/yoast.com\/wordpress\/plugins\/seo\/ -->\n<title>Metale ci\u0119\u017ckie - Santa Monica<\/title>\n<meta name=\"robots\" content=\"index, follow, max-snippet:-1, max-image-preview:large, max-video-preview:-1\" \/>\n<link rel=\"canonical\" href=\"https:\/\/santamonica.lv\/pl\/metale-ciezkie\/\" \/>\n<meta property=\"og:locale\" content=\"pl_PL\" \/>\n<meta property=\"og:type\" content=\"article\" \/>\n<meta property=\"og:title\" content=\"Metale ci\u0119\u017ckie - Santa Monica\" \/>\n<meta property=\"og:description\" content=\"Metale ci\u0119\u017ckie Klinika \u201eSanta Monica\u201d oferuje analiz\u0119 metali ci\u0119\u017ckich Metale ci\u0119\u017ckie, takie jak o\u0142\u00f3w, rt\u0119\u0107, kadm i arsen, s\u0105 wszechobecne w \u015brodowisku, dlatego ka\u017cdy z nas codziennie przyjmuje te trucizny w okre\u015blonych dawkach i trafiaj\u0105 one do organizmu. Je\u015bli substancje te dostan\u0105 si\u0119 do organizmu w du\u017cych dawkach, natychmiast pojawiaj\u0105 si\u0119 objawy zatrucia, takie jak...\" \/>\n<meta property=\"og:url\" content=\"https:\/\/santamonica.lv\/pl\/metale-ciezkie\/\" \/>\n<meta property=\"og:site_name\" content=\"Santa Monica\" \/>\n<meta property=\"article:publisher\" content=\"https:\/\/www.facebook.com\/klinikasantamonica\" \/>\n<meta property=\"article:modified_time\" content=\"2024-12-29T16:49:49+00:00\" \/>\n<meta name=\"twitter:card\" content=\"summary_large_image\" \/>\n<meta name=\"twitter:label1\" content=\"Est. reading time\" \/>\n\t<meta name=\"twitter:data1\" content=\"6 minut\" \/>\n<script type=\"application\/ld+json\" class=\"yoast-schema-graph\">{\"@context\":\"https:\/\/schema.org\",\"@graph\":[{\"@type\":\"WebPage\",\"@id\":\"https:\/\/santamonica.lv\/pl\/metale-ciezkie\/\",\"url\":\"https:\/\/santamonica.lv\/pl\/metale-ciezkie\/\",\"name\":\"Metale ci\u0119\u017ckie - Santa Monica\",\"isPartOf\":{\"@id\":\"https:\/\/santamonica.lv\/pl\/#website\"},\"datePublished\":\"2024-07-09T17:06:10+00:00\",\"dateModified\":\"2024-12-29T16:49:49+00:00\",\"breadcrumb\":{\"@id\":\"https:\/\/santamonica.lv\/pl\/metale-ciezkie\/#breadcrumb\"},\"inLanguage\":\"pl-PL\",\"potentialAction\":[{\"@type\":\"ReadAction\",\"target\":[\"https:\/\/santamonica.lv\/pl\/metale-ciezkie\/\"]}]},{\"@type\":\"BreadcrumbList\",\"@id\":\"https:\/\/santamonica.lv\/pl\/metale-ciezkie\/#breadcrumb\",\"itemListElement\":[{\"@type\":\"ListItem\",\"position\":1,\"name\":\"Home\",\"item\":\"https:\/\/santamonica.lv\/pl\/poczatek\/\"},{\"@type\":\"ListItem\",\"position\":2,\"name\":\"Metale ci\u0119\u017ckie\"}]},{\"@type\":\"WebSite\",\"@id\":\"https:\/\/santamonica.lv\/pl\/#website\",\"url\":\"https:\/\/santamonica.lv\/pl\/\",\"name\":\"Santa Monica\",\"description\":\"\",\"potentialAction\":[{\"@type\":\"SearchAction\",\"target\":{\"@type\":\"EntryPoint\",\"urlTemplate\":\"https:\/\/santamonica.lv\/pl\/?s={search_term_string}\"},\"query-input\":{\"@type\":\"PropertyValueSpecification\",\"valueRequired\":true,\"valueName\":\"search_term_string\"}}],\"inLanguage\":\"pl-PL\"}]}<\/script>\n<!-- \/ Yoast SEO plugin. -->","yoast_head_json":{"title":"Metale ci\u0119\u017ckie - Santa Monica","robots":{"index":"index","follow":"follow","max-snippet":"max-snippet:-1","max-image-preview":"max-image-preview:large","max-video-preview":"max-video-preview:-1"},"canonical":"https:\/\/santamonica.lv\/pl\/metale-ciezkie\/","og_locale":"pl_PL","og_type":"article","og_title":"Metale ci\u0119\u017ckie - Santa Monica","og_description":"Metale ci\u0119\u017ckie Klinika \u201eSanta Monica\u201d oferuje analiz\u0119 metali ci\u0119\u017ckich Metale ci\u0119\u017ckie, takie jak o\u0142\u00f3w, rt\u0119\u0107, kadm i arsen, s\u0105 wszechobecne w \u015brodowisku, dlatego ka\u017cdy z nas codziennie przyjmuje te trucizny w okre\u015blonych dawkach i trafiaj\u0105 one do organizmu. Je\u015bli substancje te dostan\u0105 si\u0119 do organizmu w du\u017cych dawkach, natychmiast pojawiaj\u0105 si\u0119 objawy zatrucia, takie jak...","og_url":"https:\/\/santamonica.lv\/pl\/metale-ciezkie\/","og_site_name":"Santa Monica","article_publisher":"https:\/\/www.facebook.com\/klinikasantamonica","article_modified_time":"2024-12-29T16:49:49+00:00","twitter_card":"summary_large_image","twitter_misc":{"Est. reading time":"6 minut"},"schema":{"@context":"https:\/\/schema.org","@graph":[{"@type":"WebPage","@id":"https:\/\/santamonica.lv\/pl\/metale-ciezkie\/","url":"https:\/\/santamonica.lv\/pl\/metale-ciezkie\/","name":"Metale ci\u0119\u017ckie - Santa Monica","isPartOf":{"@id":"https:\/\/santamonica.lv\/pl\/#website"},"datePublished":"2024-07-09T17:06:10+00:00","dateModified":"2024-12-29T16:49:49+00:00","breadcrumb":{"@id":"https:\/\/santamonica.lv\/pl\/metale-ciezkie\/#breadcrumb"},"inLanguage":"pl-PL","potentialAction":[{"@type":"ReadAction","target":["https:\/\/santamonica.lv\/pl\/metale-ciezkie\/"]}]},{"@type":"BreadcrumbList","@id":"https:\/\/santamonica.lv\/pl\/metale-ciezkie\/#breadcrumb","itemListElement":[{"@type":"ListItem","position":1,"name":"Home","item":"https:\/\/santamonica.lv\/pl\/poczatek\/"},{"@type":"ListItem","position":2,"name":"Metale ci\u0119\u017ckie"}]},{"@type":"WebSite","@id":"https:\/\/santamonica.lv\/pl\/#website","url":"https:\/\/santamonica.lv\/pl\/","name":"Santa Monica","description":"","potentialAction":[{"@type":"SearchAction","target":{"@type":"EntryPoint","urlTemplate":"https:\/\/santamonica.lv\/pl\/?s={search_term_string}"},"query-input":{"@type":"PropertyValueSpecification","valueRequired":true,"valueName":"search_term_string"}}],"inLanguage":"pl-PL"}]}},"uagb_featured_image_src":{"full":false,"thumbnail":false,"medium":false,"medium_large":false,"large":false,"1536x1536":false,"2048x2048":false,"woocommerce_thumbnail":false,"woocommerce_single":false,"woocommerce_gallery_thumbnail":false},"uagb_author_info":{"display_name":"admin","author_link":"https:\/\/santamonica.lv\/pl\/author\/admin\/"},"uagb_comment_info":0,"uagb_excerpt":"Metale ci\u0119\u017ckie Klinika \u201eSanta Monica\u201d oferuje analiz\u0119 metali ci\u0119\u017ckich Metale ci\u0119\u017ckie, takie jak o\u0142\u00f3w, rt\u0119\u0107, kadm i arsen, s\u0105 wszechobecne w \u015brodowisku, dlatego ka\u017cdy z nas codziennie przyjmuje te trucizny w okre\u015blonych dawkach i trafiaj\u0105 one do organizmu. Je\u015bli substancje te dostan\u0105 si\u0119 do organizmu w du\u017cych dawkach, natychmiast pojawiaj\u0105 si\u0119 objawy zatrucia, takie jak...","_links":{"self":[{"href":"https:\/\/santamonica.lv\/pl\/wp-json\/wp\/v2\/pages\/2517","targetHints":{"allow":["GET"]}}],"collection":[{"href":"https:\/\/santamonica.lv\/pl\/wp-json\/wp\/v2\/pages"}],"about":[{"href":"https:\/\/santamonica.lv\/pl\/wp-json\/wp\/v2\/types\/page"}],"author":[{"embeddable":true,"href":"https:\/\/santamonica.lv\/pl\/wp-json\/wp\/v2\/users\/1"}],"replies":[{"embeddable":true,"href":"https:\/\/santamonica.lv\/pl\/wp-json\/wp\/v2\/comments?post=2517"}],"version-history":[{"count":2,"href":"https:\/\/santamonica.lv\/pl\/wp-json\/wp\/v2\/pages\/2517\/revisions"}],"predecessor-version":[{"id":2686,"href":"https:\/\/santamonica.lv\/pl\/wp-json\/wp\/v2\/pages\/2517\/revisions\/2686"}],"wp:attachment":[{"href":"https:\/\/santamonica.lv\/pl\/wp-json\/wp\/v2\/media?parent=2517"}],"curies":[{"name":"wp","href":"https:\/\/api.w.org\/{rel}","templated":true}]}}