{"id":2520,"date":"2023-10-07T18:50:27","date_gmt":"2023-10-07T15:50:27","guid":{"rendered":"https:\/\/santamonica.lv\/fale-uderzeniowe\/"},"modified":"2024-12-29T18:40:43","modified_gmt":"2024-12-29T16:40:43","slug":"fale-uderzeniowe","status":"publish","type":"page","link":"https:\/\/santamonica.lv\/pl\/fale-uderzeniowe\/","title":{"rendered":"Fale uderzeniowe"},"content":{"rendered":"<style>.kb-row-layout-id2520_1d4686-51 > .kt-row-column-wrap{align-content:start;}:where(.kb-row-layout-id2520_1d4686-51 > .kt-row-column-wrap) > .wp-block-kadence-column{justify-content:start;}.kb-row-layout-id2520_1d4686-51 > .kt-row-column-wrap{column-gap:var(--global-kb-gap-md, 2rem);row-gap:var(--global-kb-gap-md, 2rem);max-width:var( --global-content-width, 1290px );padding-left:var(--global-content-edge-padding);padding-right:var(--global-content-edge-padding);padding-top:140px;padding-bottom:100px;grid-template-columns:minmax(0, 1fr);}.kb-row-layout-id2520_1d4686-51 > .kt-row-layout-overlay{opacity:0.07;background-image:url('https:\/\/santamonica.lv\/wp-content\/uploads\/2023\/08\/blommor.jpg');background-size:cover;background-position:37% 16%;background-attachment:scroll;background-repeat:no-repeat;mix-blend-mode:normal;}@media all and (max-width: 1024px){.kb-row-layout-id2520_1d4686-51 > .kt-row-column-wrap{padding-top:80px;padding-bottom:80px;grid-template-columns:minmax(0, 1fr);}}@media all and (max-width: 767px){.kb-row-layout-id2520_1d4686-51 > .kt-row-column-wrap{padding-top:100px;padding-right:30px;padding-bottom:100px;padding-left:30px;grid-template-columns:minmax(0, 1fr);}}<\/style><div class=\"kb-row-layout-wrap kb-row-layout-id2520_1d4686-51 alignnone has-theme-palette8-background-color kt-row-has-bg wp-block-kadence-rowlayout\"><div class=\"kt-row-layout-overlay kt-row-overlay-normal\"><\/div><div class=\"kt-row-column-wrap kt-has-1-columns kt-row-layout-equal kt-tab-layout-inherit kt-mobile-layout-row kt-row-valign-top kb-theme-content-width\">\n<style>.kadence-column2520_822a3f-9c > .kt-inside-inner-col,.kadence-column2520_822a3f-9c > .kt-inside-inner-col:before{border-top-left-radius:0px;border-top-right-radius:0px;border-bottom-right-radius:0px;border-bottom-left-radius:0px;}.kadence-column2520_822a3f-9c > .kt-inside-inner-col{column-gap:var(--global-kb-gap-sm, 1rem);}.kadence-column2520_822a3f-9c > .kt-inside-inner-col{flex-direction:column;}.kadence-column2520_822a3f-9c > .kt-inside-inner-col > .aligncenter{width:100%;}.kadence-column2520_822a3f-9c > .kt-inside-inner-col:before{opacity:0.3;}.kadence-column2520_822a3f-9c{position:relative;}@media all and (max-width: 1024px){.kadence-column2520_822a3f-9c > .kt-inside-inner-col{padding-top:0px;padding-right:0px;padding-bottom:0px;padding-left:0px;flex-direction:column;justify-content:center;}}@media all and (max-width: 767px){.kadence-column2520_822a3f-9c > .kt-inside-inner-col{flex-direction:column;justify-content:center;}}<\/style>\n<div class=\"wp-block-kadence-column kadence-column2520_822a3f-9c inner-column-1\"><div class=\"kt-inside-inner-col\"><style>.kb-row-layout-id2520_6f9d54-30 > .kt-row-column-wrap{align-content:start;}:where(.kb-row-layout-id2520_6f9d54-30 > .kt-row-column-wrap) > .wp-block-kadence-column{justify-content:start;}.kb-row-layout-id2520_6f9d54-30 > .kt-row-column-wrap{column-gap:var(--global-kb-gap-md, 2rem);row-gap:var(--global-kb-gap-md, 2rem);max-width:600px;margin-left:auto;margin-right:auto;padding-top:0px;padding-bottom:0px;grid-template-columns:minmax(0, 1fr);}.kb-row-layout-id2520_6f9d54-30 > .kt-row-layout-overlay{opacity:0.30;}@media all and (max-width: 1024px){.kb-row-layout-id2520_6f9d54-30 > .kt-row-column-wrap{padding-top:0px;padding-right:0px;padding-bottom:0px;padding-left:0px;grid-template-columns:minmax(0, 1fr);}}@media all and (max-width: 767px){.kb-row-layout-id2520_6f9d54-30 > .kt-row-column-wrap{grid-template-columns:minmax(0, 1fr);}}<\/style><div class=\"kb-row-layout-wrap kb-row-layout-id2520_6f9d54-30 alignnone wp-block-kadence-rowlayout\"><div class=\"kt-row-column-wrap kt-has-1-columns kt-row-layout-equal kt-tab-layout-inherit kt-mobile-layout-row kt-row-valign-top\">\n<style>.kadence-column2520_389dd6-b1 > .kt-inside-inner-col{padding-right:40px;padding-left:40px;}.kadence-column2520_389dd6-b1 > .kt-inside-inner-col,.kadence-column2520_389dd6-b1 > .kt-inside-inner-col:before{border-top-left-radius:0px;border-top-right-radius:0px;border-bottom-right-radius:0px;border-bottom-left-radius:0px;}.kadence-column2520_389dd6-b1 > .kt-inside-inner-col{column-gap:var(--global-kb-gap-sm, 1rem);}.kadence-column2520_389dd6-b1 > .kt-inside-inner-col{flex-direction:column;}.kadence-column2520_389dd6-b1 > .kt-inside-inner-col > .aligncenter{width:100%;}.kadence-column2520_389dd6-b1 > .kt-inside-inner-col:before{opacity:0.3;}.kadence-column2520_389dd6-b1{position:relative;}@media all and (max-width: 1024px){.kadence-column2520_389dd6-b1 > .kt-inside-inner-col{flex-direction:column;justify-content:center;}}@media all and (max-width: 767px){.kadence-column2520_389dd6-b1 > .kt-inside-inner-col{padding-right:0px;padding-left:0px;flex-direction:column;justify-content:center;}}<\/style>\n<div class=\"wp-block-kadence-column kadence-column2520_389dd6-b1 inner-column-1\"><div class=\"kt-inside-inner-col\"><style>.wp-block-kadence-advancedheading.kt-adv-heading2520_2c5168-d5, .wp-block-kadence-advancedheading.kt-adv-heading2520_2c5168-d5[data-kb-block=\"kb-adv-heading2520_2c5168-d5\"]{padding-top:0px;padding-right:0px;padding-bottom:20px;padding-left:0px;margin-top:0px;margin-right:0px;margin-bottom:0px;margin-left:0px;text-align:center;font-style:normal;text-transform:capitalize;}.wp-block-kadence-advancedheading.kt-adv-heading2520_2c5168-d5 mark.kt-highlight, .wp-block-kadence-advancedheading.kt-adv-heading2520_2c5168-d5[data-kb-block=\"kb-adv-heading2520_2c5168-d5\"] mark.kt-highlight{font-style:normal;color:#f76a0c;-webkit-box-decoration-break:clone;box-decoration-break:clone;padding-top:0px;padding-right:0px;padding-bottom:0px;padding-left:0px;}@media all and (max-width: 767px){.wp-block-kadence-advancedheading.kt-adv-heading2520_2c5168-d5, .wp-block-kadence-advancedheading.kt-adv-heading2520_2c5168-d5[data-kb-block=\"kb-adv-heading2520_2c5168-d5\"]{font-size:var(--global-kb-font-size-lg, 2rem);}}<\/style>\n<h1 class=\"kt-adv-heading2520_2c5168-d5 wp-block-kadence-advancedheading has-theme-palette-3-color has-text-color\" data-kb-block=\"kb-adv-heading2520_2c5168-d5\">Fale uderzeniowe<\/h1>\n<\/div><\/div>\n\n<\/div><\/div><\/div><\/div>\n\n<\/div><\/div>\n\n<style>.kb-row-layout-id2520_d86115-24 > .kt-row-column-wrap{align-content:start;}:where(.kb-row-layout-id2520_d86115-24 > .kt-row-column-wrap) > .wp-block-kadence-column{justify-content:start;}.kb-row-layout-id2520_d86115-24 > .kt-row-column-wrap{column-gap:var(--global-kb-gap-md, 2rem);row-gap:var(--global-kb-gap-md, 2rem);max-width:var( --global-content-width, 1290px );padding-left:var(--global-content-edge-padding);padding-right:var(--global-content-edge-padding);padding-top:19px;padding-right:20px;padding-bottom:20px;padding-left:20px;grid-template-columns:minmax(0, 1fr);}.kb-row-layout-id2520_d86115-24 > .kt-row-layout-overlay{opacity:0.30;}@media all and (max-width: 1024px){.kb-row-layout-id2520_d86115-24 > .kt-row-column-wrap{padding-top:40px;padding-right:40px;padding-bottom:0px;padding-left:40px;grid-template-columns:minmax(0, 1fr);}}@media all and (max-width: 767px){.kb-row-layout-id2520_d86115-24 > .kt-row-column-wrap{padding-top:40px;padding-right:40px;padding-bottom:0px;padding-left:40px;grid-template-columns:minmax(0, 1fr);}}<\/style><div class=\"kb-row-layout-wrap kb-row-layout-id2520_d86115-24 alignnone wp-block-kadence-rowlayout\"><div class=\"kt-row-column-wrap kt-has-1-columns kt-row-layout-equal kt-tab-layout-inherit kt-mobile-layout-row kt-row-valign-top kb-theme-content-width\">\n<style>.kadence-column2520_7fa57a-dd > .kt-inside-inner-col,.kadence-column2520_7fa57a-dd > .kt-inside-inner-col:before{border-top-left-radius:0px;border-top-right-radius:0px;border-bottom-right-radius:0px;border-bottom-left-radius:0px;}.kadence-column2520_7fa57a-dd > .kt-inside-inner-col{column-gap:var(--global-kb-gap-sm, 1rem);}.kadence-column2520_7fa57a-dd > .kt-inside-inner-col{flex-direction:column;}.kadence-column2520_7fa57a-dd > .kt-inside-inner-col > .aligncenter{width:100%;}.kadence-column2520_7fa57a-dd > .kt-inside-inner-col:before{opacity:0.3;}.kadence-column2520_7fa57a-dd{position:relative;}@media all and (max-width: 1024px){.kadence-column2520_7fa57a-dd > .kt-inside-inner-col{flex-direction:column;justify-content:center;}}@media all and (max-width: 767px){.kadence-column2520_7fa57a-dd > .kt-inside-inner-col{flex-direction:column;justify-content:center;}}<\/style>\n<div class=\"wp-block-kadence-column kadence-column2520_7fa57a-dd\"><div class=\"kt-inside-inner-col\">\n<div style=\"height:20px\" aria-hidden=\"true\" class=\"wp-block-spacer\"><\/div>\n\n\n\n<div class=\"wp-block-columns is-layout-flex wp-container-core-columns-is-layout-9d6595d7 wp-block-columns-is-layout-flex\">\n<div class=\"wp-block-column is-layout-flow wp-block-column-is-layout-flow\" style=\"flex-basis:33.33%\">\n<figure class=\"wp-block-image size-full\"><img loading=\"lazy\" decoding=\"async\" width=\"402\" height=\"400\" src=\"https:\/\/santamonica.lv\/wp-content\/uploads\/2023\/07\/santa-monica-3.png\" alt=\"\" class=\"wp-image-745\" srcset=\"https:\/\/santamonica.lv\/wp-content\/uploads\/2023\/07\/santa-monica-3.png 402w, https:\/\/santamonica.lv\/wp-content\/uploads\/2023\/07\/santa-monica-3-300x300.png 300w, https:\/\/santamonica.lv\/wp-content\/uploads\/2023\/07\/santa-monica-3-100x100.png 100w, https:\/\/santamonica.lv\/wp-content\/uploads\/2023\/07\/santa-monica-3-150x150.png 150w\" sizes=\"auto, (max-width: 402px) 100vw, 402px\" \/><\/figure>\n<\/div>\n\n\n\n<div class=\"wp-block-column is-layout-flow wp-block-column-is-layout-flow\" style=\"flex-basis:66.66%\">\n<h2 class=\"wp-block-heading\"><strong>Jak dzia\u0142aj\u0105 fale uderzeniowe<\/strong><\/h2>\n\n\n\n<p>Mechaniczne impulsy fal uderzeniowych aktywuj\u0105 ca\u0142y szereg pozytywnych proces\u00f3w w uszkodzonych tkankach \u2013 wch\u0142anianie zwapnie\u0144 i stan\u00f3w zapalnych, rozlu\u017aniaj\u0105 napi\u0119t\u0105 struktur\u0119 mi\u0119\u015bniow\u0105, zapewniaj\u0105 od\u017cywienie i regeneracj\u0119 tkanek.<\/p>\n\n\n\n<p>Jest to metoda nieinwazyjna, nie wymaga stosowania znieczulenia. Tylko w niekt\u00f3rych miejscach pojawia si\u0119 minimalne uczucie b\u00f3lu, ale tak w\u0142a\u015bnie powinno by\u0107. Zabieg powoduje uczucie mrowienia i zm\u0119czenia.<\/p>\n\n\n\n<h2 class=\"wp-block-heading\"><strong>W jakich przypadkach zaleca si\u0119 terapi\u0119 fal\u0105 uderzeniow\u0105?<\/strong><\/h2>\n\n\n\n<p>Ta procedura fizjoterapeutyczna jest wskazana, gdy masa\u017ce i delikatniejsze zabiegi fizykalne nie pomagaj\u0105. Metod\u0119 t\u0119 mo\u017cna stosowa\u0107 bardzo szeroko, ale najcz\u0119\u015bciej oznacza to, \u017ce istniej\u0105:<\/p>\n\n\n\n<ul class=\"wp-block-list\">\n<li>stan zapalny \u015bci\u0119gna stawu powoduj\u0105cy ostry lub przewlek\u0142y b\u00f3l spowodowany skr\u0119ceniem, przeci\u0105\u017ceniem, b\u00f3l po urazie sportowym\/domowym, np. \u0142okie\u0107 tenisisty \u2013 b\u00f3l stawu \u0142okciowego itp. \u2013 nadgarstek, staw barkowy,<\/li>\n\n\n\n<li>zapalenie wi\u0119zade\u0142 stawu kolanowego, tzw. \u201ekolana skoczka\u201d \u2013 problemy te s\u0105 cz\u0119ste u sportowc\u00f3w i tancerzy,<\/li>\n\n\n\n<li>b\u00f3l plec\u00f3w,<\/li>\n\n\n\n<li>Zapalenie \u015bci\u0119gna Achillesa, zapalenie wi\u0119zade\u0142 stopy, odciski pi\u0119ty,<\/li>\n\n\n\n<li>U pacjent\u00f3w sp\u0119dzaj\u0105cych du\u017co czasu przy komputerze cz\u0119sto stwierdza si\u0119 r\u00f3\u017cne skurcze i stany zapalne mi\u0119\u015bni, tzw. punkty spustowe, kt\u00f3re znajduj\u0105 si\u0119 na szyi, w okolicy ramion i pomi\u0119dzy \u0142opatkami, a tak\u017ce zapalenie mi\u0119\u015bnia \u017cuj\u0105cego itp. .<\/li>\n\n\n\n<li>pogrubiona tkanka bliznowata \u2013 terapia powoduje, \u017ce staje si\u0119 ona bardziej mi\u0119kka;<\/li>\n\n\n\n<li>zaburzenia erekcji u m\u0119\u017cczyzn, \u2013 poprawia kr\u0105\u017cenie krwi w pr\u0105ciu, tworzy nowe naczynia krwiono\u015bne i zmienia przep\u0142yw krwi w pozytywnym kierunku, itp.<\/li>\n<\/ul>\n\n\n\n<p>Jest to metoda nieinwazyjna, nie wymaga stosowania znieczulenia. Tylko w niekt\u00f3rych miejscach pojawia si\u0119 minimalne uczucie b\u00f3lu, ale tak w\u0142a\u015bnie powinno by\u0107. Zabieg powoduje uczucie mrowienia i zm\u0119czenia.<\/p>\n\n\n<style>.wp-block-kadence-advancedbtn.kb-btns2520_e2374c-5a{gap:var(--global-kb-gap-xs, 0.5rem );justify-content:flex-start;align-items:center;}.kt-btns2520_e2374c-5a .kt-button{font-weight:normal;font-style:normal;}.kt-btns2520_e2374c-5a .kt-btn-wrap-0{margin-right:5px;}.wp-block-kadence-advancedbtn.kt-btns2520_e2374c-5a .kt-btn-wrap-0 .kt-button{color:#555555;border-color:#555555;}.wp-block-kadence-advancedbtn.kt-btns2520_e2374c-5a .kt-btn-wrap-0 .kt-button:hover, .wp-block-kadence-advancedbtn.kt-btns2520_e2374c-5a .kt-btn-wrap-0 .kt-button:focus{color:#ffffff;border-color:#444444;}.wp-block-kadence-advancedbtn.kt-btns2520_e2374c-5a .kt-btn-wrap-0 .kt-button::before{display:none;}.wp-block-kadence-advancedbtn.kt-btns2520_e2374c-5a .kt-btn-wrap-0 .kt-button:hover, .wp-block-kadence-advancedbtn.kt-btns2520_e2374c-5a .kt-btn-wrap-0 .kt-button:focus{background:#444444;}<\/style>\n<div class=\"wp-block-kadence-advancedbtn kb-buttons-wrap kb-btns2520_e2374c-5a\"><style>ul.menu .wp-block-kadence-advancedbtn .kb-btn2520_dd5474-88.kb-button{width:initial;}.wp-block-kadence-advancedbtn .kb-btn2520_dd5474-88.kb-button{border-top-left-radius:100px;border-top-right-radius:100px;border-bottom-right-radius:100px;border-bottom-left-radius:100px;border-top:0px solid;border-right:0px solid;border-bottom:0px solid;border-left:0px solid;padding-top:var(--global-kb-spacing-xs, 1rem);padding-right:var(--global-kb-spacing-sm, 1.5rem);padding-bottom:var(--global-kb-spacing-xs, 1rem);padding-left:var(--global-kb-spacing-sm, 1.5rem);}.wp-block-kadence-advancedbtn .kb-btn2520_dd5474-88.kb-button:hover, .wp-block-kadence-advancedbtn .kb-btn2520_dd5474-88.kb-button:focus{background:#000000;}@media all and (max-width: 1024px){.wp-block-kadence-advancedbtn .kb-btn2520_dd5474-88.kb-button{border-top:0px solid;border-right:0px solid;border-bottom:0px solid;border-left:0px solid;}}@media all and (max-width: 767px){.wp-block-kadence-advancedbtn .kb-btn2520_dd5474-88.kb-button{border-top:0px solid;border-right:0px solid;border-bottom:0px solid;border-left:0px solid;}}<\/style><a class=\"kb-button kt-button button kb-btn2520_dd5474-88 kt-btn-size-large kt-btn-width-type-auto kb-btn-global-fill  kt-btn-has-text-true kt-btn-has-svg-false  wp-block-kadence-singlebtn\" href=\"https:\/\/santamonica.lv\/pl\/zarejestrowac-sie-na-wizyte\/\"><span class=\"kt-btn-inner-text\">Zastosuj wizyt\u0119<\/span><\/a><\/div>\n<\/div>\n<\/div>\n<\/div><\/div>\n\n<\/div><\/div>\n\n<style>.wp-block-kadence-spacer.kt-block-spacer-2520_eb4fa3-f4 .kt-block-spacer{height:80px;}.wp-block-kadence-spacer.kt-block-spacer-2520_eb4fa3-f4 .kt-divider{border-top-width:1px;height:1px;border-top-color:#eee;width:80%;border-top-style:solid;}<\/style>\n<div class=\"wp-block-kadence-spacer aligncenter kt-block-spacer-2520_eb4fa3-f4\"><div class=\"kt-block-spacer kt-block-spacer-halign-center\"><\/div><\/div>\n","protected":false},"excerpt":{"rendered":"<p>Fale uderzeniowe Jak dzia\u0142aj\u0105 fale uderzeniowe Mechaniczne impulsy fal uderzeniowych aktywuj\u0105 ca\u0142y szereg pozytywnych proces\u00f3w w uszkodzonych tkankach \u2013 wch\u0142anianie zwapnie\u0144 i stan\u00f3w zapalnych, rozlu\u017aniaj\u0105 napi\u0119t\u0105 struktur\u0119 mi\u0119\u015bniow\u0105, zapewniaj\u0105 od\u017cywienie i regeneracj\u0119 tkanek. Jest to metoda nieinwazyjna, nie wymaga stosowania znieczulenia. Tylko w niekt\u00f3rych miejscach pojawia si\u0119 minimalne uczucie b\u00f3lu, ale tak w\u0142a\u015bnie powinno by\u0107&#8230;.<\/p>\n","protected":false},"author":1,"featured_media":0,"parent":0,"menu_order":0,"comment_status":"closed","ping_status":"closed","template":"","meta":{"_acf_changed":false,"_uag_custom_page_level_css":"","_kadence_starter_templates_imported_post":false,"_kad_post_transparent":"","_kad_post_title":"hide","_kad_post_layout":"fullwidth","_kad_post_sidebar_id":"","_kad_post_content_style":"unboxed","_kad_post_vertical_padding":"hide","_kad_post_feature":"hide","_kad_post_feature_position":"","_kad_post_header":false,"_kad_post_footer":false,"footnotes":""},"class_list":["post-2520","page","type-page","status-publish","hentry"],"acf":[],"yoast_head":"<!-- This site is optimized with the Yoast SEO plugin v26.4 - https:\/\/yoast.com\/wordpress\/plugins\/seo\/ -->\n<title>Fale uderzeniowe - Santa Monica<\/title>\n<meta name=\"robots\" content=\"index, follow, max-snippet:-1, max-image-preview:large, max-video-preview:-1\" \/>\n<link rel=\"canonical\" href=\"https:\/\/santamonica.lv\/pl\/fale-uderzeniowe\/\" \/>\n<meta property=\"og:locale\" content=\"pl_PL\" \/>\n<meta property=\"og:type\" content=\"article\" \/>\n<meta property=\"og:title\" content=\"Fale uderzeniowe - Santa Monica\" \/>\n<meta property=\"og:description\" content=\"Fale uderzeniowe Jak dzia\u0142aj\u0105 fale uderzeniowe Mechaniczne impulsy fal uderzeniowych aktywuj\u0105 ca\u0142y szereg pozytywnych proces\u00f3w w uszkodzonych tkankach \u2013 wch\u0142anianie zwapnie\u0144 i stan\u00f3w zapalnych, rozlu\u017aniaj\u0105 napi\u0119t\u0105 struktur\u0119 mi\u0119\u015bniow\u0105, zapewniaj\u0105 od\u017cywienie i regeneracj\u0119 tkanek. Jest to metoda nieinwazyjna, nie wymaga stosowania znieczulenia. Tylko w niekt\u00f3rych miejscach pojawia si\u0119 minimalne uczucie b\u00f3lu, ale tak w\u0142a\u015bnie powinno by\u0107....\" \/>\n<meta property=\"og:url\" content=\"https:\/\/santamonica.lv\/pl\/fale-uderzeniowe\/\" \/>\n<meta property=\"og:site_name\" content=\"Santa Monica\" \/>\n<meta property=\"article:publisher\" content=\"https:\/\/www.facebook.com\/klinikasantamonica\" \/>\n<meta property=\"article:modified_time\" content=\"2024-12-29T16:40:43+00:00\" \/>\n<meta property=\"og:image\" content=\"https:\/\/santamonica.lv\/wp-content\/uploads\/2023\/07\/santa-monica-3.png\" \/>\n\t<meta property=\"og:image:width\" content=\"402\" \/>\n\t<meta property=\"og:image:height\" content=\"400\" \/>\n\t<meta property=\"og:image:type\" content=\"image\/png\" \/>\n<meta name=\"twitter:card\" content=\"summary_large_image\" \/>\n<meta name=\"twitter:label1\" content=\"Est. reading time\" \/>\n\t<meta name=\"twitter:data1\" content=\"1 minuta\" \/>\n<script type=\"application\/ld+json\" class=\"yoast-schema-graph\">{\"@context\":\"https:\/\/schema.org\",\"@graph\":[{\"@type\":\"WebPage\",\"@id\":\"https:\/\/santamonica.lv\/pl\/fale-uderzeniowe\/\",\"url\":\"https:\/\/santamonica.lv\/pl\/fale-uderzeniowe\/\",\"name\":\"Fale uderzeniowe - Santa Monica\",\"isPartOf\":{\"@id\":\"https:\/\/santamonica.lv\/pl\/#website\"},\"primaryImageOfPage\":{\"@id\":\"https:\/\/santamonica.lv\/pl\/fale-uderzeniowe\/#primaryimage\"},\"image\":{\"@id\":\"https:\/\/santamonica.lv\/pl\/fale-uderzeniowe\/#primaryimage\"},\"thumbnailUrl\":\"https:\/\/santamonica.lv\/wp-content\/uploads\/2023\/07\/santa-monica-3.png\",\"datePublished\":\"2023-10-07T15:50:27+00:00\",\"dateModified\":\"2024-12-29T16:40:43+00:00\",\"breadcrumb\":{\"@id\":\"https:\/\/santamonica.lv\/pl\/fale-uderzeniowe\/#breadcrumb\"},\"inLanguage\":\"pl-PL\",\"potentialAction\":[{\"@type\":\"ReadAction\",\"target\":[\"https:\/\/santamonica.lv\/pl\/fale-uderzeniowe\/\"]}]},{\"@type\":\"ImageObject\",\"inLanguage\":\"pl-PL\",\"@id\":\"https:\/\/santamonica.lv\/pl\/fale-uderzeniowe\/#primaryimage\",\"url\":\"https:\/\/santamonica.lv\/wp-content\/uploads\/2023\/07\/santa-monica-3.png\",\"contentUrl\":\"https:\/\/santamonica.lv\/wp-content\/uploads\/2023\/07\/santa-monica-3.png\"},{\"@type\":\"BreadcrumbList\",\"@id\":\"https:\/\/santamonica.lv\/pl\/fale-uderzeniowe\/#breadcrumb\",\"itemListElement\":[{\"@type\":\"ListItem\",\"position\":1,\"name\":\"Home\",\"item\":\"https:\/\/santamonica.lv\/pl\/poczatek\/\"},{\"@type\":\"ListItem\",\"position\":2,\"name\":\"Fale uderzeniowe\"}]},{\"@type\":\"WebSite\",\"@id\":\"https:\/\/santamonica.lv\/pl\/#website\",\"url\":\"https:\/\/santamonica.lv\/pl\/\",\"name\":\"Santa Monica\",\"description\":\"\",\"potentialAction\":[{\"@type\":\"SearchAction\",\"target\":{\"@type\":\"EntryPoint\",\"urlTemplate\":\"https:\/\/santamonica.lv\/pl\/?s={search_term_string}\"},\"query-input\":{\"@type\":\"PropertyValueSpecification\",\"valueRequired\":true,\"valueName\":\"search_term_string\"}}],\"inLanguage\":\"pl-PL\"}]}<\/script>\n<!-- \/ Yoast SEO plugin. -->","yoast_head_json":{"title":"Fale uderzeniowe - Santa Monica","robots":{"index":"index","follow":"follow","max-snippet":"max-snippet:-1","max-image-preview":"max-image-preview:large","max-video-preview":"max-video-preview:-1"},"canonical":"https:\/\/santamonica.lv\/pl\/fale-uderzeniowe\/","og_locale":"pl_PL","og_type":"article","og_title":"Fale uderzeniowe - Santa Monica","og_description":"Fale uderzeniowe Jak dzia\u0142aj\u0105 fale uderzeniowe Mechaniczne impulsy fal uderzeniowych aktywuj\u0105 ca\u0142y szereg pozytywnych proces\u00f3w w uszkodzonych tkankach \u2013 wch\u0142anianie zwapnie\u0144 i stan\u00f3w zapalnych, rozlu\u017aniaj\u0105 napi\u0119t\u0105 struktur\u0119 mi\u0119\u015bniow\u0105, zapewniaj\u0105 od\u017cywienie i regeneracj\u0119 tkanek. Jest to metoda nieinwazyjna, nie wymaga stosowania znieczulenia. Tylko w niekt\u00f3rych miejscach pojawia si\u0119 minimalne uczucie b\u00f3lu, ale tak w\u0142a\u015bnie powinno by\u0107....","og_url":"https:\/\/santamonica.lv\/pl\/fale-uderzeniowe\/","og_site_name":"Santa Monica","article_publisher":"https:\/\/www.facebook.com\/klinikasantamonica","article_modified_time":"2024-12-29T16:40:43+00:00","og_image":[{"width":402,"height":400,"url":"https:\/\/santamonica.lv\/wp-content\/uploads\/2023\/07\/santa-monica-3.png","type":"image\/png"}],"twitter_card":"summary_large_image","twitter_misc":{"Est. reading time":"1 minuta"},"schema":{"@context":"https:\/\/schema.org","@graph":[{"@type":"WebPage","@id":"https:\/\/santamonica.lv\/pl\/fale-uderzeniowe\/","url":"https:\/\/santamonica.lv\/pl\/fale-uderzeniowe\/","name":"Fale uderzeniowe - Santa Monica","isPartOf":{"@id":"https:\/\/santamonica.lv\/pl\/#website"},"primaryImageOfPage":{"@id":"https:\/\/santamonica.lv\/pl\/fale-uderzeniowe\/#primaryimage"},"image":{"@id":"https:\/\/santamonica.lv\/pl\/fale-uderzeniowe\/#primaryimage"},"thumbnailUrl":"https:\/\/santamonica.lv\/wp-content\/uploads\/2023\/07\/santa-monica-3.png","datePublished":"2023-10-07T15:50:27+00:00","dateModified":"2024-12-29T16:40:43+00:00","breadcrumb":{"@id":"https:\/\/santamonica.lv\/pl\/fale-uderzeniowe\/#breadcrumb"},"inLanguage":"pl-PL","potentialAction":[{"@type":"ReadAction","target":["https:\/\/santamonica.lv\/pl\/fale-uderzeniowe\/"]}]},{"@type":"ImageObject","inLanguage":"pl-PL","@id":"https:\/\/santamonica.lv\/pl\/fale-uderzeniowe\/#primaryimage","url":"https:\/\/santamonica.lv\/wp-content\/uploads\/2023\/07\/santa-monica-3.png","contentUrl":"https:\/\/santamonica.lv\/wp-content\/uploads\/2023\/07\/santa-monica-3.png"},{"@type":"BreadcrumbList","@id":"https:\/\/santamonica.lv\/pl\/fale-uderzeniowe\/#breadcrumb","itemListElement":[{"@type":"ListItem","position":1,"name":"Home","item":"https:\/\/santamonica.lv\/pl\/poczatek\/"},{"@type":"ListItem","position":2,"name":"Fale uderzeniowe"}]},{"@type":"WebSite","@id":"https:\/\/santamonica.lv\/pl\/#website","url":"https:\/\/santamonica.lv\/pl\/","name":"Santa Monica","description":"","potentialAction":[{"@type":"SearchAction","target":{"@type":"EntryPoint","urlTemplate":"https:\/\/santamonica.lv\/pl\/?s={search_term_string}"},"query-input":{"@type":"PropertyValueSpecification","valueRequired":true,"valueName":"search_term_string"}}],"inLanguage":"pl-PL"}]}},"uagb_featured_image_src":{"full":false,"thumbnail":false,"medium":false,"medium_large":false,"large":false,"1536x1536":false,"2048x2048":false,"woocommerce_thumbnail":false,"woocommerce_single":false,"woocommerce_gallery_thumbnail":false},"uagb_author_info":{"display_name":"admin","author_link":"https:\/\/santamonica.lv\/pl\/author\/admin\/"},"uagb_comment_info":0,"uagb_excerpt":"Fale uderzeniowe Jak dzia\u0142aj\u0105 fale uderzeniowe Mechaniczne impulsy fal uderzeniowych aktywuj\u0105 ca\u0142y szereg pozytywnych proces\u00f3w w uszkodzonych tkankach \u2013 wch\u0142anianie zwapnie\u0144 i stan\u00f3w zapalnych, rozlu\u017aniaj\u0105 napi\u0119t\u0105 struktur\u0119 mi\u0119\u015bniow\u0105, zapewniaj\u0105 od\u017cywienie i regeneracj\u0119 tkanek. Jest to metoda nieinwazyjna, nie wymaga stosowania znieczulenia. Tylko w niekt\u00f3rych miejscach pojawia si\u0119 minimalne uczucie b\u00f3lu, ale tak w\u0142a\u015bnie powinno by\u0107....","_links":{"self":[{"href":"https:\/\/santamonica.lv\/pl\/wp-json\/wp\/v2\/pages\/2520","targetHints":{"allow":["GET"]}}],"collection":[{"href":"https:\/\/santamonica.lv\/pl\/wp-json\/wp\/v2\/pages"}],"about":[{"href":"https:\/\/santamonica.lv\/pl\/wp-json\/wp\/v2\/types\/page"}],"author":[{"embeddable":true,"href":"https:\/\/santamonica.lv\/pl\/wp-json\/wp\/v2\/users\/1"}],"replies":[{"embeddable":true,"href":"https:\/\/santamonica.lv\/pl\/wp-json\/wp\/v2\/comments?post=2520"}],"version-history":[{"count":2,"href":"https:\/\/santamonica.lv\/pl\/wp-json\/wp\/v2\/pages\/2520\/revisions"}],"predecessor-version":[{"id":2676,"href":"https:\/\/santamonica.lv\/pl\/wp-json\/wp\/v2\/pages\/2520\/revisions\/2676"}],"wp:attachment":[{"href":"https:\/\/santamonica.lv\/pl\/wp-json\/wp\/v2\/media?parent=2520"}],"curies":[{"name":"wp","href":"https:\/\/api.w.org\/{rel}","templated":true}]}}