{"id":2522,"date":"2024-01-26T20:24:07","date_gmt":"2024-01-26T18:24:07","guid":{"rendered":"https:\/\/santamonica.lv\/dla-zdrowia\/"},"modified":"2025-03-06T01:01:26","modified_gmt":"2025-03-05T23:01:26","slug":"dla-zdrowia","status":"publish","type":"page","link":"https:\/\/santamonica.lv\/pl\/dla-zdrowia\/","title":{"rendered":"Dla zdrowia"},"content":{"rendered":"<style>\n.childpagescard_img_block0d7363894acdee742caf7fe4e97c4d49 {\n  float: left;\n  padding: 10px;\n}\n.childpagescard_border0d7363894acdee742caf7fe4e97c4d49 {\n  border-right: solid 5px #7db4e6;\n  padding: 0.25em 0.25em;\n  color: #494949;\n  background: transparent;\n}\n.childpagescard_title0d7363894acdee742caf7fe4e97c4d49 {\n  line-height: 120%;\n  font-weight: bold;\n  display: block;\n}\n.childpagescard_description0d7363894acdee742caf7fe4e97c4d49 {\n  line-height: 120%;\n  color: #333;\n}\n<\/style>\n<div class=\"childpagescard_wrap\">\n\t<a style=\"text-decoration: none;\" href=\"https:\/\/santamonica.lv\/pl\/dla-zdrowia\/kadzidlo-lub-boswellia\/\">\n\t\t\t<figure class=\"childpagescard_img_block0d7363894acdee742caf7fe4e97c4d49\">\n\t\t\t<img decoding=\"async\" style=\"border-radius: 5px; width: 300px; height: 300px;\" src=\"https:\/\/santamonica.lv\/wp-content\/uploads\/2024\/01\/bosvelijas-koka-sveki-viraks-300x300.jpg\" alt=\"Kadzid\u0142o lub boswellia - Santa Monica\" \/>\n\t\t<\/figure>\n\t\t<div class=\"childpagescard_inner\">\n\t\t<div class=\"childpagescard_border0d7363894acdee742caf7fe4e97c4d49\">\n\t\t\t<div class=\"childpagescard_title0d7363894acdee742caf7fe4e97c4d49\">\n\t\t\t\tKadzid\u0142o lub boswellia &#8211; Santa Monica\t\t\t<\/div>\n\t\t\t\t\t\t\t<div class=\"childpagescard_description0d7363894acdee742caf7fe4e97c4d49\">\n\t\t\t\t\tPachn\u0105ce kadzid\u0142o to \u017cywica drzewa boswellia, kt\u00f3ra by\u0142a wykorzystywana do cel\u00f3w religijnych od czas\u00f3w staro\u017cytnych, ale obecnie coraz cz\u0119\u015bciej przytacza si\u0119 j\u0105 ze wzgl\u0119du na jej w\u0142a\u015bciwo\u015bci lecznicze&#8230;\t\t\t\t<\/div>\n\t\t\t\t\t<\/div>\n\t<\/div>\n\t<div style=\"clear: both;\"><\/div>\n\t<\/a>\n<\/div>\n<div class=\"childpagescard_wrap\">\n\t<a style=\"text-decoration: none;\" href=\"https:\/\/santamonica.lv\/pl\/dla-zdrowia\/adek-roztwor-witamin-do-wstrzykiwan\/\">\n\t\t\t<figure class=\"childpagescard_img_block0d7363894acdee742caf7fe4e97c4d49\">\n\t\t\t<img decoding=\"async\" style=\"border-radius: 5px; width: 300px; height: 300px;\" src=\"https:\/\/santamonica.lv\/wp-content\/uploads\/2024\/01\/adek-vitaminu-infuzijas-300x300.jpg\" alt=\"ADEK roztw\u00f3r witamin do wstrzykiwa\u0144 - Santa Monica\" \/>\n\t\t<\/figure>\n\t\t<div class=\"childpagescard_inner\">\n\t\t<div class=\"childpagescard_border0d7363894acdee742caf7fe4e97c4d49\">\n\t\t\t<div class=\"childpagescard_title0d7363894acdee742caf7fe4e97c4d49\">\n\t\t\t\tADEK roztw\u00f3r witamin do wstrzykiwa\u0144 &#8211; Santa Monica\t\t\t<\/div>\n\t\t\t\t\t\t\t<div class=\"childpagescard_description0d7363894acdee742caf7fe4e97c4d49\">\n\t\t\t\t\tWitaminy A, D, E i K s\u0105 rozpuszczalne w t\u0142uszczach i pozostaj\u0105 w organizmie stosunkowo d\u0142ugo. W przypadku wielu chor\u00f3b w organizmie dochodzi do niedobor\u00f3w tych substancji na skutek zaburze\u0144 wch\u0142aniani&#8230;\t\t\t\t<\/div>\n\t\t\t\t\t<\/div>\n\t<\/div>\n\t<div style=\"clear: both;\"><\/div>\n\t<\/a>\n<\/div>\n<div class=\"childpagescard_wrap\">\n\t<a style=\"text-decoration: none;\" href=\"https:\/\/santamonica.lv\/pl\/dla-zdrowia\/kwas-alfa-liponowy\/\">\n\t\t\t<figure class=\"childpagescard_img_block0d7363894acdee742caf7fe4e97c4d49\">\n\t\t\t<img decoding=\"async\" style=\"border-radius: 5px; width: 300px; height: 300px;\" src=\"https:\/\/santamonica.lv\/wp-content\/uploads\/2024\/01\/alpha-lipoic-acid-300x300.jpg\" alt=\"was alfa liponowy - Santa Monica\" \/>\n\t\t<\/figure>\n\t\t<div class=\"childpagescard_inner\">\n\t\t<div class=\"childpagescard_border0d7363894acdee742caf7fe4e97c4d49\">\n\t\t\t<div class=\"childpagescard_title0d7363894acdee742caf7fe4e97c4d49\">\n\t\t\t\twas alfa liponowy &#8211; Santa Monica\t\t\t<\/div>\n\t\t\t\t\t\t\t<div class=\"childpagescard_description0d7363894acdee742caf7fe4e97c4d49\">\n\t\t\t\t\tKwas liponowy, znany r\u00f3wnie\u017c jako kwas \u03b1-liponowy, kwas alfa-liponowy lub kwas tioktowy, jest zwi\u0105zkiem organicznym zawieraj\u0105cym siark\u0119 pochodz\u0105cym z kwasu kaprylowego. ALS jest zwykle wytwarzany prze&#8230;\t\t\t\t<\/div>\n\t\t\t\t\t<\/div>\n\t<\/div>\n\t<div style=\"clear: both;\"><\/div>\n\t<\/a>\n<\/div>\n<div class=\"childpagescard_wrap\">\n\t<a style=\"text-decoration: none;\" href=\"https:\/\/santamonica.lv\/pl\/dla-zdrowia\/artesunat\/\">\n\t\t\t<figure class=\"childpagescard_img_block0d7363894acdee742caf7fe4e97c4d49\">\n\t\t\t<img decoding=\"async\" style=\"border-radius: 5px; width: 300px; height: 300px;\" src=\"https:\/\/santamonica.lv\/wp-content\/uploads\/2024\/01\/artemisia-annua-300x300.jpg\" alt=\"Artesunat - Santa Monica\" \/>\n\t\t<\/figure>\n\t\t<div class=\"childpagescard_inner\">\n\t\t<div class=\"childpagescard_border0d7363894acdee742caf7fe4e97c4d49\">\n\t\t\t<div class=\"childpagescard_title0d7363894acdee742caf7fe4e97c4d49\">\n\t\t\t\tArtesunat &#8211; Santa Monica\t\t\t<\/div>\n\t\t\t\t\t\t\t<div class=\"childpagescard_description0d7363894acdee742caf7fe4e97c4d49\">\n\t\t\t\t\tArtesunate to pochodna artemizyny otrzymywana z chi\u0144skiej ro\u015bliny Artemisia annua, czyli chi\u0144skiego pio\u0142unu. Od stuleci stosowana jest w krajach azjatyckich jako tradycyjny lek na infekcje. \u00a0\n\n\n\n\n\nMec&#8230;\t\t\t\t<\/div>\n\t\t\t\t\t<\/div>\n\t<\/div>\n\t<div style=\"clear: both;\"><\/div>\n\t<\/a>\n<\/div>\n<div class=\"childpagescard_wrap\">\n\t<a style=\"text-decoration: none;\" href=\"https:\/\/santamonica.lv\/pl\/dla-zdrowia\/witamina-c\/\">\n\t\t\t<figure class=\"childpagescard_img_block0d7363894acdee742caf7fe4e97c4d49\">\n\t\t\t<img decoding=\"async\" style=\"border-radius: 5px; width: 300px; height: 300px;\" src=\"https:\/\/santamonica.lv\/wp-content\/uploads\/2024\/01\/vitamina-c-terapija-veza-arstesanai-300x300.jpg\" alt=\"Witamina C - Santa Monica\" \/>\n\t\t<\/figure>\n\t\t<div class=\"childpagescard_inner\">\n\t\t<div class=\"childpagescard_border0d7363894acdee742caf7fe4e97c4d49\">\n\t\t\t<div class=\"childpagescard_title0d7363894acdee742caf7fe4e97c4d49\">\n\t\t\t\tWitamina C &#8211; Santa Monica\t\t\t<\/div>\n\t\t\t\t\t\t\t<div class=\"childpagescard_description0d7363894acdee742caf7fe4e97c4d49\">\n\t\t\t\t\tSkuteczne narz\u0119dzie w leczeniu r\u00f3\u017cnych chor\u00f3b. Witamina C dzia\u0142a zar\u00f3wno na wirusy, jak i mo\u017cna j\u0105 stosowa\u0107 tak\u017ce w przypadku infekcji bakteryjnych. Dzia\u0142a w r\u00f3\u017cnych kierunkach jednocze\u015bnie. Aktywuj\u0105c&#8230;\t\t\t\t<\/div>\n\t\t\t\t\t<\/div>\n\t<\/div>\n\t<div style=\"clear: both;\"><\/div>\n\t<\/a>\n<\/div>\n<div class=\"childpagescard_wrap\">\n\t<a style=\"text-decoration: none;\" href=\"https:\/\/santamonica.lv\/pl\/dla-zdrowia\/dichlorooctan\/\">\n\t\t\t<figure class=\"childpagescard_img_block0d7363894acdee742caf7fe4e97c4d49\">\n\t\t\t<img decoding=\"async\" style=\"border-radius: 5px; width: 300px; height: 300px;\" src=\"https:\/\/santamonica.lv\/wp-content\/uploads\/2024\/01\/dihloroacetats-300x300.jpg\" alt=\"Dichlorooctan - Santa Monica\" \/>\n\t\t<\/figure>\n\t\t<div class=\"childpagescard_inner\">\n\t\t<div class=\"childpagescard_border0d7363894acdee742caf7fe4e97c4d49\">\n\t\t\t<div class=\"childpagescard_title0d7363894acdee742caf7fe4e97c4d49\">\n\t\t\t\tDichlorooctan &#8211; Santa Monica\t\t\t<\/div>\n\t\t\t\t\t\t\t<div class=\"childpagescard_description0d7363894acdee742caf7fe4e97c4d49\">\n\t\t\t\t\tOd pocz\u0105tku lek o nazwie dichlorooctan by\u0142 stosowany w leczeniu stosunkowo rzadkiej choroby metabolicznej u dzieci (kwasicy mleczanowej). Nast\u0119pnie zesp\u00f3\u0142 badawczy z Kanady dowiedzia\u0142 si\u0119, \u017ce substanc&#8230;\t\t\t\t<\/div>\n\t\t\t\t\t<\/div>\n\t<\/div>\n\t<div style=\"clear: both;\"><\/div>\n\t<\/a>\n<\/div>\n<div class=\"childpagescard_wrap\">\n\t<a style=\"text-decoration: none;\" href=\"https:\/\/santamonica.lv\/pl\/dla-zdrowia\/fenyloalanina\/\">\n\t\t\t<figure class=\"childpagescard_img_block0d7363894acdee742caf7fe4e97c4d49\">\n\t\t\t<img decoding=\"async\" style=\"border-radius: 5px; width: 300px; height: 300px;\" src=\"https:\/\/santamonica.lv\/wp-content\/uploads\/2024\/01\/phenylalanine-300x300.jpg\" alt=\"Fenyloalanina - Santa Monica\" \/>\n\t\t<\/figure>\n\t\t<div class=\"childpagescard_inner\">\n\t\t<div class=\"childpagescard_border0d7363894acdee742caf7fe4e97c4d49\">\n\t\t\t<div class=\"childpagescard_title0d7363894acdee742caf7fe4e97c4d49\">\n\t\t\t\tFenyloalanina &#8211; Santa Monica\t\t\t<\/div>\n\t\t\t\t\t\t\t<div class=\"childpagescard_description0d7363894acdee742caf7fe4e97c4d49\">\n\t\t\t\t\tFenyloalanina jest aminokwasem niezb\u0119dnym w organizmie cz\u0142owieka. Przyjmuje si\u0119 go za pomoc\u0105 od\u017cywiania. W naszym organizmie powstaj\u0105 z niego enzymy takie jak insulina, papaina i melanina. Aminokwas t&#8230;\t\t\t\t<\/div>\n\t\t\t\t\t<\/div>\n\t<\/div>\n\t<div style=\"clear: both;\"><\/div>\n\t<\/a>\n<\/div>\n<div class=\"childpagescard_wrap\">\n\t<a style=\"text-decoration: none;\" href=\"https:\/\/santamonica.lv\/pl\/dla-zdrowia\/glutation\/\">\n\t\t\t<figure class=\"childpagescard_img_block0d7363894acdee742caf7fe4e97c4d49\">\n\t\t\t<img decoding=\"async\" style=\"border-radius: 5px; width: 300px; height: 300px;\" src=\"https:\/\/santamonica.lv\/wp-content\/uploads\/2024\/01\/glutathione-anti-aging-300x300.jpg\" alt=\"Glutation - Santa Monica\" \/>\n\t\t<\/figure>\n\t\t<div class=\"childpagescard_inner\">\n\t\t<div class=\"childpagescard_border0d7363894acdee742caf7fe4e97c4d49\">\n\t\t\t<div class=\"childpagescard_title0d7363894acdee742caf7fe4e97c4d49\">\n\t\t\t\tGlutation &#8211; Santa Monica\t\t\t<\/div>\n\t\t\t\t\t\t\t<div class=\"childpagescard_description0d7363894acdee742caf7fe4e97c4d49\">\n\t\t\t\t\tGlutation jest przeciwutleniaczem sk\u0142adaj\u0105cym si\u0119 z kilku aminokwas\u00f3w: cysteiny, glutaminy i glicyny. Wyst\u0119puje w owocach i warzywach i jest syntetyzowany naturalnie w ka\u017cdym \u017cywym organizmie.W onkolo&#8230;\t\t\t\t<\/div>\n\t\t\t\t\t<\/div>\n\t<\/div>\n\t<div style=\"clear: both;\"><\/div>\n\t<\/a>\n<\/div>\n<div class=\"childpagescard_wrap\">\n\t<a style=\"text-decoration: none;\" href=\"https:\/\/santamonica.lv\/pl\/dla-zdrowia\/hydroksyprolina\/\">\n\t\t\t<figure class=\"childpagescard_img_block0d7363894acdee742caf7fe4e97c4d49\">\n\t\t\t<img decoding=\"async\" style=\"border-radius: 5px; width: 300px; height: 300px;\" src=\"https:\/\/santamonica.lv\/wp-content\/uploads\/2024\/01\/hydroxyproline-300x300.jpg\" alt=\"Hydroksyprolina - Santa Monica\" \/>\n\t\t<\/figure>\n\t\t<div class=\"childpagescard_inner\">\n\t\t<div class=\"childpagescard_border0d7363894acdee742caf7fe4e97c4d49\">\n\t\t\t<div class=\"childpagescard_title0d7363894acdee742caf7fe4e97c4d49\">\n\t\t\t\tHydroksyprolina &#8211; Santa Monica\t\t\t<\/div>\n\t\t\t\t\t\t\t<div class=\"childpagescard_description0d7363894acdee742caf7fe4e97c4d49\">\n\t\t\t\t\tHydroksyprolina jest g\u0142\u00f3wnym sk\u0142adnikiem wszystkich w\u0142\u00f3kien kolagenowych. Razem z prolin\u0105 stabilizuje struktur\u0119 kolagenu w organizmie. Dlatego te\u017c stosuje si\u0119 go w leczeniu chor\u00f3b charakteryzuj\u0105cych s&#8230;\t\t\t\t<\/div>\n\t\t\t\t\t<\/div>\n\t<\/div>\n\t<div style=\"clear: both;\"><\/div>\n\t<\/a>\n<\/div>\n<div class=\"childpagescard_wrap\">\n\t<a style=\"text-decoration: none;\" href=\"https:\/\/santamonica.lv\/pl\/dla-zdrowia\/immuno-koktajl-aminokwasowy\/\">\n\t\t\t<figure class=\"childpagescard_img_block0d7363894acdee742caf7fe4e97c4d49\">\n\t\t\t<img decoding=\"async\" style=\"border-radius: 5px; width: 300px; height: 300px;\" src=\"https:\/\/santamonica.lv\/wp-content\/uploads\/2024\/01\/immuno-300x300.jpg\" alt=\"IMMUNO \u2013 koktajl aminokwasowy - Santa Monica\" \/>\n\t\t<\/figure>\n\t\t<div class=\"childpagescard_inner\">\n\t\t<div class=\"childpagescard_border0d7363894acdee742caf7fe4e97c4d49\">\n\t\t\t<div class=\"childpagescard_title0d7363894acdee742caf7fe4e97c4d49\">\n\t\t\t\tIMMUNO \u2013 koktajl aminokwasowy &#8211; Santa Monica\t\t\t<\/div>\n\t\t\t\t\t\t\t<div class=\"childpagescard_description0d7363894acdee742caf7fe4e97c4d49\">\n\t\t\t\t\tAminokwasy to zwi\u0105zki organiczne posiadaj\u0105ce w\u0142a\u015bciwo\u015bci kwas\u00f3w i amin. Ich sk\u0142ad obejmuje zar\u00f3wno grup\u0119 karboksylow\u0105, jak i grup\u0119 aminow\u0105 (zwi\u0105zki azotu). Wiele aminokwas\u00f3w \u0142\u0105czy si\u0119, tworz\u0105c bia\u0142ka,&#8230;\t\t\t\t<\/div>\n\t\t\t\t\t<\/div>\n\t<\/div>\n\t<div style=\"clear: both;\"><\/div>\n\t<\/a>\n<\/div>\n<div class=\"childpagescard_wrap\">\n\t<a style=\"text-decoration: none;\" href=\"https:\/\/santamonica.lv\/pl\/dla-zdrowia\/kurkumina\/\">\n\t\t\t<figure class=\"childpagescard_img_block0d7363894acdee742caf7fe4e97c4d49\">\n\t\t\t<img decoding=\"async\" style=\"border-radius: 5px; width: 300px; height: 300px;\" src=\"https:\/\/santamonica.lv\/wp-content\/uploads\/2024\/01\/kurkumins-300x300.jpg\" alt=\"Kurkumina - Santa Monica\" \/>\n\t\t<\/figure>\n\t\t<div class=\"childpagescard_inner\">\n\t\t<div class=\"childpagescard_border0d7363894acdee742caf7fe4e97c4d49\">\n\t\t\t<div class=\"childpagescard_title0d7363894acdee742caf7fe4e97c4d49\">\n\t\t\t\tKurkumina &#8211; Santa Monica\t\t\t<\/div>\n\t\t\t\t\t\t\t<div class=\"childpagescard_description0d7363894acdee742caf7fe4e97c4d49\">\n\t\t\t\t\tKurkumina jest silnym przeciwutleniaczem. Kurkumina jest stosowana w tradycyjnej medycynie indyjskiej od kilku tysi\u0105cleci. Chocia\u017c w naszym kraju jest bardziej znana jako przyprawa, nale\u017cy zaznaczy\u0107, &#8230;\t\t\t\t<\/div>\n\t\t\t\t\t<\/div>\n\t<\/div>\n\t<div style=\"clear: both;\"><\/div>\n\t<\/a>\n<\/div>\n<div class=\"childpagescard_wrap\">\n\t<a style=\"text-decoration: none;\" href=\"https:\/\/santamonica.lv\/pl\/dla-zdrowia\/metylosulfonylometan-msm\/\">\n\t\t\t<figure class=\"childpagescard_img_block0d7363894acdee742caf7fe4e97c4d49\">\n\t\t\t<img decoding=\"async\" style=\"border-radius: 5px; width: 300px; height: 300px;\" src=\"https:\/\/santamonica.lv\/wp-content\/uploads\/2024\/01\/MSM-300x300.jpg\" alt=\"Metylosulfonylometan (MSM) - Santa Monica\" \/>\n\t\t<\/figure>\n\t\t<div class=\"childpagescard_inner\">\n\t\t<div class=\"childpagescard_border0d7363894acdee742caf7fe4e97c4d49\">\n\t\t\t<div class=\"childpagescard_title0d7363894acdee742caf7fe4e97c4d49\">\n\t\t\t\tMetylosulfonylometan (MSM) &#8211; Santa Monica\t\t\t<\/div>\n\t\t\t\t\t\t\t<div class=\"childpagescard_description0d7363894acdee742caf7fe4e97c4d49\">\n\t\t\t\t\tMetylosulfanometan jest naturalnym organicznym zwi\u0105zkiem zawieraj\u0105cym siark\u0119, szeroko stosowanym w medycynie komplementarnej i alternatywnej. Naturalnie powstaje w organizmie cz\u0142owieka, ale w niewielk&#8230;\t\t\t\t<\/div>\n\t\t\t\t\t<\/div>\n\t<\/div>\n\t<div style=\"clear: both;\"><\/div>\n\t<\/a>\n<\/div>\n<div class=\"childpagescard_wrap\">\n\t<a style=\"text-decoration: none;\" href=\"https:\/\/santamonica.lv\/pl\/dla-zdrowia\/olifenolia\/\">\n\t\t\t<figure class=\"childpagescard_img_block0d7363894acdee742caf7fe4e97c4d49\">\n\t\t\t<img decoding=\"async\" style=\"border-radius: 5px; width: 300px; height: 300px;\" src=\"https:\/\/santamonica.lv\/wp-content\/uploads\/2024\/01\/OliPhenolia-300x300.jpg\" alt=\"Olifenolia - Santa Monica\" \/>\n\t\t<\/figure>\n\t\t<div class=\"childpagescard_inner\">\n\t\t<div class=\"childpagescard_border0d7363894acdee742caf7fe4e97c4d49\">\n\t\t\t<div class=\"childpagescard_title0d7363894acdee742caf7fe4e97c4d49\">\n\t\t\t\tOlifenolia &#8211; Santa Monica\t\t\t<\/div>\n\t\t\t\t\t\t\t<div class=\"childpagescard_description0d7363894acdee742caf7fe4e97c4d49\">\n\t\t\t\t\tOliphenolia to do\u017cylny koktajl polifenoli \u2013 roztw\u00f3r do wstrzykiwa\u0144 \u0142\u0105cz\u0105cy w sobie fitoncydy pozyskiwane z oliwek uprawianych we W\u0142oszech bez obr\u00f3bki cieplnej. G\u0142\u00f3wnym sk\u0142adnikiem nowo otrzymanego pro&#8230;\t\t\t\t<\/div>\n\t\t\t\t\t<\/div>\n\t<\/div>\n\t<div style=\"clear: both;\"><\/div>\n\t<\/a>\n<\/div>\n<div class=\"childpagescard_wrap\">\n\t<a style=\"text-decoration: none;\" href=\"https:\/\/santamonica.lv\/pl\/dla-zdrowia\/onko-koktajl-aminokwasowy\/\">\n\t\t\t<figure class=\"childpagescard_img_block0d7363894acdee742caf7fe4e97c4d49\">\n\t\t\t<img decoding=\"async\" style=\"border-radius: 5px; width: 300px; height: 300px;\" src=\"https:\/\/santamonica.lv\/wp-content\/uploads\/2024\/01\/onko-amino-acids-300x300.jpg\" alt=\"ONKO \u2013 koktajl aminokwasowy - Santa Monica\" \/>\n\t\t<\/figure>\n\t\t<div class=\"childpagescard_inner\">\n\t\t<div class=\"childpagescard_border0d7363894acdee742caf7fe4e97c4d49\">\n\t\t\t<div class=\"childpagescard_title0d7363894acdee742caf7fe4e97c4d49\">\n\t\t\t\tONKO \u2013 koktajl aminokwasowy &#8211; Santa Monica\t\t\t<\/div>\n\t\t\t\t\t\t\t<div class=\"childpagescard_description0d7363894acdee742caf7fe4e97c4d49\">\n\t\t\t\t\tAminokwasy to zwi\u0105zki organiczne posiadaj\u0105ce w\u0142a\u015bciwo\u015bci kwas\u00f3w i amin. Ich sk\u0142ad obejmuje zar\u00f3wno grup\u0119 karboksylow\u0105, jak i grup\u0119 aminow\u0105 (zwi\u0105zki azotu). Wiele aminokwas\u00f3w \u0142\u0105czy si\u0119, tworz\u0105c bia\u0142ka,&#8230;\t\t\t\t<\/div>\n\t\t\t\t\t<\/div>\n\t<\/div>\n\t<div style=\"clear: both;\"><\/div>\n\t<\/a>\n<\/div>\n<div class=\"childpagescard_wrap\">\n\t<a style=\"text-decoration: none;\" href=\"https:\/\/santamonica.lv\/pl\/dla-zdrowia\/napary-z-prokainy-i-wodoroweglanow\/\">\n\t\t\t<figure class=\"childpagescard_img_block0d7363894acdee742caf7fe4e97c4d49\">\n\t\t\t<img decoding=\"async\" style=\"border-radius: 5px; width: 300px; height: 300px;\" src=\"https:\/\/santamonica.lv\/wp-content\/uploads\/2024\/01\/procaine-infusions-300x300.jpeg\" alt=\"Napary z prokainy i wodorow\u0119glan\u00f3w - Santa Monica\" \/>\n\t\t<\/figure>\n\t\t<div class=\"childpagescard_inner\">\n\t\t<div class=\"childpagescard_border0d7363894acdee742caf7fe4e97c4d49\">\n\t\t\t<div class=\"childpagescard_title0d7363894acdee742caf7fe4e97c4d49\">\n\t\t\t\tNapary z prokainy i wodorow\u0119glan\u00f3w &#8211; Santa Monica\t\t\t<\/div>\n\t\t\t\t\t\t\t<div class=\"childpagescard_description0d7363894acdee742caf7fe4e97c4d49\">\n\t\t\t\t\tIekaisums ar hiperacidit\u0101ti organisma iek\u0161\u0113j\u0101 vid\u0113 ir vieni no visbie\u017e\u0101kajiem faktoriem, kas izraisa daudzas saslim\u0161anas. Proka\u012bns, kuram piem\u012bt izteikta pretiekaisuma efektivit\u0101te kop\u0101 ar n\u0101trija hid&#8230;\t\t\t\t<\/div>\n\t\t\t\t\t<\/div>\n\t<\/div>\n\t<div style=\"clear: both;\"><\/div>\n\t<\/a>\n<\/div>\n<div class=\"childpagescard_wrap\">\n\t<a style=\"text-decoration: none;\" href=\"https:\/\/santamonica.lv\/pl\/dla-zdrowia\/6-szogaol\/\">\n\t\t\t<figure class=\"childpagescard_img_block0d7363894acdee742caf7fe4e97c4d49\">\n\t\t\t<img decoding=\"async\" style=\"border-radius: 5px; width: 300px; height: 300px;\" src=\"https:\/\/santamonica.lv\/wp-content\/uploads\/2024\/01\/ginger-300x300.jpg\" alt=\"6 \u2013 szogaol - Santa Monica\" \/>\n\t\t<\/figure>\n\t\t<div class=\"childpagescard_inner\">\n\t\t<div class=\"childpagescard_border0d7363894acdee742caf7fe4e97c4d49\">\n\t\t\t<div class=\"childpagescard_title0d7363894acdee742caf7fe4e97c4d49\">\n\t\t\t\t6 \u2013 szogaol &#8211; Santa Monica\t\t\t<\/div>\n\t\t\t\t\t\t\t<div class=\"childpagescard_description0d7363894acdee742caf7fe4e97c4d49\">\n\t\t\t\t\t6 \u2013 shogaol to substancja czynna ekstraktu z imbiru. Lekarze w regionie azjatyckim stosuj\u0105 substancje biologiczne i fitoncydy zawarte w imbirze (Panax ginseng) od wiek\u00f3w, a nawet tysi\u0119cy lat w leczeni&#8230;\t\t\t\t<\/div>\n\t\t\t\t\t<\/div>\n\t<\/div>\n\t<div style=\"clear: both;\"><\/div>\n\t<\/a>\n<\/div>\n","protected":false},"excerpt":{"rendered":"","protected":false},"author":1,"featured_media":0,"parent":0,"menu_order":0,"comment_status":"closed","ping_status":"closed","template":"","meta":{"_acf_changed":false,"_uag_custom_page_level_css":"","_kadence_starter_templates_imported_post":false,"_kad_post_transparent":"","_kad_post_title":"","_kad_post_layout":"normal","_kad_post_sidebar_id":"","_kad_post_content_style":"unboxed","_kad_post_vertical_padding":"","_kad_post_feature":"","_kad_post_feature_position":"","_kad_post_header":false,"_kad_post_footer":false,"footnotes":""},"class_list":["post-2522","page","type-page","status-publish","hentry"],"acf":[],"yoast_head":"<!-- This site is optimized with the Yoast SEO plugin v26.4 - https:\/\/yoast.com\/wordpress\/plugins\/seo\/ -->\n<title>Dla zdrowia - Santa Monica<\/title>\n<meta name=\"robots\" content=\"index, follow, max-snippet:-1, max-image-preview:large, max-video-preview:-1\" \/>\n<link rel=\"canonical\" href=\"https:\/\/santamonica.lv\/pl\/dla-zdrowia\/\" \/>\n<meta property=\"og:locale\" content=\"pl_PL\" \/>\n<meta property=\"og:type\" content=\"article\" \/>\n<meta property=\"og:title\" content=\"Dla zdrowia - Santa Monica\" \/>\n<meta property=\"og:url\" content=\"https:\/\/santamonica.lv\/pl\/dla-zdrowia\/\" \/>\n<meta property=\"og:site_name\" content=\"Santa Monica\" \/>\n<meta property=\"article:publisher\" content=\"https:\/\/www.facebook.com\/klinikasantamonica\" \/>\n<meta property=\"article:modified_time\" content=\"2025-03-05T23:01:26+00:00\" \/>\n<meta name=\"twitter:card\" content=\"summary_large_image\" \/>\n<script type=\"application\/ld+json\" class=\"yoast-schema-graph\">{\"@context\":\"https:\/\/schema.org\",\"@graph\":[{\"@type\":\"WebPage\",\"@id\":\"https:\/\/santamonica.lv\/pl\/dla-zdrowia\/\",\"url\":\"https:\/\/santamonica.lv\/pl\/dla-zdrowia\/\",\"name\":\"Dla zdrowia - Santa Monica\",\"isPartOf\":{\"@id\":\"https:\/\/santamonica.lv\/pl\/#website\"},\"datePublished\":\"2024-01-26T18:24:07+00:00\",\"dateModified\":\"2025-03-05T23:01:26+00:00\",\"breadcrumb\":{\"@id\":\"https:\/\/santamonica.lv\/pl\/dla-zdrowia\/#breadcrumb\"},\"inLanguage\":\"pl-PL\",\"potentialAction\":[{\"@type\":\"ReadAction\",\"target\":[\"https:\/\/santamonica.lv\/pl\/dla-zdrowia\/\"]}]},{\"@type\":\"BreadcrumbList\",\"@id\":\"https:\/\/santamonica.lv\/pl\/dla-zdrowia\/#breadcrumb\",\"itemListElement\":[{\"@type\":\"ListItem\",\"position\":1,\"name\":\"Home\",\"item\":\"https:\/\/santamonica.lv\/pl\/poczatek\/\"},{\"@type\":\"ListItem\",\"position\":2,\"name\":\"Dla zdrowia\"}]},{\"@type\":\"WebSite\",\"@id\":\"https:\/\/santamonica.lv\/pl\/#website\",\"url\":\"https:\/\/santamonica.lv\/pl\/\",\"name\":\"Santa Monica\",\"description\":\"\",\"potentialAction\":[{\"@type\":\"SearchAction\",\"target\":{\"@type\":\"EntryPoint\",\"urlTemplate\":\"https:\/\/santamonica.lv\/pl\/?s={search_term_string}\"},\"query-input\":{\"@type\":\"PropertyValueSpecification\",\"valueRequired\":true,\"valueName\":\"search_term_string\"}}],\"inLanguage\":\"pl-PL\"}]}<\/script>\n<!-- \/ Yoast SEO plugin. -->","yoast_head_json":{"title":"Dla zdrowia - Santa Monica","robots":{"index":"index","follow":"follow","max-snippet":"max-snippet:-1","max-image-preview":"max-image-preview:large","max-video-preview":"max-video-preview:-1"},"canonical":"https:\/\/santamonica.lv\/pl\/dla-zdrowia\/","og_locale":"pl_PL","og_type":"article","og_title":"Dla zdrowia - Santa Monica","og_url":"https:\/\/santamonica.lv\/pl\/dla-zdrowia\/","og_site_name":"Santa Monica","article_publisher":"https:\/\/www.facebook.com\/klinikasantamonica","article_modified_time":"2025-03-05T23:01:26+00:00","twitter_card":"summary_large_image","schema":{"@context":"https:\/\/schema.org","@graph":[{"@type":"WebPage","@id":"https:\/\/santamonica.lv\/pl\/dla-zdrowia\/","url":"https:\/\/santamonica.lv\/pl\/dla-zdrowia\/","name":"Dla zdrowia - Santa Monica","isPartOf":{"@id":"https:\/\/santamonica.lv\/pl\/#website"},"datePublished":"2024-01-26T18:24:07+00:00","dateModified":"2025-03-05T23:01:26+00:00","breadcrumb":{"@id":"https:\/\/santamonica.lv\/pl\/dla-zdrowia\/#breadcrumb"},"inLanguage":"pl-PL","potentialAction":[{"@type":"ReadAction","target":["https:\/\/santamonica.lv\/pl\/dla-zdrowia\/"]}]},{"@type":"BreadcrumbList","@id":"https:\/\/santamonica.lv\/pl\/dla-zdrowia\/#breadcrumb","itemListElement":[{"@type":"ListItem","position":1,"name":"Home","item":"https:\/\/santamonica.lv\/pl\/poczatek\/"},{"@type":"ListItem","position":2,"name":"Dla zdrowia"}]},{"@type":"WebSite","@id":"https:\/\/santamonica.lv\/pl\/#website","url":"https:\/\/santamonica.lv\/pl\/","name":"Santa Monica","description":"","potentialAction":[{"@type":"SearchAction","target":{"@type":"EntryPoint","urlTemplate":"https:\/\/santamonica.lv\/pl\/?s={search_term_string}"},"query-input":{"@type":"PropertyValueSpecification","valueRequired":true,"valueName":"search_term_string"}}],"inLanguage":"pl-PL"}]}},"uagb_featured_image_src":{"full":false,"thumbnail":false,"medium":false,"medium_large":false,"large":false,"1536x1536":false,"2048x2048":false,"woocommerce_thumbnail":false,"woocommerce_single":false,"woocommerce_gallery_thumbnail":false},"uagb_author_info":{"display_name":"admin","author_link":"https:\/\/santamonica.lv\/pl\/author\/admin\/"},"uagb_comment_info":0,"uagb_excerpt":null,"_links":{"self":[{"href":"https:\/\/santamonica.lv\/pl\/wp-json\/wp\/v2\/pages\/2522","targetHints":{"allow":["GET"]}}],"collection":[{"href":"https:\/\/santamonica.lv\/pl\/wp-json\/wp\/v2\/pages"}],"about":[{"href":"https:\/\/santamonica.lv\/pl\/wp-json\/wp\/v2\/types\/page"}],"author":[{"embeddable":true,"href":"https:\/\/santamonica.lv\/pl\/wp-json\/wp\/v2\/users\/1"}],"replies":[{"embeddable":true,"href":"https:\/\/santamonica.lv\/pl\/wp-json\/wp\/v2\/comments?post=2522"}],"version-history":[{"count":2,"href":"https:\/\/santamonica.lv\/pl\/wp-json\/wp\/v2\/pages\/2522\/revisions"}],"predecessor-version":[{"id":3227,"href":"https:\/\/santamonica.lv\/pl\/wp-json\/wp\/v2\/pages\/2522\/revisions\/3227"}],"wp:attachment":[{"href":"https:\/\/santamonica.lv\/pl\/wp-json\/wp\/v2\/media?parent=2522"}],"curies":[{"name":"wp","href":"https:\/\/api.w.org\/{rel}","templated":true}]}}