{"id":3165,"date":"2025-03-01T22:01:03","date_gmt":"2025-03-01T20:01:03","guid":{"rendered":"https:\/\/santamonica.lv\/?page_id=3165"},"modified":"2025-03-05T22:42:52","modified_gmt":"2025-03-05T20:42:52","slug":"kadzidlo-lub-boswellia","status":"publish","type":"page","link":"https:\/\/santamonica.lv\/pl\/dla-zdrowia\/kadzidlo-lub-boswellia\/","title":{"rendered":"Kadzid\u0142o lub boswellia"},"content":{"rendered":"\n<div class=\"wp-block-columns is-layout-flex wp-container-core-columns-is-layout-9d6595d7 wp-block-columns-is-layout-flex\">\n<div class=\"wp-block-column is-layout-flow wp-block-column-is-layout-flow\" style=\"flex-basis:33.33%\">\n<figure class=\"wp-block-image size-full\"><img loading=\"lazy\" decoding=\"async\" width=\"998\" height=\"666\" src=\"https:\/\/santamonica.lv\/wp-content\/uploads\/2024\/01\/bosvelijas-koka-sveki-viraks.jpg\" alt=\"\" class=\"wp-image-1067\" srcset=\"https:\/\/santamonica.lv\/wp-content\/uploads\/2024\/01\/bosvelijas-koka-sveki-viraks.jpg 998w, https:\/\/santamonica.lv\/wp-content\/uploads\/2024\/01\/bosvelijas-koka-sveki-viraks-300x200.jpg 300w, https:\/\/santamonica.lv\/wp-content\/uploads\/2024\/01\/bosvelijas-koka-sveki-viraks-768x513.jpg 768w, https:\/\/santamonica.lv\/wp-content\/uploads\/2024\/01\/bosvelijas-koka-sveki-viraks-600x400.jpg 600w\" sizes=\"auto, (max-width: 998px) 100vw, 998px\" \/><\/figure>\n<\/div>\n\n\n\n<div class=\"wp-block-column is-layout-flow wp-block-column-is-layout-flow\" style=\"flex-basis:66.66%\">\n<p>Pachn\u0105ce kadzid\u0142o to \u017cywica drzewa boswellia, kt\u00f3ra by\u0142a wykorzystywana do cel\u00f3w religijnych od czas\u00f3w staro\u017cytnych, ale obecnie coraz cz\u0119\u015bciej przytacza si\u0119 j\u0105 ze wzgl\u0119du na jej w\u0142a\u015bciwo\u015bci lecznicze. Boswellia, czyli kadzid\u0142o, jest stosowana w leczeniu stan\u00f3w zapalnych od d\u0142u\u017cszego czasu. W staro\u017cytnym Egipcie nazywano go \u201ezapachem Boga\u201d i \u201ebosk\u0105 substancj\u0105\u201d.<\/p>\n<\/div>\n<\/div>\n\n\n\n<p>Boswellia pi\u0142owata (Bosvelia serrata) to drzewo z rodziny Sapindale produkuj\u0105ce kadzid\u0142o. Wszystkie ro\u015bliny z rodziny boswellia to \u015bredniej wielko\u015bci kwitn\u0105ce drzewa i krzewy. Pochodzi z Indii i regionu Pend\u017cabu, kt\u00f3ry rozci\u0105ga si\u0119 a\u017c do Pakistanu. To w\u0142a\u015bnie ta bowellia by\u0142a najbardziej badana. \u017bywic\u0119 ekstrahuje si\u0119 z pnia i wi\u0119kszych ga\u0142\u0119zi tej ro\u015bliny za pomoc\u0105 naci\u0119\u0107.<\/p>\n\n\n\n<p>Bardzo wa\u017cne s\u0105 kwasy bosweliowe, kt\u00f3re zgodnie ze swoj\u0105 budow\u0105 chemiczn\u0105 stanowi\u0105 szereg pentacyklicznych cz\u0105steczek terpenoid\u00f3w wytwarzanych przez ro\u015bliny z rodzaju Boswellia. Podobnie jak wiele innych terpen\u00f3w, kwasy bosweliowe znajduj\u0105 si\u0119 w \u017cywicy ro\u015bliny. Stanowi\u0105 oko\u0142o 30% \u017cywicy Boswellia serrata.<\/p>\n\n\n\n<p>Szczeg\u00f3ln\u0105 uwag\u0119 zwraca si\u0119 na wyra\u017ane w\u0142a\u015bciwo\u015bci przeciwzapalne boswellii, dzi\u0119ki czemu stosuje si\u0119 j\u0105 w leczeniu r\u00f3\u017cnych chor\u00f3b zapalnych. T\u0142umi\u0105c aktywno\u015b\u0107 5-lipoksygenazy w organizmie, odpowied\u017a zapalna zostaje znacznie zmniejszona.<\/p>\n\n\n\n<p>Boswellia ma nie tylko dzia\u0142anie przeciwzapalne, ale wed\u0142ug bada\u0144 klinicznych jest r\u00f3wnie\u017c stosowana w leczeniu raka. Wiadomo, \u017ce substancje obecne w tej ro\u015blinie sprzyjaj\u0105 apoptozie kom\u00f3rek nowotworowych \u2013 naturalnej \u015bmierci, a tak\u017ce hamuj\u0105 aktywno\u015b\u0107 topoizomerazy obecnej w kom\u00f3rkach nowotworowych. Dlatego Bovelia jest stosowana w leczeniu guza m\u00f3zgu, aby zapobiec obrz\u0119kowi tkanki wok\u00f3\u0142 guza.<\/p>\n\n\n\n<p>Wiele bada\u0144 klinicznych potwierdza, \u017ce \u200b\u200bzio\u0142o to jest skuteczne w leczeniu choroby Le\u015bniowskiego-Crohna i wrzodziej\u0105cego zapalenia jelita grubego. Stosowany jest tak\u017ce w leczeniu reumatoidalnego zapalenia staw\u00f3w i astmy.<\/p>\n\n\n\n<p>Preparaty Boswellia s\u0142abo wch\u0142aniaj\u0105 si\u0119 przez przew\u00f3d pokarmowy, dlatego zaleca si\u0119 infuzje pozajelitowe. Aby przyjmowanie doustne przynios\u0142o po\u017c\u0105dany efekt, nale\u017cy codziennie przyjmowa\u0107 co najmniej 1600 mg ekstraktu z boswellii.<\/p>\n\n\n\n<p><\/p>\n","protected":false},"excerpt":{"rendered":"<p>Pachn\u0105ce kadzid\u0142o to \u017cywica drzewa boswellia, kt\u00f3ra by\u0142a wykorzystywana do cel\u00f3w religijnych od czas\u00f3w staro\u017cytnych, ale obecnie coraz cz\u0119\u015bciej przytacza si\u0119 j\u0105 ze wzgl\u0119du na jej w\u0142a\u015bciwo\u015bci lecznicze. Boswellia, czyli kadzid\u0142o, jest stosowana w leczeniu stan\u00f3w zapalnych od d\u0142u\u017cszego czasu. W staro\u017cytnym Egipcie nazywano go \u201ezapachem Boga\u201d i \u201ebosk\u0105 substancj\u0105\u201d. Boswellia pi\u0142owata (Bosvelia serrata) to&#8230;<\/p>\n","protected":false},"author":3,"featured_media":2569,"parent":2522,"menu_order":0,"comment_status":"closed","ping_status":"closed","template":"","meta":{"_acf_changed":false,"_uag_custom_page_level_css":"","_kadence_starter_templates_imported_post":false,"_kad_post_transparent":"","_kad_post_title":"","_kad_post_layout":"","_kad_post_sidebar_id":"","_kad_post_content_style":"","_kad_post_vertical_padding":"","_kad_post_feature":"","_kad_post_feature_position":"","_kad_post_header":false,"_kad_post_footer":false,"footnotes":""},"class_list":["post-3165","page","type-page","status-publish","has-post-thumbnail","hentry"],"acf":[],"yoast_head":"<!-- This site is optimized with the Yoast SEO plugin v26.4 - https:\/\/yoast.com\/wordpress\/plugins\/seo\/ -->\n<title>Kadzid\u0142o lub boswellia - Santa Monica<\/title>\n<meta name=\"robots\" content=\"index, follow, max-snippet:-1, max-image-preview:large, max-video-preview:-1\" \/>\n<link rel=\"canonical\" href=\"https:\/\/santamonica.lv\/pl\/dla-zdrowia\/kadzidlo-lub-boswellia\/\" \/>\n<meta property=\"og:locale\" content=\"pl_PL\" \/>\n<meta property=\"og:type\" content=\"article\" \/>\n<meta property=\"og:title\" content=\"Kadzid\u0142o lub boswellia - Santa Monica\" \/>\n<meta property=\"og:description\" content=\"Pachn\u0105ce kadzid\u0142o to \u017cywica drzewa boswellia, kt\u00f3ra by\u0142a wykorzystywana do cel\u00f3w religijnych od czas\u00f3w staro\u017cytnych, ale obecnie coraz cz\u0119\u015bciej przytacza si\u0119 j\u0105 ze wzgl\u0119du na jej w\u0142a\u015bciwo\u015bci lecznicze. Boswellia, czyli kadzid\u0142o, jest stosowana w leczeniu stan\u00f3w zapalnych od d\u0142u\u017cszego czasu. W staro\u017cytnym Egipcie nazywano go \u201ezapachem Boga\u201d i \u201ebosk\u0105 substancj\u0105\u201d. Boswellia pi\u0142owata (Bosvelia serrata) to...\" \/>\n<meta property=\"og:url\" content=\"https:\/\/santamonica.lv\/pl\/dla-zdrowia\/kadzidlo-lub-boswellia\/\" \/>\n<meta property=\"og:site_name\" content=\"Santa Monica\" \/>\n<meta property=\"article:publisher\" content=\"https:\/\/www.facebook.com\/klinikasantamonica\" \/>\n<meta property=\"article:modified_time\" content=\"2025-03-05T20:42:52+00:00\" \/>\n<meta property=\"og:image\" content=\"https:\/\/santamonica.lv\/wp-content\/uploads\/2024\/01\/bosvelijas-koka-sveki-viraks.jpg\" \/>\n\t<meta property=\"og:image:width\" content=\"998\" \/>\n\t<meta property=\"og:image:height\" content=\"666\" \/>\n\t<meta property=\"og:image:type\" content=\"image\/jpeg\" \/>\n<meta name=\"twitter:card\" content=\"summary_large_image\" \/>\n<meta name=\"twitter:label1\" content=\"Est. reading time\" \/>\n\t<meta name=\"twitter:data1\" content=\"2 minuty\" \/>\n<script type=\"application\/ld+json\" class=\"yoast-schema-graph\">{\"@context\":\"https:\/\/schema.org\",\"@graph\":[{\"@type\":\"WebPage\",\"@id\":\"https:\/\/santamonica.lv\/pl\/dla-zdrowia\/kadzidlo-lub-boswellia\/\",\"url\":\"https:\/\/santamonica.lv\/pl\/dla-zdrowia\/kadzidlo-lub-boswellia\/\",\"name\":\"Kadzid\u0142o lub boswellia - Santa Monica\",\"isPartOf\":{\"@id\":\"https:\/\/santamonica.lv\/pl\/#website\"},\"primaryImageOfPage\":{\"@id\":\"https:\/\/santamonica.lv\/pl\/dla-zdrowia\/kadzidlo-lub-boswellia\/#primaryimage\"},\"image\":{\"@id\":\"https:\/\/santamonica.lv\/pl\/dla-zdrowia\/kadzidlo-lub-boswellia\/#primaryimage\"},\"thumbnailUrl\":\"https:\/\/santamonica.lv\/wp-content\/uploads\/2024\/01\/bosvelijas-koka-sveki-viraks.jpg\",\"datePublished\":\"2025-03-01T20:01:03+00:00\",\"dateModified\":\"2025-03-05T20:42:52+00:00\",\"breadcrumb\":{\"@id\":\"https:\/\/santamonica.lv\/pl\/dla-zdrowia\/kadzidlo-lub-boswellia\/#breadcrumb\"},\"inLanguage\":\"pl-PL\",\"potentialAction\":[{\"@type\":\"ReadAction\",\"target\":[\"https:\/\/santamonica.lv\/pl\/dla-zdrowia\/kadzidlo-lub-boswellia\/\"]}]},{\"@type\":\"ImageObject\",\"inLanguage\":\"pl-PL\",\"@id\":\"https:\/\/santamonica.lv\/pl\/dla-zdrowia\/kadzidlo-lub-boswellia\/#primaryimage\",\"url\":\"https:\/\/santamonica.lv\/wp-content\/uploads\/2024\/01\/bosvelijas-koka-sveki-viraks.jpg\",\"contentUrl\":\"https:\/\/santamonica.lv\/wp-content\/uploads\/2024\/01\/bosvelijas-koka-sveki-viraks.jpg\",\"width\":998,\"height\":666},{\"@type\":\"BreadcrumbList\",\"@id\":\"https:\/\/santamonica.lv\/pl\/dla-zdrowia\/kadzidlo-lub-boswellia\/#breadcrumb\",\"itemListElement\":[{\"@type\":\"ListItem\",\"position\":1,\"name\":\"Home\",\"item\":\"https:\/\/santamonica.lv\/pl\/poczatek\/\"},{\"@type\":\"ListItem\",\"position\":2,\"name\":\"Dla zdrowia\",\"item\":\"https:\/\/santamonica.lv\/pl\/dla-zdrowia\/\"},{\"@type\":\"ListItem\",\"position\":3,\"name\":\"Kadzid\u0142o lub boswellia\"}]},{\"@type\":\"WebSite\",\"@id\":\"https:\/\/santamonica.lv\/pl\/#website\",\"url\":\"https:\/\/santamonica.lv\/pl\/\",\"name\":\"Santa Monica\",\"description\":\"\",\"potentialAction\":[{\"@type\":\"SearchAction\",\"target\":{\"@type\":\"EntryPoint\",\"urlTemplate\":\"https:\/\/santamonica.lv\/pl\/?s={search_term_string}\"},\"query-input\":{\"@type\":\"PropertyValueSpecification\",\"valueRequired\":true,\"valueName\":\"search_term_string\"}}],\"inLanguage\":\"pl-PL\"}]}<\/script>\n<!-- \/ Yoast SEO plugin. -->","yoast_head_json":{"title":"Kadzid\u0142o lub boswellia - Santa Monica","robots":{"index":"index","follow":"follow","max-snippet":"max-snippet:-1","max-image-preview":"max-image-preview:large","max-video-preview":"max-video-preview:-1"},"canonical":"https:\/\/santamonica.lv\/pl\/dla-zdrowia\/kadzidlo-lub-boswellia\/","og_locale":"pl_PL","og_type":"article","og_title":"Kadzid\u0142o lub boswellia - Santa Monica","og_description":"Pachn\u0105ce kadzid\u0142o to \u017cywica drzewa boswellia, kt\u00f3ra by\u0142a wykorzystywana do cel\u00f3w religijnych od czas\u00f3w staro\u017cytnych, ale obecnie coraz cz\u0119\u015bciej przytacza si\u0119 j\u0105 ze wzgl\u0119du na jej w\u0142a\u015bciwo\u015bci lecznicze. Boswellia, czyli kadzid\u0142o, jest stosowana w leczeniu stan\u00f3w zapalnych od d\u0142u\u017cszego czasu. W staro\u017cytnym Egipcie nazywano go \u201ezapachem Boga\u201d i \u201ebosk\u0105 substancj\u0105\u201d. Boswellia pi\u0142owata (Bosvelia serrata) to...","og_url":"https:\/\/santamonica.lv\/pl\/dla-zdrowia\/kadzidlo-lub-boswellia\/","og_site_name":"Santa Monica","article_publisher":"https:\/\/www.facebook.com\/klinikasantamonica","article_modified_time":"2025-03-05T20:42:52+00:00","og_image":[{"width":998,"height":666,"url":"https:\/\/santamonica.lv\/wp-content\/uploads\/2024\/01\/bosvelijas-koka-sveki-viraks.jpg","type":"image\/jpeg"}],"twitter_card":"summary_large_image","twitter_misc":{"Est. reading time":"2 minuty"},"schema":{"@context":"https:\/\/schema.org","@graph":[{"@type":"WebPage","@id":"https:\/\/santamonica.lv\/pl\/dla-zdrowia\/kadzidlo-lub-boswellia\/","url":"https:\/\/santamonica.lv\/pl\/dla-zdrowia\/kadzidlo-lub-boswellia\/","name":"Kadzid\u0142o lub boswellia - Santa Monica","isPartOf":{"@id":"https:\/\/santamonica.lv\/pl\/#website"},"primaryImageOfPage":{"@id":"https:\/\/santamonica.lv\/pl\/dla-zdrowia\/kadzidlo-lub-boswellia\/#primaryimage"},"image":{"@id":"https:\/\/santamonica.lv\/pl\/dla-zdrowia\/kadzidlo-lub-boswellia\/#primaryimage"},"thumbnailUrl":"https:\/\/santamonica.lv\/wp-content\/uploads\/2024\/01\/bosvelijas-koka-sveki-viraks.jpg","datePublished":"2025-03-01T20:01:03+00:00","dateModified":"2025-03-05T20:42:52+00:00","breadcrumb":{"@id":"https:\/\/santamonica.lv\/pl\/dla-zdrowia\/kadzidlo-lub-boswellia\/#breadcrumb"},"inLanguage":"pl-PL","potentialAction":[{"@type":"ReadAction","target":["https:\/\/santamonica.lv\/pl\/dla-zdrowia\/kadzidlo-lub-boswellia\/"]}]},{"@type":"ImageObject","inLanguage":"pl-PL","@id":"https:\/\/santamonica.lv\/pl\/dla-zdrowia\/kadzidlo-lub-boswellia\/#primaryimage","url":"https:\/\/santamonica.lv\/wp-content\/uploads\/2024\/01\/bosvelijas-koka-sveki-viraks.jpg","contentUrl":"https:\/\/santamonica.lv\/wp-content\/uploads\/2024\/01\/bosvelijas-koka-sveki-viraks.jpg","width":998,"height":666},{"@type":"BreadcrumbList","@id":"https:\/\/santamonica.lv\/pl\/dla-zdrowia\/kadzidlo-lub-boswellia\/#breadcrumb","itemListElement":[{"@type":"ListItem","position":1,"name":"Home","item":"https:\/\/santamonica.lv\/pl\/poczatek\/"},{"@type":"ListItem","position":2,"name":"Dla zdrowia","item":"https:\/\/santamonica.lv\/pl\/dla-zdrowia\/"},{"@type":"ListItem","position":3,"name":"Kadzid\u0142o lub boswellia"}]},{"@type":"WebSite","@id":"https:\/\/santamonica.lv\/pl\/#website","url":"https:\/\/santamonica.lv\/pl\/","name":"Santa Monica","description":"","potentialAction":[{"@type":"SearchAction","target":{"@type":"EntryPoint","urlTemplate":"https:\/\/santamonica.lv\/pl\/?s={search_term_string}"},"query-input":{"@type":"PropertyValueSpecification","valueRequired":true,"valueName":"search_term_string"}}],"inLanguage":"pl-PL"}]}},"uagb_featured_image_src":{"full":["https:\/\/santamonica.lv\/wp-content\/uploads\/2024\/01\/bosvelijas-koka-sveki-viraks.jpg",998,666,false],"thumbnail":["https:\/\/santamonica.lv\/wp-content\/uploads\/2024\/01\/bosvelijas-koka-sveki-viraks-150x150.jpg",150,150,true],"medium":["https:\/\/santamonica.lv\/wp-content\/uploads\/2024\/01\/bosvelijas-koka-sveki-viraks-300x200.jpg",300,200,true],"medium_large":["https:\/\/santamonica.lv\/wp-content\/uploads\/2024\/01\/bosvelijas-koka-sveki-viraks-768x513.jpg",768,513,true],"large":["https:\/\/santamonica.lv\/wp-content\/uploads\/2024\/01\/bosvelijas-koka-sveki-viraks.jpg",998,666,false],"1536x1536":["https:\/\/santamonica.lv\/wp-content\/uploads\/2024\/01\/bosvelijas-koka-sveki-viraks.jpg",998,666,false],"2048x2048":["https:\/\/santamonica.lv\/wp-content\/uploads\/2024\/01\/bosvelijas-koka-sveki-viraks.jpg",998,666,false],"woocommerce_thumbnail":["https:\/\/santamonica.lv\/wp-content\/uploads\/2024\/01\/bosvelijas-koka-sveki-viraks-300x300.jpg",300,300,true],"woocommerce_single":["https:\/\/santamonica.lv\/wp-content\/uploads\/2024\/01\/bosvelijas-koka-sveki-viraks-600x400.jpg",600,400,true],"woocommerce_gallery_thumbnail":["https:\/\/santamonica.lv\/wp-content\/uploads\/2024\/01\/bosvelijas-koka-sveki-viraks-100x100.jpg",100,100,true]},"uagb_author_info":{"display_name":"Aigars","author_link":"https:\/\/santamonica.lv\/pl\/author\/aigars\/"},"uagb_comment_info":0,"uagb_excerpt":"Pachn\u0105ce kadzid\u0142o to \u017cywica drzewa boswellia, kt\u00f3ra by\u0142a wykorzystywana do cel\u00f3w religijnych od czas\u00f3w staro\u017cytnych, ale obecnie coraz cz\u0119\u015bciej przytacza si\u0119 j\u0105 ze wzgl\u0119du na jej w\u0142a\u015bciwo\u015bci lecznicze. Boswellia, czyli kadzid\u0142o, jest stosowana w leczeniu stan\u00f3w zapalnych od d\u0142u\u017cszego czasu. W staro\u017cytnym Egipcie nazywano go \u201ezapachem Boga\u201d i \u201ebosk\u0105 substancj\u0105\u201d. Boswellia pi\u0142owata (Bosvelia serrata) to...","_links":{"self":[{"href":"https:\/\/santamonica.lv\/pl\/wp-json\/wp\/v2\/pages\/3165","targetHints":{"allow":["GET"]}}],"collection":[{"href":"https:\/\/santamonica.lv\/pl\/wp-json\/wp\/v2\/pages"}],"about":[{"href":"https:\/\/santamonica.lv\/pl\/wp-json\/wp\/v2\/types\/page"}],"author":[{"embeddable":true,"href":"https:\/\/santamonica.lv\/pl\/wp-json\/wp\/v2\/users\/3"}],"replies":[{"embeddable":true,"href":"https:\/\/santamonica.lv\/pl\/wp-json\/wp\/v2\/comments?post=3165"}],"version-history":[{"count":1,"href":"https:\/\/santamonica.lv\/pl\/wp-json\/wp\/v2\/pages\/3165\/revisions"}],"predecessor-version":[{"id":3166,"href":"https:\/\/santamonica.lv\/pl\/wp-json\/wp\/v2\/pages\/3165\/revisions\/3166"}],"up":[{"embeddable":true,"href":"https:\/\/santamonica.lv\/pl\/wp-json\/wp\/v2\/pages\/2522"}],"wp:featuredmedia":[{"embeddable":true,"href":"https:\/\/santamonica.lv\/pl\/wp-json\/wp\/v2\/media\/2569"}],"wp:attachment":[{"href":"https:\/\/santamonica.lv\/pl\/wp-json\/wp\/v2\/media?parent=3165"}],"curies":[{"name":"wp","href":"https:\/\/api.w.org\/{rel}","templated":true}]}}