{"id":3167,"date":"2025-03-01T22:12:11","date_gmt":"2025-03-01T20:12:11","guid":{"rendered":"https:\/\/santamonica.lv\/?page_id=3167"},"modified":"2025-03-05T23:18:03","modified_gmt":"2025-03-05T21:18:03","slug":"napary-z-prokainy-i-wodoroweglanow","status":"publish","type":"page","link":"https:\/\/santamonica.lv\/pl\/dla-zdrowia\/napary-z-prokainy-i-wodoroweglanow\/","title":{"rendered":"Napary z prokainy i wodorow\u0119glan\u00f3w"},"content":{"rendered":"\n<div class=\"wp-block-columns is-layout-flex wp-container-core-columns-is-layout-9d6595d7 wp-block-columns-is-layout-flex\">\n<div class=\"wp-block-column is-layout-flow wp-block-column-is-layout-flow\" style=\"flex-basis:33.33%\">\n<figure class=\"wp-block-image size-full\"><img loading=\"lazy\" decoding=\"async\" width=\"1024\" height=\"683\" src=\"https:\/\/santamonica.lv\/wp-content\/uploads\/2024\/01\/procaine-infusions.jpeg\" alt=\"\" class=\"wp-image-1063\" srcset=\"https:\/\/santamonica.lv\/wp-content\/uploads\/2024\/01\/procaine-infusions.jpeg 1024w, https:\/\/santamonica.lv\/wp-content\/uploads\/2024\/01\/procaine-infusions-300x200.jpeg 300w, https:\/\/santamonica.lv\/wp-content\/uploads\/2024\/01\/procaine-infusions-768x512.jpeg 768w, https:\/\/santamonica.lv\/wp-content\/uploads\/2024\/01\/procaine-infusions-600x400.jpeg 600w\" sizes=\"auto, (max-width: 1024px) 100vw, 1024px\" \/><\/figure>\n<\/div>\n\n\n\n<div class=\"wp-block-column is-layout-flow wp-block-column-is-layout-flow\" style=\"flex-basis:66.66%\">\n<p>Iekaisums ar hiperacidit\u0101ti organisma iek\u0161\u0113j\u0101 vid\u0113 ir vieni no visbie\u017e\u0101kajiem faktoriem, kas izraisa daudzas saslim\u0161anas. Proka\u012bns, kuram piem\u012bt izteikta pretiekaisuma efektivit\u0101te kop\u0101 ar n\u0101trija hidrog\u0113nkarbon\u0101tu, kam savuk\u0101rt ir izteikta b\u0101ziska reakcija var nov\u0113rst t\u0101dus trauc\u0113jumus k\u0101 sk\u0101ba organisma iek\u0161\u0113j\u0101 vide, kura izmantojama pla\u0161i naturop\u0101tij\u0101.<\/p>\n<\/div>\n<\/div>\n\n<p>Proka\u012bns ir viens no medikamentiem, kuram jau vair\u0101k k\u0101 100 gadus ir stabila vieta izmanto\u0161anai medic\u012bn\u0101, jo to pacienti \u013coti labi panes un ar\u012b efektivit\u0101te ir noz\u012bm\u012bga. Paz\u012bstams \u0161is prepar\u0101ts ir k\u013cuvis kop\u0161 t\u0101 laika, kad tika izmantots neirolo\u0123isko s\u0101pju \u0101rst\u0113\u0161an\u0101. Daudzi zin\u0101tniskie p\u0113t\u012bjumi apliecina, ka abu \u0161o \u0161\u0137\u012bdumu kombin\u0101cija ir \u013coti efekt\u012bva darbojoties organism\u0101, ja tiek ievad\u012bti vienlaic\u012bgi. To rad\u012btie v\u0113lamie efekti ir : vazodilat\u0101cija, pretiekaisuma darb\u012bba, s\u0101pes mazino\u0161s efekts, antioksidat\u012bva ietekme un ve\u0123etat\u012bvo nervu sist\u0113mas stabiliz\u0113jo\u0161a darb\u012bba.\u00a0<\/p>\n\n<p>N\u0101trija hidrog\u0113nkarbon\u0101ts ir viela, kas pati veidojas katra organism\u0101. Jau no seniem laikiem ir zin\u0101ms, ka hidrog\u0113nkarbon\u0101ta n\u0101trija s\u0101\u013cus (t\u012bru n\u0101trija hidrog\u0113nkarbon\u0101tu) izmantoja asins un audu acidozes neitraliz\u0113\u0161anai. Pat m\u016bsdien\u0101s b\u0101ziska rakstura\u00a0 medikamentu lieto\u0161ana tiek rekomend\u0113ta pacientiem ar gremo\u0161anas trauc\u0113jumiem, k\u0101 ar\u012b\u00a0 pie daudz\u0101m hronisk\u0101m saslim\u0161an\u0101m un pat komplement\u0101raj\u0101 v\u0113\u017ea \u0101rst\u0113\u0161an\u0101. Tas pat darbojas ar\u012b profilaktiski, pal\u012bdzot nov\u0113rst hronisku iekaisuma slim\u012bbu un v\u0113\u017ea ra\u0161anos.\u00a0\u00a0<\/p>\n\n<p>Proka\u012bna un n\u0101trija hidrog\u0113nkarbon\u0101ta inf\u016bzijas ir laba z\u0101lu kombin\u0101cija, kura apvieno abu vajadz\u012bgo efektu un noz\u012bm\u012bgi to pat veicina.\u00a0<\/p>\n\n<p><strong>Proka\u012bna un n\u0101trija hidrog\u0113nkarbon\u0101ta\u00a0 inf\u016bzijas v\u0113\u017ea un hronisku iekaisuma slim\u012bbu \u0101rst\u0113\u0161anai<\/strong><\/p>\n\n<p>\u013boti efekt\u012bva ir proka\u012bna un hidrog\u0113nkarbon\u0101ta inf\u016bziju noz\u012bm\u0113\u0161ana pacientiem p\u0113c \u0137\u012bmijterapijas vai staru terapijas. \u013boti bie\u017ei \u0161iem pacientiem ir visa organisma un ar\u012b v\u0113\u017ea skarto audu hiperacidit\u0101te, kas izpau\u017eas kl\u012bniski k\u0101 s\u0101pes, ju\u0161anas trauc\u0113jumi, krampji, slikta d\u016b\u0161a, vem\u0161ana, apet\u012btes tr\u016bkums un nesp\u0113ks.\u00a0\u00a0<\/p>\n\n<p>Proka\u012bna un hidrog\u0113nkarbon\u0101ta inf\u016bzijas dod ar\u012b pozit\u012bvus rezult\u0101tus pacientiem ar reimatisk\u0101m saslim\u0161an\u0101m un hronisku s\u0101pju sindromu.\u00a0<\/p>\n","protected":false},"excerpt":{"rendered":"<p>Iekaisums ar hiperacidit\u0101ti organisma iek\u0161\u0113j\u0101 vid\u0113 ir vieni no visbie\u017e\u0101kajiem faktoriem, kas izraisa daudzas saslim\u0161anas. Proka\u012bns, kuram piem\u012bt izteikta pretiekaisuma efektivit\u0101te kop\u0101 ar n\u0101trija hidrog\u0113nkarbon\u0101tu, kam savuk\u0101rt ir izteikta b\u0101ziska reakcija var nov\u0113rst t\u0101dus trauc\u0113jumus k\u0101 sk\u0101ba organisma iek\u0161\u0113j\u0101 vide, kura izmantojama pla\u0161i naturop\u0101tij\u0101. Proka\u012bns ir viens no medikamentiem, kuram jau vair\u0101k k\u0101 100 gadus&#8230;<\/p>\n","protected":false},"author":3,"featured_media":2577,"parent":2522,"menu_order":0,"comment_status":"closed","ping_status":"closed","template":"","meta":{"_acf_changed":false,"_uag_custom_page_level_css":"","_kadence_starter_templates_imported_post":false,"_kad_post_transparent":"","_kad_post_title":"","_kad_post_layout":"","_kad_post_sidebar_id":"","_kad_post_content_style":"","_kad_post_vertical_padding":"","_kad_post_feature":"","_kad_post_feature_position":"","_kad_post_header":false,"_kad_post_footer":false,"footnotes":""},"class_list":["post-3167","page","type-page","status-publish","has-post-thumbnail","hentry"],"acf":[],"yoast_head":"<!-- This site is optimized with the Yoast SEO plugin v26.4 - https:\/\/yoast.com\/wordpress\/plugins\/seo\/ -->\n<title>Napary z prokainy i wodorow\u0119glan\u00f3w - Santa Monica<\/title>\n<meta name=\"robots\" content=\"index, follow, max-snippet:-1, max-image-preview:large, max-video-preview:-1\" \/>\n<link rel=\"canonical\" href=\"https:\/\/santamonica.lv\/pl\/dla-zdrowia\/napary-z-prokainy-i-wodoroweglanow\/\" \/>\n<meta property=\"og:locale\" content=\"pl_PL\" \/>\n<meta property=\"og:type\" content=\"article\" \/>\n<meta property=\"og:title\" content=\"Napary z prokainy i wodorow\u0119glan\u00f3w - Santa Monica\" \/>\n<meta property=\"og:description\" content=\"Iekaisums ar hiperacidit\u0101ti organisma iek\u0161\u0113j\u0101 vid\u0113 ir vieni no visbie\u017e\u0101kajiem faktoriem, kas izraisa daudzas saslim\u0161anas. Proka\u012bns, kuram piem\u012bt izteikta pretiekaisuma efektivit\u0101te kop\u0101 ar n\u0101trija hidrog\u0113nkarbon\u0101tu, kam savuk\u0101rt ir izteikta b\u0101ziska reakcija var nov\u0113rst t\u0101dus trauc\u0113jumus k\u0101 sk\u0101ba organisma iek\u0161\u0113j\u0101 vide, kura izmantojama pla\u0161i naturop\u0101tij\u0101. Proka\u012bns ir viens no medikamentiem, kuram jau vair\u0101k k\u0101 100 gadus...\" \/>\n<meta property=\"og:url\" content=\"https:\/\/santamonica.lv\/pl\/dla-zdrowia\/napary-z-prokainy-i-wodoroweglanow\/\" \/>\n<meta property=\"og:site_name\" content=\"Santa Monica\" \/>\n<meta property=\"article:publisher\" content=\"https:\/\/www.facebook.com\/klinikasantamonica\" \/>\n<meta property=\"article:modified_time\" content=\"2025-03-05T21:18:03+00:00\" \/>\n<meta property=\"og:image\" content=\"https:\/\/santamonica.lv\/wp-content\/uploads\/2024\/01\/procaine-infusions.jpeg\" \/>\n\t<meta property=\"og:image:width\" content=\"1024\" \/>\n\t<meta property=\"og:image:height\" content=\"683\" \/>\n\t<meta property=\"og:image:type\" content=\"image\/jpeg\" \/>\n<meta name=\"twitter:card\" content=\"summary_large_image\" \/>\n<meta name=\"twitter:label1\" content=\"Est. reading time\" \/>\n\t<meta name=\"twitter:data1\" content=\"2 minuty\" \/>\n<script type=\"application\/ld+json\" class=\"yoast-schema-graph\">{\"@context\":\"https:\/\/schema.org\",\"@graph\":[{\"@type\":\"WebPage\",\"@id\":\"https:\/\/santamonica.lv\/pl\/dla-zdrowia\/napary-z-prokainy-i-wodoroweglanow\/\",\"url\":\"https:\/\/santamonica.lv\/pl\/dla-zdrowia\/napary-z-prokainy-i-wodoroweglanow\/\",\"name\":\"Napary z prokainy i wodorow\u0119glan\u00f3w - Santa Monica\",\"isPartOf\":{\"@id\":\"https:\/\/santamonica.lv\/pl\/#website\"},\"primaryImageOfPage\":{\"@id\":\"https:\/\/santamonica.lv\/pl\/dla-zdrowia\/napary-z-prokainy-i-wodoroweglanow\/#primaryimage\"},\"image\":{\"@id\":\"https:\/\/santamonica.lv\/pl\/dla-zdrowia\/napary-z-prokainy-i-wodoroweglanow\/#primaryimage\"},\"thumbnailUrl\":\"https:\/\/santamonica.lv\/wp-content\/uploads\/2024\/01\/procaine-infusions.jpeg\",\"datePublished\":\"2025-03-01T20:12:11+00:00\",\"dateModified\":\"2025-03-05T21:18:03+00:00\",\"breadcrumb\":{\"@id\":\"https:\/\/santamonica.lv\/pl\/dla-zdrowia\/napary-z-prokainy-i-wodoroweglanow\/#breadcrumb\"},\"inLanguage\":\"pl-PL\",\"potentialAction\":[{\"@type\":\"ReadAction\",\"target\":[\"https:\/\/santamonica.lv\/pl\/dla-zdrowia\/napary-z-prokainy-i-wodoroweglanow\/\"]}]},{\"@type\":\"ImageObject\",\"inLanguage\":\"pl-PL\",\"@id\":\"https:\/\/santamonica.lv\/pl\/dla-zdrowia\/napary-z-prokainy-i-wodoroweglanow\/#primaryimage\",\"url\":\"https:\/\/santamonica.lv\/wp-content\/uploads\/2024\/01\/procaine-infusions.jpeg\",\"contentUrl\":\"https:\/\/santamonica.lv\/wp-content\/uploads\/2024\/01\/procaine-infusions.jpeg\",\"width\":1024,\"height\":683},{\"@type\":\"BreadcrumbList\",\"@id\":\"https:\/\/santamonica.lv\/pl\/dla-zdrowia\/napary-z-prokainy-i-wodoroweglanow\/#breadcrumb\",\"itemListElement\":[{\"@type\":\"ListItem\",\"position\":1,\"name\":\"Home\",\"item\":\"https:\/\/santamonica.lv\/pl\/poczatek\/\"},{\"@type\":\"ListItem\",\"position\":2,\"name\":\"Dla zdrowia\",\"item\":\"https:\/\/santamonica.lv\/pl\/dla-zdrowia\/\"},{\"@type\":\"ListItem\",\"position\":3,\"name\":\"Napary z prokainy i wodorow\u0119glan\u00f3w\"}]},{\"@type\":\"WebSite\",\"@id\":\"https:\/\/santamonica.lv\/pl\/#website\",\"url\":\"https:\/\/santamonica.lv\/pl\/\",\"name\":\"Santa Monica\",\"description\":\"\",\"potentialAction\":[{\"@type\":\"SearchAction\",\"target\":{\"@type\":\"EntryPoint\",\"urlTemplate\":\"https:\/\/santamonica.lv\/pl\/?s={search_term_string}\"},\"query-input\":{\"@type\":\"PropertyValueSpecification\",\"valueRequired\":true,\"valueName\":\"search_term_string\"}}],\"inLanguage\":\"pl-PL\"}]}<\/script>\n<!-- \/ Yoast SEO plugin. -->","yoast_head_json":{"title":"Napary z prokainy i wodorow\u0119glan\u00f3w - Santa Monica","robots":{"index":"index","follow":"follow","max-snippet":"max-snippet:-1","max-image-preview":"max-image-preview:large","max-video-preview":"max-video-preview:-1"},"canonical":"https:\/\/santamonica.lv\/pl\/dla-zdrowia\/napary-z-prokainy-i-wodoroweglanow\/","og_locale":"pl_PL","og_type":"article","og_title":"Napary z prokainy i wodorow\u0119glan\u00f3w - Santa Monica","og_description":"Iekaisums ar hiperacidit\u0101ti organisma iek\u0161\u0113j\u0101 vid\u0113 ir vieni no visbie\u017e\u0101kajiem faktoriem, kas izraisa daudzas saslim\u0161anas. Proka\u012bns, kuram piem\u012bt izteikta pretiekaisuma efektivit\u0101te kop\u0101 ar n\u0101trija hidrog\u0113nkarbon\u0101tu, kam savuk\u0101rt ir izteikta b\u0101ziska reakcija var nov\u0113rst t\u0101dus trauc\u0113jumus k\u0101 sk\u0101ba organisma iek\u0161\u0113j\u0101 vide, kura izmantojama pla\u0161i naturop\u0101tij\u0101. Proka\u012bns ir viens no medikamentiem, kuram jau vair\u0101k k\u0101 100 gadus...","og_url":"https:\/\/santamonica.lv\/pl\/dla-zdrowia\/napary-z-prokainy-i-wodoroweglanow\/","og_site_name":"Santa Monica","article_publisher":"https:\/\/www.facebook.com\/klinikasantamonica","article_modified_time":"2025-03-05T21:18:03+00:00","og_image":[{"width":1024,"height":683,"url":"https:\/\/santamonica.lv\/wp-content\/uploads\/2024\/01\/procaine-infusions.jpeg","type":"image\/jpeg"}],"twitter_card":"summary_large_image","twitter_misc":{"Est. reading time":"2 minuty"},"schema":{"@context":"https:\/\/schema.org","@graph":[{"@type":"WebPage","@id":"https:\/\/santamonica.lv\/pl\/dla-zdrowia\/napary-z-prokainy-i-wodoroweglanow\/","url":"https:\/\/santamonica.lv\/pl\/dla-zdrowia\/napary-z-prokainy-i-wodoroweglanow\/","name":"Napary z prokainy i wodorow\u0119glan\u00f3w - Santa Monica","isPartOf":{"@id":"https:\/\/santamonica.lv\/pl\/#website"},"primaryImageOfPage":{"@id":"https:\/\/santamonica.lv\/pl\/dla-zdrowia\/napary-z-prokainy-i-wodoroweglanow\/#primaryimage"},"image":{"@id":"https:\/\/santamonica.lv\/pl\/dla-zdrowia\/napary-z-prokainy-i-wodoroweglanow\/#primaryimage"},"thumbnailUrl":"https:\/\/santamonica.lv\/wp-content\/uploads\/2024\/01\/procaine-infusions.jpeg","datePublished":"2025-03-01T20:12:11+00:00","dateModified":"2025-03-05T21:18:03+00:00","breadcrumb":{"@id":"https:\/\/santamonica.lv\/pl\/dla-zdrowia\/napary-z-prokainy-i-wodoroweglanow\/#breadcrumb"},"inLanguage":"pl-PL","potentialAction":[{"@type":"ReadAction","target":["https:\/\/santamonica.lv\/pl\/dla-zdrowia\/napary-z-prokainy-i-wodoroweglanow\/"]}]},{"@type":"ImageObject","inLanguage":"pl-PL","@id":"https:\/\/santamonica.lv\/pl\/dla-zdrowia\/napary-z-prokainy-i-wodoroweglanow\/#primaryimage","url":"https:\/\/santamonica.lv\/wp-content\/uploads\/2024\/01\/procaine-infusions.jpeg","contentUrl":"https:\/\/santamonica.lv\/wp-content\/uploads\/2024\/01\/procaine-infusions.jpeg","width":1024,"height":683},{"@type":"BreadcrumbList","@id":"https:\/\/santamonica.lv\/pl\/dla-zdrowia\/napary-z-prokainy-i-wodoroweglanow\/#breadcrumb","itemListElement":[{"@type":"ListItem","position":1,"name":"Home","item":"https:\/\/santamonica.lv\/pl\/poczatek\/"},{"@type":"ListItem","position":2,"name":"Dla zdrowia","item":"https:\/\/santamonica.lv\/pl\/dla-zdrowia\/"},{"@type":"ListItem","position":3,"name":"Napary z prokainy i wodorow\u0119glan\u00f3w"}]},{"@type":"WebSite","@id":"https:\/\/santamonica.lv\/pl\/#website","url":"https:\/\/santamonica.lv\/pl\/","name":"Santa Monica","description":"","potentialAction":[{"@type":"SearchAction","target":{"@type":"EntryPoint","urlTemplate":"https:\/\/santamonica.lv\/pl\/?s={search_term_string}"},"query-input":{"@type":"PropertyValueSpecification","valueRequired":true,"valueName":"search_term_string"}}],"inLanguage":"pl-PL"}]}},"uagb_featured_image_src":{"full":["https:\/\/santamonica.lv\/wp-content\/uploads\/2024\/01\/procaine-infusions.jpeg",1024,683,false],"thumbnail":["https:\/\/santamonica.lv\/wp-content\/uploads\/2024\/01\/procaine-infusions-150x150.jpeg",150,150,true],"medium":["https:\/\/santamonica.lv\/wp-content\/uploads\/2024\/01\/procaine-infusions-300x200.jpeg",300,200,true],"medium_large":["https:\/\/santamonica.lv\/wp-content\/uploads\/2024\/01\/procaine-infusions-768x512.jpeg",768,512,true],"large":["https:\/\/santamonica.lv\/wp-content\/uploads\/2024\/01\/procaine-infusions.jpeg",1024,683,false],"1536x1536":["https:\/\/santamonica.lv\/wp-content\/uploads\/2024\/01\/procaine-infusions.jpeg",1024,683,false],"2048x2048":["https:\/\/santamonica.lv\/wp-content\/uploads\/2024\/01\/procaine-infusions.jpeg",1024,683,false],"woocommerce_thumbnail":["https:\/\/santamonica.lv\/wp-content\/uploads\/2024\/01\/procaine-infusions-300x300.jpeg",300,300,true],"woocommerce_single":["https:\/\/santamonica.lv\/wp-content\/uploads\/2024\/01\/procaine-infusions-600x400.jpeg",600,400,true],"woocommerce_gallery_thumbnail":["https:\/\/santamonica.lv\/wp-content\/uploads\/2024\/01\/procaine-infusions-100x100.jpeg",100,100,true]},"uagb_author_info":{"display_name":"Aigars","author_link":"https:\/\/santamonica.lv\/pl\/author\/aigars\/"},"uagb_comment_info":0,"uagb_excerpt":"Iekaisums ar hiperacidit\u0101ti organisma iek\u0161\u0113j\u0101 vid\u0113 ir vieni no visbie\u017e\u0101kajiem faktoriem, kas izraisa daudzas saslim\u0161anas. Proka\u012bns, kuram piem\u012bt izteikta pretiekaisuma efektivit\u0101te kop\u0101 ar n\u0101trija hidrog\u0113nkarbon\u0101tu, kam savuk\u0101rt ir izteikta b\u0101ziska reakcija var nov\u0113rst t\u0101dus trauc\u0113jumus k\u0101 sk\u0101ba organisma iek\u0161\u0113j\u0101 vide, kura izmantojama pla\u0161i naturop\u0101tij\u0101. Proka\u012bns ir viens no medikamentiem, kuram jau vair\u0101k k\u0101 100 gadus...","_links":{"self":[{"href":"https:\/\/santamonica.lv\/pl\/wp-json\/wp\/v2\/pages\/3167","targetHints":{"allow":["GET"]}}],"collection":[{"href":"https:\/\/santamonica.lv\/pl\/wp-json\/wp\/v2\/pages"}],"about":[{"href":"https:\/\/santamonica.lv\/pl\/wp-json\/wp\/v2\/types\/page"}],"author":[{"embeddable":true,"href":"https:\/\/santamonica.lv\/pl\/wp-json\/wp\/v2\/users\/3"}],"replies":[{"embeddable":true,"href":"https:\/\/santamonica.lv\/pl\/wp-json\/wp\/v2\/comments?post=3167"}],"version-history":[{"count":2,"href":"https:\/\/santamonica.lv\/pl\/wp-json\/wp\/v2\/pages\/3167\/revisions"}],"predecessor-version":[{"id":3213,"href":"https:\/\/santamonica.lv\/pl\/wp-json\/wp\/v2\/pages\/3167\/revisions\/3213"}],"up":[{"embeddable":true,"href":"https:\/\/santamonica.lv\/pl\/wp-json\/wp\/v2\/pages\/2522"}],"wp:featuredmedia":[{"embeddable":true,"href":"https:\/\/santamonica.lv\/pl\/wp-json\/wp\/v2\/media\/2577"}],"wp:attachment":[{"href":"https:\/\/santamonica.lv\/pl\/wp-json\/wp\/v2\/media?parent=3167"}],"curies":[{"name":"wp","href":"https:\/\/api.w.org\/{rel}","templated":true}]}}