{"id":3171,"date":"2025-03-01T22:56:06","date_gmt":"2025-03-01T20:56:06","guid":{"rendered":"https:\/\/santamonica.lv\/?page_id=3171"},"modified":"2025-03-05T22:43:05","modified_gmt":"2025-03-05T20:43:05","slug":"olifenolia","status":"publish","type":"page","link":"https:\/\/santamonica.lv\/pl\/dla-zdrowia\/olifenolia\/","title":{"rendered":"Olifenolia"},"content":{"rendered":"\n<div class=\"wp-block-columns is-layout-flex wp-container-core-columns-is-layout-9d6595d7 wp-block-columns-is-layout-flex\">\n<div class=\"wp-block-column is-layout-flow wp-block-column-is-layout-flow\" style=\"flex-basis:33.33%\">\n<figure class=\"wp-block-image size-full\"><img loading=\"lazy\" decoding=\"async\" width=\"572\" height=\"480\" src=\"https:\/\/santamonica.lv\/wp-content\/uploads\/2024\/01\/OliPhenolia.jpg\" alt=\"\" class=\"wp-image-1059\" srcset=\"https:\/\/santamonica.lv\/wp-content\/uploads\/2024\/01\/OliPhenolia.jpg 572w, https:\/\/santamonica.lv\/wp-content\/uploads\/2024\/01\/OliPhenolia-300x252.jpg 300w\" sizes=\"auto, (max-width: 572px) 100vw, 572px\" \/><\/figure>\n<\/div>\n\n\n\n<div class=\"wp-block-column is-layout-flow wp-block-column-is-layout-flow\" style=\"flex-basis:66.66%\">\n<p>Oliphenolia to do\u017cylny koktajl polifenoli \u2013 roztw\u00f3r do wstrzykiwa\u0144 \u0142\u0105cz\u0105cy w sobie fitoncydy pozyskiwane z oliwek uprawianych we W\u0142oszech bez obr\u00f3bki cieplnej. G\u0142\u00f3wnym sk\u0142adnikiem nowo otrzymanego produktu jest t\u0142oczony na zimno ekstrakt z oliwek, zwany<strong><em> \u201eacqua mora\u201d<\/em><\/strong> czyli czarn\u0105 wod\u0105. Roztw\u00f3r ten jest mieszanin\u0105 r\u00f3\u017cnych polifenoli, w kt\u00f3rej znajduj\u0105 si\u0119 takie substancje z tej klasy jak hydroksytyrozol (przeciwutleniacz), oleuropeina, tyrozol, werboskoidy (glikozydy kawoilofenyloetanoidowe), kwas chlorogenowy (kwas fenolowy), aglikon (bezcukrowy sk\u0142adnik glikozydu). , secologanozydy i wiele innych.<\/p>\n<\/div>\n<\/div>\n\n\n\n<p>Oliphenolia to ekstrakt z oliwek otrzymywany w wyniku mechanicznej obr\u00f3bki oliwek, p\u0142yn uzyskany w wyniku filtracji wytwarzany jest bez obecno\u015bci rozpuszczalnik\u00f3w chemicznych. Obecnie firma farmaceutyczna pracuje nad wyprodukowaniem p\u0142ynu do\u017cylnego, kt\u00f3ry b\u0119dzie stosowany jako preparat infuzyjny bez obecno\u015bci substancji syntetycznych.<\/p>\n\n\n\n<p>Nowo opracowana formu\u0142a polifenoli pozwala na szerokie zastosowanie ich w medycynie holistycznej jako \u017ar\u00f3d\u0142a naturalnych surowc\u00f3w w leczeniu r\u00f3\u017cnorodnych schorze\u0144.<\/p>\n\n\n\n<p>Bior\u0105c pod uwag\u0119 r\u00f3\u017cnorodno\u015b\u0107 i dzia\u0142anie sk\u0142adnik\u00f3w koktajlu polifenolowego, przeprowadzono badania, kt\u00f3re potwierdzaj\u0105, \u017ce mo\u017ce on by\u0107 stosowany w leczeniu r\u00f3\u017cnych problem\u00f3w zdrowotnych:<\/p>\n\n\n\n<ol class=\"wp-block-list\">\n<li>Do leczenia chor\u00f3b uk\u0142adu kr\u0105\u017cenia \u2013 dzia\u0142a antyoksydacyjnie, hamuje starzenie si\u0119 kom\u00f3rek, hamuje agregacj\u0119 p\u0142ytek krwi, chroni\u0105c tym samym przed zakrzepic\u0105 i udarem m\u00f3zgu. Wzmocnione dzia\u0142anie przeciwzakrzepowe wyst\u0119puje w przypadku stosowania w po\u0142\u0105czeniu z aspiryn\u0105;<\/li>\n\n\n\n<li>\u017bo\u0142\u0105dek \u2013 dla zdrowia przewodu pokarmowego \u2013 przydatny w leczeniu r\u00f3\u017cnych chor\u00f3b przewodu \u017co\u0142\u0105dkowo-jelitowego;<\/li>\n\n\n\n<li>Dzia\u0142anie antybakteryjne \u2013 pomaga pozby\u0107 si\u0119 Helicobacter pylori w \u017co\u0142\u0105dku;<\/li>\n\n\n\n<li>Mo\u017cna go stosowa\u0107 w leczeniu problem\u00f3w zdrowotnych wywo\u0142anych chorobami metabolicznymi i cukrzyc\u0105, gdy\u017c pomaga korygowa\u0107 zaburzenia gospodarki lipidowej, chroni\u0105c w ten spos\u00f3b naczynia krwiono\u015bne, a tak\u017ce zmniejsza insulinooporno\u015b\u0107 u chorych na cukrzyc\u0119;<\/li>\n\n\n\n<li>Inne zastosowania \u2013 przydatny w profilaktyce nowotwor\u00f3w, ma dzia\u0142anie przeciwzapalne, co jest istotne w leczeniu chor\u00f3b staw\u00f3w oraz wspomaga i usprawnia gojenie si\u0119 ran.<\/li>\n\n\n\n<li>W leczeniu chor\u00f3b o\u015brodkowego uk\u0142adu nerwowego \u2013 mo\u017cna go stosowa\u0107 w profilaktyce chor\u00f3b neurodegeneracyjnych (choroba Alzheimera).<\/li>\n<\/ol>\n","protected":false},"excerpt":{"rendered":"<p>Oliphenolia to do\u017cylny koktajl polifenoli \u2013 roztw\u00f3r do wstrzykiwa\u0144 \u0142\u0105cz\u0105cy w sobie fitoncydy pozyskiwane z oliwek uprawianych we W\u0142oszech bez obr\u00f3bki cieplnej. G\u0142\u00f3wnym sk\u0142adnikiem nowo otrzymanego produktu jest t\u0142oczony na zimno ekstrakt z oliwek, zwany \u201eacqua mora\u201d czyli czarn\u0105 wod\u0105. Roztw\u00f3r ten jest mieszanin\u0105 r\u00f3\u017cnych polifenoli, w kt\u00f3rej znajduj\u0105 si\u0119 takie substancje z tej klasy&#8230;<\/p>\n","protected":false},"author":3,"featured_media":2585,"parent":2522,"menu_order":0,"comment_status":"closed","ping_status":"closed","template":"","meta":{"_acf_changed":false,"_uag_custom_page_level_css":"","_kadence_starter_templates_imported_post":false,"_kad_post_transparent":"","_kad_post_title":"","_kad_post_layout":"","_kad_post_sidebar_id":"","_kad_post_content_style":"","_kad_post_vertical_padding":"","_kad_post_feature":"","_kad_post_feature_position":"","_kad_post_header":false,"_kad_post_footer":false,"footnotes":""},"class_list":["post-3171","page","type-page","status-publish","has-post-thumbnail","hentry"],"acf":[],"yoast_head":"<!-- This site is optimized with the Yoast SEO plugin v26.4 - https:\/\/yoast.com\/wordpress\/plugins\/seo\/ -->\n<title>Olifenolia - Santa Monica<\/title>\n<meta name=\"robots\" content=\"index, follow, max-snippet:-1, max-image-preview:large, max-video-preview:-1\" \/>\n<link rel=\"canonical\" href=\"https:\/\/santamonica.lv\/pl\/dla-zdrowia\/olifenolia\/\" \/>\n<meta property=\"og:locale\" content=\"pl_PL\" \/>\n<meta property=\"og:type\" content=\"article\" \/>\n<meta property=\"og:title\" content=\"Olifenolia - Santa Monica\" \/>\n<meta property=\"og:description\" content=\"Oliphenolia to do\u017cylny koktajl polifenoli \u2013 roztw\u00f3r do wstrzykiwa\u0144 \u0142\u0105cz\u0105cy w sobie fitoncydy pozyskiwane z oliwek uprawianych we W\u0142oszech bez obr\u00f3bki cieplnej. G\u0142\u00f3wnym sk\u0142adnikiem nowo otrzymanego produktu jest t\u0142oczony na zimno ekstrakt z oliwek, zwany \u201eacqua mora\u201d czyli czarn\u0105 wod\u0105. Roztw\u00f3r ten jest mieszanin\u0105 r\u00f3\u017cnych polifenoli, w kt\u00f3rej znajduj\u0105 si\u0119 takie substancje z tej klasy...\" \/>\n<meta property=\"og:url\" content=\"https:\/\/santamonica.lv\/pl\/dla-zdrowia\/olifenolia\/\" \/>\n<meta property=\"og:site_name\" content=\"Santa Monica\" \/>\n<meta property=\"article:publisher\" content=\"https:\/\/www.facebook.com\/klinikasantamonica\" \/>\n<meta property=\"article:modified_time\" content=\"2025-03-05T20:43:05+00:00\" \/>\n<meta property=\"og:image\" content=\"https:\/\/santamonica.lv\/wp-content\/uploads\/2024\/01\/OliPhenolia.jpg\" \/>\n\t<meta property=\"og:image:width\" content=\"572\" \/>\n\t<meta property=\"og:image:height\" content=\"480\" \/>\n\t<meta property=\"og:image:type\" content=\"image\/jpeg\" \/>\n<meta name=\"twitter:card\" content=\"summary_large_image\" \/>\n<meta name=\"twitter:label1\" content=\"Est. reading time\" \/>\n\t<meta name=\"twitter:data1\" content=\"2 minuty\" \/>\n<script type=\"application\/ld+json\" class=\"yoast-schema-graph\">{\"@context\":\"https:\/\/schema.org\",\"@graph\":[{\"@type\":\"WebPage\",\"@id\":\"https:\/\/santamonica.lv\/pl\/dla-zdrowia\/olifenolia\/\",\"url\":\"https:\/\/santamonica.lv\/pl\/dla-zdrowia\/olifenolia\/\",\"name\":\"Olifenolia - Santa Monica\",\"isPartOf\":{\"@id\":\"https:\/\/santamonica.lv\/pl\/#website\"},\"primaryImageOfPage\":{\"@id\":\"https:\/\/santamonica.lv\/pl\/dla-zdrowia\/olifenolia\/#primaryimage\"},\"image\":{\"@id\":\"https:\/\/santamonica.lv\/pl\/dla-zdrowia\/olifenolia\/#primaryimage\"},\"thumbnailUrl\":\"https:\/\/santamonica.lv\/wp-content\/uploads\/2024\/01\/OliPhenolia.jpg\",\"datePublished\":\"2025-03-01T20:56:06+00:00\",\"dateModified\":\"2025-03-05T20:43:05+00:00\",\"breadcrumb\":{\"@id\":\"https:\/\/santamonica.lv\/pl\/dla-zdrowia\/olifenolia\/#breadcrumb\"},\"inLanguage\":\"pl-PL\",\"potentialAction\":[{\"@type\":\"ReadAction\",\"target\":[\"https:\/\/santamonica.lv\/pl\/dla-zdrowia\/olifenolia\/\"]}]},{\"@type\":\"ImageObject\",\"inLanguage\":\"pl-PL\",\"@id\":\"https:\/\/santamonica.lv\/pl\/dla-zdrowia\/olifenolia\/#primaryimage\",\"url\":\"https:\/\/santamonica.lv\/wp-content\/uploads\/2024\/01\/OliPhenolia.jpg\",\"contentUrl\":\"https:\/\/santamonica.lv\/wp-content\/uploads\/2024\/01\/OliPhenolia.jpg\",\"width\":572,\"height\":480},{\"@type\":\"BreadcrumbList\",\"@id\":\"https:\/\/santamonica.lv\/pl\/dla-zdrowia\/olifenolia\/#breadcrumb\",\"itemListElement\":[{\"@type\":\"ListItem\",\"position\":1,\"name\":\"Home\",\"item\":\"https:\/\/santamonica.lv\/pl\/poczatek\/\"},{\"@type\":\"ListItem\",\"position\":2,\"name\":\"Dla zdrowia\",\"item\":\"https:\/\/santamonica.lv\/pl\/dla-zdrowia\/\"},{\"@type\":\"ListItem\",\"position\":3,\"name\":\"Olifenolia\"}]},{\"@type\":\"WebSite\",\"@id\":\"https:\/\/santamonica.lv\/pl\/#website\",\"url\":\"https:\/\/santamonica.lv\/pl\/\",\"name\":\"Santa Monica\",\"description\":\"\",\"potentialAction\":[{\"@type\":\"SearchAction\",\"target\":{\"@type\":\"EntryPoint\",\"urlTemplate\":\"https:\/\/santamonica.lv\/pl\/?s={search_term_string}\"},\"query-input\":{\"@type\":\"PropertyValueSpecification\",\"valueRequired\":true,\"valueName\":\"search_term_string\"}}],\"inLanguage\":\"pl-PL\"}]}<\/script>\n<!-- \/ Yoast SEO plugin. -->","yoast_head_json":{"title":"Olifenolia - Santa Monica","robots":{"index":"index","follow":"follow","max-snippet":"max-snippet:-1","max-image-preview":"max-image-preview:large","max-video-preview":"max-video-preview:-1"},"canonical":"https:\/\/santamonica.lv\/pl\/dla-zdrowia\/olifenolia\/","og_locale":"pl_PL","og_type":"article","og_title":"Olifenolia - Santa Monica","og_description":"Oliphenolia to do\u017cylny koktajl polifenoli \u2013 roztw\u00f3r do wstrzykiwa\u0144 \u0142\u0105cz\u0105cy w sobie fitoncydy pozyskiwane z oliwek uprawianych we W\u0142oszech bez obr\u00f3bki cieplnej. G\u0142\u00f3wnym sk\u0142adnikiem nowo otrzymanego produktu jest t\u0142oczony na zimno ekstrakt z oliwek, zwany \u201eacqua mora\u201d czyli czarn\u0105 wod\u0105. Roztw\u00f3r ten jest mieszanin\u0105 r\u00f3\u017cnych polifenoli, w kt\u00f3rej znajduj\u0105 si\u0119 takie substancje z tej klasy...","og_url":"https:\/\/santamonica.lv\/pl\/dla-zdrowia\/olifenolia\/","og_site_name":"Santa Monica","article_publisher":"https:\/\/www.facebook.com\/klinikasantamonica","article_modified_time":"2025-03-05T20:43:05+00:00","og_image":[{"width":572,"height":480,"url":"https:\/\/santamonica.lv\/wp-content\/uploads\/2024\/01\/OliPhenolia.jpg","type":"image\/jpeg"}],"twitter_card":"summary_large_image","twitter_misc":{"Est. reading time":"2 minuty"},"schema":{"@context":"https:\/\/schema.org","@graph":[{"@type":"WebPage","@id":"https:\/\/santamonica.lv\/pl\/dla-zdrowia\/olifenolia\/","url":"https:\/\/santamonica.lv\/pl\/dla-zdrowia\/olifenolia\/","name":"Olifenolia - Santa Monica","isPartOf":{"@id":"https:\/\/santamonica.lv\/pl\/#website"},"primaryImageOfPage":{"@id":"https:\/\/santamonica.lv\/pl\/dla-zdrowia\/olifenolia\/#primaryimage"},"image":{"@id":"https:\/\/santamonica.lv\/pl\/dla-zdrowia\/olifenolia\/#primaryimage"},"thumbnailUrl":"https:\/\/santamonica.lv\/wp-content\/uploads\/2024\/01\/OliPhenolia.jpg","datePublished":"2025-03-01T20:56:06+00:00","dateModified":"2025-03-05T20:43:05+00:00","breadcrumb":{"@id":"https:\/\/santamonica.lv\/pl\/dla-zdrowia\/olifenolia\/#breadcrumb"},"inLanguage":"pl-PL","potentialAction":[{"@type":"ReadAction","target":["https:\/\/santamonica.lv\/pl\/dla-zdrowia\/olifenolia\/"]}]},{"@type":"ImageObject","inLanguage":"pl-PL","@id":"https:\/\/santamonica.lv\/pl\/dla-zdrowia\/olifenolia\/#primaryimage","url":"https:\/\/santamonica.lv\/wp-content\/uploads\/2024\/01\/OliPhenolia.jpg","contentUrl":"https:\/\/santamonica.lv\/wp-content\/uploads\/2024\/01\/OliPhenolia.jpg","width":572,"height":480},{"@type":"BreadcrumbList","@id":"https:\/\/santamonica.lv\/pl\/dla-zdrowia\/olifenolia\/#breadcrumb","itemListElement":[{"@type":"ListItem","position":1,"name":"Home","item":"https:\/\/santamonica.lv\/pl\/poczatek\/"},{"@type":"ListItem","position":2,"name":"Dla zdrowia","item":"https:\/\/santamonica.lv\/pl\/dla-zdrowia\/"},{"@type":"ListItem","position":3,"name":"Olifenolia"}]},{"@type":"WebSite","@id":"https:\/\/santamonica.lv\/pl\/#website","url":"https:\/\/santamonica.lv\/pl\/","name":"Santa Monica","description":"","potentialAction":[{"@type":"SearchAction","target":{"@type":"EntryPoint","urlTemplate":"https:\/\/santamonica.lv\/pl\/?s={search_term_string}"},"query-input":{"@type":"PropertyValueSpecification","valueRequired":true,"valueName":"search_term_string"}}],"inLanguage":"pl-PL"}]}},"uagb_featured_image_src":{"full":["https:\/\/santamonica.lv\/wp-content\/uploads\/2024\/01\/OliPhenolia.jpg",572,480,false],"thumbnail":["https:\/\/santamonica.lv\/wp-content\/uploads\/2024\/01\/OliPhenolia-150x150.jpg",150,150,true],"medium":["https:\/\/santamonica.lv\/wp-content\/uploads\/2024\/01\/OliPhenolia-300x252.jpg",300,252,true],"medium_large":["https:\/\/santamonica.lv\/wp-content\/uploads\/2024\/01\/OliPhenolia.jpg",572,480,false],"large":["https:\/\/santamonica.lv\/wp-content\/uploads\/2024\/01\/OliPhenolia.jpg",572,480,false],"1536x1536":["https:\/\/santamonica.lv\/wp-content\/uploads\/2024\/01\/OliPhenolia.jpg",572,480,false],"2048x2048":["https:\/\/santamonica.lv\/wp-content\/uploads\/2024\/01\/OliPhenolia.jpg",572,480,false],"woocommerce_thumbnail":["https:\/\/santamonica.lv\/wp-content\/uploads\/2024\/01\/OliPhenolia-300x300.jpg",300,300,true],"woocommerce_single":["https:\/\/santamonica.lv\/wp-content\/uploads\/2024\/01\/OliPhenolia.jpg",572,480,false],"woocommerce_gallery_thumbnail":["https:\/\/santamonica.lv\/wp-content\/uploads\/2024\/01\/OliPhenolia-100x100.jpg",100,100,true]},"uagb_author_info":{"display_name":"Aigars","author_link":"https:\/\/santamonica.lv\/pl\/author\/aigars\/"},"uagb_comment_info":0,"uagb_excerpt":"Oliphenolia to do\u017cylny koktajl polifenoli \u2013 roztw\u00f3r do wstrzykiwa\u0144 \u0142\u0105cz\u0105cy w sobie fitoncydy pozyskiwane z oliwek uprawianych we W\u0142oszech bez obr\u00f3bki cieplnej. G\u0142\u00f3wnym sk\u0142adnikiem nowo otrzymanego produktu jest t\u0142oczony na zimno ekstrakt z oliwek, zwany \u201eacqua mora\u201d czyli czarn\u0105 wod\u0105. Roztw\u00f3r ten jest mieszanin\u0105 r\u00f3\u017cnych polifenoli, w kt\u00f3rej znajduj\u0105 si\u0119 takie substancje z tej klasy...","_links":{"self":[{"href":"https:\/\/santamonica.lv\/pl\/wp-json\/wp\/v2\/pages\/3171","targetHints":{"allow":["GET"]}}],"collection":[{"href":"https:\/\/santamonica.lv\/pl\/wp-json\/wp\/v2\/pages"}],"about":[{"href":"https:\/\/santamonica.lv\/pl\/wp-json\/wp\/v2\/types\/page"}],"author":[{"embeddable":true,"href":"https:\/\/santamonica.lv\/pl\/wp-json\/wp\/v2\/users\/3"}],"replies":[{"embeddable":true,"href":"https:\/\/santamonica.lv\/pl\/wp-json\/wp\/v2\/comments?post=3171"}],"version-history":[{"count":1,"href":"https:\/\/santamonica.lv\/pl\/wp-json\/wp\/v2\/pages\/3171\/revisions"}],"predecessor-version":[{"id":3172,"href":"https:\/\/santamonica.lv\/pl\/wp-json\/wp\/v2\/pages\/3171\/revisions\/3172"}],"up":[{"embeddable":true,"href":"https:\/\/santamonica.lv\/pl\/wp-json\/wp\/v2\/pages\/2522"}],"wp:featuredmedia":[{"embeddable":true,"href":"https:\/\/santamonica.lv\/pl\/wp-json\/wp\/v2\/media\/2585"}],"wp:attachment":[{"href":"https:\/\/santamonica.lv\/pl\/wp-json\/wp\/v2\/media?parent=3171"}],"curies":[{"name":"wp","href":"https:\/\/api.w.org\/{rel}","templated":true}]}}