{"id":3173,"date":"2025-03-01T23:09:26","date_gmt":"2025-03-01T21:09:26","guid":{"rendered":"https:\/\/santamonica.lv\/?page_id=3173"},"modified":"2025-03-05T22:42:59","modified_gmt":"2025-03-05T20:42:59","slug":"metylosulfonylometan-msm","status":"publish","type":"page","link":"https:\/\/santamonica.lv\/pl\/dla-zdrowia\/metylosulfonylometan-msm\/","title":{"rendered":"Metylosulfonylometan (MSM)"},"content":{"rendered":"\n<div class=\"wp-block-columns is-layout-flex wp-container-core-columns-is-layout-9d6595d7 wp-block-columns-is-layout-flex\">\n<div class=\"wp-block-column is-layout-flow wp-block-column-is-layout-flow\" style=\"flex-basis:33.33%\">\n<figure class=\"wp-block-image size-full\"><img loading=\"lazy\" decoding=\"async\" width=\"1260\" height=\"790\" src=\"https:\/\/santamonica.lv\/wp-content\/uploads\/2024\/01\/MSM.jpg\" alt=\"\" class=\"wp-image-1057\" srcset=\"https:\/\/santamonica.lv\/wp-content\/uploads\/2024\/01\/MSM.jpg 1260w, https:\/\/santamonica.lv\/wp-content\/uploads\/2024\/01\/MSM-300x188.jpg 300w, https:\/\/santamonica.lv\/wp-content\/uploads\/2024\/01\/MSM-1024x642.jpg 1024w, https:\/\/santamonica.lv\/wp-content\/uploads\/2024\/01\/MSM-768x482.jpg 768w, https:\/\/santamonica.lv\/wp-content\/uploads\/2024\/01\/MSM-600x376.jpg 600w\" sizes=\"auto, (max-width: 1260px) 100vw, 1260px\" \/><\/figure>\n<\/div>\n\n\n\n<div class=\"wp-block-column is-layout-flow wp-block-column-is-layout-flow\" style=\"flex-basis:66.66%\">\n<p>Metylosulfanometan jest naturalnym organicznym zwi\u0105zkiem zawieraj\u0105cym siark\u0119, szeroko stosowanym w medycynie komplementarnej i alternatywnej. Naturalnie powstaje w organizmie cz\u0142owieka, ale w niewielkich ilo\u015bciach wyst\u0119puje tak\u017ce w kom\u00f3rkach zwierz\u0105t i u niekt\u00f3rych przedstawicieli kr\u00f3lestwa ro\u015blin. MSM charakteryzuje si\u0119 stosunkowo szybkim dzia\u0142aniem przeciwb\u00f3lowym, bez skutk\u00f3w ubocznych, a jego skuteczno\u015b\u0107 mo\u017cna zaobserwowa\u0107 przez stosunkowo d\u0142ugi czas.<\/p>\n<\/div>\n<\/div>\n\n\n\n<h2 class=\"wp-block-heading\">Wp\u0142yw MSM na centralny uk\u0142ad nerwowy:<\/h2>\n\n\n\n<ul class=\"wp-block-list\">\n<li>Zmniejsza b\u00f3l wywo\u0142any migren\u0105;<\/li>\n\n\n\n<li>Pomaga w walce z b\u00f3lem typu nerwob\u00f3l (neuropatia);<\/li>\n<\/ul>\n\n\n\n<h3 class=\"wp-block-heading\">Biologiczne znaczenie MSM:<\/h3>\n\n\n\n<ul class=\"wp-block-list\">\n<li>Zapewnia prawid\u0142ow\u0105 przepuszczalno\u015b\u0107 b\u0142on kom\u00f3rkowych, co pomaga szybko usun\u0105\u0107 niepotrzebne substancje z organizmu;<\/li>\n\n\n\n<li>Zmniejsza b\u00f3l;<\/li>\n\n\n\n<li>Wspomaga skuteczn\u0105 detoksykacj\u0119.<\/li>\n<\/ul>\n\n\n\n<h3 class=\"wp-block-heading\">MSM wykorzystuje:<\/h3>\n\n\n\n<ul class=\"wp-block-list\">\n<li>Do leczenia przewlek\u0142ego zespo\u0142u b\u00f3lowego (choroba zwyrodnieniowa staw\u00f3w, fibromialgia, zapalenie staw\u00f3w);<\/li>\n\n\n\n<li>Zmniejsza b\u00f3l wywo\u0142any napi\u0119ciem mi\u0119\u015bni, b\u00f3lem staw\u00f3w i stanami zapalnymi;<\/li>\n\n\n\n<li>Wspomaga gojenie si\u0119 ran;<\/li>\n\n\n\n<li>Zmniejsza b\u00f3l i napi\u0119cie mi\u0119\u015bni u sportowc\u00f3w.<\/li>\n<\/ul>\n\n\n\n<h3 class=\"wp-block-heading\">Dzia\u0142anie MSM w organizmie:<\/h3>\n\n\n\n<ul class=\"wp-block-list\">\n<li>Zmniejsza stany zapalne i obrz\u0119ki;<\/li>\n\n\n\n<li>Blokuje przekazywanie impuls\u00f3w b\u00f3lowych we w\u0142\u00f3knach nerwowych;<\/li>\n\n\n\n<li>Wspomaga regeneracj\u0119 tkanki stawowej i mi\u0119\u015bniowej;<\/li>\n\n\n\n<li>Pomaga pozby\u0107 si\u0119 ko\u0144cowych produkt\u00f3w przemiany materii, wspomaga detoksykacj\u0119;<\/li>\n\n\n\n<li>Poprawia ruchomo\u015b\u0107 staw\u00f3w;<\/li>\n\n\n\n<li>Dobra alternatywa dla NLPZ, poniewa\u017c nie powoduje niepo\u017c\u0105danych skutk\u00f3w ubocznych;<\/li>\n<\/ul>\n\n\n\n<h3 class=\"wp-block-heading\">Wp\u0142yw MSM na tkank\u0119 stawow\u0105 i chrz\u0105stk\u0119:<\/h3>\n\n\n\n<ul class=\"wp-block-list\">\n<li>Wspomaga tworzenie nowej chrz\u0105stki;<\/li>\n\n\n\n<li>Przydatny dla pacjent\u00f3w z reumatoidalnym zapaleniem wielostawowym;<\/li>\n\n\n\n<li>\u0141agodzi b\u00f3le plec\u00f3w i staw\u00f3w;<\/li>\n\n\n\n<li>Neutralizuj\u0105c ilo\u015b\u0107 kwasu moczowego, zmniejsza si\u0119 b\u00f3l staw\u00f3w wywo\u0142any dn\u0105 moczanow\u0105.<\/li>\n<\/ul>\n\n\n\n<p>Santa Monica oferuje 15% roztw\u00f3r MSM w fiolkach o pojemno\u015bci 100 ml, kt\u00f3ry zaleca si\u0119 podawa\u0107 do\u017cylnie, uprzednio rozcie\u0144czony 0,9% roztworem chlorku sodu do obj\u0119to\u015bci 250 ml.mu 100 ml flakonos, ko rekomend\u0113 ievad\u012bt intravenozi, iepriek\u0161 at\u0161\u0137aidot 0,9% n\u0101trija hlor\u012bda \u0161\u0137\u012bdumu l\u012bdz 250 ml.<\/p>\n","protected":false},"excerpt":{"rendered":"<p>Metylosulfanometan jest naturalnym organicznym zwi\u0105zkiem zawieraj\u0105cym siark\u0119, szeroko stosowanym w medycynie komplementarnej i alternatywnej. Naturalnie powstaje w organizmie cz\u0142owieka, ale w niewielkich ilo\u015bciach wyst\u0119puje tak\u017ce w kom\u00f3rkach zwierz\u0105t i u niekt\u00f3rych przedstawicieli kr\u00f3lestwa ro\u015blin. MSM charakteryzuje si\u0119 stosunkowo szybkim dzia\u0142aniem przeciwb\u00f3lowym, bez skutk\u00f3w ubocznych, a jego skuteczno\u015b\u0107 mo\u017cna zaobserwowa\u0107 przez stosunkowo d\u0142ugi czas. Wp\u0142yw MSM&#8230;<\/p>\n","protected":false},"author":3,"featured_media":2589,"parent":2522,"menu_order":0,"comment_status":"closed","ping_status":"closed","template":"","meta":{"_acf_changed":false,"_uag_custom_page_level_css":"","_kadence_starter_templates_imported_post":false,"_kad_post_transparent":"","_kad_post_title":"","_kad_post_layout":"","_kad_post_sidebar_id":"","_kad_post_content_style":"","_kad_post_vertical_padding":"","_kad_post_feature":"","_kad_post_feature_position":"","_kad_post_header":false,"_kad_post_footer":false,"footnotes":""},"class_list":["post-3173","page","type-page","status-publish","has-post-thumbnail","hentry"],"acf":[],"yoast_head":"<!-- This site is optimized with the Yoast SEO plugin v26.4 - https:\/\/yoast.com\/wordpress\/plugins\/seo\/ -->\n<title>Metylosulfonylometan (MSM) - Santa Monica<\/title>\n<meta name=\"robots\" content=\"index, follow, max-snippet:-1, max-image-preview:large, max-video-preview:-1\" \/>\n<link rel=\"canonical\" href=\"https:\/\/santamonica.lv\/pl\/dla-zdrowia\/metylosulfonylometan-msm\/\" \/>\n<meta property=\"og:locale\" content=\"pl_PL\" \/>\n<meta property=\"og:type\" content=\"article\" \/>\n<meta property=\"og:title\" content=\"Metylosulfonylometan (MSM) - Santa Monica\" \/>\n<meta property=\"og:description\" content=\"Metylosulfanometan jest naturalnym organicznym zwi\u0105zkiem zawieraj\u0105cym siark\u0119, szeroko stosowanym w medycynie komplementarnej i alternatywnej. Naturalnie powstaje w organizmie cz\u0142owieka, ale w niewielkich ilo\u015bciach wyst\u0119puje tak\u017ce w kom\u00f3rkach zwierz\u0105t i u niekt\u00f3rych przedstawicieli kr\u00f3lestwa ro\u015blin. MSM charakteryzuje si\u0119 stosunkowo szybkim dzia\u0142aniem przeciwb\u00f3lowym, bez skutk\u00f3w ubocznych, a jego skuteczno\u015b\u0107 mo\u017cna zaobserwowa\u0107 przez stosunkowo d\u0142ugi czas. Wp\u0142yw MSM...\" \/>\n<meta property=\"og:url\" content=\"https:\/\/santamonica.lv\/pl\/dla-zdrowia\/metylosulfonylometan-msm\/\" \/>\n<meta property=\"og:site_name\" content=\"Santa Monica\" \/>\n<meta property=\"article:publisher\" content=\"https:\/\/www.facebook.com\/klinikasantamonica\" \/>\n<meta property=\"article:modified_time\" content=\"2025-03-05T20:42:59+00:00\" \/>\n<meta property=\"og:image\" content=\"https:\/\/santamonica.lv\/wp-content\/uploads\/2024\/01\/MSM.jpg\" \/>\n\t<meta property=\"og:image:width\" content=\"1260\" \/>\n\t<meta property=\"og:image:height\" content=\"790\" \/>\n\t<meta property=\"og:image:type\" content=\"image\/jpeg\" \/>\n<meta name=\"twitter:card\" content=\"summary_large_image\" \/>\n<meta name=\"twitter:label1\" content=\"Est. reading time\" \/>\n\t<meta name=\"twitter:data1\" content=\"2 minuty\" \/>\n<script type=\"application\/ld+json\" class=\"yoast-schema-graph\">{\"@context\":\"https:\/\/schema.org\",\"@graph\":[{\"@type\":\"WebPage\",\"@id\":\"https:\/\/santamonica.lv\/pl\/dla-zdrowia\/metylosulfonylometan-msm\/\",\"url\":\"https:\/\/santamonica.lv\/pl\/dla-zdrowia\/metylosulfonylometan-msm\/\",\"name\":\"Metylosulfonylometan (MSM) - Santa Monica\",\"isPartOf\":{\"@id\":\"https:\/\/santamonica.lv\/pl\/#website\"},\"primaryImageOfPage\":{\"@id\":\"https:\/\/santamonica.lv\/pl\/dla-zdrowia\/metylosulfonylometan-msm\/#primaryimage\"},\"image\":{\"@id\":\"https:\/\/santamonica.lv\/pl\/dla-zdrowia\/metylosulfonylometan-msm\/#primaryimage\"},\"thumbnailUrl\":\"https:\/\/santamonica.lv\/wp-content\/uploads\/2024\/01\/MSM.jpg\",\"datePublished\":\"2025-03-01T21:09:26+00:00\",\"dateModified\":\"2025-03-05T20:42:59+00:00\",\"breadcrumb\":{\"@id\":\"https:\/\/santamonica.lv\/pl\/dla-zdrowia\/metylosulfonylometan-msm\/#breadcrumb\"},\"inLanguage\":\"pl-PL\",\"potentialAction\":[{\"@type\":\"ReadAction\",\"target\":[\"https:\/\/santamonica.lv\/pl\/dla-zdrowia\/metylosulfonylometan-msm\/\"]}]},{\"@type\":\"ImageObject\",\"inLanguage\":\"pl-PL\",\"@id\":\"https:\/\/santamonica.lv\/pl\/dla-zdrowia\/metylosulfonylometan-msm\/#primaryimage\",\"url\":\"https:\/\/santamonica.lv\/wp-content\/uploads\/2024\/01\/MSM.jpg\",\"contentUrl\":\"https:\/\/santamonica.lv\/wp-content\/uploads\/2024\/01\/MSM.jpg\",\"width\":1260,\"height\":790},{\"@type\":\"BreadcrumbList\",\"@id\":\"https:\/\/santamonica.lv\/pl\/dla-zdrowia\/metylosulfonylometan-msm\/#breadcrumb\",\"itemListElement\":[{\"@type\":\"ListItem\",\"position\":1,\"name\":\"Home\",\"item\":\"https:\/\/santamonica.lv\/pl\/poczatek\/\"},{\"@type\":\"ListItem\",\"position\":2,\"name\":\"Dla zdrowia\",\"item\":\"https:\/\/santamonica.lv\/pl\/dla-zdrowia\/\"},{\"@type\":\"ListItem\",\"position\":3,\"name\":\"Metylosulfonylometan (MSM)\"}]},{\"@type\":\"WebSite\",\"@id\":\"https:\/\/santamonica.lv\/pl\/#website\",\"url\":\"https:\/\/santamonica.lv\/pl\/\",\"name\":\"Santa Monica\",\"description\":\"\",\"potentialAction\":[{\"@type\":\"SearchAction\",\"target\":{\"@type\":\"EntryPoint\",\"urlTemplate\":\"https:\/\/santamonica.lv\/pl\/?s={search_term_string}\"},\"query-input\":{\"@type\":\"PropertyValueSpecification\",\"valueRequired\":true,\"valueName\":\"search_term_string\"}}],\"inLanguage\":\"pl-PL\"}]}<\/script>\n<!-- \/ Yoast SEO plugin. -->","yoast_head_json":{"title":"Metylosulfonylometan (MSM) - Santa Monica","robots":{"index":"index","follow":"follow","max-snippet":"max-snippet:-1","max-image-preview":"max-image-preview:large","max-video-preview":"max-video-preview:-1"},"canonical":"https:\/\/santamonica.lv\/pl\/dla-zdrowia\/metylosulfonylometan-msm\/","og_locale":"pl_PL","og_type":"article","og_title":"Metylosulfonylometan (MSM) - Santa Monica","og_description":"Metylosulfanometan jest naturalnym organicznym zwi\u0105zkiem zawieraj\u0105cym siark\u0119, szeroko stosowanym w medycynie komplementarnej i alternatywnej. Naturalnie powstaje w organizmie cz\u0142owieka, ale w niewielkich ilo\u015bciach wyst\u0119puje tak\u017ce w kom\u00f3rkach zwierz\u0105t i u niekt\u00f3rych przedstawicieli kr\u00f3lestwa ro\u015blin. MSM charakteryzuje si\u0119 stosunkowo szybkim dzia\u0142aniem przeciwb\u00f3lowym, bez skutk\u00f3w ubocznych, a jego skuteczno\u015b\u0107 mo\u017cna zaobserwowa\u0107 przez stosunkowo d\u0142ugi czas. Wp\u0142yw MSM...","og_url":"https:\/\/santamonica.lv\/pl\/dla-zdrowia\/metylosulfonylometan-msm\/","og_site_name":"Santa Monica","article_publisher":"https:\/\/www.facebook.com\/klinikasantamonica","article_modified_time":"2025-03-05T20:42:59+00:00","og_image":[{"width":1260,"height":790,"url":"https:\/\/santamonica.lv\/wp-content\/uploads\/2024\/01\/MSM.jpg","type":"image\/jpeg"}],"twitter_card":"summary_large_image","twitter_misc":{"Est. reading time":"2 minuty"},"schema":{"@context":"https:\/\/schema.org","@graph":[{"@type":"WebPage","@id":"https:\/\/santamonica.lv\/pl\/dla-zdrowia\/metylosulfonylometan-msm\/","url":"https:\/\/santamonica.lv\/pl\/dla-zdrowia\/metylosulfonylometan-msm\/","name":"Metylosulfonylometan (MSM) - Santa Monica","isPartOf":{"@id":"https:\/\/santamonica.lv\/pl\/#website"},"primaryImageOfPage":{"@id":"https:\/\/santamonica.lv\/pl\/dla-zdrowia\/metylosulfonylometan-msm\/#primaryimage"},"image":{"@id":"https:\/\/santamonica.lv\/pl\/dla-zdrowia\/metylosulfonylometan-msm\/#primaryimage"},"thumbnailUrl":"https:\/\/santamonica.lv\/wp-content\/uploads\/2024\/01\/MSM.jpg","datePublished":"2025-03-01T21:09:26+00:00","dateModified":"2025-03-05T20:42:59+00:00","breadcrumb":{"@id":"https:\/\/santamonica.lv\/pl\/dla-zdrowia\/metylosulfonylometan-msm\/#breadcrumb"},"inLanguage":"pl-PL","potentialAction":[{"@type":"ReadAction","target":["https:\/\/santamonica.lv\/pl\/dla-zdrowia\/metylosulfonylometan-msm\/"]}]},{"@type":"ImageObject","inLanguage":"pl-PL","@id":"https:\/\/santamonica.lv\/pl\/dla-zdrowia\/metylosulfonylometan-msm\/#primaryimage","url":"https:\/\/santamonica.lv\/wp-content\/uploads\/2024\/01\/MSM.jpg","contentUrl":"https:\/\/santamonica.lv\/wp-content\/uploads\/2024\/01\/MSM.jpg","width":1260,"height":790},{"@type":"BreadcrumbList","@id":"https:\/\/santamonica.lv\/pl\/dla-zdrowia\/metylosulfonylometan-msm\/#breadcrumb","itemListElement":[{"@type":"ListItem","position":1,"name":"Home","item":"https:\/\/santamonica.lv\/pl\/poczatek\/"},{"@type":"ListItem","position":2,"name":"Dla zdrowia","item":"https:\/\/santamonica.lv\/pl\/dla-zdrowia\/"},{"@type":"ListItem","position":3,"name":"Metylosulfonylometan (MSM)"}]},{"@type":"WebSite","@id":"https:\/\/santamonica.lv\/pl\/#website","url":"https:\/\/santamonica.lv\/pl\/","name":"Santa Monica","description":"","potentialAction":[{"@type":"SearchAction","target":{"@type":"EntryPoint","urlTemplate":"https:\/\/santamonica.lv\/pl\/?s={search_term_string}"},"query-input":{"@type":"PropertyValueSpecification","valueRequired":true,"valueName":"search_term_string"}}],"inLanguage":"pl-PL"}]}},"uagb_featured_image_src":{"full":["https:\/\/santamonica.lv\/wp-content\/uploads\/2024\/01\/MSM.jpg",1260,790,false],"thumbnail":["https:\/\/santamonica.lv\/wp-content\/uploads\/2024\/01\/MSM-150x150.jpg",150,150,true],"medium":["https:\/\/santamonica.lv\/wp-content\/uploads\/2024\/01\/MSM-300x188.jpg",300,188,true],"medium_large":["https:\/\/santamonica.lv\/wp-content\/uploads\/2024\/01\/MSM-768x482.jpg",768,482,true],"large":["https:\/\/santamonica.lv\/wp-content\/uploads\/2024\/01\/MSM-1024x642.jpg",1024,642,true],"1536x1536":["https:\/\/santamonica.lv\/wp-content\/uploads\/2024\/01\/MSM.jpg",1260,790,false],"2048x2048":["https:\/\/santamonica.lv\/wp-content\/uploads\/2024\/01\/MSM.jpg",1260,790,false],"woocommerce_thumbnail":["https:\/\/santamonica.lv\/wp-content\/uploads\/2024\/01\/MSM-300x300.jpg",300,300,true],"woocommerce_single":["https:\/\/santamonica.lv\/wp-content\/uploads\/2024\/01\/MSM-600x376.jpg",600,376,true],"woocommerce_gallery_thumbnail":["https:\/\/santamonica.lv\/wp-content\/uploads\/2024\/01\/MSM-100x100.jpg",100,100,true]},"uagb_author_info":{"display_name":"Aigars","author_link":"https:\/\/santamonica.lv\/pl\/author\/aigars\/"},"uagb_comment_info":0,"uagb_excerpt":"Metylosulfanometan jest naturalnym organicznym zwi\u0105zkiem zawieraj\u0105cym siark\u0119, szeroko stosowanym w medycynie komplementarnej i alternatywnej. Naturalnie powstaje w organizmie cz\u0142owieka, ale w niewielkich ilo\u015bciach wyst\u0119puje tak\u017ce w kom\u00f3rkach zwierz\u0105t i u niekt\u00f3rych przedstawicieli kr\u00f3lestwa ro\u015blin. MSM charakteryzuje si\u0119 stosunkowo szybkim dzia\u0142aniem przeciwb\u00f3lowym, bez skutk\u00f3w ubocznych, a jego skuteczno\u015b\u0107 mo\u017cna zaobserwowa\u0107 przez stosunkowo d\u0142ugi czas. Wp\u0142yw MSM...","_links":{"self":[{"href":"https:\/\/santamonica.lv\/pl\/wp-json\/wp\/v2\/pages\/3173","targetHints":{"allow":["GET"]}}],"collection":[{"href":"https:\/\/santamonica.lv\/pl\/wp-json\/wp\/v2\/pages"}],"about":[{"href":"https:\/\/santamonica.lv\/pl\/wp-json\/wp\/v2\/types\/page"}],"author":[{"embeddable":true,"href":"https:\/\/santamonica.lv\/pl\/wp-json\/wp\/v2\/users\/3"}],"replies":[{"embeddable":true,"href":"https:\/\/santamonica.lv\/pl\/wp-json\/wp\/v2\/comments?post=3173"}],"version-history":[{"count":1,"href":"https:\/\/santamonica.lv\/pl\/wp-json\/wp\/v2\/pages\/3173\/revisions"}],"predecessor-version":[{"id":3174,"href":"https:\/\/santamonica.lv\/pl\/wp-json\/wp\/v2\/pages\/3173\/revisions\/3174"}],"up":[{"embeddable":true,"href":"https:\/\/santamonica.lv\/pl\/wp-json\/wp\/v2\/pages\/2522"}],"wp:featuredmedia":[{"embeddable":true,"href":"https:\/\/santamonica.lv\/pl\/wp-json\/wp\/v2\/media\/2589"}],"wp:attachment":[{"href":"https:\/\/santamonica.lv\/pl\/wp-json\/wp\/v2\/media?parent=3173"}],"curies":[{"name":"wp","href":"https:\/\/api.w.org\/{rel}","templated":true}]}}