{"id":3175,"date":"2025-03-01T23:24:12","date_gmt":"2025-03-01T21:24:12","guid":{"rendered":"https:\/\/santamonica.lv\/?page_id=3175"},"modified":"2025-03-05T22:42:55","modified_gmt":"2025-03-05T20:42:55","slug":"kurkumina","status":"publish","type":"page","link":"https:\/\/santamonica.lv\/pl\/dla-zdrowia\/kurkumina\/","title":{"rendered":"Kurkumina"},"content":{"rendered":"\n<div class=\"wp-block-columns is-layout-flex wp-container-core-columns-is-layout-9d6595d7 wp-block-columns-is-layout-flex\">\n<div class=\"wp-block-column is-layout-flow wp-block-column-is-layout-flow\" style=\"flex-basis:33.33%\">\n<figure class=\"wp-block-image size-full\"><img loading=\"lazy\" decoding=\"async\" width=\"612\" height=\"408\" src=\"https:\/\/santamonica.lv\/wp-content\/uploads\/2024\/01\/kurkumins.jpg\" alt=\"\" class=\"wp-image-1051\" srcset=\"https:\/\/santamonica.lv\/wp-content\/uploads\/2024\/01\/kurkumins.jpg 612w, https:\/\/santamonica.lv\/wp-content\/uploads\/2024\/01\/kurkumins-300x200.jpg 300w, https:\/\/santamonica.lv\/wp-content\/uploads\/2024\/01\/kurkumins-600x400.jpg 600w\" sizes=\"auto, (max-width: 612px) 100vw, 612px\" \/><\/figure>\n<\/div>\n\n\n\n<div class=\"wp-block-column is-layout-flow wp-block-column-is-layout-flow\" style=\"flex-basis:66.66%\">\n<p>Kurkumina jest silnym przeciwutleniaczem. Kurkumina jest stosowana w tradycyjnej medycynie indyjskiej od kilku tysi\u0105cleci. Chocia\u017c w naszym kraju jest bardziej znana jako przyprawa, nale\u017cy zaznaczy\u0107, \u017ce substancja ta ma wiele w\u0142a\u015bciwo\u015bci leczniczych. Kurkumina zawiera kilka kurkumoid\u00f3w \u2013 desmetoksykurkumin\u0119 i bisdesmetoksykurkumin\u0119, kt\u00f3re nadaj\u0105 tej przyprawie charakterystyczny intensywny \u017c\u00f3\u0142ty kolor.<\/p>\n<\/div>\n<\/div>\n\n\n\n<p>W krajach azjatyckich kurkum\u0119 od czas\u00f3w staro\u017cytnych stosowano nie tylko w kuchni, ale tak\u017ce jej w\u0142a\u015bciwo\u015bci lecznicze wykorzystywano w leczeniu ran i chor\u00f3b sk\u00f3ry, w tym problem\u00f3w sk\u00f3rnych, takich jak stany zapalne i r\u00f3\u017cnego rodzaju wysypki.<\/p>\n\n\n\n<p>W medycynie od 1949 roku prowadzono r\u00f3\u017cne badania nad zastosowaniem kurkuminy, kt\u00f3re potwierdzaj\u0105, \u017ce zawiera ona r\u00f3\u017cne substancje biologicznie czynne, posiadaj\u0105ce dzia\u0142anie przeciwbakteryjne. Badania te zosta\u0142y tak\u017ce opublikowane w kilku publikacjach prasowych. Publikacje te sk\u0142oni\u0142y do \u200b\u200bdalszych bada\u0144 wykazuj\u0105cych, \u017ce kurkuma ma znacz\u0105ce w\u0142a\u015bciwo\u015bci przeciwzapalne.<\/p>\n\n\n\n<p>Wiele bada\u0144 przeprowadzonych na hodowlach tkanek zwierz\u0119cych i ludzkich potwierdza, \u017ce \u200b\u200bkurkumina jest w stanie oddzia\u0142ywa\u0107 na proces zapalny w organizmie nie tylko poprzez jego t\u0142umienie, ale tak\u017ce sprzyja aktywacji czynnik\u00f3w przeciwzapalnych. Z tego powodu kurkuma znajduje szerokie zastosowanie w leczeniu przewlek\u0142ych chor\u00f3b zapalnych o r\u00f3\u017cnej genezie \u2013 choroby Alzheimera, alergii, chor\u00f3b uk\u0142adu kr\u0105\u017cenia, a nawet nowotwor\u00f3w. Obecnie w Stanach Zjednoczonych prowadzi si\u0119 ponad 40 r\u00f3\u017cnych bada\u0144 w celu uzyskania wynik\u00f3w dotycz\u0105cych skuteczno\u015bci kurkumy w leczeniu r\u00f3\u017cnych chor\u00f3b.<\/p>\n\n\n\n<p>Kurkumina jest znana jako substancja, kt\u00f3ra praktycznie nie powoduje niepo\u017c\u0105danych skutk\u00f3w ubocznych, wi\u0119kszo\u015b\u0107 ludzi dobrze j\u0105 toleruje, nawet gdy dzienna dawka si\u0119ga 10 i wi\u0119cej gram\u00f3w.<\/p>\n\n\n\n<p>Niestety, stosowanie kurkuminy jest nieco utrudnione zewn\u0119trznie przez jej charakterystyczny jasno\u017c\u00f3\u0142ty kolor, kt\u00f3ry pozostawia kolorowe plamy na sk\u00f3rze i ubraniu. Kolejn\u0105 wa\u017cn\u0105 rzecz\u0105, na kt\u00f3r\u0105 nale\u017cy zwr\u00f3ci\u0107 uwag\u0119, jest jej s\u0142aba wch\u0142anialno\u015b\u0107 w organizmie poprzez przew\u00f3d pokarmowy. W efekcie nast\u0119puje zahamowanie dostarczania tej substancji do narz\u0105d\u00f3w docelowych. Jednak\u017ce produkty tej firmy farmaceutycznej s\u0105 przygotowane w taki spos\u00f3b, aby wyeliminowa\u0107 wy\u017cej wymienione wady i uzyska\u0107 maksymalne dzia\u0142anie kurkuminy.<\/p>\n","protected":false},"excerpt":{"rendered":"<p>Kurkumina jest silnym przeciwutleniaczem. Kurkumina jest stosowana w tradycyjnej medycynie indyjskiej od kilku tysi\u0105cleci. Chocia\u017c w naszym kraju jest bardziej znana jako przyprawa, nale\u017cy zaznaczy\u0107, \u017ce substancja ta ma wiele w\u0142a\u015bciwo\u015bci leczniczych. Kurkumina zawiera kilka kurkumoid\u00f3w \u2013 desmetoksykurkumin\u0119 i bisdesmetoksykurkumin\u0119, kt\u00f3re nadaj\u0105 tej przyprawie charakterystyczny intensywny \u017c\u00f3\u0142ty kolor. W krajach azjatyckich kurkum\u0119 od czas\u00f3w staro\u017cytnych&#8230;<\/p>\n","protected":false},"author":3,"featured_media":2601,"parent":2522,"menu_order":0,"comment_status":"closed","ping_status":"closed","template":"","meta":{"_acf_changed":false,"_uag_custom_page_level_css":"","_kadence_starter_templates_imported_post":false,"_kad_post_transparent":"","_kad_post_title":"","_kad_post_layout":"","_kad_post_sidebar_id":"","_kad_post_content_style":"","_kad_post_vertical_padding":"","_kad_post_feature":"","_kad_post_feature_position":"","_kad_post_header":false,"_kad_post_footer":false,"footnotes":""},"class_list":["post-3175","page","type-page","status-publish","has-post-thumbnail","hentry"],"acf":[],"yoast_head":"<!-- This site is optimized with the Yoast SEO plugin v26.4 - https:\/\/yoast.com\/wordpress\/plugins\/seo\/ -->\n<title>Kurkumina - Santa Monica<\/title>\n<meta name=\"robots\" content=\"index, follow, max-snippet:-1, max-image-preview:large, max-video-preview:-1\" \/>\n<link rel=\"canonical\" href=\"https:\/\/santamonica.lv\/pl\/dla-zdrowia\/kurkumina\/\" \/>\n<meta property=\"og:locale\" content=\"pl_PL\" \/>\n<meta property=\"og:type\" content=\"article\" \/>\n<meta property=\"og:title\" content=\"Kurkumina - Santa Monica\" \/>\n<meta property=\"og:description\" content=\"Kurkumina jest silnym przeciwutleniaczem. Kurkumina jest stosowana w tradycyjnej medycynie indyjskiej od kilku tysi\u0105cleci. Chocia\u017c w naszym kraju jest bardziej znana jako przyprawa, nale\u017cy zaznaczy\u0107, \u017ce substancja ta ma wiele w\u0142a\u015bciwo\u015bci leczniczych. Kurkumina zawiera kilka kurkumoid\u00f3w \u2013 desmetoksykurkumin\u0119 i bisdesmetoksykurkumin\u0119, kt\u00f3re nadaj\u0105 tej przyprawie charakterystyczny intensywny \u017c\u00f3\u0142ty kolor. W krajach azjatyckich kurkum\u0119 od czas\u00f3w staro\u017cytnych...\" \/>\n<meta property=\"og:url\" content=\"https:\/\/santamonica.lv\/pl\/dla-zdrowia\/kurkumina\/\" \/>\n<meta property=\"og:site_name\" content=\"Santa Monica\" \/>\n<meta property=\"article:publisher\" content=\"https:\/\/www.facebook.com\/klinikasantamonica\" \/>\n<meta property=\"article:modified_time\" content=\"2025-03-05T20:42:55+00:00\" \/>\n<meta property=\"og:image\" content=\"https:\/\/santamonica.lv\/wp-content\/uploads\/2024\/01\/kurkumins.jpg\" \/>\n\t<meta property=\"og:image:width\" content=\"612\" \/>\n\t<meta property=\"og:image:height\" content=\"408\" \/>\n\t<meta property=\"og:image:type\" content=\"image\/jpeg\" \/>\n<meta name=\"twitter:card\" content=\"summary_large_image\" \/>\n<meta name=\"twitter:label1\" content=\"Est. reading time\" \/>\n\t<meta name=\"twitter:data1\" content=\"2 minuty\" \/>\n<script type=\"application\/ld+json\" class=\"yoast-schema-graph\">{\"@context\":\"https:\/\/schema.org\",\"@graph\":[{\"@type\":\"WebPage\",\"@id\":\"https:\/\/santamonica.lv\/pl\/dla-zdrowia\/kurkumina\/\",\"url\":\"https:\/\/santamonica.lv\/pl\/dla-zdrowia\/kurkumina\/\",\"name\":\"Kurkumina - Santa Monica\",\"isPartOf\":{\"@id\":\"https:\/\/santamonica.lv\/pl\/#website\"},\"primaryImageOfPage\":{\"@id\":\"https:\/\/santamonica.lv\/pl\/dla-zdrowia\/kurkumina\/#primaryimage\"},\"image\":{\"@id\":\"https:\/\/santamonica.lv\/pl\/dla-zdrowia\/kurkumina\/#primaryimage\"},\"thumbnailUrl\":\"https:\/\/santamonica.lv\/wp-content\/uploads\/2024\/01\/kurkumins.jpg\",\"datePublished\":\"2025-03-01T21:24:12+00:00\",\"dateModified\":\"2025-03-05T20:42:55+00:00\",\"breadcrumb\":{\"@id\":\"https:\/\/santamonica.lv\/pl\/dla-zdrowia\/kurkumina\/#breadcrumb\"},\"inLanguage\":\"pl-PL\",\"potentialAction\":[{\"@type\":\"ReadAction\",\"target\":[\"https:\/\/santamonica.lv\/pl\/dla-zdrowia\/kurkumina\/\"]}]},{\"@type\":\"ImageObject\",\"inLanguage\":\"pl-PL\",\"@id\":\"https:\/\/santamonica.lv\/pl\/dla-zdrowia\/kurkumina\/#primaryimage\",\"url\":\"https:\/\/santamonica.lv\/wp-content\/uploads\/2024\/01\/kurkumins.jpg\",\"contentUrl\":\"https:\/\/santamonica.lv\/wp-content\/uploads\/2024\/01\/kurkumins.jpg\",\"width\":612,\"height\":408},{\"@type\":\"BreadcrumbList\",\"@id\":\"https:\/\/santamonica.lv\/pl\/dla-zdrowia\/kurkumina\/#breadcrumb\",\"itemListElement\":[{\"@type\":\"ListItem\",\"position\":1,\"name\":\"Home\",\"item\":\"https:\/\/santamonica.lv\/pl\/poczatek\/\"},{\"@type\":\"ListItem\",\"position\":2,\"name\":\"Dla zdrowia\",\"item\":\"https:\/\/santamonica.lv\/pl\/dla-zdrowia\/\"},{\"@type\":\"ListItem\",\"position\":3,\"name\":\"Kurkumina\"}]},{\"@type\":\"WebSite\",\"@id\":\"https:\/\/santamonica.lv\/pl\/#website\",\"url\":\"https:\/\/santamonica.lv\/pl\/\",\"name\":\"Santa Monica\",\"description\":\"\",\"potentialAction\":[{\"@type\":\"SearchAction\",\"target\":{\"@type\":\"EntryPoint\",\"urlTemplate\":\"https:\/\/santamonica.lv\/pl\/?s={search_term_string}\"},\"query-input\":{\"@type\":\"PropertyValueSpecification\",\"valueRequired\":true,\"valueName\":\"search_term_string\"}}],\"inLanguage\":\"pl-PL\"}]}<\/script>\n<!-- \/ Yoast SEO plugin. -->","yoast_head_json":{"title":"Kurkumina - Santa Monica","robots":{"index":"index","follow":"follow","max-snippet":"max-snippet:-1","max-image-preview":"max-image-preview:large","max-video-preview":"max-video-preview:-1"},"canonical":"https:\/\/santamonica.lv\/pl\/dla-zdrowia\/kurkumina\/","og_locale":"pl_PL","og_type":"article","og_title":"Kurkumina - Santa Monica","og_description":"Kurkumina jest silnym przeciwutleniaczem. Kurkumina jest stosowana w tradycyjnej medycynie indyjskiej od kilku tysi\u0105cleci. Chocia\u017c w naszym kraju jest bardziej znana jako przyprawa, nale\u017cy zaznaczy\u0107, \u017ce substancja ta ma wiele w\u0142a\u015bciwo\u015bci leczniczych. Kurkumina zawiera kilka kurkumoid\u00f3w \u2013 desmetoksykurkumin\u0119 i bisdesmetoksykurkumin\u0119, kt\u00f3re nadaj\u0105 tej przyprawie charakterystyczny intensywny \u017c\u00f3\u0142ty kolor. W krajach azjatyckich kurkum\u0119 od czas\u00f3w staro\u017cytnych...","og_url":"https:\/\/santamonica.lv\/pl\/dla-zdrowia\/kurkumina\/","og_site_name":"Santa Monica","article_publisher":"https:\/\/www.facebook.com\/klinikasantamonica","article_modified_time":"2025-03-05T20:42:55+00:00","og_image":[{"width":612,"height":408,"url":"https:\/\/santamonica.lv\/wp-content\/uploads\/2024\/01\/kurkumins.jpg","type":"image\/jpeg"}],"twitter_card":"summary_large_image","twitter_misc":{"Est. reading time":"2 minuty"},"schema":{"@context":"https:\/\/schema.org","@graph":[{"@type":"WebPage","@id":"https:\/\/santamonica.lv\/pl\/dla-zdrowia\/kurkumina\/","url":"https:\/\/santamonica.lv\/pl\/dla-zdrowia\/kurkumina\/","name":"Kurkumina - Santa Monica","isPartOf":{"@id":"https:\/\/santamonica.lv\/pl\/#website"},"primaryImageOfPage":{"@id":"https:\/\/santamonica.lv\/pl\/dla-zdrowia\/kurkumina\/#primaryimage"},"image":{"@id":"https:\/\/santamonica.lv\/pl\/dla-zdrowia\/kurkumina\/#primaryimage"},"thumbnailUrl":"https:\/\/santamonica.lv\/wp-content\/uploads\/2024\/01\/kurkumins.jpg","datePublished":"2025-03-01T21:24:12+00:00","dateModified":"2025-03-05T20:42:55+00:00","breadcrumb":{"@id":"https:\/\/santamonica.lv\/pl\/dla-zdrowia\/kurkumina\/#breadcrumb"},"inLanguage":"pl-PL","potentialAction":[{"@type":"ReadAction","target":["https:\/\/santamonica.lv\/pl\/dla-zdrowia\/kurkumina\/"]}]},{"@type":"ImageObject","inLanguage":"pl-PL","@id":"https:\/\/santamonica.lv\/pl\/dla-zdrowia\/kurkumina\/#primaryimage","url":"https:\/\/santamonica.lv\/wp-content\/uploads\/2024\/01\/kurkumins.jpg","contentUrl":"https:\/\/santamonica.lv\/wp-content\/uploads\/2024\/01\/kurkumins.jpg","width":612,"height":408},{"@type":"BreadcrumbList","@id":"https:\/\/santamonica.lv\/pl\/dla-zdrowia\/kurkumina\/#breadcrumb","itemListElement":[{"@type":"ListItem","position":1,"name":"Home","item":"https:\/\/santamonica.lv\/pl\/poczatek\/"},{"@type":"ListItem","position":2,"name":"Dla zdrowia","item":"https:\/\/santamonica.lv\/pl\/dla-zdrowia\/"},{"@type":"ListItem","position":3,"name":"Kurkumina"}]},{"@type":"WebSite","@id":"https:\/\/santamonica.lv\/pl\/#website","url":"https:\/\/santamonica.lv\/pl\/","name":"Santa Monica","description":"","potentialAction":[{"@type":"SearchAction","target":{"@type":"EntryPoint","urlTemplate":"https:\/\/santamonica.lv\/pl\/?s={search_term_string}"},"query-input":{"@type":"PropertyValueSpecification","valueRequired":true,"valueName":"search_term_string"}}],"inLanguage":"pl-PL"}]}},"uagb_featured_image_src":{"full":["https:\/\/santamonica.lv\/wp-content\/uploads\/2024\/01\/kurkumins.jpg",612,408,false],"thumbnail":["https:\/\/santamonica.lv\/wp-content\/uploads\/2024\/01\/kurkumins-150x150.jpg",150,150,true],"medium":["https:\/\/santamonica.lv\/wp-content\/uploads\/2024\/01\/kurkumins-300x200.jpg",300,200,true],"medium_large":["https:\/\/santamonica.lv\/wp-content\/uploads\/2024\/01\/kurkumins.jpg",612,408,false],"large":["https:\/\/santamonica.lv\/wp-content\/uploads\/2024\/01\/kurkumins.jpg",612,408,false],"1536x1536":["https:\/\/santamonica.lv\/wp-content\/uploads\/2024\/01\/kurkumins.jpg",612,408,false],"2048x2048":["https:\/\/santamonica.lv\/wp-content\/uploads\/2024\/01\/kurkumins.jpg",612,408,false],"woocommerce_thumbnail":["https:\/\/santamonica.lv\/wp-content\/uploads\/2024\/01\/kurkumins-300x300.jpg",300,300,true],"woocommerce_single":["https:\/\/santamonica.lv\/wp-content\/uploads\/2024\/01\/kurkumins-600x400.jpg",600,400,true],"woocommerce_gallery_thumbnail":["https:\/\/santamonica.lv\/wp-content\/uploads\/2024\/01\/kurkumins-100x100.jpg",100,100,true]},"uagb_author_info":{"display_name":"Aigars","author_link":"https:\/\/santamonica.lv\/pl\/author\/aigars\/"},"uagb_comment_info":0,"uagb_excerpt":"Kurkumina jest silnym przeciwutleniaczem. Kurkumina jest stosowana w tradycyjnej medycynie indyjskiej od kilku tysi\u0105cleci. Chocia\u017c w naszym kraju jest bardziej znana jako przyprawa, nale\u017cy zaznaczy\u0107, \u017ce substancja ta ma wiele w\u0142a\u015bciwo\u015bci leczniczych. Kurkumina zawiera kilka kurkumoid\u00f3w \u2013 desmetoksykurkumin\u0119 i bisdesmetoksykurkumin\u0119, kt\u00f3re nadaj\u0105 tej przyprawie charakterystyczny intensywny \u017c\u00f3\u0142ty kolor. W krajach azjatyckich kurkum\u0119 od czas\u00f3w staro\u017cytnych...","_links":{"self":[{"href":"https:\/\/santamonica.lv\/pl\/wp-json\/wp\/v2\/pages\/3175","targetHints":{"allow":["GET"]}}],"collection":[{"href":"https:\/\/santamonica.lv\/pl\/wp-json\/wp\/v2\/pages"}],"about":[{"href":"https:\/\/santamonica.lv\/pl\/wp-json\/wp\/v2\/types\/page"}],"author":[{"embeddable":true,"href":"https:\/\/santamonica.lv\/pl\/wp-json\/wp\/v2\/users\/3"}],"replies":[{"embeddable":true,"href":"https:\/\/santamonica.lv\/pl\/wp-json\/wp\/v2\/comments?post=3175"}],"version-history":[{"count":1,"href":"https:\/\/santamonica.lv\/pl\/wp-json\/wp\/v2\/pages\/3175\/revisions"}],"predecessor-version":[{"id":3176,"href":"https:\/\/santamonica.lv\/pl\/wp-json\/wp\/v2\/pages\/3175\/revisions\/3176"}],"up":[{"embeddable":true,"href":"https:\/\/santamonica.lv\/pl\/wp-json\/wp\/v2\/pages\/2522"}],"wp:featuredmedia":[{"embeddable":true,"href":"https:\/\/santamonica.lv\/pl\/wp-json\/wp\/v2\/media\/2601"}],"wp:attachment":[{"href":"https:\/\/santamonica.lv\/pl\/wp-json\/wp\/v2\/media?parent=3175"}],"curies":[{"name":"wp","href":"https:\/\/api.w.org\/{rel}","templated":true}]}}