{"id":3177,"date":"2025-03-01T23:36:06","date_gmt":"2025-03-01T21:36:06","guid":{"rendered":"https:\/\/santamonica.lv\/?page_id=3177"},"modified":"2025-03-05T22:42:49","modified_gmt":"2025-03-05T20:42:49","slug":"immuno-koktajl-aminokwasowy","status":"publish","type":"page","link":"https:\/\/santamonica.lv\/pl\/dla-zdrowia\/immuno-koktajl-aminokwasowy\/","title":{"rendered":"IMMUNO \u2013 koktajl aminokwasowy"},"content":{"rendered":"\n<div class=\"wp-block-columns is-layout-flex wp-container-core-columns-is-layout-9d6595d7 wp-block-columns-is-layout-flex\">\n<div class=\"wp-block-column is-layout-flow wp-block-column-is-layout-flow\" style=\"flex-basis:33.33%\">\n<figure class=\"wp-block-image size-full\"><img loading=\"lazy\" decoding=\"async\" width=\"770\" height=\"533\" src=\"https:\/\/santamonica.lv\/wp-content\/uploads\/2024\/01\/immuno.jpg\" alt=\"\" class=\"wp-image-1077\" srcset=\"https:\/\/santamonica.lv\/wp-content\/uploads\/2024\/01\/immuno.jpg 770w, https:\/\/santamonica.lv\/wp-content\/uploads\/2024\/01\/immuno-300x208.jpg 300w, https:\/\/santamonica.lv\/wp-content\/uploads\/2024\/01\/immuno-768x532.jpg 768w, https:\/\/santamonica.lv\/wp-content\/uploads\/2024\/01\/immuno-600x415.jpg 600w\" sizes=\"auto, (max-width: 770px) 100vw, 770px\" \/><\/figure>\n<\/div>\n\n\n\n<div class=\"wp-block-column is-layout-flow wp-block-column-is-layout-flow\" style=\"flex-basis:66.66%\">\n<p>Aminokwasy to zwi\u0105zki organiczne posiadaj\u0105ce w\u0142a\u015bciwo\u015bci kwas\u00f3w i amin. Ich sk\u0142ad obejmuje zar\u00f3wno grup\u0119 karboksylow\u0105, jak i grup\u0119 aminow\u0105 (zwi\u0105zki azotu). Wiele aminokwas\u00f3w \u0142\u0105czy si\u0119, tworz\u0105c bia\u0142ka, kt\u00f3re s\u0105 cz\u0119\u015bci\u0105 ka\u017cdej \u017cywej kom\u00f3rki. W tworzeniu bia\u0142ek bierze udzia\u0142 ponad 20 r\u00f3\u017cnych aminokwas\u00f3w. Wiele z nich bierze tak\u017ce udzia\u0142 w procesach metabolicznych.<\/p>\n<\/div>\n<\/div>\n\n\n\n<p>Organizm ludzki pobiera aminokwasy wraz z bia\u0142kami pokarmowymi, kt\u00f3re s\u0105 hydrolizowane i rozk\u0142adane przez enzymy w organizmie. Spo\u015br\u00f3d wszystkich aminokwas\u00f3w 8 nie powstaje w organizmie. Nazywa si\u0119 je aminokwasami niezb\u0119dnymi \u2013 fenyloalanin\u0105, izoleucyn\u0105, leucyn\u0105, lizyn\u0105, metionin\u0105, treonin\u0105, tryptofanem i walin\u0105. Aminokwasy te musz\u0105 by\u0107 uwzgl\u0119dnione w diecie. Je\u015bli jednego z nich brakuje, niezb\u0119dna synteza bia\u0142ek nie jest mo\u017cliwa.<\/p>\n\n\n\n<p>W wielu chorobach i zaburzeniach metabolicznych dochodzi do przyspieszonej degradacji bia\u0142ek lub upo\u015bledzonego wch\u0142aniania aminokwas\u00f3w. Z biegiem czasu pojawia si\u0119 niedob\u00f3r aminokwasu, kt\u00f3ry nale\u017cy uzupe\u0142nia\u0107. W tym celu sporz\u0105dza si\u0119 napary zawieraj\u0105ce r\u00f3\u017cne aminokwasy. Cz\u0119\u015b\u0107 z nich jest specjalnie dostosowana do potrzeb pacjent\u00f3w onkologicznych.<\/p>\n\n\n\n<p><strong>Santa Monica oferuje mieszank\u0119 aminokwas\u00f3w pomagaj\u0105c\u0105 regulowa\u0107 uk\u0142ad odporno\u015bciowy:<\/strong><\/p>\n\n\n\n<ul class=\"wp-block-list\">\n<li>L-arginina;<\/li>\n\n\n\n<li>Kwas L-glutaminowy;<\/li>\n\n\n\n<li>L-lizyna;<\/li>\n\n\n\n<li>L-leucyna;<\/li>\n\n\n\n<li>L-izoleucyna;<\/li>\n\n\n\n<li>L-walina;<\/li>\n\n\n\n<li>Byczy;<\/li>\n\n\n\n<li>L-glicyna;<\/li>\n\n\n\n<li>L-karnityna;<\/li>\n\n\n\n<li>L-metionina;<\/li>\n<\/ul>\n","protected":false},"excerpt":{"rendered":"<p>Aminokwasy to zwi\u0105zki organiczne posiadaj\u0105ce w\u0142a\u015bciwo\u015bci kwas\u00f3w i amin. Ich sk\u0142ad obejmuje zar\u00f3wno grup\u0119 karboksylow\u0105, jak i grup\u0119 aminow\u0105 (zwi\u0105zki azotu). Wiele aminokwas\u00f3w \u0142\u0105czy si\u0119, tworz\u0105c bia\u0142ka, kt\u00f3re s\u0105 cz\u0119\u015bci\u0105 ka\u017cdej \u017cywej kom\u00f3rki. W tworzeniu bia\u0142ek bierze udzia\u0142 ponad 20 r\u00f3\u017cnych aminokwas\u00f3w. Wiele z nich bierze tak\u017ce udzia\u0142 w procesach metabolicznych. Organizm ludzki pobiera aminokwasy&#8230;<\/p>\n","protected":false},"author":3,"featured_media":2549,"parent":2522,"menu_order":0,"comment_status":"closed","ping_status":"closed","template":"","meta":{"_acf_changed":false,"_uag_custom_page_level_css":"","_kadence_starter_templates_imported_post":false,"_kad_post_transparent":"","_kad_post_title":"","_kad_post_layout":"","_kad_post_sidebar_id":"","_kad_post_content_style":"","_kad_post_vertical_padding":"","_kad_post_feature":"","_kad_post_feature_position":"","_kad_post_header":false,"_kad_post_footer":false,"footnotes":""},"class_list":["post-3177","page","type-page","status-publish","has-post-thumbnail","hentry"],"acf":[],"yoast_head":"<!-- This site is optimized with the Yoast SEO plugin v26.4 - https:\/\/yoast.com\/wordpress\/plugins\/seo\/ -->\n<title>IMMUNO \u2013 koktajl aminokwasowy - Santa Monica<\/title>\n<meta name=\"robots\" content=\"index, follow, max-snippet:-1, max-image-preview:large, max-video-preview:-1\" \/>\n<link rel=\"canonical\" href=\"https:\/\/santamonica.lv\/pl\/dla-zdrowia\/immuno-koktajl-aminokwasowy\/\" \/>\n<meta property=\"og:locale\" content=\"pl_PL\" \/>\n<meta property=\"og:type\" content=\"article\" \/>\n<meta property=\"og:title\" content=\"IMMUNO \u2013 koktajl aminokwasowy - Santa Monica\" \/>\n<meta property=\"og:description\" content=\"Aminokwasy to zwi\u0105zki organiczne posiadaj\u0105ce w\u0142a\u015bciwo\u015bci kwas\u00f3w i amin. Ich sk\u0142ad obejmuje zar\u00f3wno grup\u0119 karboksylow\u0105, jak i grup\u0119 aminow\u0105 (zwi\u0105zki azotu). Wiele aminokwas\u00f3w \u0142\u0105czy si\u0119, tworz\u0105c bia\u0142ka, kt\u00f3re s\u0105 cz\u0119\u015bci\u0105 ka\u017cdej \u017cywej kom\u00f3rki. W tworzeniu bia\u0142ek bierze udzia\u0142 ponad 20 r\u00f3\u017cnych aminokwas\u00f3w. Wiele z nich bierze tak\u017ce udzia\u0142 w procesach metabolicznych. Organizm ludzki pobiera aminokwasy...\" \/>\n<meta property=\"og:url\" content=\"https:\/\/santamonica.lv\/pl\/dla-zdrowia\/immuno-koktajl-aminokwasowy\/\" \/>\n<meta property=\"og:site_name\" content=\"Santa Monica\" \/>\n<meta property=\"article:publisher\" content=\"https:\/\/www.facebook.com\/klinikasantamonica\" \/>\n<meta property=\"article:modified_time\" content=\"2025-03-05T20:42:49+00:00\" \/>\n<meta property=\"og:image\" content=\"https:\/\/santamonica.lv\/wp-content\/uploads\/2024\/01\/immuno.jpg\" \/>\n\t<meta property=\"og:image:width\" content=\"770\" \/>\n\t<meta property=\"og:image:height\" content=\"533\" \/>\n\t<meta property=\"og:image:type\" content=\"image\/jpeg\" \/>\n<meta name=\"twitter:card\" content=\"summary_large_image\" \/>\n<meta name=\"twitter:label1\" content=\"Est. reading time\" \/>\n\t<meta name=\"twitter:data1\" content=\"1 minuta\" \/>\n<script type=\"application\/ld+json\" class=\"yoast-schema-graph\">{\"@context\":\"https:\/\/schema.org\",\"@graph\":[{\"@type\":\"WebPage\",\"@id\":\"https:\/\/santamonica.lv\/pl\/dla-zdrowia\/immuno-koktajl-aminokwasowy\/\",\"url\":\"https:\/\/santamonica.lv\/pl\/dla-zdrowia\/immuno-koktajl-aminokwasowy\/\",\"name\":\"IMMUNO \u2013 koktajl aminokwasowy - Santa Monica\",\"isPartOf\":{\"@id\":\"https:\/\/santamonica.lv\/pl\/#website\"},\"primaryImageOfPage\":{\"@id\":\"https:\/\/santamonica.lv\/pl\/dla-zdrowia\/immuno-koktajl-aminokwasowy\/#primaryimage\"},\"image\":{\"@id\":\"https:\/\/santamonica.lv\/pl\/dla-zdrowia\/immuno-koktajl-aminokwasowy\/#primaryimage\"},\"thumbnailUrl\":\"https:\/\/santamonica.lv\/wp-content\/uploads\/2024\/01\/immuno.jpg\",\"datePublished\":\"2025-03-01T21:36:06+00:00\",\"dateModified\":\"2025-03-05T20:42:49+00:00\",\"breadcrumb\":{\"@id\":\"https:\/\/santamonica.lv\/pl\/dla-zdrowia\/immuno-koktajl-aminokwasowy\/#breadcrumb\"},\"inLanguage\":\"pl-PL\",\"potentialAction\":[{\"@type\":\"ReadAction\",\"target\":[\"https:\/\/santamonica.lv\/pl\/dla-zdrowia\/immuno-koktajl-aminokwasowy\/\"]}]},{\"@type\":\"ImageObject\",\"inLanguage\":\"pl-PL\",\"@id\":\"https:\/\/santamonica.lv\/pl\/dla-zdrowia\/immuno-koktajl-aminokwasowy\/#primaryimage\",\"url\":\"https:\/\/santamonica.lv\/wp-content\/uploads\/2024\/01\/immuno.jpg\",\"contentUrl\":\"https:\/\/santamonica.lv\/wp-content\/uploads\/2024\/01\/immuno.jpg\",\"width\":770,\"height\":533},{\"@type\":\"BreadcrumbList\",\"@id\":\"https:\/\/santamonica.lv\/pl\/dla-zdrowia\/immuno-koktajl-aminokwasowy\/#breadcrumb\",\"itemListElement\":[{\"@type\":\"ListItem\",\"position\":1,\"name\":\"Home\",\"item\":\"https:\/\/santamonica.lv\/pl\/poczatek\/\"},{\"@type\":\"ListItem\",\"position\":2,\"name\":\"Dla zdrowia\",\"item\":\"https:\/\/santamonica.lv\/pl\/dla-zdrowia\/\"},{\"@type\":\"ListItem\",\"position\":3,\"name\":\"IMMUNO \u2013 koktajl aminokwasowy\"}]},{\"@type\":\"WebSite\",\"@id\":\"https:\/\/santamonica.lv\/pl\/#website\",\"url\":\"https:\/\/santamonica.lv\/pl\/\",\"name\":\"Santa Monica\",\"description\":\"\",\"potentialAction\":[{\"@type\":\"SearchAction\",\"target\":{\"@type\":\"EntryPoint\",\"urlTemplate\":\"https:\/\/santamonica.lv\/pl\/?s={search_term_string}\"},\"query-input\":{\"@type\":\"PropertyValueSpecification\",\"valueRequired\":true,\"valueName\":\"search_term_string\"}}],\"inLanguage\":\"pl-PL\"}]}<\/script>\n<!-- \/ Yoast SEO plugin. -->","yoast_head_json":{"title":"IMMUNO \u2013 koktajl aminokwasowy - Santa Monica","robots":{"index":"index","follow":"follow","max-snippet":"max-snippet:-1","max-image-preview":"max-image-preview:large","max-video-preview":"max-video-preview:-1"},"canonical":"https:\/\/santamonica.lv\/pl\/dla-zdrowia\/immuno-koktajl-aminokwasowy\/","og_locale":"pl_PL","og_type":"article","og_title":"IMMUNO \u2013 koktajl aminokwasowy - Santa Monica","og_description":"Aminokwasy to zwi\u0105zki organiczne posiadaj\u0105ce w\u0142a\u015bciwo\u015bci kwas\u00f3w i amin. Ich sk\u0142ad obejmuje zar\u00f3wno grup\u0119 karboksylow\u0105, jak i grup\u0119 aminow\u0105 (zwi\u0105zki azotu). Wiele aminokwas\u00f3w \u0142\u0105czy si\u0119, tworz\u0105c bia\u0142ka, kt\u00f3re s\u0105 cz\u0119\u015bci\u0105 ka\u017cdej \u017cywej kom\u00f3rki. W tworzeniu bia\u0142ek bierze udzia\u0142 ponad 20 r\u00f3\u017cnych aminokwas\u00f3w. Wiele z nich bierze tak\u017ce udzia\u0142 w procesach metabolicznych. Organizm ludzki pobiera aminokwasy...","og_url":"https:\/\/santamonica.lv\/pl\/dla-zdrowia\/immuno-koktajl-aminokwasowy\/","og_site_name":"Santa Monica","article_publisher":"https:\/\/www.facebook.com\/klinikasantamonica","article_modified_time":"2025-03-05T20:42:49+00:00","og_image":[{"width":770,"height":533,"url":"https:\/\/santamonica.lv\/wp-content\/uploads\/2024\/01\/immuno.jpg","type":"image\/jpeg"}],"twitter_card":"summary_large_image","twitter_misc":{"Est. reading time":"1 minuta"},"schema":{"@context":"https:\/\/schema.org","@graph":[{"@type":"WebPage","@id":"https:\/\/santamonica.lv\/pl\/dla-zdrowia\/immuno-koktajl-aminokwasowy\/","url":"https:\/\/santamonica.lv\/pl\/dla-zdrowia\/immuno-koktajl-aminokwasowy\/","name":"IMMUNO \u2013 koktajl aminokwasowy - Santa Monica","isPartOf":{"@id":"https:\/\/santamonica.lv\/pl\/#website"},"primaryImageOfPage":{"@id":"https:\/\/santamonica.lv\/pl\/dla-zdrowia\/immuno-koktajl-aminokwasowy\/#primaryimage"},"image":{"@id":"https:\/\/santamonica.lv\/pl\/dla-zdrowia\/immuno-koktajl-aminokwasowy\/#primaryimage"},"thumbnailUrl":"https:\/\/santamonica.lv\/wp-content\/uploads\/2024\/01\/immuno.jpg","datePublished":"2025-03-01T21:36:06+00:00","dateModified":"2025-03-05T20:42:49+00:00","breadcrumb":{"@id":"https:\/\/santamonica.lv\/pl\/dla-zdrowia\/immuno-koktajl-aminokwasowy\/#breadcrumb"},"inLanguage":"pl-PL","potentialAction":[{"@type":"ReadAction","target":["https:\/\/santamonica.lv\/pl\/dla-zdrowia\/immuno-koktajl-aminokwasowy\/"]}]},{"@type":"ImageObject","inLanguage":"pl-PL","@id":"https:\/\/santamonica.lv\/pl\/dla-zdrowia\/immuno-koktajl-aminokwasowy\/#primaryimage","url":"https:\/\/santamonica.lv\/wp-content\/uploads\/2024\/01\/immuno.jpg","contentUrl":"https:\/\/santamonica.lv\/wp-content\/uploads\/2024\/01\/immuno.jpg","width":770,"height":533},{"@type":"BreadcrumbList","@id":"https:\/\/santamonica.lv\/pl\/dla-zdrowia\/immuno-koktajl-aminokwasowy\/#breadcrumb","itemListElement":[{"@type":"ListItem","position":1,"name":"Home","item":"https:\/\/santamonica.lv\/pl\/poczatek\/"},{"@type":"ListItem","position":2,"name":"Dla zdrowia","item":"https:\/\/santamonica.lv\/pl\/dla-zdrowia\/"},{"@type":"ListItem","position":3,"name":"IMMUNO \u2013 koktajl aminokwasowy"}]},{"@type":"WebSite","@id":"https:\/\/santamonica.lv\/pl\/#website","url":"https:\/\/santamonica.lv\/pl\/","name":"Santa Monica","description":"","potentialAction":[{"@type":"SearchAction","target":{"@type":"EntryPoint","urlTemplate":"https:\/\/santamonica.lv\/pl\/?s={search_term_string}"},"query-input":{"@type":"PropertyValueSpecification","valueRequired":true,"valueName":"search_term_string"}}],"inLanguage":"pl-PL"}]}},"uagb_featured_image_src":{"full":["https:\/\/santamonica.lv\/wp-content\/uploads\/2024\/01\/immuno.jpg",770,533,false],"thumbnail":["https:\/\/santamonica.lv\/wp-content\/uploads\/2024\/01\/immuno-150x150.jpg",150,150,true],"medium":["https:\/\/santamonica.lv\/wp-content\/uploads\/2024\/01\/immuno-300x208.jpg",300,208,true],"medium_large":["https:\/\/santamonica.lv\/wp-content\/uploads\/2024\/01\/immuno-768x532.jpg",768,532,true],"large":["https:\/\/santamonica.lv\/wp-content\/uploads\/2024\/01\/immuno.jpg",770,533,false],"1536x1536":["https:\/\/santamonica.lv\/wp-content\/uploads\/2024\/01\/immuno.jpg",770,533,false],"2048x2048":["https:\/\/santamonica.lv\/wp-content\/uploads\/2024\/01\/immuno.jpg",770,533,false],"woocommerce_thumbnail":["https:\/\/santamonica.lv\/wp-content\/uploads\/2024\/01\/immuno-300x300.jpg",300,300,true],"woocommerce_single":["https:\/\/santamonica.lv\/wp-content\/uploads\/2024\/01\/immuno-600x415.jpg",600,415,true],"woocommerce_gallery_thumbnail":["https:\/\/santamonica.lv\/wp-content\/uploads\/2024\/01\/immuno-100x100.jpg",100,100,true]},"uagb_author_info":{"display_name":"Aigars","author_link":"https:\/\/santamonica.lv\/pl\/author\/aigars\/"},"uagb_comment_info":0,"uagb_excerpt":"Aminokwasy to zwi\u0105zki organiczne posiadaj\u0105ce w\u0142a\u015bciwo\u015bci kwas\u00f3w i amin. Ich sk\u0142ad obejmuje zar\u00f3wno grup\u0119 karboksylow\u0105, jak i grup\u0119 aminow\u0105 (zwi\u0105zki azotu). Wiele aminokwas\u00f3w \u0142\u0105czy si\u0119, tworz\u0105c bia\u0142ka, kt\u00f3re s\u0105 cz\u0119\u015bci\u0105 ka\u017cdej \u017cywej kom\u00f3rki. W tworzeniu bia\u0142ek bierze udzia\u0142 ponad 20 r\u00f3\u017cnych aminokwas\u00f3w. Wiele z nich bierze tak\u017ce udzia\u0142 w procesach metabolicznych. Organizm ludzki pobiera aminokwasy...","_links":{"self":[{"href":"https:\/\/santamonica.lv\/pl\/wp-json\/wp\/v2\/pages\/3177","targetHints":{"allow":["GET"]}}],"collection":[{"href":"https:\/\/santamonica.lv\/pl\/wp-json\/wp\/v2\/pages"}],"about":[{"href":"https:\/\/santamonica.lv\/pl\/wp-json\/wp\/v2\/types\/page"}],"author":[{"embeddable":true,"href":"https:\/\/santamonica.lv\/pl\/wp-json\/wp\/v2\/users\/3"}],"replies":[{"embeddable":true,"href":"https:\/\/santamonica.lv\/pl\/wp-json\/wp\/v2\/comments?post=3177"}],"version-history":[{"count":1,"href":"https:\/\/santamonica.lv\/pl\/wp-json\/wp\/v2\/pages\/3177\/revisions"}],"predecessor-version":[{"id":3178,"href":"https:\/\/santamonica.lv\/pl\/wp-json\/wp\/v2\/pages\/3177\/revisions\/3178"}],"up":[{"embeddable":true,"href":"https:\/\/santamonica.lv\/pl\/wp-json\/wp\/v2\/pages\/2522"}],"wp:featuredmedia":[{"embeddable":true,"href":"https:\/\/santamonica.lv\/pl\/wp-json\/wp\/v2\/media\/2549"}],"wp:attachment":[{"href":"https:\/\/santamonica.lv\/pl\/wp-json\/wp\/v2\/media?parent=3177"}],"curies":[{"name":"wp","href":"https:\/\/api.w.org\/{rel}","templated":true}]}}