{"id":3179,"date":"2025-03-01T23:44:25","date_gmt":"2025-03-01T21:44:25","guid":{"rendered":"https:\/\/santamonica.lv\/?page_id=3179"},"modified":"2025-03-05T22:42:46","modified_gmt":"2025-03-05T20:42:46","slug":"hydroksyprolina","status":"publish","type":"page","link":"https:\/\/santamonica.lv\/pl\/dla-zdrowia\/hydroksyprolina\/","title":{"rendered":"Hydroksyprolina"},"content":{"rendered":"\n<div class=\"wp-block-columns is-layout-flex wp-container-core-columns-is-layout-9d6595d7 wp-block-columns-is-layout-flex\">\n<div class=\"wp-block-column is-layout-flow wp-block-column-is-layout-flow\" style=\"flex-basis:33.33%\">\n<figure class=\"wp-block-image size-full\"><img loading=\"lazy\" decoding=\"async\" width=\"900\" height=\"760\" src=\"https:\/\/santamonica.lv\/wp-content\/uploads\/2024\/01\/hydroxyproline.jpg\" alt=\"\" class=\"wp-image-1075\" srcset=\"https:\/\/santamonica.lv\/wp-content\/uploads\/2024\/01\/hydroxyproline.jpg 900w, https:\/\/santamonica.lv\/wp-content\/uploads\/2024\/01\/hydroxyproline-300x253.jpg 300w, https:\/\/santamonica.lv\/wp-content\/uploads\/2024\/01\/hydroxyproline-768x649.jpg 768w, https:\/\/santamonica.lv\/wp-content\/uploads\/2024\/01\/hydroxyproline-600x507.jpg 600w\" sizes=\"auto, (max-width: 900px) 100vw, 900px\" \/><\/figure>\n<\/div>\n\n\n\n<div class=\"wp-block-column is-layout-flow wp-block-column-is-layout-flow\" style=\"flex-basis:66.66%\">\n<p>Hydroksyprolina jest g\u0142\u00f3wnym sk\u0142adnikiem wszystkich w\u0142\u00f3kien kolagenowych. Razem z prolin\u0105 stabilizuje struktur\u0119 kolagenu w organizmie. Dlatego te\u017c stosuje si\u0119 go w leczeniu chor\u00f3b charakteryzuj\u0105cych si\u0119 uszkodzeniem tkanki \u0142\u0105cznej \u2013 uszkodze\u0144 \u015bci\u0119gien, chrz\u0105stek i wi\u0119zade\u0142 wok\u00f3\u0142 staw\u00f3w. Poprawia elastyczno\u015b\u0107 sk\u00f3ry i zapobiega zmarszczkom.<\/p>\n<\/div>\n<\/div>\n\n\n\n<p><strong>Aktywno\u015b\u0107 biologiczna:<\/strong><\/p>\n\n\n\n<ul class=\"wp-block-list\">\n<li>G\u0142\u00f3wny sk\u0142adnik kolagenu w mi\u0119\u015bniach, wi\u0119zad\u0142ach, chrz\u0105stkach, ko\u015bciach i \u015bcianach naczy\u0144 krwiono\u015bnych;<\/li>\n\n\n\n<li>Stosowany w leczeniu osteochondrozy w celu przywr\u00f3cenia uszkodze\u0144 staw\u00f3w;<\/li>\n\n\n\n<li>Wspomaga proces gojenia po urazach, oparzeniach i owrzodzeniach;<\/li>\n\n\n\n<li>Wspomaga gojenie \u015bcian naczy\u0144 krwiono\u015bnych;<\/li>\n<\/ul>\n\n\n\n<p>Stosowany jest tak\u017ce w leczeniu zniekszta\u0142ce\u0144 zwyrodnieniowych staw\u00f3w, gdy\u017c wspomaga regeneracj\u0119 chrz\u0105stki.<\/p>\n\n\n\n<p>Santa Monica oferuje hydroksyprolin\u0119 w postaci 50 ml roztworu do infuzji. Do wstrzykiwa\u0144 do\u017cylnych po rozcie\u0144czeniu 0,9% roztworem chlorku sodu do obj\u0119to\u015bci 250 ml.<\/p>\n","protected":false},"excerpt":{"rendered":"<p>Hydroksyprolina jest g\u0142\u00f3wnym sk\u0142adnikiem wszystkich w\u0142\u00f3kien kolagenowych. Razem z prolin\u0105 stabilizuje struktur\u0119 kolagenu w organizmie. Dlatego te\u017c stosuje si\u0119 go w leczeniu chor\u00f3b charakteryzuj\u0105cych si\u0119 uszkodzeniem tkanki \u0142\u0105cznej \u2013 uszkodze\u0144 \u015bci\u0119gien, chrz\u0105stek i wi\u0119zade\u0142 wok\u00f3\u0142 staw\u00f3w. Poprawia elastyczno\u015b\u0107 sk\u00f3ry i zapobiega zmarszczkom. Aktywno\u015b\u0107 biologiczna: Stosowany jest tak\u017ce w leczeniu zniekszta\u0142ce\u0144 zwyrodnieniowych staw\u00f3w, gdy\u017c wspomaga regeneracj\u0119&#8230;<\/p>\n","protected":false},"author":3,"featured_media":2553,"parent":2522,"menu_order":0,"comment_status":"closed","ping_status":"closed","template":"","meta":{"_acf_changed":false,"_uag_custom_page_level_css":"","_kadence_starter_templates_imported_post":false,"_kad_post_transparent":"","_kad_post_title":"","_kad_post_layout":"","_kad_post_sidebar_id":"","_kad_post_content_style":"","_kad_post_vertical_padding":"","_kad_post_feature":"","_kad_post_feature_position":"","_kad_post_header":false,"_kad_post_footer":false,"footnotes":""},"class_list":["post-3179","page","type-page","status-publish","has-post-thumbnail","hentry"],"acf":[],"yoast_head":"<!-- This site is optimized with the Yoast SEO plugin v26.4 - https:\/\/yoast.com\/wordpress\/plugins\/seo\/ -->\n<title>Hydroksyprolina - Santa Monica<\/title>\n<meta name=\"robots\" content=\"index, follow, max-snippet:-1, max-image-preview:large, max-video-preview:-1\" \/>\n<link rel=\"canonical\" href=\"https:\/\/santamonica.lv\/pl\/dla-zdrowia\/hydroksyprolina\/\" \/>\n<meta property=\"og:locale\" content=\"pl_PL\" \/>\n<meta property=\"og:type\" content=\"article\" \/>\n<meta property=\"og:title\" content=\"Hydroksyprolina - Santa Monica\" \/>\n<meta property=\"og:description\" content=\"Hydroksyprolina jest g\u0142\u00f3wnym sk\u0142adnikiem wszystkich w\u0142\u00f3kien kolagenowych. Razem z prolin\u0105 stabilizuje struktur\u0119 kolagenu w organizmie. Dlatego te\u017c stosuje si\u0119 go w leczeniu chor\u00f3b charakteryzuj\u0105cych si\u0119 uszkodzeniem tkanki \u0142\u0105cznej \u2013 uszkodze\u0144 \u015bci\u0119gien, chrz\u0105stek i wi\u0119zade\u0142 wok\u00f3\u0142 staw\u00f3w. Poprawia elastyczno\u015b\u0107 sk\u00f3ry i zapobiega zmarszczkom. Aktywno\u015b\u0107 biologiczna: Stosowany jest tak\u017ce w leczeniu zniekszta\u0142ce\u0144 zwyrodnieniowych staw\u00f3w, gdy\u017c wspomaga regeneracj\u0119...\" \/>\n<meta property=\"og:url\" content=\"https:\/\/santamonica.lv\/pl\/dla-zdrowia\/hydroksyprolina\/\" \/>\n<meta property=\"og:site_name\" content=\"Santa Monica\" \/>\n<meta property=\"article:publisher\" content=\"https:\/\/www.facebook.com\/klinikasantamonica\" \/>\n<meta property=\"article:modified_time\" content=\"2025-03-05T20:42:46+00:00\" \/>\n<meta property=\"og:image\" content=\"https:\/\/santamonica.lv\/wp-content\/uploads\/2024\/01\/hydroxyproline.jpg\" \/>\n\t<meta property=\"og:image:width\" content=\"900\" \/>\n\t<meta property=\"og:image:height\" content=\"760\" \/>\n\t<meta property=\"og:image:type\" content=\"image\/jpeg\" \/>\n<meta name=\"twitter:card\" content=\"summary_large_image\" \/>\n<meta name=\"twitter:label1\" content=\"Est. reading time\" \/>\n\t<meta name=\"twitter:data1\" content=\"1 minuta\" \/>\n<script type=\"application\/ld+json\" class=\"yoast-schema-graph\">{\"@context\":\"https:\/\/schema.org\",\"@graph\":[{\"@type\":\"WebPage\",\"@id\":\"https:\/\/santamonica.lv\/pl\/dla-zdrowia\/hydroksyprolina\/\",\"url\":\"https:\/\/santamonica.lv\/pl\/dla-zdrowia\/hydroksyprolina\/\",\"name\":\"Hydroksyprolina - Santa Monica\",\"isPartOf\":{\"@id\":\"https:\/\/santamonica.lv\/pl\/#website\"},\"primaryImageOfPage\":{\"@id\":\"https:\/\/santamonica.lv\/pl\/dla-zdrowia\/hydroksyprolina\/#primaryimage\"},\"image\":{\"@id\":\"https:\/\/santamonica.lv\/pl\/dla-zdrowia\/hydroksyprolina\/#primaryimage\"},\"thumbnailUrl\":\"https:\/\/santamonica.lv\/wp-content\/uploads\/2024\/01\/hydroxyproline.jpg\",\"datePublished\":\"2025-03-01T21:44:25+00:00\",\"dateModified\":\"2025-03-05T20:42:46+00:00\",\"breadcrumb\":{\"@id\":\"https:\/\/santamonica.lv\/pl\/dla-zdrowia\/hydroksyprolina\/#breadcrumb\"},\"inLanguage\":\"pl-PL\",\"potentialAction\":[{\"@type\":\"ReadAction\",\"target\":[\"https:\/\/santamonica.lv\/pl\/dla-zdrowia\/hydroksyprolina\/\"]}]},{\"@type\":\"ImageObject\",\"inLanguage\":\"pl-PL\",\"@id\":\"https:\/\/santamonica.lv\/pl\/dla-zdrowia\/hydroksyprolina\/#primaryimage\",\"url\":\"https:\/\/santamonica.lv\/wp-content\/uploads\/2024\/01\/hydroxyproline.jpg\",\"contentUrl\":\"https:\/\/santamonica.lv\/wp-content\/uploads\/2024\/01\/hydroxyproline.jpg\",\"width\":900,\"height\":760},{\"@type\":\"BreadcrumbList\",\"@id\":\"https:\/\/santamonica.lv\/pl\/dla-zdrowia\/hydroksyprolina\/#breadcrumb\",\"itemListElement\":[{\"@type\":\"ListItem\",\"position\":1,\"name\":\"Home\",\"item\":\"https:\/\/santamonica.lv\/pl\/poczatek\/\"},{\"@type\":\"ListItem\",\"position\":2,\"name\":\"Dla zdrowia\",\"item\":\"https:\/\/santamonica.lv\/pl\/dla-zdrowia\/\"},{\"@type\":\"ListItem\",\"position\":3,\"name\":\"Hydroksyprolina\"}]},{\"@type\":\"WebSite\",\"@id\":\"https:\/\/santamonica.lv\/pl\/#website\",\"url\":\"https:\/\/santamonica.lv\/pl\/\",\"name\":\"Santa Monica\",\"description\":\"\",\"potentialAction\":[{\"@type\":\"SearchAction\",\"target\":{\"@type\":\"EntryPoint\",\"urlTemplate\":\"https:\/\/santamonica.lv\/pl\/?s={search_term_string}\"},\"query-input\":{\"@type\":\"PropertyValueSpecification\",\"valueRequired\":true,\"valueName\":\"search_term_string\"}}],\"inLanguage\":\"pl-PL\"}]}<\/script>\n<!-- \/ Yoast SEO plugin. -->","yoast_head_json":{"title":"Hydroksyprolina - Santa Monica","robots":{"index":"index","follow":"follow","max-snippet":"max-snippet:-1","max-image-preview":"max-image-preview:large","max-video-preview":"max-video-preview:-1"},"canonical":"https:\/\/santamonica.lv\/pl\/dla-zdrowia\/hydroksyprolina\/","og_locale":"pl_PL","og_type":"article","og_title":"Hydroksyprolina - Santa Monica","og_description":"Hydroksyprolina jest g\u0142\u00f3wnym sk\u0142adnikiem wszystkich w\u0142\u00f3kien kolagenowych. Razem z prolin\u0105 stabilizuje struktur\u0119 kolagenu w organizmie. Dlatego te\u017c stosuje si\u0119 go w leczeniu chor\u00f3b charakteryzuj\u0105cych si\u0119 uszkodzeniem tkanki \u0142\u0105cznej \u2013 uszkodze\u0144 \u015bci\u0119gien, chrz\u0105stek i wi\u0119zade\u0142 wok\u00f3\u0142 staw\u00f3w. Poprawia elastyczno\u015b\u0107 sk\u00f3ry i zapobiega zmarszczkom. Aktywno\u015b\u0107 biologiczna: Stosowany jest tak\u017ce w leczeniu zniekszta\u0142ce\u0144 zwyrodnieniowych staw\u00f3w, gdy\u017c wspomaga regeneracj\u0119...","og_url":"https:\/\/santamonica.lv\/pl\/dla-zdrowia\/hydroksyprolina\/","og_site_name":"Santa Monica","article_publisher":"https:\/\/www.facebook.com\/klinikasantamonica","article_modified_time":"2025-03-05T20:42:46+00:00","og_image":[{"width":900,"height":760,"url":"https:\/\/santamonica.lv\/wp-content\/uploads\/2024\/01\/hydroxyproline.jpg","type":"image\/jpeg"}],"twitter_card":"summary_large_image","twitter_misc":{"Est. reading time":"1 minuta"},"schema":{"@context":"https:\/\/schema.org","@graph":[{"@type":"WebPage","@id":"https:\/\/santamonica.lv\/pl\/dla-zdrowia\/hydroksyprolina\/","url":"https:\/\/santamonica.lv\/pl\/dla-zdrowia\/hydroksyprolina\/","name":"Hydroksyprolina - Santa Monica","isPartOf":{"@id":"https:\/\/santamonica.lv\/pl\/#website"},"primaryImageOfPage":{"@id":"https:\/\/santamonica.lv\/pl\/dla-zdrowia\/hydroksyprolina\/#primaryimage"},"image":{"@id":"https:\/\/santamonica.lv\/pl\/dla-zdrowia\/hydroksyprolina\/#primaryimage"},"thumbnailUrl":"https:\/\/santamonica.lv\/wp-content\/uploads\/2024\/01\/hydroxyproline.jpg","datePublished":"2025-03-01T21:44:25+00:00","dateModified":"2025-03-05T20:42:46+00:00","breadcrumb":{"@id":"https:\/\/santamonica.lv\/pl\/dla-zdrowia\/hydroksyprolina\/#breadcrumb"},"inLanguage":"pl-PL","potentialAction":[{"@type":"ReadAction","target":["https:\/\/santamonica.lv\/pl\/dla-zdrowia\/hydroksyprolina\/"]}]},{"@type":"ImageObject","inLanguage":"pl-PL","@id":"https:\/\/santamonica.lv\/pl\/dla-zdrowia\/hydroksyprolina\/#primaryimage","url":"https:\/\/santamonica.lv\/wp-content\/uploads\/2024\/01\/hydroxyproline.jpg","contentUrl":"https:\/\/santamonica.lv\/wp-content\/uploads\/2024\/01\/hydroxyproline.jpg","width":900,"height":760},{"@type":"BreadcrumbList","@id":"https:\/\/santamonica.lv\/pl\/dla-zdrowia\/hydroksyprolina\/#breadcrumb","itemListElement":[{"@type":"ListItem","position":1,"name":"Home","item":"https:\/\/santamonica.lv\/pl\/poczatek\/"},{"@type":"ListItem","position":2,"name":"Dla zdrowia","item":"https:\/\/santamonica.lv\/pl\/dla-zdrowia\/"},{"@type":"ListItem","position":3,"name":"Hydroksyprolina"}]},{"@type":"WebSite","@id":"https:\/\/santamonica.lv\/pl\/#website","url":"https:\/\/santamonica.lv\/pl\/","name":"Santa Monica","description":"","potentialAction":[{"@type":"SearchAction","target":{"@type":"EntryPoint","urlTemplate":"https:\/\/santamonica.lv\/pl\/?s={search_term_string}"},"query-input":{"@type":"PropertyValueSpecification","valueRequired":true,"valueName":"search_term_string"}}],"inLanguage":"pl-PL"}]}},"uagb_featured_image_src":{"full":["https:\/\/santamonica.lv\/wp-content\/uploads\/2024\/01\/hydroxyproline.jpg",900,760,false],"thumbnail":["https:\/\/santamonica.lv\/wp-content\/uploads\/2024\/01\/hydroxyproline-150x150.jpg",150,150,true],"medium":["https:\/\/santamonica.lv\/wp-content\/uploads\/2024\/01\/hydroxyproline-300x253.jpg",300,253,true],"medium_large":["https:\/\/santamonica.lv\/wp-content\/uploads\/2024\/01\/hydroxyproline-768x649.jpg",768,649,true],"large":["https:\/\/santamonica.lv\/wp-content\/uploads\/2024\/01\/hydroxyproline.jpg",900,760,false],"1536x1536":["https:\/\/santamonica.lv\/wp-content\/uploads\/2024\/01\/hydroxyproline.jpg",900,760,false],"2048x2048":["https:\/\/santamonica.lv\/wp-content\/uploads\/2024\/01\/hydroxyproline.jpg",900,760,false],"woocommerce_thumbnail":["https:\/\/santamonica.lv\/wp-content\/uploads\/2024\/01\/hydroxyproline-300x300.jpg",300,300,true],"woocommerce_single":["https:\/\/santamonica.lv\/wp-content\/uploads\/2024\/01\/hydroxyproline-600x507.jpg",600,507,true],"woocommerce_gallery_thumbnail":["https:\/\/santamonica.lv\/wp-content\/uploads\/2024\/01\/hydroxyproline-100x100.jpg",100,100,true]},"uagb_author_info":{"display_name":"Aigars","author_link":"https:\/\/santamonica.lv\/pl\/author\/aigars\/"},"uagb_comment_info":0,"uagb_excerpt":"Hydroksyprolina jest g\u0142\u00f3wnym sk\u0142adnikiem wszystkich w\u0142\u00f3kien kolagenowych. Razem z prolin\u0105 stabilizuje struktur\u0119 kolagenu w organizmie. Dlatego te\u017c stosuje si\u0119 go w leczeniu chor\u00f3b charakteryzuj\u0105cych si\u0119 uszkodzeniem tkanki \u0142\u0105cznej \u2013 uszkodze\u0144 \u015bci\u0119gien, chrz\u0105stek i wi\u0119zade\u0142 wok\u00f3\u0142 staw\u00f3w. Poprawia elastyczno\u015b\u0107 sk\u00f3ry i zapobiega zmarszczkom. Aktywno\u015b\u0107 biologiczna: Stosowany jest tak\u017ce w leczeniu zniekszta\u0142ce\u0144 zwyrodnieniowych staw\u00f3w, gdy\u017c wspomaga regeneracj\u0119...","_links":{"self":[{"href":"https:\/\/santamonica.lv\/pl\/wp-json\/wp\/v2\/pages\/3179","targetHints":{"allow":["GET"]}}],"collection":[{"href":"https:\/\/santamonica.lv\/pl\/wp-json\/wp\/v2\/pages"}],"about":[{"href":"https:\/\/santamonica.lv\/pl\/wp-json\/wp\/v2\/types\/page"}],"author":[{"embeddable":true,"href":"https:\/\/santamonica.lv\/pl\/wp-json\/wp\/v2\/users\/3"}],"replies":[{"embeddable":true,"href":"https:\/\/santamonica.lv\/pl\/wp-json\/wp\/v2\/comments?post=3179"}],"version-history":[{"count":1,"href":"https:\/\/santamonica.lv\/pl\/wp-json\/wp\/v2\/pages\/3179\/revisions"}],"predecessor-version":[{"id":3180,"href":"https:\/\/santamonica.lv\/pl\/wp-json\/wp\/v2\/pages\/3179\/revisions\/3180"}],"up":[{"embeddable":true,"href":"https:\/\/santamonica.lv\/pl\/wp-json\/wp\/v2\/pages\/2522"}],"wp:featuredmedia":[{"embeddable":true,"href":"https:\/\/santamonica.lv\/pl\/wp-json\/wp\/v2\/media\/2553"}],"wp:attachment":[{"href":"https:\/\/santamonica.lv\/pl\/wp-json\/wp\/v2\/media?parent=3179"}],"curies":[{"name":"wp","href":"https:\/\/api.w.org\/{rel}","templated":true}]}}