{"id":3181,"date":"2025-03-01T23:50:50","date_gmt":"2025-03-01T21:50:50","guid":{"rendered":"https:\/\/santamonica.lv\/?page_id=3181"},"modified":"2025-03-05T22:42:42","modified_gmt":"2025-03-05T20:42:42","slug":"glutation","status":"publish","type":"page","link":"https:\/\/santamonica.lv\/pl\/dla-zdrowia\/glutation\/","title":{"rendered":"Glutation"},"content":{"rendered":"\n<div class=\"wp-block-columns is-layout-flex wp-container-core-columns-is-layout-9d6595d7 wp-block-columns-is-layout-flex\">\n<div class=\"wp-block-column is-layout-flow wp-block-column-is-layout-flow\" style=\"flex-basis:33.33%\">\n<figure class=\"wp-block-image size-full\"><img loading=\"lazy\" decoding=\"async\" width=\"800\" height=\"500\" src=\"https:\/\/santamonica.lv\/wp-content\/uploads\/2024\/01\/glutathione-anti-aging.jpg\" alt=\"\" class=\"wp-image-1055\" srcset=\"https:\/\/santamonica.lv\/wp-content\/uploads\/2024\/01\/glutathione-anti-aging.jpg 800w, https:\/\/santamonica.lv\/wp-content\/uploads\/2024\/01\/glutathione-anti-aging-300x188.jpg 300w, https:\/\/santamonica.lv\/wp-content\/uploads\/2024\/01\/glutathione-anti-aging-768x480.jpg 768w, https:\/\/santamonica.lv\/wp-content\/uploads\/2024\/01\/glutathione-anti-aging-600x375.jpg 600w\" sizes=\"auto, (max-width: 800px) 100vw, 800px\" \/><\/figure>\n<\/div>\n\n\n\n<div class=\"wp-block-column is-layout-flow wp-block-column-is-layout-flow\" style=\"flex-basis:66.66%\">\n<p>Glutation jest przeciwutleniaczem sk\u0142adaj\u0105cym si\u0119 z kilku aminokwas\u00f3w: cysteiny, glutaminy i glicyny. Wyst\u0119puje w owocach i warzywach i jest syntetyzowany naturalnie w ka\u017cdym \u017cywym organizmie.W onkologii integracyjnej glutation stosuje si\u0119 w celu wspomagania powrotu do zdrowia po radioterapii i chemioterapii. Mo\u017cna go r\u00f3wnie\u017c stosowa\u0107 profilaktycznie w celu odbudowy rezerw antyoksydacyjnych w organizmie, odbudowy uszkodzonego DNA, zapewnienia prawid\u0142owego rozmna\u017cania si\u0119 kom\u00f3rek, regulacji funkcjonowania uk\u0142adu odporno\u015bciowego, skutecznej detoksykacji organizmu, a tak\u017ce ograniczenia uszkodze\u0144 DNA.<\/p>\n<\/div>\n<\/div>\n\n\n\n<p>Glutation uczestniczy tak\u017ce w prawid\u0142owej produkcji energii na poziomie kom\u00f3rkowym, wspomaga procesy detoksykacji po za\u017cyciu narkotyk\u00f3w, regeneruje i zapobiega uszkodzeniom DNA oraz neutralizuje wolne rodniki tlenowe. Bierze udzia\u0142 w prawid\u0142owym podziale kom\u00f3rek i reguluje apoptoz\u0119. W celach profilaktycznych glutation pomaga usuwa\u0107 z organizmu toksyny \u015brodowiskowe i czynniki rakotw\u00f3rcze, a tak\u017ce wspomaga proces regeneracji kom\u00f3rek nerwowych.<\/p>\n\n\n\n<p>Wielokrotnie przeprowadzano badania skuteczno\u015bci glutationu u chorych na raka \u017co\u0142\u0105dka. Po zako\u0144czeniu chemioterapii w grupie platyny niekt\u00f3rym z nich przepisano zastrzyki z glutationu lub wlewy do\u017cylne. W grupie otrzymuj\u0105cej ten preparat nie obserwowano polineuropatii polekowej, kt\u00f3ra zwykle wyst\u0119puje u pacjent\u00f3w w dziewi\u0105tym tygodniu po chemioterapii. R\u00f3wnie\u017c w tej grupie pacjent\u00f3w zapotrzebowanie na hemotransfuzj\u0119 by\u0142o mniejsze.<\/p>\n\n\n\n<p>Podobne badania przeprowadzono tak\u017ce u os\u00f3b, kt\u00f3re zachorowa\u0142y na raka jelita grubego. Znacznie rzadziej stwierdzano u nich tak\u017ce toksyczne polineuropatie.<\/p>\n\n\n\n<p>Z drugiej strony pacjentki chore na raka jajnika, kt\u00f3re otrzymywa\u0142y wlewy glutationu po chemioterapii lekami zawieraj\u0105cymi platyn\u0119, mia\u0142y lepszy wsp\u00f3\u0142czynnik filtracji nerek, mniej zaburze\u0144 depresyjnych, wymiot\u00f3w, polineuropatii obwodowej, wypadania w\u0142os\u00f3w, duszno\u015bci i problem\u00f3w z koncentracj\u0105.<\/p>\n\n\n\n<p>Glutation podwaja aktywno\u015b\u0107 naturalnych kom\u00f3rek tucznych we krwi. Wykazano to w badaniu przeprowadzonym przez European Journal of Nutrition.<\/p>\n\n\n\n<p>Og\u00f3lnie rzecz bior\u0105c, glutation podawany pozajelitowo jest dobrze tolerowany przez pacjent\u00f3w. Istniej\u0105 sprzeczne dane dotycz\u0105ce jego stosowania podczas radioterapii i chemioterapii. Zwykle zaleca si\u0119 stosowanie preparatu pomi\u0119dzy kuracjami, a tak\u017ce profilaktycznie lub po terapii, w celu pobudzenia proces\u00f3w regeneracyjnych w organizmie.<\/p>\n\n\n\n<p>Zazwyczaj zalecana doustna dawka glutationu wynosi 500-1000 mg na dzie\u0144. Do takiego stosowania najlepiej stosowa\u0107 liposomaln\u0105 form\u0119 preparatu, kt\u00f3ra znacz\u0105co poprawia wch\u0142anianie. Istniej\u0105 r\u00f3wnie\u017c postacie dawkowania w postaci czopk\u00f3w doodbytniczych i aplikacji przezsk\u00f3rnych (plastry), a tak\u017ce zastrzyk\u00f3w domi\u0119\u015bniowych i roztwor\u00f3w do\u017cylnych.<\/p>\n\n\n\n<p><strong>Przed zastosowaniem Glutationu skonsultuj si\u0119 z lekarzem!P<\/strong><\/p>\n\n\n\n<p><strong>Odniesienia do bada\u0144 naukowych dotycz\u0105cych roli glutationu w leczeniu i profilaktyce nowotwor\u00f3w:<\/strong><\/p>\n\n\n\n<ul class=\"wp-block-list\">\n<li><a href=\"https:\/\/www.nature.com\/articles\/s41388-023-02708-4\" target=\"_blank\" rel=\"noreferrer noopener\">Glutathione peroxidase 2 knockdown suppresses gastric cancer progression and metastasis via regulation of kynurenine metabolism<\/a>&nbsp;(<em>Nature.com, 03.05.2023<\/em>)<\/li>\n\n\n\n<li><a href=\"https:\/\/www.mdpi.com\/2227-9059\/11\/8\/2226\" target=\"_blank\" rel=\"noreferrer noopener\">Glutathione: Lights and Shadows in Cancer Patients<\/a>&nbsp;(<em>Mdpi.com, 08.08.2023<\/em>)<\/li>\n\n\n\n<li><a href=\"https:\/\/onlinelibrary.wiley.com\/doi\/10.1155\/2013\/972913\" target=\"_blank\" rel=\"noreferrer noopener\">Role of Glutathione in Cancer Progression and Chemoresistance<\/a>&nbsp; (<em>Doi.org, 20.05.2013<\/em>)<\/li>\n<\/ul>\n","protected":false},"excerpt":{"rendered":"<p>Glutation jest przeciwutleniaczem sk\u0142adaj\u0105cym si\u0119 z kilku aminokwas\u00f3w: cysteiny, glutaminy i glicyny. Wyst\u0119puje w owocach i warzywach i jest syntetyzowany naturalnie w ka\u017cdym \u017cywym organizmie.W onkologii integracyjnej glutation stosuje si\u0119 w celu wspomagania powrotu do zdrowia po radioterapii i chemioterapii. Mo\u017cna go r\u00f3wnie\u017c stosowa\u0107 profilaktycznie w celu odbudowy rezerw antyoksydacyjnych w organizmie, odbudowy uszkodzonego DNA,&#8230;<\/p>\n","protected":false},"author":3,"featured_media":2593,"parent":2522,"menu_order":0,"comment_status":"closed","ping_status":"closed","template":"","meta":{"_acf_changed":false,"_uag_custom_page_level_css":"","_kadence_starter_templates_imported_post":false,"_kad_post_transparent":"","_kad_post_title":"","_kad_post_layout":"","_kad_post_sidebar_id":"","_kad_post_content_style":"","_kad_post_vertical_padding":"","_kad_post_feature":"","_kad_post_feature_position":"","_kad_post_header":false,"_kad_post_footer":false,"footnotes":""},"class_list":["post-3181","page","type-page","status-publish","has-post-thumbnail","hentry"],"acf":[],"yoast_head":"<!-- This site is optimized with the Yoast SEO plugin v26.4 - https:\/\/yoast.com\/wordpress\/plugins\/seo\/ -->\n<title>Glutation - Santa Monica<\/title>\n<meta name=\"robots\" content=\"index, follow, max-snippet:-1, max-image-preview:large, max-video-preview:-1\" \/>\n<link rel=\"canonical\" href=\"https:\/\/santamonica.lv\/pl\/dla-zdrowia\/glutation\/\" \/>\n<meta property=\"og:locale\" content=\"pl_PL\" \/>\n<meta property=\"og:type\" content=\"article\" \/>\n<meta property=\"og:title\" content=\"Glutation - Santa Monica\" \/>\n<meta property=\"og:description\" content=\"Glutation jest przeciwutleniaczem sk\u0142adaj\u0105cym si\u0119 z kilku aminokwas\u00f3w: cysteiny, glutaminy i glicyny. Wyst\u0119puje w owocach i warzywach i jest syntetyzowany naturalnie w ka\u017cdym \u017cywym organizmie.W onkologii integracyjnej glutation stosuje si\u0119 w celu wspomagania powrotu do zdrowia po radioterapii i chemioterapii. Mo\u017cna go r\u00f3wnie\u017c stosowa\u0107 profilaktycznie w celu odbudowy rezerw antyoksydacyjnych w organizmie, odbudowy uszkodzonego DNA,...\" \/>\n<meta property=\"og:url\" content=\"https:\/\/santamonica.lv\/pl\/dla-zdrowia\/glutation\/\" \/>\n<meta property=\"og:site_name\" content=\"Santa Monica\" \/>\n<meta property=\"article:publisher\" content=\"https:\/\/www.facebook.com\/klinikasantamonica\" \/>\n<meta property=\"article:modified_time\" content=\"2025-03-05T20:42:42+00:00\" \/>\n<meta property=\"og:image\" content=\"https:\/\/santamonica.lv\/wp-content\/uploads\/2024\/01\/glutathione-anti-aging.jpg\" \/>\n\t<meta property=\"og:image:width\" content=\"800\" \/>\n\t<meta property=\"og:image:height\" content=\"500\" \/>\n\t<meta property=\"og:image:type\" content=\"image\/jpeg\" \/>\n<meta name=\"twitter:card\" content=\"summary_large_image\" \/>\n<meta name=\"twitter:label1\" content=\"Est. reading time\" \/>\n\t<meta name=\"twitter:data1\" content=\"2 minuty\" \/>\n<script type=\"application\/ld+json\" class=\"yoast-schema-graph\">{\"@context\":\"https:\/\/schema.org\",\"@graph\":[{\"@type\":\"WebPage\",\"@id\":\"https:\/\/santamonica.lv\/pl\/dla-zdrowia\/glutation\/\",\"url\":\"https:\/\/santamonica.lv\/pl\/dla-zdrowia\/glutation\/\",\"name\":\"Glutation - Santa Monica\",\"isPartOf\":{\"@id\":\"https:\/\/santamonica.lv\/pl\/#website\"},\"primaryImageOfPage\":{\"@id\":\"https:\/\/santamonica.lv\/pl\/dla-zdrowia\/glutation\/#primaryimage\"},\"image\":{\"@id\":\"https:\/\/santamonica.lv\/pl\/dla-zdrowia\/glutation\/#primaryimage\"},\"thumbnailUrl\":\"https:\/\/santamonica.lv\/wp-content\/uploads\/2024\/01\/glutathione-anti-aging.jpg\",\"datePublished\":\"2025-03-01T21:50:50+00:00\",\"dateModified\":\"2025-03-05T20:42:42+00:00\",\"breadcrumb\":{\"@id\":\"https:\/\/santamonica.lv\/pl\/dla-zdrowia\/glutation\/#breadcrumb\"},\"inLanguage\":\"pl-PL\",\"potentialAction\":[{\"@type\":\"ReadAction\",\"target\":[\"https:\/\/santamonica.lv\/pl\/dla-zdrowia\/glutation\/\"]}]},{\"@type\":\"ImageObject\",\"inLanguage\":\"pl-PL\",\"@id\":\"https:\/\/santamonica.lv\/pl\/dla-zdrowia\/glutation\/#primaryimage\",\"url\":\"https:\/\/santamonica.lv\/wp-content\/uploads\/2024\/01\/glutathione-anti-aging.jpg\",\"contentUrl\":\"https:\/\/santamonica.lv\/wp-content\/uploads\/2024\/01\/glutathione-anti-aging.jpg\",\"width\":800,\"height\":500},{\"@type\":\"BreadcrumbList\",\"@id\":\"https:\/\/santamonica.lv\/pl\/dla-zdrowia\/glutation\/#breadcrumb\",\"itemListElement\":[{\"@type\":\"ListItem\",\"position\":1,\"name\":\"Home\",\"item\":\"https:\/\/santamonica.lv\/pl\/poczatek\/\"},{\"@type\":\"ListItem\",\"position\":2,\"name\":\"Dla zdrowia\",\"item\":\"https:\/\/santamonica.lv\/pl\/dla-zdrowia\/\"},{\"@type\":\"ListItem\",\"position\":3,\"name\":\"Glutation\"}]},{\"@type\":\"WebSite\",\"@id\":\"https:\/\/santamonica.lv\/pl\/#website\",\"url\":\"https:\/\/santamonica.lv\/pl\/\",\"name\":\"Santa Monica\",\"description\":\"\",\"potentialAction\":[{\"@type\":\"SearchAction\",\"target\":{\"@type\":\"EntryPoint\",\"urlTemplate\":\"https:\/\/santamonica.lv\/pl\/?s={search_term_string}\"},\"query-input\":{\"@type\":\"PropertyValueSpecification\",\"valueRequired\":true,\"valueName\":\"search_term_string\"}}],\"inLanguage\":\"pl-PL\"}]}<\/script>\n<!-- \/ Yoast SEO plugin. -->","yoast_head_json":{"title":"Glutation - Santa Monica","robots":{"index":"index","follow":"follow","max-snippet":"max-snippet:-1","max-image-preview":"max-image-preview:large","max-video-preview":"max-video-preview:-1"},"canonical":"https:\/\/santamonica.lv\/pl\/dla-zdrowia\/glutation\/","og_locale":"pl_PL","og_type":"article","og_title":"Glutation - Santa Monica","og_description":"Glutation jest przeciwutleniaczem sk\u0142adaj\u0105cym si\u0119 z kilku aminokwas\u00f3w: cysteiny, glutaminy i glicyny. Wyst\u0119puje w owocach i warzywach i jest syntetyzowany naturalnie w ka\u017cdym \u017cywym organizmie.W onkologii integracyjnej glutation stosuje si\u0119 w celu wspomagania powrotu do zdrowia po radioterapii i chemioterapii. Mo\u017cna go r\u00f3wnie\u017c stosowa\u0107 profilaktycznie w celu odbudowy rezerw antyoksydacyjnych w organizmie, odbudowy uszkodzonego DNA,...","og_url":"https:\/\/santamonica.lv\/pl\/dla-zdrowia\/glutation\/","og_site_name":"Santa Monica","article_publisher":"https:\/\/www.facebook.com\/klinikasantamonica","article_modified_time":"2025-03-05T20:42:42+00:00","og_image":[{"width":800,"height":500,"url":"https:\/\/santamonica.lv\/wp-content\/uploads\/2024\/01\/glutathione-anti-aging.jpg","type":"image\/jpeg"}],"twitter_card":"summary_large_image","twitter_misc":{"Est. reading time":"2 minuty"},"schema":{"@context":"https:\/\/schema.org","@graph":[{"@type":"WebPage","@id":"https:\/\/santamonica.lv\/pl\/dla-zdrowia\/glutation\/","url":"https:\/\/santamonica.lv\/pl\/dla-zdrowia\/glutation\/","name":"Glutation - Santa Monica","isPartOf":{"@id":"https:\/\/santamonica.lv\/pl\/#website"},"primaryImageOfPage":{"@id":"https:\/\/santamonica.lv\/pl\/dla-zdrowia\/glutation\/#primaryimage"},"image":{"@id":"https:\/\/santamonica.lv\/pl\/dla-zdrowia\/glutation\/#primaryimage"},"thumbnailUrl":"https:\/\/santamonica.lv\/wp-content\/uploads\/2024\/01\/glutathione-anti-aging.jpg","datePublished":"2025-03-01T21:50:50+00:00","dateModified":"2025-03-05T20:42:42+00:00","breadcrumb":{"@id":"https:\/\/santamonica.lv\/pl\/dla-zdrowia\/glutation\/#breadcrumb"},"inLanguage":"pl-PL","potentialAction":[{"@type":"ReadAction","target":["https:\/\/santamonica.lv\/pl\/dla-zdrowia\/glutation\/"]}]},{"@type":"ImageObject","inLanguage":"pl-PL","@id":"https:\/\/santamonica.lv\/pl\/dla-zdrowia\/glutation\/#primaryimage","url":"https:\/\/santamonica.lv\/wp-content\/uploads\/2024\/01\/glutathione-anti-aging.jpg","contentUrl":"https:\/\/santamonica.lv\/wp-content\/uploads\/2024\/01\/glutathione-anti-aging.jpg","width":800,"height":500},{"@type":"BreadcrumbList","@id":"https:\/\/santamonica.lv\/pl\/dla-zdrowia\/glutation\/#breadcrumb","itemListElement":[{"@type":"ListItem","position":1,"name":"Home","item":"https:\/\/santamonica.lv\/pl\/poczatek\/"},{"@type":"ListItem","position":2,"name":"Dla zdrowia","item":"https:\/\/santamonica.lv\/pl\/dla-zdrowia\/"},{"@type":"ListItem","position":3,"name":"Glutation"}]},{"@type":"WebSite","@id":"https:\/\/santamonica.lv\/pl\/#website","url":"https:\/\/santamonica.lv\/pl\/","name":"Santa Monica","description":"","potentialAction":[{"@type":"SearchAction","target":{"@type":"EntryPoint","urlTemplate":"https:\/\/santamonica.lv\/pl\/?s={search_term_string}"},"query-input":{"@type":"PropertyValueSpecification","valueRequired":true,"valueName":"search_term_string"}}],"inLanguage":"pl-PL"}]}},"uagb_featured_image_src":{"full":["https:\/\/santamonica.lv\/wp-content\/uploads\/2024\/01\/glutathione-anti-aging.jpg",800,500,false],"thumbnail":["https:\/\/santamonica.lv\/wp-content\/uploads\/2024\/01\/glutathione-anti-aging-150x150.jpg",150,150,true],"medium":["https:\/\/santamonica.lv\/wp-content\/uploads\/2024\/01\/glutathione-anti-aging-300x188.jpg",300,188,true],"medium_large":["https:\/\/santamonica.lv\/wp-content\/uploads\/2024\/01\/glutathione-anti-aging-768x480.jpg",768,480,true],"large":["https:\/\/santamonica.lv\/wp-content\/uploads\/2024\/01\/glutathione-anti-aging.jpg",800,500,false],"1536x1536":["https:\/\/santamonica.lv\/wp-content\/uploads\/2024\/01\/glutathione-anti-aging.jpg",800,500,false],"2048x2048":["https:\/\/santamonica.lv\/wp-content\/uploads\/2024\/01\/glutathione-anti-aging.jpg",800,500,false],"woocommerce_thumbnail":["https:\/\/santamonica.lv\/wp-content\/uploads\/2024\/01\/glutathione-anti-aging-300x300.jpg",300,300,true],"woocommerce_single":["https:\/\/santamonica.lv\/wp-content\/uploads\/2024\/01\/glutathione-anti-aging-600x375.jpg",600,375,true],"woocommerce_gallery_thumbnail":["https:\/\/santamonica.lv\/wp-content\/uploads\/2024\/01\/glutathione-anti-aging-100x100.jpg",100,100,true]},"uagb_author_info":{"display_name":"Aigars","author_link":"https:\/\/santamonica.lv\/pl\/author\/aigars\/"},"uagb_comment_info":0,"uagb_excerpt":"Glutation jest przeciwutleniaczem sk\u0142adaj\u0105cym si\u0119 z kilku aminokwas\u00f3w: cysteiny, glutaminy i glicyny. Wyst\u0119puje w owocach i warzywach i jest syntetyzowany naturalnie w ka\u017cdym \u017cywym organizmie.W onkologii integracyjnej glutation stosuje si\u0119 w celu wspomagania powrotu do zdrowia po radioterapii i chemioterapii. Mo\u017cna go r\u00f3wnie\u017c stosowa\u0107 profilaktycznie w celu odbudowy rezerw antyoksydacyjnych w organizmie, odbudowy uszkodzonego DNA,...","_links":{"self":[{"href":"https:\/\/santamonica.lv\/pl\/wp-json\/wp\/v2\/pages\/3181","targetHints":{"allow":["GET"]}}],"collection":[{"href":"https:\/\/santamonica.lv\/pl\/wp-json\/wp\/v2\/pages"}],"about":[{"href":"https:\/\/santamonica.lv\/pl\/wp-json\/wp\/v2\/types\/page"}],"author":[{"embeddable":true,"href":"https:\/\/santamonica.lv\/pl\/wp-json\/wp\/v2\/users\/3"}],"replies":[{"embeddable":true,"href":"https:\/\/santamonica.lv\/pl\/wp-json\/wp\/v2\/comments?post=3181"}],"version-history":[{"count":1,"href":"https:\/\/santamonica.lv\/pl\/wp-json\/wp\/v2\/pages\/3181\/revisions"}],"predecessor-version":[{"id":3182,"href":"https:\/\/santamonica.lv\/pl\/wp-json\/wp\/v2\/pages\/3181\/revisions\/3182"}],"up":[{"embeddable":true,"href":"https:\/\/santamonica.lv\/pl\/wp-json\/wp\/v2\/pages\/2522"}],"wp:featuredmedia":[{"embeddable":true,"href":"https:\/\/santamonica.lv\/pl\/wp-json\/wp\/v2\/media\/2593"}],"wp:attachment":[{"href":"https:\/\/santamonica.lv\/pl\/wp-json\/wp\/v2\/media?parent=3181"}],"curies":[{"name":"wp","href":"https:\/\/api.w.org\/{rel}","templated":true}]}}