{"id":3183,"date":"2025-03-01T23:57:41","date_gmt":"2025-03-01T21:57:41","guid":{"rendered":"https:\/\/santamonica.lv\/?page_id=3183"},"modified":"2025-03-05T22:42:39","modified_gmt":"2025-03-05T20:42:39","slug":"fenyloalanina","status":"publish","type":"page","link":"https:\/\/santamonica.lv\/pl\/dla-zdrowia\/fenyloalanina\/","title":{"rendered":"Fenyloalanina"},"content":{"rendered":"\n<div class=\"wp-block-columns is-layout-flex wp-container-core-columns-is-layout-9d6595d7 wp-block-columns-is-layout-flex\">\n<div class=\"wp-block-column is-layout-flow wp-block-column-is-layout-flow\" style=\"flex-basis:33.33%\">\n<figure class=\"wp-block-image size-full\"><img loading=\"lazy\" decoding=\"async\" width=\"1296\" height=\"883\" src=\"https:\/\/santamonica.lv\/wp-content\/uploads\/2024\/01\/phenylalanine.jpg\" alt=\"\" class=\"wp-image-1069\" srcset=\"https:\/\/santamonica.lv\/wp-content\/uploads\/2024\/01\/phenylalanine.jpg 1296w, https:\/\/santamonica.lv\/wp-content\/uploads\/2024\/01\/phenylalanine-300x204.jpg 300w, https:\/\/santamonica.lv\/wp-content\/uploads\/2024\/01\/phenylalanine-1024x698.jpg 1024w, https:\/\/santamonica.lv\/wp-content\/uploads\/2024\/01\/phenylalanine-768x523.jpg 768w, https:\/\/santamonica.lv\/wp-content\/uploads\/2024\/01\/phenylalanine-600x409.jpg 600w\" sizes=\"auto, (max-width: 1296px) 100vw, 1296px\" \/><\/figure>\n<\/div>\n\n\n\n<div class=\"wp-block-column is-layout-flow wp-block-column-is-layout-flow\" style=\"flex-basis:66.66%\">\n<p>Fenyloalanina jest aminokwasem niezb\u0119dnym w organizmie cz\u0142owieka. Przyjmuje si\u0119 go za pomoc\u0105 od\u017cywiania. W naszym organizmie powstaj\u0105 z niego enzymy takie jak insulina, papaina i melanina. Aminokwas ten pomaga usuwa\u0107 ko\u0144cowe produkty przemiany materii z organizmu, poprawiaj\u0105c czynno\u015b\u0107 w\u0105troby i nerek. Poprawia tak\u017ce funkcj\u0119 wydzielnicz\u0105 trzustki.<\/p>\n<\/div>\n<\/div>\n\n\n\n<p>Fenyloalanina jest aminokwasem aromatycznym wchodz\u0105cym w sk\u0142ad bia\u0142ek, wyst\u0119puj\u0105cym w organizmie r\u00f3wnie\u017c w postaci wolnej. Powstaje z niej niezb\u0119dna substancja, jak\u0105 jest tyrozyna, kt\u00f3ra z kolei wytwarza neuroprzeka\u017aniki, takie jak dopamina i noradrenalina.<\/p>\n\n\n\n<p>Santa Monica oferuje fenyloalanin\u0119 w postaci wlewu do\u017cylnego w dawce 2 gram\u00f3w w fiolkach o pojemno\u015bci 100 ml.<\/p>\n\n\n\n<p>W przypadku wielu chor\u00f3b zwi\u0119ksza si\u0119 spo\u017cycie fenyloalaniny i w\u00f3wczas konieczna jest dodatkowa poda\u017c tego aminokwasu.<\/p>\n\n\n\n<p><strong>Zastosowania fenyloalaniny:<\/strong><\/p>\n\n\n\n<ul class=\"wp-block-list\">\n<li>Upo\u015bledzenie pami\u0119ci;<\/li>\n\n\n\n<li>Choroba Parkinsona;<\/li>\n\n\n\n<li>Przewlek\u0142y b\u00f3l;<\/li>\n\n\n\n<li>Utrata masy mi\u0119\u015bniowej i szybka utrata masy cia\u0142a;<\/li>\n\n\n\n<li>Utrata koloru w\u0142os\u00f3w;<\/li>\n\n\n\n<li>Do leczenia chronicznego zm\u0119czenia i depresji;<\/li>\n\n\n\n<li>Do \u0142agodzenia migrenowych b\u00f3l\u00f3w g\u0142owy;<\/li>\n\n\n\n<li>W przypadkach niedostatecznej czynno\u015bci wydzielniczej trzustki.<\/li>\n<\/ul>\n","protected":false},"excerpt":{"rendered":"<p>Fenyloalanina jest aminokwasem niezb\u0119dnym w organizmie cz\u0142owieka. Przyjmuje si\u0119 go za pomoc\u0105 od\u017cywiania. W naszym organizmie powstaj\u0105 z niego enzymy takie jak insulina, papaina i melanina. Aminokwas ten pomaga usuwa\u0107 ko\u0144cowe produkty przemiany materii z organizmu, poprawiaj\u0105c czynno\u015b\u0107 w\u0105troby i nerek. Poprawia tak\u017ce funkcj\u0119 wydzielnicz\u0105 trzustki. Fenyloalanina jest aminokwasem aromatycznym wchodz\u0105cym w sk\u0142ad bia\u0142ek, wyst\u0119puj\u0105cym&#8230;<\/p>\n","protected":false},"author":3,"featured_media":2565,"parent":2522,"menu_order":0,"comment_status":"closed","ping_status":"closed","template":"","meta":{"_acf_changed":false,"_uag_custom_page_level_css":"","_kadence_starter_templates_imported_post":false,"_kad_post_transparent":"","_kad_post_title":"","_kad_post_layout":"","_kad_post_sidebar_id":"","_kad_post_content_style":"","_kad_post_vertical_padding":"","_kad_post_feature":"","_kad_post_feature_position":"","_kad_post_header":false,"_kad_post_footer":false,"footnotes":""},"class_list":["post-3183","page","type-page","status-publish","has-post-thumbnail","hentry"],"acf":[],"yoast_head":"<!-- This site is optimized with the Yoast SEO plugin v26.4 - https:\/\/yoast.com\/wordpress\/plugins\/seo\/ -->\n<title>Fenyloalanina - Santa Monica<\/title>\n<meta name=\"robots\" content=\"index, follow, max-snippet:-1, max-image-preview:large, max-video-preview:-1\" \/>\n<link rel=\"canonical\" href=\"https:\/\/santamonica.lv\/pl\/dla-zdrowia\/fenyloalanina\/\" \/>\n<meta property=\"og:locale\" content=\"pl_PL\" \/>\n<meta property=\"og:type\" content=\"article\" \/>\n<meta property=\"og:title\" content=\"Fenyloalanina - Santa Monica\" \/>\n<meta property=\"og:description\" content=\"Fenyloalanina jest aminokwasem niezb\u0119dnym w organizmie cz\u0142owieka. Przyjmuje si\u0119 go za pomoc\u0105 od\u017cywiania. W naszym organizmie powstaj\u0105 z niego enzymy takie jak insulina, papaina i melanina. Aminokwas ten pomaga usuwa\u0107 ko\u0144cowe produkty przemiany materii z organizmu, poprawiaj\u0105c czynno\u015b\u0107 w\u0105troby i nerek. Poprawia tak\u017ce funkcj\u0119 wydzielnicz\u0105 trzustki. Fenyloalanina jest aminokwasem aromatycznym wchodz\u0105cym w sk\u0142ad bia\u0142ek, wyst\u0119puj\u0105cym...\" \/>\n<meta property=\"og:url\" content=\"https:\/\/santamonica.lv\/pl\/dla-zdrowia\/fenyloalanina\/\" \/>\n<meta property=\"og:site_name\" content=\"Santa Monica\" \/>\n<meta property=\"article:publisher\" content=\"https:\/\/www.facebook.com\/klinikasantamonica\" \/>\n<meta property=\"article:modified_time\" content=\"2025-03-05T20:42:39+00:00\" \/>\n<meta property=\"og:image\" content=\"https:\/\/santamonica.lv\/wp-content\/uploads\/2024\/01\/phenylalanine.jpg\" \/>\n\t<meta property=\"og:image:width\" content=\"1296\" \/>\n\t<meta property=\"og:image:height\" content=\"883\" \/>\n\t<meta property=\"og:image:type\" content=\"image\/jpeg\" \/>\n<meta name=\"twitter:card\" content=\"summary_large_image\" \/>\n<meta name=\"twitter:label1\" content=\"Est. reading time\" \/>\n\t<meta name=\"twitter:data1\" content=\"1 minuta\" \/>\n<script type=\"application\/ld+json\" class=\"yoast-schema-graph\">{\"@context\":\"https:\/\/schema.org\",\"@graph\":[{\"@type\":\"WebPage\",\"@id\":\"https:\/\/santamonica.lv\/pl\/dla-zdrowia\/fenyloalanina\/\",\"url\":\"https:\/\/santamonica.lv\/pl\/dla-zdrowia\/fenyloalanina\/\",\"name\":\"Fenyloalanina - Santa Monica\",\"isPartOf\":{\"@id\":\"https:\/\/santamonica.lv\/pl\/#website\"},\"primaryImageOfPage\":{\"@id\":\"https:\/\/santamonica.lv\/pl\/dla-zdrowia\/fenyloalanina\/#primaryimage\"},\"image\":{\"@id\":\"https:\/\/santamonica.lv\/pl\/dla-zdrowia\/fenyloalanina\/#primaryimage\"},\"thumbnailUrl\":\"https:\/\/santamonica.lv\/wp-content\/uploads\/2024\/01\/phenylalanine.jpg\",\"datePublished\":\"2025-03-01T21:57:41+00:00\",\"dateModified\":\"2025-03-05T20:42:39+00:00\",\"breadcrumb\":{\"@id\":\"https:\/\/santamonica.lv\/pl\/dla-zdrowia\/fenyloalanina\/#breadcrumb\"},\"inLanguage\":\"pl-PL\",\"potentialAction\":[{\"@type\":\"ReadAction\",\"target\":[\"https:\/\/santamonica.lv\/pl\/dla-zdrowia\/fenyloalanina\/\"]}]},{\"@type\":\"ImageObject\",\"inLanguage\":\"pl-PL\",\"@id\":\"https:\/\/santamonica.lv\/pl\/dla-zdrowia\/fenyloalanina\/#primaryimage\",\"url\":\"https:\/\/santamonica.lv\/wp-content\/uploads\/2024\/01\/phenylalanine.jpg\",\"contentUrl\":\"https:\/\/santamonica.lv\/wp-content\/uploads\/2024\/01\/phenylalanine.jpg\",\"width\":1296,\"height\":883},{\"@type\":\"BreadcrumbList\",\"@id\":\"https:\/\/santamonica.lv\/pl\/dla-zdrowia\/fenyloalanina\/#breadcrumb\",\"itemListElement\":[{\"@type\":\"ListItem\",\"position\":1,\"name\":\"Home\",\"item\":\"https:\/\/santamonica.lv\/pl\/poczatek\/\"},{\"@type\":\"ListItem\",\"position\":2,\"name\":\"Dla zdrowia\",\"item\":\"https:\/\/santamonica.lv\/pl\/dla-zdrowia\/\"},{\"@type\":\"ListItem\",\"position\":3,\"name\":\"Fenyloalanina\"}]},{\"@type\":\"WebSite\",\"@id\":\"https:\/\/santamonica.lv\/pl\/#website\",\"url\":\"https:\/\/santamonica.lv\/pl\/\",\"name\":\"Santa Monica\",\"description\":\"\",\"potentialAction\":[{\"@type\":\"SearchAction\",\"target\":{\"@type\":\"EntryPoint\",\"urlTemplate\":\"https:\/\/santamonica.lv\/pl\/?s={search_term_string}\"},\"query-input\":{\"@type\":\"PropertyValueSpecification\",\"valueRequired\":true,\"valueName\":\"search_term_string\"}}],\"inLanguage\":\"pl-PL\"}]}<\/script>\n<!-- \/ Yoast SEO plugin. -->","yoast_head_json":{"title":"Fenyloalanina - Santa Monica","robots":{"index":"index","follow":"follow","max-snippet":"max-snippet:-1","max-image-preview":"max-image-preview:large","max-video-preview":"max-video-preview:-1"},"canonical":"https:\/\/santamonica.lv\/pl\/dla-zdrowia\/fenyloalanina\/","og_locale":"pl_PL","og_type":"article","og_title":"Fenyloalanina - Santa Monica","og_description":"Fenyloalanina jest aminokwasem niezb\u0119dnym w organizmie cz\u0142owieka. Przyjmuje si\u0119 go za pomoc\u0105 od\u017cywiania. W naszym organizmie powstaj\u0105 z niego enzymy takie jak insulina, papaina i melanina. Aminokwas ten pomaga usuwa\u0107 ko\u0144cowe produkty przemiany materii z organizmu, poprawiaj\u0105c czynno\u015b\u0107 w\u0105troby i nerek. Poprawia tak\u017ce funkcj\u0119 wydzielnicz\u0105 trzustki. Fenyloalanina jest aminokwasem aromatycznym wchodz\u0105cym w sk\u0142ad bia\u0142ek, wyst\u0119puj\u0105cym...","og_url":"https:\/\/santamonica.lv\/pl\/dla-zdrowia\/fenyloalanina\/","og_site_name":"Santa Monica","article_publisher":"https:\/\/www.facebook.com\/klinikasantamonica","article_modified_time":"2025-03-05T20:42:39+00:00","og_image":[{"width":1296,"height":883,"url":"https:\/\/santamonica.lv\/wp-content\/uploads\/2024\/01\/phenylalanine.jpg","type":"image\/jpeg"}],"twitter_card":"summary_large_image","twitter_misc":{"Est. reading time":"1 minuta"},"schema":{"@context":"https:\/\/schema.org","@graph":[{"@type":"WebPage","@id":"https:\/\/santamonica.lv\/pl\/dla-zdrowia\/fenyloalanina\/","url":"https:\/\/santamonica.lv\/pl\/dla-zdrowia\/fenyloalanina\/","name":"Fenyloalanina - Santa Monica","isPartOf":{"@id":"https:\/\/santamonica.lv\/pl\/#website"},"primaryImageOfPage":{"@id":"https:\/\/santamonica.lv\/pl\/dla-zdrowia\/fenyloalanina\/#primaryimage"},"image":{"@id":"https:\/\/santamonica.lv\/pl\/dla-zdrowia\/fenyloalanina\/#primaryimage"},"thumbnailUrl":"https:\/\/santamonica.lv\/wp-content\/uploads\/2024\/01\/phenylalanine.jpg","datePublished":"2025-03-01T21:57:41+00:00","dateModified":"2025-03-05T20:42:39+00:00","breadcrumb":{"@id":"https:\/\/santamonica.lv\/pl\/dla-zdrowia\/fenyloalanina\/#breadcrumb"},"inLanguage":"pl-PL","potentialAction":[{"@type":"ReadAction","target":["https:\/\/santamonica.lv\/pl\/dla-zdrowia\/fenyloalanina\/"]}]},{"@type":"ImageObject","inLanguage":"pl-PL","@id":"https:\/\/santamonica.lv\/pl\/dla-zdrowia\/fenyloalanina\/#primaryimage","url":"https:\/\/santamonica.lv\/wp-content\/uploads\/2024\/01\/phenylalanine.jpg","contentUrl":"https:\/\/santamonica.lv\/wp-content\/uploads\/2024\/01\/phenylalanine.jpg","width":1296,"height":883},{"@type":"BreadcrumbList","@id":"https:\/\/santamonica.lv\/pl\/dla-zdrowia\/fenyloalanina\/#breadcrumb","itemListElement":[{"@type":"ListItem","position":1,"name":"Home","item":"https:\/\/santamonica.lv\/pl\/poczatek\/"},{"@type":"ListItem","position":2,"name":"Dla zdrowia","item":"https:\/\/santamonica.lv\/pl\/dla-zdrowia\/"},{"@type":"ListItem","position":3,"name":"Fenyloalanina"}]},{"@type":"WebSite","@id":"https:\/\/santamonica.lv\/pl\/#website","url":"https:\/\/santamonica.lv\/pl\/","name":"Santa Monica","description":"","potentialAction":[{"@type":"SearchAction","target":{"@type":"EntryPoint","urlTemplate":"https:\/\/santamonica.lv\/pl\/?s={search_term_string}"},"query-input":{"@type":"PropertyValueSpecification","valueRequired":true,"valueName":"search_term_string"}}],"inLanguage":"pl-PL"}]}},"uagb_featured_image_src":{"full":["https:\/\/santamonica.lv\/wp-content\/uploads\/2024\/01\/phenylalanine.jpg",1296,883,false],"thumbnail":["https:\/\/santamonica.lv\/wp-content\/uploads\/2024\/01\/phenylalanine-150x150.jpg",150,150,true],"medium":["https:\/\/santamonica.lv\/wp-content\/uploads\/2024\/01\/phenylalanine-300x204.jpg",300,204,true],"medium_large":["https:\/\/santamonica.lv\/wp-content\/uploads\/2024\/01\/phenylalanine-768x523.jpg",768,523,true],"large":["https:\/\/santamonica.lv\/wp-content\/uploads\/2024\/01\/phenylalanine-1024x698.jpg",1024,698,true],"1536x1536":["https:\/\/santamonica.lv\/wp-content\/uploads\/2024\/01\/phenylalanine.jpg",1296,883,false],"2048x2048":["https:\/\/santamonica.lv\/wp-content\/uploads\/2024\/01\/phenylalanine.jpg",1296,883,false],"woocommerce_thumbnail":["https:\/\/santamonica.lv\/wp-content\/uploads\/2024\/01\/phenylalanine-300x300.jpg",300,300,true],"woocommerce_single":["https:\/\/santamonica.lv\/wp-content\/uploads\/2024\/01\/phenylalanine-600x409.jpg",600,409,true],"woocommerce_gallery_thumbnail":["https:\/\/santamonica.lv\/wp-content\/uploads\/2024\/01\/phenylalanine-100x100.jpg",100,100,true]},"uagb_author_info":{"display_name":"Aigars","author_link":"https:\/\/santamonica.lv\/pl\/author\/aigars\/"},"uagb_comment_info":0,"uagb_excerpt":"Fenyloalanina jest aminokwasem niezb\u0119dnym w organizmie cz\u0142owieka. Przyjmuje si\u0119 go za pomoc\u0105 od\u017cywiania. W naszym organizmie powstaj\u0105 z niego enzymy takie jak insulina, papaina i melanina. Aminokwas ten pomaga usuwa\u0107 ko\u0144cowe produkty przemiany materii z organizmu, poprawiaj\u0105c czynno\u015b\u0107 w\u0105troby i nerek. Poprawia tak\u017ce funkcj\u0119 wydzielnicz\u0105 trzustki. Fenyloalanina jest aminokwasem aromatycznym wchodz\u0105cym w sk\u0142ad bia\u0142ek, wyst\u0119puj\u0105cym...","_links":{"self":[{"href":"https:\/\/santamonica.lv\/pl\/wp-json\/wp\/v2\/pages\/3183","targetHints":{"allow":["GET"]}}],"collection":[{"href":"https:\/\/santamonica.lv\/pl\/wp-json\/wp\/v2\/pages"}],"about":[{"href":"https:\/\/santamonica.lv\/pl\/wp-json\/wp\/v2\/types\/page"}],"author":[{"embeddable":true,"href":"https:\/\/santamonica.lv\/pl\/wp-json\/wp\/v2\/users\/3"}],"replies":[{"embeddable":true,"href":"https:\/\/santamonica.lv\/pl\/wp-json\/wp\/v2\/comments?post=3183"}],"version-history":[{"count":1,"href":"https:\/\/santamonica.lv\/pl\/wp-json\/wp\/v2\/pages\/3183\/revisions"}],"predecessor-version":[{"id":3184,"href":"https:\/\/santamonica.lv\/pl\/wp-json\/wp\/v2\/pages\/3183\/revisions\/3184"}],"up":[{"embeddable":true,"href":"https:\/\/santamonica.lv\/pl\/wp-json\/wp\/v2\/pages\/2522"}],"wp:featuredmedia":[{"embeddable":true,"href":"https:\/\/santamonica.lv\/pl\/wp-json\/wp\/v2\/media\/2565"}],"wp:attachment":[{"href":"https:\/\/santamonica.lv\/pl\/wp-json\/wp\/v2\/media?parent=3183"}],"curies":[{"name":"wp","href":"https:\/\/api.w.org\/{rel}","templated":true}]}}